{"id":9988,"date":"2025-09-24T10:22:36","date_gmt":"2025-09-24T10:22:36","guid":{"rendered":"https:\/\/www.gero.lu\/produit\/der-einsatz-von-qigong-in-der-altenhilfe-2"},"modified":"2026-04-23T12:30:08","modified_gmt":"2026-04-23T12:30:08","slug":"der-einsatz-von-qigong-in-der-altenhilfe-2","status":"publish","type":"product","link":"https:\/\/www.gero.lu\/de\/produit\/der-einsatz-von-qigong-in-der-altenhilfe-2","title":{"rendered":"Der Einsatz von Qigong in der Altenhilfe"},"content":{"rendered":"<p>Reduktion von Spannung und Stress<\/p>\n<p>Qigong ist ein Sammelbegriff f\u00fcr verschiedene \u00dcbungsmethoden, die in China im Laufe von Jahrtausenden entstanden sind. Sie dienen zur Entspannung, sowie zur k\u00f6rperlichen und geistigen St\u00e4rkung. Qigong ist eine der 5 S\u00e4ulen der Traditionellen Chinesischen Medizin (TCM). Ziel ist es, durch Bewegung und Vorstellungskraft das Qi (Lebensenergie) im K\u00f6rper wieder zum Flie\u00dfen zu bringen, Verspannungen und Schmerzen zu lindern und Ruhe im Geist zu erlangen.<\/p>\n<p>Die \u00dcbungen des Qigong sind leicht zu lernen und flie\u00dfend und k\u00f6nnen sowohl im Stehen als auch im Sitzen ausgef\u00fchrt werden. Sie sind deshalb auch f\u00fcr Senior*innen mit k\u00f6rperlichen Einschr\u00e4nkungen gut geeignet. Einfache Atemtechniken unterst\u00fctzen dabei die harmonisierende und schmerzreduzierende Wirkung im K\u00f6rper.<\/p>\n<p>Inhalte:<br \/>\n\u2022\tPrinzipien des Qigong<br \/>\n\u2022\tHaltungsspezifische Grundlagen f\u00fcr Stand- und Sitzposition<br \/>\n\u2022\tErlernen von einfachen Qigong-\u00dcbungen und Abl\u00e4ufen im Stehen und im Sitzen<br \/>\n\u2022\tBeobachten des Atemrhythmus und Verbinden von \u00dcbung und Atem<\/p>\n<p>Die Teilnehmenden lernen verschiedene Qigong Bewegungsformen sowie Vor- und Nachbereitungs\u00fcbungen kennen. Diese werden zun\u00e4chst einzeln erlernt und danach in einem harmonischen Ablauf einge\u00fcbt. Die erlernten \u00dcbungen k\u00f6nnen anschlie\u00dfend in der Einrichtung den Senior*innen einzeln \u2013 als kurze Zwischenaktivierung im allt\u00e4glichen Ablauf \u2013 oder als komplette Sequenz vermittelt werden sowie zur eigenen Entspannung und Stressreduktion eingesetzt werden.<\/p>\n<p>Zielgruppe: Aide Socio-Familiale, Auxiliaire de Vie, Ergotherapeut*in, Erzieher*in, Krankenpfleger*in, Krankenpflegerhelfer*in, Physiotherapeut*in, Psycholog*in und andere relevante Berufsgruppen<\/p>\n","protected":false},"excerpt":{"rendered":"<p>Reduktion von Spannung und Stress Qigong ist ein Sammelbegriff f\u00fcr verschiedene \u00dcbungsmethoden, die in China im Laufe von Jahrtausenden entstanden sind. Sie dienen zur Entspannung, sowie zur k\u00f6rperlichen und geistigen St\u00e4rkung. Qigong ist eine der 5 S\u00e4ulen der Traditionellen Chinesischen Medizin (TCM). Ziel ist es, durch Bewegung und Vorstellungskraft das Qi (Lebensenergie) im K\u00f6rper wieder [&hellip;]<\/p>\n","protected":false},"featured_media":0,"comment_status":"closed","ping_status":"closed","template":"","meta":{"_acf_changed":false,"inline_featured_image":false},"product_brand":[],"product_cat":[239],"product_tag":[237],"class_list":{"0":"post-9988","1":"product","2":"type-product","3":"status-publish","5":"product_cat-cours-pro","6":"product_tag-soins-encadrement-therapie-pro","8":"first","9":"instock","10":"virtual","11":"purchasable","12":"product-type-simple"},"acf":[],"yoast_head":"<!-- This site is optimized with the Yoast SEO Premium plugin v27.4 (Yoast SEO v27.5) - https:\/\/yoast.com\/product\/yoast-seo-premium-wordpress\/ -->\n<title>Der Einsatz von Qigong in der Altenhilfe - GERO<\/title>\n<meta name=\"robots\" content=\"index, follow, max-snippet:-1, max-image-preview:large, max-video-preview:-1\" \/>\n<link rel=\"canonical\" href=\"https:\/\/www.gero.lu\/de\/produit\/der-einsatz-von-qigong-in-der-altenhilfe-2\" \/>\n<meta property=\"og:locale\" content=\"de_DE\" \/>\n<meta property=\"og:type\" content=\"article\" \/>\n<meta property=\"og:title\" content=\"Der Einsatz von Qigong in der Altenhilfe\" \/>\n<meta property=\"og:description\" content=\"Reduktion von Spannung und Stress Qigong ist ein Sammelbegriff f\u00fcr verschiedene \u00dcbungsmethoden, die in China im Laufe von Jahrtausenden entstanden sind. Sie dienen zur Entspannung, sowie zur k\u00f6rperlichen und geistigen St\u00e4rkung. Qigong ist eine der 5 S\u00e4ulen der Traditionellen Chinesischen Medizin (TCM). Ziel ist es, durch Bewegung und Vorstellungskraft das Qi (Lebensenergie) im K\u00f6rper wieder [&hellip;]\" \/>\n<meta property=\"og:url\" content=\"https:\/\/www.gero.lu\/de\/produit\/der-einsatz-von-qigong-in-der-altenhilfe-2\" \/>\n<meta property=\"og:site_name\" content=\"GERO\" \/>\n<meta property=\"article:publisher\" content=\"https:\/\/www.facebook.com\/Kompetenzzenter\/\" \/>\n<meta property=\"article:modified_time\" content=\"2026-04-23T12:30:08+00:00\" \/>\n<meta property=\"og:image\" content=\"https:\/\/www.gero.lu\/wp-content\/uploads\/2021\/08\/gettyimages-1135289130-2048x2048_RET-1.jpg\" \/>\n\t<meta property=\"og:image:width\" content=\"1227\" \/>\n\t<meta property=\"og:image:height\" content=\"802\" \/>\n\t<meta property=\"og:image:type\" content=\"image\/jpeg\" \/>\n<meta name=\"twitter:card\" content=\"summary_large_image\" \/>\n<meta name=\"twitter:label1\" content=\"Gesch\u00e4tzte Lesezeit\" \/>\n\t<meta name=\"twitter:data1\" content=\"1\u00a0Minute\" \/>\n<script type=\"application\/ld+json\" class=\"yoast-schema-graph\">{\"@context\":\"https:\\\/\\\/schema.org\",\"@graph\":[{\"@type\":\"WebPage\",\"@id\":\"https:\\\/\\\/www.gero.lu\\\/de\\\/produit\\\/der-einsatz-von-qigong-in-der-altenhilfe-2\",\"url\":\"https:\\\/\\\/www.gero.lu\\\/de\\\/produit\\\/der-einsatz-von-qigong-in-der-altenhilfe-2\",\"name\":\"Der Einsatz von Qigong in der Altenhilfe - GERO\",\"isPartOf\":{\"@id\":\"https:\\\/\\\/www.gero.lu\\\/de\\\/#website\"},\"datePublished\":\"2025-09-24T10:22:36+00:00\",\"dateModified\":\"2026-04-23T12:30:08+00:00\",\"breadcrumb\":{\"@id\":\"https:\\\/\\\/www.gero.lu\\\/de\\\/produit\\\/der-einsatz-von-qigong-in-der-altenhilfe-2#breadcrumb\"},\"inLanguage\":\"de\",\"potentialAction\":[{\"@type\":\"ReadAction\",\"target\":[[\"https:\\\/\\\/www.gero.lu\\\/de\\\/produit\\\/der-einsatz-von-qigong-in-der-altenhilfe-2\"]]}]},{\"@type\":\"BreadcrumbList\",\"@id\":\"https:\\\/\\\/www.gero.lu\\\/de\\\/produit\\\/der-einsatz-von-qigong-in-der-altenhilfe-2#breadcrumb\",\"itemListElement\":[{\"@type\":\"ListItem\",\"position\":1,\"name\":\"Accueil\",\"item\":\"https:\\\/\\\/www.gero.lu\\\/de\\\/\"},{\"@type\":\"ListItem\",\"position\":2,\"name\":\"Shop\",\"item\":\"https:\\\/\\\/www.gero.lu\\\/de\\\/shop\"},{\"@type\":\"ListItem\",\"position\":3,\"name\":\"Der Einsatz von Qigong in der Altenhilfe\"}]},{\"@type\":\"WebSite\",\"@id\":\"https:\\\/\\\/www.gero.lu\\\/de\\\/#website\",\"url\":\"https:\\\/\\\/www.gero.lu\\\/de\\\/\",\"name\":\"Gero\",\"description\":\"Kompetenzzenter fir den Alter\",\"publisher\":{\"@id\":\"https:\\\/\\\/www.gero.lu\\\/de\\\/#organization\"},\"potentialAction\":[{\"@type\":\"SearchAction\",\"target\":{\"@type\":\"EntryPoint\",\"urlTemplate\":\"https:\\\/\\\/www.gero.lu\\\/de\\\/?s={search_term_string}\"},\"query-input\":{\"@type\":\"PropertyValueSpecification\",\"valueRequired\":true,\"valueName\":\"search_term_string\"}}],\"inLanguage\":\"de\"},{\"@type\":\"Organization\",\"@id\":\"https:\\\/\\\/www.gero.lu\\\/de\\\/#organization\",\"name\":\"Gero\",\"url\":\"https:\\\/\\\/www.gero.lu\\\/de\\\/\",\"logo\":{\"@type\":\"ImageObject\",\"inLanguage\":\"de\",\"@id\":\"https:\\\/\\\/www.gero.lu\\\/de\\\/#\\\/schema\\\/logo\\\/image\\\/\",\"url\":\"https:\\\/\\\/www.gero.lu\\\/wp-content\\\/uploads\\\/2024\\\/04\\\/logo.svg\",\"contentUrl\":\"https:\\\/\\\/www.gero.lu\\\/wp-content\\\/uploads\\\/2024\\\/04\\\/logo.svg\",\"width\":76,\"height\":30,\"caption\":\"Gero\"},\"image\":{\"@id\":\"https:\\\/\\\/www.gero.lu\\\/de\\\/#\\\/schema\\\/logo\\\/image\\\/\"},\"sameAs\":[\"https:\\\/\\\/www.facebook.com\\\/Kompetenzzenter\\\/\",\"https:\\\/\\\/www.instagram.com\\\/gero.kompetenzzenter\\\/\",\"https:\\\/\\\/linkedin.com\\\/company\\\/gero-kompetenzzenter-fir-den-alter\",\"https:\\\/\\\/www.youtube.com\\\/channel\\\/UCJvmJYSeHh3dYQsLHZupj-Q\"]}]}<\/script>\n<!-- \/ Yoast SEO Premium plugin. -->","yoast_head_json":{"title":"Der Einsatz von Qigong in der Altenhilfe - GERO","robots":{"index":"index","follow":"follow","max-snippet":"max-snippet:-1","max-image-preview":"max-image-preview:large","max-video-preview":"max-video-preview:-1"},"canonical":"https:\/\/www.gero.lu\/de\/produit\/der-einsatz-von-qigong-in-der-altenhilfe-2","og_locale":"de_DE","og_type":"article","og_title":"Der Einsatz von Qigong in der Altenhilfe","og_description":"Reduktion von Spannung und Stress Qigong ist ein Sammelbegriff f\u00fcr verschiedene \u00dcbungsmethoden, die in China im Laufe von Jahrtausenden entstanden sind. Sie dienen zur Entspannung, sowie zur k\u00f6rperlichen und geistigen St\u00e4rkung. Qigong ist eine der 5 S\u00e4ulen der Traditionellen Chinesischen Medizin (TCM). Ziel ist es, durch Bewegung und Vorstellungskraft das Qi (Lebensenergie) im K\u00f6rper wieder [&hellip;]","og_url":"https:\/\/www.gero.lu\/de\/produit\/der-einsatz-von-qigong-in-der-altenhilfe-2","og_site_name":"GERO","article_publisher":"https:\/\/www.facebook.com\/Kompetenzzenter\/","article_modified_time":"2026-04-23T12:30:08+00:00","og_image":[{"width":1227,"height":802,"url":"https:\/\/www.gero.lu\/wp-content\/uploads\/2021\/08\/gettyimages-1135289130-2048x2048_RET-1.jpg","type":"image\/jpeg"}],"twitter_card":"summary_large_image","twitter_misc":{"Gesch\u00e4tzte Lesezeit":"1\u00a0Minute"},"schema":{"@context":"https:\/\/schema.org","@graph":[{"@type":"WebPage","@id":"https:\/\/www.gero.lu\/de\/produit\/der-einsatz-von-qigong-in-der-altenhilfe-2","url":"https:\/\/www.gero.lu\/de\/produit\/der-einsatz-von-qigong-in-der-altenhilfe-2","name":"Der Einsatz von Qigong in der Altenhilfe - GERO","isPartOf":{"@id":"https:\/\/www.gero.lu\/de\/#website"},"datePublished":"2025-09-24T10:22:36+00:00","dateModified":"2026-04-23T12:30:08+00:00","breadcrumb":{"@id":"https:\/\/www.gero.lu\/de\/produit\/der-einsatz-von-qigong-in-der-altenhilfe-2#breadcrumb"},"inLanguage":"de","potentialAction":[{"@type":"ReadAction","target":[["https:\/\/www.gero.lu\/de\/produit\/der-einsatz-von-qigong-in-der-altenhilfe-2"]]}]},{"@type":"BreadcrumbList","@id":"https:\/\/www.gero.lu\/de\/produit\/der-einsatz-von-qigong-in-der-altenhilfe-2#breadcrumb","itemListElement":[{"@type":"ListItem","position":1,"name":"Accueil","item":"https:\/\/www.gero.lu\/de\/"},{"@type":"ListItem","position":2,"name":"Shop","item":"https:\/\/www.gero.lu\/de\/shop"},{"@type":"ListItem","position":3,"name":"Der Einsatz von Qigong in der Altenhilfe"}]},{"@type":"WebSite","@id":"https:\/\/www.gero.lu\/de\/#website","url":"https:\/\/www.gero.lu\/de\/","name":"Gero","description":"Kompetenzzenter fir den Alter","publisher":{"@id":"https:\/\/www.gero.lu\/de\/#organization"},"potentialAction":[{"@type":"SearchAction","target":{"@type":"EntryPoint","urlTemplate":"https:\/\/www.gero.lu\/de\/?s={search_term_string}"},"query-input":{"@type":"PropertyValueSpecification","valueRequired":true,"valueName":"search_term_string"}}],"inLanguage":"de"},{"@type":"Organization","@id":"https:\/\/www.gero.lu\/de\/#organization","name":"Gero","url":"https:\/\/www.gero.lu\/de\/","logo":{"@type":"ImageObject","inLanguage":"de","@id":"https:\/\/www.gero.lu\/de\/#\/schema\/logo\/image\/","url":"https:\/\/www.gero.lu\/wp-content\/uploads\/2024\/04\/logo.svg","contentUrl":"https:\/\/www.gero.lu\/wp-content\/uploads\/2024\/04\/logo.svg","width":76,"height":30,"caption":"Gero"},"image":{"@id":"https:\/\/www.gero.lu\/de\/#\/schema\/logo\/image\/"},"sameAs":["https:\/\/www.facebook.com\/Kompetenzzenter\/","https:\/\/www.instagram.com\/gero.kompetenzzenter\/","https:\/\/linkedin.com\/company\/gero-kompetenzzenter-fir-den-alter","https:\/\/www.youtube.com\/channel\/UCJvmJYSeHh3dYQsLHZupj-Q"]}]}},"_links":{"self":[{"href":"https:\/\/www.gero.lu\/de\/wp-json\/wp\/v2\/product\/9988","targetHints":{"allow":["GET"]}}],"collection":[{"href":"https:\/\/www.gero.lu\/de\/wp-json\/wp\/v2\/product"}],"about":[{"href":"https:\/\/www.gero.lu\/de\/wp-json\/wp\/v2\/types\/product"}],"replies":[{"embeddable":true,"href":"https:\/\/www.gero.lu\/de\/wp-json\/wp\/v2\/comments?post=9988"}],"wp:attachment":[{"href":"https:\/\/www.gero.lu\/de\/wp-json\/wp\/v2\/media?parent=9988"}],"wp:term":[{"taxonomy":"product_brand","embeddable":true,"href":"https:\/\/www.gero.lu\/de\/wp-json\/wp\/v2\/product_brand?post=9988"},{"taxonomy":"product_cat","embeddable":true,"href":"https:\/\/www.gero.lu\/de\/wp-json\/wp\/v2\/product_cat?post=9988"},{"taxonomy":"product_tag","embeddable":true,"href":"https:\/\/www.gero.lu\/de\/wp-json\/wp\/v2\/product_tag?post=9988"}],"curies":[{"name":"wp","href":"https:\/\/api.w.org\/{rel}","templated":true}]}}