{"id":9974,"date":"2025-09-23T14:25:39","date_gmt":"2025-09-23T14:25:39","guid":{"rendered":"https:\/\/www.gero.lu\/produit\/demence-et-diversite-fcpg-v-2"},"modified":"2026-03-04T07:22:00","modified_gmt":"2026-03-04T07:22:00","slug":"demence-et-diversite-fcpg-v-2","status":"publish","type":"product","link":"https:\/\/www.gero.lu\/de\/produit\/demence-et-diversite-fcpg-v-2","title":{"rendered":"D\u00e9mence et Diversit\u00e9 (FCPG V)"},"content":{"rendered":"<p>Prendre en compte la pluralit\u00e9 des personnes \u00e2g\u00e9es atteintes de d\u00e9mence,<br \/>\nun enjeu de qualit\u00e9 et de bientraitance<\/p>\n<p>Module 5 de la formation psychog\u00e9riatrique<\/p>\n<p>Cette formation vise \u00e0 doter les professionnel\u00b7le\u00b7s des comp\u00e9tences et aptitudes n\u00e9cessaires \u00e0 la prise en charge d\u2019un public \u00e2g\u00e9 toujours plus diversifi\u00e9, et en situation de d\u00e9mence. La formation r\u00e9pond \u00e9galement aux attentes et besoins des participant\u00b7e\u00b7s en mati\u00e8re d\u2019outils et de pratiques concr\u00e8tes \u00e0 r\u00e9investir sur le terrain.<\/p>\n<p>Connaissances<br \/>\nLes participant\u00b7e\u00b7s sont, par des approches participatives, sensibilis\u00e9\u00b7e\u00b7s aux diff\u00e9rentes facettes de la diversit\u00e9, et plus particuli\u00e8rement dans les cas de personnes \u00e2g\u00e9es en situation de d\u00e9mence. Nous verrons \u00e9galement comment travailler sur le terrain de mani\u00e8re plus ad\u00e9quate, et analyserons ensemble des situations pratiques connues afin de pouvoir les g\u00e9rer et les anticiper.<\/p>\n<p>Formation et Accompagnement<br \/>\nLes participant\u00b7e\u00b7s sont invit\u00e9\u00b7e\u00b7s \u00e0 r\u00e9fl\u00e9chir \u00e0 des pistes de bonnes pratiques sur le terrain. L\u2019approche par l\u2019exp\u00e9rience et les p\u00e9dagogies inductives permettent la transmission d\u2019outils concrets en vue d\u2019acqu\u00e9rir le savoir-faire et le savoir-\u00eatre ad\u00e9quats. Le respect et la bientraitance des seniors atteinte d\u2019une d\u00e9mence est au centre de cette formation, afin de r\u00e9pondre aux exigences de la loi portant sur la qualit\u00e9 des services pour personnes \u00e2g\u00e9es.<\/p>\n<p>Au programme<br \/>\n\uf02d\tL\u2019interculturalit\u00e9 et la question des langues de communication<br \/>\n\uf02d\tLes croyances religieuses, confessionnelles et les spiritualit\u00e9s, que peuvent-elles apporter ?<br \/>\n\uf02d\tLes situations de handicap physique et\/ou psychique, visible ou non-visible<br \/>\n\uf02d\tL\u2019identit\u00e9 de genre et l\u2019orientation sexuelle<br \/>\n\uf02d\tL\u2019impact des cadres de r\u00e9f\u00e9rence personnels et collectifs<br \/>\n\uf02d\tL\u2019importance de la biographie<br \/>\n\uf02d\tVers une communication adapt\u00e9e \u00e0 la pluralit\u00e9 des personnes \u00e2g\u00e9es<br \/>\n\uf02d\tRespect et bien-\u00eatre des personnes : quelles pratiques adopter ?<\/p>\n<p>Public cible : Toute personne int\u00e9ress\u00e9e<\/p>\n","protected":false},"excerpt":{"rendered":"<p>Prendre en compte la pluralit\u00e9 des personnes \u00e2g\u00e9es atteintes de d\u00e9mence, un enjeu de qualit\u00e9 et de bientraitance Module 5 de la formation psychog\u00e9riatrique Cette formation vise \u00e0 doter les professionnel\u00b7le\u00b7s des comp\u00e9tences et aptitudes n\u00e9cessaires \u00e0 la prise en charge d\u2019un public \u00e2g\u00e9 toujours plus diversifi\u00e9, et en situation de d\u00e9mence. La formation r\u00e9pond [&hellip;]<\/p>\n","protected":false},"featured_media":0,"comment_status":"closed","ping_status":"closed","template":"","meta":{"_acf_changed":false,"inline_featured_image":false},"product_brand":[],"product_cat":[239],"product_tag":[237],"class_list":{"0":"post-9974","1":"product","2":"type-product","3":"status-publish","5":"product_cat-cours-pro","6":"product_tag-soins-encadrement-therapie-pro","8":"first","9":"instock","10":"virtual","11":"purchasable","12":"product-type-simple"},"acf":[],"yoast_head":"<!-- This site is optimized with the Yoast SEO Premium plugin v27.4 (Yoast SEO v27.4) - https:\/\/yoast.com\/product\/yoast-seo-premium-wordpress\/ -->\n<title>D\u00e9mence et Diversit\u00e9 (FCPG V) - GERO<\/title>\n<meta name=\"robots\" content=\"index, follow, max-snippet:-1, max-image-preview:large, max-video-preview:-1\" \/>\n<link rel=\"canonical\" href=\"https:\/\/www.gero.lu\/de\/produit\/demence-et-diversite-fcpg-v-2\" \/>\n<meta property=\"og:locale\" content=\"de_DE\" \/>\n<meta property=\"og:type\" content=\"article\" \/>\n<meta property=\"og:title\" content=\"D\u00e9mence et Diversit\u00e9 (FCPG V)\" \/>\n<meta property=\"og:description\" content=\"Prendre en compte la pluralit\u00e9 des personnes \u00e2g\u00e9es atteintes de d\u00e9mence, un enjeu de qualit\u00e9 et de bientraitance Module 5 de la formation psychog\u00e9riatrique Cette formation vise \u00e0 doter les professionnel\u00b7le\u00b7s des comp\u00e9tences et aptitudes n\u00e9cessaires \u00e0 la prise en charge d\u2019un public \u00e2g\u00e9 toujours plus diversifi\u00e9, et en situation de d\u00e9mence. La formation r\u00e9pond [&hellip;]\" \/>\n<meta property=\"og:url\" content=\"https:\/\/www.gero.lu\/de\/produit\/demence-et-diversite-fcpg-v-2\" \/>\n<meta property=\"og:site_name\" content=\"GERO\" \/>\n<meta property=\"article:publisher\" content=\"https:\/\/www.facebook.com\/Kompetenzzenter\/\" \/>\n<meta property=\"article:modified_time\" content=\"2026-03-04T07:22:00+00:00\" \/>\n<meta property=\"og:image\" content=\"https:\/\/www.gero.lu\/wp-content\/uploads\/2021\/08\/gettyimages-1135289130-2048x2048_RET-1.jpg\" \/>\n\t<meta property=\"og:image:width\" content=\"1227\" \/>\n\t<meta property=\"og:image:height\" content=\"802\" \/>\n\t<meta property=\"og:image:type\" content=\"image\/jpeg\" \/>\n<meta name=\"twitter:card\" content=\"summary_large_image\" \/>\n<meta name=\"twitter:label1\" content=\"Gesch\u00e4tzte Lesezeit\" \/>\n\t<meta name=\"twitter:data1\" content=\"2\u00a0Minuten\" \/>\n<script type=\"application\/ld+json\" class=\"yoast-schema-graph\">{\"@context\":\"https:\\\/\\\/schema.org\",\"@graph\":[{\"@type\":\"WebPage\",\"@id\":\"https:\\\/\\\/www.gero.lu\\\/de\\\/produit\\\/demence-et-diversite-fcpg-v-2\",\"url\":\"https:\\\/\\\/www.gero.lu\\\/de\\\/produit\\\/demence-et-diversite-fcpg-v-2\",\"name\":\"D\u00e9mence et Diversit\u00e9 (FCPG V) - GERO\",\"isPartOf\":{\"@id\":\"https:\\\/\\\/www.gero.lu\\\/de\\\/#website\"},\"datePublished\":\"2025-09-23T14:25:39+00:00\",\"dateModified\":\"2026-03-04T07:22:00+00:00\",\"breadcrumb\":{\"@id\":\"https:\\\/\\\/www.gero.lu\\\/de\\\/produit\\\/demence-et-diversite-fcpg-v-2#breadcrumb\"},\"inLanguage\":\"de\",\"potentialAction\":[{\"@type\":\"ReadAction\",\"target\":[[\"https:\\\/\\\/www.gero.lu\\\/de\\\/produit\\\/demence-et-diversite-fcpg-v-2\"]]}]},{\"@type\":\"BreadcrumbList\",\"@id\":\"https:\\\/\\\/www.gero.lu\\\/de\\\/produit\\\/demence-et-diversite-fcpg-v-2#breadcrumb\",\"itemListElement\":[{\"@type\":\"ListItem\",\"position\":1,\"name\":\"Accueil\",\"item\":\"https:\\\/\\\/www.gero.lu\\\/de\\\/\"},{\"@type\":\"ListItem\",\"position\":2,\"name\":\"Shop\",\"item\":\"https:\\\/\\\/www.gero.lu\\\/de\\\/shop\"},{\"@type\":\"ListItem\",\"position\":3,\"name\":\"D\u00e9mence et Diversit\u00e9 (FCPG V)\"}]},{\"@type\":\"WebSite\",\"@id\":\"https:\\\/\\\/www.gero.lu\\\/de\\\/#website\",\"url\":\"https:\\\/\\\/www.gero.lu\\\/de\\\/\",\"name\":\"Gero\",\"description\":\"Kompetenzzenter fir den Alter\",\"publisher\":{\"@id\":\"https:\\\/\\\/www.gero.lu\\\/de\\\/#organization\"},\"potentialAction\":[{\"@type\":\"SearchAction\",\"target\":{\"@type\":\"EntryPoint\",\"urlTemplate\":\"https:\\\/\\\/www.gero.lu\\\/de\\\/?s={search_term_string}\"},\"query-input\":{\"@type\":\"PropertyValueSpecification\",\"valueRequired\":true,\"valueName\":\"search_term_string\"}}],\"inLanguage\":\"de\"},{\"@type\":\"Organization\",\"@id\":\"https:\\\/\\\/www.gero.lu\\\/de\\\/#organization\",\"name\":\"Gero\",\"url\":\"https:\\\/\\\/www.gero.lu\\\/de\\\/\",\"logo\":{\"@type\":\"ImageObject\",\"inLanguage\":\"de\",\"@id\":\"https:\\\/\\\/www.gero.lu\\\/de\\\/#\\\/schema\\\/logo\\\/image\\\/\",\"url\":\"https:\\\/\\\/www.gero.lu\\\/wp-content\\\/uploads\\\/2024\\\/04\\\/logo.svg\",\"contentUrl\":\"https:\\\/\\\/www.gero.lu\\\/wp-content\\\/uploads\\\/2024\\\/04\\\/logo.svg\",\"width\":76,\"height\":30,\"caption\":\"Gero\"},\"image\":{\"@id\":\"https:\\\/\\\/www.gero.lu\\\/de\\\/#\\\/schema\\\/logo\\\/image\\\/\"},\"sameAs\":[\"https:\\\/\\\/www.facebook.com\\\/Kompetenzzenter\\\/\",\"https:\\\/\\\/www.instagram.com\\\/gero.kompetenzzenter\\\/\",\"https:\\\/\\\/linkedin.com\\\/company\\\/gero-kompetenzzenter-fir-den-alter\",\"https:\\\/\\\/www.youtube.com\\\/channel\\\/UCJvmJYSeHh3dYQsLHZupj-Q\"]}]}<\/script>\n<!-- \/ Yoast SEO Premium plugin. -->","yoast_head_json":{"title":"D\u00e9mence et Diversit\u00e9 (FCPG V) - GERO","robots":{"index":"index","follow":"follow","max-snippet":"max-snippet:-1","max-image-preview":"max-image-preview:large","max-video-preview":"max-video-preview:-1"},"canonical":"https:\/\/www.gero.lu\/de\/produit\/demence-et-diversite-fcpg-v-2","og_locale":"de_DE","og_type":"article","og_title":"D\u00e9mence et Diversit\u00e9 (FCPG V)","og_description":"Prendre en compte la pluralit\u00e9 des personnes \u00e2g\u00e9es atteintes de d\u00e9mence, un enjeu de qualit\u00e9 et de bientraitance Module 5 de la formation psychog\u00e9riatrique Cette formation vise \u00e0 doter les professionnel\u00b7le\u00b7s des comp\u00e9tences et aptitudes n\u00e9cessaires \u00e0 la prise en charge d\u2019un public \u00e2g\u00e9 toujours plus diversifi\u00e9, et en situation de d\u00e9mence. La formation r\u00e9pond [&hellip;]","og_url":"https:\/\/www.gero.lu\/de\/produit\/demence-et-diversite-fcpg-v-2","og_site_name":"GERO","article_publisher":"https:\/\/www.facebook.com\/Kompetenzzenter\/","article_modified_time":"2026-03-04T07:22:00+00:00","og_image":[{"width":1227,"height":802,"url":"https:\/\/www.gero.lu\/wp-content\/uploads\/2021\/08\/gettyimages-1135289130-2048x2048_RET-1.jpg","type":"image\/jpeg"}],"twitter_card":"summary_large_image","twitter_misc":{"Gesch\u00e4tzte Lesezeit":"2\u00a0Minuten"},"schema":{"@context":"https:\/\/schema.org","@graph":[{"@type":"WebPage","@id":"https:\/\/www.gero.lu\/de\/produit\/demence-et-diversite-fcpg-v-2","url":"https:\/\/www.gero.lu\/de\/produit\/demence-et-diversite-fcpg-v-2","name":"D\u00e9mence et Diversit\u00e9 (FCPG V) - GERO","isPartOf":{"@id":"https:\/\/www.gero.lu\/de\/#website"},"datePublished":"2025-09-23T14:25:39+00:00","dateModified":"2026-03-04T07:22:00+00:00","breadcrumb":{"@id":"https:\/\/www.gero.lu\/de\/produit\/demence-et-diversite-fcpg-v-2#breadcrumb"},"inLanguage":"de","potentialAction":[{"@type":"ReadAction","target":[["https:\/\/www.gero.lu\/de\/produit\/demence-et-diversite-fcpg-v-2"]]}]},{"@type":"BreadcrumbList","@id":"https:\/\/www.gero.lu\/de\/produit\/demence-et-diversite-fcpg-v-2#breadcrumb","itemListElement":[{"@type":"ListItem","position":1,"name":"Accueil","item":"https:\/\/www.gero.lu\/de\/"},{"@type":"ListItem","position":2,"name":"Shop","item":"https:\/\/www.gero.lu\/de\/shop"},{"@type":"ListItem","position":3,"name":"D\u00e9mence et Diversit\u00e9 (FCPG V)"}]},{"@type":"WebSite","@id":"https:\/\/www.gero.lu\/de\/#website","url":"https:\/\/www.gero.lu\/de\/","name":"Gero","description":"Kompetenzzenter fir den Alter","publisher":{"@id":"https:\/\/www.gero.lu\/de\/#organization"},"potentialAction":[{"@type":"SearchAction","target":{"@type":"EntryPoint","urlTemplate":"https:\/\/www.gero.lu\/de\/?s={search_term_string}"},"query-input":{"@type":"PropertyValueSpecification","valueRequired":true,"valueName":"search_term_string"}}],"inLanguage":"de"},{"@type":"Organization","@id":"https:\/\/www.gero.lu\/de\/#organization","name":"Gero","url":"https:\/\/www.gero.lu\/de\/","logo":{"@type":"ImageObject","inLanguage":"de","@id":"https:\/\/www.gero.lu\/de\/#\/schema\/logo\/image\/","url":"https:\/\/www.gero.lu\/wp-content\/uploads\/2024\/04\/logo.svg","contentUrl":"https:\/\/www.gero.lu\/wp-content\/uploads\/2024\/04\/logo.svg","width":76,"height":30,"caption":"Gero"},"image":{"@id":"https:\/\/www.gero.lu\/de\/#\/schema\/logo\/image\/"},"sameAs":["https:\/\/www.facebook.com\/Kompetenzzenter\/","https:\/\/www.instagram.com\/gero.kompetenzzenter\/","https:\/\/linkedin.com\/company\/gero-kompetenzzenter-fir-den-alter","https:\/\/www.youtube.com\/channel\/UCJvmJYSeHh3dYQsLHZupj-Q"]}]}},"_links":{"self":[{"href":"https:\/\/www.gero.lu\/de\/wp-json\/wp\/v2\/product\/9974","targetHints":{"allow":["GET"]}}],"collection":[{"href":"https:\/\/www.gero.lu\/de\/wp-json\/wp\/v2\/product"}],"about":[{"href":"https:\/\/www.gero.lu\/de\/wp-json\/wp\/v2\/types\/product"}],"replies":[{"embeddable":true,"href":"https:\/\/www.gero.lu\/de\/wp-json\/wp\/v2\/comments?post=9974"}],"wp:attachment":[{"href":"https:\/\/www.gero.lu\/de\/wp-json\/wp\/v2\/media?parent=9974"}],"wp:term":[{"taxonomy":"product_brand","embeddable":true,"href":"https:\/\/www.gero.lu\/de\/wp-json\/wp\/v2\/product_brand?post=9974"},{"taxonomy":"product_cat","embeddable":true,"href":"https:\/\/www.gero.lu\/de\/wp-json\/wp\/v2\/product_cat?post=9974"},{"taxonomy":"product_tag","embeddable":true,"href":"https:\/\/www.gero.lu\/de\/wp-json\/wp\/v2\/product_tag?post=9974"}],"curies":[{"name":"wp","href":"https:\/\/api.w.org\/{rel}","templated":true}]}}