{"id":9972,"date":"2025-09-23T13:21:27","date_gmt":"2025-09-23T13:21:27","guid":{"rendered":"https:\/\/www.gero.lu\/produit\/lethique-des-soins-agrement-2025-agr-01-002"},"modified":"2026-01-05T14:21:31","modified_gmt":"2026-01-05T14:21:31","slug":"lethique-des-soins-agrement-2025-agr-01-002","status":"publish","type":"product","link":"https:\/\/www.gero.lu\/de\/produit\/lethique-des-soins-agrement-2025-agr-01-002","title":{"rendered":"L\u2019\u00e9thique des soins  (Agr\u00e9ment : 2025-AGR-12-003)"},"content":{"rendered":"<p>Formation continue agr\u00e9\u00e9 conform\u00e9ment \u00e0 l&#8217;article 12 de la loi modifi\u00e9e du 26 mars 1992 sur l&#8217;exercice et la revalorisation de certaines professions de sant\u00e9. Agr\u00e9ment MISA : Agr\u00e9ment: 2025-AGR-12-003<\/p>\n<p>Un engagement pour des pratiques \u00e9thiques et humaines<\/p>\n<p>Cette formation vise \u00e0 approfondir la compr\u00e9hension des principes \u00e9thiques fondamentaux dans le domaine des soins de sant\u00e9, tout en fournissant des outils concrets pour r\u00e9soudre les dilemmes \u00e9thiques rencontr\u00e9s au quotidien. La formation met l&#8217;accent sur l&#8217;apprentissage pratique, concret et participatif. Les participants d\u00e9velopperont leurs comp\u00e9tences en r\u00e9flexion \u00e9thique, apprenant \u00e0 comprendre l&#8217;\u00e9thique des soins gr\u00e2ce \u00e0 des apports th\u00e9oriques et une application concr\u00e8te avec des \u00e9tudes de cas. Ils s&#8217;exerceront \u00e0 articuler leurs r\u00e9flexions en se basant sur des arguments fond\u00e9s pour une prise de d\u00e9cision bas\u00e9e sur des valeurs communes. La formation vise \u00e0 int\u00e9grer ces principes dans la pratique quotidienne, am\u00e9liorant la clart\u00e9 et la r\u00e9flexion dans les soins.<\/p>\n<p>Au programme :<\/p>\n<p>\uf02d\tApprentissage des concepts de base : ma\u00eetriser les concepts cl\u00e9s de l&#8217;\u00e9thique m\u00e9dicale, comme l&#8217;autonomie, la bientraitance et la justice.<br \/>\n\uf02d\tOutils pratiques : acqu\u00e9rir des m\u00e9thodologies pour analyser et r\u00e9soudre des situations \u00e9thiques complexes, am\u00e9liorant ainsi la qualit\u00e9 des soins.<br \/>\n\uf02d\tCas concrets : \u00e9tudier des exemples r\u00e9els et participer \u00e0 des discussions interactives pour mieux comprendre les d\u00e9fis \u00e9thiques sp\u00e9cifiques. Appliquer ces outils.<br \/>\n\uf02d\tAm\u00e9lioration des comp\u00e9tences interpersonnelles : D\u00e9velopper les capacit\u00e9s de communication afin d\u2019apprendre \u00e0 mieux g\u00e9rer les situations d\u00e9licates avec les patients, les familles, les proches et les coll\u00e8gues.<br \/>\n\uf02d\tR\u00e9flexion personnelle : Engager une r\u00e9flexion sur ses propres valeurs et pratiques, contribuant \u00e0 une meilleure satisfaction professionnelle et personnelle.<\/p>\n<p>Public cible :<br \/>\nAide-soignant\u00b7e, Aide socio-familiale, Auxiliaire de vie, \u00c9ducateur\u00b7rice, Ergoth\u00e9rapeute, Infirmier\u00b7\u00e8re, Kin\u00e9sith\u00e9rapeute, Psychologue et autres professions pertinentes<\/p>\n","protected":false},"excerpt":{"rendered":"<p>Formation continue agr\u00e9\u00e9 conform\u00e9ment \u00e0 l&#8217;article 12 de la loi modifi\u00e9e du 26 mars 1992 sur l&#8217;exercice et la revalorisation de certaines professions de sant\u00e9. Agr\u00e9ment MISA : Agr\u00e9ment: 2025-AGR-12-003 Un engagement pour des pratiques \u00e9thiques et humaines Cette formation vise \u00e0 approfondir la compr\u00e9hension des principes \u00e9thiques fondamentaux dans le domaine des soins de [&hellip;]<\/p>\n","protected":false},"featured_media":0,"comment_status":"closed","ping_status":"closed","template":"","meta":{"_acf_changed":false,"inline_featured_image":false},"product_brand":[],"product_cat":[239],"product_tag":[237],"class_list":{"0":"post-9972","1":"product","2":"type-product","3":"status-publish","5":"product_cat-cours-pro","6":"product_tag-soins-encadrement-therapie-pro","8":"first","9":"instock","10":"virtual","11":"purchasable","12":"product-type-simple"},"acf":[],"yoast_head":"<!-- This site is optimized with the Yoast SEO Premium plugin v26.5 (Yoast SEO v26.5) - https:\/\/yoast.com\/wordpress\/plugins\/seo\/ -->\n<title>L\u2019\u00e9thique des soins (Agr\u00e9ment : 2025-AGR-12-003) - GERO<\/title>\n<meta name=\"robots\" content=\"index, follow, max-snippet:-1, max-image-preview:large, max-video-preview:-1\" \/>\n<link rel=\"canonical\" href=\"https:\/\/www.gero.lu\/de\/produit\/lethique-des-soins-agrement-2025-agr-01-002\" \/>\n<meta property=\"og:locale\" content=\"de_DE\" \/>\n<meta property=\"og:type\" content=\"article\" \/>\n<meta property=\"og:title\" content=\"L\u2019\u00e9thique des soins (Agr\u00e9ment : 2025-AGR-12-003)\" \/>\n<meta property=\"og:description\" content=\"Formation continue agr\u00e9\u00e9 conform\u00e9ment \u00e0 l&#8217;article 12 de la loi modifi\u00e9e du 26 mars 1992 sur l&#8217;exercice et la revalorisation de certaines professions de sant\u00e9. Agr\u00e9ment MISA : Agr\u00e9ment: 2025-AGR-12-003 Un engagement pour des pratiques \u00e9thiques et humaines Cette formation vise \u00e0 approfondir la compr\u00e9hension des principes \u00e9thiques fondamentaux dans le domaine des soins de [&hellip;]\" \/>\n<meta property=\"og:url\" content=\"https:\/\/www.gero.lu\/de\/produit\/lethique-des-soins-agrement-2025-agr-01-002\" \/>\n<meta property=\"og:site_name\" content=\"GERO\" \/>\n<meta property=\"article:publisher\" content=\"https:\/\/www.facebook.com\/Kompetenzzenter\/\" \/>\n<meta property=\"article:modified_time\" content=\"2026-01-05T14:21:31+00:00\" \/>\n<meta property=\"og:image\" content=\"https:\/\/www.gero.lu\/wp-content\/uploads\/2021\/08\/gettyimages-1135289130-2048x2048_RET-1.jpg\" \/>\n\t<meta property=\"og:image:width\" content=\"1227\" \/>\n\t<meta property=\"og:image:height\" content=\"802\" \/>\n\t<meta property=\"og:image:type\" content=\"image\/jpeg\" \/>\n<meta name=\"twitter:card\" content=\"summary_large_image\" \/>\n<meta name=\"twitter:label1\" content=\"Gesch\u00e4tzte Lesezeit\" \/>\n\t<meta name=\"twitter:data1\" content=\"2\u00a0Minuten\" \/>\n<script type=\"application\/ld+json\" class=\"yoast-schema-graph\">{\"@context\":\"https:\/\/schema.org\",\"@graph\":[{\"@type\":\"WebPage\",\"@id\":\"https:\/\/www.gero.lu\/de\/produit\/lethique-des-soins-agrement-2025-agr-01-002\",\"url\":\"https:\/\/www.gero.lu\/de\/produit\/lethique-des-soins-agrement-2025-agr-01-002\",\"name\":\"L\u2019\u00e9thique des soins (Agr\u00e9ment : 2025-AGR-12-003) - GERO\",\"isPartOf\":{\"@id\":\"https:\/\/www.gero.lu\/de\/#website\"},\"datePublished\":\"2025-09-23T13:21:27+00:00\",\"dateModified\":\"2026-01-05T14:21:31+00:00\",\"breadcrumb\":{\"@id\":\"https:\/\/www.gero.lu\/de\/produit\/lethique-des-soins-agrement-2025-agr-01-002#breadcrumb\"},\"inLanguage\":\"de\",\"potentialAction\":[{\"@type\":\"ReadAction\",\"target\":[[\"https:\/\/www.gero.lu\/de\/produit\/lethique-des-soins-agrement-2025-agr-01-002\"]]}]},{\"@type\":\"BreadcrumbList\",\"@id\":\"https:\/\/www.gero.lu\/de\/produit\/lethique-des-soins-agrement-2025-agr-01-002#breadcrumb\",\"itemListElement\":[{\"@type\":\"ListItem\",\"position\":1,\"name\":\"Accueil\",\"item\":\"https:\/\/www.gero.lu\/de\/\"},{\"@type\":\"ListItem\",\"position\":2,\"name\":\"Shop\",\"item\":\"https:\/\/www.gero.lu\/de\/shop\"},{\"@type\":\"ListItem\",\"position\":3,\"name\":\"L\u2019\u00e9thique des soins (Agr\u00e9ment : 2025-AGR-01-002)\"}]},{\"@type\":\"WebSite\",\"@id\":\"https:\/\/www.gero.lu\/de\/#website\",\"url\":\"https:\/\/www.gero.lu\/de\/\",\"name\":\"Gero\",\"description\":\"Kompetenzzenter fir den Alter\",\"publisher\":{\"@id\":\"https:\/\/www.gero.lu\/de\/#organization\"},\"potentialAction\":[{\"@type\":\"SearchAction\",\"target\":{\"@type\":\"EntryPoint\",\"urlTemplate\":\"https:\/\/www.gero.lu\/de\/?s={search_term_string}\"},\"query-input\":{\"@type\":\"PropertyValueSpecification\",\"valueRequired\":true,\"valueName\":\"search_term_string\"}}],\"inLanguage\":\"de\"},{\"@type\":\"Organization\",\"@id\":\"https:\/\/www.gero.lu\/de\/#organization\",\"name\":\"Gero\",\"url\":\"https:\/\/www.gero.lu\/de\/\",\"logo\":{\"@type\":\"ImageObject\",\"inLanguage\":\"de\",\"@id\":\"https:\/\/www.gero.lu\/de\/#\/schema\/logo\/image\/\",\"url\":\"https:\/\/www.gero.lu\/wp-content\/uploads\/2024\/04\/logo.svg\",\"contentUrl\":\"https:\/\/www.gero.lu\/wp-content\/uploads\/2024\/04\/logo.svg\",\"width\":76,\"height\":30,\"caption\":\"Gero\"},\"image\":{\"@id\":\"https:\/\/www.gero.lu\/de\/#\/schema\/logo\/image\/\"},\"sameAs\":[\"https:\/\/www.facebook.com\/Kompetenzzenter\/\",\"https:\/\/www.instagram.com\/gero.kompetenzzenter\/\",\"https:\/\/linkedin.com\/company\/gero-kompetenzzenter-fir-den-alter\",\"https:\/\/www.youtube.com\/channel\/UCJvmJYSeHh3dYQsLHZupj-Q\"]}]}<\/script>\n<!-- \/ Yoast SEO Premium plugin. -->","yoast_head_json":{"title":"L\u2019\u00e9thique des soins (Agr\u00e9ment : 2025-AGR-12-003) - GERO","robots":{"index":"index","follow":"follow","max-snippet":"max-snippet:-1","max-image-preview":"max-image-preview:large","max-video-preview":"max-video-preview:-1"},"canonical":"https:\/\/www.gero.lu\/de\/produit\/lethique-des-soins-agrement-2025-agr-01-002","og_locale":"de_DE","og_type":"article","og_title":"L\u2019\u00e9thique des soins (Agr\u00e9ment : 2025-AGR-12-003)","og_description":"Formation continue agr\u00e9\u00e9 conform\u00e9ment \u00e0 l&#8217;article 12 de la loi modifi\u00e9e du 26 mars 1992 sur l&#8217;exercice et la revalorisation de certaines professions de sant\u00e9. Agr\u00e9ment MISA : Agr\u00e9ment: 2025-AGR-12-003 Un engagement pour des pratiques \u00e9thiques et humaines Cette formation vise \u00e0 approfondir la compr\u00e9hension des principes \u00e9thiques fondamentaux dans le domaine des soins de [&hellip;]","og_url":"https:\/\/www.gero.lu\/de\/produit\/lethique-des-soins-agrement-2025-agr-01-002","og_site_name":"GERO","article_publisher":"https:\/\/www.facebook.com\/Kompetenzzenter\/","article_modified_time":"2026-01-05T14:21:31+00:00","og_image":[{"width":1227,"height":802,"url":"https:\/\/www.gero.lu\/wp-content\/uploads\/2021\/08\/gettyimages-1135289130-2048x2048_RET-1.jpg","type":"image\/jpeg"}],"twitter_card":"summary_large_image","twitter_misc":{"Gesch\u00e4tzte Lesezeit":"2\u00a0Minuten"},"schema":{"@context":"https:\/\/schema.org","@graph":[{"@type":"WebPage","@id":"https:\/\/www.gero.lu\/de\/produit\/lethique-des-soins-agrement-2025-agr-01-002","url":"https:\/\/www.gero.lu\/de\/produit\/lethique-des-soins-agrement-2025-agr-01-002","name":"L\u2019\u00e9thique des soins (Agr\u00e9ment : 2025-AGR-12-003) - GERO","isPartOf":{"@id":"https:\/\/www.gero.lu\/de\/#website"},"datePublished":"2025-09-23T13:21:27+00:00","dateModified":"2026-01-05T14:21:31+00:00","breadcrumb":{"@id":"https:\/\/www.gero.lu\/de\/produit\/lethique-des-soins-agrement-2025-agr-01-002#breadcrumb"},"inLanguage":"de","potentialAction":[{"@type":"ReadAction","target":[["https:\/\/www.gero.lu\/de\/produit\/lethique-des-soins-agrement-2025-agr-01-002"]]}]},{"@type":"BreadcrumbList","@id":"https:\/\/www.gero.lu\/de\/produit\/lethique-des-soins-agrement-2025-agr-01-002#breadcrumb","itemListElement":[{"@type":"ListItem","position":1,"name":"Accueil","item":"https:\/\/www.gero.lu\/de\/"},{"@type":"ListItem","position":2,"name":"Shop","item":"https:\/\/www.gero.lu\/de\/shop"},{"@type":"ListItem","position":3,"name":"L\u2019\u00e9thique des soins (Agr\u00e9ment : 2025-AGR-01-002)"}]},{"@type":"WebSite","@id":"https:\/\/www.gero.lu\/de\/#website","url":"https:\/\/www.gero.lu\/de\/","name":"Gero","description":"Kompetenzzenter fir den Alter","publisher":{"@id":"https:\/\/www.gero.lu\/de\/#organization"},"potentialAction":[{"@type":"SearchAction","target":{"@type":"EntryPoint","urlTemplate":"https:\/\/www.gero.lu\/de\/?s={search_term_string}"},"query-input":{"@type":"PropertyValueSpecification","valueRequired":true,"valueName":"search_term_string"}}],"inLanguage":"de"},{"@type":"Organization","@id":"https:\/\/www.gero.lu\/de\/#organization","name":"Gero","url":"https:\/\/www.gero.lu\/de\/","logo":{"@type":"ImageObject","inLanguage":"de","@id":"https:\/\/www.gero.lu\/de\/#\/schema\/logo\/image\/","url":"https:\/\/www.gero.lu\/wp-content\/uploads\/2024\/04\/logo.svg","contentUrl":"https:\/\/www.gero.lu\/wp-content\/uploads\/2024\/04\/logo.svg","width":76,"height":30,"caption":"Gero"},"image":{"@id":"https:\/\/www.gero.lu\/de\/#\/schema\/logo\/image\/"},"sameAs":["https:\/\/www.facebook.com\/Kompetenzzenter\/","https:\/\/www.instagram.com\/gero.kompetenzzenter\/","https:\/\/linkedin.com\/company\/gero-kompetenzzenter-fir-den-alter","https:\/\/www.youtube.com\/channel\/UCJvmJYSeHh3dYQsLHZupj-Q"]}]}},"_links":{"self":[{"href":"https:\/\/www.gero.lu\/de\/wp-json\/wp\/v2\/product\/9972","targetHints":{"allow":["GET"]}}],"collection":[{"href":"https:\/\/www.gero.lu\/de\/wp-json\/wp\/v2\/product"}],"about":[{"href":"https:\/\/www.gero.lu\/de\/wp-json\/wp\/v2\/types\/product"}],"replies":[{"embeddable":true,"href":"https:\/\/www.gero.lu\/de\/wp-json\/wp\/v2\/comments?post=9972"}],"wp:attachment":[{"href":"https:\/\/www.gero.lu\/de\/wp-json\/wp\/v2\/media?parent=9972"}],"wp:term":[{"taxonomy":"product_brand","embeddable":true,"href":"https:\/\/www.gero.lu\/de\/wp-json\/wp\/v2\/product_brand?post=9972"},{"taxonomy":"product_cat","embeddable":true,"href":"https:\/\/www.gero.lu\/de\/wp-json\/wp\/v2\/product_cat?post=9972"},{"taxonomy":"product_tag","embeddable":true,"href":"https:\/\/www.gero.lu\/de\/wp-json\/wp\/v2\/product_tag?post=9972"}],"curies":[{"name":"wp","href":"https:\/\/api.w.org\/{rel}","templated":true}]}}