{"id":9967,"date":"2025-09-23T09:24:54","date_gmt":"2025-09-23T09:24:54","guid":{"rendered":"https:\/\/www.gero.lu\/produit\/irre-gut-verstandlich-schizophrenie-panik-und-zwang-und-umgang-mit-personen-die-daran-leiden"},"modified":"2026-03-10T14:21:41","modified_gmt":"2026-03-10T14:21:41","slug":"irre-gut-verstandlich-schizophrenie-panik-und-zwang-und-umgang-mit-personen-die-daran-leiden","status":"publish","type":"product","link":"https:\/\/www.gero.lu\/de\/produit\/irre-gut-verstandlich-schizophrenie-panik-und-zwang-und-umgang-mit-personen-die-daran-leiden","title":{"rendered":"Irre gut verst\u00e4ndlich &#8211; Schizophrenie, Panik und Zwang und Umgang mit Personen, die daran leiden (agr\u00e9ment: 2025-AGR-12-003)"},"content":{"rendered":"<p>Formation continue agr\u00e9\u00e9 conform\u00e9ment \u00e0 l&#8217;article 12 de la loi modifi\u00e9e du 26 mars 1992 sur l&#8217;exercice et la revalorisation de certaines professions de sant\u00e9. Agr\u00e9ment MISA : Agr\u00e9ment: 2025-AGR-12-003<\/p>\n<p>In der Altenpflege betreuen und pflegen Mitarbeitende immer h\u00e4ufiger Menschen mit psychischen Ver\u00e4nderungen. Dabei werden sie mit Verhaltensweisen konfrontiert, die irritierend fremd wirken, ohne spezielle fachliche Kenntnisse schwer zu verstehen sind und h\u00e4ufig auch noch anderen Personen vermittelt werden m\u00fcssen.<\/p>\n<p>Viele Mitarbeitende f\u00fchlen sich damit verunsichert und beschreiben ihre \u00dcberforderung. Das Thema ist umfangreich. Daher musste f\u00fcr dieses Seminar eine Auswahl getroffen werden. Nach entsprechenden R\u00fcckmeldungen aus der Praxis wurden folgende Erscheinungsformen ausgew\u00e4hlt:<br \/>\n\u2022\tSchizophrenie<br \/>\n\u2022\tPanikst\u00f6rung<br \/>\n\u2022\tZwangsst\u00f6rungen <\/p>\n<p>Die Teilnehmenden erhalten zu allen Erscheinungsformen notwendiges Hintergrundwissen. Das dient dazu, die Logik der genannten Erkrankungen besser nachzuvollziehen. Es wird erl\u00e4utert, wie die St\u00f6rungen entstehen und welche Bedingungen einen positiven Einfluss auf die Entwicklung haben k\u00f6nnen. Die Teilnehmenden erhalten Impulse und Ideen f\u00fcr eine wirksame Hilfe in der Alltagsbegleitung. Die Teilnehmenden sind eingeladen, Fallbeispiele aus ihrer Arbeitspraxis mitzubringen.<\/p>\n<p>Zielgruppe: Aide Socio-Familiale, Auxiliaire de Vie, Ergotherapeut*in, Erzieher*in, Krankenpfleger*in, Krankenpflegerhelfer*in, Physiotherapeut*in, Psycholog*in und andere relevante Berufsgruppen<\/p>\n","protected":false},"excerpt":{"rendered":"<p>Formation continue agr\u00e9\u00e9 conform\u00e9ment \u00e0 l&#8217;article 12 de la loi modifi\u00e9e du 26 mars 1992 sur l&#8217;exercice et la revalorisation de certaines professions de sant\u00e9. Agr\u00e9ment MISA : Agr\u00e9ment: 2025-AGR-12-003 In der Altenpflege betreuen und pflegen Mitarbeitende immer h\u00e4ufiger Menschen mit psychischen Ver\u00e4nderungen. Dabei werden sie mit Verhaltensweisen konfrontiert, die irritierend fremd wirken, ohne spezielle [&hellip;]<\/p>\n","protected":false},"featured_media":0,"comment_status":"closed","ping_status":"closed","template":"","meta":{"_acf_changed":false,"inline_featured_image":false},"product_brand":[],"product_cat":[239],"product_tag":[237],"class_list":{"0":"post-9967","1":"product","2":"type-product","3":"status-publish","5":"product_cat-cours-pro","6":"product_tag-soins-encadrement-therapie-pro","8":"first","9":"instock","10":"virtual","11":"purchasable","12":"product-type-simple"},"acf":[],"yoast_head":"<!-- This site is optimized with the Yoast SEO Premium plugin v26.5 (Yoast SEO v26.5) - https:\/\/yoast.com\/wordpress\/plugins\/seo\/ -->\n<title>Irre gut verst\u00e4ndlich - Schizophrenie, Panik und Zwang und Umgang mit Personen, die daran leiden (agr\u00e9ment: 2025-AGR-12-003) - GERO<\/title>\n<meta name=\"robots\" content=\"index, follow, max-snippet:-1, max-image-preview:large, max-video-preview:-1\" \/>\n<link rel=\"canonical\" href=\"https:\/\/www.gero.lu\/de\/produit\/irre-gut-verstandlich-schizophrenie-panik-und-zwang-und-umgang-mit-personen-die-daran-leiden\" \/>\n<meta property=\"og:locale\" content=\"de_DE\" \/>\n<meta property=\"og:type\" content=\"article\" \/>\n<meta property=\"og:title\" content=\"Irre gut verst\u00e4ndlich - Schizophrenie, Panik und Zwang und Umgang mit Personen, die daran leiden (agr\u00e9ment: 2025-AGR-12-003)\" \/>\n<meta property=\"og:description\" content=\"Formation continue agr\u00e9\u00e9 conform\u00e9ment \u00e0 l&#8217;article 12 de la loi modifi\u00e9e du 26 mars 1992 sur l&#8217;exercice et la revalorisation de certaines professions de sant\u00e9. Agr\u00e9ment MISA : Agr\u00e9ment: 2025-AGR-12-003 In der Altenpflege betreuen und pflegen Mitarbeitende immer h\u00e4ufiger Menschen mit psychischen Ver\u00e4nderungen. Dabei werden sie mit Verhaltensweisen konfrontiert, die irritierend fremd wirken, ohne spezielle [&hellip;]\" \/>\n<meta property=\"og:url\" content=\"https:\/\/www.gero.lu\/de\/produit\/irre-gut-verstandlich-schizophrenie-panik-und-zwang-und-umgang-mit-personen-die-daran-leiden\" \/>\n<meta property=\"og:site_name\" content=\"GERO\" \/>\n<meta property=\"article:publisher\" content=\"https:\/\/www.facebook.com\/Kompetenzzenter\/\" \/>\n<meta property=\"article:modified_time\" content=\"2026-03-10T14:21:41+00:00\" \/>\n<meta property=\"og:image\" content=\"https:\/\/www.gero.lu\/wp-content\/uploads\/2021\/08\/gettyimages-1135289130-2048x2048_RET-1.jpg\" \/>\n\t<meta property=\"og:image:width\" content=\"1227\" \/>\n\t<meta property=\"og:image:height\" content=\"802\" \/>\n\t<meta property=\"og:image:type\" content=\"image\/jpeg\" \/>\n<meta name=\"twitter:card\" content=\"summary_large_image\" \/>\n<meta name=\"twitter:label1\" content=\"Gesch\u00e4tzte Lesezeit\" \/>\n\t<meta name=\"twitter:data1\" content=\"1\u00a0Minute\" \/>\n<script type=\"application\/ld+json\" class=\"yoast-schema-graph\">{\"@context\":\"https:\/\/schema.org\",\"@graph\":[{\"@type\":\"WebPage\",\"@id\":\"https:\/\/www.gero.lu\/de\/produit\/irre-gut-verstandlich-schizophrenie-panik-und-zwang-und-umgang-mit-personen-die-daran-leiden\",\"url\":\"https:\/\/www.gero.lu\/de\/produit\/irre-gut-verstandlich-schizophrenie-panik-und-zwang-und-umgang-mit-personen-die-daran-leiden\",\"name\":\"Irre gut verst\u00e4ndlich - Schizophrenie, Panik und Zwang und Umgang mit Personen, die daran leiden (agr\u00e9ment: 2025-AGR-12-003) - GERO\",\"isPartOf\":{\"@id\":\"https:\/\/www.gero.lu\/de\/#website\"},\"datePublished\":\"2025-09-23T09:24:54+00:00\",\"dateModified\":\"2026-03-10T14:21:41+00:00\",\"breadcrumb\":{\"@id\":\"https:\/\/www.gero.lu\/de\/produit\/irre-gut-verstandlich-schizophrenie-panik-und-zwang-und-umgang-mit-personen-die-daran-leiden#breadcrumb\"},\"inLanguage\":\"de\",\"potentialAction\":[{\"@type\":\"ReadAction\",\"target\":[[\"https:\/\/www.gero.lu\/de\/produit\/irre-gut-verstandlich-schizophrenie-panik-und-zwang-und-umgang-mit-personen-die-daran-leiden\"]]}]},{\"@type\":\"BreadcrumbList\",\"@id\":\"https:\/\/www.gero.lu\/de\/produit\/irre-gut-verstandlich-schizophrenie-panik-und-zwang-und-umgang-mit-personen-die-daran-leiden#breadcrumb\",\"itemListElement\":[{\"@type\":\"ListItem\",\"position\":1,\"name\":\"Accueil\",\"item\":\"https:\/\/www.gero.lu\/de\/\"},{\"@type\":\"ListItem\",\"position\":2,\"name\":\"Shop\",\"item\":\"https:\/\/www.gero.lu\/de\/shop\"},{\"@type\":\"ListItem\",\"position\":3,\"name\":\"Irre gut verst\u00e4ndlich &#8211; Schizophrenie, Panik und Zwang und Umgang mit Personen, die daran leiden\"}]},{\"@type\":\"WebSite\",\"@id\":\"https:\/\/www.gero.lu\/de\/#website\",\"url\":\"https:\/\/www.gero.lu\/de\/\",\"name\":\"Gero\",\"description\":\"Kompetenzzenter fir den Alter\",\"publisher\":{\"@id\":\"https:\/\/www.gero.lu\/de\/#organization\"},\"potentialAction\":[{\"@type\":\"SearchAction\",\"target\":{\"@type\":\"EntryPoint\",\"urlTemplate\":\"https:\/\/www.gero.lu\/de\/?s={search_term_string}\"},\"query-input\":{\"@type\":\"PropertyValueSpecification\",\"valueRequired\":true,\"valueName\":\"search_term_string\"}}],\"inLanguage\":\"de\"},{\"@type\":\"Organization\",\"@id\":\"https:\/\/www.gero.lu\/de\/#organization\",\"name\":\"Gero\",\"url\":\"https:\/\/www.gero.lu\/de\/\",\"logo\":{\"@type\":\"ImageObject\",\"inLanguage\":\"de\",\"@id\":\"https:\/\/www.gero.lu\/de\/#\/schema\/logo\/image\/\",\"url\":\"https:\/\/www.gero.lu\/wp-content\/uploads\/2024\/04\/logo.svg\",\"contentUrl\":\"https:\/\/www.gero.lu\/wp-content\/uploads\/2024\/04\/logo.svg\",\"width\":76,\"height\":30,\"caption\":\"Gero\"},\"image\":{\"@id\":\"https:\/\/www.gero.lu\/de\/#\/schema\/logo\/image\/\"},\"sameAs\":[\"https:\/\/www.facebook.com\/Kompetenzzenter\/\",\"https:\/\/www.instagram.com\/gero.kompetenzzenter\/\",\"https:\/\/linkedin.com\/company\/gero-kompetenzzenter-fir-den-alter\",\"https:\/\/www.youtube.com\/channel\/UCJvmJYSeHh3dYQsLHZupj-Q\"]}]}<\/script>\n<!-- \/ Yoast SEO Premium plugin. -->","yoast_head_json":{"title":"Irre gut verst\u00e4ndlich - Schizophrenie, Panik und Zwang und Umgang mit Personen, die daran leiden (agr\u00e9ment: 2025-AGR-12-003) - GERO","robots":{"index":"index","follow":"follow","max-snippet":"max-snippet:-1","max-image-preview":"max-image-preview:large","max-video-preview":"max-video-preview:-1"},"canonical":"https:\/\/www.gero.lu\/de\/produit\/irre-gut-verstandlich-schizophrenie-panik-und-zwang-und-umgang-mit-personen-die-daran-leiden","og_locale":"de_DE","og_type":"article","og_title":"Irre gut verst\u00e4ndlich - Schizophrenie, Panik und Zwang und Umgang mit Personen, die daran leiden (agr\u00e9ment: 2025-AGR-12-003)","og_description":"Formation continue agr\u00e9\u00e9 conform\u00e9ment \u00e0 l&#8217;article 12 de la loi modifi\u00e9e du 26 mars 1992 sur l&#8217;exercice et la revalorisation de certaines professions de sant\u00e9. Agr\u00e9ment MISA : Agr\u00e9ment: 2025-AGR-12-003 In der Altenpflege betreuen und pflegen Mitarbeitende immer h\u00e4ufiger Menschen mit psychischen Ver\u00e4nderungen. Dabei werden sie mit Verhaltensweisen konfrontiert, die irritierend fremd wirken, ohne spezielle [&hellip;]","og_url":"https:\/\/www.gero.lu\/de\/produit\/irre-gut-verstandlich-schizophrenie-panik-und-zwang-und-umgang-mit-personen-die-daran-leiden","og_site_name":"GERO","article_publisher":"https:\/\/www.facebook.com\/Kompetenzzenter\/","article_modified_time":"2026-03-10T14:21:41+00:00","og_image":[{"width":1227,"height":802,"url":"https:\/\/www.gero.lu\/wp-content\/uploads\/2021\/08\/gettyimages-1135289130-2048x2048_RET-1.jpg","type":"image\/jpeg"}],"twitter_card":"summary_large_image","twitter_misc":{"Gesch\u00e4tzte Lesezeit":"1\u00a0Minute"},"schema":{"@context":"https:\/\/schema.org","@graph":[{"@type":"WebPage","@id":"https:\/\/www.gero.lu\/de\/produit\/irre-gut-verstandlich-schizophrenie-panik-und-zwang-und-umgang-mit-personen-die-daran-leiden","url":"https:\/\/www.gero.lu\/de\/produit\/irre-gut-verstandlich-schizophrenie-panik-und-zwang-und-umgang-mit-personen-die-daran-leiden","name":"Irre gut verst\u00e4ndlich - Schizophrenie, Panik und Zwang und Umgang mit Personen, die daran leiden (agr\u00e9ment: 2025-AGR-12-003) - GERO","isPartOf":{"@id":"https:\/\/www.gero.lu\/de\/#website"},"datePublished":"2025-09-23T09:24:54+00:00","dateModified":"2026-03-10T14:21:41+00:00","breadcrumb":{"@id":"https:\/\/www.gero.lu\/de\/produit\/irre-gut-verstandlich-schizophrenie-panik-und-zwang-und-umgang-mit-personen-die-daran-leiden#breadcrumb"},"inLanguage":"de","potentialAction":[{"@type":"ReadAction","target":[["https:\/\/www.gero.lu\/de\/produit\/irre-gut-verstandlich-schizophrenie-panik-und-zwang-und-umgang-mit-personen-die-daran-leiden"]]}]},{"@type":"BreadcrumbList","@id":"https:\/\/www.gero.lu\/de\/produit\/irre-gut-verstandlich-schizophrenie-panik-und-zwang-und-umgang-mit-personen-die-daran-leiden#breadcrumb","itemListElement":[{"@type":"ListItem","position":1,"name":"Accueil","item":"https:\/\/www.gero.lu\/de\/"},{"@type":"ListItem","position":2,"name":"Shop","item":"https:\/\/www.gero.lu\/de\/shop"},{"@type":"ListItem","position":3,"name":"Irre gut verst\u00e4ndlich &#8211; Schizophrenie, Panik und Zwang und Umgang mit Personen, die daran leiden"}]},{"@type":"WebSite","@id":"https:\/\/www.gero.lu\/de\/#website","url":"https:\/\/www.gero.lu\/de\/","name":"Gero","description":"Kompetenzzenter fir den Alter","publisher":{"@id":"https:\/\/www.gero.lu\/de\/#organization"},"potentialAction":[{"@type":"SearchAction","target":{"@type":"EntryPoint","urlTemplate":"https:\/\/www.gero.lu\/de\/?s={search_term_string}"},"query-input":{"@type":"PropertyValueSpecification","valueRequired":true,"valueName":"search_term_string"}}],"inLanguage":"de"},{"@type":"Organization","@id":"https:\/\/www.gero.lu\/de\/#organization","name":"Gero","url":"https:\/\/www.gero.lu\/de\/","logo":{"@type":"ImageObject","inLanguage":"de","@id":"https:\/\/www.gero.lu\/de\/#\/schema\/logo\/image\/","url":"https:\/\/www.gero.lu\/wp-content\/uploads\/2024\/04\/logo.svg","contentUrl":"https:\/\/www.gero.lu\/wp-content\/uploads\/2024\/04\/logo.svg","width":76,"height":30,"caption":"Gero"},"image":{"@id":"https:\/\/www.gero.lu\/de\/#\/schema\/logo\/image\/"},"sameAs":["https:\/\/www.facebook.com\/Kompetenzzenter\/","https:\/\/www.instagram.com\/gero.kompetenzzenter\/","https:\/\/linkedin.com\/company\/gero-kompetenzzenter-fir-den-alter","https:\/\/www.youtube.com\/channel\/UCJvmJYSeHh3dYQsLHZupj-Q"]}]}},"_links":{"self":[{"href":"https:\/\/www.gero.lu\/de\/wp-json\/wp\/v2\/product\/9967","targetHints":{"allow":["GET"]}}],"collection":[{"href":"https:\/\/www.gero.lu\/de\/wp-json\/wp\/v2\/product"}],"about":[{"href":"https:\/\/www.gero.lu\/de\/wp-json\/wp\/v2\/types\/product"}],"replies":[{"embeddable":true,"href":"https:\/\/www.gero.lu\/de\/wp-json\/wp\/v2\/comments?post=9967"}],"wp:attachment":[{"href":"https:\/\/www.gero.lu\/de\/wp-json\/wp\/v2\/media?parent=9967"}],"wp:term":[{"taxonomy":"product_brand","embeddable":true,"href":"https:\/\/www.gero.lu\/de\/wp-json\/wp\/v2\/product_brand?post=9967"},{"taxonomy":"product_cat","embeddable":true,"href":"https:\/\/www.gero.lu\/de\/wp-json\/wp\/v2\/product_cat?post=9967"},{"taxonomy":"product_tag","embeddable":true,"href":"https:\/\/www.gero.lu\/de\/wp-json\/wp\/v2\/product_tag?post=9967"}],"curies":[{"name":"wp","href":"https:\/\/api.w.org\/{rel}","templated":true}]}}