{"id":9966,"date":"2025-09-23T09:24:52","date_gmt":"2025-09-23T09:24:52","guid":{"rendered":"https:\/\/www.gero.lu\/produit\/resilienz-starken-gesund-und-gelassen-im-berufsalltag"},"modified":"2026-01-08T12:21:20","modified_gmt":"2026-01-08T12:21:20","slug":"resilienz-starken-gesund-und-gelassen-im-berufsalltag","status":"publish","type":"product","link":"https:\/\/www.gero.lu\/de\/produit\/resilienz-starken-gesund-und-gelassen-im-berufsalltag","title":{"rendered":"Resilienz st\u00e4rken &#8211; Gesund und gelassen im Berufsalltag"},"content":{"rendered":"<p>Stress und Burnout sind allgegenw\u00e4rtig. Fast jeder kennt heute einen Betroffenen aus der Familie, dem Kollegenkreis und nicht selten sogar vom Blick in den Spiegel. Immer h\u00e4ufiger drohen dauerhafte k\u00f6rperliche und psychische Erkrankungen mit teilweise erheblichen gesundheitlichen und wirtschaftlichen Folgen.<br \/>\n Durch eine gezielte Verbesserung und Stabilisierung der individuellen Resilienz bietet dieser Kurs Stress und Burnout wirkungsvoll die Stirn. Resilienz beschreibt dabei die F\u00e4higkeit des Einzelnen, hohe Anforderungen k\u00f6rperlich und geistig dauerhaft gesund und gut gelaunt zu meistern.<\/p>\n<p>In angenehmer Arbeitsatmosph\u00e4re entdecken Sie individuelle \u201eStressfallen\u201c Ihres Alltags und lernen direkt aus dem Kurs heraus erste Schritte der Ver\u00e4nderung zu gehen. Ziel ist eine ver\u00e4nderte Haltung, die Ihnen hilft, Herausforderungen mit mehr Gelassenheit und Optimismus zu begegnen. Dabei bleibt genug Zeit zum Erfahrungsaustausch und zum Ausprobieren der Methoden.<\/p>\n<p>Am ersten Kurstag erwarten Sie eine Einf\u00fchrung ins Thema, eine Potenzialanalyse und zwei zentrale Resilienzbereiche. Danach haben Sie mehrere Wochen Zeit, erste Methoden im Alltag zu erproben. Der zweite Kurstag vertieft Ihre Erfahrungen und erg\u00e4nzt vier weitere Kernbereiche. Hierdurch entsteht eine Vertiefung und Sch\u00e4rfung der eigenen Strategien zur Resilienzsteigerung und Stressbew\u00e4ltigung f\u00fcr Ihren Berufsalltag.<br \/>\nVorkenntnisse sind nicht erforderlich \u2013 nur die Bereitschaft, neue Wege zu gehen.<\/p>\n<p>Zielgruppe: Alle, die interessiert sind<\/p>\n","protected":false},"excerpt":{"rendered":"<p>Stress und Burnout sind allgegenw\u00e4rtig. Fast jeder kennt heute einen Betroffenen aus der Familie, dem Kollegenkreis und nicht selten sogar vom Blick in den Spiegel. Immer h\u00e4ufiger drohen dauerhafte k\u00f6rperliche und psychische Erkrankungen mit teilweise erheblichen gesundheitlichen und wirtschaftlichen Folgen. Durch eine gezielte Verbesserung und Stabilisierung der individuellen Resilienz bietet dieser Kurs Stress und Burnout [&hellip;]<\/p>\n","protected":false},"featured_media":0,"comment_status":"closed","ping_status":"closed","template":"","meta":{"_acf_changed":false,"inline_featured_image":false},"product_brand":[],"product_cat":[239],"product_tag":[237],"class_list":{"0":"post-9966","1":"product","2":"type-product","3":"status-publish","5":"product_cat-cours-pro","6":"product_tag-soins-encadrement-therapie-pro","8":"first","9":"instock","10":"virtual","11":"purchasable","12":"product-type-simple"},"acf":[],"yoast_head":"<!-- This site is optimized with the Yoast SEO Premium plugin v26.5 (Yoast SEO v26.5) - https:\/\/yoast.com\/wordpress\/plugins\/seo\/ -->\n<title>Resilienz st\u00e4rken - Gesund und gelassen im Berufsalltag - GERO<\/title>\n<meta name=\"robots\" content=\"index, follow, max-snippet:-1, max-image-preview:large, max-video-preview:-1\" \/>\n<link rel=\"canonical\" href=\"https:\/\/www.gero.lu\/de\/produit\/resilienz-starken-gesund-und-gelassen-im-berufsalltag\" \/>\n<meta property=\"og:locale\" content=\"de_DE\" \/>\n<meta property=\"og:type\" content=\"article\" \/>\n<meta property=\"og:title\" content=\"Resilienz st\u00e4rken - Gesund und gelassen im Berufsalltag\" \/>\n<meta property=\"og:description\" content=\"Stress und Burnout sind allgegenw\u00e4rtig. Fast jeder kennt heute einen Betroffenen aus der Familie, dem Kollegenkreis und nicht selten sogar vom Blick in den Spiegel. Immer h\u00e4ufiger drohen dauerhafte k\u00f6rperliche und psychische Erkrankungen mit teilweise erheblichen gesundheitlichen und wirtschaftlichen Folgen. Durch eine gezielte Verbesserung und Stabilisierung der individuellen Resilienz bietet dieser Kurs Stress und Burnout [&hellip;]\" \/>\n<meta property=\"og:url\" content=\"https:\/\/www.gero.lu\/de\/produit\/resilienz-starken-gesund-und-gelassen-im-berufsalltag\" \/>\n<meta property=\"og:site_name\" content=\"GERO\" \/>\n<meta property=\"article:publisher\" content=\"https:\/\/www.facebook.com\/Kompetenzzenter\/\" \/>\n<meta property=\"article:modified_time\" content=\"2026-01-08T12:21:20+00:00\" \/>\n<meta property=\"og:image\" content=\"https:\/\/www.gero.lu\/wp-content\/uploads\/2021\/08\/gettyimages-1135289130-2048x2048_RET-1.jpg\" \/>\n\t<meta property=\"og:image:width\" content=\"1227\" \/>\n\t<meta property=\"og:image:height\" content=\"802\" \/>\n\t<meta property=\"og:image:type\" content=\"image\/jpeg\" \/>\n<meta name=\"twitter:card\" content=\"summary_large_image\" \/>\n<meta name=\"twitter:label1\" content=\"Gesch\u00e4tzte Lesezeit\" \/>\n\t<meta name=\"twitter:data1\" content=\"1\u00a0Minute\" \/>\n<script type=\"application\/ld+json\" class=\"yoast-schema-graph\">{\"@context\":\"https:\/\/schema.org\",\"@graph\":[{\"@type\":\"WebPage\",\"@id\":\"https:\/\/www.gero.lu\/de\/produit\/resilienz-starken-gesund-und-gelassen-im-berufsalltag\",\"url\":\"https:\/\/www.gero.lu\/de\/produit\/resilienz-starken-gesund-und-gelassen-im-berufsalltag\",\"name\":\"Resilienz st\u00e4rken - Gesund und gelassen im Berufsalltag - GERO\",\"isPartOf\":{\"@id\":\"https:\/\/www.gero.lu\/de\/#website\"},\"datePublished\":\"2025-09-23T09:24:52+00:00\",\"dateModified\":\"2026-01-08T12:21:20+00:00\",\"breadcrumb\":{\"@id\":\"https:\/\/www.gero.lu\/de\/produit\/resilienz-starken-gesund-und-gelassen-im-berufsalltag#breadcrumb\"},\"inLanguage\":\"de\",\"potentialAction\":[{\"@type\":\"ReadAction\",\"target\":[[\"https:\/\/www.gero.lu\/de\/produit\/resilienz-starken-gesund-und-gelassen-im-berufsalltag\"]]}]},{\"@type\":\"BreadcrumbList\",\"@id\":\"https:\/\/www.gero.lu\/de\/produit\/resilienz-starken-gesund-und-gelassen-im-berufsalltag#breadcrumb\",\"itemListElement\":[{\"@type\":\"ListItem\",\"position\":1,\"name\":\"Accueil\",\"item\":\"https:\/\/www.gero.lu\/de\/\"},{\"@type\":\"ListItem\",\"position\":2,\"name\":\"Shop\",\"item\":\"https:\/\/www.gero.lu\/de\/shop\"},{\"@type\":\"ListItem\",\"position\":3,\"name\":\"Resilienz st\u00e4rken &#8211; Gesund und gelassen im Berufsalltag\"}]},{\"@type\":\"WebSite\",\"@id\":\"https:\/\/www.gero.lu\/de\/#website\",\"url\":\"https:\/\/www.gero.lu\/de\/\",\"name\":\"Gero\",\"description\":\"Kompetenzzenter fir den Alter\",\"publisher\":{\"@id\":\"https:\/\/www.gero.lu\/de\/#organization\"},\"potentialAction\":[{\"@type\":\"SearchAction\",\"target\":{\"@type\":\"EntryPoint\",\"urlTemplate\":\"https:\/\/www.gero.lu\/de\/?s={search_term_string}\"},\"query-input\":{\"@type\":\"PropertyValueSpecification\",\"valueRequired\":true,\"valueName\":\"search_term_string\"}}],\"inLanguage\":\"de\"},{\"@type\":\"Organization\",\"@id\":\"https:\/\/www.gero.lu\/de\/#organization\",\"name\":\"Gero\",\"url\":\"https:\/\/www.gero.lu\/de\/\",\"logo\":{\"@type\":\"ImageObject\",\"inLanguage\":\"de\",\"@id\":\"https:\/\/www.gero.lu\/de\/#\/schema\/logo\/image\/\",\"url\":\"https:\/\/www.gero.lu\/wp-content\/uploads\/2024\/04\/logo.svg\",\"contentUrl\":\"https:\/\/www.gero.lu\/wp-content\/uploads\/2024\/04\/logo.svg\",\"width\":76,\"height\":30,\"caption\":\"Gero\"},\"image\":{\"@id\":\"https:\/\/www.gero.lu\/de\/#\/schema\/logo\/image\/\"},\"sameAs\":[\"https:\/\/www.facebook.com\/Kompetenzzenter\/\",\"https:\/\/www.instagram.com\/gero.kompetenzzenter\/\",\"https:\/\/linkedin.com\/company\/gero-kompetenzzenter-fir-den-alter\",\"https:\/\/www.youtube.com\/channel\/UCJvmJYSeHh3dYQsLHZupj-Q\"]}]}<\/script>\n<!-- \/ Yoast SEO Premium plugin. -->","yoast_head_json":{"title":"Resilienz st\u00e4rken - Gesund und gelassen im Berufsalltag - GERO","robots":{"index":"index","follow":"follow","max-snippet":"max-snippet:-1","max-image-preview":"max-image-preview:large","max-video-preview":"max-video-preview:-1"},"canonical":"https:\/\/www.gero.lu\/de\/produit\/resilienz-starken-gesund-und-gelassen-im-berufsalltag","og_locale":"de_DE","og_type":"article","og_title":"Resilienz st\u00e4rken - Gesund und gelassen im Berufsalltag","og_description":"Stress und Burnout sind allgegenw\u00e4rtig. Fast jeder kennt heute einen Betroffenen aus der Familie, dem Kollegenkreis und nicht selten sogar vom Blick in den Spiegel. Immer h\u00e4ufiger drohen dauerhafte k\u00f6rperliche und psychische Erkrankungen mit teilweise erheblichen gesundheitlichen und wirtschaftlichen Folgen. Durch eine gezielte Verbesserung und Stabilisierung der individuellen Resilienz bietet dieser Kurs Stress und Burnout [&hellip;]","og_url":"https:\/\/www.gero.lu\/de\/produit\/resilienz-starken-gesund-und-gelassen-im-berufsalltag","og_site_name":"GERO","article_publisher":"https:\/\/www.facebook.com\/Kompetenzzenter\/","article_modified_time":"2026-01-08T12:21:20+00:00","og_image":[{"width":1227,"height":802,"url":"https:\/\/www.gero.lu\/wp-content\/uploads\/2021\/08\/gettyimages-1135289130-2048x2048_RET-1.jpg","type":"image\/jpeg"}],"twitter_card":"summary_large_image","twitter_misc":{"Gesch\u00e4tzte Lesezeit":"1\u00a0Minute"},"schema":{"@context":"https:\/\/schema.org","@graph":[{"@type":"WebPage","@id":"https:\/\/www.gero.lu\/de\/produit\/resilienz-starken-gesund-und-gelassen-im-berufsalltag","url":"https:\/\/www.gero.lu\/de\/produit\/resilienz-starken-gesund-und-gelassen-im-berufsalltag","name":"Resilienz st\u00e4rken - Gesund und gelassen im Berufsalltag - GERO","isPartOf":{"@id":"https:\/\/www.gero.lu\/de\/#website"},"datePublished":"2025-09-23T09:24:52+00:00","dateModified":"2026-01-08T12:21:20+00:00","breadcrumb":{"@id":"https:\/\/www.gero.lu\/de\/produit\/resilienz-starken-gesund-und-gelassen-im-berufsalltag#breadcrumb"},"inLanguage":"de","potentialAction":[{"@type":"ReadAction","target":[["https:\/\/www.gero.lu\/de\/produit\/resilienz-starken-gesund-und-gelassen-im-berufsalltag"]]}]},{"@type":"BreadcrumbList","@id":"https:\/\/www.gero.lu\/de\/produit\/resilienz-starken-gesund-und-gelassen-im-berufsalltag#breadcrumb","itemListElement":[{"@type":"ListItem","position":1,"name":"Accueil","item":"https:\/\/www.gero.lu\/de\/"},{"@type":"ListItem","position":2,"name":"Shop","item":"https:\/\/www.gero.lu\/de\/shop"},{"@type":"ListItem","position":3,"name":"Resilienz st\u00e4rken &#8211; Gesund und gelassen im Berufsalltag"}]},{"@type":"WebSite","@id":"https:\/\/www.gero.lu\/de\/#website","url":"https:\/\/www.gero.lu\/de\/","name":"Gero","description":"Kompetenzzenter fir den Alter","publisher":{"@id":"https:\/\/www.gero.lu\/de\/#organization"},"potentialAction":[{"@type":"SearchAction","target":{"@type":"EntryPoint","urlTemplate":"https:\/\/www.gero.lu\/de\/?s={search_term_string}"},"query-input":{"@type":"PropertyValueSpecification","valueRequired":true,"valueName":"search_term_string"}}],"inLanguage":"de"},{"@type":"Organization","@id":"https:\/\/www.gero.lu\/de\/#organization","name":"Gero","url":"https:\/\/www.gero.lu\/de\/","logo":{"@type":"ImageObject","inLanguage":"de","@id":"https:\/\/www.gero.lu\/de\/#\/schema\/logo\/image\/","url":"https:\/\/www.gero.lu\/wp-content\/uploads\/2024\/04\/logo.svg","contentUrl":"https:\/\/www.gero.lu\/wp-content\/uploads\/2024\/04\/logo.svg","width":76,"height":30,"caption":"Gero"},"image":{"@id":"https:\/\/www.gero.lu\/de\/#\/schema\/logo\/image\/"},"sameAs":["https:\/\/www.facebook.com\/Kompetenzzenter\/","https:\/\/www.instagram.com\/gero.kompetenzzenter\/","https:\/\/linkedin.com\/company\/gero-kompetenzzenter-fir-den-alter","https:\/\/www.youtube.com\/channel\/UCJvmJYSeHh3dYQsLHZupj-Q"]}]}},"_links":{"self":[{"href":"https:\/\/www.gero.lu\/de\/wp-json\/wp\/v2\/product\/9966","targetHints":{"allow":["GET"]}}],"collection":[{"href":"https:\/\/www.gero.lu\/de\/wp-json\/wp\/v2\/product"}],"about":[{"href":"https:\/\/www.gero.lu\/de\/wp-json\/wp\/v2\/types\/product"}],"replies":[{"embeddable":true,"href":"https:\/\/www.gero.lu\/de\/wp-json\/wp\/v2\/comments?post=9966"}],"wp:attachment":[{"href":"https:\/\/www.gero.lu\/de\/wp-json\/wp\/v2\/media?parent=9966"}],"wp:term":[{"taxonomy":"product_brand","embeddable":true,"href":"https:\/\/www.gero.lu\/de\/wp-json\/wp\/v2\/product_brand?post=9966"},{"taxonomy":"product_cat","embeddable":true,"href":"https:\/\/www.gero.lu\/de\/wp-json\/wp\/v2\/product_cat?post=9966"},{"taxonomy":"product_tag","embeddable":true,"href":"https:\/\/www.gero.lu\/de\/wp-json\/wp\/v2\/product_tag?post=9966"}],"curies":[{"name":"wp","href":"https:\/\/api.w.org\/{rel}","templated":true}]}}