{"id":9950,"date":"2025-09-22T08:22:03","date_gmt":"2025-09-22T08:22:03","guid":{"rendered":"https:\/\/www.gero.lu\/produit\/afterwork-gratuit-regards-croises-sur-le-vieillissement-en-medecine-moderne-et-en-medecine-chinoise"},"modified":"2026-04-20T08:30:32","modified_gmt":"2026-04-20T08:30:32","slug":"afterwork-gratuit-regards-croises-sur-le-vieillissement-en-medecine-moderne-et-en-medecine-chinoise","status":"publish","type":"product","link":"https:\/\/www.gero.lu\/de\/produit\/afterwork-gratuit-regards-croises-sur-le-vieillissement-en-medecine-moderne-et-en-medecine-chinoise","title":{"rendered":"AFTERWORK Gratuit: Regards crois\u00e9s sur le vieillissement en m\u00e9decine moderne et en m\u00e9decine chinoise"},"content":{"rendered":"<p>Et si deux visions du monde se rencontraient pour mieux comprendre le vieillissement ? En explorant les m\u00e9canismes du vieillissement sous l&#8217;angle de la m\u00e9decine moderne occidentale et de celui de la m\u00e9decine traditionnelle chinoise, cet Afterwork propose au travers de passerelles insoup\u00e7onn\u00e9es un voyage fascinant pour interroger notre fa\u00e7on de vieillir.<\/p>\n<p>Public cible :<br \/>\nToute personne int\u00e9ress\u00e9e<\/p>\n","protected":false},"excerpt":{"rendered":"<p>Et si deux visions du monde se rencontraient pour mieux comprendre le vieillissement ? En explorant les m\u00e9canismes du vieillissement sous l&#8217;angle de la m\u00e9decine moderne occidentale et de celui de la m\u00e9decine traditionnelle chinoise, cet Afterwork propose au travers de passerelles insoup\u00e7onn\u00e9es un voyage fascinant pour interroger notre fa\u00e7on de vieillir. Public cible : [&hellip;]<\/p>\n","protected":false},"featured_media":0,"comment_status":"closed","ping_status":"closed","template":"","meta":{"_acf_changed":false,"inline_featured_image":false},"product_brand":[],"product_cat":[240],"product_tag":[237],"class_list":{"0":"post-9950","1":"product","2":"type-product","3":"status-publish","5":"product_cat-conference-pro","6":"product_tag-soins-encadrement-therapie-pro","8":"first","9":"instock","10":"virtual","11":"purchasable","12":"product-type-simple"},"acf":[],"yoast_head":"<!-- This site is optimized with the Yoast SEO Premium plugin v27.4 (Yoast SEO v27.4) - https:\/\/yoast.com\/product\/yoast-seo-premium-wordpress\/ -->\n<title>AFTERWORK Gratuit: Regards crois\u00e9s sur le vieillissement en m\u00e9decine moderne et en m\u00e9decine chinoise - GERO<\/title>\n<meta name=\"robots\" content=\"index, follow, max-snippet:-1, max-image-preview:large, max-video-preview:-1\" \/>\n<link rel=\"canonical\" href=\"https:\/\/www.gero.lu\/de\/produit\/afterwork-gratuit-regards-croises-sur-le-vieillissement-en-medecine-moderne-et-en-medecine-chinoise\" \/>\n<meta property=\"og:locale\" content=\"de_DE\" \/>\n<meta property=\"og:type\" content=\"article\" \/>\n<meta property=\"og:title\" content=\"AFTERWORK Gratuit: Regards crois\u00e9s sur le vieillissement en m\u00e9decine moderne et en m\u00e9decine chinoise\" \/>\n<meta property=\"og:description\" content=\"Et si deux visions du monde se rencontraient pour mieux comprendre le vieillissement ? En explorant les m\u00e9canismes du vieillissement sous l&#8217;angle de la m\u00e9decine moderne occidentale et de celui de la m\u00e9decine traditionnelle chinoise, cet Afterwork propose au travers de passerelles insoup\u00e7onn\u00e9es un voyage fascinant pour interroger notre fa\u00e7on de vieillir. Public cible : [&hellip;]\" \/>\n<meta property=\"og:url\" content=\"https:\/\/www.gero.lu\/de\/produit\/afterwork-gratuit-regards-croises-sur-le-vieillissement-en-medecine-moderne-et-en-medecine-chinoise\" \/>\n<meta property=\"og:site_name\" content=\"GERO\" \/>\n<meta property=\"article:publisher\" content=\"https:\/\/www.facebook.com\/Kompetenzzenter\/\" \/>\n<meta property=\"article:modified_time\" content=\"2026-04-20T08:30:32+00:00\" \/>\n<meta property=\"og:image\" content=\"https:\/\/www.gero.lu\/wp-content\/uploads\/2021\/08\/gettyimages-1135289130-2048x2048_RET-1.jpg\" \/>\n\t<meta property=\"og:image:width\" content=\"1227\" \/>\n\t<meta property=\"og:image:height\" content=\"802\" \/>\n\t<meta property=\"og:image:type\" content=\"image\/jpeg\" \/>\n<meta name=\"twitter:card\" content=\"summary_large_image\" \/>\n<script type=\"application\/ld+json\" class=\"yoast-schema-graph\">{\"@context\":\"https:\\\/\\\/schema.org\",\"@graph\":[{\"@type\":\"WebPage\",\"@id\":\"https:\\\/\\\/www.gero.lu\\\/de\\\/produit\\\/afterwork-gratuit-regards-croises-sur-le-vieillissement-en-medecine-moderne-et-en-medecine-chinoise\",\"url\":\"https:\\\/\\\/www.gero.lu\\\/de\\\/produit\\\/afterwork-gratuit-regards-croises-sur-le-vieillissement-en-medecine-moderne-et-en-medecine-chinoise\",\"name\":\"AFTERWORK Gratuit: Regards crois\u00e9s sur le vieillissement en m\u00e9decine moderne et en m\u00e9decine chinoise - GERO\",\"isPartOf\":{\"@id\":\"https:\\\/\\\/www.gero.lu\\\/de\\\/#website\"},\"datePublished\":\"2025-09-22T08:22:03+00:00\",\"dateModified\":\"2026-04-20T08:30:32+00:00\",\"breadcrumb\":{\"@id\":\"https:\\\/\\\/www.gero.lu\\\/de\\\/produit\\\/afterwork-gratuit-regards-croises-sur-le-vieillissement-en-medecine-moderne-et-en-medecine-chinoise#breadcrumb\"},\"inLanguage\":\"de\",\"potentialAction\":[{\"@type\":\"ReadAction\",\"target\":[[\"https:\\\/\\\/www.gero.lu\\\/de\\\/produit\\\/afterwork-gratuit-regards-croises-sur-le-vieillissement-en-medecine-moderne-et-en-medecine-chinoise\"]]}]},{\"@type\":\"BreadcrumbList\",\"@id\":\"https:\\\/\\\/www.gero.lu\\\/de\\\/produit\\\/afterwork-gratuit-regards-croises-sur-le-vieillissement-en-medecine-moderne-et-en-medecine-chinoise#breadcrumb\",\"itemListElement\":[{\"@type\":\"ListItem\",\"position\":1,\"name\":\"Accueil\",\"item\":\"https:\\\/\\\/www.gero.lu\\\/de\\\/\"},{\"@type\":\"ListItem\",\"position\":2,\"name\":\"Shop\",\"item\":\"https:\\\/\\\/www.gero.lu\\\/de\\\/shop\"},{\"@type\":\"ListItem\",\"position\":3,\"name\":\"AFTERWORK Gratuit: Regards crois\u00e9s sur le vieillissement en m\u00e9decine moderne et en m\u00e9decine chinoise\"}]},{\"@type\":\"WebSite\",\"@id\":\"https:\\\/\\\/www.gero.lu\\\/de\\\/#website\",\"url\":\"https:\\\/\\\/www.gero.lu\\\/de\\\/\",\"name\":\"Gero\",\"description\":\"Kompetenzzenter fir den Alter\",\"publisher\":{\"@id\":\"https:\\\/\\\/www.gero.lu\\\/de\\\/#organization\"},\"potentialAction\":[{\"@type\":\"SearchAction\",\"target\":{\"@type\":\"EntryPoint\",\"urlTemplate\":\"https:\\\/\\\/www.gero.lu\\\/de\\\/?s={search_term_string}\"},\"query-input\":{\"@type\":\"PropertyValueSpecification\",\"valueRequired\":true,\"valueName\":\"search_term_string\"}}],\"inLanguage\":\"de\"},{\"@type\":\"Organization\",\"@id\":\"https:\\\/\\\/www.gero.lu\\\/de\\\/#organization\",\"name\":\"Gero\",\"url\":\"https:\\\/\\\/www.gero.lu\\\/de\\\/\",\"logo\":{\"@type\":\"ImageObject\",\"inLanguage\":\"de\",\"@id\":\"https:\\\/\\\/www.gero.lu\\\/de\\\/#\\\/schema\\\/logo\\\/image\\\/\",\"url\":\"https:\\\/\\\/www.gero.lu\\\/wp-content\\\/uploads\\\/2024\\\/04\\\/logo.svg\",\"contentUrl\":\"https:\\\/\\\/www.gero.lu\\\/wp-content\\\/uploads\\\/2024\\\/04\\\/logo.svg\",\"width\":76,\"height\":30,\"caption\":\"Gero\"},\"image\":{\"@id\":\"https:\\\/\\\/www.gero.lu\\\/de\\\/#\\\/schema\\\/logo\\\/image\\\/\"},\"sameAs\":[\"https:\\\/\\\/www.facebook.com\\\/Kompetenzzenter\\\/\",\"https:\\\/\\\/www.instagram.com\\\/gero.kompetenzzenter\\\/\",\"https:\\\/\\\/linkedin.com\\\/company\\\/gero-kompetenzzenter-fir-den-alter\",\"https:\\\/\\\/www.youtube.com\\\/channel\\\/UCJvmJYSeHh3dYQsLHZupj-Q\"]}]}<\/script>\n<!-- \/ Yoast SEO Premium plugin. -->","yoast_head_json":{"title":"AFTERWORK Gratuit: Regards crois\u00e9s sur le vieillissement en m\u00e9decine moderne et en m\u00e9decine chinoise - GERO","robots":{"index":"index","follow":"follow","max-snippet":"max-snippet:-1","max-image-preview":"max-image-preview:large","max-video-preview":"max-video-preview:-1"},"canonical":"https:\/\/www.gero.lu\/de\/produit\/afterwork-gratuit-regards-croises-sur-le-vieillissement-en-medecine-moderne-et-en-medecine-chinoise","og_locale":"de_DE","og_type":"article","og_title":"AFTERWORK Gratuit: Regards crois\u00e9s sur le vieillissement en m\u00e9decine moderne et en m\u00e9decine chinoise","og_description":"Et si deux visions du monde se rencontraient pour mieux comprendre le vieillissement ? En explorant les m\u00e9canismes du vieillissement sous l&#8217;angle de la m\u00e9decine moderne occidentale et de celui de la m\u00e9decine traditionnelle chinoise, cet Afterwork propose au travers de passerelles insoup\u00e7onn\u00e9es un voyage fascinant pour interroger notre fa\u00e7on de vieillir. Public cible : [&hellip;]","og_url":"https:\/\/www.gero.lu\/de\/produit\/afterwork-gratuit-regards-croises-sur-le-vieillissement-en-medecine-moderne-et-en-medecine-chinoise","og_site_name":"GERO","article_publisher":"https:\/\/www.facebook.com\/Kompetenzzenter\/","article_modified_time":"2026-04-20T08:30:32+00:00","og_image":[{"width":1227,"height":802,"url":"https:\/\/www.gero.lu\/wp-content\/uploads\/2021\/08\/gettyimages-1135289130-2048x2048_RET-1.jpg","type":"image\/jpeg"}],"twitter_card":"summary_large_image","schema":{"@context":"https:\/\/schema.org","@graph":[{"@type":"WebPage","@id":"https:\/\/www.gero.lu\/de\/produit\/afterwork-gratuit-regards-croises-sur-le-vieillissement-en-medecine-moderne-et-en-medecine-chinoise","url":"https:\/\/www.gero.lu\/de\/produit\/afterwork-gratuit-regards-croises-sur-le-vieillissement-en-medecine-moderne-et-en-medecine-chinoise","name":"AFTERWORK Gratuit: Regards crois\u00e9s sur le vieillissement en m\u00e9decine moderne et en m\u00e9decine chinoise - GERO","isPartOf":{"@id":"https:\/\/www.gero.lu\/de\/#website"},"datePublished":"2025-09-22T08:22:03+00:00","dateModified":"2026-04-20T08:30:32+00:00","breadcrumb":{"@id":"https:\/\/www.gero.lu\/de\/produit\/afterwork-gratuit-regards-croises-sur-le-vieillissement-en-medecine-moderne-et-en-medecine-chinoise#breadcrumb"},"inLanguage":"de","potentialAction":[{"@type":"ReadAction","target":[["https:\/\/www.gero.lu\/de\/produit\/afterwork-gratuit-regards-croises-sur-le-vieillissement-en-medecine-moderne-et-en-medecine-chinoise"]]}]},{"@type":"BreadcrumbList","@id":"https:\/\/www.gero.lu\/de\/produit\/afterwork-gratuit-regards-croises-sur-le-vieillissement-en-medecine-moderne-et-en-medecine-chinoise#breadcrumb","itemListElement":[{"@type":"ListItem","position":1,"name":"Accueil","item":"https:\/\/www.gero.lu\/de\/"},{"@type":"ListItem","position":2,"name":"Shop","item":"https:\/\/www.gero.lu\/de\/shop"},{"@type":"ListItem","position":3,"name":"AFTERWORK Gratuit: Regards crois\u00e9s sur le vieillissement en m\u00e9decine moderne et en m\u00e9decine chinoise"}]},{"@type":"WebSite","@id":"https:\/\/www.gero.lu\/de\/#website","url":"https:\/\/www.gero.lu\/de\/","name":"Gero","description":"Kompetenzzenter fir den Alter","publisher":{"@id":"https:\/\/www.gero.lu\/de\/#organization"},"potentialAction":[{"@type":"SearchAction","target":{"@type":"EntryPoint","urlTemplate":"https:\/\/www.gero.lu\/de\/?s={search_term_string}"},"query-input":{"@type":"PropertyValueSpecification","valueRequired":true,"valueName":"search_term_string"}}],"inLanguage":"de"},{"@type":"Organization","@id":"https:\/\/www.gero.lu\/de\/#organization","name":"Gero","url":"https:\/\/www.gero.lu\/de\/","logo":{"@type":"ImageObject","inLanguage":"de","@id":"https:\/\/www.gero.lu\/de\/#\/schema\/logo\/image\/","url":"https:\/\/www.gero.lu\/wp-content\/uploads\/2024\/04\/logo.svg","contentUrl":"https:\/\/www.gero.lu\/wp-content\/uploads\/2024\/04\/logo.svg","width":76,"height":30,"caption":"Gero"},"image":{"@id":"https:\/\/www.gero.lu\/de\/#\/schema\/logo\/image\/"},"sameAs":["https:\/\/www.facebook.com\/Kompetenzzenter\/","https:\/\/www.instagram.com\/gero.kompetenzzenter\/","https:\/\/linkedin.com\/company\/gero-kompetenzzenter-fir-den-alter","https:\/\/www.youtube.com\/channel\/UCJvmJYSeHh3dYQsLHZupj-Q"]}]}},"_links":{"self":[{"href":"https:\/\/www.gero.lu\/de\/wp-json\/wp\/v2\/product\/9950","targetHints":{"allow":["GET"]}}],"collection":[{"href":"https:\/\/www.gero.lu\/de\/wp-json\/wp\/v2\/product"}],"about":[{"href":"https:\/\/www.gero.lu\/de\/wp-json\/wp\/v2\/types\/product"}],"replies":[{"embeddable":true,"href":"https:\/\/www.gero.lu\/de\/wp-json\/wp\/v2\/comments?post=9950"}],"wp:attachment":[{"href":"https:\/\/www.gero.lu\/de\/wp-json\/wp\/v2\/media?parent=9950"}],"wp:term":[{"taxonomy":"product_brand","embeddable":true,"href":"https:\/\/www.gero.lu\/de\/wp-json\/wp\/v2\/product_brand?post=9950"},{"taxonomy":"product_cat","embeddable":true,"href":"https:\/\/www.gero.lu\/de\/wp-json\/wp\/v2\/product_cat?post=9950"},{"taxonomy":"product_tag","embeddable":true,"href":"https:\/\/www.gero.lu\/de\/wp-json\/wp\/v2\/product_tag?post=9950"}],"curies":[{"name":"wp","href":"https:\/\/api.w.org\/{rel}","templated":true}]}}