{"id":9942,"date":"2025-09-19T08:21:34","date_gmt":"2025-09-19T08:21:34","guid":{"rendered":"https:\/\/www.gero.lu\/produit\/la-puissance-dune-communication-bienveillante"},"modified":"2025-12-17T11:21:30","modified_gmt":"2025-12-17T11:21:30","slug":"la-puissance-dune-communication-bienveillante","status":"publish","type":"product","link":"https:\/\/www.gero.lu\/de\/produit\/la-puissance-dune-communication-bienveillante","title":{"rendered":"La puissance d&#8217;une communication bienveillante"},"content":{"rendered":"<p>R\u00e9duire le stress et renforcer la coop\u00e9ration<\/p>\n<p>Le stress est un ph\u00e9nom\u00e8ne normal et utile, mais lorsqu\u2019il devient intense ou chronique, il \u00e9puise et perturbe nos relations. Comprendre ce qui nous stresse personnellement et savoir d\u00e9samorcer les situations difficiles permet de cr\u00e9er un environnement de travail plus serein et de mieux vivre son quotidien professionnel.<\/p>\n<p>La communication est un outil central pour d\u00e9velopper des relations professionnelles positives. Cette formation propose deux approches compl\u00e9mentaires : les profils Nuances\u00ae pour adapter son message selon la personnalit\u00e9 de l\u2019autre, et la communication bienveillante, inspir\u00e9e de la communication non violente, pour exprimer ses ressentis et ses besoins, renforcer la confiance et faciliter la collaboration au sein de votre organisation. <\/p>\n<p>Au programme :<br \/>\n\uf02d\tComprendre les m\u00e9canismes du stress, identifier ses sources de stress et les premiers signes de leurs manifestations et prendre consciences des \u00e9tapes qui peuvent mener au burn-out<br \/>\n\uf02d\tComprendre sa personnalit\u00e9 (avec les Profils Nuances\u00ae) et celles des autres pour mieux coop\u00e9rer<br \/>\n\uf02d\tAdapter sa communication et g\u00e9rer les conflits<br \/>\n\uf02d\tD\u00e9couvrir la communication bienveillante \/ non violente et ses \u00e9tapes cl\u00e9s<\/p>\n<p>Public cible :<br \/>\nToute personne int\u00e9ress\u00e9e<\/p>\n","protected":false},"excerpt":{"rendered":"<p>R\u00e9duire le stress et renforcer la coop\u00e9ration Le stress est un ph\u00e9nom\u00e8ne normal et utile, mais lorsqu\u2019il devient intense ou chronique, il \u00e9puise et perturbe nos relations. Comprendre ce qui nous stresse personnellement et savoir d\u00e9samorcer les situations difficiles permet de cr\u00e9er un environnement de travail plus serein et de mieux vivre son quotidien professionnel. [&hellip;]<\/p>\n","protected":false},"featured_media":0,"comment_status":"closed","ping_status":"closed","template":"","meta":{"_acf_changed":false,"inline_featured_image":false},"product_brand":[],"product_cat":[239],"product_tag":[234],"class_list":{"0":"post-9942","1":"product","2":"type-product","3":"status-publish","5":"product_cat-cours-pro","6":"product_tag-competence-personnelles-pro","8":"first","9":"instock","10":"virtual","11":"purchasable","12":"product-type-simple"},"acf":[],"yoast_head":"<!-- This site is optimized with the Yoast SEO Premium plugin v26.5 (Yoast SEO v26.5) - https:\/\/yoast.com\/wordpress\/plugins\/seo\/ -->\n<title>La puissance d&#039;une communication bienveillante - GERO<\/title>\n<meta name=\"robots\" content=\"index, follow, max-snippet:-1, max-image-preview:large, max-video-preview:-1\" \/>\n<link rel=\"canonical\" href=\"https:\/\/www.gero.lu\/de\/produit\/la-puissance-dune-communication-bienveillante\" \/>\n<meta property=\"og:locale\" content=\"de_DE\" \/>\n<meta property=\"og:type\" content=\"article\" \/>\n<meta property=\"og:title\" content=\"La puissance d&#039;une communication bienveillante\" \/>\n<meta property=\"og:description\" content=\"R\u00e9duire le stress et renforcer la coop\u00e9ration Le stress est un ph\u00e9nom\u00e8ne normal et utile, mais lorsqu\u2019il devient intense ou chronique, il \u00e9puise et perturbe nos relations. Comprendre ce qui nous stresse personnellement et savoir d\u00e9samorcer les situations difficiles permet de cr\u00e9er un environnement de travail plus serein et de mieux vivre son quotidien professionnel. [&hellip;]\" \/>\n<meta property=\"og:url\" content=\"https:\/\/www.gero.lu\/de\/produit\/la-puissance-dune-communication-bienveillante\" \/>\n<meta property=\"og:site_name\" content=\"GERO\" \/>\n<meta property=\"article:publisher\" content=\"https:\/\/www.facebook.com\/Kompetenzzenter\/\" \/>\n<meta property=\"article:modified_time\" content=\"2025-12-17T11:21:30+00:00\" \/>\n<meta property=\"og:image\" content=\"https:\/\/www.gero.lu\/wp-content\/uploads\/2021\/08\/gettyimages-1135289130-2048x2048_RET-1.jpg\" \/>\n\t<meta property=\"og:image:width\" content=\"1227\" \/>\n\t<meta property=\"og:image:height\" content=\"802\" \/>\n\t<meta property=\"og:image:type\" content=\"image\/jpeg\" \/>\n<meta name=\"twitter:card\" content=\"summary_large_image\" \/>\n<meta name=\"twitter:label1\" content=\"Gesch\u00e4tzte Lesezeit\" \/>\n\t<meta name=\"twitter:data1\" content=\"1\u00a0Minute\" \/>\n<script type=\"application\/ld+json\" class=\"yoast-schema-graph\">{\"@context\":\"https:\/\/schema.org\",\"@graph\":[{\"@type\":\"WebPage\",\"@id\":\"https:\/\/www.gero.lu\/de\/produit\/la-puissance-dune-communication-bienveillante\",\"url\":\"https:\/\/www.gero.lu\/de\/produit\/la-puissance-dune-communication-bienveillante\",\"name\":\"La puissance d'une communication bienveillante - GERO\",\"isPartOf\":{\"@id\":\"https:\/\/www.gero.lu\/de\/#website\"},\"datePublished\":\"2025-09-19T08:21:34+00:00\",\"dateModified\":\"2025-12-17T11:21:30+00:00\",\"breadcrumb\":{\"@id\":\"https:\/\/www.gero.lu\/de\/produit\/la-puissance-dune-communication-bienveillante#breadcrumb\"},\"inLanguage\":\"de\",\"potentialAction\":[{\"@type\":\"ReadAction\",\"target\":[[\"https:\/\/www.gero.lu\/de\/produit\/la-puissance-dune-communication-bienveillante\"]]}]},{\"@type\":\"BreadcrumbList\",\"@id\":\"https:\/\/www.gero.lu\/de\/produit\/la-puissance-dune-communication-bienveillante#breadcrumb\",\"itemListElement\":[{\"@type\":\"ListItem\",\"position\":1,\"name\":\"Accueil\",\"item\":\"https:\/\/www.gero.lu\/de\/\"},{\"@type\":\"ListItem\",\"position\":2,\"name\":\"Shop\",\"item\":\"https:\/\/www.gero.lu\/de\/shop\"},{\"@type\":\"ListItem\",\"position\":3,\"name\":\"La puissance d&rsquo;une communication bienveillante\"}]},{\"@type\":\"WebSite\",\"@id\":\"https:\/\/www.gero.lu\/de\/#website\",\"url\":\"https:\/\/www.gero.lu\/de\/\",\"name\":\"Gero\",\"description\":\"Kompetenzzenter fir den Alter\",\"publisher\":{\"@id\":\"https:\/\/www.gero.lu\/de\/#organization\"},\"potentialAction\":[{\"@type\":\"SearchAction\",\"target\":{\"@type\":\"EntryPoint\",\"urlTemplate\":\"https:\/\/www.gero.lu\/de\/?s={search_term_string}\"},\"query-input\":{\"@type\":\"PropertyValueSpecification\",\"valueRequired\":true,\"valueName\":\"search_term_string\"}}],\"inLanguage\":\"de\"},{\"@type\":\"Organization\",\"@id\":\"https:\/\/www.gero.lu\/de\/#organization\",\"name\":\"Gero\",\"url\":\"https:\/\/www.gero.lu\/de\/\",\"logo\":{\"@type\":\"ImageObject\",\"inLanguage\":\"de\",\"@id\":\"https:\/\/www.gero.lu\/de\/#\/schema\/logo\/image\/\",\"url\":\"https:\/\/www.gero.lu\/wp-content\/uploads\/2024\/04\/logo.svg\",\"contentUrl\":\"https:\/\/www.gero.lu\/wp-content\/uploads\/2024\/04\/logo.svg\",\"width\":76,\"height\":30,\"caption\":\"Gero\"},\"image\":{\"@id\":\"https:\/\/www.gero.lu\/de\/#\/schema\/logo\/image\/\"},\"sameAs\":[\"https:\/\/www.facebook.com\/Kompetenzzenter\/\",\"https:\/\/www.instagram.com\/gero.kompetenzzenter\/\",\"https:\/\/linkedin.com\/company\/gero-kompetenzzenter-fir-den-alter\",\"https:\/\/www.youtube.com\/channel\/UCJvmJYSeHh3dYQsLHZupj-Q\"]}]}<\/script>\n<!-- \/ Yoast SEO Premium plugin. -->","yoast_head_json":{"title":"La puissance d'une communication bienveillante - GERO","robots":{"index":"index","follow":"follow","max-snippet":"max-snippet:-1","max-image-preview":"max-image-preview:large","max-video-preview":"max-video-preview:-1"},"canonical":"https:\/\/www.gero.lu\/de\/produit\/la-puissance-dune-communication-bienveillante","og_locale":"de_DE","og_type":"article","og_title":"La puissance d'une communication bienveillante","og_description":"R\u00e9duire le stress et renforcer la coop\u00e9ration Le stress est un ph\u00e9nom\u00e8ne normal et utile, mais lorsqu\u2019il devient intense ou chronique, il \u00e9puise et perturbe nos relations. Comprendre ce qui nous stresse personnellement et savoir d\u00e9samorcer les situations difficiles permet de cr\u00e9er un environnement de travail plus serein et de mieux vivre son quotidien professionnel. [&hellip;]","og_url":"https:\/\/www.gero.lu\/de\/produit\/la-puissance-dune-communication-bienveillante","og_site_name":"GERO","article_publisher":"https:\/\/www.facebook.com\/Kompetenzzenter\/","article_modified_time":"2025-12-17T11:21:30+00:00","og_image":[{"width":1227,"height":802,"url":"https:\/\/www.gero.lu\/wp-content\/uploads\/2021\/08\/gettyimages-1135289130-2048x2048_RET-1.jpg","type":"image\/jpeg"}],"twitter_card":"summary_large_image","twitter_misc":{"Gesch\u00e4tzte Lesezeit":"1\u00a0Minute"},"schema":{"@context":"https:\/\/schema.org","@graph":[{"@type":"WebPage","@id":"https:\/\/www.gero.lu\/de\/produit\/la-puissance-dune-communication-bienveillante","url":"https:\/\/www.gero.lu\/de\/produit\/la-puissance-dune-communication-bienveillante","name":"La puissance d'une communication bienveillante - GERO","isPartOf":{"@id":"https:\/\/www.gero.lu\/de\/#website"},"datePublished":"2025-09-19T08:21:34+00:00","dateModified":"2025-12-17T11:21:30+00:00","breadcrumb":{"@id":"https:\/\/www.gero.lu\/de\/produit\/la-puissance-dune-communication-bienveillante#breadcrumb"},"inLanguage":"de","potentialAction":[{"@type":"ReadAction","target":[["https:\/\/www.gero.lu\/de\/produit\/la-puissance-dune-communication-bienveillante"]]}]},{"@type":"BreadcrumbList","@id":"https:\/\/www.gero.lu\/de\/produit\/la-puissance-dune-communication-bienveillante#breadcrumb","itemListElement":[{"@type":"ListItem","position":1,"name":"Accueil","item":"https:\/\/www.gero.lu\/de\/"},{"@type":"ListItem","position":2,"name":"Shop","item":"https:\/\/www.gero.lu\/de\/shop"},{"@type":"ListItem","position":3,"name":"La puissance d&rsquo;une communication bienveillante"}]},{"@type":"WebSite","@id":"https:\/\/www.gero.lu\/de\/#website","url":"https:\/\/www.gero.lu\/de\/","name":"Gero","description":"Kompetenzzenter fir den Alter","publisher":{"@id":"https:\/\/www.gero.lu\/de\/#organization"},"potentialAction":[{"@type":"SearchAction","target":{"@type":"EntryPoint","urlTemplate":"https:\/\/www.gero.lu\/de\/?s={search_term_string}"},"query-input":{"@type":"PropertyValueSpecification","valueRequired":true,"valueName":"search_term_string"}}],"inLanguage":"de"},{"@type":"Organization","@id":"https:\/\/www.gero.lu\/de\/#organization","name":"Gero","url":"https:\/\/www.gero.lu\/de\/","logo":{"@type":"ImageObject","inLanguage":"de","@id":"https:\/\/www.gero.lu\/de\/#\/schema\/logo\/image\/","url":"https:\/\/www.gero.lu\/wp-content\/uploads\/2024\/04\/logo.svg","contentUrl":"https:\/\/www.gero.lu\/wp-content\/uploads\/2024\/04\/logo.svg","width":76,"height":30,"caption":"Gero"},"image":{"@id":"https:\/\/www.gero.lu\/de\/#\/schema\/logo\/image\/"},"sameAs":["https:\/\/www.facebook.com\/Kompetenzzenter\/","https:\/\/www.instagram.com\/gero.kompetenzzenter\/","https:\/\/linkedin.com\/company\/gero-kompetenzzenter-fir-den-alter","https:\/\/www.youtube.com\/channel\/UCJvmJYSeHh3dYQsLHZupj-Q"]}]}},"_links":{"self":[{"href":"https:\/\/www.gero.lu\/de\/wp-json\/wp\/v2\/product\/9942","targetHints":{"allow":["GET"]}}],"collection":[{"href":"https:\/\/www.gero.lu\/de\/wp-json\/wp\/v2\/product"}],"about":[{"href":"https:\/\/www.gero.lu\/de\/wp-json\/wp\/v2\/types\/product"}],"replies":[{"embeddable":true,"href":"https:\/\/www.gero.lu\/de\/wp-json\/wp\/v2\/comments?post=9942"}],"wp:attachment":[{"href":"https:\/\/www.gero.lu\/de\/wp-json\/wp\/v2\/media?parent=9942"}],"wp:term":[{"taxonomy":"product_brand","embeddable":true,"href":"https:\/\/www.gero.lu\/de\/wp-json\/wp\/v2\/product_brand?post=9942"},{"taxonomy":"product_cat","embeddable":true,"href":"https:\/\/www.gero.lu\/de\/wp-json\/wp\/v2\/product_cat?post=9942"},{"taxonomy":"product_tag","embeddable":true,"href":"https:\/\/www.gero.lu\/de\/wp-json\/wp\/v2\/product_tag?post=9942"}],"curies":[{"name":"wp","href":"https:\/\/api.w.org\/{rel}","templated":true}]}}