{"id":9888,"date":"2025-09-12T10:25:45","date_gmt":"2025-09-12T10:25:45","guid":{"rendered":"https:\/\/www.gero.lu\/produit\/je-fais-partie-de-la-societe-fcpg-i-3"},"modified":"2026-02-26T08:21:43","modified_gmt":"2026-02-26T08:21:43","slug":"je-fais-partie-de-la-societe-fcpg-i-3","status":"publish","type":"product","link":"https:\/\/www.gero.lu\/de\/produit\/je-fais-partie-de-la-societe-fcpg-i-3","title":{"rendered":"Je fais partie de la soci\u00e9t\u00e9 (FCPG I) (Agr\u00e9ment: 2024-AGR-05-001)"},"content":{"rendered":"<p>Formation continue agr\u00e9\u00e9 conform\u00e9ment \u00e0 l&#8217;article 12 de la loi modifi\u00e9e du 26 mars 1992 sur l&#8217;exercice et la revalorisation de certaines professions de sant\u00e9. Agr\u00e9ment MISA : Agr\u00e9ment: 2024-AGR-05-001<\/p>\n<p>Module 1 de la formation psychog\u00e9riatrique<\/p>\n<p>L\u2019\u00eatre humain au centre des pr\u00e9occupations<\/p>\n<p>Ce s\u00e9minaire, consacr\u00e9 \u00e0 la vie des personnes \u00e2g\u00e9es en tant que membres de la soci\u00e9t\u00e9, traite les th\u00e8mes suivants : la personne \u00e2g\u00e9e dans la communaut\u00e9, l\u2019approche biographique et les ressources personnelles. <\/p>\n<p>En outre, il s&#8217;agit d\u2019encourager la cr\u00e9ativit\u00e9 des collaborateur\u00b7rice\u00b7s qui s\u2019occupent des personnes \u00e2g\u00e9es dans un contexte professionnel. Une affiche con\u00e7ue par le Minist\u00e8re de la Famille, en collaboration avec diff\u00e9rents acteurs du domaine des soins aux personnes \u00e2g\u00e9es, sert de guide pour d\u00e9velopper chez les participant\u00b7e\u00b7s une image positive de la personne \u00e2g\u00e9e et des processus de vieillissement. <\/p>\n<p>Au programme :<br \/>\n\u2022\tUne vision diff\u00e9renci\u00e9e du vieillissement et de la confrontation avec ses propres images du vieillissement<br \/>\n\u2022\tFaire conna\u00eetre les perspectives des personnes \u00e2g\u00e9es : souhaits et espoirs, exp\u00e9riences<br \/>\n\u2022\tR\u00e9flexion sur la vie en institution de soins : libert\u00e9 possible, limites existantes ?<br \/>\n\u2022\tUtiliser la biographie comme \u00ab cl\u00e9 \u00bb pour mieux conna\u00eetre et comprendre les personnes \u00e2g\u00e9es<br \/>\n\u2022\tReconnaitre le lien entre les \u00e9motions, les pens\u00e9es et les r\u00e9actions du corps et percevoir les effets des facteurs de stress<br \/>\n\u2022\tLes ressources : \u00ab lire \u00bb les \u00e9motions, accompagner les d\u00e9cisions quotidiennes<br \/>\n\u2022\tD\u00e9couvrir des moyens cr\u00e9atifs pour l\u2019organisation de la journ\u00e9e des personnes ayant besoin d&#8217;aide et de soins<\/p>\n<p>Public cible : Aide-soignant\u00b7e, Aide socio-familiale, Auxiliaire de vie, \u00c9ducateur\u00b7rice, Ergoth\u00e9rapeute, Infirmier\u00b7\u00e8re, Kin\u00e9sith\u00e9rapeute, Psychologue et autres professions pertinentes<\/p>\n","protected":false},"excerpt":{"rendered":"<p>Formation continue agr\u00e9\u00e9 conform\u00e9ment \u00e0 l&#8217;article 12 de la loi modifi\u00e9e du 26 mars 1992 sur l&#8217;exercice et la revalorisation de certaines professions de sant\u00e9. Agr\u00e9ment MISA : Agr\u00e9ment: 2024-AGR-05-001 Module 1 de la formation psychog\u00e9riatrique L\u2019\u00eatre humain au centre des pr\u00e9occupations Ce s\u00e9minaire, consacr\u00e9 \u00e0 la vie des personnes \u00e2g\u00e9es en tant que membres [&hellip;]<\/p>\n","protected":false},"featured_media":0,"comment_status":"closed","ping_status":"closed","template":"","meta":{"_acf_changed":false,"inline_featured_image":false},"product_brand":[],"product_cat":[239],"product_tag":[237],"class_list":{"0":"post-9888","1":"product","2":"type-product","3":"status-publish","5":"product_cat-cours-pro","6":"product_tag-soins-encadrement-therapie-pro","8":"first","9":"instock","10":"virtual","11":"purchasable","12":"product-type-simple"},"acf":[],"yoast_head":"<!-- This site is optimized with the Yoast SEO Premium plugin v26.5 (Yoast SEO v26.5) - https:\/\/yoast.com\/wordpress\/plugins\/seo\/ -->\n<title>Je fais partie de la soci\u00e9t\u00e9 (FCPG I) (Agr\u00e9ment: 2024-AGR-05-001) - GERO<\/title>\n<meta name=\"robots\" content=\"index, follow, max-snippet:-1, max-image-preview:large, max-video-preview:-1\" \/>\n<link rel=\"canonical\" href=\"https:\/\/www.gero.lu\/de\/produit\/je-fais-partie-de-la-societe-fcpg-i-3\" \/>\n<meta property=\"og:locale\" content=\"de_DE\" \/>\n<meta property=\"og:type\" content=\"article\" \/>\n<meta property=\"og:title\" content=\"Je fais partie de la soci\u00e9t\u00e9 (FCPG I) (Agr\u00e9ment: 2024-AGR-05-001)\" \/>\n<meta property=\"og:description\" content=\"Formation continue agr\u00e9\u00e9 conform\u00e9ment \u00e0 l&#8217;article 12 de la loi modifi\u00e9e du 26 mars 1992 sur l&#8217;exercice et la revalorisation de certaines professions de sant\u00e9. Agr\u00e9ment MISA : Agr\u00e9ment: 2024-AGR-05-001 Module 1 de la formation psychog\u00e9riatrique L\u2019\u00eatre humain au centre des pr\u00e9occupations Ce s\u00e9minaire, consacr\u00e9 \u00e0 la vie des personnes \u00e2g\u00e9es en tant que membres [&hellip;]\" \/>\n<meta property=\"og:url\" content=\"https:\/\/www.gero.lu\/de\/produit\/je-fais-partie-de-la-societe-fcpg-i-3\" \/>\n<meta property=\"og:site_name\" content=\"GERO\" \/>\n<meta property=\"article:publisher\" content=\"https:\/\/www.facebook.com\/Kompetenzzenter\/\" \/>\n<meta property=\"article:modified_time\" content=\"2026-02-26T08:21:43+00:00\" \/>\n<meta property=\"og:image\" content=\"https:\/\/www.gero.lu\/wp-content\/uploads\/2021\/08\/gettyimages-1135289130-2048x2048_RET-1.jpg\" \/>\n\t<meta property=\"og:image:width\" content=\"1227\" \/>\n\t<meta property=\"og:image:height\" content=\"802\" \/>\n\t<meta property=\"og:image:type\" content=\"image\/jpeg\" \/>\n<meta name=\"twitter:card\" content=\"summary_large_image\" \/>\n<meta name=\"twitter:label1\" content=\"Gesch\u00e4tzte Lesezeit\" \/>\n\t<meta name=\"twitter:data1\" content=\"1\u00a0Minute\" \/>\n<script type=\"application\/ld+json\" class=\"yoast-schema-graph\">{\"@context\":\"https:\/\/schema.org\",\"@graph\":[{\"@type\":\"WebPage\",\"@id\":\"https:\/\/www.gero.lu\/de\/produit\/je-fais-partie-de-la-societe-fcpg-i-3\",\"url\":\"https:\/\/www.gero.lu\/de\/produit\/je-fais-partie-de-la-societe-fcpg-i-3\",\"name\":\"Je fais partie de la soci\u00e9t\u00e9 (FCPG I) (Agr\u00e9ment: 2024-AGR-05-001) - GERO\",\"isPartOf\":{\"@id\":\"https:\/\/www.gero.lu\/de\/#website\"},\"datePublished\":\"2025-09-12T10:25:45+00:00\",\"dateModified\":\"2026-02-26T08:21:43+00:00\",\"breadcrumb\":{\"@id\":\"https:\/\/www.gero.lu\/de\/produit\/je-fais-partie-de-la-societe-fcpg-i-3#breadcrumb\"},\"inLanguage\":\"de\",\"potentialAction\":[{\"@type\":\"ReadAction\",\"target\":[[\"https:\/\/www.gero.lu\/de\/produit\/je-fais-partie-de-la-societe-fcpg-i-3\"]]}]},{\"@type\":\"BreadcrumbList\",\"@id\":\"https:\/\/www.gero.lu\/de\/produit\/je-fais-partie-de-la-societe-fcpg-i-3#breadcrumb\",\"itemListElement\":[{\"@type\":\"ListItem\",\"position\":1,\"name\":\"Accueil\",\"item\":\"https:\/\/www.gero.lu\/de\/\"},{\"@type\":\"ListItem\",\"position\":2,\"name\":\"Shop\",\"item\":\"https:\/\/www.gero.lu\/de\/shop\"},{\"@type\":\"ListItem\",\"position\":3,\"name\":\"Je fais partie de la soci\u00e9t\u00e9 (FCPG I) (Agr\u00e9ment: 2024-AGR-05-001)\"}]},{\"@type\":\"WebSite\",\"@id\":\"https:\/\/www.gero.lu\/de\/#website\",\"url\":\"https:\/\/www.gero.lu\/de\/\",\"name\":\"Gero\",\"description\":\"Kompetenzzenter fir den Alter\",\"publisher\":{\"@id\":\"https:\/\/www.gero.lu\/de\/#organization\"},\"potentialAction\":[{\"@type\":\"SearchAction\",\"target\":{\"@type\":\"EntryPoint\",\"urlTemplate\":\"https:\/\/www.gero.lu\/de\/?s={search_term_string}\"},\"query-input\":{\"@type\":\"PropertyValueSpecification\",\"valueRequired\":true,\"valueName\":\"search_term_string\"}}],\"inLanguage\":\"de\"},{\"@type\":\"Organization\",\"@id\":\"https:\/\/www.gero.lu\/de\/#organization\",\"name\":\"Gero\",\"url\":\"https:\/\/www.gero.lu\/de\/\",\"logo\":{\"@type\":\"ImageObject\",\"inLanguage\":\"de\",\"@id\":\"https:\/\/www.gero.lu\/de\/#\/schema\/logo\/image\/\",\"url\":\"https:\/\/www.gero.lu\/wp-content\/uploads\/2024\/04\/logo.svg\",\"contentUrl\":\"https:\/\/www.gero.lu\/wp-content\/uploads\/2024\/04\/logo.svg\",\"width\":76,\"height\":30,\"caption\":\"Gero\"},\"image\":{\"@id\":\"https:\/\/www.gero.lu\/de\/#\/schema\/logo\/image\/\"},\"sameAs\":[\"https:\/\/www.facebook.com\/Kompetenzzenter\/\",\"https:\/\/www.instagram.com\/gero.kompetenzzenter\/\",\"https:\/\/linkedin.com\/company\/gero-kompetenzzenter-fir-den-alter\",\"https:\/\/www.youtube.com\/channel\/UCJvmJYSeHh3dYQsLHZupj-Q\"]}]}<\/script>\n<!-- \/ Yoast SEO Premium plugin. -->","yoast_head_json":{"title":"Je fais partie de la soci\u00e9t\u00e9 (FCPG I) (Agr\u00e9ment: 2024-AGR-05-001) - GERO","robots":{"index":"index","follow":"follow","max-snippet":"max-snippet:-1","max-image-preview":"max-image-preview:large","max-video-preview":"max-video-preview:-1"},"canonical":"https:\/\/www.gero.lu\/de\/produit\/je-fais-partie-de-la-societe-fcpg-i-3","og_locale":"de_DE","og_type":"article","og_title":"Je fais partie de la soci\u00e9t\u00e9 (FCPG I) (Agr\u00e9ment: 2024-AGR-05-001)","og_description":"Formation continue agr\u00e9\u00e9 conform\u00e9ment \u00e0 l&#8217;article 12 de la loi modifi\u00e9e du 26 mars 1992 sur l&#8217;exercice et la revalorisation de certaines professions de sant\u00e9. Agr\u00e9ment MISA : Agr\u00e9ment: 2024-AGR-05-001 Module 1 de la formation psychog\u00e9riatrique L\u2019\u00eatre humain au centre des pr\u00e9occupations Ce s\u00e9minaire, consacr\u00e9 \u00e0 la vie des personnes \u00e2g\u00e9es en tant que membres [&hellip;]","og_url":"https:\/\/www.gero.lu\/de\/produit\/je-fais-partie-de-la-societe-fcpg-i-3","og_site_name":"GERO","article_publisher":"https:\/\/www.facebook.com\/Kompetenzzenter\/","article_modified_time":"2026-02-26T08:21:43+00:00","og_image":[{"width":1227,"height":802,"url":"https:\/\/www.gero.lu\/wp-content\/uploads\/2021\/08\/gettyimages-1135289130-2048x2048_RET-1.jpg","type":"image\/jpeg"}],"twitter_card":"summary_large_image","twitter_misc":{"Gesch\u00e4tzte Lesezeit":"1\u00a0Minute"},"schema":{"@context":"https:\/\/schema.org","@graph":[{"@type":"WebPage","@id":"https:\/\/www.gero.lu\/de\/produit\/je-fais-partie-de-la-societe-fcpg-i-3","url":"https:\/\/www.gero.lu\/de\/produit\/je-fais-partie-de-la-societe-fcpg-i-3","name":"Je fais partie de la soci\u00e9t\u00e9 (FCPG I) (Agr\u00e9ment: 2024-AGR-05-001) - GERO","isPartOf":{"@id":"https:\/\/www.gero.lu\/de\/#website"},"datePublished":"2025-09-12T10:25:45+00:00","dateModified":"2026-02-26T08:21:43+00:00","breadcrumb":{"@id":"https:\/\/www.gero.lu\/de\/produit\/je-fais-partie-de-la-societe-fcpg-i-3#breadcrumb"},"inLanguage":"de","potentialAction":[{"@type":"ReadAction","target":[["https:\/\/www.gero.lu\/de\/produit\/je-fais-partie-de-la-societe-fcpg-i-3"]]}]},{"@type":"BreadcrumbList","@id":"https:\/\/www.gero.lu\/de\/produit\/je-fais-partie-de-la-societe-fcpg-i-3#breadcrumb","itemListElement":[{"@type":"ListItem","position":1,"name":"Accueil","item":"https:\/\/www.gero.lu\/de\/"},{"@type":"ListItem","position":2,"name":"Shop","item":"https:\/\/www.gero.lu\/de\/shop"},{"@type":"ListItem","position":3,"name":"Je fais partie de la soci\u00e9t\u00e9 (FCPG I) (Agr\u00e9ment: 2024-AGR-05-001)"}]},{"@type":"WebSite","@id":"https:\/\/www.gero.lu\/de\/#website","url":"https:\/\/www.gero.lu\/de\/","name":"Gero","description":"Kompetenzzenter fir den Alter","publisher":{"@id":"https:\/\/www.gero.lu\/de\/#organization"},"potentialAction":[{"@type":"SearchAction","target":{"@type":"EntryPoint","urlTemplate":"https:\/\/www.gero.lu\/de\/?s={search_term_string}"},"query-input":{"@type":"PropertyValueSpecification","valueRequired":true,"valueName":"search_term_string"}}],"inLanguage":"de"},{"@type":"Organization","@id":"https:\/\/www.gero.lu\/de\/#organization","name":"Gero","url":"https:\/\/www.gero.lu\/de\/","logo":{"@type":"ImageObject","inLanguage":"de","@id":"https:\/\/www.gero.lu\/de\/#\/schema\/logo\/image\/","url":"https:\/\/www.gero.lu\/wp-content\/uploads\/2024\/04\/logo.svg","contentUrl":"https:\/\/www.gero.lu\/wp-content\/uploads\/2024\/04\/logo.svg","width":76,"height":30,"caption":"Gero"},"image":{"@id":"https:\/\/www.gero.lu\/de\/#\/schema\/logo\/image\/"},"sameAs":["https:\/\/www.facebook.com\/Kompetenzzenter\/","https:\/\/www.instagram.com\/gero.kompetenzzenter\/","https:\/\/linkedin.com\/company\/gero-kompetenzzenter-fir-den-alter","https:\/\/www.youtube.com\/channel\/UCJvmJYSeHh3dYQsLHZupj-Q"]}]}},"_links":{"self":[{"href":"https:\/\/www.gero.lu\/de\/wp-json\/wp\/v2\/product\/9888","targetHints":{"allow":["GET"]}}],"collection":[{"href":"https:\/\/www.gero.lu\/de\/wp-json\/wp\/v2\/product"}],"about":[{"href":"https:\/\/www.gero.lu\/de\/wp-json\/wp\/v2\/types\/product"}],"replies":[{"embeddable":true,"href":"https:\/\/www.gero.lu\/de\/wp-json\/wp\/v2\/comments?post=9888"}],"wp:attachment":[{"href":"https:\/\/www.gero.lu\/de\/wp-json\/wp\/v2\/media?parent=9888"}],"wp:term":[{"taxonomy":"product_brand","embeddable":true,"href":"https:\/\/www.gero.lu\/de\/wp-json\/wp\/v2\/product_brand?post=9888"},{"taxonomy":"product_cat","embeddable":true,"href":"https:\/\/www.gero.lu\/de\/wp-json\/wp\/v2\/product_cat?post=9888"},{"taxonomy":"product_tag","embeddable":true,"href":"https:\/\/www.gero.lu\/de\/wp-json\/wp\/v2\/product_tag?post=9888"}],"curies":[{"name":"wp","href":"https:\/\/api.w.org\/{rel}","templated":true}]}}