{"id":9881,"date":"2025-09-12T10:25:39","date_gmt":"2025-09-12T10:25:39","guid":{"rendered":"https:\/\/www.gero.lu\/produit\/faire-face-aux-comportements-provocants-fcpg-iv-3"},"modified":"2026-03-13T10:21:29","modified_gmt":"2026-03-13T10:21:29","slug":"faire-face-aux-comportements-provocants-fcpg-iv-3","status":"publish","type":"product","link":"https:\/\/www.gero.lu\/de\/produit\/faire-face-aux-comportements-provocants-fcpg-iv-3","title":{"rendered":"Faire face aux comportements provocants (FCPG IV) (Agr\u00e9ment: 2024-AGR-05-001)"},"content":{"rendered":"<p>Formation continue agr\u00e9\u00e9 conform\u00e9ment \u00e0 l&#8217;article 12 de la loi modifi\u00e9e du 26 mars 1992 sur l&#8217;exercice et la revalorisation de certaines professions de sant\u00e9. Agr\u00e9ment MISA : Agr\u00e9ment: 2024-AGR-05-001<\/p>\n<p>Module 4 de la formation psychog\u00e9riatrique<\/p>\n<p>R\u00e9actions et m\u00e9thodes de r\u00e9solution<\/p>\n<p>Quatre films vid\u00e9o de 10 minutes chacun pr\u00e9sente une situation typique de comportements provocants : tapage, accusation de vol, fugue et jeu avec les excr\u00e9ments.<\/p>\n<p>Dans un premier temps, un \u00e9change est fait autour de l\u2019origine de la probl\u00e9matique et des sentiments suscit\u00e9s par de telles situations. Ensuite, il s\u2019agit de trouver ensemble des solutions pour faire face \u00e0 ces comportements provocants. Pour terminer, chaque film donne des explications et indications utiles qui viendront compl\u00e9ter les r\u00e9flexions personnelles et celles du groupe.<\/p>\n<p>Au programme :<br \/>\n\u2022\tQuels sont mes sentiments personnels face \u00e0 ces situations ?<br \/>\n\u2022\tComment est-ce que je les vis ?<br \/>\n\u2022\tComment la personne \u00e2g\u00e9e se comporte-elle dans le film vid\u00e9o ?<br \/>\n\u2022\tTravail de groupe : Elaboration commune de solutions. <\/p>\n<p>Public cible : Aide-soignant\u00b7e, Aide socio-familiale, Auxiliaire de vie, \u00c9ducateur\u00b7rice, Ergoth\u00e9rapeute, Infirmier\u00b7\u00e8re, Kin\u00e9sith\u00e9rapeute, Psychologue et autres professions pertinentes<\/p>\n","protected":false},"excerpt":{"rendered":"<p>Formation continue agr\u00e9\u00e9 conform\u00e9ment \u00e0 l&#8217;article 12 de la loi modifi\u00e9e du 26 mars 1992 sur l&#8217;exercice et la revalorisation de certaines professions de sant\u00e9. Agr\u00e9ment MISA : Agr\u00e9ment: 2024-AGR-05-001 Module 4 de la formation psychog\u00e9riatrique R\u00e9actions et m\u00e9thodes de r\u00e9solution Quatre films vid\u00e9o de 10 minutes chacun pr\u00e9sente une situation typique de comportements provocants [&hellip;]<\/p>\n","protected":false},"featured_media":0,"comment_status":"closed","ping_status":"closed","template":"","meta":{"_acf_changed":false,"inline_featured_image":false},"product_brand":[],"product_cat":[239],"product_tag":[237],"class_list":{"0":"post-9881","1":"product","2":"type-product","3":"status-publish","5":"product_cat-cours-pro","6":"product_tag-soins-encadrement-therapie-pro","8":"first","9":"instock","10":"virtual","11":"purchasable","12":"product-type-simple"},"acf":[],"yoast_head":"<!-- This site is optimized with the Yoast SEO Premium plugin v27.4 (Yoast SEO v27.4) - https:\/\/yoast.com\/product\/yoast-seo-premium-wordpress\/ -->\n<title>Faire face aux comportements provocants (FCPG IV) (Agr\u00e9ment: 2024-AGR-05-001) - GERO<\/title>\n<meta name=\"robots\" content=\"index, follow, max-snippet:-1, max-image-preview:large, max-video-preview:-1\" \/>\n<link rel=\"canonical\" href=\"https:\/\/www.gero.lu\/de\/produit\/faire-face-aux-comportements-provocants-fcpg-iv-3\" \/>\n<meta property=\"og:locale\" content=\"de_DE\" \/>\n<meta property=\"og:type\" content=\"article\" \/>\n<meta property=\"og:title\" content=\"Faire face aux comportements provocants (FCPG IV) (Agr\u00e9ment: 2024-AGR-05-001)\" \/>\n<meta property=\"og:description\" content=\"Formation continue agr\u00e9\u00e9 conform\u00e9ment \u00e0 l&#8217;article 12 de la loi modifi\u00e9e du 26 mars 1992 sur l&#8217;exercice et la revalorisation de certaines professions de sant\u00e9. Agr\u00e9ment MISA : Agr\u00e9ment: 2024-AGR-05-001 Module 4 de la formation psychog\u00e9riatrique R\u00e9actions et m\u00e9thodes de r\u00e9solution Quatre films vid\u00e9o de 10 minutes chacun pr\u00e9sente une situation typique de comportements provocants [&hellip;]\" \/>\n<meta property=\"og:url\" content=\"https:\/\/www.gero.lu\/de\/produit\/faire-face-aux-comportements-provocants-fcpg-iv-3\" \/>\n<meta property=\"og:site_name\" content=\"GERO\" \/>\n<meta property=\"article:publisher\" content=\"https:\/\/www.facebook.com\/Kompetenzzenter\/\" \/>\n<meta property=\"article:modified_time\" content=\"2026-03-13T10:21:29+00:00\" \/>\n<meta property=\"og:image\" content=\"https:\/\/www.gero.lu\/wp-content\/uploads\/2021\/08\/gettyimages-1135289130-2048x2048_RET-1.jpg\" \/>\n\t<meta property=\"og:image:width\" content=\"1227\" \/>\n\t<meta property=\"og:image:height\" content=\"802\" \/>\n\t<meta property=\"og:image:type\" content=\"image\/jpeg\" \/>\n<meta name=\"twitter:card\" content=\"summary_large_image\" \/>\n<meta name=\"twitter:label1\" content=\"Gesch\u00e4tzte Lesezeit\" \/>\n\t<meta name=\"twitter:data1\" content=\"1\u00a0Minute\" \/>\n<script type=\"application\/ld+json\" class=\"yoast-schema-graph\">{\"@context\":\"https:\\\/\\\/schema.org\",\"@graph\":[{\"@type\":\"WebPage\",\"@id\":\"https:\\\/\\\/www.gero.lu\\\/de\\\/produit\\\/faire-face-aux-comportements-provocants-fcpg-iv-3\",\"url\":\"https:\\\/\\\/www.gero.lu\\\/de\\\/produit\\\/faire-face-aux-comportements-provocants-fcpg-iv-3\",\"name\":\"Faire face aux comportements provocants (FCPG IV) (Agr\u00e9ment: 2024-AGR-05-001) - GERO\",\"isPartOf\":{\"@id\":\"https:\\\/\\\/www.gero.lu\\\/de\\\/#website\"},\"datePublished\":\"2025-09-12T10:25:39+00:00\",\"dateModified\":\"2026-03-13T10:21:29+00:00\",\"breadcrumb\":{\"@id\":\"https:\\\/\\\/www.gero.lu\\\/de\\\/produit\\\/faire-face-aux-comportements-provocants-fcpg-iv-3#breadcrumb\"},\"inLanguage\":\"de\",\"potentialAction\":[{\"@type\":\"ReadAction\",\"target\":[[\"https:\\\/\\\/www.gero.lu\\\/de\\\/produit\\\/faire-face-aux-comportements-provocants-fcpg-iv-3\"]]}]},{\"@type\":\"BreadcrumbList\",\"@id\":\"https:\\\/\\\/www.gero.lu\\\/de\\\/produit\\\/faire-face-aux-comportements-provocants-fcpg-iv-3#breadcrumb\",\"itemListElement\":[{\"@type\":\"ListItem\",\"position\":1,\"name\":\"Accueil\",\"item\":\"https:\\\/\\\/www.gero.lu\\\/de\\\/\"},{\"@type\":\"ListItem\",\"position\":2,\"name\":\"Shop\",\"item\":\"https:\\\/\\\/www.gero.lu\\\/de\\\/shop\"},{\"@type\":\"ListItem\",\"position\":3,\"name\":\"Faire face aux comportements provocants (FCPG IV) (Agr\u00e9ment: 2024-AGR-05-001)\"}]},{\"@type\":\"WebSite\",\"@id\":\"https:\\\/\\\/www.gero.lu\\\/de\\\/#website\",\"url\":\"https:\\\/\\\/www.gero.lu\\\/de\\\/\",\"name\":\"Gero\",\"description\":\"Kompetenzzenter fir den Alter\",\"publisher\":{\"@id\":\"https:\\\/\\\/www.gero.lu\\\/de\\\/#organization\"},\"potentialAction\":[{\"@type\":\"SearchAction\",\"target\":{\"@type\":\"EntryPoint\",\"urlTemplate\":\"https:\\\/\\\/www.gero.lu\\\/de\\\/?s={search_term_string}\"},\"query-input\":{\"@type\":\"PropertyValueSpecification\",\"valueRequired\":true,\"valueName\":\"search_term_string\"}}],\"inLanguage\":\"de\"},{\"@type\":\"Organization\",\"@id\":\"https:\\\/\\\/www.gero.lu\\\/de\\\/#organization\",\"name\":\"Gero\",\"url\":\"https:\\\/\\\/www.gero.lu\\\/de\\\/\",\"logo\":{\"@type\":\"ImageObject\",\"inLanguage\":\"de\",\"@id\":\"https:\\\/\\\/www.gero.lu\\\/de\\\/#\\\/schema\\\/logo\\\/image\\\/\",\"url\":\"https:\\\/\\\/www.gero.lu\\\/wp-content\\\/uploads\\\/2024\\\/04\\\/logo.svg\",\"contentUrl\":\"https:\\\/\\\/www.gero.lu\\\/wp-content\\\/uploads\\\/2024\\\/04\\\/logo.svg\",\"width\":76,\"height\":30,\"caption\":\"Gero\"},\"image\":{\"@id\":\"https:\\\/\\\/www.gero.lu\\\/de\\\/#\\\/schema\\\/logo\\\/image\\\/\"},\"sameAs\":[\"https:\\\/\\\/www.facebook.com\\\/Kompetenzzenter\\\/\",\"https:\\\/\\\/www.instagram.com\\\/gero.kompetenzzenter\\\/\",\"https:\\\/\\\/linkedin.com\\\/company\\\/gero-kompetenzzenter-fir-den-alter\",\"https:\\\/\\\/www.youtube.com\\\/channel\\\/UCJvmJYSeHh3dYQsLHZupj-Q\"]}]}<\/script>\n<!-- \/ Yoast SEO Premium plugin. -->","yoast_head_json":{"title":"Faire face aux comportements provocants (FCPG IV) (Agr\u00e9ment: 2024-AGR-05-001) - GERO","robots":{"index":"index","follow":"follow","max-snippet":"max-snippet:-1","max-image-preview":"max-image-preview:large","max-video-preview":"max-video-preview:-1"},"canonical":"https:\/\/www.gero.lu\/de\/produit\/faire-face-aux-comportements-provocants-fcpg-iv-3","og_locale":"de_DE","og_type":"article","og_title":"Faire face aux comportements provocants (FCPG IV) (Agr\u00e9ment: 2024-AGR-05-001)","og_description":"Formation continue agr\u00e9\u00e9 conform\u00e9ment \u00e0 l&#8217;article 12 de la loi modifi\u00e9e du 26 mars 1992 sur l&#8217;exercice et la revalorisation de certaines professions de sant\u00e9. Agr\u00e9ment MISA : Agr\u00e9ment: 2024-AGR-05-001 Module 4 de la formation psychog\u00e9riatrique R\u00e9actions et m\u00e9thodes de r\u00e9solution Quatre films vid\u00e9o de 10 minutes chacun pr\u00e9sente une situation typique de comportements provocants [&hellip;]","og_url":"https:\/\/www.gero.lu\/de\/produit\/faire-face-aux-comportements-provocants-fcpg-iv-3","og_site_name":"GERO","article_publisher":"https:\/\/www.facebook.com\/Kompetenzzenter\/","article_modified_time":"2026-03-13T10:21:29+00:00","og_image":[{"width":1227,"height":802,"url":"https:\/\/www.gero.lu\/wp-content\/uploads\/2021\/08\/gettyimages-1135289130-2048x2048_RET-1.jpg","type":"image\/jpeg"}],"twitter_card":"summary_large_image","twitter_misc":{"Gesch\u00e4tzte Lesezeit":"1\u00a0Minute"},"schema":{"@context":"https:\/\/schema.org","@graph":[{"@type":"WebPage","@id":"https:\/\/www.gero.lu\/de\/produit\/faire-face-aux-comportements-provocants-fcpg-iv-3","url":"https:\/\/www.gero.lu\/de\/produit\/faire-face-aux-comportements-provocants-fcpg-iv-3","name":"Faire face aux comportements provocants (FCPG IV) (Agr\u00e9ment: 2024-AGR-05-001) - GERO","isPartOf":{"@id":"https:\/\/www.gero.lu\/de\/#website"},"datePublished":"2025-09-12T10:25:39+00:00","dateModified":"2026-03-13T10:21:29+00:00","breadcrumb":{"@id":"https:\/\/www.gero.lu\/de\/produit\/faire-face-aux-comportements-provocants-fcpg-iv-3#breadcrumb"},"inLanguage":"de","potentialAction":[{"@type":"ReadAction","target":[["https:\/\/www.gero.lu\/de\/produit\/faire-face-aux-comportements-provocants-fcpg-iv-3"]]}]},{"@type":"BreadcrumbList","@id":"https:\/\/www.gero.lu\/de\/produit\/faire-face-aux-comportements-provocants-fcpg-iv-3#breadcrumb","itemListElement":[{"@type":"ListItem","position":1,"name":"Accueil","item":"https:\/\/www.gero.lu\/de\/"},{"@type":"ListItem","position":2,"name":"Shop","item":"https:\/\/www.gero.lu\/de\/shop"},{"@type":"ListItem","position":3,"name":"Faire face aux comportements provocants (FCPG IV) (Agr\u00e9ment: 2024-AGR-05-001)"}]},{"@type":"WebSite","@id":"https:\/\/www.gero.lu\/de\/#website","url":"https:\/\/www.gero.lu\/de\/","name":"Gero","description":"Kompetenzzenter fir den Alter","publisher":{"@id":"https:\/\/www.gero.lu\/de\/#organization"},"potentialAction":[{"@type":"SearchAction","target":{"@type":"EntryPoint","urlTemplate":"https:\/\/www.gero.lu\/de\/?s={search_term_string}"},"query-input":{"@type":"PropertyValueSpecification","valueRequired":true,"valueName":"search_term_string"}}],"inLanguage":"de"},{"@type":"Organization","@id":"https:\/\/www.gero.lu\/de\/#organization","name":"Gero","url":"https:\/\/www.gero.lu\/de\/","logo":{"@type":"ImageObject","inLanguage":"de","@id":"https:\/\/www.gero.lu\/de\/#\/schema\/logo\/image\/","url":"https:\/\/www.gero.lu\/wp-content\/uploads\/2024\/04\/logo.svg","contentUrl":"https:\/\/www.gero.lu\/wp-content\/uploads\/2024\/04\/logo.svg","width":76,"height":30,"caption":"Gero"},"image":{"@id":"https:\/\/www.gero.lu\/de\/#\/schema\/logo\/image\/"},"sameAs":["https:\/\/www.facebook.com\/Kompetenzzenter\/","https:\/\/www.instagram.com\/gero.kompetenzzenter\/","https:\/\/linkedin.com\/company\/gero-kompetenzzenter-fir-den-alter","https:\/\/www.youtube.com\/channel\/UCJvmJYSeHh3dYQsLHZupj-Q"]}]}},"_links":{"self":[{"href":"https:\/\/www.gero.lu\/de\/wp-json\/wp\/v2\/product\/9881","targetHints":{"allow":["GET"]}}],"collection":[{"href":"https:\/\/www.gero.lu\/de\/wp-json\/wp\/v2\/product"}],"about":[{"href":"https:\/\/www.gero.lu\/de\/wp-json\/wp\/v2\/types\/product"}],"replies":[{"embeddable":true,"href":"https:\/\/www.gero.lu\/de\/wp-json\/wp\/v2\/comments?post=9881"}],"wp:attachment":[{"href":"https:\/\/www.gero.lu\/de\/wp-json\/wp\/v2\/media?parent=9881"}],"wp:term":[{"taxonomy":"product_brand","embeddable":true,"href":"https:\/\/www.gero.lu\/de\/wp-json\/wp\/v2\/product_brand?post=9881"},{"taxonomy":"product_cat","embeddable":true,"href":"https:\/\/www.gero.lu\/de\/wp-json\/wp\/v2\/product_cat?post=9881"},{"taxonomy":"product_tag","embeddable":true,"href":"https:\/\/www.gero.lu\/de\/wp-json\/wp\/v2\/product_tag?post=9881"}],"curies":[{"name":"wp","href":"https:\/\/api.w.org\/{rel}","templated":true}]}}