{"id":9795,"date":"2025-08-29T08:21:54","date_gmt":"2025-08-29T08:21:54","guid":{"rendered":"https:\/\/www.gero.lu\/produit\/un-update-de-mes-connaissances-en-leadership"},"modified":"2026-01-16T08:21:25","modified_gmt":"2026-01-16T08:21:25","slug":"un-update-de-mes-connaissances-en-leadership","status":"publish","type":"product","link":"https:\/\/www.gero.lu\/de\/produit\/un-update-de-mes-connaissances-en-leadership","title":{"rendered":"Un update de mes connaissances en Leadership"},"content":{"rendered":"<p>une mise \u00e0 jour sous forme d\u2019\u00e9change et application.<\/p>\n<p>Il va de soi aujourd\u2019hui de faire \u00ab un update \u00bb de nos ordinateurs, c&#8217;est-\u00e0-dire de les actualiser.<br \/>\nEn tant que participant\u00b7e aux cours de leadership, vous aurez pendant cette journ\u00e9e la possibilit\u00e9 d&#8217;effectuer cette mise \u00e0 jour pour votre travail quotidien de management,  afin de faire le point et de d\u00e9couvrir des id\u00e9es et nouvelles issues de la syst\u00e9mique.<\/p>\n<p>Cela se fera en collaboration avec d&#8217;autres participant\u00b7es de la formation que vous avez suivie.<\/p>\n<p>Buts:<br \/>\n\u2022\tRecueillir de nouvelles id\u00e9es et perspectives<br \/>\n\u2022\tRafraichir les connaissances de leadership syst\u00e9mique et symbolique<br \/>\n\u2022\tMettre en pratique les connaissances acquises et rechercher des solutions \u00e0 l&#8217;aide d&#8217;exemples pratiques concrets issus du quotidien.<\/p>\n<p>Th\u00e8mes:<br \/>\n\u2022\tD\u00e9veloppement strat\u00e9gique du personnel<br \/>\n\u2022\tTravail de direction \u00e0 partir d&#8217;exemples actuels<br \/>\n\u2022\tDirection symbolique<br \/>\n\u2022\t\u00c9tat des lieux de la PE et de l&#8217;OE<br \/>\n\u2022\tLe pouvoir de l&#8217;autorit\u00e9 positive et encourageante<\/p>\n<p>Apr\u00e8s cette journ\u00e9e, un coaching compl\u00e9mentaire et\/ou un accompagnement virtuel personnalis\u00e9 peuvent \u00eatre propos\u00e9s.<\/p>\n<p>Public cible : exclusivement destin\u00e9 \u00e0 celles et ceux qui ont d\u00e9j\u00e0 suivi un cours de leadership avec Madame V\u00e9ronique Thill.<\/p>\n","protected":false},"excerpt":{"rendered":"<p>une mise \u00e0 jour sous forme d\u2019\u00e9change et application. Il va de soi aujourd\u2019hui de faire \u00ab un update \u00bb de nos ordinateurs, c&#8217;est-\u00e0-dire de les actualiser. En tant que participant\u00b7e aux cours de leadership, vous aurez pendant cette journ\u00e9e la possibilit\u00e9 d&#8217;effectuer cette mise \u00e0 jour pour votre travail quotidien de management, afin de [&hellip;]<\/p>\n","protected":false},"featured_media":0,"comment_status":"closed","ping_status":"closed","template":"","meta":{"_acf_changed":false,"inline_featured_image":false},"product_brand":[],"product_cat":[239],"product_tag":[233],"class_list":{"0":"post-9795","1":"product","2":"type-product","3":"status-publish","5":"product_cat-cours-pro","6":"product_tag-management-leadership-pro","8":"first","9":"instock","10":"virtual","11":"purchasable","12":"product-type-simple"},"acf":[],"yoast_head":"<!-- This site is optimized with the Yoast SEO Premium plugin v26.5 (Yoast SEO v26.5) - https:\/\/yoast.com\/wordpress\/plugins\/seo\/ -->\n<title>Un update de mes connaissances en Leadership - GERO<\/title>\n<meta name=\"robots\" content=\"index, follow, max-snippet:-1, max-image-preview:large, max-video-preview:-1\" \/>\n<link rel=\"canonical\" href=\"https:\/\/www.gero.lu\/de\/produit\/un-update-de-mes-connaissances-en-leadership\" \/>\n<meta property=\"og:locale\" content=\"de_DE\" \/>\n<meta property=\"og:type\" content=\"article\" \/>\n<meta property=\"og:title\" content=\"Un update de mes connaissances en Leadership\" \/>\n<meta property=\"og:description\" content=\"une mise \u00e0 jour sous forme d\u2019\u00e9change et application. Il va de soi aujourd\u2019hui de faire \u00ab un update \u00bb de nos ordinateurs, c&#8217;est-\u00e0-dire de les actualiser. En tant que participant\u00b7e aux cours de leadership, vous aurez pendant cette journ\u00e9e la possibilit\u00e9 d&#8217;effectuer cette mise \u00e0 jour pour votre travail quotidien de management, afin de [&hellip;]\" \/>\n<meta property=\"og:url\" content=\"https:\/\/www.gero.lu\/de\/produit\/un-update-de-mes-connaissances-en-leadership\" \/>\n<meta property=\"og:site_name\" content=\"GERO\" \/>\n<meta property=\"article:publisher\" content=\"https:\/\/www.facebook.com\/Kompetenzzenter\/\" \/>\n<meta property=\"article:modified_time\" content=\"2026-01-16T08:21:25+00:00\" \/>\n<meta property=\"og:image\" content=\"https:\/\/www.gero.lu\/wp-content\/uploads\/2021\/08\/gettyimages-1135289130-2048x2048_RET-1.jpg\" \/>\n\t<meta property=\"og:image:width\" content=\"1227\" \/>\n\t<meta property=\"og:image:height\" content=\"802\" \/>\n\t<meta property=\"og:image:type\" content=\"image\/jpeg\" \/>\n<meta name=\"twitter:card\" content=\"summary_large_image\" \/>\n<meta name=\"twitter:label1\" content=\"Gesch\u00e4tzte Lesezeit\" \/>\n\t<meta name=\"twitter:data1\" content=\"1\u00a0Minute\" \/>\n<script type=\"application\/ld+json\" class=\"yoast-schema-graph\">{\"@context\":\"https:\/\/schema.org\",\"@graph\":[{\"@type\":\"WebPage\",\"@id\":\"https:\/\/www.gero.lu\/de\/produit\/un-update-de-mes-connaissances-en-leadership\",\"url\":\"https:\/\/www.gero.lu\/de\/produit\/un-update-de-mes-connaissances-en-leadership\",\"name\":\"Un update de mes connaissances en Leadership - GERO\",\"isPartOf\":{\"@id\":\"https:\/\/www.gero.lu\/de\/#website\"},\"datePublished\":\"2025-08-29T08:21:54+00:00\",\"dateModified\":\"2026-01-16T08:21:25+00:00\",\"breadcrumb\":{\"@id\":\"https:\/\/www.gero.lu\/de\/produit\/un-update-de-mes-connaissances-en-leadership#breadcrumb\"},\"inLanguage\":\"de\",\"potentialAction\":[{\"@type\":\"ReadAction\",\"target\":[[\"https:\/\/www.gero.lu\/de\/produit\/un-update-de-mes-connaissances-en-leadership\"]]}]},{\"@type\":\"BreadcrumbList\",\"@id\":\"https:\/\/www.gero.lu\/de\/produit\/un-update-de-mes-connaissances-en-leadership#breadcrumb\",\"itemListElement\":[{\"@type\":\"ListItem\",\"position\":1,\"name\":\"Accueil\",\"item\":\"https:\/\/www.gero.lu\/de\/\"},{\"@type\":\"ListItem\",\"position\":2,\"name\":\"Shop\",\"item\":\"https:\/\/www.gero.lu\/de\/shop\"},{\"@type\":\"ListItem\",\"position\":3,\"name\":\"Un update de mes connaissances en Leadership\"}]},{\"@type\":\"WebSite\",\"@id\":\"https:\/\/www.gero.lu\/de\/#website\",\"url\":\"https:\/\/www.gero.lu\/de\/\",\"name\":\"Gero\",\"description\":\"Kompetenzzenter fir den Alter\",\"publisher\":{\"@id\":\"https:\/\/www.gero.lu\/de\/#organization\"},\"potentialAction\":[{\"@type\":\"SearchAction\",\"target\":{\"@type\":\"EntryPoint\",\"urlTemplate\":\"https:\/\/www.gero.lu\/de\/?s={search_term_string}\"},\"query-input\":{\"@type\":\"PropertyValueSpecification\",\"valueRequired\":true,\"valueName\":\"search_term_string\"}}],\"inLanguage\":\"de\"},{\"@type\":\"Organization\",\"@id\":\"https:\/\/www.gero.lu\/de\/#organization\",\"name\":\"Gero\",\"url\":\"https:\/\/www.gero.lu\/de\/\",\"logo\":{\"@type\":\"ImageObject\",\"inLanguage\":\"de\",\"@id\":\"https:\/\/www.gero.lu\/de\/#\/schema\/logo\/image\/\",\"url\":\"https:\/\/www.gero.lu\/wp-content\/uploads\/2024\/04\/logo.svg\",\"contentUrl\":\"https:\/\/www.gero.lu\/wp-content\/uploads\/2024\/04\/logo.svg\",\"width\":76,\"height\":30,\"caption\":\"Gero\"},\"image\":{\"@id\":\"https:\/\/www.gero.lu\/de\/#\/schema\/logo\/image\/\"},\"sameAs\":[\"https:\/\/www.facebook.com\/Kompetenzzenter\/\",\"https:\/\/www.instagram.com\/gero.kompetenzzenter\/\",\"https:\/\/linkedin.com\/company\/gero-kompetenzzenter-fir-den-alter\",\"https:\/\/www.youtube.com\/channel\/UCJvmJYSeHh3dYQsLHZupj-Q\"]}]}<\/script>\n<!-- \/ Yoast SEO Premium plugin. -->","yoast_head_json":{"title":"Un update de mes connaissances en Leadership - GERO","robots":{"index":"index","follow":"follow","max-snippet":"max-snippet:-1","max-image-preview":"max-image-preview:large","max-video-preview":"max-video-preview:-1"},"canonical":"https:\/\/www.gero.lu\/de\/produit\/un-update-de-mes-connaissances-en-leadership","og_locale":"de_DE","og_type":"article","og_title":"Un update de mes connaissances en Leadership","og_description":"une mise \u00e0 jour sous forme d\u2019\u00e9change et application. Il va de soi aujourd\u2019hui de faire \u00ab un update \u00bb de nos ordinateurs, c&#8217;est-\u00e0-dire de les actualiser. En tant que participant\u00b7e aux cours de leadership, vous aurez pendant cette journ\u00e9e la possibilit\u00e9 d&#8217;effectuer cette mise \u00e0 jour pour votre travail quotidien de management, afin de [&hellip;]","og_url":"https:\/\/www.gero.lu\/de\/produit\/un-update-de-mes-connaissances-en-leadership","og_site_name":"GERO","article_publisher":"https:\/\/www.facebook.com\/Kompetenzzenter\/","article_modified_time":"2026-01-16T08:21:25+00:00","og_image":[{"width":1227,"height":802,"url":"https:\/\/www.gero.lu\/wp-content\/uploads\/2021\/08\/gettyimages-1135289130-2048x2048_RET-1.jpg","type":"image\/jpeg"}],"twitter_card":"summary_large_image","twitter_misc":{"Gesch\u00e4tzte Lesezeit":"1\u00a0Minute"},"schema":{"@context":"https:\/\/schema.org","@graph":[{"@type":"WebPage","@id":"https:\/\/www.gero.lu\/de\/produit\/un-update-de-mes-connaissances-en-leadership","url":"https:\/\/www.gero.lu\/de\/produit\/un-update-de-mes-connaissances-en-leadership","name":"Un update de mes connaissances en Leadership - GERO","isPartOf":{"@id":"https:\/\/www.gero.lu\/de\/#website"},"datePublished":"2025-08-29T08:21:54+00:00","dateModified":"2026-01-16T08:21:25+00:00","breadcrumb":{"@id":"https:\/\/www.gero.lu\/de\/produit\/un-update-de-mes-connaissances-en-leadership#breadcrumb"},"inLanguage":"de","potentialAction":[{"@type":"ReadAction","target":[["https:\/\/www.gero.lu\/de\/produit\/un-update-de-mes-connaissances-en-leadership"]]}]},{"@type":"BreadcrumbList","@id":"https:\/\/www.gero.lu\/de\/produit\/un-update-de-mes-connaissances-en-leadership#breadcrumb","itemListElement":[{"@type":"ListItem","position":1,"name":"Accueil","item":"https:\/\/www.gero.lu\/de\/"},{"@type":"ListItem","position":2,"name":"Shop","item":"https:\/\/www.gero.lu\/de\/shop"},{"@type":"ListItem","position":3,"name":"Un update de mes connaissances en Leadership"}]},{"@type":"WebSite","@id":"https:\/\/www.gero.lu\/de\/#website","url":"https:\/\/www.gero.lu\/de\/","name":"Gero","description":"Kompetenzzenter fir den Alter","publisher":{"@id":"https:\/\/www.gero.lu\/de\/#organization"},"potentialAction":[{"@type":"SearchAction","target":{"@type":"EntryPoint","urlTemplate":"https:\/\/www.gero.lu\/de\/?s={search_term_string}"},"query-input":{"@type":"PropertyValueSpecification","valueRequired":true,"valueName":"search_term_string"}}],"inLanguage":"de"},{"@type":"Organization","@id":"https:\/\/www.gero.lu\/de\/#organization","name":"Gero","url":"https:\/\/www.gero.lu\/de\/","logo":{"@type":"ImageObject","inLanguage":"de","@id":"https:\/\/www.gero.lu\/de\/#\/schema\/logo\/image\/","url":"https:\/\/www.gero.lu\/wp-content\/uploads\/2024\/04\/logo.svg","contentUrl":"https:\/\/www.gero.lu\/wp-content\/uploads\/2024\/04\/logo.svg","width":76,"height":30,"caption":"Gero"},"image":{"@id":"https:\/\/www.gero.lu\/de\/#\/schema\/logo\/image\/"},"sameAs":["https:\/\/www.facebook.com\/Kompetenzzenter\/","https:\/\/www.instagram.com\/gero.kompetenzzenter\/","https:\/\/linkedin.com\/company\/gero-kompetenzzenter-fir-den-alter","https:\/\/www.youtube.com\/channel\/UCJvmJYSeHh3dYQsLHZupj-Q"]}]}},"_links":{"self":[{"href":"https:\/\/www.gero.lu\/de\/wp-json\/wp\/v2\/product\/9795","targetHints":{"allow":["GET"]}}],"collection":[{"href":"https:\/\/www.gero.lu\/de\/wp-json\/wp\/v2\/product"}],"about":[{"href":"https:\/\/www.gero.lu\/de\/wp-json\/wp\/v2\/types\/product"}],"replies":[{"embeddable":true,"href":"https:\/\/www.gero.lu\/de\/wp-json\/wp\/v2\/comments?post=9795"}],"wp:attachment":[{"href":"https:\/\/www.gero.lu\/de\/wp-json\/wp\/v2\/media?parent=9795"}],"wp:term":[{"taxonomy":"product_brand","embeddable":true,"href":"https:\/\/www.gero.lu\/de\/wp-json\/wp\/v2\/product_brand?post=9795"},{"taxonomy":"product_cat","embeddable":true,"href":"https:\/\/www.gero.lu\/de\/wp-json\/wp\/v2\/product_cat?post=9795"},{"taxonomy":"product_tag","embeddable":true,"href":"https:\/\/www.gero.lu\/de\/wp-json\/wp\/v2\/product_tag?post=9795"}],"curies":[{"name":"wp","href":"https:\/\/api.w.org\/{rel}","templated":true}]}}