{"id":9788,"date":"2025-08-28T07:21:36","date_gmt":"2025-08-28T07:21:36","guid":{"rendered":"https:\/\/www.gero.lu\/produit\/deeskalierende-kommunikation-am-telefon-2"},"modified":"2026-03-05T10:21:31","modified_gmt":"2026-03-05T10:21:31","slug":"deeskalierende-kommunikation-am-telefon-2","status":"publish","type":"product","link":"https:\/\/www.gero.lu\/de\/produit\/deeskalierende-kommunikation-am-telefon-2","title":{"rendered":"Deeskalierende Kommunikation am Telefon"},"content":{"rendered":"<p>Sich nicht sehen, aber dennoch richtig verstehen!<\/p>\n<p>In dieser eint\u00e4gigen Fortbildung liegt der Schwerpunkt auf den Besonderheiten der telefonischen Kommunikation. Ohne Bildtelefon sind wir stark auf die Stimme und die Sprache unseres Gespr\u00e4chspartners angewiesen. Der fehlende visuelle Eindruck kann die Interpretation des Gesagten erschweren und das Risiko von Missverst\u00e4ndnissen erh\u00f6hen, was zu Konflikten f\u00fchren kann.<br \/>\nDie Fortbildung ist teilnehmerorientiert gestaltet, und das \u00dcben mit eigenen Beispielen ist ausdr\u00fccklich erw\u00fcnscht.<\/p>\n<p>Inhalte:<br \/>\n&#8211;\tUnterschiede zwischen verbaler, nonverbaler und paraverbaler Kommunikation<br \/>\n&#8211;\tSt\u00e4rken und Schw\u00e4chen der verschiedenen Kommunikationsformen<br \/>\n&#8211;\tBesonderheiten der Kommunikation am Telefon<br \/>\n&#8211;\tRichtiges Zuh\u00f6ren<br \/>\n&#8211;\tGezielt Fragen stellen<br \/>\n&#8211;\tSich klar ausdr\u00fccken<br \/>\n&#8211;\tDeeskalationstechniken<\/p>\n<p>Zielgruppe: Alle, die interessiert sind<\/p>\n","protected":false},"excerpt":{"rendered":"<p>Sich nicht sehen, aber dennoch richtig verstehen! In dieser eint\u00e4gigen Fortbildung liegt der Schwerpunkt auf den Besonderheiten der telefonischen Kommunikation. Ohne Bildtelefon sind wir stark auf die Stimme und die Sprache unseres Gespr\u00e4chspartners angewiesen. Der fehlende visuelle Eindruck kann die Interpretation des Gesagten erschweren und das Risiko von Missverst\u00e4ndnissen erh\u00f6hen, was zu Konflikten f\u00fchren kann. [&hellip;]<\/p>\n","protected":false},"featured_media":0,"comment_status":"closed","ping_status":"closed","template":"","meta":{"_acf_changed":false,"inline_featured_image":false},"product_brand":[],"product_cat":[239],"product_tag":[234],"class_list":{"0":"post-9788","1":"product","2":"type-product","3":"status-publish","5":"product_cat-cours-pro","6":"product_tag-competence-personnelles-pro","8":"first","9":"instock","10":"virtual","11":"purchasable","12":"product-type-simple"},"acf":[],"yoast_head":"<!-- This site is optimized with the Yoast SEO Premium plugin v26.5 (Yoast SEO v26.5) - https:\/\/yoast.com\/wordpress\/plugins\/seo\/ -->\n<title>Deeskalierende Kommunikation am Telefon - GERO<\/title>\n<meta name=\"robots\" content=\"index, follow, max-snippet:-1, max-image-preview:large, max-video-preview:-1\" \/>\n<link rel=\"canonical\" href=\"https:\/\/www.gero.lu\/de\/produit\/deeskalierende-kommunikation-am-telefon-2\" \/>\n<meta property=\"og:locale\" content=\"de_DE\" \/>\n<meta property=\"og:type\" content=\"article\" \/>\n<meta property=\"og:title\" content=\"Deeskalierende Kommunikation am Telefon\" \/>\n<meta property=\"og:description\" content=\"Sich nicht sehen, aber dennoch richtig verstehen! In dieser eint\u00e4gigen Fortbildung liegt der Schwerpunkt auf den Besonderheiten der telefonischen Kommunikation. Ohne Bildtelefon sind wir stark auf die Stimme und die Sprache unseres Gespr\u00e4chspartners angewiesen. Der fehlende visuelle Eindruck kann die Interpretation des Gesagten erschweren und das Risiko von Missverst\u00e4ndnissen erh\u00f6hen, was zu Konflikten f\u00fchren kann. [&hellip;]\" \/>\n<meta property=\"og:url\" content=\"https:\/\/www.gero.lu\/de\/produit\/deeskalierende-kommunikation-am-telefon-2\" \/>\n<meta property=\"og:site_name\" content=\"GERO\" \/>\n<meta property=\"article:publisher\" content=\"https:\/\/www.facebook.com\/Kompetenzzenter\/\" \/>\n<meta property=\"article:modified_time\" content=\"2026-03-05T10:21:31+00:00\" \/>\n<meta property=\"og:image\" content=\"https:\/\/www.gero.lu\/wp-content\/uploads\/2021\/08\/gettyimages-1135289130-2048x2048_RET-1.jpg\" \/>\n\t<meta property=\"og:image:width\" content=\"1227\" \/>\n\t<meta property=\"og:image:height\" content=\"802\" \/>\n\t<meta property=\"og:image:type\" content=\"image\/jpeg\" \/>\n<meta name=\"twitter:card\" content=\"summary_large_image\" \/>\n<meta name=\"twitter:label1\" content=\"Gesch\u00e4tzte Lesezeit\" \/>\n\t<meta name=\"twitter:data1\" content=\"1\u00a0Minute\" \/>\n<script type=\"application\/ld+json\" class=\"yoast-schema-graph\">{\"@context\":\"https:\/\/schema.org\",\"@graph\":[{\"@type\":\"WebPage\",\"@id\":\"https:\/\/www.gero.lu\/de\/produit\/deeskalierende-kommunikation-am-telefon-2\",\"url\":\"https:\/\/www.gero.lu\/de\/produit\/deeskalierende-kommunikation-am-telefon-2\",\"name\":\"Deeskalierende Kommunikation am Telefon - GERO\",\"isPartOf\":{\"@id\":\"https:\/\/www.gero.lu\/de\/#website\"},\"datePublished\":\"2025-08-28T07:21:36+00:00\",\"dateModified\":\"2026-03-05T10:21:31+00:00\",\"breadcrumb\":{\"@id\":\"https:\/\/www.gero.lu\/de\/produit\/deeskalierende-kommunikation-am-telefon-2#breadcrumb\"},\"inLanguage\":\"de\",\"potentialAction\":[{\"@type\":\"ReadAction\",\"target\":[[\"https:\/\/www.gero.lu\/de\/produit\/deeskalierende-kommunikation-am-telefon-2\"]]}]},{\"@type\":\"BreadcrumbList\",\"@id\":\"https:\/\/www.gero.lu\/de\/produit\/deeskalierende-kommunikation-am-telefon-2#breadcrumb\",\"itemListElement\":[{\"@type\":\"ListItem\",\"position\":1,\"name\":\"Accueil\",\"item\":\"https:\/\/www.gero.lu\/de\/\"},{\"@type\":\"ListItem\",\"position\":2,\"name\":\"Shop\",\"item\":\"https:\/\/www.gero.lu\/de\/shop\"},{\"@type\":\"ListItem\",\"position\":3,\"name\":\"Deeskalierende Kommunikation am Telefon\"}]},{\"@type\":\"WebSite\",\"@id\":\"https:\/\/www.gero.lu\/de\/#website\",\"url\":\"https:\/\/www.gero.lu\/de\/\",\"name\":\"Gero\",\"description\":\"Kompetenzzenter fir den Alter\",\"publisher\":{\"@id\":\"https:\/\/www.gero.lu\/de\/#organization\"},\"potentialAction\":[{\"@type\":\"SearchAction\",\"target\":{\"@type\":\"EntryPoint\",\"urlTemplate\":\"https:\/\/www.gero.lu\/de\/?s={search_term_string}\"},\"query-input\":{\"@type\":\"PropertyValueSpecification\",\"valueRequired\":true,\"valueName\":\"search_term_string\"}}],\"inLanguage\":\"de\"},{\"@type\":\"Organization\",\"@id\":\"https:\/\/www.gero.lu\/de\/#organization\",\"name\":\"Gero\",\"url\":\"https:\/\/www.gero.lu\/de\/\",\"logo\":{\"@type\":\"ImageObject\",\"inLanguage\":\"de\",\"@id\":\"https:\/\/www.gero.lu\/de\/#\/schema\/logo\/image\/\",\"url\":\"https:\/\/www.gero.lu\/wp-content\/uploads\/2024\/04\/logo.svg\",\"contentUrl\":\"https:\/\/www.gero.lu\/wp-content\/uploads\/2024\/04\/logo.svg\",\"width\":76,\"height\":30,\"caption\":\"Gero\"},\"image\":{\"@id\":\"https:\/\/www.gero.lu\/de\/#\/schema\/logo\/image\/\"},\"sameAs\":[\"https:\/\/www.facebook.com\/Kompetenzzenter\/\",\"https:\/\/www.instagram.com\/gero.kompetenzzenter\/\",\"https:\/\/linkedin.com\/company\/gero-kompetenzzenter-fir-den-alter\",\"https:\/\/www.youtube.com\/channel\/UCJvmJYSeHh3dYQsLHZupj-Q\"]}]}<\/script>\n<!-- \/ Yoast SEO Premium plugin. -->","yoast_head_json":{"title":"Deeskalierende Kommunikation am Telefon - GERO","robots":{"index":"index","follow":"follow","max-snippet":"max-snippet:-1","max-image-preview":"max-image-preview:large","max-video-preview":"max-video-preview:-1"},"canonical":"https:\/\/www.gero.lu\/de\/produit\/deeskalierende-kommunikation-am-telefon-2","og_locale":"de_DE","og_type":"article","og_title":"Deeskalierende Kommunikation am Telefon","og_description":"Sich nicht sehen, aber dennoch richtig verstehen! In dieser eint\u00e4gigen Fortbildung liegt der Schwerpunkt auf den Besonderheiten der telefonischen Kommunikation. Ohne Bildtelefon sind wir stark auf die Stimme und die Sprache unseres Gespr\u00e4chspartners angewiesen. Der fehlende visuelle Eindruck kann die Interpretation des Gesagten erschweren und das Risiko von Missverst\u00e4ndnissen erh\u00f6hen, was zu Konflikten f\u00fchren kann. [&hellip;]","og_url":"https:\/\/www.gero.lu\/de\/produit\/deeskalierende-kommunikation-am-telefon-2","og_site_name":"GERO","article_publisher":"https:\/\/www.facebook.com\/Kompetenzzenter\/","article_modified_time":"2026-03-05T10:21:31+00:00","og_image":[{"width":1227,"height":802,"url":"https:\/\/www.gero.lu\/wp-content\/uploads\/2021\/08\/gettyimages-1135289130-2048x2048_RET-1.jpg","type":"image\/jpeg"}],"twitter_card":"summary_large_image","twitter_misc":{"Gesch\u00e4tzte Lesezeit":"1\u00a0Minute"},"schema":{"@context":"https:\/\/schema.org","@graph":[{"@type":"WebPage","@id":"https:\/\/www.gero.lu\/de\/produit\/deeskalierende-kommunikation-am-telefon-2","url":"https:\/\/www.gero.lu\/de\/produit\/deeskalierende-kommunikation-am-telefon-2","name":"Deeskalierende Kommunikation am Telefon - GERO","isPartOf":{"@id":"https:\/\/www.gero.lu\/de\/#website"},"datePublished":"2025-08-28T07:21:36+00:00","dateModified":"2026-03-05T10:21:31+00:00","breadcrumb":{"@id":"https:\/\/www.gero.lu\/de\/produit\/deeskalierende-kommunikation-am-telefon-2#breadcrumb"},"inLanguage":"de","potentialAction":[{"@type":"ReadAction","target":[["https:\/\/www.gero.lu\/de\/produit\/deeskalierende-kommunikation-am-telefon-2"]]}]},{"@type":"BreadcrumbList","@id":"https:\/\/www.gero.lu\/de\/produit\/deeskalierende-kommunikation-am-telefon-2#breadcrumb","itemListElement":[{"@type":"ListItem","position":1,"name":"Accueil","item":"https:\/\/www.gero.lu\/de\/"},{"@type":"ListItem","position":2,"name":"Shop","item":"https:\/\/www.gero.lu\/de\/shop"},{"@type":"ListItem","position":3,"name":"Deeskalierende Kommunikation am Telefon"}]},{"@type":"WebSite","@id":"https:\/\/www.gero.lu\/de\/#website","url":"https:\/\/www.gero.lu\/de\/","name":"Gero","description":"Kompetenzzenter fir den Alter","publisher":{"@id":"https:\/\/www.gero.lu\/de\/#organization"},"potentialAction":[{"@type":"SearchAction","target":{"@type":"EntryPoint","urlTemplate":"https:\/\/www.gero.lu\/de\/?s={search_term_string}"},"query-input":{"@type":"PropertyValueSpecification","valueRequired":true,"valueName":"search_term_string"}}],"inLanguage":"de"},{"@type":"Organization","@id":"https:\/\/www.gero.lu\/de\/#organization","name":"Gero","url":"https:\/\/www.gero.lu\/de\/","logo":{"@type":"ImageObject","inLanguage":"de","@id":"https:\/\/www.gero.lu\/de\/#\/schema\/logo\/image\/","url":"https:\/\/www.gero.lu\/wp-content\/uploads\/2024\/04\/logo.svg","contentUrl":"https:\/\/www.gero.lu\/wp-content\/uploads\/2024\/04\/logo.svg","width":76,"height":30,"caption":"Gero"},"image":{"@id":"https:\/\/www.gero.lu\/de\/#\/schema\/logo\/image\/"},"sameAs":["https:\/\/www.facebook.com\/Kompetenzzenter\/","https:\/\/www.instagram.com\/gero.kompetenzzenter\/","https:\/\/linkedin.com\/company\/gero-kompetenzzenter-fir-den-alter","https:\/\/www.youtube.com\/channel\/UCJvmJYSeHh3dYQsLHZupj-Q"]}]}},"_links":{"self":[{"href":"https:\/\/www.gero.lu\/de\/wp-json\/wp\/v2\/product\/9788","targetHints":{"allow":["GET"]}}],"collection":[{"href":"https:\/\/www.gero.lu\/de\/wp-json\/wp\/v2\/product"}],"about":[{"href":"https:\/\/www.gero.lu\/de\/wp-json\/wp\/v2\/types\/product"}],"replies":[{"embeddable":true,"href":"https:\/\/www.gero.lu\/de\/wp-json\/wp\/v2\/comments?post=9788"}],"wp:attachment":[{"href":"https:\/\/www.gero.lu\/de\/wp-json\/wp\/v2\/media?parent=9788"}],"wp:term":[{"taxonomy":"product_brand","embeddable":true,"href":"https:\/\/www.gero.lu\/de\/wp-json\/wp\/v2\/product_brand?post=9788"},{"taxonomy":"product_cat","embeddable":true,"href":"https:\/\/www.gero.lu\/de\/wp-json\/wp\/v2\/product_cat?post=9788"},{"taxonomy":"product_tag","embeddable":true,"href":"https:\/\/www.gero.lu\/de\/wp-json\/wp\/v2\/product_tag?post=9788"}],"curies":[{"name":"wp","href":"https:\/\/api.w.org\/{rel}","templated":true}]}}