{"id":9787,"date":"2025-08-28T07:21:30","date_gmt":"2025-08-28T07:21:30","guid":{"rendered":"https:\/\/www.gero.lu\/produit\/stressbewaltigung-und-konfliktlosung-3"},"modified":"2026-03-02T08:22:17","modified_gmt":"2026-03-02T08:22:17","slug":"stressbewaltigung-und-konfliktlosung-3","status":"publish","type":"product","link":"https:\/\/www.gero.lu\/de\/produit\/stressbewaltigung-und-konfliktlosung-3","title":{"rendered":"Stressbew\u00e4ltigung und Konfliktl\u00f6sung"},"content":{"rendered":"<p>In Balance im Alltag <\/p>\n<p>Stress offenbart sich in unserem Alltag in vielf\u00e4ltiger Weise, egal ob beruflich oder privat, ob auf k\u00f6rperlicher oder psychischer Ebene. Verkehr, Arbeitsbelastung, Rollenvielfalt, Wetter oder Konflikte mit anderen Menschen beispielsweise erweisen sich als st\u00e4ndige Herausforderungen, die es zu meistern gilt. Dies ist nicht immer einfach und man f\u00fchlt sich manchmal dazu nicht in der Lage. <\/p>\n<p>Die Liste m\u00f6glicher Stressoren und deren Auswirkungen auf den menschlichen Organismus erscheint endlos lang und ist zudem individuell unterschiedlich. Nicht umsonst spricht man beim Stress von der Pest des 21. Jahrhunderts.<\/p>\n<p>Dieses Seminar fokussiert daher die zwei zentralen Themen: Stress und Konflikte sowie deren Verkn\u00fcpfung gerade in der zwischenmenschlichen Interaktion. Es geht um das fr\u00fchzeitige Erkennen m\u00f6glicher Belastungsmomente und deren erfolgreiche Bew\u00e4ltigung. <\/p>\n<p>Ihnen werden individuelle L\u00f6sungsans\u00e4tze angeboten, wie Sie im allt\u00e4glichen stressigen, konfliktreichen Miteinander Ihre Lebensfreude und Ihre Handlungskompetenz erhalten k\u00f6nnen. <\/p>\n<p> In diesem Seminar befassen wir uns mit folgenden Themen:<\/p>\n<p>\u2022\tWas versteht man unter Stress und wie \u00e4u\u00dfert er sich bei mir?<br \/>\n\u2022\tWo sehe ich f\u00fcr mich Konflikte und wie gehe ich damit um?<br \/>\n\u2022\tResiliente L\u00f6sungskonzepte zum Umgang mit Stress<br \/>\n\u2022\tKonfliktanalyse und individuell angepasste Strategien<\/p>\n<p>Zielgruppe: Alle, die interessiert sind<\/p>\n","protected":false},"excerpt":{"rendered":"<p>In Balance im Alltag Stress offenbart sich in unserem Alltag in vielf\u00e4ltiger Weise, egal ob beruflich oder privat, ob auf k\u00f6rperlicher oder psychischer Ebene. Verkehr, Arbeitsbelastung, Rollenvielfalt, Wetter oder Konflikte mit anderen Menschen beispielsweise erweisen sich als st\u00e4ndige Herausforderungen, die es zu meistern gilt. Dies ist nicht immer einfach und man f\u00fchlt sich manchmal dazu [&hellip;]<\/p>\n","protected":false},"featured_media":0,"comment_status":"closed","ping_status":"closed","template":"","meta":{"_acf_changed":false,"inline_featured_image":false},"product_brand":[],"product_cat":[239],"product_tag":[234],"class_list":{"0":"post-9787","1":"product","2":"type-product","3":"status-publish","5":"product_cat-cours-pro","6":"product_tag-competence-personnelles-pro","8":"first","9":"instock","10":"virtual","11":"purchasable","12":"product-type-simple"},"acf":[],"yoast_head":"<!-- This site is optimized with the Yoast SEO Premium plugin v26.5 (Yoast SEO v26.5) - https:\/\/yoast.com\/wordpress\/plugins\/seo\/ -->\n<title>Stressbew\u00e4ltigung und Konfliktl\u00f6sung - GERO<\/title>\n<meta name=\"robots\" content=\"index, follow, max-snippet:-1, max-image-preview:large, max-video-preview:-1\" \/>\n<link rel=\"canonical\" href=\"https:\/\/www.gero.lu\/de\/produit\/stressbewaltigung-und-konfliktlosung-3\" \/>\n<meta property=\"og:locale\" content=\"de_DE\" \/>\n<meta property=\"og:type\" content=\"article\" \/>\n<meta property=\"og:title\" content=\"Stressbew\u00e4ltigung und Konfliktl\u00f6sung\" \/>\n<meta property=\"og:description\" content=\"In Balance im Alltag Stress offenbart sich in unserem Alltag in vielf\u00e4ltiger Weise, egal ob beruflich oder privat, ob auf k\u00f6rperlicher oder psychischer Ebene. Verkehr, Arbeitsbelastung, Rollenvielfalt, Wetter oder Konflikte mit anderen Menschen beispielsweise erweisen sich als st\u00e4ndige Herausforderungen, die es zu meistern gilt. Dies ist nicht immer einfach und man f\u00fchlt sich manchmal dazu [&hellip;]\" \/>\n<meta property=\"og:url\" content=\"https:\/\/www.gero.lu\/de\/produit\/stressbewaltigung-und-konfliktlosung-3\" \/>\n<meta property=\"og:site_name\" content=\"GERO\" \/>\n<meta property=\"article:publisher\" content=\"https:\/\/www.facebook.com\/Kompetenzzenter\/\" \/>\n<meta property=\"article:modified_time\" content=\"2026-03-02T08:22:17+00:00\" \/>\n<meta property=\"og:image\" content=\"https:\/\/www.gero.lu\/wp-content\/uploads\/2021\/08\/gettyimages-1135289130-2048x2048_RET-1.jpg\" \/>\n\t<meta property=\"og:image:width\" content=\"1227\" \/>\n\t<meta property=\"og:image:height\" content=\"802\" \/>\n\t<meta property=\"og:image:type\" content=\"image\/jpeg\" \/>\n<meta name=\"twitter:card\" content=\"summary_large_image\" \/>\n<meta name=\"twitter:label1\" content=\"Gesch\u00e4tzte Lesezeit\" \/>\n\t<meta name=\"twitter:data1\" content=\"1\u00a0Minute\" \/>\n<script type=\"application\/ld+json\" class=\"yoast-schema-graph\">{\"@context\":\"https:\/\/schema.org\",\"@graph\":[{\"@type\":\"WebPage\",\"@id\":\"https:\/\/www.gero.lu\/de\/produit\/stressbewaltigung-und-konfliktlosung-3\",\"url\":\"https:\/\/www.gero.lu\/de\/produit\/stressbewaltigung-und-konfliktlosung-3\",\"name\":\"Stressbew\u00e4ltigung und Konfliktl\u00f6sung - GERO\",\"isPartOf\":{\"@id\":\"https:\/\/www.gero.lu\/de\/#website\"},\"datePublished\":\"2025-08-28T07:21:30+00:00\",\"dateModified\":\"2026-03-02T08:22:17+00:00\",\"breadcrumb\":{\"@id\":\"https:\/\/www.gero.lu\/de\/produit\/stressbewaltigung-und-konfliktlosung-3#breadcrumb\"},\"inLanguage\":\"de\",\"potentialAction\":[{\"@type\":\"ReadAction\",\"target\":[[\"https:\/\/www.gero.lu\/de\/produit\/stressbewaltigung-und-konfliktlosung-3\"]]}]},{\"@type\":\"BreadcrumbList\",\"@id\":\"https:\/\/www.gero.lu\/de\/produit\/stressbewaltigung-und-konfliktlosung-3#breadcrumb\",\"itemListElement\":[{\"@type\":\"ListItem\",\"position\":1,\"name\":\"Accueil\",\"item\":\"https:\/\/www.gero.lu\/de\/\"},{\"@type\":\"ListItem\",\"position\":2,\"name\":\"Shop\",\"item\":\"https:\/\/www.gero.lu\/de\/shop\"},{\"@type\":\"ListItem\",\"position\":3,\"name\":\"Stressbew\u00e4ltigung und Konfliktl\u00f6sung\"}]},{\"@type\":\"WebSite\",\"@id\":\"https:\/\/www.gero.lu\/de\/#website\",\"url\":\"https:\/\/www.gero.lu\/de\/\",\"name\":\"Gero\",\"description\":\"Kompetenzzenter fir den Alter\",\"publisher\":{\"@id\":\"https:\/\/www.gero.lu\/de\/#organization\"},\"potentialAction\":[{\"@type\":\"SearchAction\",\"target\":{\"@type\":\"EntryPoint\",\"urlTemplate\":\"https:\/\/www.gero.lu\/de\/?s={search_term_string}\"},\"query-input\":{\"@type\":\"PropertyValueSpecification\",\"valueRequired\":true,\"valueName\":\"search_term_string\"}}],\"inLanguage\":\"de\"},{\"@type\":\"Organization\",\"@id\":\"https:\/\/www.gero.lu\/de\/#organization\",\"name\":\"Gero\",\"url\":\"https:\/\/www.gero.lu\/de\/\",\"logo\":{\"@type\":\"ImageObject\",\"inLanguage\":\"de\",\"@id\":\"https:\/\/www.gero.lu\/de\/#\/schema\/logo\/image\/\",\"url\":\"https:\/\/www.gero.lu\/wp-content\/uploads\/2024\/04\/logo.svg\",\"contentUrl\":\"https:\/\/www.gero.lu\/wp-content\/uploads\/2024\/04\/logo.svg\",\"width\":76,\"height\":30,\"caption\":\"Gero\"},\"image\":{\"@id\":\"https:\/\/www.gero.lu\/de\/#\/schema\/logo\/image\/\"},\"sameAs\":[\"https:\/\/www.facebook.com\/Kompetenzzenter\/\",\"https:\/\/www.instagram.com\/gero.kompetenzzenter\/\",\"https:\/\/linkedin.com\/company\/gero-kompetenzzenter-fir-den-alter\",\"https:\/\/www.youtube.com\/channel\/UCJvmJYSeHh3dYQsLHZupj-Q\"]}]}<\/script>\n<!-- \/ Yoast SEO Premium plugin. -->","yoast_head_json":{"title":"Stressbew\u00e4ltigung und Konfliktl\u00f6sung - GERO","robots":{"index":"index","follow":"follow","max-snippet":"max-snippet:-1","max-image-preview":"max-image-preview:large","max-video-preview":"max-video-preview:-1"},"canonical":"https:\/\/www.gero.lu\/de\/produit\/stressbewaltigung-und-konfliktlosung-3","og_locale":"de_DE","og_type":"article","og_title":"Stressbew\u00e4ltigung und Konfliktl\u00f6sung","og_description":"In Balance im Alltag Stress offenbart sich in unserem Alltag in vielf\u00e4ltiger Weise, egal ob beruflich oder privat, ob auf k\u00f6rperlicher oder psychischer Ebene. Verkehr, Arbeitsbelastung, Rollenvielfalt, Wetter oder Konflikte mit anderen Menschen beispielsweise erweisen sich als st\u00e4ndige Herausforderungen, die es zu meistern gilt. Dies ist nicht immer einfach und man f\u00fchlt sich manchmal dazu [&hellip;]","og_url":"https:\/\/www.gero.lu\/de\/produit\/stressbewaltigung-und-konfliktlosung-3","og_site_name":"GERO","article_publisher":"https:\/\/www.facebook.com\/Kompetenzzenter\/","article_modified_time":"2026-03-02T08:22:17+00:00","og_image":[{"width":1227,"height":802,"url":"https:\/\/www.gero.lu\/wp-content\/uploads\/2021\/08\/gettyimages-1135289130-2048x2048_RET-1.jpg","type":"image\/jpeg"}],"twitter_card":"summary_large_image","twitter_misc":{"Gesch\u00e4tzte Lesezeit":"1\u00a0Minute"},"schema":{"@context":"https:\/\/schema.org","@graph":[{"@type":"WebPage","@id":"https:\/\/www.gero.lu\/de\/produit\/stressbewaltigung-und-konfliktlosung-3","url":"https:\/\/www.gero.lu\/de\/produit\/stressbewaltigung-und-konfliktlosung-3","name":"Stressbew\u00e4ltigung und Konfliktl\u00f6sung - GERO","isPartOf":{"@id":"https:\/\/www.gero.lu\/de\/#website"},"datePublished":"2025-08-28T07:21:30+00:00","dateModified":"2026-03-02T08:22:17+00:00","breadcrumb":{"@id":"https:\/\/www.gero.lu\/de\/produit\/stressbewaltigung-und-konfliktlosung-3#breadcrumb"},"inLanguage":"de","potentialAction":[{"@type":"ReadAction","target":[["https:\/\/www.gero.lu\/de\/produit\/stressbewaltigung-und-konfliktlosung-3"]]}]},{"@type":"BreadcrumbList","@id":"https:\/\/www.gero.lu\/de\/produit\/stressbewaltigung-und-konfliktlosung-3#breadcrumb","itemListElement":[{"@type":"ListItem","position":1,"name":"Accueil","item":"https:\/\/www.gero.lu\/de\/"},{"@type":"ListItem","position":2,"name":"Shop","item":"https:\/\/www.gero.lu\/de\/shop"},{"@type":"ListItem","position":3,"name":"Stressbew\u00e4ltigung und Konfliktl\u00f6sung"}]},{"@type":"WebSite","@id":"https:\/\/www.gero.lu\/de\/#website","url":"https:\/\/www.gero.lu\/de\/","name":"Gero","description":"Kompetenzzenter fir den Alter","publisher":{"@id":"https:\/\/www.gero.lu\/de\/#organization"},"potentialAction":[{"@type":"SearchAction","target":{"@type":"EntryPoint","urlTemplate":"https:\/\/www.gero.lu\/de\/?s={search_term_string}"},"query-input":{"@type":"PropertyValueSpecification","valueRequired":true,"valueName":"search_term_string"}}],"inLanguage":"de"},{"@type":"Organization","@id":"https:\/\/www.gero.lu\/de\/#organization","name":"Gero","url":"https:\/\/www.gero.lu\/de\/","logo":{"@type":"ImageObject","inLanguage":"de","@id":"https:\/\/www.gero.lu\/de\/#\/schema\/logo\/image\/","url":"https:\/\/www.gero.lu\/wp-content\/uploads\/2024\/04\/logo.svg","contentUrl":"https:\/\/www.gero.lu\/wp-content\/uploads\/2024\/04\/logo.svg","width":76,"height":30,"caption":"Gero"},"image":{"@id":"https:\/\/www.gero.lu\/de\/#\/schema\/logo\/image\/"},"sameAs":["https:\/\/www.facebook.com\/Kompetenzzenter\/","https:\/\/www.instagram.com\/gero.kompetenzzenter\/","https:\/\/linkedin.com\/company\/gero-kompetenzzenter-fir-den-alter","https:\/\/www.youtube.com\/channel\/UCJvmJYSeHh3dYQsLHZupj-Q"]}]}},"_links":{"self":[{"href":"https:\/\/www.gero.lu\/de\/wp-json\/wp\/v2\/product\/9787","targetHints":{"allow":["GET"]}}],"collection":[{"href":"https:\/\/www.gero.lu\/de\/wp-json\/wp\/v2\/product"}],"about":[{"href":"https:\/\/www.gero.lu\/de\/wp-json\/wp\/v2\/types\/product"}],"replies":[{"embeddable":true,"href":"https:\/\/www.gero.lu\/de\/wp-json\/wp\/v2\/comments?post=9787"}],"wp:attachment":[{"href":"https:\/\/www.gero.lu\/de\/wp-json\/wp\/v2\/media?parent=9787"}],"wp:term":[{"taxonomy":"product_brand","embeddable":true,"href":"https:\/\/www.gero.lu\/de\/wp-json\/wp\/v2\/product_brand?post=9787"},{"taxonomy":"product_cat","embeddable":true,"href":"https:\/\/www.gero.lu\/de\/wp-json\/wp\/v2\/product_cat?post=9787"},{"taxonomy":"product_tag","embeddable":true,"href":"https:\/\/www.gero.lu\/de\/wp-json\/wp\/v2\/product_tag?post=9787"}],"curies":[{"name":"wp","href":"https:\/\/api.w.org\/{rel}","templated":true}]}}