{"id":9743,"date":"2025-08-18T09:31:06","date_gmt":"2025-08-18T09:31:06","guid":{"rendered":"https:\/\/www.gero.lu\/produit\/fortbildungszyklus-danz-am-setzen-fcpg-v"},"modified":"2026-03-04T11:21:19","modified_gmt":"2026-03-04T11:21:19","slug":"fortbildungszyklus-danz-am-setzen-fcpg-v","status":"publish","type":"product","link":"https:\/\/www.gero.lu\/de\/produit\/fortbildungszyklus-danz-am-setzen-fcpg-v","title":{"rendered":"Fortbildungszyklus &#8222;Danz am S\u00ebtzen&#8220;"},"content":{"rendered":"<p>Tanz im Sitzen ist eine eigenst\u00e4ndige Tanzform, die speziell auf die k\u00f6rperlichen, geistigen, psychischen und sozialen Befindlichkeiten \u00e4lterer Menschen abgestimmt ist. Im Vordergrund steht die Freude an der Bewegung nach Musik, ohne Leistungsdruck, aber daf\u00fcr mit dem Ziel, das allgemeine Wohlbefinden zu steigern und den Erhalt der Alltagskompetenzen zu f\u00f6rdern.<\/p>\n<p>In lockerer Atmosph\u00e4re k\u00f6nnen durch das Tanzen im Sitzen z.B. Ged\u00e4chtnis, Koordination, Konzentration, Reaktion und Ausdauer trainiert werden. Es ist allerdings sehr wichtig, Rhythmus und Abl\u00e4ufe so zu variieren bzw. abzustimmen, dass eine \u00dcberforderung besonders bei Menschen mit Demenz vermieden wird.<\/p>\n<p>Teil 1<br \/>\n\u2022\tAllgemeine Einf\u00fchrung zum Tanz im Sitzen<br \/>\n\u2022\tGrundz\u00fcge der Anatomie sowie altersbedingte Ver\u00e4nderungen<br \/>\n\u2022\tKonsequenzen f\u00fcr Tanz im Sitzen: Vorsichtsma\u00dfnahmen bei Osteoporose, k\u00f6rpergerechtes Muskeltraining, M\u00f6glichkeiten und Grenzen der Mobilisation, Vermeidung von \u00dcberlastung und Unf\u00e4llen<br \/>\n\u2022\tGrundlagen des Solf\u00e8ge (Grundschlag, Takt, Tempo, Rhythmus, Noten); es sind keine Vorkenntnisse erforderlich!<br \/>\n\u2022\tTanz im Rollstuhl oder mit dem Rollator <\/p>\n<p>Teil 2<br \/>\n\u2022\tFunktionsweise des Gehirns<br \/>\n\u2022\tGrundz\u00fcge des Ged\u00e4chtnistrainings<br \/>\n\u2022\tRichtige Atmung und Sitzposition<br \/>\n\u2022\tStoffwechsel und Ern\u00e4hrung<br \/>\n\u2022\tEinsatz von \u201eBoomwhackers\u201c (Klangr\u00f6hren)<br \/>\n\u2022\tHerstellen von Handger\u00e4ten<\/p>\n<p>Zielgruppe: Aide Socio-Familiale, Auxiliaire de Vie, Ergotherapeut*in, Erzieher*in, Krankenpfleger*in, Krankenpflegerhelfer*in, Physiotherapeut*in, Psycholog*in und andere relevante Berufsgruppen<\/p>\n","protected":false},"excerpt":{"rendered":"<p>Tanz im Sitzen ist eine eigenst\u00e4ndige Tanzform, die speziell auf die k\u00f6rperlichen, geistigen, psychischen und sozialen Befindlichkeiten \u00e4lterer Menschen abgestimmt ist. Im Vordergrund steht die Freude an der Bewegung nach Musik, ohne Leistungsdruck, aber daf\u00fcr mit dem Ziel, das allgemeine Wohlbefinden zu steigern und den Erhalt der Alltagskompetenzen zu f\u00f6rdern. In lockerer Atmosph\u00e4re k\u00f6nnen durch [&hellip;]<\/p>\n","protected":false},"featured_media":0,"comment_status":"closed","ping_status":"closed","template":"","meta":{"_acf_changed":false,"inline_featured_image":false},"product_brand":[],"product_cat":[239],"product_tag":[237],"class_list":{"0":"post-9743","1":"product","2":"type-product","3":"status-publish","5":"product_cat-cours-pro","6":"product_tag-soins-encadrement-therapie-pro","8":"first","9":"instock","10":"virtual","11":"purchasable","12":"product-type-simple"},"acf":[],"yoast_head":"<!-- This site is optimized with the Yoast SEO Premium plugin v26.5 (Yoast SEO v26.5) - https:\/\/yoast.com\/wordpress\/plugins\/seo\/ -->\n<title>Fortbildungszyklus &quot;Danz am S\u00ebtzen&quot; - GERO<\/title>\n<meta name=\"robots\" content=\"index, follow, max-snippet:-1, max-image-preview:large, max-video-preview:-1\" \/>\n<link rel=\"canonical\" href=\"https:\/\/www.gero.lu\/de\/produit\/fortbildungszyklus-danz-am-setzen-fcpg-v\" \/>\n<meta property=\"og:locale\" content=\"de_DE\" \/>\n<meta property=\"og:type\" content=\"article\" \/>\n<meta property=\"og:title\" content=\"Fortbildungszyklus &quot;Danz am S\u00ebtzen&quot;\" \/>\n<meta property=\"og:description\" content=\"Tanz im Sitzen ist eine eigenst\u00e4ndige Tanzform, die speziell auf die k\u00f6rperlichen, geistigen, psychischen und sozialen Befindlichkeiten \u00e4lterer Menschen abgestimmt ist. Im Vordergrund steht die Freude an der Bewegung nach Musik, ohne Leistungsdruck, aber daf\u00fcr mit dem Ziel, das allgemeine Wohlbefinden zu steigern und den Erhalt der Alltagskompetenzen zu f\u00f6rdern. In lockerer Atmosph\u00e4re k\u00f6nnen durch [&hellip;]\" \/>\n<meta property=\"og:url\" content=\"https:\/\/www.gero.lu\/de\/produit\/fortbildungszyklus-danz-am-setzen-fcpg-v\" \/>\n<meta property=\"og:site_name\" content=\"GERO\" \/>\n<meta property=\"article:publisher\" content=\"https:\/\/www.facebook.com\/Kompetenzzenter\/\" \/>\n<meta property=\"article:modified_time\" content=\"2026-03-04T11:21:19+00:00\" \/>\n<meta property=\"og:image\" content=\"https:\/\/www.gero.lu\/wp-content\/uploads\/2021\/08\/gettyimages-1135289130-2048x2048_RET-1.jpg\" \/>\n\t<meta property=\"og:image:width\" content=\"1227\" \/>\n\t<meta property=\"og:image:height\" content=\"802\" \/>\n\t<meta property=\"og:image:type\" content=\"image\/jpeg\" \/>\n<meta name=\"twitter:card\" content=\"summary_large_image\" \/>\n<meta name=\"twitter:label1\" content=\"Gesch\u00e4tzte Lesezeit\" \/>\n\t<meta name=\"twitter:data1\" content=\"1\u00a0Minute\" \/>\n<script type=\"application\/ld+json\" class=\"yoast-schema-graph\">{\"@context\":\"https:\/\/schema.org\",\"@graph\":[{\"@type\":\"WebPage\",\"@id\":\"https:\/\/www.gero.lu\/de\/produit\/fortbildungszyklus-danz-am-setzen-fcpg-v\",\"url\":\"https:\/\/www.gero.lu\/de\/produit\/fortbildungszyklus-danz-am-setzen-fcpg-v\",\"name\":\"Fortbildungszyklus \\\"Danz am S\u00ebtzen\\\" - GERO\",\"isPartOf\":{\"@id\":\"https:\/\/www.gero.lu\/de\/#website\"},\"datePublished\":\"2025-08-18T09:31:06+00:00\",\"dateModified\":\"2026-03-04T11:21:19+00:00\",\"breadcrumb\":{\"@id\":\"https:\/\/www.gero.lu\/de\/produit\/fortbildungszyklus-danz-am-setzen-fcpg-v#breadcrumb\"},\"inLanguage\":\"de\",\"potentialAction\":[{\"@type\":\"ReadAction\",\"target\":[[\"https:\/\/www.gero.lu\/de\/produit\/fortbildungszyklus-danz-am-setzen-fcpg-v\"]]}]},{\"@type\":\"BreadcrumbList\",\"@id\":\"https:\/\/www.gero.lu\/de\/produit\/fortbildungszyklus-danz-am-setzen-fcpg-v#breadcrumb\",\"itemListElement\":[{\"@type\":\"ListItem\",\"position\":1,\"name\":\"Accueil\",\"item\":\"https:\/\/www.gero.lu\/de\/\"},{\"@type\":\"ListItem\",\"position\":2,\"name\":\"Shop\",\"item\":\"https:\/\/www.gero.lu\/de\/shop\"},{\"@type\":\"ListItem\",\"position\":3,\"name\":\"Fortbildungszyklus \u00ab\u00a0Danz am S\u00ebtzen\u00a0\u00bb (FCPG V)\"}]},{\"@type\":\"WebSite\",\"@id\":\"https:\/\/www.gero.lu\/de\/#website\",\"url\":\"https:\/\/www.gero.lu\/de\/\",\"name\":\"Gero\",\"description\":\"Kompetenzzenter fir den Alter\",\"publisher\":{\"@id\":\"https:\/\/www.gero.lu\/de\/#organization\"},\"potentialAction\":[{\"@type\":\"SearchAction\",\"target\":{\"@type\":\"EntryPoint\",\"urlTemplate\":\"https:\/\/www.gero.lu\/de\/?s={search_term_string}\"},\"query-input\":{\"@type\":\"PropertyValueSpecification\",\"valueRequired\":true,\"valueName\":\"search_term_string\"}}],\"inLanguage\":\"de\"},{\"@type\":\"Organization\",\"@id\":\"https:\/\/www.gero.lu\/de\/#organization\",\"name\":\"Gero\",\"url\":\"https:\/\/www.gero.lu\/de\/\",\"logo\":{\"@type\":\"ImageObject\",\"inLanguage\":\"de\",\"@id\":\"https:\/\/www.gero.lu\/de\/#\/schema\/logo\/image\/\",\"url\":\"https:\/\/www.gero.lu\/wp-content\/uploads\/2024\/04\/logo.svg\",\"contentUrl\":\"https:\/\/www.gero.lu\/wp-content\/uploads\/2024\/04\/logo.svg\",\"width\":76,\"height\":30,\"caption\":\"Gero\"},\"image\":{\"@id\":\"https:\/\/www.gero.lu\/de\/#\/schema\/logo\/image\/\"},\"sameAs\":[\"https:\/\/www.facebook.com\/Kompetenzzenter\/\",\"https:\/\/www.instagram.com\/gero.kompetenzzenter\/\",\"https:\/\/linkedin.com\/company\/gero-kompetenzzenter-fir-den-alter\",\"https:\/\/www.youtube.com\/channel\/UCJvmJYSeHh3dYQsLHZupj-Q\"]}]}<\/script>\n<!-- \/ Yoast SEO Premium plugin. -->","yoast_head_json":{"title":"Fortbildungszyklus \"Danz am S\u00ebtzen\" - GERO","robots":{"index":"index","follow":"follow","max-snippet":"max-snippet:-1","max-image-preview":"max-image-preview:large","max-video-preview":"max-video-preview:-1"},"canonical":"https:\/\/www.gero.lu\/de\/produit\/fortbildungszyklus-danz-am-setzen-fcpg-v","og_locale":"de_DE","og_type":"article","og_title":"Fortbildungszyklus \"Danz am S\u00ebtzen\"","og_description":"Tanz im Sitzen ist eine eigenst\u00e4ndige Tanzform, die speziell auf die k\u00f6rperlichen, geistigen, psychischen und sozialen Befindlichkeiten \u00e4lterer Menschen abgestimmt ist. Im Vordergrund steht die Freude an der Bewegung nach Musik, ohne Leistungsdruck, aber daf\u00fcr mit dem Ziel, das allgemeine Wohlbefinden zu steigern und den Erhalt der Alltagskompetenzen zu f\u00f6rdern. In lockerer Atmosph\u00e4re k\u00f6nnen durch [&hellip;]","og_url":"https:\/\/www.gero.lu\/de\/produit\/fortbildungszyklus-danz-am-setzen-fcpg-v","og_site_name":"GERO","article_publisher":"https:\/\/www.facebook.com\/Kompetenzzenter\/","article_modified_time":"2026-03-04T11:21:19+00:00","og_image":[{"width":1227,"height":802,"url":"https:\/\/www.gero.lu\/wp-content\/uploads\/2021\/08\/gettyimages-1135289130-2048x2048_RET-1.jpg","type":"image\/jpeg"}],"twitter_card":"summary_large_image","twitter_misc":{"Gesch\u00e4tzte Lesezeit":"1\u00a0Minute"},"schema":{"@context":"https:\/\/schema.org","@graph":[{"@type":"WebPage","@id":"https:\/\/www.gero.lu\/de\/produit\/fortbildungszyklus-danz-am-setzen-fcpg-v","url":"https:\/\/www.gero.lu\/de\/produit\/fortbildungszyklus-danz-am-setzen-fcpg-v","name":"Fortbildungszyklus \"Danz am S\u00ebtzen\" - GERO","isPartOf":{"@id":"https:\/\/www.gero.lu\/de\/#website"},"datePublished":"2025-08-18T09:31:06+00:00","dateModified":"2026-03-04T11:21:19+00:00","breadcrumb":{"@id":"https:\/\/www.gero.lu\/de\/produit\/fortbildungszyklus-danz-am-setzen-fcpg-v#breadcrumb"},"inLanguage":"de","potentialAction":[{"@type":"ReadAction","target":[["https:\/\/www.gero.lu\/de\/produit\/fortbildungszyklus-danz-am-setzen-fcpg-v"]]}]},{"@type":"BreadcrumbList","@id":"https:\/\/www.gero.lu\/de\/produit\/fortbildungszyklus-danz-am-setzen-fcpg-v#breadcrumb","itemListElement":[{"@type":"ListItem","position":1,"name":"Accueil","item":"https:\/\/www.gero.lu\/de\/"},{"@type":"ListItem","position":2,"name":"Shop","item":"https:\/\/www.gero.lu\/de\/shop"},{"@type":"ListItem","position":3,"name":"Fortbildungszyklus \u00ab\u00a0Danz am S\u00ebtzen\u00a0\u00bb (FCPG V)"}]},{"@type":"WebSite","@id":"https:\/\/www.gero.lu\/de\/#website","url":"https:\/\/www.gero.lu\/de\/","name":"Gero","description":"Kompetenzzenter fir den Alter","publisher":{"@id":"https:\/\/www.gero.lu\/de\/#organization"},"potentialAction":[{"@type":"SearchAction","target":{"@type":"EntryPoint","urlTemplate":"https:\/\/www.gero.lu\/de\/?s={search_term_string}"},"query-input":{"@type":"PropertyValueSpecification","valueRequired":true,"valueName":"search_term_string"}}],"inLanguage":"de"},{"@type":"Organization","@id":"https:\/\/www.gero.lu\/de\/#organization","name":"Gero","url":"https:\/\/www.gero.lu\/de\/","logo":{"@type":"ImageObject","inLanguage":"de","@id":"https:\/\/www.gero.lu\/de\/#\/schema\/logo\/image\/","url":"https:\/\/www.gero.lu\/wp-content\/uploads\/2024\/04\/logo.svg","contentUrl":"https:\/\/www.gero.lu\/wp-content\/uploads\/2024\/04\/logo.svg","width":76,"height":30,"caption":"Gero"},"image":{"@id":"https:\/\/www.gero.lu\/de\/#\/schema\/logo\/image\/"},"sameAs":["https:\/\/www.facebook.com\/Kompetenzzenter\/","https:\/\/www.instagram.com\/gero.kompetenzzenter\/","https:\/\/linkedin.com\/company\/gero-kompetenzzenter-fir-den-alter","https:\/\/www.youtube.com\/channel\/UCJvmJYSeHh3dYQsLHZupj-Q"]}]}},"_links":{"self":[{"href":"https:\/\/www.gero.lu\/de\/wp-json\/wp\/v2\/product\/9743","targetHints":{"allow":["GET"]}}],"collection":[{"href":"https:\/\/www.gero.lu\/de\/wp-json\/wp\/v2\/product"}],"about":[{"href":"https:\/\/www.gero.lu\/de\/wp-json\/wp\/v2\/types\/product"}],"replies":[{"embeddable":true,"href":"https:\/\/www.gero.lu\/de\/wp-json\/wp\/v2\/comments?post=9743"}],"wp:attachment":[{"href":"https:\/\/www.gero.lu\/de\/wp-json\/wp\/v2\/media?parent=9743"}],"wp:term":[{"taxonomy":"product_brand","embeddable":true,"href":"https:\/\/www.gero.lu\/de\/wp-json\/wp\/v2\/product_brand?post=9743"},{"taxonomy":"product_cat","embeddable":true,"href":"https:\/\/www.gero.lu\/de\/wp-json\/wp\/v2\/product_cat?post=9743"},{"taxonomy":"product_tag","embeddable":true,"href":"https:\/\/www.gero.lu\/de\/wp-json\/wp\/v2\/product_tag?post=9743"}],"curies":[{"name":"wp","href":"https:\/\/api.w.org\/{rel}","templated":true}]}}