{"id":9724,"date":"2025-08-11T13:22:25","date_gmt":"2025-08-11T13:22:25","guid":{"rendered":"https:\/\/www.gero.lu\/produit\/ernahrung-in-wohnstrukturen-fur-altere-menschen"},"modified":"2026-03-09T12:23:03","modified_gmt":"2026-03-09T12:23:03","slug":"ernahrung-in-wohnstrukturen-fur-altere-menschen","status":"publish","type":"product","link":"https:\/\/www.gero.lu\/de\/produit\/ernahrung-in-wohnstrukturen-fur-altere-menschen","title":{"rendered":"Ern\u00e4hrung in Wohnstrukturen f\u00fcr \u00e4ltere Menschen"},"content":{"rendered":"<p>Von der Planung bis zum Teller \u2013 altersgerecht kochen und servieren<\/p>\n<p>Diese Schulung vermittelt ein fundiertes Verst\u00e4ndnis f\u00fcr die besonderen Ern\u00e4hrungsbed\u00fcrfnisse \u00e4lterer Menschen sowie f\u00fcr altersbedingte Erkrankungen. Die Teilnehmenden lernen, wie sie die Ern\u00e4hrung gezielt anpassen und geeignete Men\u00fcvorschl\u00e4ge f\u00fcr verschiedene Anforderungen erstellen k\u00f6nnen (z.\u202fB. bei Diabetes, Dialyse, Allergien oder ver\u00e4nderten Konsistenzen).<\/p>\n<p>Die Methodik ist lernendenzentriert und praxisnah: eine strukturierte theoretische Grundlage, praktische \u00dcbungen und Gruppendiskussionen f\u00f6rdern den aktiven Kompetenzerwerb.<\/p>\n<p>Inhalte:<br \/>\n&#8211;\tGesunde Ern\u00e4hrung f\u00fcr \u00e4ltere Menschen<br \/>\n&#8211;\tAnreicherung von Mahlzeiten<br \/>\n&#8211;\tDiabetes<br \/>\n&#8211;\tBallaststoffarme Men\u00fcs<br \/>\n&#8211;\tMen\u00fc f\u00fcr Dialysepatient\u00b7innen<br \/>\n&#8211;\tSchonkost<br \/>\n&#8211;\tGluten- und laktosefreie Men\u00fcs<br \/>\n&#8211;\tLebensmittelallergien<br \/>\n&#8211;\tAngepasste Konsistenzen<\/p>\n<p>Zielgruppe:<br \/>\nK\u00fcchenpersonal in Wohnstrukturen f\u00fcr \u00e4ltere Menschen sowie alle, die interessiert sind<\/p>\n","protected":false},"excerpt":{"rendered":"<p>Von der Planung bis zum Teller \u2013 altersgerecht kochen und servieren Diese Schulung vermittelt ein fundiertes Verst\u00e4ndnis f\u00fcr die besonderen Ern\u00e4hrungsbed\u00fcrfnisse \u00e4lterer Menschen sowie f\u00fcr altersbedingte Erkrankungen. Die Teilnehmenden lernen, wie sie die Ern\u00e4hrung gezielt anpassen und geeignete Men\u00fcvorschl\u00e4ge f\u00fcr verschiedene Anforderungen erstellen k\u00f6nnen (z.\u202fB. bei Diabetes, Dialyse, Allergien oder ver\u00e4nderten Konsistenzen). Die Methodik ist [&hellip;]<\/p>\n","protected":false},"featured_media":0,"comment_status":"closed","ping_status":"closed","template":"","meta":{"_acf_changed":false,"inline_featured_image":false},"product_brand":[],"product_cat":[239],"product_tag":[235],"class_list":{"0":"post-9724","1":"product","2":"type-product","3":"status-publish","5":"product_cat-cours-pro","6":"product_tag-economie-domestique-pro","8":"first","9":"instock","10":"virtual","11":"purchasable","12":"product-type-simple"},"acf":[],"yoast_head":"<!-- This site is optimized with the Yoast SEO Premium plugin v26.5 (Yoast SEO v26.5) - https:\/\/yoast.com\/wordpress\/plugins\/seo\/ -->\n<title>Ern\u00e4hrung in Wohnstrukturen f\u00fcr \u00e4ltere Menschen - GERO<\/title>\n<meta name=\"robots\" content=\"index, follow, max-snippet:-1, max-image-preview:large, max-video-preview:-1\" \/>\n<link rel=\"canonical\" href=\"https:\/\/www.gero.lu\/de\/produit\/ernahrung-in-wohnstrukturen-fur-altere-menschen\" \/>\n<meta property=\"og:locale\" content=\"de_DE\" \/>\n<meta property=\"og:type\" content=\"article\" \/>\n<meta property=\"og:title\" content=\"Ern\u00e4hrung in Wohnstrukturen f\u00fcr \u00e4ltere Menschen\" \/>\n<meta property=\"og:description\" content=\"Von der Planung bis zum Teller \u2013 altersgerecht kochen und servieren Diese Schulung vermittelt ein fundiertes Verst\u00e4ndnis f\u00fcr die besonderen Ern\u00e4hrungsbed\u00fcrfnisse \u00e4lterer Menschen sowie f\u00fcr altersbedingte Erkrankungen. Die Teilnehmenden lernen, wie sie die Ern\u00e4hrung gezielt anpassen und geeignete Men\u00fcvorschl\u00e4ge f\u00fcr verschiedene Anforderungen erstellen k\u00f6nnen (z.\u202fB. bei Diabetes, Dialyse, Allergien oder ver\u00e4nderten Konsistenzen). Die Methodik ist [&hellip;]\" \/>\n<meta property=\"og:url\" content=\"https:\/\/www.gero.lu\/de\/produit\/ernahrung-in-wohnstrukturen-fur-altere-menschen\" \/>\n<meta property=\"og:site_name\" content=\"GERO\" \/>\n<meta property=\"article:publisher\" content=\"https:\/\/www.facebook.com\/Kompetenzzenter\/\" \/>\n<meta property=\"article:modified_time\" content=\"2026-03-09T12:23:03+00:00\" \/>\n<meta property=\"og:image\" content=\"https:\/\/www.gero.lu\/wp-content\/uploads\/2021\/08\/gettyimages-1135289130-2048x2048_RET-1.jpg\" \/>\n\t<meta property=\"og:image:width\" content=\"1227\" \/>\n\t<meta property=\"og:image:height\" content=\"802\" \/>\n\t<meta property=\"og:image:type\" content=\"image\/jpeg\" \/>\n<meta name=\"twitter:card\" content=\"summary_large_image\" \/>\n<meta name=\"twitter:label1\" content=\"Gesch\u00e4tzte Lesezeit\" \/>\n\t<meta name=\"twitter:data1\" content=\"1\u00a0Minute\" \/>\n<script type=\"application\/ld+json\" class=\"yoast-schema-graph\">{\"@context\":\"https:\/\/schema.org\",\"@graph\":[{\"@type\":\"WebPage\",\"@id\":\"https:\/\/www.gero.lu\/de\/produit\/ernahrung-in-wohnstrukturen-fur-altere-menschen\",\"url\":\"https:\/\/www.gero.lu\/de\/produit\/ernahrung-in-wohnstrukturen-fur-altere-menschen\",\"name\":\"Ern\u00e4hrung in Wohnstrukturen f\u00fcr \u00e4ltere Menschen - GERO\",\"isPartOf\":{\"@id\":\"https:\/\/www.gero.lu\/de\/#website\"},\"datePublished\":\"2025-08-11T13:22:25+00:00\",\"dateModified\":\"2026-03-09T12:23:03+00:00\",\"breadcrumb\":{\"@id\":\"https:\/\/www.gero.lu\/de\/produit\/ernahrung-in-wohnstrukturen-fur-altere-menschen#breadcrumb\"},\"inLanguage\":\"de\",\"potentialAction\":[{\"@type\":\"ReadAction\",\"target\":[[\"https:\/\/www.gero.lu\/de\/produit\/ernahrung-in-wohnstrukturen-fur-altere-menschen\"]]}]},{\"@type\":\"BreadcrumbList\",\"@id\":\"https:\/\/www.gero.lu\/de\/produit\/ernahrung-in-wohnstrukturen-fur-altere-menschen#breadcrumb\",\"itemListElement\":[{\"@type\":\"ListItem\",\"position\":1,\"name\":\"Accueil\",\"item\":\"https:\/\/www.gero.lu\/de\/\"},{\"@type\":\"ListItem\",\"position\":2,\"name\":\"Shop\",\"item\":\"https:\/\/www.gero.lu\/de\/shop\"},{\"@type\":\"ListItem\",\"position\":3,\"name\":\"Ern\u00e4hrung in Wohnstrukturen f\u00fcr \u00e4ltere Menschen\"}]},{\"@type\":\"WebSite\",\"@id\":\"https:\/\/www.gero.lu\/de\/#website\",\"url\":\"https:\/\/www.gero.lu\/de\/\",\"name\":\"Gero\",\"description\":\"Kompetenzzenter fir den Alter\",\"publisher\":{\"@id\":\"https:\/\/www.gero.lu\/de\/#organization\"},\"potentialAction\":[{\"@type\":\"SearchAction\",\"target\":{\"@type\":\"EntryPoint\",\"urlTemplate\":\"https:\/\/www.gero.lu\/de\/?s={search_term_string}\"},\"query-input\":{\"@type\":\"PropertyValueSpecification\",\"valueRequired\":true,\"valueName\":\"search_term_string\"}}],\"inLanguage\":\"de\"},{\"@type\":\"Organization\",\"@id\":\"https:\/\/www.gero.lu\/de\/#organization\",\"name\":\"Gero\",\"url\":\"https:\/\/www.gero.lu\/de\/\",\"logo\":{\"@type\":\"ImageObject\",\"inLanguage\":\"de\",\"@id\":\"https:\/\/www.gero.lu\/de\/#\/schema\/logo\/image\/\",\"url\":\"https:\/\/www.gero.lu\/wp-content\/uploads\/2024\/04\/logo.svg\",\"contentUrl\":\"https:\/\/www.gero.lu\/wp-content\/uploads\/2024\/04\/logo.svg\",\"width\":76,\"height\":30,\"caption\":\"Gero\"},\"image\":{\"@id\":\"https:\/\/www.gero.lu\/de\/#\/schema\/logo\/image\/\"},\"sameAs\":[\"https:\/\/www.facebook.com\/Kompetenzzenter\/\",\"https:\/\/www.instagram.com\/gero.kompetenzzenter\/\",\"https:\/\/linkedin.com\/company\/gero-kompetenzzenter-fir-den-alter\",\"https:\/\/www.youtube.com\/channel\/UCJvmJYSeHh3dYQsLHZupj-Q\"]}]}<\/script>\n<!-- \/ Yoast SEO Premium plugin. -->","yoast_head_json":{"title":"Ern\u00e4hrung in Wohnstrukturen f\u00fcr \u00e4ltere Menschen - GERO","robots":{"index":"index","follow":"follow","max-snippet":"max-snippet:-1","max-image-preview":"max-image-preview:large","max-video-preview":"max-video-preview:-1"},"canonical":"https:\/\/www.gero.lu\/de\/produit\/ernahrung-in-wohnstrukturen-fur-altere-menschen","og_locale":"de_DE","og_type":"article","og_title":"Ern\u00e4hrung in Wohnstrukturen f\u00fcr \u00e4ltere Menschen","og_description":"Von der Planung bis zum Teller \u2013 altersgerecht kochen und servieren Diese Schulung vermittelt ein fundiertes Verst\u00e4ndnis f\u00fcr die besonderen Ern\u00e4hrungsbed\u00fcrfnisse \u00e4lterer Menschen sowie f\u00fcr altersbedingte Erkrankungen. Die Teilnehmenden lernen, wie sie die Ern\u00e4hrung gezielt anpassen und geeignete Men\u00fcvorschl\u00e4ge f\u00fcr verschiedene Anforderungen erstellen k\u00f6nnen (z.\u202fB. bei Diabetes, Dialyse, Allergien oder ver\u00e4nderten Konsistenzen). Die Methodik ist [&hellip;]","og_url":"https:\/\/www.gero.lu\/de\/produit\/ernahrung-in-wohnstrukturen-fur-altere-menschen","og_site_name":"GERO","article_publisher":"https:\/\/www.facebook.com\/Kompetenzzenter\/","article_modified_time":"2026-03-09T12:23:03+00:00","og_image":[{"width":1227,"height":802,"url":"https:\/\/www.gero.lu\/wp-content\/uploads\/2021\/08\/gettyimages-1135289130-2048x2048_RET-1.jpg","type":"image\/jpeg"}],"twitter_card":"summary_large_image","twitter_misc":{"Gesch\u00e4tzte Lesezeit":"1\u00a0Minute"},"schema":{"@context":"https:\/\/schema.org","@graph":[{"@type":"WebPage","@id":"https:\/\/www.gero.lu\/de\/produit\/ernahrung-in-wohnstrukturen-fur-altere-menschen","url":"https:\/\/www.gero.lu\/de\/produit\/ernahrung-in-wohnstrukturen-fur-altere-menschen","name":"Ern\u00e4hrung in Wohnstrukturen f\u00fcr \u00e4ltere Menschen - GERO","isPartOf":{"@id":"https:\/\/www.gero.lu\/de\/#website"},"datePublished":"2025-08-11T13:22:25+00:00","dateModified":"2026-03-09T12:23:03+00:00","breadcrumb":{"@id":"https:\/\/www.gero.lu\/de\/produit\/ernahrung-in-wohnstrukturen-fur-altere-menschen#breadcrumb"},"inLanguage":"de","potentialAction":[{"@type":"ReadAction","target":[["https:\/\/www.gero.lu\/de\/produit\/ernahrung-in-wohnstrukturen-fur-altere-menschen"]]}]},{"@type":"BreadcrumbList","@id":"https:\/\/www.gero.lu\/de\/produit\/ernahrung-in-wohnstrukturen-fur-altere-menschen#breadcrumb","itemListElement":[{"@type":"ListItem","position":1,"name":"Accueil","item":"https:\/\/www.gero.lu\/de\/"},{"@type":"ListItem","position":2,"name":"Shop","item":"https:\/\/www.gero.lu\/de\/shop"},{"@type":"ListItem","position":3,"name":"Ern\u00e4hrung in Wohnstrukturen f\u00fcr \u00e4ltere Menschen"}]},{"@type":"WebSite","@id":"https:\/\/www.gero.lu\/de\/#website","url":"https:\/\/www.gero.lu\/de\/","name":"Gero","description":"Kompetenzzenter fir den Alter","publisher":{"@id":"https:\/\/www.gero.lu\/de\/#organization"},"potentialAction":[{"@type":"SearchAction","target":{"@type":"EntryPoint","urlTemplate":"https:\/\/www.gero.lu\/de\/?s={search_term_string}"},"query-input":{"@type":"PropertyValueSpecification","valueRequired":true,"valueName":"search_term_string"}}],"inLanguage":"de"},{"@type":"Organization","@id":"https:\/\/www.gero.lu\/de\/#organization","name":"Gero","url":"https:\/\/www.gero.lu\/de\/","logo":{"@type":"ImageObject","inLanguage":"de","@id":"https:\/\/www.gero.lu\/de\/#\/schema\/logo\/image\/","url":"https:\/\/www.gero.lu\/wp-content\/uploads\/2024\/04\/logo.svg","contentUrl":"https:\/\/www.gero.lu\/wp-content\/uploads\/2024\/04\/logo.svg","width":76,"height":30,"caption":"Gero"},"image":{"@id":"https:\/\/www.gero.lu\/de\/#\/schema\/logo\/image\/"},"sameAs":["https:\/\/www.facebook.com\/Kompetenzzenter\/","https:\/\/www.instagram.com\/gero.kompetenzzenter\/","https:\/\/linkedin.com\/company\/gero-kompetenzzenter-fir-den-alter","https:\/\/www.youtube.com\/channel\/UCJvmJYSeHh3dYQsLHZupj-Q"]}]}},"_links":{"self":[{"href":"https:\/\/www.gero.lu\/de\/wp-json\/wp\/v2\/product\/9724","targetHints":{"allow":["GET"]}}],"collection":[{"href":"https:\/\/www.gero.lu\/de\/wp-json\/wp\/v2\/product"}],"about":[{"href":"https:\/\/www.gero.lu\/de\/wp-json\/wp\/v2\/types\/product"}],"replies":[{"embeddable":true,"href":"https:\/\/www.gero.lu\/de\/wp-json\/wp\/v2\/comments?post=9724"}],"wp:attachment":[{"href":"https:\/\/www.gero.lu\/de\/wp-json\/wp\/v2\/media?parent=9724"}],"wp:term":[{"taxonomy":"product_brand","embeddable":true,"href":"https:\/\/www.gero.lu\/de\/wp-json\/wp\/v2\/product_brand?post=9724"},{"taxonomy":"product_cat","embeddable":true,"href":"https:\/\/www.gero.lu\/de\/wp-json\/wp\/v2\/product_cat?post=9724"},{"taxonomy":"product_tag","embeddable":true,"href":"https:\/\/www.gero.lu\/de\/wp-json\/wp\/v2\/product_tag?post=9724"}],"curies":[{"name":"wp","href":"https:\/\/api.w.org\/{rel}","templated":true}]}}