{"id":9723,"date":"2025-08-11T13:22:23","date_gmt":"2025-08-11T13:22:23","guid":{"rendered":"https:\/\/www.gero.lu\/produit\/nettoyage-desinfection-rincage"},"modified":"2025-08-18T09:31:18","modified_gmt":"2025-08-18T09:31:18","slug":"nettoyage-desinfection-rincage","status":"publish","type":"product","link":"https:\/\/www.gero.lu\/de\/produit\/nettoyage-desinfection-rincage","title":{"rendered":"Nettoyage &#8211; D\u00e9sinfection &#8211; Rin\u00e7age"},"content":{"rendered":"<p>Ma\u00eetriser les gestes cl\u00e9s pour une hygi\u00e8ne optimale<\/p>\n<p>Cette formation permet d\u2019acqu\u00e9rir les bonnes pratiques essentielles en mati\u00e8re d\u2019hygi\u00e8ne, de nettoyage, de d\u00e9sinfection et de rin\u00e7age, y compris le bio-nettoyage. Elle vise \u00e0 renforcer la compr\u00e9hension des risques de contamination, des types de salissures et de la multiplication des bact\u00e9ries, tout en ma\u00eetrisant l\u2019utilisation des produits et m\u00e9thodes adapt\u00e9s. Gr\u00e2ce \u00e0 une p\u00e9dagogie active et centr\u00e9e sur la personne en formation, les connaissances sont consolid\u00e9es par des supports visuels structur\u00e9s, des exercices pratiques et des \u00e9changes d\u2019exp\u00e9rience en groupe.<\/p>\n<p>Au programme :<br \/>\n&#8211;\tLa multiplication des bact\u00e9ries<br \/>\n&#8211;\tL\u2019hygi\u00e8ne des mains et les principes d\u2019hygi\u00e8ne<br \/>\n&#8211;\tLes protections individuelles<br \/>\n&#8211;\tLes salissures<br \/>\n&#8211;\tNettoyage, d\u00e9sinfection et rin\u00e7age<br \/>\n&#8211;\tLe bio-nettoyage<br \/>\n&#8211;\tLes risques de contamination<br \/>\n&#8211;\tConclusions g\u00e9n\u00e9rales<\/p>\n<p>Public cible :<br \/>\nToute personne int\u00e9ress\u00e9e<\/p>\n","protected":false},"excerpt":{"rendered":"<p>Ma\u00eetriser les gestes cl\u00e9s pour une hygi\u00e8ne optimale Cette formation permet d\u2019acqu\u00e9rir les bonnes pratiques essentielles en mati\u00e8re d\u2019hygi\u00e8ne, de nettoyage, de d\u00e9sinfection et de rin\u00e7age, y compris le bio-nettoyage. Elle vise \u00e0 renforcer la compr\u00e9hension des risques de contamination, des types de salissures et de la multiplication des bact\u00e9ries, tout en ma\u00eetrisant l\u2019utilisation des [&hellip;]<\/p>\n","protected":false},"featured_media":0,"comment_status":"closed","ping_status":"closed","template":"","meta":{"_acf_changed":false,"inline_featured_image":false},"product_brand":[],"product_cat":[239],"product_tag":[235],"class_list":{"0":"post-9723","1":"product","2":"type-product","3":"status-publish","5":"product_cat-cours-pro","6":"product_tag-economie-domestique-pro","8":"first","9":"instock","10":"virtual","11":"purchasable","12":"product-type-simple"},"acf":[],"yoast_head":"<!-- This site is optimized with the Yoast SEO Premium plugin v26.5 (Yoast SEO v26.5) - https:\/\/yoast.com\/wordpress\/plugins\/seo\/ -->\n<title>Nettoyage - D\u00e9sinfection - Rin\u00e7age - GERO<\/title>\n<meta name=\"robots\" content=\"index, follow, max-snippet:-1, max-image-preview:large, max-video-preview:-1\" \/>\n<link rel=\"canonical\" href=\"https:\/\/www.gero.lu\/de\/produit\/nettoyage-desinfection-rincage\" \/>\n<meta property=\"og:locale\" content=\"de_DE\" \/>\n<meta property=\"og:type\" content=\"article\" \/>\n<meta property=\"og:title\" content=\"Nettoyage - D\u00e9sinfection - Rin\u00e7age\" \/>\n<meta property=\"og:description\" content=\"Ma\u00eetriser les gestes cl\u00e9s pour une hygi\u00e8ne optimale Cette formation permet d\u2019acqu\u00e9rir les bonnes pratiques essentielles en mati\u00e8re d\u2019hygi\u00e8ne, de nettoyage, de d\u00e9sinfection et de rin\u00e7age, y compris le bio-nettoyage. Elle vise \u00e0 renforcer la compr\u00e9hension des risques de contamination, des types de salissures et de la multiplication des bact\u00e9ries, tout en ma\u00eetrisant l\u2019utilisation des [&hellip;]\" \/>\n<meta property=\"og:url\" content=\"https:\/\/www.gero.lu\/de\/produit\/nettoyage-desinfection-rincage\" \/>\n<meta property=\"og:site_name\" content=\"GERO\" \/>\n<meta property=\"article:publisher\" content=\"https:\/\/www.facebook.com\/Kompetenzzenter\/\" \/>\n<meta property=\"article:modified_time\" content=\"2025-08-18T09:31:18+00:00\" \/>\n<meta property=\"og:image\" content=\"https:\/\/www.gero.lu\/wp-content\/uploads\/2021\/08\/gettyimages-1135289130-2048x2048_RET-1.jpg\" \/>\n\t<meta property=\"og:image:width\" content=\"1227\" \/>\n\t<meta property=\"og:image:height\" content=\"802\" \/>\n\t<meta property=\"og:image:type\" content=\"image\/jpeg\" \/>\n<meta name=\"twitter:card\" content=\"summary_large_image\" \/>\n<meta name=\"twitter:label1\" content=\"Gesch\u00e4tzte Lesezeit\" \/>\n\t<meta name=\"twitter:data1\" content=\"1\u00a0Minute\" \/>\n<script type=\"application\/ld+json\" class=\"yoast-schema-graph\">{\"@context\":\"https:\/\/schema.org\",\"@graph\":[{\"@type\":\"WebPage\",\"@id\":\"https:\/\/www.gero.lu\/de\/produit\/nettoyage-desinfection-rincage\",\"url\":\"https:\/\/www.gero.lu\/de\/produit\/nettoyage-desinfection-rincage\",\"name\":\"Nettoyage - D\u00e9sinfection - Rin\u00e7age - GERO\",\"isPartOf\":{\"@id\":\"https:\/\/www.gero.lu\/de\/#website\"},\"datePublished\":\"2025-08-11T13:22:23+00:00\",\"dateModified\":\"2025-08-18T09:31:18+00:00\",\"breadcrumb\":{\"@id\":\"https:\/\/www.gero.lu\/de\/produit\/nettoyage-desinfection-rincage#breadcrumb\"},\"inLanguage\":\"de\",\"potentialAction\":[{\"@type\":\"ReadAction\",\"target\":[[\"https:\/\/www.gero.lu\/de\/produit\/nettoyage-desinfection-rincage\"]]}]},{\"@type\":\"BreadcrumbList\",\"@id\":\"https:\/\/www.gero.lu\/de\/produit\/nettoyage-desinfection-rincage#breadcrumb\",\"itemListElement\":[{\"@type\":\"ListItem\",\"position\":1,\"name\":\"Accueil\",\"item\":\"https:\/\/www.gero.lu\/de\/\"},{\"@type\":\"ListItem\",\"position\":2,\"name\":\"Shop\",\"item\":\"https:\/\/www.gero.lu\/de\/shop\"},{\"@type\":\"ListItem\",\"position\":3,\"name\":\"Nettoyage &#8211; D\u00e9sinfection &#8211; Rin\u00e7age\"}]},{\"@type\":\"WebSite\",\"@id\":\"https:\/\/www.gero.lu\/de\/#website\",\"url\":\"https:\/\/www.gero.lu\/de\/\",\"name\":\"Gero\",\"description\":\"Kompetenzzenter fir den Alter\",\"publisher\":{\"@id\":\"https:\/\/www.gero.lu\/de\/#organization\"},\"potentialAction\":[{\"@type\":\"SearchAction\",\"target\":{\"@type\":\"EntryPoint\",\"urlTemplate\":\"https:\/\/www.gero.lu\/de\/?s={search_term_string}\"},\"query-input\":{\"@type\":\"PropertyValueSpecification\",\"valueRequired\":true,\"valueName\":\"search_term_string\"}}],\"inLanguage\":\"de\"},{\"@type\":\"Organization\",\"@id\":\"https:\/\/www.gero.lu\/de\/#organization\",\"name\":\"Gero\",\"url\":\"https:\/\/www.gero.lu\/de\/\",\"logo\":{\"@type\":\"ImageObject\",\"inLanguage\":\"de\",\"@id\":\"https:\/\/www.gero.lu\/de\/#\/schema\/logo\/image\/\",\"url\":\"https:\/\/www.gero.lu\/wp-content\/uploads\/2024\/04\/logo.svg\",\"contentUrl\":\"https:\/\/www.gero.lu\/wp-content\/uploads\/2024\/04\/logo.svg\",\"width\":76,\"height\":30,\"caption\":\"Gero\"},\"image\":{\"@id\":\"https:\/\/www.gero.lu\/de\/#\/schema\/logo\/image\/\"},\"sameAs\":[\"https:\/\/www.facebook.com\/Kompetenzzenter\/\",\"https:\/\/www.instagram.com\/gero.kompetenzzenter\/\",\"https:\/\/linkedin.com\/company\/gero-kompetenzzenter-fir-den-alter\",\"https:\/\/www.youtube.com\/channel\/UCJvmJYSeHh3dYQsLHZupj-Q\"]}]}<\/script>\n<!-- \/ Yoast SEO Premium plugin. -->","yoast_head_json":{"title":"Nettoyage - D\u00e9sinfection - Rin\u00e7age - GERO","robots":{"index":"index","follow":"follow","max-snippet":"max-snippet:-1","max-image-preview":"max-image-preview:large","max-video-preview":"max-video-preview:-1"},"canonical":"https:\/\/www.gero.lu\/de\/produit\/nettoyage-desinfection-rincage","og_locale":"de_DE","og_type":"article","og_title":"Nettoyage - D\u00e9sinfection - Rin\u00e7age","og_description":"Ma\u00eetriser les gestes cl\u00e9s pour une hygi\u00e8ne optimale Cette formation permet d\u2019acqu\u00e9rir les bonnes pratiques essentielles en mati\u00e8re d\u2019hygi\u00e8ne, de nettoyage, de d\u00e9sinfection et de rin\u00e7age, y compris le bio-nettoyage. Elle vise \u00e0 renforcer la compr\u00e9hension des risques de contamination, des types de salissures et de la multiplication des bact\u00e9ries, tout en ma\u00eetrisant l\u2019utilisation des [&hellip;]","og_url":"https:\/\/www.gero.lu\/de\/produit\/nettoyage-desinfection-rincage","og_site_name":"GERO","article_publisher":"https:\/\/www.facebook.com\/Kompetenzzenter\/","article_modified_time":"2025-08-18T09:31:18+00:00","og_image":[{"width":1227,"height":802,"url":"https:\/\/www.gero.lu\/wp-content\/uploads\/2021\/08\/gettyimages-1135289130-2048x2048_RET-1.jpg","type":"image\/jpeg"}],"twitter_card":"summary_large_image","twitter_misc":{"Gesch\u00e4tzte Lesezeit":"1\u00a0Minute"},"schema":{"@context":"https:\/\/schema.org","@graph":[{"@type":"WebPage","@id":"https:\/\/www.gero.lu\/de\/produit\/nettoyage-desinfection-rincage","url":"https:\/\/www.gero.lu\/de\/produit\/nettoyage-desinfection-rincage","name":"Nettoyage - D\u00e9sinfection - Rin\u00e7age - GERO","isPartOf":{"@id":"https:\/\/www.gero.lu\/de\/#website"},"datePublished":"2025-08-11T13:22:23+00:00","dateModified":"2025-08-18T09:31:18+00:00","breadcrumb":{"@id":"https:\/\/www.gero.lu\/de\/produit\/nettoyage-desinfection-rincage#breadcrumb"},"inLanguage":"de","potentialAction":[{"@type":"ReadAction","target":[["https:\/\/www.gero.lu\/de\/produit\/nettoyage-desinfection-rincage"]]}]},{"@type":"BreadcrumbList","@id":"https:\/\/www.gero.lu\/de\/produit\/nettoyage-desinfection-rincage#breadcrumb","itemListElement":[{"@type":"ListItem","position":1,"name":"Accueil","item":"https:\/\/www.gero.lu\/de\/"},{"@type":"ListItem","position":2,"name":"Shop","item":"https:\/\/www.gero.lu\/de\/shop"},{"@type":"ListItem","position":3,"name":"Nettoyage &#8211; D\u00e9sinfection &#8211; Rin\u00e7age"}]},{"@type":"WebSite","@id":"https:\/\/www.gero.lu\/de\/#website","url":"https:\/\/www.gero.lu\/de\/","name":"Gero","description":"Kompetenzzenter fir den Alter","publisher":{"@id":"https:\/\/www.gero.lu\/de\/#organization"},"potentialAction":[{"@type":"SearchAction","target":{"@type":"EntryPoint","urlTemplate":"https:\/\/www.gero.lu\/de\/?s={search_term_string}"},"query-input":{"@type":"PropertyValueSpecification","valueRequired":true,"valueName":"search_term_string"}}],"inLanguage":"de"},{"@type":"Organization","@id":"https:\/\/www.gero.lu\/de\/#organization","name":"Gero","url":"https:\/\/www.gero.lu\/de\/","logo":{"@type":"ImageObject","inLanguage":"de","@id":"https:\/\/www.gero.lu\/de\/#\/schema\/logo\/image\/","url":"https:\/\/www.gero.lu\/wp-content\/uploads\/2024\/04\/logo.svg","contentUrl":"https:\/\/www.gero.lu\/wp-content\/uploads\/2024\/04\/logo.svg","width":76,"height":30,"caption":"Gero"},"image":{"@id":"https:\/\/www.gero.lu\/de\/#\/schema\/logo\/image\/"},"sameAs":["https:\/\/www.facebook.com\/Kompetenzzenter\/","https:\/\/www.instagram.com\/gero.kompetenzzenter\/","https:\/\/linkedin.com\/company\/gero-kompetenzzenter-fir-den-alter","https:\/\/www.youtube.com\/channel\/UCJvmJYSeHh3dYQsLHZupj-Q"]}]}},"_links":{"self":[{"href":"https:\/\/www.gero.lu\/de\/wp-json\/wp\/v2\/product\/9723","targetHints":{"allow":["GET"]}}],"collection":[{"href":"https:\/\/www.gero.lu\/de\/wp-json\/wp\/v2\/product"}],"about":[{"href":"https:\/\/www.gero.lu\/de\/wp-json\/wp\/v2\/types\/product"}],"replies":[{"embeddable":true,"href":"https:\/\/www.gero.lu\/de\/wp-json\/wp\/v2\/comments?post=9723"}],"wp:attachment":[{"href":"https:\/\/www.gero.lu\/de\/wp-json\/wp\/v2\/media?parent=9723"}],"wp:term":[{"taxonomy":"product_brand","embeddable":true,"href":"https:\/\/www.gero.lu\/de\/wp-json\/wp\/v2\/product_brand?post=9723"},{"taxonomy":"product_cat","embeddable":true,"href":"https:\/\/www.gero.lu\/de\/wp-json\/wp\/v2\/product_cat?post=9723"},{"taxonomy":"product_tag","embeddable":true,"href":"https:\/\/www.gero.lu\/de\/wp-json\/wp\/v2\/product_tag?post=9723"}],"curies":[{"name":"wp","href":"https:\/\/api.w.org\/{rel}","templated":true}]}}