{"id":9705,"date":"2025-08-08T11:24:04","date_gmt":"2025-08-08T11:24:04","guid":{"rendered":"https:\/\/www.gero.lu\/produit\/workshop-serie-entdecken-sie-sich-neu"},"modified":"2025-11-24T11:21:43","modified_gmt":"2025-11-24T11:21:43","slug":"workshop-serie-entdecken-sie-sich-neu","status":"publish","type":"product","link":"https:\/\/www.gero.lu\/de\/produit\/workshop-serie-entdecken-sie-sich-neu","title":{"rendered":"Workshop-Serie: Entdecken Sie sich neu!"},"content":{"rendered":"<p>In unserer neuen Theaterworkshop-Serie unter der Leitung von Natacha Stevenin, Diplom-Psychologin und Theaterpraktikerin, lernen Sie mit Leichtigkeit und Freude neue Menschen und sich selbst besser kennen. Es ist keine vorherige Theatererfahrung erforderlich.<\/p>\n<p>\u2022\t \u201eEinf\u00fchrung: Vertrauen und Teambuilding\u201c (21. Oktober)<br \/>\nDurch entspannte Theater\u00fcbungen st\u00e4rken wir das Vertrauen in uns selbst und in die Gruppe. Somit schaffen wir die Grundlage f\u00fcr gemeinsames Erleben.<\/p>\n<p>\u2022\t \u201eMein K\u00f6rper und ich\u201c (4. November)<br \/>\nEntdecken Sie Ihren K\u00f6rper neu! In diesem Modul erfahren Sie, wie Sie durch Pr\u00e4senz und Bewegung Ihre K\u00f6rperwahrnehmung und Ihren Ausdruck st\u00e4rken k\u00f6nnen.<\/p>\n<p>\u2022\t\u201eIch habe eine Stimme, die geh\u00f6rt werden darf!\u201c (18. November)<br \/>\nIhre Stimme ist einzigartig und sie sollte geh\u00f6rt werden. In diesem Modul lernen Sie sich klar, selbstsicher und authentisch auszudr\u00fccken.<\/p>\n<p>\u2022\t\u201eKreativer Austausch: Geben und Empfangen\u201c (25. November)<br \/>\nIm kreativen Austausch mit anderen st\u00e4rken wir unsere sozialen Verbindungen. Mithilfe von Theater\u00fcbungen lernen Sie, in sozialen Interaktionen achtsamer zu sein und zu reagieren.<\/p>\n","protected":false},"excerpt":{"rendered":"<p>In unserer neuen Theaterworkshop-Serie unter der Leitung von Natacha Stevenin, Diplom-Psychologin und Theaterpraktikerin, lernen Sie mit Leichtigkeit und Freude neue Menschen und sich selbst besser kennen. Es ist keine vorherige Theatererfahrung erforderlich. \u2022 \u201eEinf\u00fchrung: Vertrauen und Teambuilding\u201c (21. Oktober) Durch entspannte Theater\u00fcbungen st\u00e4rken wir das Vertrauen in uns selbst und in die Gruppe. Somit schaffen [&hellip;]<\/p>\n","protected":false},"featured_media":10006,"comment_status":"closed","ping_status":"closed","template":"","meta":{"_acf_changed":false,"inline_featured_image":false},"product_brand":[],"product_cat":[229],"product_tag":[203],"class_list":{"0":"post-9705","1":"product","2":"type-product","3":"status-publish","4":"has-post-thumbnail","6":"product_cat-workshop","7":"product_tag-connaissance-de-vie-senior","9":"first","10":"instock","11":"virtual","12":"purchasable","13":"product-type-simple"},"acf":[],"yoast_head":"<!-- This site is optimized with the Yoast SEO Premium plugin v27.4 (Yoast SEO v27.5) - https:\/\/yoast.com\/product\/yoast-seo-premium-wordpress\/ -->\n<title>Workshop-Serie: Entdecken Sie sich neu! - GERO<\/title>\n<meta name=\"robots\" content=\"index, follow, max-snippet:-1, max-image-preview:large, max-video-preview:-1\" \/>\n<link rel=\"canonical\" href=\"https:\/\/www.gero.lu\/de\/produit\/workshop-serie-entdecken-sie-sich-neu\" \/>\n<meta property=\"og:locale\" content=\"de_DE\" \/>\n<meta property=\"og:type\" content=\"article\" \/>\n<meta property=\"og:title\" content=\"Workshop-Serie: Entdecken Sie sich neu!\" \/>\n<meta property=\"og:description\" content=\"In unserer neuen Theaterworkshop-Serie unter der Leitung von Natacha Stevenin, Diplom-Psychologin und Theaterpraktikerin, lernen Sie mit Leichtigkeit und Freude neue Menschen und sich selbst besser kennen. Es ist keine vorherige Theatererfahrung erforderlich. \u2022 \u201eEinf\u00fchrung: Vertrauen und Teambuilding\u201c (21. Oktober) Durch entspannte Theater\u00fcbungen st\u00e4rken wir das Vertrauen in uns selbst und in die Gruppe. Somit schaffen [&hellip;]\" \/>\n<meta property=\"og:url\" content=\"https:\/\/www.gero.lu\/de\/produit\/workshop-serie-entdecken-sie-sich-neu\" \/>\n<meta property=\"og:site_name\" content=\"GERO\" \/>\n<meta property=\"article:publisher\" content=\"https:\/\/www.facebook.com\/Kompetenzzenter\/\" \/>\n<meta property=\"article:modified_time\" content=\"2025-11-24T11:21:43+00:00\" \/>\n<meta property=\"og:image\" content=\"https:\/\/www.gero.lu\/wp-content\/uploads\/2025\/08\/Entdecken-Sie-sich-neu-LOW-1024x682.png\" \/>\n\t<meta property=\"og:image:width\" content=\"1024\" \/>\n\t<meta property=\"og:image:height\" content=\"682\" \/>\n\t<meta property=\"og:image:type\" content=\"image\/png\" \/>\n<meta name=\"twitter:card\" content=\"summary_large_image\" \/>\n<meta name=\"twitter:label1\" content=\"Gesch\u00e4tzte Lesezeit\" \/>\n\t<meta name=\"twitter:data1\" content=\"1\u00a0Minute\" \/>\n<script type=\"application\/ld+json\" class=\"yoast-schema-graph\">{\"@context\":\"https:\\\/\\\/schema.org\",\"@graph\":[{\"@type\":\"WebPage\",\"@id\":\"https:\\\/\\\/www.gero.lu\\\/de\\\/produit\\\/workshop-serie-entdecken-sie-sich-neu\",\"url\":\"https:\\\/\\\/www.gero.lu\\\/de\\\/produit\\\/workshop-serie-entdecken-sie-sich-neu\",\"name\":\"Workshop-Serie: Entdecken Sie sich neu! - GERO\",\"isPartOf\":{\"@id\":\"https:\\\/\\\/www.gero.lu\\\/de\\\/#website\"},\"primaryImageOfPage\":{\"@id\":\"https:\\\/\\\/www.gero.lu\\\/de\\\/produit\\\/workshop-serie-entdecken-sie-sich-neu#primaryimage\"},\"image\":{\"@id\":\"https:\\\/\\\/www.gero.lu\\\/produit\\\/workshop-serie-entdecken-sie-sich-neu#primaryimage\"},\"thumbnailUrl\":\"https:\\\/\\\/www.gero.lu\\\/wp-content\\\/uploads\\\/2025\\\/08\\\/Entdecken-Sie-sich-neu-LOW.png\",\"datePublished\":\"2025-08-08T11:24:04+00:00\",\"dateModified\":\"2025-11-24T11:21:43+00:00\",\"breadcrumb\":{\"@id\":\"https:\\\/\\\/www.gero.lu\\\/de\\\/produit\\\/workshop-serie-entdecken-sie-sich-neu#breadcrumb\"},\"inLanguage\":\"de\",\"potentialAction\":[{\"@type\":\"ReadAction\",\"target\":[[\"https:\\\/\\\/www.gero.lu\\\/de\\\/produit\\\/workshop-serie-entdecken-sie-sich-neu\"]]}]},{\"@type\":\"ImageObject\",\"inLanguage\":\"de\",\"@id\":\"https:\\\/\\\/www.gero.lu\\\/de\\\/produit\\\/workshop-serie-entdecken-sie-sich-neu#primaryimage\",\"url\":\"https:\\\/\\\/www.gero.lu\\\/wp-content\\\/uploads\\\/2025\\\/08\\\/Entdecken-Sie-sich-neu-LOW.png\",\"contentUrl\":\"https:\\\/\\\/www.gero.lu\\\/wp-content\\\/uploads\\\/2025\\\/08\\\/Entdecken-Sie-sich-neu-LOW.png\",\"width\":1772,\"height\":1181},{\"@type\":\"BreadcrumbList\",\"@id\":\"https:\\\/\\\/www.gero.lu\\\/de\\\/produit\\\/workshop-serie-entdecken-sie-sich-neu#breadcrumb\",\"itemListElement\":[{\"@type\":\"ListItem\",\"position\":1,\"name\":\"Accueil\",\"item\":\"https:\\\/\\\/www.gero.lu\\\/de\\\/\"},{\"@type\":\"ListItem\",\"position\":2,\"name\":\"Shop\",\"item\":\"https:\\\/\\\/www.gero.lu\\\/de\\\/shop\"},{\"@type\":\"ListItem\",\"position\":3,\"name\":\"Workshop-Serie: Entdecken Sie sich neu!\"}]},{\"@type\":\"WebSite\",\"@id\":\"https:\\\/\\\/www.gero.lu\\\/de\\\/#website\",\"url\":\"https:\\\/\\\/www.gero.lu\\\/de\\\/\",\"name\":\"Gero\",\"description\":\"Kompetenzzenter fir den Alter\",\"publisher\":{\"@id\":\"https:\\\/\\\/www.gero.lu\\\/de\\\/#organization\"},\"potentialAction\":[{\"@type\":\"SearchAction\",\"target\":{\"@type\":\"EntryPoint\",\"urlTemplate\":\"https:\\\/\\\/www.gero.lu\\\/de\\\/?s={search_term_string}\"},\"query-input\":{\"@type\":\"PropertyValueSpecification\",\"valueRequired\":true,\"valueName\":\"search_term_string\"}}],\"inLanguage\":\"de\"},{\"@type\":\"Organization\",\"@id\":\"https:\\\/\\\/www.gero.lu\\\/de\\\/#organization\",\"name\":\"Gero\",\"url\":\"https:\\\/\\\/www.gero.lu\\\/de\\\/\",\"logo\":{\"@type\":\"ImageObject\",\"inLanguage\":\"de\",\"@id\":\"https:\\\/\\\/www.gero.lu\\\/de\\\/#\\\/schema\\\/logo\\\/image\\\/\",\"url\":\"https:\\\/\\\/www.gero.lu\\\/wp-content\\\/uploads\\\/2024\\\/04\\\/logo.svg\",\"contentUrl\":\"https:\\\/\\\/www.gero.lu\\\/wp-content\\\/uploads\\\/2024\\\/04\\\/logo.svg\",\"width\":76,\"height\":30,\"caption\":\"Gero\"},\"image\":{\"@id\":\"https:\\\/\\\/www.gero.lu\\\/de\\\/#\\\/schema\\\/logo\\\/image\\\/\"},\"sameAs\":[\"https:\\\/\\\/www.facebook.com\\\/Kompetenzzenter\\\/\",\"https:\\\/\\\/www.instagram.com\\\/gero.kompetenzzenter\\\/\",\"https:\\\/\\\/linkedin.com\\\/company\\\/gero-kompetenzzenter-fir-den-alter\",\"https:\\\/\\\/www.youtube.com\\\/channel\\\/UCJvmJYSeHh3dYQsLHZupj-Q\"]}]}<\/script>\n<!-- \/ Yoast SEO Premium plugin. -->","yoast_head_json":{"title":"Workshop-Serie: Entdecken Sie sich neu! - GERO","robots":{"index":"index","follow":"follow","max-snippet":"max-snippet:-1","max-image-preview":"max-image-preview:large","max-video-preview":"max-video-preview:-1"},"canonical":"https:\/\/www.gero.lu\/de\/produit\/workshop-serie-entdecken-sie-sich-neu","og_locale":"de_DE","og_type":"article","og_title":"Workshop-Serie: Entdecken Sie sich neu!","og_description":"In unserer neuen Theaterworkshop-Serie unter der Leitung von Natacha Stevenin, Diplom-Psychologin und Theaterpraktikerin, lernen Sie mit Leichtigkeit und Freude neue Menschen und sich selbst besser kennen. Es ist keine vorherige Theatererfahrung erforderlich. \u2022 \u201eEinf\u00fchrung: Vertrauen und Teambuilding\u201c (21. Oktober) Durch entspannte Theater\u00fcbungen st\u00e4rken wir das Vertrauen in uns selbst und in die Gruppe. Somit schaffen [&hellip;]","og_url":"https:\/\/www.gero.lu\/de\/produit\/workshop-serie-entdecken-sie-sich-neu","og_site_name":"GERO","article_publisher":"https:\/\/www.facebook.com\/Kompetenzzenter\/","article_modified_time":"2025-11-24T11:21:43+00:00","og_image":[{"width":1024,"height":682,"url":"https:\/\/www.gero.lu\/wp-content\/uploads\/2025\/08\/Entdecken-Sie-sich-neu-LOW-1024x682.png","type":"image\/png"}],"twitter_card":"summary_large_image","twitter_misc":{"Gesch\u00e4tzte Lesezeit":"1\u00a0Minute"},"schema":{"@context":"https:\/\/schema.org","@graph":[{"@type":"WebPage","@id":"https:\/\/www.gero.lu\/de\/produit\/workshop-serie-entdecken-sie-sich-neu","url":"https:\/\/www.gero.lu\/de\/produit\/workshop-serie-entdecken-sie-sich-neu","name":"Workshop-Serie: Entdecken Sie sich neu! - GERO","isPartOf":{"@id":"https:\/\/www.gero.lu\/de\/#website"},"primaryImageOfPage":{"@id":"https:\/\/www.gero.lu\/de\/produit\/workshop-serie-entdecken-sie-sich-neu#primaryimage"},"image":{"@id":"https:\/\/www.gero.lu\/produit\/workshop-serie-entdecken-sie-sich-neu#primaryimage"},"thumbnailUrl":"https:\/\/www.gero.lu\/wp-content\/uploads\/2025\/08\/Entdecken-Sie-sich-neu-LOW.png","datePublished":"2025-08-08T11:24:04+00:00","dateModified":"2025-11-24T11:21:43+00:00","breadcrumb":{"@id":"https:\/\/www.gero.lu\/de\/produit\/workshop-serie-entdecken-sie-sich-neu#breadcrumb"},"inLanguage":"de","potentialAction":[{"@type":"ReadAction","target":[["https:\/\/www.gero.lu\/de\/produit\/workshop-serie-entdecken-sie-sich-neu"]]}]},{"@type":"ImageObject","inLanguage":"de","@id":"https:\/\/www.gero.lu\/de\/produit\/workshop-serie-entdecken-sie-sich-neu#primaryimage","url":"https:\/\/www.gero.lu\/wp-content\/uploads\/2025\/08\/Entdecken-Sie-sich-neu-LOW.png","contentUrl":"https:\/\/www.gero.lu\/wp-content\/uploads\/2025\/08\/Entdecken-Sie-sich-neu-LOW.png","width":1772,"height":1181},{"@type":"BreadcrumbList","@id":"https:\/\/www.gero.lu\/de\/produit\/workshop-serie-entdecken-sie-sich-neu#breadcrumb","itemListElement":[{"@type":"ListItem","position":1,"name":"Accueil","item":"https:\/\/www.gero.lu\/de\/"},{"@type":"ListItem","position":2,"name":"Shop","item":"https:\/\/www.gero.lu\/de\/shop"},{"@type":"ListItem","position":3,"name":"Workshop-Serie: Entdecken Sie sich neu!"}]},{"@type":"WebSite","@id":"https:\/\/www.gero.lu\/de\/#website","url":"https:\/\/www.gero.lu\/de\/","name":"Gero","description":"Kompetenzzenter fir den Alter","publisher":{"@id":"https:\/\/www.gero.lu\/de\/#organization"},"potentialAction":[{"@type":"SearchAction","target":{"@type":"EntryPoint","urlTemplate":"https:\/\/www.gero.lu\/de\/?s={search_term_string}"},"query-input":{"@type":"PropertyValueSpecification","valueRequired":true,"valueName":"search_term_string"}}],"inLanguage":"de"},{"@type":"Organization","@id":"https:\/\/www.gero.lu\/de\/#organization","name":"Gero","url":"https:\/\/www.gero.lu\/de\/","logo":{"@type":"ImageObject","inLanguage":"de","@id":"https:\/\/www.gero.lu\/de\/#\/schema\/logo\/image\/","url":"https:\/\/www.gero.lu\/wp-content\/uploads\/2024\/04\/logo.svg","contentUrl":"https:\/\/www.gero.lu\/wp-content\/uploads\/2024\/04\/logo.svg","width":76,"height":30,"caption":"Gero"},"image":{"@id":"https:\/\/www.gero.lu\/de\/#\/schema\/logo\/image\/"},"sameAs":["https:\/\/www.facebook.com\/Kompetenzzenter\/","https:\/\/www.instagram.com\/gero.kompetenzzenter\/","https:\/\/linkedin.com\/company\/gero-kompetenzzenter-fir-den-alter","https:\/\/www.youtube.com\/channel\/UCJvmJYSeHh3dYQsLHZupj-Q"]}]}},"_links":{"self":[{"href":"https:\/\/www.gero.lu\/de\/wp-json\/wp\/v2\/product\/9705","targetHints":{"allow":["GET"]}}],"collection":[{"href":"https:\/\/www.gero.lu\/de\/wp-json\/wp\/v2\/product"}],"about":[{"href":"https:\/\/www.gero.lu\/de\/wp-json\/wp\/v2\/types\/product"}],"replies":[{"embeddable":true,"href":"https:\/\/www.gero.lu\/de\/wp-json\/wp\/v2\/comments?post=9705"}],"wp:featuredmedia":[{"embeddable":true,"href":"https:\/\/www.gero.lu\/de\/wp-json\/wp\/v2\/media\/10006"}],"wp:attachment":[{"href":"https:\/\/www.gero.lu\/de\/wp-json\/wp\/v2\/media?parent=9705"}],"wp:term":[{"taxonomy":"product_brand","embeddable":true,"href":"https:\/\/www.gero.lu\/de\/wp-json\/wp\/v2\/product_brand?post=9705"},{"taxonomy":"product_cat","embeddable":true,"href":"https:\/\/www.gero.lu\/de\/wp-json\/wp\/v2\/product_cat?post=9705"},{"taxonomy":"product_tag","embeddable":true,"href":"https:\/\/www.gero.lu\/de\/wp-json\/wp\/v2\/product_tag?post=9705"}],"curies":[{"name":"wp","href":"https:\/\/api.w.org\/{rel}","templated":true}]}}