{"id":9704,"date":"2025-08-08T11:23:55","date_gmt":"2025-08-08T11:23:55","guid":{"rendered":"https:\/\/www.gero.lu\/produit\/boite-a-histoires-session-2"},"modified":"2025-11-14T09:22:24","modified_gmt":"2025-11-14T09:22:24","slug":"boite-a-histoires-session-2","status":"publish","type":"product","link":"https:\/\/www.gero.lu\/de\/produit\/boite-a-histoires-session-2","title":{"rendered":"Bo\u00eete \u00e0 histoires &#8211; Session 2"},"content":{"rendered":"<p>Raconter des histoires et les \u00e9couter permet de rassembler toutes les g\u00e9n\u00e9rations. Si vous vous sentez pr\u00eats \u00e0 devenir conteur ou conteuse d\u2019un jour, vous \u00eates alors les bienvenu-e-s \u00e0 cet atelier d\u2019initiation. L\u2019artiste conteuse, anciennement \u00e9ducatrice, Ana\u00efs Leriche animera cette formation \u00e0 l\u2019art de raconter avec une Bo\u00eete \u00e0 Histoires. La cr\u00e9ation d\u2019histoires, le choix des objets et de leurs mises en valeurs, la gestuelle, la voix seront autant de points travaill\u00e9s, en vue de rendre vos r\u00e9cits toujours plus captivants ! <\/p>\n<p>L\u2019atelier se d\u00e9roule dans le cadre du projet \u00ab Raconte-moi une histoire \u00bb. Veuillez-vous inscrire \u00e0 l\u2019une des deux sessions.<\/p>\n","protected":false},"excerpt":{"rendered":"<p>Raconter des histoires et les \u00e9couter permet de rassembler toutes les g\u00e9n\u00e9rations. Si vous vous sentez pr\u00eats \u00e0 devenir conteur ou conteuse d\u2019un jour, vous \u00eates alors les bienvenu-e-s \u00e0 cet atelier d\u2019initiation. L\u2019artiste conteuse, anciennement \u00e9ducatrice, Ana\u00efs Leriche animera cette formation \u00e0 l\u2019art de raconter avec une Bo\u00eete \u00e0 Histoires. La cr\u00e9ation d\u2019histoires, le [&hellip;]<\/p>\n","protected":false},"featured_media":0,"comment_status":"closed","ping_status":"closed","template":"","meta":{"_acf_changed":false,"inline_featured_image":false},"product_brand":[],"product_cat":[229],"product_tag":[203],"class_list":{"0":"post-9704","1":"product","2":"type-product","3":"status-publish","5":"product_cat-workshop","6":"product_tag-connaissance-de-vie-senior","8":"first","9":"instock","10":"virtual","11":"purchasable","12":"product-type-simple"},"acf":[],"yoast_head":"<!-- This site is optimized with the Yoast SEO Premium plugin v26.5 (Yoast SEO v27.4) - https:\/\/yoast.com\/product\/yoast-seo-premium-wordpress\/ -->\n<title>Bo\u00eete \u00e0 histoires - Session 2 - GERO<\/title>\n<meta name=\"robots\" content=\"index, follow, max-snippet:-1, max-image-preview:large, max-video-preview:-1\" \/>\n<link rel=\"canonical\" href=\"https:\/\/www.gero.lu\/de\/produit\/boite-a-histoires-session-2\" \/>\n<meta property=\"og:locale\" content=\"de_DE\" \/>\n<meta property=\"og:type\" content=\"article\" \/>\n<meta property=\"og:title\" content=\"Bo\u00eete \u00e0 histoires - Session 2\" \/>\n<meta property=\"og:description\" content=\"Raconter des histoires et les \u00e9couter permet de rassembler toutes les g\u00e9n\u00e9rations. Si vous vous sentez pr\u00eats \u00e0 devenir conteur ou conteuse d\u2019un jour, vous \u00eates alors les bienvenu-e-s \u00e0 cet atelier d\u2019initiation. L\u2019artiste conteuse, anciennement \u00e9ducatrice, Ana\u00efs Leriche animera cette formation \u00e0 l\u2019art de raconter avec une Bo\u00eete \u00e0 Histoires. La cr\u00e9ation d\u2019histoires, le [&hellip;]\" \/>\n<meta property=\"og:url\" content=\"https:\/\/www.gero.lu\/de\/produit\/boite-a-histoires-session-2\" \/>\n<meta property=\"og:site_name\" content=\"GERO\" \/>\n<meta property=\"article:publisher\" content=\"https:\/\/www.facebook.com\/Kompetenzzenter\/\" \/>\n<meta property=\"article:modified_time\" content=\"2025-11-14T09:22:24+00:00\" \/>\n<meta property=\"og:image\" content=\"https:\/\/www.gero.lu\/wp-content\/uploads\/2021\/08\/gettyimages-1135289130-2048x2048_RET-1.jpg\" \/>\n\t<meta property=\"og:image:width\" content=\"1227\" \/>\n\t<meta property=\"og:image:height\" content=\"802\" \/>\n\t<meta property=\"og:image:type\" content=\"image\/jpeg\" \/>\n<meta name=\"twitter:card\" content=\"summary_large_image\" \/>\n<meta name=\"twitter:label1\" content=\"Gesch\u00e4tzte Lesezeit\" \/>\n\t<meta name=\"twitter:data1\" content=\"1\u00a0Minute\" \/>\n<script type=\"application\/ld+json\" class=\"yoast-schema-graph\">{\"@context\":\"https:\\\/\\\/schema.org\",\"@graph\":[{\"@type\":\"WebPage\",\"@id\":\"https:\\\/\\\/www.gero.lu\\\/de\\\/produit\\\/boite-a-histoires-session-2\",\"url\":\"https:\\\/\\\/www.gero.lu\\\/de\\\/produit\\\/boite-a-histoires-session-2\",\"name\":\"Bo\u00eete \u00e0 histoires - Session 2 - GERO\",\"isPartOf\":{\"@id\":\"https:\\\/\\\/www.gero.lu\\\/de\\\/#website\"},\"datePublished\":\"2025-08-08T11:23:55+00:00\",\"dateModified\":\"2025-11-14T09:22:24+00:00\",\"breadcrumb\":{\"@id\":\"https:\\\/\\\/www.gero.lu\\\/de\\\/produit\\\/boite-a-histoires-session-2#breadcrumb\"},\"inLanguage\":\"de\",\"potentialAction\":[{\"@type\":\"ReadAction\",\"target\":[[\"https:\\\/\\\/www.gero.lu\\\/de\\\/produit\\\/boite-a-histoires-session-2\"]]}]},{\"@type\":\"BreadcrumbList\",\"@id\":\"https:\\\/\\\/www.gero.lu\\\/de\\\/produit\\\/boite-a-histoires-session-2#breadcrumb\",\"itemListElement\":[{\"@type\":\"ListItem\",\"position\":1,\"name\":\"Accueil\",\"item\":\"https:\\\/\\\/www.gero.lu\\\/de\\\/\"},{\"@type\":\"ListItem\",\"position\":2,\"name\":\"Shop\",\"item\":\"https:\\\/\\\/www.gero.lu\\\/de\\\/shop\"},{\"@type\":\"ListItem\",\"position\":3,\"name\":\"Bo\u00eete \u00e0 histoires &#8211; Session 2\"}]},{\"@type\":\"WebSite\",\"@id\":\"https:\\\/\\\/www.gero.lu\\\/de\\\/#website\",\"url\":\"https:\\\/\\\/www.gero.lu\\\/de\\\/\",\"name\":\"Gero\",\"description\":\"Kompetenzzenter fir den Alter\",\"publisher\":{\"@id\":\"https:\\\/\\\/www.gero.lu\\\/de\\\/#organization\"},\"potentialAction\":[{\"@type\":\"SearchAction\",\"target\":{\"@type\":\"EntryPoint\",\"urlTemplate\":\"https:\\\/\\\/www.gero.lu\\\/de\\\/?s={search_term_string}\"},\"query-input\":{\"@type\":\"PropertyValueSpecification\",\"valueRequired\":true,\"valueName\":\"search_term_string\"}}],\"inLanguage\":\"de\"},{\"@type\":\"Organization\",\"@id\":\"https:\\\/\\\/www.gero.lu\\\/de\\\/#organization\",\"name\":\"Gero\",\"url\":\"https:\\\/\\\/www.gero.lu\\\/de\\\/\",\"logo\":{\"@type\":\"ImageObject\",\"inLanguage\":\"de\",\"@id\":\"https:\\\/\\\/www.gero.lu\\\/de\\\/#\\\/schema\\\/logo\\\/image\\\/\",\"url\":\"https:\\\/\\\/www.gero.lu\\\/wp-content\\\/uploads\\\/2024\\\/04\\\/logo.svg\",\"contentUrl\":\"https:\\\/\\\/www.gero.lu\\\/wp-content\\\/uploads\\\/2024\\\/04\\\/logo.svg\",\"width\":76,\"height\":30,\"caption\":\"Gero\"},\"image\":{\"@id\":\"https:\\\/\\\/www.gero.lu\\\/de\\\/#\\\/schema\\\/logo\\\/image\\\/\"},\"sameAs\":[\"https:\\\/\\\/www.facebook.com\\\/Kompetenzzenter\\\/\",\"https:\\\/\\\/www.instagram.com\\\/gero.kompetenzzenter\\\/\",\"https:\\\/\\\/linkedin.com\\\/company\\\/gero-kompetenzzenter-fir-den-alter\",\"https:\\\/\\\/www.youtube.com\\\/channel\\\/UCJvmJYSeHh3dYQsLHZupj-Q\"]}]}<\/script>\n<!-- \/ Yoast SEO Premium plugin. -->","yoast_head_json":{"title":"Bo\u00eete \u00e0 histoires - Session 2 - GERO","robots":{"index":"index","follow":"follow","max-snippet":"max-snippet:-1","max-image-preview":"max-image-preview:large","max-video-preview":"max-video-preview:-1"},"canonical":"https:\/\/www.gero.lu\/de\/produit\/boite-a-histoires-session-2","og_locale":"de_DE","og_type":"article","og_title":"Bo\u00eete \u00e0 histoires - Session 2","og_description":"Raconter des histoires et les \u00e9couter permet de rassembler toutes les g\u00e9n\u00e9rations. Si vous vous sentez pr\u00eats \u00e0 devenir conteur ou conteuse d\u2019un jour, vous \u00eates alors les bienvenu-e-s \u00e0 cet atelier d\u2019initiation. L\u2019artiste conteuse, anciennement \u00e9ducatrice, Ana\u00efs Leriche animera cette formation \u00e0 l\u2019art de raconter avec une Bo\u00eete \u00e0 Histoires. La cr\u00e9ation d\u2019histoires, le [&hellip;]","og_url":"https:\/\/www.gero.lu\/de\/produit\/boite-a-histoires-session-2","og_site_name":"GERO","article_publisher":"https:\/\/www.facebook.com\/Kompetenzzenter\/","article_modified_time":"2025-11-14T09:22:24+00:00","og_image":[{"width":1227,"height":802,"url":"https:\/\/www.gero.lu\/wp-content\/uploads\/2021\/08\/gettyimages-1135289130-2048x2048_RET-1.jpg","type":"image\/jpeg"}],"twitter_card":"summary_large_image","twitter_misc":{"Gesch\u00e4tzte Lesezeit":"1\u00a0Minute"},"schema":{"@context":"https:\/\/schema.org","@graph":[{"@type":"WebPage","@id":"https:\/\/www.gero.lu\/de\/produit\/boite-a-histoires-session-2","url":"https:\/\/www.gero.lu\/de\/produit\/boite-a-histoires-session-2","name":"Bo\u00eete \u00e0 histoires - Session 2 - GERO","isPartOf":{"@id":"https:\/\/www.gero.lu\/de\/#website"},"datePublished":"2025-08-08T11:23:55+00:00","dateModified":"2025-11-14T09:22:24+00:00","breadcrumb":{"@id":"https:\/\/www.gero.lu\/de\/produit\/boite-a-histoires-session-2#breadcrumb"},"inLanguage":"de","potentialAction":[{"@type":"ReadAction","target":[["https:\/\/www.gero.lu\/de\/produit\/boite-a-histoires-session-2"]]}]},{"@type":"BreadcrumbList","@id":"https:\/\/www.gero.lu\/de\/produit\/boite-a-histoires-session-2#breadcrumb","itemListElement":[{"@type":"ListItem","position":1,"name":"Accueil","item":"https:\/\/www.gero.lu\/de\/"},{"@type":"ListItem","position":2,"name":"Shop","item":"https:\/\/www.gero.lu\/de\/shop"},{"@type":"ListItem","position":3,"name":"Bo\u00eete \u00e0 histoires &#8211; Session 2"}]},{"@type":"WebSite","@id":"https:\/\/www.gero.lu\/de\/#website","url":"https:\/\/www.gero.lu\/de\/","name":"Gero","description":"Kompetenzzenter fir den Alter","publisher":{"@id":"https:\/\/www.gero.lu\/de\/#organization"},"potentialAction":[{"@type":"SearchAction","target":{"@type":"EntryPoint","urlTemplate":"https:\/\/www.gero.lu\/de\/?s={search_term_string}"},"query-input":{"@type":"PropertyValueSpecification","valueRequired":true,"valueName":"search_term_string"}}],"inLanguage":"de"},{"@type":"Organization","@id":"https:\/\/www.gero.lu\/de\/#organization","name":"Gero","url":"https:\/\/www.gero.lu\/de\/","logo":{"@type":"ImageObject","inLanguage":"de","@id":"https:\/\/www.gero.lu\/de\/#\/schema\/logo\/image\/","url":"https:\/\/www.gero.lu\/wp-content\/uploads\/2024\/04\/logo.svg","contentUrl":"https:\/\/www.gero.lu\/wp-content\/uploads\/2024\/04\/logo.svg","width":76,"height":30,"caption":"Gero"},"image":{"@id":"https:\/\/www.gero.lu\/de\/#\/schema\/logo\/image\/"},"sameAs":["https:\/\/www.facebook.com\/Kompetenzzenter\/","https:\/\/www.instagram.com\/gero.kompetenzzenter\/","https:\/\/linkedin.com\/company\/gero-kompetenzzenter-fir-den-alter","https:\/\/www.youtube.com\/channel\/UCJvmJYSeHh3dYQsLHZupj-Q"]}]}},"_links":{"self":[{"href":"https:\/\/www.gero.lu\/de\/wp-json\/wp\/v2\/product\/9704","targetHints":{"allow":["GET"]}}],"collection":[{"href":"https:\/\/www.gero.lu\/de\/wp-json\/wp\/v2\/product"}],"about":[{"href":"https:\/\/www.gero.lu\/de\/wp-json\/wp\/v2\/types\/product"}],"replies":[{"embeddable":true,"href":"https:\/\/www.gero.lu\/de\/wp-json\/wp\/v2\/comments?post=9704"}],"wp:attachment":[{"href":"https:\/\/www.gero.lu\/de\/wp-json\/wp\/v2\/media?parent=9704"}],"wp:term":[{"taxonomy":"product_brand","embeddable":true,"href":"https:\/\/www.gero.lu\/de\/wp-json\/wp\/v2\/product_brand?post=9704"},{"taxonomy":"product_cat","embeddable":true,"href":"https:\/\/www.gero.lu\/de\/wp-json\/wp\/v2\/product_cat?post=9704"},{"taxonomy":"product_tag","embeddable":true,"href":"https:\/\/www.gero.lu\/de\/wp-json\/wp\/v2\/product_tag?post=9704"}],"curies":[{"name":"wp","href":"https:\/\/api.w.org\/{rel}","templated":true}]}}