{"id":9670,"date":"2025-07-31T09:23:33","date_gmt":"2025-07-31T09:23:33","guid":{"rendered":"https:\/\/www.gero.lu\/produit\/grundkurs-integrative-validation-nach-richard-iva-fcpg-v-2"},"modified":"2026-04-17T08:52:15","modified_gmt":"2026-04-17T08:52:15","slug":"grundkurs-integrative-validation-nach-richard-iva-fcpg-v-2","status":"publish","type":"product","link":"https:\/\/www.gero.lu\/de\/produit\/grundkurs-integrative-validation-nach-richard-iva-fcpg-v-2","title":{"rendered":"Grundkurs Integrative Validation nach Richard\u00ae (IVA) (FCPG V)"},"content":{"rendered":"<p>Modul V der \u201eWeiterbildung Psychogeriatrie\u201c <\/p>\n<p>Kommunikations- und Begleitansatz f\u00fcr Menschen mit Demenz<\/p>\n<p>Die Betreuung und Begleitung von Menschen mit Demenz geh\u00f6rt zu den schwierigsten und anspruchs-vollsten Aufgaben in Kranken- und Pflegeeinrichtungen. Die Integrative Validation nach Richard\u00ae (IVA) ist eine wertsch\u00e4tzende Methode f\u00fcr den Umgang und die Kommunikation mit Menschen mit Demenz. Es ben\u00f6tigt hierzu neben Toleranz des Anders-Seins eine personenzentrierte Grundhaltung und die Bereitschaft, den Betroffenen in seinem Anders-Sein zu lassen, ihn in seiner Ich-Identit\u00e4t zu unterst\u00fctzen. <\/p>\n<p>Begleitende ben\u00f6tigen gerade in den Anf\u00e4ngen der Erkrankung ein hohes Ma\u00df an Sensibilit\u00e4t. Nur so k\u00f6nnen die W\u00fcnsche der Betroffenen nach Autonomie und Selbst\u00e4ndigkeit Ber\u00fccksichtigung finden und eine Konfrontation mit Defiziten vermieden werden. Denn diese sind h\u00e4ufig Ursache f\u00fcr \u00fcberfordernde Situationen, die Angst, Scham und Stress ausl\u00f6sen.<\/p>\n<p>Im weiteren Verlauf befinden sich Menschen mit Demenz h\u00e4ufig in ihrer lebendigen Innenwelt und erleben Bruchst\u00fccke wichtiger Lebensereignisse. Sie brauchen Menschen, die sie best\u00e4tigen, die sie in ihrer inneren Erlebenswelt begleiten und ihnen das Gef\u00fchl von Zugeh\u00f6rigkeit geben.<\/p>\n<p>Die IVA\u00ae geht aus von einer ressourcenorientierten Sicht und begegnet diese Menschen, indem ihre Gef\u00fchle, Antriebe und Lebensthemen wahrgenommen, angesprochen und f\u00fcr g\u00fcltig erkl\u00e4rt werden. Wir m\u00f6chten die Teilnehmenden in ihrem Erfahrungswissen unterst\u00fctzen und ihnen neue Wege anbieten.<\/p>\n<p>Zielgruppe:<br \/>\nAide Socio-Familiale, Auxiliaire de Vie, Ergotherapeut*in, Erzieher*in, Krankenpfleger*in, Krankenpflegerhelfer*in, Physiotherapeut*in, Psycholog*in und andere relevante Berufsgruppen<\/p>\n","protected":false},"excerpt":{"rendered":"<p>Modul V der \u201eWeiterbildung Psychogeriatrie\u201c Kommunikations- und Begleitansatz f\u00fcr Menschen mit Demenz Die Betreuung und Begleitung von Menschen mit Demenz geh\u00f6rt zu den schwierigsten und anspruchs-vollsten Aufgaben in Kranken- und Pflegeeinrichtungen. Die Integrative Validation nach Richard\u00ae (IVA) ist eine wertsch\u00e4tzende Methode f\u00fcr den Umgang und die Kommunikation mit Menschen mit Demenz. Es ben\u00f6tigt hierzu neben [&hellip;]<\/p>\n","protected":false},"featured_media":0,"comment_status":"closed","ping_status":"closed","template":"","meta":{"_acf_changed":false,"inline_featured_image":false},"product_brand":[],"product_cat":[239],"product_tag":[237],"class_list":{"0":"post-9670","1":"product","2":"type-product","3":"status-publish","5":"product_cat-cours-pro","6":"product_tag-soins-encadrement-therapie-pro","8":"first","9":"instock","10":"virtual","11":"purchasable","12":"product-type-simple"},"acf":[],"yoast_head":"<!-- This site is optimized with the Yoast SEO Premium plugin v27.4 (Yoast SEO v27.4) - https:\/\/yoast.com\/product\/yoast-seo-premium-wordpress\/ -->\n<title>Grundkurs Integrative Validation nach Richard\u00ae (IVA) (FCPG V) - GERO<\/title>\n<meta name=\"robots\" content=\"index, follow, max-snippet:-1, max-image-preview:large, max-video-preview:-1\" \/>\n<link rel=\"canonical\" href=\"https:\/\/www.gero.lu\/de\/produit\/grundkurs-integrative-validation-nach-richard-iva-fcpg-v-2\" \/>\n<meta property=\"og:locale\" content=\"de_DE\" \/>\n<meta property=\"og:type\" content=\"article\" \/>\n<meta property=\"og:title\" content=\"Grundkurs Integrative Validation nach Richard\u00ae (IVA) (FCPG V)\" \/>\n<meta property=\"og:description\" content=\"Modul V der \u201eWeiterbildung Psychogeriatrie\u201c Kommunikations- und Begleitansatz f\u00fcr Menschen mit Demenz Die Betreuung und Begleitung von Menschen mit Demenz geh\u00f6rt zu den schwierigsten und anspruchs-vollsten Aufgaben in Kranken- und Pflegeeinrichtungen. Die Integrative Validation nach Richard\u00ae (IVA) ist eine wertsch\u00e4tzende Methode f\u00fcr den Umgang und die Kommunikation mit Menschen mit Demenz. Es ben\u00f6tigt hierzu neben [&hellip;]\" \/>\n<meta property=\"og:url\" content=\"https:\/\/www.gero.lu\/de\/produit\/grundkurs-integrative-validation-nach-richard-iva-fcpg-v-2\" \/>\n<meta property=\"og:site_name\" content=\"GERO\" \/>\n<meta property=\"article:publisher\" content=\"https:\/\/www.facebook.com\/Kompetenzzenter\/\" \/>\n<meta property=\"article:modified_time\" content=\"2026-04-17T08:52:15+00:00\" \/>\n<meta property=\"og:image\" content=\"https:\/\/www.gero.lu\/wp-content\/uploads\/2021\/08\/gettyimages-1135289130-2048x2048_RET-1.jpg\" \/>\n\t<meta property=\"og:image:width\" content=\"1227\" \/>\n\t<meta property=\"og:image:height\" content=\"802\" \/>\n\t<meta property=\"og:image:type\" content=\"image\/jpeg\" \/>\n<meta name=\"twitter:card\" content=\"summary_large_image\" \/>\n<meta name=\"twitter:label1\" content=\"Gesch\u00e4tzte Lesezeit\" \/>\n\t<meta name=\"twitter:data1\" content=\"1\u00a0Minute\" \/>\n<script type=\"application\/ld+json\" class=\"yoast-schema-graph\">{\"@context\":\"https:\\\/\\\/schema.org\",\"@graph\":[{\"@type\":\"WebPage\",\"@id\":\"https:\\\/\\\/www.gero.lu\\\/de\\\/produit\\\/grundkurs-integrative-validation-nach-richard-iva-fcpg-v-2\",\"url\":\"https:\\\/\\\/www.gero.lu\\\/de\\\/produit\\\/grundkurs-integrative-validation-nach-richard-iva-fcpg-v-2\",\"name\":\"Grundkurs Integrative Validation nach Richard\u00ae (IVA) (FCPG V) - GERO\",\"isPartOf\":{\"@id\":\"https:\\\/\\\/www.gero.lu\\\/de\\\/#website\"},\"datePublished\":\"2025-07-31T09:23:33+00:00\",\"dateModified\":\"2026-04-17T08:52:15+00:00\",\"breadcrumb\":{\"@id\":\"https:\\\/\\\/www.gero.lu\\\/de\\\/produit\\\/grundkurs-integrative-validation-nach-richard-iva-fcpg-v-2#breadcrumb\"},\"inLanguage\":\"de\",\"potentialAction\":[{\"@type\":\"ReadAction\",\"target\":[[\"https:\\\/\\\/www.gero.lu\\\/de\\\/produit\\\/grundkurs-integrative-validation-nach-richard-iva-fcpg-v-2\"]]}]},{\"@type\":\"BreadcrumbList\",\"@id\":\"https:\\\/\\\/www.gero.lu\\\/de\\\/produit\\\/grundkurs-integrative-validation-nach-richard-iva-fcpg-v-2#breadcrumb\",\"itemListElement\":[{\"@type\":\"ListItem\",\"position\":1,\"name\":\"Accueil\",\"item\":\"https:\\\/\\\/www.gero.lu\\\/de\\\/\"},{\"@type\":\"ListItem\",\"position\":2,\"name\":\"Shop\",\"item\":\"https:\\\/\\\/www.gero.lu\\\/de\\\/shop\"},{\"@type\":\"ListItem\",\"position\":3,\"name\":\"Grundkurs Integrative Validation nach Richard\u00ae (IVA) (FCPG V)\"}]},{\"@type\":\"WebSite\",\"@id\":\"https:\\\/\\\/www.gero.lu\\\/de\\\/#website\",\"url\":\"https:\\\/\\\/www.gero.lu\\\/de\\\/\",\"name\":\"Gero\",\"description\":\"Kompetenzzenter fir den Alter\",\"publisher\":{\"@id\":\"https:\\\/\\\/www.gero.lu\\\/de\\\/#organization\"},\"potentialAction\":[{\"@type\":\"SearchAction\",\"target\":{\"@type\":\"EntryPoint\",\"urlTemplate\":\"https:\\\/\\\/www.gero.lu\\\/de\\\/?s={search_term_string}\"},\"query-input\":{\"@type\":\"PropertyValueSpecification\",\"valueRequired\":true,\"valueName\":\"search_term_string\"}}],\"inLanguage\":\"de\"},{\"@type\":\"Organization\",\"@id\":\"https:\\\/\\\/www.gero.lu\\\/de\\\/#organization\",\"name\":\"Gero\",\"url\":\"https:\\\/\\\/www.gero.lu\\\/de\\\/\",\"logo\":{\"@type\":\"ImageObject\",\"inLanguage\":\"de\",\"@id\":\"https:\\\/\\\/www.gero.lu\\\/de\\\/#\\\/schema\\\/logo\\\/image\\\/\",\"url\":\"https:\\\/\\\/www.gero.lu\\\/wp-content\\\/uploads\\\/2024\\\/04\\\/logo.svg\",\"contentUrl\":\"https:\\\/\\\/www.gero.lu\\\/wp-content\\\/uploads\\\/2024\\\/04\\\/logo.svg\",\"width\":76,\"height\":30,\"caption\":\"Gero\"},\"image\":{\"@id\":\"https:\\\/\\\/www.gero.lu\\\/de\\\/#\\\/schema\\\/logo\\\/image\\\/\"},\"sameAs\":[\"https:\\\/\\\/www.facebook.com\\\/Kompetenzzenter\\\/\",\"https:\\\/\\\/www.instagram.com\\\/gero.kompetenzzenter\\\/\",\"https:\\\/\\\/linkedin.com\\\/company\\\/gero-kompetenzzenter-fir-den-alter\",\"https:\\\/\\\/www.youtube.com\\\/channel\\\/UCJvmJYSeHh3dYQsLHZupj-Q\"]}]}<\/script>\n<!-- \/ Yoast SEO Premium plugin. -->","yoast_head_json":{"title":"Grundkurs Integrative Validation nach Richard\u00ae (IVA) (FCPG V) - GERO","robots":{"index":"index","follow":"follow","max-snippet":"max-snippet:-1","max-image-preview":"max-image-preview:large","max-video-preview":"max-video-preview:-1"},"canonical":"https:\/\/www.gero.lu\/de\/produit\/grundkurs-integrative-validation-nach-richard-iva-fcpg-v-2","og_locale":"de_DE","og_type":"article","og_title":"Grundkurs Integrative Validation nach Richard\u00ae (IVA) (FCPG V)","og_description":"Modul V der \u201eWeiterbildung Psychogeriatrie\u201c Kommunikations- und Begleitansatz f\u00fcr Menschen mit Demenz Die Betreuung und Begleitung von Menschen mit Demenz geh\u00f6rt zu den schwierigsten und anspruchs-vollsten Aufgaben in Kranken- und Pflegeeinrichtungen. Die Integrative Validation nach Richard\u00ae (IVA) ist eine wertsch\u00e4tzende Methode f\u00fcr den Umgang und die Kommunikation mit Menschen mit Demenz. Es ben\u00f6tigt hierzu neben [&hellip;]","og_url":"https:\/\/www.gero.lu\/de\/produit\/grundkurs-integrative-validation-nach-richard-iva-fcpg-v-2","og_site_name":"GERO","article_publisher":"https:\/\/www.facebook.com\/Kompetenzzenter\/","article_modified_time":"2026-04-17T08:52:15+00:00","og_image":[{"width":1227,"height":802,"url":"https:\/\/www.gero.lu\/wp-content\/uploads\/2021\/08\/gettyimages-1135289130-2048x2048_RET-1.jpg","type":"image\/jpeg"}],"twitter_card":"summary_large_image","twitter_misc":{"Gesch\u00e4tzte Lesezeit":"1\u00a0Minute"},"schema":{"@context":"https:\/\/schema.org","@graph":[{"@type":"WebPage","@id":"https:\/\/www.gero.lu\/de\/produit\/grundkurs-integrative-validation-nach-richard-iva-fcpg-v-2","url":"https:\/\/www.gero.lu\/de\/produit\/grundkurs-integrative-validation-nach-richard-iva-fcpg-v-2","name":"Grundkurs Integrative Validation nach Richard\u00ae (IVA) (FCPG V) - GERO","isPartOf":{"@id":"https:\/\/www.gero.lu\/de\/#website"},"datePublished":"2025-07-31T09:23:33+00:00","dateModified":"2026-04-17T08:52:15+00:00","breadcrumb":{"@id":"https:\/\/www.gero.lu\/de\/produit\/grundkurs-integrative-validation-nach-richard-iva-fcpg-v-2#breadcrumb"},"inLanguage":"de","potentialAction":[{"@type":"ReadAction","target":[["https:\/\/www.gero.lu\/de\/produit\/grundkurs-integrative-validation-nach-richard-iva-fcpg-v-2"]]}]},{"@type":"BreadcrumbList","@id":"https:\/\/www.gero.lu\/de\/produit\/grundkurs-integrative-validation-nach-richard-iva-fcpg-v-2#breadcrumb","itemListElement":[{"@type":"ListItem","position":1,"name":"Accueil","item":"https:\/\/www.gero.lu\/de\/"},{"@type":"ListItem","position":2,"name":"Shop","item":"https:\/\/www.gero.lu\/de\/shop"},{"@type":"ListItem","position":3,"name":"Grundkurs Integrative Validation nach Richard\u00ae (IVA) (FCPG V)"}]},{"@type":"WebSite","@id":"https:\/\/www.gero.lu\/de\/#website","url":"https:\/\/www.gero.lu\/de\/","name":"Gero","description":"Kompetenzzenter fir den Alter","publisher":{"@id":"https:\/\/www.gero.lu\/de\/#organization"},"potentialAction":[{"@type":"SearchAction","target":{"@type":"EntryPoint","urlTemplate":"https:\/\/www.gero.lu\/de\/?s={search_term_string}"},"query-input":{"@type":"PropertyValueSpecification","valueRequired":true,"valueName":"search_term_string"}}],"inLanguage":"de"},{"@type":"Organization","@id":"https:\/\/www.gero.lu\/de\/#organization","name":"Gero","url":"https:\/\/www.gero.lu\/de\/","logo":{"@type":"ImageObject","inLanguage":"de","@id":"https:\/\/www.gero.lu\/de\/#\/schema\/logo\/image\/","url":"https:\/\/www.gero.lu\/wp-content\/uploads\/2024\/04\/logo.svg","contentUrl":"https:\/\/www.gero.lu\/wp-content\/uploads\/2024\/04\/logo.svg","width":76,"height":30,"caption":"Gero"},"image":{"@id":"https:\/\/www.gero.lu\/de\/#\/schema\/logo\/image\/"},"sameAs":["https:\/\/www.facebook.com\/Kompetenzzenter\/","https:\/\/www.instagram.com\/gero.kompetenzzenter\/","https:\/\/linkedin.com\/company\/gero-kompetenzzenter-fir-den-alter","https:\/\/www.youtube.com\/channel\/UCJvmJYSeHh3dYQsLHZupj-Q"]}]}},"_links":{"self":[{"href":"https:\/\/www.gero.lu\/de\/wp-json\/wp\/v2\/product\/9670","targetHints":{"allow":["GET"]}}],"collection":[{"href":"https:\/\/www.gero.lu\/de\/wp-json\/wp\/v2\/product"}],"about":[{"href":"https:\/\/www.gero.lu\/de\/wp-json\/wp\/v2\/types\/product"}],"replies":[{"embeddable":true,"href":"https:\/\/www.gero.lu\/de\/wp-json\/wp\/v2\/comments?post=9670"}],"wp:attachment":[{"href":"https:\/\/www.gero.lu\/de\/wp-json\/wp\/v2\/media?parent=9670"}],"wp:term":[{"taxonomy":"product_brand","embeddable":true,"href":"https:\/\/www.gero.lu\/de\/wp-json\/wp\/v2\/product_brand?post=9670"},{"taxonomy":"product_cat","embeddable":true,"href":"https:\/\/www.gero.lu\/de\/wp-json\/wp\/v2\/product_cat?post=9670"},{"taxonomy":"product_tag","embeddable":true,"href":"https:\/\/www.gero.lu\/de\/wp-json\/wp\/v2\/product_tag?post=9670"}],"curies":[{"name":"wp","href":"https:\/\/api.w.org\/{rel}","templated":true}]}}