{"id":9668,"date":"2025-07-31T08:22:32","date_gmt":"2025-07-31T08:22:32","guid":{"rendered":"https:\/\/www.gero.lu\/produit\/train-the-trainer-4"},"modified":"2026-03-13T08:21:32","modified_gmt":"2026-03-13T08:21:32","slug":"train-the-trainer-4","status":"publish","type":"product","link":"https:\/\/www.gero.lu\/de\/produit\/train-the-trainer-4","title":{"rendered":"Train the trainer"},"content":{"rendered":"<p>Lernprozesse aktivieren und selbstgesteuertes Lernen f\u00f6rdern<br \/>\nDie zweit\u00e4gige Fortbildung vermittelt grundlegende F\u00e4higkeiten, um qualitativ hochwertige und moderne Fortbildungen selbst zu gestalten und durchzuf\u00fchren. Ziel ist es, den Teilnehmenden ein praxisnahes Set an Kompetenzen zur Planung, Umsetzung und Weiterentwicklung wirkungsvoller Fortbildungen zu vermitteln. Besonderer Wert wird auf die Verbindung p\u00e4dagogischer und andragogischer Ans\u00e4tze gelegt, da Erwachsene \u2013 anders als Kinder \u2013 ein erfahrungsbasiertes, praxisnahes und selbstbestimmtes Lernen bevorzugen.<br \/>\nDer erste Tag fokussiert sich auf methodisch-didaktische Grundlagen: Strukturierung von Fortbildungen, Formulierung passender Lernziele, Aufbau eines motivierenden Lernklimas und erste Strategien zur Aktivierung der Teilnehmenden.<br \/>\nAm zweiten Tag steht die F\u00f6rderung selbstgesteuerten Lernens im Mittelpunkt. Dabei lernen die Teilnehmenden verschiedene didaktische Formate kennen, mit denen sich durch kompakte, zielorientierte Einheiten nachhaltige Lernprozesse anregen lassen \u2013 u.\u202fa. Methoden wie Microlearning oder sogenannte Lern-Nuggets. Erg\u00e4nzend reflektieren sie Gruppendynamiken, f\u00fchren eigene Kurztrainings durch und werten diese in kollegialen Feedbackrunden aus.   <\/p>\n<p>Zielgruppe:<br \/>\nAlle, die interessiert sind.<\/p>\n<p>Dieses Seminar richtet sich auch an Personen, die die Zulassung als \u201eFormateur\u00b7rice agr\u00e9\u00e9\u00b7e\u201c f\u00fcr die Fortbildung Psychogeriatrie (\u201eformation psycho-g\u00e9riatrique\u201c) und\/oder die Fortbildung Hygienebeauftragte (\u201eformation r\u00e9f\u00e9rent en hygi\u00e8ne\u201c) anstreben.<\/p>\n","protected":false},"excerpt":{"rendered":"<p>Lernprozesse aktivieren und selbstgesteuertes Lernen f\u00f6rdern Die zweit\u00e4gige Fortbildung vermittelt grundlegende F\u00e4higkeiten, um qualitativ hochwertige und moderne Fortbildungen selbst zu gestalten und durchzuf\u00fchren. Ziel ist es, den Teilnehmenden ein praxisnahes Set an Kompetenzen zur Planung, Umsetzung und Weiterentwicklung wirkungsvoller Fortbildungen zu vermitteln. Besonderer Wert wird auf die Verbindung p\u00e4dagogischer und andragogischer Ans\u00e4tze gelegt, da Erwachsene [&hellip;]<\/p>\n","protected":false},"featured_media":0,"comment_status":"closed","ping_status":"closed","template":"","meta":{"_acf_changed":false,"inline_featured_image":false},"product_brand":[],"product_cat":[239],"product_tag":[234],"class_list":{"0":"post-9668","1":"product","2":"type-product","3":"status-publish","5":"product_cat-cours-pro","6":"product_tag-competence-personnelles-pro","8":"first","9":"instock","10":"virtual","11":"purchasable","12":"product-type-simple"},"acf":[],"yoast_head":"<!-- This site is optimized with the Yoast SEO Premium plugin v26.5 (Yoast SEO v26.5) - https:\/\/yoast.com\/wordpress\/plugins\/seo\/ -->\n<title>Train the trainer - GERO<\/title>\n<meta name=\"robots\" content=\"index, follow, max-snippet:-1, max-image-preview:large, max-video-preview:-1\" \/>\n<link rel=\"canonical\" href=\"https:\/\/www.gero.lu\/de\/produit\/train-the-trainer-4\" \/>\n<meta property=\"og:locale\" content=\"de_DE\" \/>\n<meta property=\"og:type\" content=\"article\" \/>\n<meta property=\"og:title\" content=\"Train the trainer\" \/>\n<meta property=\"og:description\" content=\"Lernprozesse aktivieren und selbstgesteuertes Lernen f\u00f6rdern Die zweit\u00e4gige Fortbildung vermittelt grundlegende F\u00e4higkeiten, um qualitativ hochwertige und moderne Fortbildungen selbst zu gestalten und durchzuf\u00fchren. Ziel ist es, den Teilnehmenden ein praxisnahes Set an Kompetenzen zur Planung, Umsetzung und Weiterentwicklung wirkungsvoller Fortbildungen zu vermitteln. Besonderer Wert wird auf die Verbindung p\u00e4dagogischer und andragogischer Ans\u00e4tze gelegt, da Erwachsene [&hellip;]\" \/>\n<meta property=\"og:url\" content=\"https:\/\/www.gero.lu\/de\/produit\/train-the-trainer-4\" \/>\n<meta property=\"og:site_name\" content=\"GERO\" \/>\n<meta property=\"article:publisher\" content=\"https:\/\/www.facebook.com\/Kompetenzzenter\/\" \/>\n<meta property=\"article:modified_time\" content=\"2026-03-13T08:21:32+00:00\" \/>\n<meta property=\"og:image\" content=\"https:\/\/www.gero.lu\/wp-content\/uploads\/2021\/08\/gettyimages-1135289130-2048x2048_RET-1.jpg\" \/>\n\t<meta property=\"og:image:width\" content=\"1227\" \/>\n\t<meta property=\"og:image:height\" content=\"802\" \/>\n\t<meta property=\"og:image:type\" content=\"image\/jpeg\" \/>\n<meta name=\"twitter:card\" content=\"summary_large_image\" \/>\n<meta name=\"twitter:label1\" content=\"Gesch\u00e4tzte Lesezeit\" \/>\n\t<meta name=\"twitter:data1\" content=\"1\u00a0Minute\" \/>\n<script type=\"application\/ld+json\" class=\"yoast-schema-graph\">{\"@context\":\"https:\/\/schema.org\",\"@graph\":[{\"@type\":\"WebPage\",\"@id\":\"https:\/\/www.gero.lu\/de\/produit\/train-the-trainer-4\",\"url\":\"https:\/\/www.gero.lu\/de\/produit\/train-the-trainer-4\",\"name\":\"Train the trainer - GERO\",\"isPartOf\":{\"@id\":\"https:\/\/www.gero.lu\/de\/#website\"},\"datePublished\":\"2025-07-31T08:22:32+00:00\",\"dateModified\":\"2026-03-13T08:21:32+00:00\",\"breadcrumb\":{\"@id\":\"https:\/\/www.gero.lu\/de\/produit\/train-the-trainer-4#breadcrumb\"},\"inLanguage\":\"de\",\"potentialAction\":[{\"@type\":\"ReadAction\",\"target\":[[\"https:\/\/www.gero.lu\/de\/produit\/train-the-trainer-4\"]]}]},{\"@type\":\"BreadcrumbList\",\"@id\":\"https:\/\/www.gero.lu\/de\/produit\/train-the-trainer-4#breadcrumb\",\"itemListElement\":[{\"@type\":\"ListItem\",\"position\":1,\"name\":\"Accueil\",\"item\":\"https:\/\/www.gero.lu\/de\/\"},{\"@type\":\"ListItem\",\"position\":2,\"name\":\"Shop\",\"item\":\"https:\/\/www.gero.lu\/de\/shop\"},{\"@type\":\"ListItem\",\"position\":3,\"name\":\"Train the trainer\"}]},{\"@type\":\"WebSite\",\"@id\":\"https:\/\/www.gero.lu\/de\/#website\",\"url\":\"https:\/\/www.gero.lu\/de\/\",\"name\":\"Gero\",\"description\":\"Kompetenzzenter fir den Alter\",\"publisher\":{\"@id\":\"https:\/\/www.gero.lu\/de\/#organization\"},\"potentialAction\":[{\"@type\":\"SearchAction\",\"target\":{\"@type\":\"EntryPoint\",\"urlTemplate\":\"https:\/\/www.gero.lu\/de\/?s={search_term_string}\"},\"query-input\":{\"@type\":\"PropertyValueSpecification\",\"valueRequired\":true,\"valueName\":\"search_term_string\"}}],\"inLanguage\":\"de\"},{\"@type\":\"Organization\",\"@id\":\"https:\/\/www.gero.lu\/de\/#organization\",\"name\":\"Gero\",\"url\":\"https:\/\/www.gero.lu\/de\/\",\"logo\":{\"@type\":\"ImageObject\",\"inLanguage\":\"de\",\"@id\":\"https:\/\/www.gero.lu\/de\/#\/schema\/logo\/image\/\",\"url\":\"https:\/\/www.gero.lu\/wp-content\/uploads\/2024\/04\/logo.svg\",\"contentUrl\":\"https:\/\/www.gero.lu\/wp-content\/uploads\/2024\/04\/logo.svg\",\"width\":76,\"height\":30,\"caption\":\"Gero\"},\"image\":{\"@id\":\"https:\/\/www.gero.lu\/de\/#\/schema\/logo\/image\/\"},\"sameAs\":[\"https:\/\/www.facebook.com\/Kompetenzzenter\/\",\"https:\/\/www.instagram.com\/gero.kompetenzzenter\/\",\"https:\/\/linkedin.com\/company\/gero-kompetenzzenter-fir-den-alter\",\"https:\/\/www.youtube.com\/channel\/UCJvmJYSeHh3dYQsLHZupj-Q\"]}]}<\/script>\n<!-- \/ Yoast SEO Premium plugin. -->","yoast_head_json":{"title":"Train the trainer - GERO","robots":{"index":"index","follow":"follow","max-snippet":"max-snippet:-1","max-image-preview":"max-image-preview:large","max-video-preview":"max-video-preview:-1"},"canonical":"https:\/\/www.gero.lu\/de\/produit\/train-the-trainer-4","og_locale":"de_DE","og_type":"article","og_title":"Train the trainer","og_description":"Lernprozesse aktivieren und selbstgesteuertes Lernen f\u00f6rdern Die zweit\u00e4gige Fortbildung vermittelt grundlegende F\u00e4higkeiten, um qualitativ hochwertige und moderne Fortbildungen selbst zu gestalten und durchzuf\u00fchren. Ziel ist es, den Teilnehmenden ein praxisnahes Set an Kompetenzen zur Planung, Umsetzung und Weiterentwicklung wirkungsvoller Fortbildungen zu vermitteln. Besonderer Wert wird auf die Verbindung p\u00e4dagogischer und andragogischer Ans\u00e4tze gelegt, da Erwachsene [&hellip;]","og_url":"https:\/\/www.gero.lu\/de\/produit\/train-the-trainer-4","og_site_name":"GERO","article_publisher":"https:\/\/www.facebook.com\/Kompetenzzenter\/","article_modified_time":"2026-03-13T08:21:32+00:00","og_image":[{"width":1227,"height":802,"url":"https:\/\/www.gero.lu\/wp-content\/uploads\/2021\/08\/gettyimages-1135289130-2048x2048_RET-1.jpg","type":"image\/jpeg"}],"twitter_card":"summary_large_image","twitter_misc":{"Gesch\u00e4tzte Lesezeit":"1\u00a0Minute"},"schema":{"@context":"https:\/\/schema.org","@graph":[{"@type":"WebPage","@id":"https:\/\/www.gero.lu\/de\/produit\/train-the-trainer-4","url":"https:\/\/www.gero.lu\/de\/produit\/train-the-trainer-4","name":"Train the trainer - GERO","isPartOf":{"@id":"https:\/\/www.gero.lu\/de\/#website"},"datePublished":"2025-07-31T08:22:32+00:00","dateModified":"2026-03-13T08:21:32+00:00","breadcrumb":{"@id":"https:\/\/www.gero.lu\/de\/produit\/train-the-trainer-4#breadcrumb"},"inLanguage":"de","potentialAction":[{"@type":"ReadAction","target":[["https:\/\/www.gero.lu\/de\/produit\/train-the-trainer-4"]]}]},{"@type":"BreadcrumbList","@id":"https:\/\/www.gero.lu\/de\/produit\/train-the-trainer-4#breadcrumb","itemListElement":[{"@type":"ListItem","position":1,"name":"Accueil","item":"https:\/\/www.gero.lu\/de\/"},{"@type":"ListItem","position":2,"name":"Shop","item":"https:\/\/www.gero.lu\/de\/shop"},{"@type":"ListItem","position":3,"name":"Train the trainer"}]},{"@type":"WebSite","@id":"https:\/\/www.gero.lu\/de\/#website","url":"https:\/\/www.gero.lu\/de\/","name":"Gero","description":"Kompetenzzenter fir den Alter","publisher":{"@id":"https:\/\/www.gero.lu\/de\/#organization"},"potentialAction":[{"@type":"SearchAction","target":{"@type":"EntryPoint","urlTemplate":"https:\/\/www.gero.lu\/de\/?s={search_term_string}"},"query-input":{"@type":"PropertyValueSpecification","valueRequired":true,"valueName":"search_term_string"}}],"inLanguage":"de"},{"@type":"Organization","@id":"https:\/\/www.gero.lu\/de\/#organization","name":"Gero","url":"https:\/\/www.gero.lu\/de\/","logo":{"@type":"ImageObject","inLanguage":"de","@id":"https:\/\/www.gero.lu\/de\/#\/schema\/logo\/image\/","url":"https:\/\/www.gero.lu\/wp-content\/uploads\/2024\/04\/logo.svg","contentUrl":"https:\/\/www.gero.lu\/wp-content\/uploads\/2024\/04\/logo.svg","width":76,"height":30,"caption":"Gero"},"image":{"@id":"https:\/\/www.gero.lu\/de\/#\/schema\/logo\/image\/"},"sameAs":["https:\/\/www.facebook.com\/Kompetenzzenter\/","https:\/\/www.instagram.com\/gero.kompetenzzenter\/","https:\/\/linkedin.com\/company\/gero-kompetenzzenter-fir-den-alter","https:\/\/www.youtube.com\/channel\/UCJvmJYSeHh3dYQsLHZupj-Q"]}]}},"_links":{"self":[{"href":"https:\/\/www.gero.lu\/de\/wp-json\/wp\/v2\/product\/9668","targetHints":{"allow":["GET"]}}],"collection":[{"href":"https:\/\/www.gero.lu\/de\/wp-json\/wp\/v2\/product"}],"about":[{"href":"https:\/\/www.gero.lu\/de\/wp-json\/wp\/v2\/types\/product"}],"replies":[{"embeddable":true,"href":"https:\/\/www.gero.lu\/de\/wp-json\/wp\/v2\/comments?post=9668"}],"wp:attachment":[{"href":"https:\/\/www.gero.lu\/de\/wp-json\/wp\/v2\/media?parent=9668"}],"wp:term":[{"taxonomy":"product_brand","embeddable":true,"href":"https:\/\/www.gero.lu\/de\/wp-json\/wp\/v2\/product_brand?post=9668"},{"taxonomy":"product_cat","embeddable":true,"href":"https:\/\/www.gero.lu\/de\/wp-json\/wp\/v2\/product_cat?post=9668"},{"taxonomy":"product_tag","embeddable":true,"href":"https:\/\/www.gero.lu\/de\/wp-json\/wp\/v2\/product_tag?post=9668"}],"curies":[{"name":"wp","href":"https:\/\/api.w.org\/{rel}","templated":true}]}}