{"id":9336,"date":"2025-05-13T07:21:23","date_gmt":"2025-05-13T07:21:23","guid":{"rendered":"https:\/\/www.gero.lu\/produit\/basiskurs-basale-stimulation-fcpg-v"},"modified":"2025-12-01T09:21:34","modified_gmt":"2025-12-01T09:21:34","slug":"basiskurs-basale-stimulation-fcpg-v","status":"publish","type":"product","link":"https:\/\/www.gero.lu\/de\/produit\/basiskurs-basale-stimulation-fcpg-v","title":{"rendered":"Basiskurs Basale Stimulation (FCPG V)"},"content":{"rendered":"<p>Modul V der \u201eWeiterbildung Psychogeriatrie\u201c <\/p>\n<p>Basale Stimulation ist mehr als nur eine Methode \u2013 es ist eine Herzensangelegenheit. Entwickelt von Prof. Dr. Andreas Fr\u00f6hlich in den 1970er Jahren, zielt dieses Konzept darauf ab, Menschen mit schweren und mehrfachen Einschr\u00e4nkungen sowie mit Wahrnehmungsst\u00f6rungen (z.B. Menschen mit Demenz) eine Br\u00fccke zur Welt zu bauen. In einer Welt, die oft von Hektik und Schnelllebigkeit gepr\u00e4gt ist, bietet die Basale Stimulation einen Raum der Achtsamkeit und des Mitgef\u00fchls, wo jeder Mensch in seiner Einzigartigkeit wahrgenommen und gef\u00f6rdert wird.<\/p>\n<p>Grunds\u00e4tzlich ist der Basiskurs handlungsorientiert gestaltet. Teilnehmende lernen, die Welt durch die Augen der Menschen zu sehen, die ihrer F\u00fcrsorge bed\u00fcrfen. Mit Empathie, Wissen und praktischen F\u00e4higkeiten ausgestattet, kehren sie in ihre Arbeitsumgebung zur\u00fcck, bereit, einen positiven Unterschied zu machen. <\/p>\n<p>Inhalte:<br \/>\n&#8211;\tGrundlagen der Basalen Stimulation<br \/>\n&#8211;\tWahrnehmung: somatisch, vestibul\u00e4r, vibratorisch<br \/>\n&#8211;\tKommunikation: nonverbale Kommunikation, die F\u00f6rderung von Eigeninitiative und Selbstbestimmung<br \/>\n&#8211;\tBewegung: Bewegungsf\u00f6rderung, unterst\u00fctzen der Eigenbewegung und Mobilit\u00e4t, Lagerungstechniken<br \/>\n&#8211;\tAnwendung im Alltag: Integration der Basalen Stimulation in den Pflegealltag<\/p>\n<p>Zielgruppe: Aide Socio-Familiale, Auxiliaire de Vie, Ergotherapeut*in, Erzieher*in, Krankenpfleger*in, Krankenpflegerhelfer*in, Physiotherapeut*in, Psycholog*in und andere relevante Berufsgruppen<\/p>\n","protected":false},"excerpt":{"rendered":"<p>Modul V der \u201eWeiterbildung Psychogeriatrie\u201c Basale Stimulation ist mehr als nur eine Methode \u2013 es ist eine Herzensangelegenheit. Entwickelt von Prof. Dr. Andreas Fr\u00f6hlich in den 1970er Jahren, zielt dieses Konzept darauf ab, Menschen mit schweren und mehrfachen Einschr\u00e4nkungen sowie mit Wahrnehmungsst\u00f6rungen (z.B. Menschen mit Demenz) eine Br\u00fccke zur Welt zu bauen. In einer Welt, [&hellip;]<\/p>\n","protected":false},"featured_media":0,"comment_status":"closed","ping_status":"closed","template":"","meta":{"_acf_changed":false,"inline_featured_image":false},"product_brand":[],"product_cat":[239],"product_tag":[237],"class_list":{"0":"post-9336","1":"product","2":"type-product","3":"status-publish","5":"product_cat-cours-pro","6":"product_tag-soins-encadrement-therapie-pro","8":"first","9":"instock","10":"virtual","11":"purchasable","12":"product-type-simple"},"acf":[],"yoast_head":"<!-- This site is optimized with the Yoast SEO Premium plugin v27.4 (Yoast SEO v27.5) - https:\/\/yoast.com\/product\/yoast-seo-premium-wordpress\/ -->\n<title>Basiskurs Basale Stimulation (FCPG V) - GERO<\/title>\n<meta name=\"robots\" content=\"index, follow, max-snippet:-1, max-image-preview:large, max-video-preview:-1\" \/>\n<link rel=\"canonical\" href=\"https:\/\/www.gero.lu\/de\/produit\/basiskurs-basale-stimulation-fcpg-v\" \/>\n<meta property=\"og:locale\" content=\"de_DE\" \/>\n<meta property=\"og:type\" content=\"article\" \/>\n<meta property=\"og:title\" content=\"Basiskurs Basale Stimulation (FCPG V)\" \/>\n<meta property=\"og:description\" content=\"Modul V der \u201eWeiterbildung Psychogeriatrie\u201c Basale Stimulation ist mehr als nur eine Methode \u2013 es ist eine Herzensangelegenheit. Entwickelt von Prof. Dr. Andreas Fr\u00f6hlich in den 1970er Jahren, zielt dieses Konzept darauf ab, Menschen mit schweren und mehrfachen Einschr\u00e4nkungen sowie mit Wahrnehmungsst\u00f6rungen (z.B. Menschen mit Demenz) eine Br\u00fccke zur Welt zu bauen. In einer Welt, [&hellip;]\" \/>\n<meta property=\"og:url\" content=\"https:\/\/www.gero.lu\/de\/produit\/basiskurs-basale-stimulation-fcpg-v\" \/>\n<meta property=\"og:site_name\" content=\"GERO\" \/>\n<meta property=\"article:publisher\" content=\"https:\/\/www.facebook.com\/Kompetenzzenter\/\" \/>\n<meta property=\"article:modified_time\" content=\"2025-12-01T09:21:34+00:00\" \/>\n<meta property=\"og:image\" content=\"https:\/\/www.gero.lu\/wp-content\/uploads\/2021\/08\/gettyimages-1135289130-2048x2048_RET-1.jpg\" \/>\n\t<meta property=\"og:image:width\" content=\"1227\" \/>\n\t<meta property=\"og:image:height\" content=\"802\" \/>\n\t<meta property=\"og:image:type\" content=\"image\/jpeg\" \/>\n<meta name=\"twitter:card\" content=\"summary_large_image\" \/>\n<meta name=\"twitter:label1\" content=\"Gesch\u00e4tzte Lesezeit\" \/>\n\t<meta name=\"twitter:data1\" content=\"1\u00a0Minute\" \/>\n<script type=\"application\/ld+json\" class=\"yoast-schema-graph\">{\"@context\":\"https:\\\/\\\/schema.org\",\"@graph\":[{\"@type\":\"WebPage\",\"@id\":\"https:\\\/\\\/www.gero.lu\\\/de\\\/produit\\\/basiskurs-basale-stimulation-fcpg-v\",\"url\":\"https:\\\/\\\/www.gero.lu\\\/de\\\/produit\\\/basiskurs-basale-stimulation-fcpg-v\",\"name\":\"Basiskurs Basale Stimulation (FCPG V) - GERO\",\"isPartOf\":{\"@id\":\"https:\\\/\\\/www.gero.lu\\\/de\\\/#website\"},\"datePublished\":\"2025-05-13T07:21:23+00:00\",\"dateModified\":\"2025-12-01T09:21:34+00:00\",\"breadcrumb\":{\"@id\":\"https:\\\/\\\/www.gero.lu\\\/de\\\/produit\\\/basiskurs-basale-stimulation-fcpg-v#breadcrumb\"},\"inLanguage\":\"de\",\"potentialAction\":[{\"@type\":\"ReadAction\",\"target\":[[\"https:\\\/\\\/www.gero.lu\\\/de\\\/produit\\\/basiskurs-basale-stimulation-fcpg-v\"]]}]},{\"@type\":\"BreadcrumbList\",\"@id\":\"https:\\\/\\\/www.gero.lu\\\/de\\\/produit\\\/basiskurs-basale-stimulation-fcpg-v#breadcrumb\",\"itemListElement\":[{\"@type\":\"ListItem\",\"position\":1,\"name\":\"Accueil\",\"item\":\"https:\\\/\\\/www.gero.lu\\\/de\\\/\"},{\"@type\":\"ListItem\",\"position\":2,\"name\":\"Shop\",\"item\":\"https:\\\/\\\/www.gero.lu\\\/de\\\/shop\"},{\"@type\":\"ListItem\",\"position\":3,\"name\":\"Basiskurs Basale Stimulation (FCPG V)\"}]},{\"@type\":\"WebSite\",\"@id\":\"https:\\\/\\\/www.gero.lu\\\/de\\\/#website\",\"url\":\"https:\\\/\\\/www.gero.lu\\\/de\\\/\",\"name\":\"Gero\",\"description\":\"Kompetenzzenter fir den Alter\",\"publisher\":{\"@id\":\"https:\\\/\\\/www.gero.lu\\\/de\\\/#organization\"},\"potentialAction\":[{\"@type\":\"SearchAction\",\"target\":{\"@type\":\"EntryPoint\",\"urlTemplate\":\"https:\\\/\\\/www.gero.lu\\\/de\\\/?s={search_term_string}\"},\"query-input\":{\"@type\":\"PropertyValueSpecification\",\"valueRequired\":true,\"valueName\":\"search_term_string\"}}],\"inLanguage\":\"de\"},{\"@type\":\"Organization\",\"@id\":\"https:\\\/\\\/www.gero.lu\\\/de\\\/#organization\",\"name\":\"Gero\",\"url\":\"https:\\\/\\\/www.gero.lu\\\/de\\\/\",\"logo\":{\"@type\":\"ImageObject\",\"inLanguage\":\"de\",\"@id\":\"https:\\\/\\\/www.gero.lu\\\/de\\\/#\\\/schema\\\/logo\\\/image\\\/\",\"url\":\"https:\\\/\\\/www.gero.lu\\\/wp-content\\\/uploads\\\/2024\\\/04\\\/logo.svg\",\"contentUrl\":\"https:\\\/\\\/www.gero.lu\\\/wp-content\\\/uploads\\\/2024\\\/04\\\/logo.svg\",\"width\":76,\"height\":30,\"caption\":\"Gero\"},\"image\":{\"@id\":\"https:\\\/\\\/www.gero.lu\\\/de\\\/#\\\/schema\\\/logo\\\/image\\\/\"},\"sameAs\":[\"https:\\\/\\\/www.facebook.com\\\/Kompetenzzenter\\\/\",\"https:\\\/\\\/www.instagram.com\\\/gero.kompetenzzenter\\\/\",\"https:\\\/\\\/linkedin.com\\\/company\\\/gero-kompetenzzenter-fir-den-alter\",\"https:\\\/\\\/www.youtube.com\\\/channel\\\/UCJvmJYSeHh3dYQsLHZupj-Q\"]}]}<\/script>\n<!-- \/ Yoast SEO Premium plugin. -->","yoast_head_json":{"title":"Basiskurs Basale Stimulation (FCPG V) - GERO","robots":{"index":"index","follow":"follow","max-snippet":"max-snippet:-1","max-image-preview":"max-image-preview:large","max-video-preview":"max-video-preview:-1"},"canonical":"https:\/\/www.gero.lu\/de\/produit\/basiskurs-basale-stimulation-fcpg-v","og_locale":"de_DE","og_type":"article","og_title":"Basiskurs Basale Stimulation (FCPG V)","og_description":"Modul V der \u201eWeiterbildung Psychogeriatrie\u201c Basale Stimulation ist mehr als nur eine Methode \u2013 es ist eine Herzensangelegenheit. Entwickelt von Prof. Dr. Andreas Fr\u00f6hlich in den 1970er Jahren, zielt dieses Konzept darauf ab, Menschen mit schweren und mehrfachen Einschr\u00e4nkungen sowie mit Wahrnehmungsst\u00f6rungen (z.B. Menschen mit Demenz) eine Br\u00fccke zur Welt zu bauen. In einer Welt, [&hellip;]","og_url":"https:\/\/www.gero.lu\/de\/produit\/basiskurs-basale-stimulation-fcpg-v","og_site_name":"GERO","article_publisher":"https:\/\/www.facebook.com\/Kompetenzzenter\/","article_modified_time":"2025-12-01T09:21:34+00:00","og_image":[{"width":1227,"height":802,"url":"https:\/\/www.gero.lu\/wp-content\/uploads\/2021\/08\/gettyimages-1135289130-2048x2048_RET-1.jpg","type":"image\/jpeg"}],"twitter_card":"summary_large_image","twitter_misc":{"Gesch\u00e4tzte Lesezeit":"1\u00a0Minute"},"schema":{"@context":"https:\/\/schema.org","@graph":[{"@type":"WebPage","@id":"https:\/\/www.gero.lu\/de\/produit\/basiskurs-basale-stimulation-fcpg-v","url":"https:\/\/www.gero.lu\/de\/produit\/basiskurs-basale-stimulation-fcpg-v","name":"Basiskurs Basale Stimulation (FCPG V) - GERO","isPartOf":{"@id":"https:\/\/www.gero.lu\/de\/#website"},"datePublished":"2025-05-13T07:21:23+00:00","dateModified":"2025-12-01T09:21:34+00:00","breadcrumb":{"@id":"https:\/\/www.gero.lu\/de\/produit\/basiskurs-basale-stimulation-fcpg-v#breadcrumb"},"inLanguage":"de","potentialAction":[{"@type":"ReadAction","target":[["https:\/\/www.gero.lu\/de\/produit\/basiskurs-basale-stimulation-fcpg-v"]]}]},{"@type":"BreadcrumbList","@id":"https:\/\/www.gero.lu\/de\/produit\/basiskurs-basale-stimulation-fcpg-v#breadcrumb","itemListElement":[{"@type":"ListItem","position":1,"name":"Accueil","item":"https:\/\/www.gero.lu\/de\/"},{"@type":"ListItem","position":2,"name":"Shop","item":"https:\/\/www.gero.lu\/de\/shop"},{"@type":"ListItem","position":3,"name":"Basiskurs Basale Stimulation (FCPG V)"}]},{"@type":"WebSite","@id":"https:\/\/www.gero.lu\/de\/#website","url":"https:\/\/www.gero.lu\/de\/","name":"Gero","description":"Kompetenzzenter fir den Alter","publisher":{"@id":"https:\/\/www.gero.lu\/de\/#organization"},"potentialAction":[{"@type":"SearchAction","target":{"@type":"EntryPoint","urlTemplate":"https:\/\/www.gero.lu\/de\/?s={search_term_string}"},"query-input":{"@type":"PropertyValueSpecification","valueRequired":true,"valueName":"search_term_string"}}],"inLanguage":"de"},{"@type":"Organization","@id":"https:\/\/www.gero.lu\/de\/#organization","name":"Gero","url":"https:\/\/www.gero.lu\/de\/","logo":{"@type":"ImageObject","inLanguage":"de","@id":"https:\/\/www.gero.lu\/de\/#\/schema\/logo\/image\/","url":"https:\/\/www.gero.lu\/wp-content\/uploads\/2024\/04\/logo.svg","contentUrl":"https:\/\/www.gero.lu\/wp-content\/uploads\/2024\/04\/logo.svg","width":76,"height":30,"caption":"Gero"},"image":{"@id":"https:\/\/www.gero.lu\/de\/#\/schema\/logo\/image\/"},"sameAs":["https:\/\/www.facebook.com\/Kompetenzzenter\/","https:\/\/www.instagram.com\/gero.kompetenzzenter\/","https:\/\/linkedin.com\/company\/gero-kompetenzzenter-fir-den-alter","https:\/\/www.youtube.com\/channel\/UCJvmJYSeHh3dYQsLHZupj-Q"]}]}},"_links":{"self":[{"href":"https:\/\/www.gero.lu\/de\/wp-json\/wp\/v2\/product\/9336","targetHints":{"allow":["GET"]}}],"collection":[{"href":"https:\/\/www.gero.lu\/de\/wp-json\/wp\/v2\/product"}],"about":[{"href":"https:\/\/www.gero.lu\/de\/wp-json\/wp\/v2\/types\/product"}],"replies":[{"embeddable":true,"href":"https:\/\/www.gero.lu\/de\/wp-json\/wp\/v2\/comments?post=9336"}],"wp:attachment":[{"href":"https:\/\/www.gero.lu\/de\/wp-json\/wp\/v2\/media?parent=9336"}],"wp:term":[{"taxonomy":"product_brand","embeddable":true,"href":"https:\/\/www.gero.lu\/de\/wp-json\/wp\/v2\/product_brand?post=9336"},{"taxonomy":"product_cat","embeddable":true,"href":"https:\/\/www.gero.lu\/de\/wp-json\/wp\/v2\/product_cat?post=9336"},{"taxonomy":"product_tag","embeddable":true,"href":"https:\/\/www.gero.lu\/de\/wp-json\/wp\/v2\/product_tag?post=9336"}],"curies":[{"name":"wp","href":"https:\/\/api.w.org\/{rel}","templated":true}]}}