{"id":8880,"date":"2025-02-20T08:58:57","date_gmt":"2025-02-20T08:58:57","guid":{"rendered":"https:\/\/www.gero.lu\/produit\/projekt-deemools-lu-club-uewersauer-baschleiden"},"modified":"2025-02-25T12:30:01","modified_gmt":"2025-02-25T12:30:01","slug":"projekt-deemools-lu-club-uewersauer-baschleiden","status":"publish","type":"product","link":"https:\/\/www.gero.lu\/de\/produit\/projekt-deemools-lu-club-uewersauer-baschleiden","title":{"rendered":"Infoversammlung: Projekt Deemools.lu (Club Uewersauer &#8211; Baschleiden)"},"content":{"rendered":"<p>Die Internetseite deemools.lu hat das Ziel, Zeitzeugnisse aus Luxemburg zu sammeln und zu erhalten. F\u00fcr die Umsetzung dieses Projekts suchen wir Ehrenamtliche, die bei der Durchf\u00fchrung von Interviews, Videoaufnahmen oder Transkriptionen mitwirken. Selbstverst\u00e4ndlich werden Sie entsprechend geschult und begleitet.<\/p>\n<p>Lernen Sie das Projekt und seine Partner ganz unverbindlich bei unseren Infoveranstaltungen kennen. Wir freuen uns auf Sie!<\/p>\n<p>S\u00e9ance d\u2019information<\/p>\n<p>Le site internet deemools.lu a pour objectif de collecter et de pr\u00e9server des t\u00e9moignages du Luxembourg. Pour la r\u00e9alisation de ce projet, nous recherchons des b\u00e9n\u00e9voles pour contribuer \u00e0 des t\u00e2ches telles que les interviews, les enregistrements vid\u00e9o ou les transcriptions. Vous serez bien entendu form\u00e9s et encadr\u00e9s \u00e0 cet effet.<\/p>\n<p>Venez d\u00e9couvrir le projet et ses partenaires lors de nos s\u00e9ances d&#8217;information, sans aucun engagement de votre part. Nous serions ravis de vous accueillir!<\/p>\n","protected":false},"excerpt":{"rendered":"<p>Die Internetseite deemools.lu hat das Ziel, Zeitzeugnisse aus Luxemburg zu sammeln und zu erhalten. F\u00fcr die Umsetzung dieses Projekts suchen wir Ehrenamtliche, die bei der Durchf\u00fchrung von Interviews, Videoaufnahmen oder Transkriptionen mitwirken. Selbstverst\u00e4ndlich werden Sie entsprechend geschult und begleitet. Lernen Sie das Projekt und seine Partner ganz unverbindlich bei unseren Infoveranstaltungen kennen. Wir freuen uns [&hellip;]<\/p>\n","protected":false},"featured_media":0,"comment_status":"closed","ping_status":"closed","template":"","meta":{"_acf_changed":false,"inline_featured_image":false},"product_brand":[],"product_cat":[229],"product_tag":[203],"class_list":{"0":"post-8880","1":"product","2":"type-product","3":"status-publish","5":"product_cat-workshop","6":"product_tag-connaissance-de-vie-senior","8":"first","9":"instock","10":"virtual","11":"purchasable","12":"product-type-simple"},"acf":[],"yoast_head":"<!-- This site is optimized with the Yoast SEO Premium plugin v26.5 (Yoast SEO v26.5) - https:\/\/yoast.com\/wordpress\/plugins\/seo\/ -->\n<title>Infoversammlung: Projekt Deemools.lu (Club Uewersauer - Baschleiden) - GERO<\/title>\n<meta name=\"robots\" content=\"index, follow, max-snippet:-1, max-image-preview:large, max-video-preview:-1\" \/>\n<link rel=\"canonical\" href=\"https:\/\/www.gero.lu\/de\/produit\/projekt-deemools-lu-club-uewersauer-baschleiden\" \/>\n<meta property=\"og:locale\" content=\"de_DE\" \/>\n<meta property=\"og:type\" content=\"article\" \/>\n<meta property=\"og:title\" content=\"Infoversammlung: Projekt Deemools.lu (Club Uewersauer - Baschleiden)\" \/>\n<meta property=\"og:description\" content=\"Die Internetseite deemools.lu hat das Ziel, Zeitzeugnisse aus Luxemburg zu sammeln und zu erhalten. F\u00fcr die Umsetzung dieses Projekts suchen wir Ehrenamtliche, die bei der Durchf\u00fchrung von Interviews, Videoaufnahmen oder Transkriptionen mitwirken. Selbstverst\u00e4ndlich werden Sie entsprechend geschult und begleitet. Lernen Sie das Projekt und seine Partner ganz unverbindlich bei unseren Infoveranstaltungen kennen. Wir freuen uns [&hellip;]\" \/>\n<meta property=\"og:url\" content=\"https:\/\/www.gero.lu\/de\/produit\/projekt-deemools-lu-club-uewersauer-baschleiden\" \/>\n<meta property=\"og:site_name\" content=\"GERO\" \/>\n<meta property=\"article:publisher\" content=\"https:\/\/www.facebook.com\/Kompetenzzenter\/\" \/>\n<meta property=\"article:modified_time\" content=\"2025-02-25T12:30:01+00:00\" \/>\n<meta property=\"og:image\" content=\"https:\/\/www.gero.lu\/wp-content\/uploads\/2021\/08\/gettyimages-1135289130-2048x2048_RET-1.jpg\" \/>\n\t<meta property=\"og:image:width\" content=\"1227\" \/>\n\t<meta property=\"og:image:height\" content=\"802\" \/>\n\t<meta property=\"og:image:type\" content=\"image\/jpeg\" \/>\n<meta name=\"twitter:card\" content=\"summary_large_image\" \/>\n<meta name=\"twitter:label1\" content=\"Gesch\u00e4tzte Lesezeit\" \/>\n\t<meta name=\"twitter:data1\" content=\"1\u00a0Minute\" \/>\n<script type=\"application\/ld+json\" class=\"yoast-schema-graph\">{\"@context\":\"https:\/\/schema.org\",\"@graph\":[{\"@type\":\"WebPage\",\"@id\":\"https:\/\/www.gero.lu\/de\/produit\/projekt-deemools-lu-club-uewersauer-baschleiden\",\"url\":\"https:\/\/www.gero.lu\/de\/produit\/projekt-deemools-lu-club-uewersauer-baschleiden\",\"name\":\"Infoversammlung: Projekt Deemools.lu (Club Uewersauer - Baschleiden) - GERO\",\"isPartOf\":{\"@id\":\"https:\/\/www.gero.lu\/de\/#website\"},\"datePublished\":\"2025-02-20T08:58:57+00:00\",\"dateModified\":\"2025-02-25T12:30:01+00:00\",\"breadcrumb\":{\"@id\":\"https:\/\/www.gero.lu\/de\/produit\/projekt-deemools-lu-club-uewersauer-baschleiden#breadcrumb\"},\"inLanguage\":\"de\",\"potentialAction\":[{\"@type\":\"ReadAction\",\"target\":[[\"https:\/\/www.gero.lu\/de\/produit\/projekt-deemools-lu-club-uewersauer-baschleiden\"]]}]},{\"@type\":\"BreadcrumbList\",\"@id\":\"https:\/\/www.gero.lu\/de\/produit\/projekt-deemools-lu-club-uewersauer-baschleiden#breadcrumb\",\"itemListElement\":[{\"@type\":\"ListItem\",\"position\":1,\"name\":\"Accueil\",\"item\":\"https:\/\/www.gero.lu\/de\/\"},{\"@type\":\"ListItem\",\"position\":2,\"name\":\"Shop\",\"item\":\"https:\/\/www.gero.lu\/de\/shop\"},{\"@type\":\"ListItem\",\"position\":3,\"name\":\"Infoversammlung: Projekt Deemools.lu (Club Uewersauer &#8211; Baschleiden)\"}]},{\"@type\":\"WebSite\",\"@id\":\"https:\/\/www.gero.lu\/de\/#website\",\"url\":\"https:\/\/www.gero.lu\/de\/\",\"name\":\"Gero\",\"description\":\"Kompetenzzenter fir den Alter\",\"publisher\":{\"@id\":\"https:\/\/www.gero.lu\/de\/#organization\"},\"potentialAction\":[{\"@type\":\"SearchAction\",\"target\":{\"@type\":\"EntryPoint\",\"urlTemplate\":\"https:\/\/www.gero.lu\/de\/?s={search_term_string}\"},\"query-input\":{\"@type\":\"PropertyValueSpecification\",\"valueRequired\":true,\"valueName\":\"search_term_string\"}}],\"inLanguage\":\"de\"},{\"@type\":\"Organization\",\"@id\":\"https:\/\/www.gero.lu\/de\/#organization\",\"name\":\"Gero\",\"url\":\"https:\/\/www.gero.lu\/de\/\",\"logo\":{\"@type\":\"ImageObject\",\"inLanguage\":\"de\",\"@id\":\"https:\/\/www.gero.lu\/de\/#\/schema\/logo\/image\/\",\"url\":\"https:\/\/www.gero.lu\/wp-content\/uploads\/2024\/04\/logo.svg\",\"contentUrl\":\"https:\/\/www.gero.lu\/wp-content\/uploads\/2024\/04\/logo.svg\",\"width\":76,\"height\":30,\"caption\":\"Gero\"},\"image\":{\"@id\":\"https:\/\/www.gero.lu\/de\/#\/schema\/logo\/image\/\"},\"sameAs\":[\"https:\/\/www.facebook.com\/Kompetenzzenter\/\",\"https:\/\/www.instagram.com\/gero.kompetenzzenter\/\",\"https:\/\/linkedin.com\/company\/gero-kompetenzzenter-fir-den-alter\",\"https:\/\/www.youtube.com\/channel\/UCJvmJYSeHh3dYQsLHZupj-Q\"]}]}<\/script>\n<!-- \/ Yoast SEO Premium plugin. -->","yoast_head_json":{"title":"Infoversammlung: Projekt Deemools.lu (Club Uewersauer - Baschleiden) - GERO","robots":{"index":"index","follow":"follow","max-snippet":"max-snippet:-1","max-image-preview":"max-image-preview:large","max-video-preview":"max-video-preview:-1"},"canonical":"https:\/\/www.gero.lu\/de\/produit\/projekt-deemools-lu-club-uewersauer-baschleiden","og_locale":"de_DE","og_type":"article","og_title":"Infoversammlung: Projekt Deemools.lu (Club Uewersauer - Baschleiden)","og_description":"Die Internetseite deemools.lu hat das Ziel, Zeitzeugnisse aus Luxemburg zu sammeln und zu erhalten. F\u00fcr die Umsetzung dieses Projekts suchen wir Ehrenamtliche, die bei der Durchf\u00fchrung von Interviews, Videoaufnahmen oder Transkriptionen mitwirken. Selbstverst\u00e4ndlich werden Sie entsprechend geschult und begleitet. Lernen Sie das Projekt und seine Partner ganz unverbindlich bei unseren Infoveranstaltungen kennen. Wir freuen uns [&hellip;]","og_url":"https:\/\/www.gero.lu\/de\/produit\/projekt-deemools-lu-club-uewersauer-baschleiden","og_site_name":"GERO","article_publisher":"https:\/\/www.facebook.com\/Kompetenzzenter\/","article_modified_time":"2025-02-25T12:30:01+00:00","og_image":[{"width":1227,"height":802,"url":"https:\/\/www.gero.lu\/wp-content\/uploads\/2021\/08\/gettyimages-1135289130-2048x2048_RET-1.jpg","type":"image\/jpeg"}],"twitter_card":"summary_large_image","twitter_misc":{"Gesch\u00e4tzte Lesezeit":"1\u00a0Minute"},"schema":{"@context":"https:\/\/schema.org","@graph":[{"@type":"WebPage","@id":"https:\/\/www.gero.lu\/de\/produit\/projekt-deemools-lu-club-uewersauer-baschleiden","url":"https:\/\/www.gero.lu\/de\/produit\/projekt-deemools-lu-club-uewersauer-baschleiden","name":"Infoversammlung: Projekt Deemools.lu (Club Uewersauer - Baschleiden) - GERO","isPartOf":{"@id":"https:\/\/www.gero.lu\/de\/#website"},"datePublished":"2025-02-20T08:58:57+00:00","dateModified":"2025-02-25T12:30:01+00:00","breadcrumb":{"@id":"https:\/\/www.gero.lu\/de\/produit\/projekt-deemools-lu-club-uewersauer-baschleiden#breadcrumb"},"inLanguage":"de","potentialAction":[{"@type":"ReadAction","target":[["https:\/\/www.gero.lu\/de\/produit\/projekt-deemools-lu-club-uewersauer-baschleiden"]]}]},{"@type":"BreadcrumbList","@id":"https:\/\/www.gero.lu\/de\/produit\/projekt-deemools-lu-club-uewersauer-baschleiden#breadcrumb","itemListElement":[{"@type":"ListItem","position":1,"name":"Accueil","item":"https:\/\/www.gero.lu\/de\/"},{"@type":"ListItem","position":2,"name":"Shop","item":"https:\/\/www.gero.lu\/de\/shop"},{"@type":"ListItem","position":3,"name":"Infoversammlung: Projekt Deemools.lu (Club Uewersauer &#8211; Baschleiden)"}]},{"@type":"WebSite","@id":"https:\/\/www.gero.lu\/de\/#website","url":"https:\/\/www.gero.lu\/de\/","name":"Gero","description":"Kompetenzzenter fir den Alter","publisher":{"@id":"https:\/\/www.gero.lu\/de\/#organization"},"potentialAction":[{"@type":"SearchAction","target":{"@type":"EntryPoint","urlTemplate":"https:\/\/www.gero.lu\/de\/?s={search_term_string}"},"query-input":{"@type":"PropertyValueSpecification","valueRequired":true,"valueName":"search_term_string"}}],"inLanguage":"de"},{"@type":"Organization","@id":"https:\/\/www.gero.lu\/de\/#organization","name":"Gero","url":"https:\/\/www.gero.lu\/de\/","logo":{"@type":"ImageObject","inLanguage":"de","@id":"https:\/\/www.gero.lu\/de\/#\/schema\/logo\/image\/","url":"https:\/\/www.gero.lu\/wp-content\/uploads\/2024\/04\/logo.svg","contentUrl":"https:\/\/www.gero.lu\/wp-content\/uploads\/2024\/04\/logo.svg","width":76,"height":30,"caption":"Gero"},"image":{"@id":"https:\/\/www.gero.lu\/de\/#\/schema\/logo\/image\/"},"sameAs":["https:\/\/www.facebook.com\/Kompetenzzenter\/","https:\/\/www.instagram.com\/gero.kompetenzzenter\/","https:\/\/linkedin.com\/company\/gero-kompetenzzenter-fir-den-alter","https:\/\/www.youtube.com\/channel\/UCJvmJYSeHh3dYQsLHZupj-Q"]}]}},"_links":{"self":[{"href":"https:\/\/www.gero.lu\/de\/wp-json\/wp\/v2\/product\/8880","targetHints":{"allow":["GET"]}}],"collection":[{"href":"https:\/\/www.gero.lu\/de\/wp-json\/wp\/v2\/product"}],"about":[{"href":"https:\/\/www.gero.lu\/de\/wp-json\/wp\/v2\/types\/product"}],"replies":[{"embeddable":true,"href":"https:\/\/www.gero.lu\/de\/wp-json\/wp\/v2\/comments?post=8880"}],"wp:attachment":[{"href":"https:\/\/www.gero.lu\/de\/wp-json\/wp\/v2\/media?parent=8880"}],"wp:term":[{"taxonomy":"product_brand","embeddable":true,"href":"https:\/\/www.gero.lu\/de\/wp-json\/wp\/v2\/product_brand?post=8880"},{"taxonomy":"product_cat","embeddable":true,"href":"https:\/\/www.gero.lu\/de\/wp-json\/wp\/v2\/product_cat?post=8880"},{"taxonomy":"product_tag","embeddable":true,"href":"https:\/\/www.gero.lu\/de\/wp-json\/wp\/v2\/product_tag?post=8880"}],"curies":[{"name":"wp","href":"https:\/\/api.w.org\/{rel}","templated":true}]}}