{"id":8875,"date":"2025-02-19T11:22:40","date_gmt":"2025-02-19T11:22:40","guid":{"rendered":"https:\/\/www.gero.lu\/produit\/visite-du-parc-municipal-edouard-andre-luga"},"modified":"2025-06-05T10:21:50","modified_gmt":"2025-06-05T10:21:50","slug":"visite-du-parc-municipal-edouard-andre-luga","status":"publish","type":"product","link":"https:\/\/www.gero.lu\/de\/produit\/visite-du-parc-municipal-edouard-andre-luga","title":{"rendered":"Visite du Parc municipal Edouard Andr\u00e9 (LUGA)"},"content":{"rendered":"<p>Explorer le circuit LUGA \u00e0 travers le parc municipal Edouard Andr\u00e9, du nom du paysagiste fran\u00e7ais qui l\u2019a con\u00e7u. \u00c9galement appel\u00e9 le Kinnekspark, cet espace est impr\u00e9gn\u00e9 de l\u00e9gendes et d\u2019une histoire fascinante. Des installations et des am\u00e9nagements cr\u00e9\u00e9s sp\u00e9cialement pour la LUGA vous emm\u00e8nent dans un univers sensiblement autre : parcours narratifs, jardins urbains, serres merveilleuses, ou encore espaces de d\u00e9tente sont pr\u00e9sents tout au long du circuit. Une d\u00e9couverte surprenante !<\/p>\n","protected":false},"excerpt":{"rendered":"<p>Explorer le circuit LUGA \u00e0 travers le parc municipal Edouard Andr\u00e9, du nom du paysagiste fran\u00e7ais qui l\u2019a con\u00e7u. \u00c9galement appel\u00e9 le Kinnekspark, cet espace est impr\u00e9gn\u00e9 de l\u00e9gendes et d\u2019une histoire fascinante. Des installations et des am\u00e9nagements cr\u00e9\u00e9s sp\u00e9cialement pour la LUGA vous emm\u00e8nent dans un univers sensiblement autre : parcours narratifs, jardins urbains, [&hellip;]<\/p>\n","protected":false},"featured_media":0,"comment_status":"closed","ping_status":"closed","template":"","meta":{"_acf_changed":false,"inline_featured_image":false},"product_brand":[],"product_cat":[230],"product_tag":[203],"class_list":{"0":"post-8875","1":"product","2":"type-product","3":"status-publish","5":"product_cat-visite","6":"product_tag-connaissance-de-vie-senior","8":"first","9":"instock","10":"virtual","11":"purchasable","12":"product-type-simple"},"acf":[],"yoast_head":"<!-- This site is optimized with the Yoast SEO Premium plugin v27.4 (Yoast SEO v27.4) - https:\/\/yoast.com\/product\/yoast-seo-premium-wordpress\/ -->\n<title>Visite du Parc municipal Edouard Andr\u00e9 (LUGA) - GERO<\/title>\n<meta name=\"robots\" content=\"index, follow, max-snippet:-1, max-image-preview:large, max-video-preview:-1\" \/>\n<link rel=\"canonical\" href=\"https:\/\/www.gero.lu\/de\/produit\/visite-du-parc-municipal-edouard-andre-luga\" \/>\n<meta property=\"og:locale\" content=\"de_DE\" \/>\n<meta property=\"og:type\" content=\"article\" \/>\n<meta property=\"og:title\" content=\"Visite du Parc municipal Edouard Andr\u00e9 (LUGA)\" \/>\n<meta property=\"og:description\" content=\"Explorer le circuit LUGA \u00e0 travers le parc municipal Edouard Andr\u00e9, du nom du paysagiste fran\u00e7ais qui l\u2019a con\u00e7u. \u00c9galement appel\u00e9 le Kinnekspark, cet espace est impr\u00e9gn\u00e9 de l\u00e9gendes et d\u2019une histoire fascinante. Des installations et des am\u00e9nagements cr\u00e9\u00e9s sp\u00e9cialement pour la LUGA vous emm\u00e8nent dans un univers sensiblement autre : parcours narratifs, jardins urbains, [&hellip;]\" \/>\n<meta property=\"og:url\" content=\"https:\/\/www.gero.lu\/de\/produit\/visite-du-parc-municipal-edouard-andre-luga\" \/>\n<meta property=\"og:site_name\" content=\"GERO\" \/>\n<meta property=\"article:publisher\" content=\"https:\/\/www.facebook.com\/Kompetenzzenter\/\" \/>\n<meta property=\"article:modified_time\" content=\"2025-06-05T10:21:50+00:00\" \/>\n<meta property=\"og:image\" content=\"https:\/\/www.gero.lu\/wp-content\/uploads\/2021\/08\/gettyimages-1135289130-2048x2048_RET-1.jpg\" \/>\n\t<meta property=\"og:image:width\" content=\"1227\" \/>\n\t<meta property=\"og:image:height\" content=\"802\" \/>\n\t<meta property=\"og:image:type\" content=\"image\/jpeg\" \/>\n<meta name=\"twitter:card\" content=\"summary_large_image\" \/>\n<script type=\"application\/ld+json\" class=\"yoast-schema-graph\">{\"@context\":\"https:\\\/\\\/schema.org\",\"@graph\":[{\"@type\":\"WebPage\",\"@id\":\"https:\\\/\\\/www.gero.lu\\\/de\\\/produit\\\/visite-du-parc-municipal-edouard-andre-luga\",\"url\":\"https:\\\/\\\/www.gero.lu\\\/de\\\/produit\\\/visite-du-parc-municipal-edouard-andre-luga\",\"name\":\"Visite du Parc municipal Edouard Andr\u00e9 (LUGA) - GERO\",\"isPartOf\":{\"@id\":\"https:\\\/\\\/www.gero.lu\\\/de\\\/#website\"},\"datePublished\":\"2025-02-19T11:22:40+00:00\",\"dateModified\":\"2025-06-05T10:21:50+00:00\",\"breadcrumb\":{\"@id\":\"https:\\\/\\\/www.gero.lu\\\/de\\\/produit\\\/visite-du-parc-municipal-edouard-andre-luga#breadcrumb\"},\"inLanguage\":\"de\",\"potentialAction\":[{\"@type\":\"ReadAction\",\"target\":[[\"https:\\\/\\\/www.gero.lu\\\/de\\\/produit\\\/visite-du-parc-municipal-edouard-andre-luga\"]]}]},{\"@type\":\"BreadcrumbList\",\"@id\":\"https:\\\/\\\/www.gero.lu\\\/de\\\/produit\\\/visite-du-parc-municipal-edouard-andre-luga#breadcrumb\",\"itemListElement\":[{\"@type\":\"ListItem\",\"position\":1,\"name\":\"Accueil\",\"item\":\"https:\\\/\\\/www.gero.lu\\\/de\\\/\"},{\"@type\":\"ListItem\",\"position\":2,\"name\":\"Shop\",\"item\":\"https:\\\/\\\/www.gero.lu\\\/de\\\/shop\"},{\"@type\":\"ListItem\",\"position\":3,\"name\":\"Visite du Parc municipal Edouard Andr\u00e9 (LUGA)\"}]},{\"@type\":\"WebSite\",\"@id\":\"https:\\\/\\\/www.gero.lu\\\/de\\\/#website\",\"url\":\"https:\\\/\\\/www.gero.lu\\\/de\\\/\",\"name\":\"Gero\",\"description\":\"Kompetenzzenter fir den Alter\",\"publisher\":{\"@id\":\"https:\\\/\\\/www.gero.lu\\\/de\\\/#organization\"},\"potentialAction\":[{\"@type\":\"SearchAction\",\"target\":{\"@type\":\"EntryPoint\",\"urlTemplate\":\"https:\\\/\\\/www.gero.lu\\\/de\\\/?s={search_term_string}\"},\"query-input\":{\"@type\":\"PropertyValueSpecification\",\"valueRequired\":true,\"valueName\":\"search_term_string\"}}],\"inLanguage\":\"de\"},{\"@type\":\"Organization\",\"@id\":\"https:\\\/\\\/www.gero.lu\\\/de\\\/#organization\",\"name\":\"Gero\",\"url\":\"https:\\\/\\\/www.gero.lu\\\/de\\\/\",\"logo\":{\"@type\":\"ImageObject\",\"inLanguage\":\"de\",\"@id\":\"https:\\\/\\\/www.gero.lu\\\/de\\\/#\\\/schema\\\/logo\\\/image\\\/\",\"url\":\"https:\\\/\\\/www.gero.lu\\\/wp-content\\\/uploads\\\/2024\\\/04\\\/logo.svg\",\"contentUrl\":\"https:\\\/\\\/www.gero.lu\\\/wp-content\\\/uploads\\\/2024\\\/04\\\/logo.svg\",\"width\":76,\"height\":30,\"caption\":\"Gero\"},\"image\":{\"@id\":\"https:\\\/\\\/www.gero.lu\\\/de\\\/#\\\/schema\\\/logo\\\/image\\\/\"},\"sameAs\":[\"https:\\\/\\\/www.facebook.com\\\/Kompetenzzenter\\\/\",\"https:\\\/\\\/www.instagram.com\\\/gero.kompetenzzenter\\\/\",\"https:\\\/\\\/linkedin.com\\\/company\\\/gero-kompetenzzenter-fir-den-alter\",\"https:\\\/\\\/www.youtube.com\\\/channel\\\/UCJvmJYSeHh3dYQsLHZupj-Q\"]}]}<\/script>\n<!-- \/ Yoast SEO Premium plugin. -->","yoast_head_json":{"title":"Visite du Parc municipal Edouard Andr\u00e9 (LUGA) - GERO","robots":{"index":"index","follow":"follow","max-snippet":"max-snippet:-1","max-image-preview":"max-image-preview:large","max-video-preview":"max-video-preview:-1"},"canonical":"https:\/\/www.gero.lu\/de\/produit\/visite-du-parc-municipal-edouard-andre-luga","og_locale":"de_DE","og_type":"article","og_title":"Visite du Parc municipal Edouard Andr\u00e9 (LUGA)","og_description":"Explorer le circuit LUGA \u00e0 travers le parc municipal Edouard Andr\u00e9, du nom du paysagiste fran\u00e7ais qui l\u2019a con\u00e7u. \u00c9galement appel\u00e9 le Kinnekspark, cet espace est impr\u00e9gn\u00e9 de l\u00e9gendes et d\u2019une histoire fascinante. Des installations et des am\u00e9nagements cr\u00e9\u00e9s sp\u00e9cialement pour la LUGA vous emm\u00e8nent dans un univers sensiblement autre : parcours narratifs, jardins urbains, [&hellip;]","og_url":"https:\/\/www.gero.lu\/de\/produit\/visite-du-parc-municipal-edouard-andre-luga","og_site_name":"GERO","article_publisher":"https:\/\/www.facebook.com\/Kompetenzzenter\/","article_modified_time":"2025-06-05T10:21:50+00:00","og_image":[{"width":1227,"height":802,"url":"https:\/\/www.gero.lu\/wp-content\/uploads\/2021\/08\/gettyimages-1135289130-2048x2048_RET-1.jpg","type":"image\/jpeg"}],"twitter_card":"summary_large_image","schema":{"@context":"https:\/\/schema.org","@graph":[{"@type":"WebPage","@id":"https:\/\/www.gero.lu\/de\/produit\/visite-du-parc-municipal-edouard-andre-luga","url":"https:\/\/www.gero.lu\/de\/produit\/visite-du-parc-municipal-edouard-andre-luga","name":"Visite du Parc municipal Edouard Andr\u00e9 (LUGA) - GERO","isPartOf":{"@id":"https:\/\/www.gero.lu\/de\/#website"},"datePublished":"2025-02-19T11:22:40+00:00","dateModified":"2025-06-05T10:21:50+00:00","breadcrumb":{"@id":"https:\/\/www.gero.lu\/de\/produit\/visite-du-parc-municipal-edouard-andre-luga#breadcrumb"},"inLanguage":"de","potentialAction":[{"@type":"ReadAction","target":[["https:\/\/www.gero.lu\/de\/produit\/visite-du-parc-municipal-edouard-andre-luga"]]}]},{"@type":"BreadcrumbList","@id":"https:\/\/www.gero.lu\/de\/produit\/visite-du-parc-municipal-edouard-andre-luga#breadcrumb","itemListElement":[{"@type":"ListItem","position":1,"name":"Accueil","item":"https:\/\/www.gero.lu\/de\/"},{"@type":"ListItem","position":2,"name":"Shop","item":"https:\/\/www.gero.lu\/de\/shop"},{"@type":"ListItem","position":3,"name":"Visite du Parc municipal Edouard Andr\u00e9 (LUGA)"}]},{"@type":"WebSite","@id":"https:\/\/www.gero.lu\/de\/#website","url":"https:\/\/www.gero.lu\/de\/","name":"Gero","description":"Kompetenzzenter fir den Alter","publisher":{"@id":"https:\/\/www.gero.lu\/de\/#organization"},"potentialAction":[{"@type":"SearchAction","target":{"@type":"EntryPoint","urlTemplate":"https:\/\/www.gero.lu\/de\/?s={search_term_string}"},"query-input":{"@type":"PropertyValueSpecification","valueRequired":true,"valueName":"search_term_string"}}],"inLanguage":"de"},{"@type":"Organization","@id":"https:\/\/www.gero.lu\/de\/#organization","name":"Gero","url":"https:\/\/www.gero.lu\/de\/","logo":{"@type":"ImageObject","inLanguage":"de","@id":"https:\/\/www.gero.lu\/de\/#\/schema\/logo\/image\/","url":"https:\/\/www.gero.lu\/wp-content\/uploads\/2024\/04\/logo.svg","contentUrl":"https:\/\/www.gero.lu\/wp-content\/uploads\/2024\/04\/logo.svg","width":76,"height":30,"caption":"Gero"},"image":{"@id":"https:\/\/www.gero.lu\/de\/#\/schema\/logo\/image\/"},"sameAs":["https:\/\/www.facebook.com\/Kompetenzzenter\/","https:\/\/www.instagram.com\/gero.kompetenzzenter\/","https:\/\/linkedin.com\/company\/gero-kompetenzzenter-fir-den-alter","https:\/\/www.youtube.com\/channel\/UCJvmJYSeHh3dYQsLHZupj-Q"]}]}},"_links":{"self":[{"href":"https:\/\/www.gero.lu\/de\/wp-json\/wp\/v2\/product\/8875","targetHints":{"allow":["GET"]}}],"collection":[{"href":"https:\/\/www.gero.lu\/de\/wp-json\/wp\/v2\/product"}],"about":[{"href":"https:\/\/www.gero.lu\/de\/wp-json\/wp\/v2\/types\/product"}],"replies":[{"embeddable":true,"href":"https:\/\/www.gero.lu\/de\/wp-json\/wp\/v2\/comments?post=8875"}],"wp:attachment":[{"href":"https:\/\/www.gero.lu\/de\/wp-json\/wp\/v2\/media?parent=8875"}],"wp:term":[{"taxonomy":"product_brand","embeddable":true,"href":"https:\/\/www.gero.lu\/de\/wp-json\/wp\/v2\/product_brand?post=8875"},{"taxonomy":"product_cat","embeddable":true,"href":"https:\/\/www.gero.lu\/de\/wp-json\/wp\/v2\/product_cat?post=8875"},{"taxonomy":"product_tag","embeddable":true,"href":"https:\/\/www.gero.lu\/de\/wp-json\/wp\/v2\/product_tag?post=8875"}],"curies":[{"name":"wp","href":"https:\/\/api.w.org\/{rel}","templated":true}]}}