{"id":8874,"date":"2025-02-19T11:22:38","date_gmt":"2025-02-19T11:22:38","guid":{"rendered":"https:\/\/www.gero.lu\/produit\/visite-des-vallees-de-la-petrusse-et-de-lalzette-luga"},"modified":"2025-06-12T13:21:39","modified_gmt":"2025-06-12T13:21:39","slug":"visite-des-vallees-de-la-petrusse-et-de-lalzette-luga","status":"publish","type":"product","link":"https:\/\/www.gero.lu\/de\/produit\/visite-des-vallees-de-la-petrusse-et-de-lalzette-luga","title":{"rendered":"Visite des vall\u00e9es de la P\u00e9trusse et de l&#8217;Alzette (LUGA)"},"content":{"rendered":"<p>Cette visite est pr\u00e9vue dans les deux vall\u00e9es, celle de la P\u00e9trusse, r\u00e9cemment renatur\u00e9e et restaur\u00e9e, et celle de l\u2019Alzette joyau naturel situ\u00e9 de la ville. Ce chemin, parfois escarp\u00e9, donne l\u2019occasion de visiter les am\u00e9nagements sp\u00e9cifiques de la LUGA sur ces terres vari\u00e9es, ainsi que des jardins urbains qui s\u2019y d\u00e9veloppent. Les jardins et les installations incarnent un avenir fertile en opportunit\u00e9s dans les vall\u00e9es, jouant entre le visible et l\u2019invisible.<\/p>\n<p>Parcours comprenant des marches. Veuillez adapter votre tenue et vos chaussures \u00e0 la visite.<\/p>\n","protected":false},"excerpt":{"rendered":"<p>Cette visite est pr\u00e9vue dans les deux vall\u00e9es, celle de la P\u00e9trusse, r\u00e9cemment renatur\u00e9e et restaur\u00e9e, et celle de l\u2019Alzette joyau naturel situ\u00e9 de la ville. Ce chemin, parfois escarp\u00e9, donne l\u2019occasion de visiter les am\u00e9nagements sp\u00e9cifiques de la LUGA sur ces terres vari\u00e9es, ainsi que des jardins urbains qui s\u2019y d\u00e9veloppent. Les jardins et [&hellip;]<\/p>\n","protected":false},"featured_media":0,"comment_status":"closed","ping_status":"closed","template":"","meta":{"_acf_changed":false,"inline_featured_image":false},"product_brand":[],"product_cat":[230],"product_tag":[203],"class_list":{"0":"post-8874","1":"product","2":"type-product","3":"status-publish","5":"product_cat-visite","6":"product_tag-connaissance-de-vie-senior","8":"first","9":"instock","10":"virtual","11":"purchasable","12":"product-type-simple"},"acf":[],"yoast_head":"<!-- This site is optimized with the Yoast SEO Premium plugin v27.4 (Yoast SEO v27.4) - https:\/\/yoast.com\/product\/yoast-seo-premium-wordpress\/ -->\n<title>Visite des vall\u00e9es de la P\u00e9trusse et de l&#039;Alzette (LUGA) - GERO<\/title>\n<meta name=\"robots\" content=\"index, follow, max-snippet:-1, max-image-preview:large, max-video-preview:-1\" \/>\n<link rel=\"canonical\" href=\"https:\/\/www.gero.lu\/de\/produit\/visite-des-vallees-de-la-petrusse-et-de-lalzette-luga\" \/>\n<meta property=\"og:locale\" content=\"de_DE\" \/>\n<meta property=\"og:type\" content=\"article\" \/>\n<meta property=\"og:title\" content=\"Visite des vall\u00e9es de la P\u00e9trusse et de l&#039;Alzette (LUGA)\" \/>\n<meta property=\"og:description\" content=\"Cette visite est pr\u00e9vue dans les deux vall\u00e9es, celle de la P\u00e9trusse, r\u00e9cemment renatur\u00e9e et restaur\u00e9e, et celle de l\u2019Alzette joyau naturel situ\u00e9 de la ville. Ce chemin, parfois escarp\u00e9, donne l\u2019occasion de visiter les am\u00e9nagements sp\u00e9cifiques de la LUGA sur ces terres vari\u00e9es, ainsi que des jardins urbains qui s\u2019y d\u00e9veloppent. Les jardins et [&hellip;]\" \/>\n<meta property=\"og:url\" content=\"https:\/\/www.gero.lu\/de\/produit\/visite-des-vallees-de-la-petrusse-et-de-lalzette-luga\" \/>\n<meta property=\"og:site_name\" content=\"GERO\" \/>\n<meta property=\"article:publisher\" content=\"https:\/\/www.facebook.com\/Kompetenzzenter\/\" \/>\n<meta property=\"article:modified_time\" content=\"2025-06-12T13:21:39+00:00\" \/>\n<meta property=\"og:image\" content=\"https:\/\/www.gero.lu\/wp-content\/uploads\/2021\/08\/gettyimages-1135289130-2048x2048_RET-1.jpg\" \/>\n\t<meta property=\"og:image:width\" content=\"1227\" \/>\n\t<meta property=\"og:image:height\" content=\"802\" \/>\n\t<meta property=\"og:image:type\" content=\"image\/jpeg\" \/>\n<meta name=\"twitter:card\" content=\"summary_large_image\" \/>\n<meta name=\"twitter:label1\" content=\"Gesch\u00e4tzte Lesezeit\" \/>\n\t<meta name=\"twitter:data1\" content=\"1\u00a0Minute\" \/>\n<script type=\"application\/ld+json\" class=\"yoast-schema-graph\">{\"@context\":\"https:\\\/\\\/schema.org\",\"@graph\":[{\"@type\":\"WebPage\",\"@id\":\"https:\\\/\\\/www.gero.lu\\\/de\\\/produit\\\/visite-des-vallees-de-la-petrusse-et-de-lalzette-luga\",\"url\":\"https:\\\/\\\/www.gero.lu\\\/de\\\/produit\\\/visite-des-vallees-de-la-petrusse-et-de-lalzette-luga\",\"name\":\"Visite des vall\u00e9es de la P\u00e9trusse et de l'Alzette (LUGA) - GERO\",\"isPartOf\":{\"@id\":\"https:\\\/\\\/www.gero.lu\\\/de\\\/#website\"},\"datePublished\":\"2025-02-19T11:22:38+00:00\",\"dateModified\":\"2025-06-12T13:21:39+00:00\",\"breadcrumb\":{\"@id\":\"https:\\\/\\\/www.gero.lu\\\/de\\\/produit\\\/visite-des-vallees-de-la-petrusse-et-de-lalzette-luga#breadcrumb\"},\"inLanguage\":\"de\",\"potentialAction\":[{\"@type\":\"ReadAction\",\"target\":[[\"https:\\\/\\\/www.gero.lu\\\/de\\\/produit\\\/visite-des-vallees-de-la-petrusse-et-de-lalzette-luga\"]]}]},{\"@type\":\"BreadcrumbList\",\"@id\":\"https:\\\/\\\/www.gero.lu\\\/de\\\/produit\\\/visite-des-vallees-de-la-petrusse-et-de-lalzette-luga#breadcrumb\",\"itemListElement\":[{\"@type\":\"ListItem\",\"position\":1,\"name\":\"Accueil\",\"item\":\"https:\\\/\\\/www.gero.lu\\\/de\\\/\"},{\"@type\":\"ListItem\",\"position\":2,\"name\":\"Shop\",\"item\":\"https:\\\/\\\/www.gero.lu\\\/de\\\/shop\"},{\"@type\":\"ListItem\",\"position\":3,\"name\":\"Visite des vall\u00e9es de la P\u00e9trusse et de l&rsquo;Alzette (LUGA)\"}]},{\"@type\":\"WebSite\",\"@id\":\"https:\\\/\\\/www.gero.lu\\\/de\\\/#website\",\"url\":\"https:\\\/\\\/www.gero.lu\\\/de\\\/\",\"name\":\"Gero\",\"description\":\"Kompetenzzenter fir den Alter\",\"publisher\":{\"@id\":\"https:\\\/\\\/www.gero.lu\\\/de\\\/#organization\"},\"potentialAction\":[{\"@type\":\"SearchAction\",\"target\":{\"@type\":\"EntryPoint\",\"urlTemplate\":\"https:\\\/\\\/www.gero.lu\\\/de\\\/?s={search_term_string}\"},\"query-input\":{\"@type\":\"PropertyValueSpecification\",\"valueRequired\":true,\"valueName\":\"search_term_string\"}}],\"inLanguage\":\"de\"},{\"@type\":\"Organization\",\"@id\":\"https:\\\/\\\/www.gero.lu\\\/de\\\/#organization\",\"name\":\"Gero\",\"url\":\"https:\\\/\\\/www.gero.lu\\\/de\\\/\",\"logo\":{\"@type\":\"ImageObject\",\"inLanguage\":\"de\",\"@id\":\"https:\\\/\\\/www.gero.lu\\\/de\\\/#\\\/schema\\\/logo\\\/image\\\/\",\"url\":\"https:\\\/\\\/www.gero.lu\\\/wp-content\\\/uploads\\\/2024\\\/04\\\/logo.svg\",\"contentUrl\":\"https:\\\/\\\/www.gero.lu\\\/wp-content\\\/uploads\\\/2024\\\/04\\\/logo.svg\",\"width\":76,\"height\":30,\"caption\":\"Gero\"},\"image\":{\"@id\":\"https:\\\/\\\/www.gero.lu\\\/de\\\/#\\\/schema\\\/logo\\\/image\\\/\"},\"sameAs\":[\"https:\\\/\\\/www.facebook.com\\\/Kompetenzzenter\\\/\",\"https:\\\/\\\/www.instagram.com\\\/gero.kompetenzzenter\\\/\",\"https:\\\/\\\/linkedin.com\\\/company\\\/gero-kompetenzzenter-fir-den-alter\",\"https:\\\/\\\/www.youtube.com\\\/channel\\\/UCJvmJYSeHh3dYQsLHZupj-Q\"]}]}<\/script>\n<!-- \/ Yoast SEO Premium plugin. -->","yoast_head_json":{"title":"Visite des vall\u00e9es de la P\u00e9trusse et de l'Alzette (LUGA) - GERO","robots":{"index":"index","follow":"follow","max-snippet":"max-snippet:-1","max-image-preview":"max-image-preview:large","max-video-preview":"max-video-preview:-1"},"canonical":"https:\/\/www.gero.lu\/de\/produit\/visite-des-vallees-de-la-petrusse-et-de-lalzette-luga","og_locale":"de_DE","og_type":"article","og_title":"Visite des vall\u00e9es de la P\u00e9trusse et de l'Alzette (LUGA)","og_description":"Cette visite est pr\u00e9vue dans les deux vall\u00e9es, celle de la P\u00e9trusse, r\u00e9cemment renatur\u00e9e et restaur\u00e9e, et celle de l\u2019Alzette joyau naturel situ\u00e9 de la ville. Ce chemin, parfois escarp\u00e9, donne l\u2019occasion de visiter les am\u00e9nagements sp\u00e9cifiques de la LUGA sur ces terres vari\u00e9es, ainsi que des jardins urbains qui s\u2019y d\u00e9veloppent. Les jardins et [&hellip;]","og_url":"https:\/\/www.gero.lu\/de\/produit\/visite-des-vallees-de-la-petrusse-et-de-lalzette-luga","og_site_name":"GERO","article_publisher":"https:\/\/www.facebook.com\/Kompetenzzenter\/","article_modified_time":"2025-06-12T13:21:39+00:00","og_image":[{"width":1227,"height":802,"url":"https:\/\/www.gero.lu\/wp-content\/uploads\/2021\/08\/gettyimages-1135289130-2048x2048_RET-1.jpg","type":"image\/jpeg"}],"twitter_card":"summary_large_image","twitter_misc":{"Gesch\u00e4tzte Lesezeit":"1\u00a0Minute"},"schema":{"@context":"https:\/\/schema.org","@graph":[{"@type":"WebPage","@id":"https:\/\/www.gero.lu\/de\/produit\/visite-des-vallees-de-la-petrusse-et-de-lalzette-luga","url":"https:\/\/www.gero.lu\/de\/produit\/visite-des-vallees-de-la-petrusse-et-de-lalzette-luga","name":"Visite des vall\u00e9es de la P\u00e9trusse et de l'Alzette (LUGA) - GERO","isPartOf":{"@id":"https:\/\/www.gero.lu\/de\/#website"},"datePublished":"2025-02-19T11:22:38+00:00","dateModified":"2025-06-12T13:21:39+00:00","breadcrumb":{"@id":"https:\/\/www.gero.lu\/de\/produit\/visite-des-vallees-de-la-petrusse-et-de-lalzette-luga#breadcrumb"},"inLanguage":"de","potentialAction":[{"@type":"ReadAction","target":[["https:\/\/www.gero.lu\/de\/produit\/visite-des-vallees-de-la-petrusse-et-de-lalzette-luga"]]}]},{"@type":"BreadcrumbList","@id":"https:\/\/www.gero.lu\/de\/produit\/visite-des-vallees-de-la-petrusse-et-de-lalzette-luga#breadcrumb","itemListElement":[{"@type":"ListItem","position":1,"name":"Accueil","item":"https:\/\/www.gero.lu\/de\/"},{"@type":"ListItem","position":2,"name":"Shop","item":"https:\/\/www.gero.lu\/de\/shop"},{"@type":"ListItem","position":3,"name":"Visite des vall\u00e9es de la P\u00e9trusse et de l&rsquo;Alzette (LUGA)"}]},{"@type":"WebSite","@id":"https:\/\/www.gero.lu\/de\/#website","url":"https:\/\/www.gero.lu\/de\/","name":"Gero","description":"Kompetenzzenter fir den Alter","publisher":{"@id":"https:\/\/www.gero.lu\/de\/#organization"},"potentialAction":[{"@type":"SearchAction","target":{"@type":"EntryPoint","urlTemplate":"https:\/\/www.gero.lu\/de\/?s={search_term_string}"},"query-input":{"@type":"PropertyValueSpecification","valueRequired":true,"valueName":"search_term_string"}}],"inLanguage":"de"},{"@type":"Organization","@id":"https:\/\/www.gero.lu\/de\/#organization","name":"Gero","url":"https:\/\/www.gero.lu\/de\/","logo":{"@type":"ImageObject","inLanguage":"de","@id":"https:\/\/www.gero.lu\/de\/#\/schema\/logo\/image\/","url":"https:\/\/www.gero.lu\/wp-content\/uploads\/2024\/04\/logo.svg","contentUrl":"https:\/\/www.gero.lu\/wp-content\/uploads\/2024\/04\/logo.svg","width":76,"height":30,"caption":"Gero"},"image":{"@id":"https:\/\/www.gero.lu\/de\/#\/schema\/logo\/image\/"},"sameAs":["https:\/\/www.facebook.com\/Kompetenzzenter\/","https:\/\/www.instagram.com\/gero.kompetenzzenter\/","https:\/\/linkedin.com\/company\/gero-kompetenzzenter-fir-den-alter","https:\/\/www.youtube.com\/channel\/UCJvmJYSeHh3dYQsLHZupj-Q"]}]}},"_links":{"self":[{"href":"https:\/\/www.gero.lu\/de\/wp-json\/wp\/v2\/product\/8874","targetHints":{"allow":["GET"]}}],"collection":[{"href":"https:\/\/www.gero.lu\/de\/wp-json\/wp\/v2\/product"}],"about":[{"href":"https:\/\/www.gero.lu\/de\/wp-json\/wp\/v2\/types\/product"}],"replies":[{"embeddable":true,"href":"https:\/\/www.gero.lu\/de\/wp-json\/wp\/v2\/comments?post=8874"}],"wp:attachment":[{"href":"https:\/\/www.gero.lu\/de\/wp-json\/wp\/v2\/media?parent=8874"}],"wp:term":[{"taxonomy":"product_brand","embeddable":true,"href":"https:\/\/www.gero.lu\/de\/wp-json\/wp\/v2\/product_brand?post=8874"},{"taxonomy":"product_cat","embeddable":true,"href":"https:\/\/www.gero.lu\/de\/wp-json\/wp\/v2\/product_cat?post=8874"},{"taxonomy":"product_tag","embeddable":true,"href":"https:\/\/www.gero.lu\/de\/wp-json\/wp\/v2\/product_tag?post=8874"}],"curies":[{"name":"wp","href":"https:\/\/api.w.org\/{rel}","templated":true}]}}