{"id":8793,"date":"2025-02-06T09:09:51","date_gmt":"2025-02-06T09:09:51","guid":{"rendered":"https:\/\/www.gero.lu\/?post_type=product&#038;p=8793"},"modified":"2025-02-06T10:50:09","modified_gmt":"2025-02-06T10:50:09","slug":"brochure-de-sensibilisation-regards-sur-le-vieillissement","status":"publish","type":"product","link":"https:\/\/www.gero.lu\/de\/produit\/brochure-de-sensibilisation-regards-sur-le-vieillissement","title":{"rendered":"Sensibilisierungsbrosch\u00fcre: Perspektiven des Alters"},"content":{"rendered":"","protected":false},"excerpt":{"rendered":"<p>Wir freuen uns, Ihnen unsere neue Sensibilisierungsbrosch\u00fcre vorzustellen, die wir komplett in unserem Team entwickelt haben. Mit unserem Maskottchen GERO nehmen wir Sie auf eine Reise durch die vielf\u00e4ltigen Aspekte des Alterns mit. GERO begegnet auf jeder Seite \u00e4lteren Menschen, deren Geschichten und Bed\u00fcrfnisse uns helfen, besser zu verstehen, was Altern heute bedeutet.<\/p>\n<p>Diese Brosch\u00fcre richtet sich nicht nur an Fachleute, sondern an alle, die in ihrem Alltag mit \u00e4lteren Menschen in Kontakt kommen \u2013 also an uns alle! Mit teils humorvollen, teils nachdenklichen Illustrationen, praktischen QR-Codes f\u00fcr weiterf\u00fchrende Informationen und mit viel Herz m\u00f6chten wir die wachsende Bedeutung des Alterns in unserer Gesellschaft betonen. Lassen Sie uns gemeinsam das Verst\u00e4ndnis f\u00fcreinander st\u00e4rken.<\/p>\n","protected":false},"featured_media":8794,"comment_status":"closed","ping_status":"closed","template":"","meta":{"_acf_changed":false,"inline_featured_image":false},"product_brand":[],"product_cat":[53],"product_tag":[],"class_list":{"0":"post-8793","1":"product","2":"type-product","3":"status-publish","4":"has-post-thumbnail","6":"product_cat-produits","8":"first","9":"instock","10":"shipping-taxable","11":"purchasable","12":"product-type-simple"},"acf":[],"yoast_head":"<!-- This site is optimized with the Yoast SEO Premium plugin v27.4 (Yoast SEO v27.5) - https:\/\/yoast.com\/product\/yoast-seo-premium-wordpress\/ -->\n<title>Sensibilisierungsbrosch\u00fcre: Perspektiven des Alters - GERO<\/title>\n<meta name=\"robots\" content=\"index, follow, max-snippet:-1, max-image-preview:large, max-video-preview:-1\" \/>\n<link rel=\"canonical\" href=\"https:\/\/www.gero.lu\/de\/produit\/brochure-de-sensibilisation-regards-sur-le-vieillissement\" \/>\n<meta property=\"og:locale\" content=\"de_DE\" \/>\n<meta property=\"og:type\" content=\"article\" \/>\n<meta property=\"og:title\" content=\"Sensibilisierungsbrosch\u00fcre: Perspektiven des Alters\" \/>\n<meta property=\"og:description\" content=\"Wir freuen uns, Ihnen unsere neue Sensibilisierungsbrosch\u00fcre vorzustellen, die wir komplett in unserem Team entwickelt haben. Mit unserem Maskottchen GERO nehmen wir Sie auf eine Reise durch die vielf\u00e4ltigen Aspekte des Alterns mit. GERO begegnet auf jeder Seite \u00e4lteren Menschen, deren Geschichten und Bed\u00fcrfnisse uns helfen, besser zu verstehen, was Altern heute bedeutet.  Diese Brosch\u00fcre richtet sich nicht nur an Fachleute, sondern an alle, die in ihrem Alltag mit \u00e4lteren Menschen in Kontakt kommen \u2013 also an uns alle! Mit teils humorvollen, teils nachdenklichen Illustrationen, praktischen QR-Codes f\u00fcr weiterf\u00fchrende Informationen und mit viel Herz m\u00f6chten wir die wachsende Bedeutung des Alterns in unserer Gesellschaft betonen. Lassen Sie uns gemeinsam das Verst\u00e4ndnis f\u00fcreinander st\u00e4rken.\" \/>\n<meta property=\"og:url\" content=\"https:\/\/www.gero.lu\/de\/produit\/brochure-de-sensibilisation-regards-sur-le-vieillissement\" \/>\n<meta property=\"og:site_name\" content=\"GERO\" \/>\n<meta property=\"article:publisher\" content=\"https:\/\/www.facebook.com\/Kompetenzzenter\/\" \/>\n<meta property=\"article:modified_time\" content=\"2025-02-06T10:50:09+00:00\" \/>\n<meta property=\"og:image\" content=\"https:\/\/www.gero.lu\/wp-content\/uploads\/2025\/02\/1.png\" \/>\n\t<meta property=\"og:image:width\" content=\"1080\" \/>\n\t<meta property=\"og:image:height\" content=\"1080\" \/>\n\t<meta property=\"og:image:type\" content=\"image\/png\" \/>\n<meta name=\"twitter:card\" content=\"summary_large_image\" \/>\n<meta name=\"twitter:label1\" content=\"Gesch\u00e4tzte Lesezeit\" \/>\n\t<meta name=\"twitter:data1\" content=\"1\u00a0Minute\" \/>\n<script type=\"application\/ld+json\" class=\"yoast-schema-graph\">{\"@context\":\"https:\\\/\\\/schema.org\",\"@graph\":[{\"@type\":\"WebPage\",\"@id\":\"https:\\\/\\\/www.gero.lu\\\/de\\\/produit\\\/brochure-de-sensibilisation-regards-sur-le-vieillissement\",\"url\":\"https:\\\/\\\/www.gero.lu\\\/de\\\/produit\\\/brochure-de-sensibilisation-regards-sur-le-vieillissement\",\"name\":\"Sensibilisierungsbrosch\u00fcre: Perspektiven des Alters - GERO\",\"isPartOf\":{\"@id\":\"https:\\\/\\\/www.gero.lu\\\/de\\\/#website\"},\"primaryImageOfPage\":{\"@id\":\"https:\\\/\\\/www.gero.lu\\\/de\\\/produit\\\/brochure-de-sensibilisation-regards-sur-le-vieillissement#primaryimage\"},\"image\":{\"@id\":\"https:\\\/\\\/www.gero.lu\\\/produit\\\/brochure-de-sensibilisation-regards-sur-le-vieillissement#primaryimage\"},\"thumbnailUrl\":\"https:\\\/\\\/www.gero.lu\\\/wp-content\\\/uploads\\\/2025\\\/02\\\/1.png\",\"datePublished\":\"2025-02-06T09:09:51+00:00\",\"dateModified\":\"2025-02-06T10:50:09+00:00\",\"breadcrumb\":{\"@id\":\"https:\\\/\\\/www.gero.lu\\\/de\\\/produit\\\/brochure-de-sensibilisation-regards-sur-le-vieillissement#breadcrumb\"},\"inLanguage\":\"de\",\"potentialAction\":[{\"@type\":\"ReadAction\",\"target\":[[\"https:\\\/\\\/www.gero.lu\\\/de\\\/produit\\\/brochure-de-sensibilisation-regards-sur-le-vieillissement\"]]}]},{\"@type\":\"ImageObject\",\"inLanguage\":\"de\",\"@id\":\"https:\\\/\\\/www.gero.lu\\\/de\\\/produit\\\/brochure-de-sensibilisation-regards-sur-le-vieillissement#primaryimage\",\"url\":\"https:\\\/\\\/www.gero.lu\\\/wp-content\\\/uploads\\\/2025\\\/02\\\/1.png\",\"contentUrl\":\"https:\\\/\\\/www.gero.lu\\\/wp-content\\\/uploads\\\/2025\\\/02\\\/1.png\",\"width\":1080,\"height\":1080},{\"@type\":\"BreadcrumbList\",\"@id\":\"https:\\\/\\\/www.gero.lu\\\/de\\\/produit\\\/brochure-de-sensibilisation-regards-sur-le-vieillissement#breadcrumb\",\"itemListElement\":[{\"@type\":\"ListItem\",\"position\":1,\"name\":\"Accueil\",\"item\":\"https:\\\/\\\/www.gero.lu\\\/de\\\/\"},{\"@type\":\"ListItem\",\"position\":2,\"name\":\"Shop\",\"item\":\"https:\\\/\\\/www.gero.lu\\\/de\\\/shop\"},{\"@type\":\"ListItem\",\"position\":3,\"name\":\"Brochure de sensibilisation: Regards sur le vieillissement\"}]},{\"@type\":\"WebSite\",\"@id\":\"https:\\\/\\\/www.gero.lu\\\/de\\\/#website\",\"url\":\"https:\\\/\\\/www.gero.lu\\\/de\\\/\",\"name\":\"Gero\",\"description\":\"Kompetenzzenter fir den Alter\",\"publisher\":{\"@id\":\"https:\\\/\\\/www.gero.lu\\\/de\\\/#organization\"},\"potentialAction\":[{\"@type\":\"SearchAction\",\"target\":{\"@type\":\"EntryPoint\",\"urlTemplate\":\"https:\\\/\\\/www.gero.lu\\\/de\\\/?s={search_term_string}\"},\"query-input\":{\"@type\":\"PropertyValueSpecification\",\"valueRequired\":true,\"valueName\":\"search_term_string\"}}],\"inLanguage\":\"de\"},{\"@type\":\"Organization\",\"@id\":\"https:\\\/\\\/www.gero.lu\\\/de\\\/#organization\",\"name\":\"Gero\",\"url\":\"https:\\\/\\\/www.gero.lu\\\/de\\\/\",\"logo\":{\"@type\":\"ImageObject\",\"inLanguage\":\"de\",\"@id\":\"https:\\\/\\\/www.gero.lu\\\/de\\\/#\\\/schema\\\/logo\\\/image\\\/\",\"url\":\"https:\\\/\\\/www.gero.lu\\\/wp-content\\\/uploads\\\/2024\\\/04\\\/logo.svg\",\"contentUrl\":\"https:\\\/\\\/www.gero.lu\\\/wp-content\\\/uploads\\\/2024\\\/04\\\/logo.svg\",\"width\":76,\"height\":30,\"caption\":\"Gero\"},\"image\":{\"@id\":\"https:\\\/\\\/www.gero.lu\\\/de\\\/#\\\/schema\\\/logo\\\/image\\\/\"},\"sameAs\":[\"https:\\\/\\\/www.facebook.com\\\/Kompetenzzenter\\\/\",\"https:\\\/\\\/www.instagram.com\\\/gero.kompetenzzenter\\\/\",\"https:\\\/\\\/linkedin.com\\\/company\\\/gero-kompetenzzenter-fir-den-alter\",\"https:\\\/\\\/www.youtube.com\\\/channel\\\/UCJvmJYSeHh3dYQsLHZupj-Q\"]}]}<\/script>\n<!-- \/ Yoast SEO Premium plugin. -->","yoast_head_json":{"title":"Sensibilisierungsbrosch\u00fcre: Perspektiven des Alters - GERO","robots":{"index":"index","follow":"follow","max-snippet":"max-snippet:-1","max-image-preview":"max-image-preview:large","max-video-preview":"max-video-preview:-1"},"canonical":"https:\/\/www.gero.lu\/de\/produit\/brochure-de-sensibilisation-regards-sur-le-vieillissement","og_locale":"de_DE","og_type":"article","og_title":"Sensibilisierungsbrosch\u00fcre: Perspektiven des Alters","og_description":"Wir freuen uns, Ihnen unsere neue Sensibilisierungsbrosch\u00fcre vorzustellen, die wir komplett in unserem Team entwickelt haben. Mit unserem Maskottchen GERO nehmen wir Sie auf eine Reise durch die vielf\u00e4ltigen Aspekte des Alterns mit. GERO begegnet auf jeder Seite \u00e4lteren Menschen, deren Geschichten und Bed\u00fcrfnisse uns helfen, besser zu verstehen, was Altern heute bedeutet.  Diese Brosch\u00fcre richtet sich nicht nur an Fachleute, sondern an alle, die in ihrem Alltag mit \u00e4lteren Menschen in Kontakt kommen \u2013 also an uns alle! Mit teils humorvollen, teils nachdenklichen Illustrationen, praktischen QR-Codes f\u00fcr weiterf\u00fchrende Informationen und mit viel Herz m\u00f6chten wir die wachsende Bedeutung des Alterns in unserer Gesellschaft betonen. Lassen Sie uns gemeinsam das Verst\u00e4ndnis f\u00fcreinander st\u00e4rken.","og_url":"https:\/\/www.gero.lu\/de\/produit\/brochure-de-sensibilisation-regards-sur-le-vieillissement","og_site_name":"GERO","article_publisher":"https:\/\/www.facebook.com\/Kompetenzzenter\/","article_modified_time":"2025-02-06T10:50:09+00:00","og_image":[{"width":1080,"height":1080,"url":"https:\/\/www.gero.lu\/wp-content\/uploads\/2025\/02\/1.png","type":"image\/png"}],"twitter_card":"summary_large_image","twitter_misc":{"Gesch\u00e4tzte Lesezeit":"1\u00a0Minute"},"schema":{"@context":"https:\/\/schema.org","@graph":[{"@type":"WebPage","@id":"https:\/\/www.gero.lu\/de\/produit\/brochure-de-sensibilisation-regards-sur-le-vieillissement","url":"https:\/\/www.gero.lu\/de\/produit\/brochure-de-sensibilisation-regards-sur-le-vieillissement","name":"Sensibilisierungsbrosch\u00fcre: Perspektiven des Alters - GERO","isPartOf":{"@id":"https:\/\/www.gero.lu\/de\/#website"},"primaryImageOfPage":{"@id":"https:\/\/www.gero.lu\/de\/produit\/brochure-de-sensibilisation-regards-sur-le-vieillissement#primaryimage"},"image":{"@id":"https:\/\/www.gero.lu\/produit\/brochure-de-sensibilisation-regards-sur-le-vieillissement#primaryimage"},"thumbnailUrl":"https:\/\/www.gero.lu\/wp-content\/uploads\/2025\/02\/1.png","datePublished":"2025-02-06T09:09:51+00:00","dateModified":"2025-02-06T10:50:09+00:00","breadcrumb":{"@id":"https:\/\/www.gero.lu\/de\/produit\/brochure-de-sensibilisation-regards-sur-le-vieillissement#breadcrumb"},"inLanguage":"de","potentialAction":[{"@type":"ReadAction","target":[["https:\/\/www.gero.lu\/de\/produit\/brochure-de-sensibilisation-regards-sur-le-vieillissement"]]}]},{"@type":"ImageObject","inLanguage":"de","@id":"https:\/\/www.gero.lu\/de\/produit\/brochure-de-sensibilisation-regards-sur-le-vieillissement#primaryimage","url":"https:\/\/www.gero.lu\/wp-content\/uploads\/2025\/02\/1.png","contentUrl":"https:\/\/www.gero.lu\/wp-content\/uploads\/2025\/02\/1.png","width":1080,"height":1080},{"@type":"BreadcrumbList","@id":"https:\/\/www.gero.lu\/de\/produit\/brochure-de-sensibilisation-regards-sur-le-vieillissement#breadcrumb","itemListElement":[{"@type":"ListItem","position":1,"name":"Accueil","item":"https:\/\/www.gero.lu\/de\/"},{"@type":"ListItem","position":2,"name":"Shop","item":"https:\/\/www.gero.lu\/de\/shop"},{"@type":"ListItem","position":3,"name":"Brochure de sensibilisation: Regards sur le vieillissement"}]},{"@type":"WebSite","@id":"https:\/\/www.gero.lu\/de\/#website","url":"https:\/\/www.gero.lu\/de\/","name":"Gero","description":"Kompetenzzenter fir den Alter","publisher":{"@id":"https:\/\/www.gero.lu\/de\/#organization"},"potentialAction":[{"@type":"SearchAction","target":{"@type":"EntryPoint","urlTemplate":"https:\/\/www.gero.lu\/de\/?s={search_term_string}"},"query-input":{"@type":"PropertyValueSpecification","valueRequired":true,"valueName":"search_term_string"}}],"inLanguage":"de"},{"@type":"Organization","@id":"https:\/\/www.gero.lu\/de\/#organization","name":"Gero","url":"https:\/\/www.gero.lu\/de\/","logo":{"@type":"ImageObject","inLanguage":"de","@id":"https:\/\/www.gero.lu\/de\/#\/schema\/logo\/image\/","url":"https:\/\/www.gero.lu\/wp-content\/uploads\/2024\/04\/logo.svg","contentUrl":"https:\/\/www.gero.lu\/wp-content\/uploads\/2024\/04\/logo.svg","width":76,"height":30,"caption":"Gero"},"image":{"@id":"https:\/\/www.gero.lu\/de\/#\/schema\/logo\/image\/"},"sameAs":["https:\/\/www.facebook.com\/Kompetenzzenter\/","https:\/\/www.instagram.com\/gero.kompetenzzenter\/","https:\/\/linkedin.com\/company\/gero-kompetenzzenter-fir-den-alter","https:\/\/www.youtube.com\/channel\/UCJvmJYSeHh3dYQsLHZupj-Q"]}]}},"_links":{"self":[{"href":"https:\/\/www.gero.lu\/de\/wp-json\/wp\/v2\/product\/8793","targetHints":{"allow":["GET"]}}],"collection":[{"href":"https:\/\/www.gero.lu\/de\/wp-json\/wp\/v2\/product"}],"about":[{"href":"https:\/\/www.gero.lu\/de\/wp-json\/wp\/v2\/types\/product"}],"replies":[{"embeddable":true,"href":"https:\/\/www.gero.lu\/de\/wp-json\/wp\/v2\/comments?post=8793"}],"wp:featuredmedia":[{"embeddable":true,"href":"https:\/\/www.gero.lu\/de\/wp-json\/wp\/v2\/media\/8794"}],"wp:attachment":[{"href":"https:\/\/www.gero.lu\/de\/wp-json\/wp\/v2\/media?parent=8793"}],"wp:term":[{"taxonomy":"product_brand","embeddable":true,"href":"https:\/\/www.gero.lu\/de\/wp-json\/wp\/v2\/product_brand?post=8793"},{"taxonomy":"product_cat","embeddable":true,"href":"https:\/\/www.gero.lu\/de\/wp-json\/wp\/v2\/product_cat?post=8793"},{"taxonomy":"product_tag","embeddable":true,"href":"https:\/\/www.gero.lu\/de\/wp-json\/wp\/v2\/product_tag?post=8793"}],"curies":[{"name":"wp","href":"https:\/\/api.w.org\/{rel}","templated":true}]}}