{"id":8756,"date":"2025-01-31T15:21:49","date_gmt":"2025-01-31T15:21:49","guid":{"rendered":"https:\/\/www.gero.lu\/produit\/faktencheck-psyche-mit-sacha-bachim"},"modified":"2025-04-25T13:22:49","modified_gmt":"2025-04-25T13:22:49","slug":"faktencheck-psyche-mit-sacha-bachim","status":"publish","type":"product","link":"https:\/\/www.gero.lu\/de\/produit\/faktencheck-psyche-mit-sacha-bachim","title":{"rendered":"Faktencheck Psyche mit Sacha Bachim"},"content":{"rendered":"<p>Wer kennt sie nicht, S\u00e4tze wie \u201eWo ein Wille ist, ist auch ein Weg\u201c oder \u201eEigenlob stinkt\u201c. Nach seinem Bestseller \u201eTherapie to go\u201c widmet sich Sacha Bachim, Psychologe und Psychotherapeut, in seinem neuen Buch \u201eFaktencheck Psyche\u201c diesen und anderen \u00dcberzeugungen, die unser Denken, F\u00fchlen, Handeln beeinflussen. Erziehung und Sozialisierung haben uns gepr\u00e4gt, wir hinterfragen solche Annahmen nicht, sondern nehmen sie als gegeben hin. Dabei beruhen sie oft auf \u00fcberholten Fehlkonzeptionen und irrationalen Vorstellungen. In seinem Vortrag erkl\u00e4rt Sacha Bachim mit Feingef\u00fchl und Humor, wie die jeweiligen Mythen entstanden sind, und was wir tun k\u00f6nnen, um uns von diesen zu l\u00f6sen.<\/p>\n","protected":false},"excerpt":{"rendered":"<p>Wer kennt sie nicht, S\u00e4tze wie \u201eWo ein Wille ist, ist auch ein Weg\u201c oder \u201eEigenlob stinkt\u201c. Nach seinem Bestseller \u201eTherapie to go\u201c widmet sich Sacha Bachim, Psychologe und Psychotherapeut, in seinem neuen Buch \u201eFaktencheck Psyche\u201c diesen und anderen \u00dcberzeugungen, die unser Denken, F\u00fchlen, Handeln beeinflussen. Erziehung und Sozialisierung haben uns gepr\u00e4gt, wir hinterfragen solche [&hellip;]<\/p>\n","protected":false},"featured_media":0,"comment_status":"closed","ping_status":"closed","template":"","meta":{"_acf_changed":false,"inline_featured_image":false},"product_brand":[],"product_cat":[228],"product_tag":[200],"class_list":{"0":"post-8756","1":"product","2":"type-product","3":"status-publish","5":"product_cat-conference","6":"product_tag-sante-senior","8":"first","9":"instock","10":"virtual","11":"purchasable","12":"product-type-simple"},"acf":[],"yoast_head":"<!-- This site is optimized with the Yoast SEO Premium plugin v26.5 (Yoast SEO v26.5) - https:\/\/yoast.com\/wordpress\/plugins\/seo\/ -->\n<title>Faktencheck Psyche mit Sacha Bachim - GERO<\/title>\n<meta name=\"robots\" content=\"index, follow, max-snippet:-1, max-image-preview:large, max-video-preview:-1\" \/>\n<link rel=\"canonical\" href=\"https:\/\/www.gero.lu\/de\/produit\/faktencheck-psyche-mit-sacha-bachim\" \/>\n<meta property=\"og:locale\" content=\"de_DE\" \/>\n<meta property=\"og:type\" content=\"article\" \/>\n<meta property=\"og:title\" content=\"Faktencheck Psyche mit Sacha Bachim\" \/>\n<meta property=\"og:description\" content=\"Wer kennt sie nicht, S\u00e4tze wie \u201eWo ein Wille ist, ist auch ein Weg\u201c oder \u201eEigenlob stinkt\u201c. Nach seinem Bestseller \u201eTherapie to go\u201c widmet sich Sacha Bachim, Psychologe und Psychotherapeut, in seinem neuen Buch \u201eFaktencheck Psyche\u201c diesen und anderen \u00dcberzeugungen, die unser Denken, F\u00fchlen, Handeln beeinflussen. Erziehung und Sozialisierung haben uns gepr\u00e4gt, wir hinterfragen solche [&hellip;]\" \/>\n<meta property=\"og:url\" content=\"https:\/\/www.gero.lu\/de\/produit\/faktencheck-psyche-mit-sacha-bachim\" \/>\n<meta property=\"og:site_name\" content=\"GERO\" \/>\n<meta property=\"article:publisher\" content=\"https:\/\/www.facebook.com\/Kompetenzzenter\/\" \/>\n<meta property=\"article:modified_time\" content=\"2025-04-25T13:22:49+00:00\" \/>\n<meta property=\"og:image\" content=\"https:\/\/www.gero.lu\/wp-content\/uploads\/2021\/08\/gettyimages-1135289130-2048x2048_RET-1.jpg\" \/>\n\t<meta property=\"og:image:width\" content=\"1227\" \/>\n\t<meta property=\"og:image:height\" content=\"802\" \/>\n\t<meta property=\"og:image:type\" content=\"image\/jpeg\" \/>\n<meta name=\"twitter:card\" content=\"summary_large_image\" \/>\n<meta name=\"twitter:label1\" content=\"Gesch\u00e4tzte Lesezeit\" \/>\n\t<meta name=\"twitter:data1\" content=\"1\u00a0Minute\" \/>\n<script type=\"application\/ld+json\" class=\"yoast-schema-graph\">{\"@context\":\"https:\/\/schema.org\",\"@graph\":[{\"@type\":\"WebPage\",\"@id\":\"https:\/\/www.gero.lu\/de\/produit\/faktencheck-psyche-mit-sacha-bachim\",\"url\":\"https:\/\/www.gero.lu\/de\/produit\/faktencheck-psyche-mit-sacha-bachim\",\"name\":\"Faktencheck Psyche mit Sacha Bachim - GERO\",\"isPartOf\":{\"@id\":\"https:\/\/www.gero.lu\/de\/#website\"},\"datePublished\":\"2025-01-31T15:21:49+00:00\",\"dateModified\":\"2025-04-25T13:22:49+00:00\",\"breadcrumb\":{\"@id\":\"https:\/\/www.gero.lu\/de\/produit\/faktencheck-psyche-mit-sacha-bachim#breadcrumb\"},\"inLanguage\":\"de\",\"potentialAction\":[{\"@type\":\"ReadAction\",\"target\":[[\"https:\/\/www.gero.lu\/de\/produit\/faktencheck-psyche-mit-sacha-bachim\"]]}]},{\"@type\":\"BreadcrumbList\",\"@id\":\"https:\/\/www.gero.lu\/de\/produit\/faktencheck-psyche-mit-sacha-bachim#breadcrumb\",\"itemListElement\":[{\"@type\":\"ListItem\",\"position\":1,\"name\":\"Accueil\",\"item\":\"https:\/\/www.gero.lu\/de\/\"},{\"@type\":\"ListItem\",\"position\":2,\"name\":\"Shop\",\"item\":\"https:\/\/www.gero.lu\/de\/shop\"},{\"@type\":\"ListItem\",\"position\":3,\"name\":\"Faktencheck Psyche mit Sacha Bachim\"}]},{\"@type\":\"WebSite\",\"@id\":\"https:\/\/www.gero.lu\/de\/#website\",\"url\":\"https:\/\/www.gero.lu\/de\/\",\"name\":\"Gero\",\"description\":\"Kompetenzzenter fir den Alter\",\"publisher\":{\"@id\":\"https:\/\/www.gero.lu\/de\/#organization\"},\"potentialAction\":[{\"@type\":\"SearchAction\",\"target\":{\"@type\":\"EntryPoint\",\"urlTemplate\":\"https:\/\/www.gero.lu\/de\/?s={search_term_string}\"},\"query-input\":{\"@type\":\"PropertyValueSpecification\",\"valueRequired\":true,\"valueName\":\"search_term_string\"}}],\"inLanguage\":\"de\"},{\"@type\":\"Organization\",\"@id\":\"https:\/\/www.gero.lu\/de\/#organization\",\"name\":\"Gero\",\"url\":\"https:\/\/www.gero.lu\/de\/\",\"logo\":{\"@type\":\"ImageObject\",\"inLanguage\":\"de\",\"@id\":\"https:\/\/www.gero.lu\/de\/#\/schema\/logo\/image\/\",\"url\":\"https:\/\/www.gero.lu\/wp-content\/uploads\/2024\/04\/logo.svg\",\"contentUrl\":\"https:\/\/www.gero.lu\/wp-content\/uploads\/2024\/04\/logo.svg\",\"width\":76,\"height\":30,\"caption\":\"Gero\"},\"image\":{\"@id\":\"https:\/\/www.gero.lu\/de\/#\/schema\/logo\/image\/\"},\"sameAs\":[\"https:\/\/www.facebook.com\/Kompetenzzenter\/\",\"https:\/\/www.instagram.com\/gero.kompetenzzenter\/\",\"https:\/\/linkedin.com\/company\/gero-kompetenzzenter-fir-den-alter\",\"https:\/\/www.youtube.com\/channel\/UCJvmJYSeHh3dYQsLHZupj-Q\"]}]}<\/script>\n<!-- \/ Yoast SEO Premium plugin. -->","yoast_head_json":{"title":"Faktencheck Psyche mit Sacha Bachim - GERO","robots":{"index":"index","follow":"follow","max-snippet":"max-snippet:-1","max-image-preview":"max-image-preview:large","max-video-preview":"max-video-preview:-1"},"canonical":"https:\/\/www.gero.lu\/de\/produit\/faktencheck-psyche-mit-sacha-bachim","og_locale":"de_DE","og_type":"article","og_title":"Faktencheck Psyche mit Sacha Bachim","og_description":"Wer kennt sie nicht, S\u00e4tze wie \u201eWo ein Wille ist, ist auch ein Weg\u201c oder \u201eEigenlob stinkt\u201c. Nach seinem Bestseller \u201eTherapie to go\u201c widmet sich Sacha Bachim, Psychologe und Psychotherapeut, in seinem neuen Buch \u201eFaktencheck Psyche\u201c diesen und anderen \u00dcberzeugungen, die unser Denken, F\u00fchlen, Handeln beeinflussen. Erziehung und Sozialisierung haben uns gepr\u00e4gt, wir hinterfragen solche [&hellip;]","og_url":"https:\/\/www.gero.lu\/de\/produit\/faktencheck-psyche-mit-sacha-bachim","og_site_name":"GERO","article_publisher":"https:\/\/www.facebook.com\/Kompetenzzenter\/","article_modified_time":"2025-04-25T13:22:49+00:00","og_image":[{"width":1227,"height":802,"url":"https:\/\/www.gero.lu\/wp-content\/uploads\/2021\/08\/gettyimages-1135289130-2048x2048_RET-1.jpg","type":"image\/jpeg"}],"twitter_card":"summary_large_image","twitter_misc":{"Gesch\u00e4tzte Lesezeit":"1\u00a0Minute"},"schema":{"@context":"https:\/\/schema.org","@graph":[{"@type":"WebPage","@id":"https:\/\/www.gero.lu\/de\/produit\/faktencheck-psyche-mit-sacha-bachim","url":"https:\/\/www.gero.lu\/de\/produit\/faktencheck-psyche-mit-sacha-bachim","name":"Faktencheck Psyche mit Sacha Bachim - GERO","isPartOf":{"@id":"https:\/\/www.gero.lu\/de\/#website"},"datePublished":"2025-01-31T15:21:49+00:00","dateModified":"2025-04-25T13:22:49+00:00","breadcrumb":{"@id":"https:\/\/www.gero.lu\/de\/produit\/faktencheck-psyche-mit-sacha-bachim#breadcrumb"},"inLanguage":"de","potentialAction":[{"@type":"ReadAction","target":[["https:\/\/www.gero.lu\/de\/produit\/faktencheck-psyche-mit-sacha-bachim"]]}]},{"@type":"BreadcrumbList","@id":"https:\/\/www.gero.lu\/de\/produit\/faktencheck-psyche-mit-sacha-bachim#breadcrumb","itemListElement":[{"@type":"ListItem","position":1,"name":"Accueil","item":"https:\/\/www.gero.lu\/de\/"},{"@type":"ListItem","position":2,"name":"Shop","item":"https:\/\/www.gero.lu\/de\/shop"},{"@type":"ListItem","position":3,"name":"Faktencheck Psyche mit Sacha Bachim"}]},{"@type":"WebSite","@id":"https:\/\/www.gero.lu\/de\/#website","url":"https:\/\/www.gero.lu\/de\/","name":"Gero","description":"Kompetenzzenter fir den Alter","publisher":{"@id":"https:\/\/www.gero.lu\/de\/#organization"},"potentialAction":[{"@type":"SearchAction","target":{"@type":"EntryPoint","urlTemplate":"https:\/\/www.gero.lu\/de\/?s={search_term_string}"},"query-input":{"@type":"PropertyValueSpecification","valueRequired":true,"valueName":"search_term_string"}}],"inLanguage":"de"},{"@type":"Organization","@id":"https:\/\/www.gero.lu\/de\/#organization","name":"Gero","url":"https:\/\/www.gero.lu\/de\/","logo":{"@type":"ImageObject","inLanguage":"de","@id":"https:\/\/www.gero.lu\/de\/#\/schema\/logo\/image\/","url":"https:\/\/www.gero.lu\/wp-content\/uploads\/2024\/04\/logo.svg","contentUrl":"https:\/\/www.gero.lu\/wp-content\/uploads\/2024\/04\/logo.svg","width":76,"height":30,"caption":"Gero"},"image":{"@id":"https:\/\/www.gero.lu\/de\/#\/schema\/logo\/image\/"},"sameAs":["https:\/\/www.facebook.com\/Kompetenzzenter\/","https:\/\/www.instagram.com\/gero.kompetenzzenter\/","https:\/\/linkedin.com\/company\/gero-kompetenzzenter-fir-den-alter","https:\/\/www.youtube.com\/channel\/UCJvmJYSeHh3dYQsLHZupj-Q"]}]}},"_links":{"self":[{"href":"https:\/\/www.gero.lu\/de\/wp-json\/wp\/v2\/product\/8756","targetHints":{"allow":["GET"]}}],"collection":[{"href":"https:\/\/www.gero.lu\/de\/wp-json\/wp\/v2\/product"}],"about":[{"href":"https:\/\/www.gero.lu\/de\/wp-json\/wp\/v2\/types\/product"}],"replies":[{"embeddable":true,"href":"https:\/\/www.gero.lu\/de\/wp-json\/wp\/v2\/comments?post=8756"}],"wp:attachment":[{"href":"https:\/\/www.gero.lu\/de\/wp-json\/wp\/v2\/media?parent=8756"}],"wp:term":[{"taxonomy":"product_brand","embeddable":true,"href":"https:\/\/www.gero.lu\/de\/wp-json\/wp\/v2\/product_brand?post=8756"},{"taxonomy":"product_cat","embeddable":true,"href":"https:\/\/www.gero.lu\/de\/wp-json\/wp\/v2\/product_cat?post=8756"},{"taxonomy":"product_tag","embeddable":true,"href":"https:\/\/www.gero.lu\/de\/wp-json\/wp\/v2\/product_tag?post=8756"}],"curies":[{"name":"wp","href":"https:\/\/api.w.org\/{rel}","templated":true}]}}