{"id":8220,"date":"2024-11-14T10:21:26","date_gmt":"2024-11-14T10:21:26","guid":{"rendered":"https:\/\/www.gero.lu\/produit\/ehrenamt-in-luxemburg"},"modified":"2025-03-03T09:09:03","modified_gmt":"2025-03-03T09:09:03","slug":"ehrenamt-in-luxemburg","status":"publish","type":"product","link":"https:\/\/www.gero.lu\/de\/produit\/ehrenamt-in-luxemburg","title":{"rendered":"Ehrenamt in Luxemburg"},"content":{"rendered":"<p>Ehrenamtliche Helferin oder Helfer zu sein, bedeutet Zeit zu schenken, um eine Aufgabe zu unterst\u00fctzen und anderen zu helfen. Es bedeutet aber auch, sich selbst eine Freude zu machen, indem man Menschen mit \u00e4hnlichen Werten trifft und eine Aktivit\u00e4t aus\u00fcbt, die einem am Herzen liegt. Die Plattform benevolat.lu setzt Vereine mit interessierten Personen in Verbindung. Menschen, die an einem freiwilligen Engagement interessiert sind, k\u00f6nnen eine Aufgabe in ihrer N\u00e4he suchen, die ihren W\u00fcnschen entspricht. Eine Vertreterin der Agence du b\u00e9n\u00e9volat erkl\u00e4rt anhand der Plattform, wie man sich ehrenamtlich engagieren kann oder als Verein neue freiwillige Unterst\u00fctzer*innen findet.<\/p>\n","protected":false},"excerpt":{"rendered":"<p>Ehrenamtliche Helferin oder Helfer zu sein, bedeutet Zeit zu schenken, um eine Aufgabe zu unterst\u00fctzen und anderen zu helfen. Es bedeutet aber auch, sich selbst eine Freude zu machen, indem man Menschen mit \u00e4hnlichen Werten trifft und eine Aktivit\u00e4t aus\u00fcbt, die einem am Herzen liegt. Die Plattform benevolat.lu setzt Vereine mit interessierten Personen in Verbindung. [&hellip;]<\/p>\n","protected":false},"featured_media":0,"comment_status":"closed","ping_status":"closed","template":"","meta":{"_acf_changed":false,"inline_featured_image":false},"product_brand":[],"product_cat":[228],"product_tag":[203],"class_list":{"0":"post-8220","1":"product","2":"type-product","3":"status-publish","5":"product_cat-conference","6":"product_tag-connaissance-de-vie-senior","8":"first","9":"instock","10":"virtual","11":"purchasable","12":"product-type-simple"},"acf":[],"yoast_head":"<!-- This site is optimized with the Yoast SEO Premium plugin v27.4 (Yoast SEO v27.5) - https:\/\/yoast.com\/product\/yoast-seo-premium-wordpress\/ -->\n<title>Ehrenamt in Luxemburg - GERO<\/title>\n<meta name=\"robots\" content=\"index, follow, max-snippet:-1, max-image-preview:large, max-video-preview:-1\" \/>\n<link rel=\"canonical\" href=\"https:\/\/www.gero.lu\/de\/produit\/ehrenamt-in-luxemburg\" \/>\n<meta property=\"og:locale\" content=\"de_DE\" \/>\n<meta property=\"og:type\" content=\"article\" \/>\n<meta property=\"og:title\" content=\"Ehrenamt in Luxemburg\" \/>\n<meta property=\"og:description\" content=\"Ehrenamtliche Helferin oder Helfer zu sein, bedeutet Zeit zu schenken, um eine Aufgabe zu unterst\u00fctzen und anderen zu helfen. Es bedeutet aber auch, sich selbst eine Freude zu machen, indem man Menschen mit \u00e4hnlichen Werten trifft und eine Aktivit\u00e4t aus\u00fcbt, die einem am Herzen liegt. Die Plattform benevolat.lu setzt Vereine mit interessierten Personen in Verbindung. [&hellip;]\" \/>\n<meta property=\"og:url\" content=\"https:\/\/www.gero.lu\/de\/produit\/ehrenamt-in-luxemburg\" \/>\n<meta property=\"og:site_name\" content=\"GERO\" \/>\n<meta property=\"article:publisher\" content=\"https:\/\/www.facebook.com\/Kompetenzzenter\/\" \/>\n<meta property=\"article:modified_time\" content=\"2025-03-03T09:09:03+00:00\" \/>\n<meta property=\"og:image\" content=\"https:\/\/www.gero.lu\/wp-content\/uploads\/2021\/08\/gettyimages-1135289130-2048x2048_RET-1.jpg\" \/>\n\t<meta property=\"og:image:width\" content=\"1227\" \/>\n\t<meta property=\"og:image:height\" content=\"802\" \/>\n\t<meta property=\"og:image:type\" content=\"image\/jpeg\" \/>\n<meta name=\"twitter:card\" content=\"summary_large_image\" \/>\n<meta name=\"twitter:label1\" content=\"Gesch\u00e4tzte Lesezeit\" \/>\n\t<meta name=\"twitter:data1\" content=\"1\u00a0Minute\" \/>\n<script type=\"application\/ld+json\" class=\"yoast-schema-graph\">{\"@context\":\"https:\\\/\\\/schema.org\",\"@graph\":[{\"@type\":\"WebPage\",\"@id\":\"https:\\\/\\\/www.gero.lu\\\/de\\\/produit\\\/ehrenamt-in-luxemburg\",\"url\":\"https:\\\/\\\/www.gero.lu\\\/de\\\/produit\\\/ehrenamt-in-luxemburg\",\"name\":\"Ehrenamt in Luxemburg - GERO\",\"isPartOf\":{\"@id\":\"https:\\\/\\\/www.gero.lu\\\/de\\\/#website\"},\"datePublished\":\"2024-11-14T10:21:26+00:00\",\"dateModified\":\"2025-03-03T09:09:03+00:00\",\"breadcrumb\":{\"@id\":\"https:\\\/\\\/www.gero.lu\\\/de\\\/produit\\\/ehrenamt-in-luxemburg#breadcrumb\"},\"inLanguage\":\"de\",\"potentialAction\":[{\"@type\":\"ReadAction\",\"target\":[[\"https:\\\/\\\/www.gero.lu\\\/de\\\/produit\\\/ehrenamt-in-luxemburg\"]]}]},{\"@type\":\"BreadcrumbList\",\"@id\":\"https:\\\/\\\/www.gero.lu\\\/de\\\/produit\\\/ehrenamt-in-luxemburg#breadcrumb\",\"itemListElement\":[{\"@type\":\"ListItem\",\"position\":1,\"name\":\"Accueil\",\"item\":\"https:\\\/\\\/www.gero.lu\\\/de\\\/\"},{\"@type\":\"ListItem\",\"position\":2,\"name\":\"Shop\",\"item\":\"https:\\\/\\\/www.gero.lu\\\/de\\\/shop\"},{\"@type\":\"ListItem\",\"position\":3,\"name\":\"Ehrenamt in Luxemburg\"}]},{\"@type\":\"WebSite\",\"@id\":\"https:\\\/\\\/www.gero.lu\\\/de\\\/#website\",\"url\":\"https:\\\/\\\/www.gero.lu\\\/de\\\/\",\"name\":\"Gero\",\"description\":\"Kompetenzzenter fir den Alter\",\"publisher\":{\"@id\":\"https:\\\/\\\/www.gero.lu\\\/de\\\/#organization\"},\"potentialAction\":[{\"@type\":\"SearchAction\",\"target\":{\"@type\":\"EntryPoint\",\"urlTemplate\":\"https:\\\/\\\/www.gero.lu\\\/de\\\/?s={search_term_string}\"},\"query-input\":{\"@type\":\"PropertyValueSpecification\",\"valueRequired\":true,\"valueName\":\"search_term_string\"}}],\"inLanguage\":\"de\"},{\"@type\":\"Organization\",\"@id\":\"https:\\\/\\\/www.gero.lu\\\/de\\\/#organization\",\"name\":\"Gero\",\"url\":\"https:\\\/\\\/www.gero.lu\\\/de\\\/\",\"logo\":{\"@type\":\"ImageObject\",\"inLanguage\":\"de\",\"@id\":\"https:\\\/\\\/www.gero.lu\\\/de\\\/#\\\/schema\\\/logo\\\/image\\\/\",\"url\":\"https:\\\/\\\/www.gero.lu\\\/wp-content\\\/uploads\\\/2024\\\/04\\\/logo.svg\",\"contentUrl\":\"https:\\\/\\\/www.gero.lu\\\/wp-content\\\/uploads\\\/2024\\\/04\\\/logo.svg\",\"width\":76,\"height\":30,\"caption\":\"Gero\"},\"image\":{\"@id\":\"https:\\\/\\\/www.gero.lu\\\/de\\\/#\\\/schema\\\/logo\\\/image\\\/\"},\"sameAs\":[\"https:\\\/\\\/www.facebook.com\\\/Kompetenzzenter\\\/\",\"https:\\\/\\\/www.instagram.com\\\/gero.kompetenzzenter\\\/\",\"https:\\\/\\\/linkedin.com\\\/company\\\/gero-kompetenzzenter-fir-den-alter\",\"https:\\\/\\\/www.youtube.com\\\/channel\\\/UCJvmJYSeHh3dYQsLHZupj-Q\"]}]}<\/script>\n<!-- \/ Yoast SEO Premium plugin. -->","yoast_head_json":{"title":"Ehrenamt in Luxemburg - GERO","robots":{"index":"index","follow":"follow","max-snippet":"max-snippet:-1","max-image-preview":"max-image-preview:large","max-video-preview":"max-video-preview:-1"},"canonical":"https:\/\/www.gero.lu\/de\/produit\/ehrenamt-in-luxemburg","og_locale":"de_DE","og_type":"article","og_title":"Ehrenamt in Luxemburg","og_description":"Ehrenamtliche Helferin oder Helfer zu sein, bedeutet Zeit zu schenken, um eine Aufgabe zu unterst\u00fctzen und anderen zu helfen. Es bedeutet aber auch, sich selbst eine Freude zu machen, indem man Menschen mit \u00e4hnlichen Werten trifft und eine Aktivit\u00e4t aus\u00fcbt, die einem am Herzen liegt. Die Plattform benevolat.lu setzt Vereine mit interessierten Personen in Verbindung. [&hellip;]","og_url":"https:\/\/www.gero.lu\/de\/produit\/ehrenamt-in-luxemburg","og_site_name":"GERO","article_publisher":"https:\/\/www.facebook.com\/Kompetenzzenter\/","article_modified_time":"2025-03-03T09:09:03+00:00","og_image":[{"width":1227,"height":802,"url":"https:\/\/www.gero.lu\/wp-content\/uploads\/2021\/08\/gettyimages-1135289130-2048x2048_RET-1.jpg","type":"image\/jpeg"}],"twitter_card":"summary_large_image","twitter_misc":{"Gesch\u00e4tzte Lesezeit":"1\u00a0Minute"},"schema":{"@context":"https:\/\/schema.org","@graph":[{"@type":"WebPage","@id":"https:\/\/www.gero.lu\/de\/produit\/ehrenamt-in-luxemburg","url":"https:\/\/www.gero.lu\/de\/produit\/ehrenamt-in-luxemburg","name":"Ehrenamt in Luxemburg - GERO","isPartOf":{"@id":"https:\/\/www.gero.lu\/de\/#website"},"datePublished":"2024-11-14T10:21:26+00:00","dateModified":"2025-03-03T09:09:03+00:00","breadcrumb":{"@id":"https:\/\/www.gero.lu\/de\/produit\/ehrenamt-in-luxemburg#breadcrumb"},"inLanguage":"de","potentialAction":[{"@type":"ReadAction","target":[["https:\/\/www.gero.lu\/de\/produit\/ehrenamt-in-luxemburg"]]}]},{"@type":"BreadcrumbList","@id":"https:\/\/www.gero.lu\/de\/produit\/ehrenamt-in-luxemburg#breadcrumb","itemListElement":[{"@type":"ListItem","position":1,"name":"Accueil","item":"https:\/\/www.gero.lu\/de\/"},{"@type":"ListItem","position":2,"name":"Shop","item":"https:\/\/www.gero.lu\/de\/shop"},{"@type":"ListItem","position":3,"name":"Ehrenamt in Luxemburg"}]},{"@type":"WebSite","@id":"https:\/\/www.gero.lu\/de\/#website","url":"https:\/\/www.gero.lu\/de\/","name":"Gero","description":"Kompetenzzenter fir den Alter","publisher":{"@id":"https:\/\/www.gero.lu\/de\/#organization"},"potentialAction":[{"@type":"SearchAction","target":{"@type":"EntryPoint","urlTemplate":"https:\/\/www.gero.lu\/de\/?s={search_term_string}"},"query-input":{"@type":"PropertyValueSpecification","valueRequired":true,"valueName":"search_term_string"}}],"inLanguage":"de"},{"@type":"Organization","@id":"https:\/\/www.gero.lu\/de\/#organization","name":"Gero","url":"https:\/\/www.gero.lu\/de\/","logo":{"@type":"ImageObject","inLanguage":"de","@id":"https:\/\/www.gero.lu\/de\/#\/schema\/logo\/image\/","url":"https:\/\/www.gero.lu\/wp-content\/uploads\/2024\/04\/logo.svg","contentUrl":"https:\/\/www.gero.lu\/wp-content\/uploads\/2024\/04\/logo.svg","width":76,"height":30,"caption":"Gero"},"image":{"@id":"https:\/\/www.gero.lu\/de\/#\/schema\/logo\/image\/"},"sameAs":["https:\/\/www.facebook.com\/Kompetenzzenter\/","https:\/\/www.instagram.com\/gero.kompetenzzenter\/","https:\/\/linkedin.com\/company\/gero-kompetenzzenter-fir-den-alter","https:\/\/www.youtube.com\/channel\/UCJvmJYSeHh3dYQsLHZupj-Q"]}]}},"_links":{"self":[{"href":"https:\/\/www.gero.lu\/de\/wp-json\/wp\/v2\/product\/8220","targetHints":{"allow":["GET"]}}],"collection":[{"href":"https:\/\/www.gero.lu\/de\/wp-json\/wp\/v2\/product"}],"about":[{"href":"https:\/\/www.gero.lu\/de\/wp-json\/wp\/v2\/types\/product"}],"replies":[{"embeddable":true,"href":"https:\/\/www.gero.lu\/de\/wp-json\/wp\/v2\/comments?post=8220"}],"wp:attachment":[{"href":"https:\/\/www.gero.lu\/de\/wp-json\/wp\/v2\/media?parent=8220"}],"wp:term":[{"taxonomy":"product_brand","embeddable":true,"href":"https:\/\/www.gero.lu\/de\/wp-json\/wp\/v2\/product_brand?post=8220"},{"taxonomy":"product_cat","embeddable":true,"href":"https:\/\/www.gero.lu\/de\/wp-json\/wp\/v2\/product_cat?post=8220"},{"taxonomy":"product_tag","embeddable":true,"href":"https:\/\/www.gero.lu\/de\/wp-json\/wp\/v2\/product_tag?post=8220"}],"curies":[{"name":"wp","href":"https:\/\/api.w.org\/{rel}","templated":true}]}}