{"id":8219,"date":"2024-11-14T10:21:25","date_gmt":"2024-11-14T10:21:25","guid":{"rendered":"https:\/\/www.gero.lu\/produit\/le-benevolat-au-luxembourg"},"modified":"2025-03-03T08:21:39","modified_gmt":"2025-03-03T08:21:39","slug":"le-benevolat-au-luxembourg","status":"publish","type":"product","link":"https:\/\/www.gero.lu\/de\/produit\/le-benevolat-au-luxembourg","title":{"rendered":"Le b\u00e9n\u00e9volat au Luxembourg"},"content":{"rendered":"<p>\u00catre b\u00e9n\u00e9vole, c\u2019est donner son temps pour soutenir une cause et aider les autres. C\u2019est aussi se faire plaisir, rencontrer des personnes ayant les m\u00eames valeurs et pratiquer une activit\u00e9 en fonction de son centre d\u2019int\u00e9r\u00eat. La plateforme benevolat.lu, connecte les associations avec les b\u00e9n\u00e9voles et sensibilise la soci\u00e9t\u00e9 \u00e0 une citoyennet\u00e9 active. Les personnes int\u00e9ress\u00e9es peuvent rechercher une mission \u00e0 c\u00f4t\u00e9 de chez elles, selon leurs disponibilit\u00e9s. Une repr\u00e9sentante de l\u2019Agence du b\u00e9n\u00e9volat vous montre, \u00e0 l&#8217;aide de la plateforme, comment vous pouvez vous engager et comment vous trouverez, en tant qu&#8217;association, de nouveaux b\u00e9n\u00e9voles pour soutenir vos comit\u00e9s et activit\u00e9s.<\/p>\n","protected":false},"excerpt":{"rendered":"<p>\u00catre b\u00e9n\u00e9vole, c\u2019est donner son temps pour soutenir une cause et aider les autres. C\u2019est aussi se faire plaisir, rencontrer des personnes ayant les m\u00eames valeurs et pratiquer une activit\u00e9 en fonction de son centre d\u2019int\u00e9r\u00eat. La plateforme benevolat.lu, connecte les associations avec les b\u00e9n\u00e9voles et sensibilise la soci\u00e9t\u00e9 \u00e0 une citoyennet\u00e9 active. Les personnes [&hellip;]<\/p>\n","protected":false},"featured_media":0,"comment_status":"closed","ping_status":"closed","template":"","meta":{"_acf_changed":false,"inline_featured_image":false},"product_brand":[],"product_cat":[228],"product_tag":[203],"class_list":{"0":"post-8219","1":"product","2":"type-product","3":"status-publish","5":"product_cat-conference","6":"product_tag-connaissance-de-vie-senior","8":"first","9":"instock","10":"virtual","11":"purchasable","12":"product-type-simple"},"acf":[],"yoast_head":"<!-- This site is optimized with the Yoast SEO Premium plugin v26.5 (Yoast SEO v26.5) - https:\/\/yoast.com\/wordpress\/plugins\/seo\/ -->\n<title>Le b\u00e9n\u00e9volat au Luxembourg - GERO<\/title>\n<meta name=\"robots\" content=\"index, follow, max-snippet:-1, max-image-preview:large, max-video-preview:-1\" \/>\n<link rel=\"canonical\" href=\"https:\/\/www.gero.lu\/de\/produit\/le-benevolat-au-luxembourg\" \/>\n<meta property=\"og:locale\" content=\"de_DE\" \/>\n<meta property=\"og:type\" content=\"article\" \/>\n<meta property=\"og:title\" content=\"Le b\u00e9n\u00e9volat au Luxembourg\" \/>\n<meta property=\"og:description\" content=\"\u00catre b\u00e9n\u00e9vole, c\u2019est donner son temps pour soutenir une cause et aider les autres. C\u2019est aussi se faire plaisir, rencontrer des personnes ayant les m\u00eames valeurs et pratiquer une activit\u00e9 en fonction de son centre d\u2019int\u00e9r\u00eat. La plateforme benevolat.lu, connecte les associations avec les b\u00e9n\u00e9voles et sensibilise la soci\u00e9t\u00e9 \u00e0 une citoyennet\u00e9 active. Les personnes [&hellip;]\" \/>\n<meta property=\"og:url\" content=\"https:\/\/www.gero.lu\/de\/produit\/le-benevolat-au-luxembourg\" \/>\n<meta property=\"og:site_name\" content=\"GERO\" \/>\n<meta property=\"article:publisher\" content=\"https:\/\/www.facebook.com\/Kompetenzzenter\/\" \/>\n<meta property=\"article:modified_time\" content=\"2025-03-03T08:21:39+00:00\" \/>\n<meta property=\"og:image\" content=\"https:\/\/www.gero.lu\/wp-content\/uploads\/2021\/08\/gettyimages-1135289130-2048x2048_RET-1.jpg\" \/>\n\t<meta property=\"og:image:width\" content=\"1227\" \/>\n\t<meta property=\"og:image:height\" content=\"802\" \/>\n\t<meta property=\"og:image:type\" content=\"image\/jpeg\" \/>\n<meta name=\"twitter:card\" content=\"summary_large_image\" \/>\n<meta name=\"twitter:label1\" content=\"Gesch\u00e4tzte Lesezeit\" \/>\n\t<meta name=\"twitter:data1\" content=\"1\u00a0Minute\" \/>\n<script type=\"application\/ld+json\" class=\"yoast-schema-graph\">{\"@context\":\"https:\/\/schema.org\",\"@graph\":[{\"@type\":\"WebPage\",\"@id\":\"https:\/\/www.gero.lu\/de\/produit\/le-benevolat-au-luxembourg\",\"url\":\"https:\/\/www.gero.lu\/de\/produit\/le-benevolat-au-luxembourg\",\"name\":\"Le b\u00e9n\u00e9volat au Luxembourg - GERO\",\"isPartOf\":{\"@id\":\"https:\/\/www.gero.lu\/de\/#website\"},\"datePublished\":\"2024-11-14T10:21:25+00:00\",\"dateModified\":\"2025-03-03T08:21:39+00:00\",\"breadcrumb\":{\"@id\":\"https:\/\/www.gero.lu\/de\/produit\/le-benevolat-au-luxembourg#breadcrumb\"},\"inLanguage\":\"de\",\"potentialAction\":[{\"@type\":\"ReadAction\",\"target\":[[\"https:\/\/www.gero.lu\/de\/produit\/le-benevolat-au-luxembourg\"]]}]},{\"@type\":\"BreadcrumbList\",\"@id\":\"https:\/\/www.gero.lu\/de\/produit\/le-benevolat-au-luxembourg#breadcrumb\",\"itemListElement\":[{\"@type\":\"ListItem\",\"position\":1,\"name\":\"Accueil\",\"item\":\"https:\/\/www.gero.lu\/de\/\"},{\"@type\":\"ListItem\",\"position\":2,\"name\":\"Shop\",\"item\":\"https:\/\/www.gero.lu\/de\/shop\"},{\"@type\":\"ListItem\",\"position\":3,\"name\":\"Le b\u00e9n\u00e9volat au Luxembourg\"}]},{\"@type\":\"WebSite\",\"@id\":\"https:\/\/www.gero.lu\/de\/#website\",\"url\":\"https:\/\/www.gero.lu\/de\/\",\"name\":\"Gero\",\"description\":\"Kompetenzzenter fir den Alter\",\"publisher\":{\"@id\":\"https:\/\/www.gero.lu\/de\/#organization\"},\"potentialAction\":[{\"@type\":\"SearchAction\",\"target\":{\"@type\":\"EntryPoint\",\"urlTemplate\":\"https:\/\/www.gero.lu\/de\/?s={search_term_string}\"},\"query-input\":{\"@type\":\"PropertyValueSpecification\",\"valueRequired\":true,\"valueName\":\"search_term_string\"}}],\"inLanguage\":\"de\"},{\"@type\":\"Organization\",\"@id\":\"https:\/\/www.gero.lu\/de\/#organization\",\"name\":\"Gero\",\"url\":\"https:\/\/www.gero.lu\/de\/\",\"logo\":{\"@type\":\"ImageObject\",\"inLanguage\":\"de\",\"@id\":\"https:\/\/www.gero.lu\/de\/#\/schema\/logo\/image\/\",\"url\":\"https:\/\/www.gero.lu\/wp-content\/uploads\/2024\/04\/logo.svg\",\"contentUrl\":\"https:\/\/www.gero.lu\/wp-content\/uploads\/2024\/04\/logo.svg\",\"width\":76,\"height\":30,\"caption\":\"Gero\"},\"image\":{\"@id\":\"https:\/\/www.gero.lu\/de\/#\/schema\/logo\/image\/\"},\"sameAs\":[\"https:\/\/www.facebook.com\/Kompetenzzenter\/\",\"https:\/\/www.instagram.com\/gero.kompetenzzenter\/\",\"https:\/\/linkedin.com\/company\/gero-kompetenzzenter-fir-den-alter\",\"https:\/\/www.youtube.com\/channel\/UCJvmJYSeHh3dYQsLHZupj-Q\"]}]}<\/script>\n<!-- \/ Yoast SEO Premium plugin. -->","yoast_head_json":{"title":"Le b\u00e9n\u00e9volat au Luxembourg - GERO","robots":{"index":"index","follow":"follow","max-snippet":"max-snippet:-1","max-image-preview":"max-image-preview:large","max-video-preview":"max-video-preview:-1"},"canonical":"https:\/\/www.gero.lu\/de\/produit\/le-benevolat-au-luxembourg","og_locale":"de_DE","og_type":"article","og_title":"Le b\u00e9n\u00e9volat au Luxembourg","og_description":"\u00catre b\u00e9n\u00e9vole, c\u2019est donner son temps pour soutenir une cause et aider les autres. C\u2019est aussi se faire plaisir, rencontrer des personnes ayant les m\u00eames valeurs et pratiquer une activit\u00e9 en fonction de son centre d\u2019int\u00e9r\u00eat. La plateforme benevolat.lu, connecte les associations avec les b\u00e9n\u00e9voles et sensibilise la soci\u00e9t\u00e9 \u00e0 une citoyennet\u00e9 active. Les personnes [&hellip;]","og_url":"https:\/\/www.gero.lu\/de\/produit\/le-benevolat-au-luxembourg","og_site_name":"GERO","article_publisher":"https:\/\/www.facebook.com\/Kompetenzzenter\/","article_modified_time":"2025-03-03T08:21:39+00:00","og_image":[{"width":1227,"height":802,"url":"https:\/\/www.gero.lu\/wp-content\/uploads\/2021\/08\/gettyimages-1135289130-2048x2048_RET-1.jpg","type":"image\/jpeg"}],"twitter_card":"summary_large_image","twitter_misc":{"Gesch\u00e4tzte Lesezeit":"1\u00a0Minute"},"schema":{"@context":"https:\/\/schema.org","@graph":[{"@type":"WebPage","@id":"https:\/\/www.gero.lu\/de\/produit\/le-benevolat-au-luxembourg","url":"https:\/\/www.gero.lu\/de\/produit\/le-benevolat-au-luxembourg","name":"Le b\u00e9n\u00e9volat au Luxembourg - GERO","isPartOf":{"@id":"https:\/\/www.gero.lu\/de\/#website"},"datePublished":"2024-11-14T10:21:25+00:00","dateModified":"2025-03-03T08:21:39+00:00","breadcrumb":{"@id":"https:\/\/www.gero.lu\/de\/produit\/le-benevolat-au-luxembourg#breadcrumb"},"inLanguage":"de","potentialAction":[{"@type":"ReadAction","target":[["https:\/\/www.gero.lu\/de\/produit\/le-benevolat-au-luxembourg"]]}]},{"@type":"BreadcrumbList","@id":"https:\/\/www.gero.lu\/de\/produit\/le-benevolat-au-luxembourg#breadcrumb","itemListElement":[{"@type":"ListItem","position":1,"name":"Accueil","item":"https:\/\/www.gero.lu\/de\/"},{"@type":"ListItem","position":2,"name":"Shop","item":"https:\/\/www.gero.lu\/de\/shop"},{"@type":"ListItem","position":3,"name":"Le b\u00e9n\u00e9volat au Luxembourg"}]},{"@type":"WebSite","@id":"https:\/\/www.gero.lu\/de\/#website","url":"https:\/\/www.gero.lu\/de\/","name":"Gero","description":"Kompetenzzenter fir den Alter","publisher":{"@id":"https:\/\/www.gero.lu\/de\/#organization"},"potentialAction":[{"@type":"SearchAction","target":{"@type":"EntryPoint","urlTemplate":"https:\/\/www.gero.lu\/de\/?s={search_term_string}"},"query-input":{"@type":"PropertyValueSpecification","valueRequired":true,"valueName":"search_term_string"}}],"inLanguage":"de"},{"@type":"Organization","@id":"https:\/\/www.gero.lu\/de\/#organization","name":"Gero","url":"https:\/\/www.gero.lu\/de\/","logo":{"@type":"ImageObject","inLanguage":"de","@id":"https:\/\/www.gero.lu\/de\/#\/schema\/logo\/image\/","url":"https:\/\/www.gero.lu\/wp-content\/uploads\/2024\/04\/logo.svg","contentUrl":"https:\/\/www.gero.lu\/wp-content\/uploads\/2024\/04\/logo.svg","width":76,"height":30,"caption":"Gero"},"image":{"@id":"https:\/\/www.gero.lu\/de\/#\/schema\/logo\/image\/"},"sameAs":["https:\/\/www.facebook.com\/Kompetenzzenter\/","https:\/\/www.instagram.com\/gero.kompetenzzenter\/","https:\/\/linkedin.com\/company\/gero-kompetenzzenter-fir-den-alter","https:\/\/www.youtube.com\/channel\/UCJvmJYSeHh3dYQsLHZupj-Q"]}]}},"_links":{"self":[{"href":"https:\/\/www.gero.lu\/de\/wp-json\/wp\/v2\/product\/8219","targetHints":{"allow":["GET"]}}],"collection":[{"href":"https:\/\/www.gero.lu\/de\/wp-json\/wp\/v2\/product"}],"about":[{"href":"https:\/\/www.gero.lu\/de\/wp-json\/wp\/v2\/types\/product"}],"replies":[{"embeddable":true,"href":"https:\/\/www.gero.lu\/de\/wp-json\/wp\/v2\/comments?post=8219"}],"wp:attachment":[{"href":"https:\/\/www.gero.lu\/de\/wp-json\/wp\/v2\/media?parent=8219"}],"wp:term":[{"taxonomy":"product_brand","embeddable":true,"href":"https:\/\/www.gero.lu\/de\/wp-json\/wp\/v2\/product_brand?post=8219"},{"taxonomy":"product_cat","embeddable":true,"href":"https:\/\/www.gero.lu\/de\/wp-json\/wp\/v2\/product_cat?post=8219"},{"taxonomy":"product_tag","embeddable":true,"href":"https:\/\/www.gero.lu\/de\/wp-json\/wp\/v2\/product_tag?post=8219"}],"curies":[{"name":"wp","href":"https:\/\/api.w.org\/{rel}","templated":true}]}}