{"id":8207,"date":"2024-11-13T10:07:09","date_gmt":"2024-11-13T10:07:09","guid":{"rendered":"https:\/\/www.gero.lu\/produit\/einsatz-von-heilpflanzen-verdauungssystem"},"modified":"2025-01-21T15:23:31","modified_gmt":"2025-01-21T15:23:31","slug":"einsatz-von-heilpflanzen-verdauungssystem","status":"publish","type":"product","link":"https:\/\/www.gero.lu\/de\/produit\/einsatz-von-heilpflanzen-verdauungssystem","title":{"rendered":"Einsatz von Heilpflanzen: Verdauungssystem"},"content":{"rendered":"<p>Vivian Craig ist ausgebildete medizinische Kr\u00e4uterheilkundlerin sowie Mitglied des \u201eNational Institute of Medical Herbalists\u201c und des \u201eIrish Institute for Medical Herbalists\u201c. In ihren anschaulichen Vortr\u00e4gen gibt sie interessante Einblicke in die Wirkung von Heilpflanzen. Deren heutige Nutzung geht auf seit \u00fcber Jahrhunderten erfolgreich praktizierte Behandlungen, wissenschaftliche Forschung zur Identifizierung chemischer Bestandteile und ihrer Wirkung im menschlichen K\u00f6rper sowie auf die Ergebnisse offizieller Studien zur\u00fcck. <\/p>\n<p>Verdauungssystem:<\/p>\n<p>Erl\u00e4utert werden hierbei u.a. die Rolle von Zahnfleischentz\u00fcndungen, Mundgeschw\u00fcren, Reflux, Bl\u00e4hungen, Verstopfung oder Durchfall. Welche Heilkr\u00e4uter k\u00f6nnen z. B. als Mundsp\u00fclung helfen oder aber Bl\u00e4hungen und Verstopfung vermindern? Ern\u00e4hrung, k\u00f6rperliche Bewegung und Fl\u00fcssigkeitszufuhr werden ebenfalls diskutiert.<\/p>\n","protected":false},"excerpt":{"rendered":"<p>Vivian Craig ist ausgebildete medizinische Kr\u00e4uterheilkundlerin sowie Mitglied des \u201eNational Institute of Medical Herbalists\u201c und des \u201eIrish Institute for Medical Herbalists\u201c. In ihren anschaulichen Vortr\u00e4gen gibt sie interessante Einblicke in die Wirkung von Heilpflanzen. Deren heutige Nutzung geht auf seit \u00fcber Jahrhunderten erfolgreich praktizierte Behandlungen, wissenschaftliche Forschung zur Identifizierung chemischer Bestandteile und ihrer Wirkung im [&hellip;]<\/p>\n","protected":false},"featured_media":0,"comment_status":"closed","ping_status":"closed","template":"","meta":{"_acf_changed":false,"inline_featured_image":false},"product_brand":[],"product_cat":[229],"product_tag":[200],"class_list":{"0":"post-8207","1":"product","2":"type-product","3":"status-publish","5":"product_cat-workshop","6":"product_tag-sante-senior","8":"first","9":"outofstock","10":"virtual","11":"purchasable","12":"product-type-simple"},"acf":[],"yoast_head":"<!-- This site is optimized with the Yoast SEO Premium plugin v27.4 (Yoast SEO v27.5) - https:\/\/yoast.com\/product\/yoast-seo-premium-wordpress\/ -->\n<title>Einsatz von Heilpflanzen: Verdauungssystem - GERO<\/title>\n<meta name=\"robots\" content=\"index, follow, max-snippet:-1, max-image-preview:large, max-video-preview:-1\" \/>\n<link rel=\"canonical\" href=\"https:\/\/www.gero.lu\/de\/produit\/einsatz-von-heilpflanzen-verdauungssystem\" \/>\n<meta property=\"og:locale\" content=\"de_DE\" \/>\n<meta property=\"og:type\" content=\"article\" \/>\n<meta property=\"og:title\" content=\"Einsatz von Heilpflanzen: Verdauungssystem\" \/>\n<meta property=\"og:description\" content=\"Vivian Craig ist ausgebildete medizinische Kr\u00e4uterheilkundlerin sowie Mitglied des \u201eNational Institute of Medical Herbalists\u201c und des \u201eIrish Institute for Medical Herbalists\u201c. In ihren anschaulichen Vortr\u00e4gen gibt sie interessante Einblicke in die Wirkung von Heilpflanzen. Deren heutige Nutzung geht auf seit \u00fcber Jahrhunderten erfolgreich praktizierte Behandlungen, wissenschaftliche Forschung zur Identifizierung chemischer Bestandteile und ihrer Wirkung im [&hellip;]\" \/>\n<meta property=\"og:url\" content=\"https:\/\/www.gero.lu\/de\/produit\/einsatz-von-heilpflanzen-verdauungssystem\" \/>\n<meta property=\"og:site_name\" content=\"GERO\" \/>\n<meta property=\"article:publisher\" content=\"https:\/\/www.facebook.com\/Kompetenzzenter\/\" \/>\n<meta property=\"article:modified_time\" content=\"2025-01-21T15:23:31+00:00\" \/>\n<meta property=\"og:image\" content=\"https:\/\/www.gero.lu\/wp-content\/uploads\/2021\/08\/gettyimages-1135289130-2048x2048_RET-1.jpg\" \/>\n\t<meta property=\"og:image:width\" content=\"1227\" \/>\n\t<meta property=\"og:image:height\" content=\"802\" \/>\n\t<meta property=\"og:image:type\" content=\"image\/jpeg\" \/>\n<meta name=\"twitter:card\" content=\"summary_large_image\" \/>\n<meta name=\"twitter:label1\" content=\"Gesch\u00e4tzte Lesezeit\" \/>\n\t<meta name=\"twitter:data1\" content=\"1\u00a0Minute\" \/>\n<script type=\"application\/ld+json\" class=\"yoast-schema-graph\">{\"@context\":\"https:\\\/\\\/schema.org\",\"@graph\":[{\"@type\":\"WebPage\",\"@id\":\"https:\\\/\\\/www.gero.lu\\\/de\\\/produit\\\/einsatz-von-heilpflanzen-verdauungssystem\",\"url\":\"https:\\\/\\\/www.gero.lu\\\/de\\\/produit\\\/einsatz-von-heilpflanzen-verdauungssystem\",\"name\":\"Einsatz von Heilpflanzen: Verdauungssystem - GERO\",\"isPartOf\":{\"@id\":\"https:\\\/\\\/www.gero.lu\\\/de\\\/#website\"},\"datePublished\":\"2024-11-13T10:07:09+00:00\",\"dateModified\":\"2025-01-21T15:23:31+00:00\",\"breadcrumb\":{\"@id\":\"https:\\\/\\\/www.gero.lu\\\/de\\\/produit\\\/einsatz-von-heilpflanzen-verdauungssystem#breadcrumb\"},\"inLanguage\":\"de\",\"potentialAction\":[{\"@type\":\"ReadAction\",\"target\":[[\"https:\\\/\\\/www.gero.lu\\\/de\\\/produit\\\/einsatz-von-heilpflanzen-verdauungssystem\"]]}]},{\"@type\":\"BreadcrumbList\",\"@id\":\"https:\\\/\\\/www.gero.lu\\\/de\\\/produit\\\/einsatz-von-heilpflanzen-verdauungssystem#breadcrumb\",\"itemListElement\":[{\"@type\":\"ListItem\",\"position\":1,\"name\":\"Accueil\",\"item\":\"https:\\\/\\\/www.gero.lu\\\/de\\\/\"},{\"@type\":\"ListItem\",\"position\":2,\"name\":\"Shop\",\"item\":\"https:\\\/\\\/www.gero.lu\\\/de\\\/shop\"},{\"@type\":\"ListItem\",\"position\":3,\"name\":\"Einsatz von Heilpflanzen: Verdauungssystem\"}]},{\"@type\":\"WebSite\",\"@id\":\"https:\\\/\\\/www.gero.lu\\\/de\\\/#website\",\"url\":\"https:\\\/\\\/www.gero.lu\\\/de\\\/\",\"name\":\"Gero\",\"description\":\"Kompetenzzenter fir den Alter\",\"publisher\":{\"@id\":\"https:\\\/\\\/www.gero.lu\\\/de\\\/#organization\"},\"potentialAction\":[{\"@type\":\"SearchAction\",\"target\":{\"@type\":\"EntryPoint\",\"urlTemplate\":\"https:\\\/\\\/www.gero.lu\\\/de\\\/?s={search_term_string}\"},\"query-input\":{\"@type\":\"PropertyValueSpecification\",\"valueRequired\":true,\"valueName\":\"search_term_string\"}}],\"inLanguage\":\"de\"},{\"@type\":\"Organization\",\"@id\":\"https:\\\/\\\/www.gero.lu\\\/de\\\/#organization\",\"name\":\"Gero\",\"url\":\"https:\\\/\\\/www.gero.lu\\\/de\\\/\",\"logo\":{\"@type\":\"ImageObject\",\"inLanguage\":\"de\",\"@id\":\"https:\\\/\\\/www.gero.lu\\\/de\\\/#\\\/schema\\\/logo\\\/image\\\/\",\"url\":\"https:\\\/\\\/www.gero.lu\\\/wp-content\\\/uploads\\\/2024\\\/04\\\/logo.svg\",\"contentUrl\":\"https:\\\/\\\/www.gero.lu\\\/wp-content\\\/uploads\\\/2024\\\/04\\\/logo.svg\",\"width\":76,\"height\":30,\"caption\":\"Gero\"},\"image\":{\"@id\":\"https:\\\/\\\/www.gero.lu\\\/de\\\/#\\\/schema\\\/logo\\\/image\\\/\"},\"sameAs\":[\"https:\\\/\\\/www.facebook.com\\\/Kompetenzzenter\\\/\",\"https:\\\/\\\/www.instagram.com\\\/gero.kompetenzzenter\\\/\",\"https:\\\/\\\/linkedin.com\\\/company\\\/gero-kompetenzzenter-fir-den-alter\",\"https:\\\/\\\/www.youtube.com\\\/channel\\\/UCJvmJYSeHh3dYQsLHZupj-Q\"]}]}<\/script>\n<!-- \/ Yoast SEO Premium plugin. -->","yoast_head_json":{"title":"Einsatz von Heilpflanzen: Verdauungssystem - GERO","robots":{"index":"index","follow":"follow","max-snippet":"max-snippet:-1","max-image-preview":"max-image-preview:large","max-video-preview":"max-video-preview:-1"},"canonical":"https:\/\/www.gero.lu\/de\/produit\/einsatz-von-heilpflanzen-verdauungssystem","og_locale":"de_DE","og_type":"article","og_title":"Einsatz von Heilpflanzen: Verdauungssystem","og_description":"Vivian Craig ist ausgebildete medizinische Kr\u00e4uterheilkundlerin sowie Mitglied des \u201eNational Institute of Medical Herbalists\u201c und des \u201eIrish Institute for Medical Herbalists\u201c. In ihren anschaulichen Vortr\u00e4gen gibt sie interessante Einblicke in die Wirkung von Heilpflanzen. Deren heutige Nutzung geht auf seit \u00fcber Jahrhunderten erfolgreich praktizierte Behandlungen, wissenschaftliche Forschung zur Identifizierung chemischer Bestandteile und ihrer Wirkung im [&hellip;]","og_url":"https:\/\/www.gero.lu\/de\/produit\/einsatz-von-heilpflanzen-verdauungssystem","og_site_name":"GERO","article_publisher":"https:\/\/www.facebook.com\/Kompetenzzenter\/","article_modified_time":"2025-01-21T15:23:31+00:00","og_image":[{"width":1227,"height":802,"url":"https:\/\/www.gero.lu\/wp-content\/uploads\/2021\/08\/gettyimages-1135289130-2048x2048_RET-1.jpg","type":"image\/jpeg"}],"twitter_card":"summary_large_image","twitter_misc":{"Gesch\u00e4tzte Lesezeit":"1\u00a0Minute"},"schema":{"@context":"https:\/\/schema.org","@graph":[{"@type":"WebPage","@id":"https:\/\/www.gero.lu\/de\/produit\/einsatz-von-heilpflanzen-verdauungssystem","url":"https:\/\/www.gero.lu\/de\/produit\/einsatz-von-heilpflanzen-verdauungssystem","name":"Einsatz von Heilpflanzen: Verdauungssystem - GERO","isPartOf":{"@id":"https:\/\/www.gero.lu\/de\/#website"},"datePublished":"2024-11-13T10:07:09+00:00","dateModified":"2025-01-21T15:23:31+00:00","breadcrumb":{"@id":"https:\/\/www.gero.lu\/de\/produit\/einsatz-von-heilpflanzen-verdauungssystem#breadcrumb"},"inLanguage":"de","potentialAction":[{"@type":"ReadAction","target":[["https:\/\/www.gero.lu\/de\/produit\/einsatz-von-heilpflanzen-verdauungssystem"]]}]},{"@type":"BreadcrumbList","@id":"https:\/\/www.gero.lu\/de\/produit\/einsatz-von-heilpflanzen-verdauungssystem#breadcrumb","itemListElement":[{"@type":"ListItem","position":1,"name":"Accueil","item":"https:\/\/www.gero.lu\/de\/"},{"@type":"ListItem","position":2,"name":"Shop","item":"https:\/\/www.gero.lu\/de\/shop"},{"@type":"ListItem","position":3,"name":"Einsatz von Heilpflanzen: Verdauungssystem"}]},{"@type":"WebSite","@id":"https:\/\/www.gero.lu\/de\/#website","url":"https:\/\/www.gero.lu\/de\/","name":"Gero","description":"Kompetenzzenter fir den Alter","publisher":{"@id":"https:\/\/www.gero.lu\/de\/#organization"},"potentialAction":[{"@type":"SearchAction","target":{"@type":"EntryPoint","urlTemplate":"https:\/\/www.gero.lu\/de\/?s={search_term_string}"},"query-input":{"@type":"PropertyValueSpecification","valueRequired":true,"valueName":"search_term_string"}}],"inLanguage":"de"},{"@type":"Organization","@id":"https:\/\/www.gero.lu\/de\/#organization","name":"Gero","url":"https:\/\/www.gero.lu\/de\/","logo":{"@type":"ImageObject","inLanguage":"de","@id":"https:\/\/www.gero.lu\/de\/#\/schema\/logo\/image\/","url":"https:\/\/www.gero.lu\/wp-content\/uploads\/2024\/04\/logo.svg","contentUrl":"https:\/\/www.gero.lu\/wp-content\/uploads\/2024\/04\/logo.svg","width":76,"height":30,"caption":"Gero"},"image":{"@id":"https:\/\/www.gero.lu\/de\/#\/schema\/logo\/image\/"},"sameAs":["https:\/\/www.facebook.com\/Kompetenzzenter\/","https:\/\/www.instagram.com\/gero.kompetenzzenter\/","https:\/\/linkedin.com\/company\/gero-kompetenzzenter-fir-den-alter","https:\/\/www.youtube.com\/channel\/UCJvmJYSeHh3dYQsLHZupj-Q"]}]}},"_links":{"self":[{"href":"https:\/\/www.gero.lu\/de\/wp-json\/wp\/v2\/product\/8207","targetHints":{"allow":["GET"]}}],"collection":[{"href":"https:\/\/www.gero.lu\/de\/wp-json\/wp\/v2\/product"}],"about":[{"href":"https:\/\/www.gero.lu\/de\/wp-json\/wp\/v2\/types\/product"}],"replies":[{"embeddable":true,"href":"https:\/\/www.gero.lu\/de\/wp-json\/wp\/v2\/comments?post=8207"}],"wp:attachment":[{"href":"https:\/\/www.gero.lu\/de\/wp-json\/wp\/v2\/media?parent=8207"}],"wp:term":[{"taxonomy":"product_brand","embeddable":true,"href":"https:\/\/www.gero.lu\/de\/wp-json\/wp\/v2\/product_brand?post=8207"},{"taxonomy":"product_cat","embeddable":true,"href":"https:\/\/www.gero.lu\/de\/wp-json\/wp\/v2\/product_cat?post=8207"},{"taxonomy":"product_tag","embeddable":true,"href":"https:\/\/www.gero.lu\/de\/wp-json\/wp\/v2\/product_tag?post=8207"}],"curies":[{"name":"wp","href":"https:\/\/api.w.org\/{rel}","templated":true}]}}