{"id":8203,"date":"2024-11-13T09:17:27","date_gmt":"2024-11-13T09:17:27","guid":{"rendered":"https:\/\/www.gero.lu\/produit\/info-senior-praktisch-erklart"},"modified":"2025-01-13T11:23:12","modified_gmt":"2025-01-13T11:23:12","slug":"info-senior-praktisch-erklart","status":"publish","type":"product","link":"https:\/\/www.gero.lu\/de\/produit\/info-senior-praktisch-erklart","title":{"rendered":"Info-Senior praktisch erkl\u00e4rt"},"content":{"rendered":"<p>Das Familienministerium hat eine neue Online-Plattform ins Leben gerufen: infosenior.lu. Sie dient dazu, \u00fcber das Angebot aller vom Familienministerium zugelassenen Strukturen f\u00fcr \u00e4ltere Menschen zu informieren. Die Plattform erm\u00f6glicht es sogar, verschiedene Wohnstrukturen miteinander zu vergleichen. Neben Preisen finden Sie auch Angaben zum Jahresbericht, zur Mitarbeiterzahl und vieles mehr.<\/p>\n<p>Wir laden Sie herzlich ein, diese neue Webseite kennenzulernen. Alain Brever (GERO) navigiert mit Ihnen gemeinsam durch die Plattform und hilft Ihnen bei der Nutzung.<\/p>\n","protected":false},"excerpt":{"rendered":"<p>Das Familienministerium hat eine neue Online-Plattform ins Leben gerufen: infosenior.lu. Sie dient dazu, \u00fcber das Angebot aller vom Familienministerium zugelassenen Strukturen f\u00fcr \u00e4ltere Menschen zu informieren. Die Plattform erm\u00f6glicht es sogar, verschiedene Wohnstrukturen miteinander zu vergleichen. Neben Preisen finden Sie auch Angaben zum Jahresbericht, zur Mitarbeiterzahl und vieles mehr. Wir laden Sie herzlich ein, diese [&hellip;]<\/p>\n","protected":false},"featured_media":8598,"comment_status":"closed","ping_status":"closed","template":"","meta":{"_acf_changed":false,"inline_featured_image":false},"product_brand":[],"product_cat":[229],"product_tag":[203],"class_list":{"0":"post-8203","1":"product","2":"type-product","3":"status-publish","4":"has-post-thumbnail","6":"product_cat-workshop","7":"product_tag-connaissance-de-vie-senior","9":"first","10":"instock","11":"virtual","12":"purchasable","13":"product-type-simple"},"acf":[],"yoast_head":"<!-- This site is optimized with the Yoast SEO Premium plugin v27.4 (Yoast SEO v27.5) - https:\/\/yoast.com\/product\/yoast-seo-premium-wordpress\/ -->\n<title>Info-Senior praktisch erkl\u00e4rt - GERO<\/title>\n<meta name=\"robots\" content=\"index, follow, max-snippet:-1, max-image-preview:large, max-video-preview:-1\" \/>\n<link rel=\"canonical\" href=\"https:\/\/www.gero.lu\/de\/produit\/info-senior-praktisch-erklart\" \/>\n<meta property=\"og:locale\" content=\"de_DE\" \/>\n<meta property=\"og:type\" content=\"article\" \/>\n<meta property=\"og:title\" content=\"Info-Senior praktisch erkl\u00e4rt\" \/>\n<meta property=\"og:description\" content=\"Das Familienministerium hat eine neue Online-Plattform ins Leben gerufen: infosenior.lu. Sie dient dazu, \u00fcber das Angebot aller vom Familienministerium zugelassenen Strukturen f\u00fcr \u00e4ltere Menschen zu informieren. Die Plattform erm\u00f6glicht es sogar, verschiedene Wohnstrukturen miteinander zu vergleichen. Neben Preisen finden Sie auch Angaben zum Jahresbericht, zur Mitarbeiterzahl und vieles mehr. Wir laden Sie herzlich ein, diese [&hellip;]\" \/>\n<meta property=\"og:url\" content=\"https:\/\/www.gero.lu\/de\/produit\/info-senior-praktisch-erklart\" \/>\n<meta property=\"og:site_name\" content=\"GERO\" \/>\n<meta property=\"article:publisher\" content=\"https:\/\/www.facebook.com\/Kompetenzzenter\/\" \/>\n<meta property=\"article:modified_time\" content=\"2025-01-13T11:23:12+00:00\" \/>\n<meta property=\"og:image\" content=\"https:\/\/www.gero.lu\/wp-content\/uploads\/2024\/11\/DALL\u00b7E-2025-01-10-07.37.06-A-realistic-wide-format-image-of-a-slightly-older-person-sitting-at-a-computer-in-a-cozy-home-environment-with-a-neutral-slightly-puzzled-expressio.webp\" \/>\n\t<meta property=\"og:image:width\" content=\"1792\" \/>\n\t<meta property=\"og:image:height\" content=\"1024\" \/>\n\t<meta property=\"og:image:type\" content=\"image\/webp\" \/>\n<meta name=\"twitter:card\" content=\"summary_large_image\" \/>\n<meta name=\"twitter:label1\" content=\"Gesch\u00e4tzte Lesezeit\" \/>\n\t<meta name=\"twitter:data1\" content=\"1\u00a0Minute\" \/>\n<script type=\"application\/ld+json\" class=\"yoast-schema-graph\">{\"@context\":\"https:\\\/\\\/schema.org\",\"@graph\":[{\"@type\":\"WebPage\",\"@id\":\"https:\\\/\\\/www.gero.lu\\\/de\\\/produit\\\/info-senior-praktisch-erklart\",\"url\":\"https:\\\/\\\/www.gero.lu\\\/de\\\/produit\\\/info-senior-praktisch-erklart\",\"name\":\"Info-Senior praktisch erkl\u00e4rt - GERO\",\"isPartOf\":{\"@id\":\"https:\\\/\\\/www.gero.lu\\\/de\\\/#website\"},\"primaryImageOfPage\":{\"@id\":\"https:\\\/\\\/www.gero.lu\\\/de\\\/produit\\\/info-senior-praktisch-erklart#primaryimage\"},\"image\":{\"@id\":\"https:\\\/\\\/www.gero.lu\\\/produit\\\/info-senior-praktisch-erklart#primaryimage\"},\"thumbnailUrl\":\"https:\\\/\\\/www.gero.lu\\\/wp-content\\\/uploads\\\/2024\\\/11\\\/DALL\u00b7E-2025-01-10-07.37.06-A-realistic-wide-format-image-of-a-slightly-older-person-sitting-at-a-computer-in-a-cozy-home-environment-with-a-neutral-slightly-puzzled-expressio.webp\",\"datePublished\":\"2024-11-13T09:17:27+00:00\",\"dateModified\":\"2025-01-13T11:23:12+00:00\",\"breadcrumb\":{\"@id\":\"https:\\\/\\\/www.gero.lu\\\/de\\\/produit\\\/info-senior-praktisch-erklart#breadcrumb\"},\"inLanguage\":\"de\",\"potentialAction\":[{\"@type\":\"ReadAction\",\"target\":[[\"https:\\\/\\\/www.gero.lu\\\/de\\\/produit\\\/info-senior-praktisch-erklart\"]]}]},{\"@type\":\"ImageObject\",\"inLanguage\":\"de\",\"@id\":\"https:\\\/\\\/www.gero.lu\\\/de\\\/produit\\\/info-senior-praktisch-erklart#primaryimage\",\"url\":\"https:\\\/\\\/www.gero.lu\\\/wp-content\\\/uploads\\\/2024\\\/11\\\/DALL\u00b7E-2025-01-10-07.37.06-A-realistic-wide-format-image-of-a-slightly-older-person-sitting-at-a-computer-in-a-cozy-home-environment-with-a-neutral-slightly-puzzled-expressio.webp\",\"contentUrl\":\"https:\\\/\\\/www.gero.lu\\\/wp-content\\\/uploads\\\/2024\\\/11\\\/DALL\u00b7E-2025-01-10-07.37.06-A-realistic-wide-format-image-of-a-slightly-older-person-sitting-at-a-computer-in-a-cozy-home-environment-with-a-neutral-slightly-puzzled-expressio.webp\",\"width\":1792,\"height\":1024},{\"@type\":\"BreadcrumbList\",\"@id\":\"https:\\\/\\\/www.gero.lu\\\/de\\\/produit\\\/info-senior-praktisch-erklart#breadcrumb\",\"itemListElement\":[{\"@type\":\"ListItem\",\"position\":1,\"name\":\"Accueil\",\"item\":\"https:\\\/\\\/www.gero.lu\\\/de\\\/\"},{\"@type\":\"ListItem\",\"position\":2,\"name\":\"Shop\",\"item\":\"https:\\\/\\\/www.gero.lu\\\/de\\\/shop\"},{\"@type\":\"ListItem\",\"position\":3,\"name\":\"Info-Senior praktisch erkl\u00e4rt\"}]},{\"@type\":\"WebSite\",\"@id\":\"https:\\\/\\\/www.gero.lu\\\/de\\\/#website\",\"url\":\"https:\\\/\\\/www.gero.lu\\\/de\\\/\",\"name\":\"Gero\",\"description\":\"Kompetenzzenter fir den Alter\",\"publisher\":{\"@id\":\"https:\\\/\\\/www.gero.lu\\\/de\\\/#organization\"},\"potentialAction\":[{\"@type\":\"SearchAction\",\"target\":{\"@type\":\"EntryPoint\",\"urlTemplate\":\"https:\\\/\\\/www.gero.lu\\\/de\\\/?s={search_term_string}\"},\"query-input\":{\"@type\":\"PropertyValueSpecification\",\"valueRequired\":true,\"valueName\":\"search_term_string\"}}],\"inLanguage\":\"de\"},{\"@type\":\"Organization\",\"@id\":\"https:\\\/\\\/www.gero.lu\\\/de\\\/#organization\",\"name\":\"Gero\",\"url\":\"https:\\\/\\\/www.gero.lu\\\/de\\\/\",\"logo\":{\"@type\":\"ImageObject\",\"inLanguage\":\"de\",\"@id\":\"https:\\\/\\\/www.gero.lu\\\/de\\\/#\\\/schema\\\/logo\\\/image\\\/\",\"url\":\"https:\\\/\\\/www.gero.lu\\\/wp-content\\\/uploads\\\/2024\\\/04\\\/logo.svg\",\"contentUrl\":\"https:\\\/\\\/www.gero.lu\\\/wp-content\\\/uploads\\\/2024\\\/04\\\/logo.svg\",\"width\":76,\"height\":30,\"caption\":\"Gero\"},\"image\":{\"@id\":\"https:\\\/\\\/www.gero.lu\\\/de\\\/#\\\/schema\\\/logo\\\/image\\\/\"},\"sameAs\":[\"https:\\\/\\\/www.facebook.com\\\/Kompetenzzenter\\\/\",\"https:\\\/\\\/www.instagram.com\\\/gero.kompetenzzenter\\\/\",\"https:\\\/\\\/linkedin.com\\\/company\\\/gero-kompetenzzenter-fir-den-alter\",\"https:\\\/\\\/www.youtube.com\\\/channel\\\/UCJvmJYSeHh3dYQsLHZupj-Q\"]}]}<\/script>\n<!-- \/ Yoast SEO Premium plugin. -->","yoast_head_json":{"title":"Info-Senior praktisch erkl\u00e4rt - GERO","robots":{"index":"index","follow":"follow","max-snippet":"max-snippet:-1","max-image-preview":"max-image-preview:large","max-video-preview":"max-video-preview:-1"},"canonical":"https:\/\/www.gero.lu\/de\/produit\/info-senior-praktisch-erklart","og_locale":"de_DE","og_type":"article","og_title":"Info-Senior praktisch erkl\u00e4rt","og_description":"Das Familienministerium hat eine neue Online-Plattform ins Leben gerufen: infosenior.lu. Sie dient dazu, \u00fcber das Angebot aller vom Familienministerium zugelassenen Strukturen f\u00fcr \u00e4ltere Menschen zu informieren. Die Plattform erm\u00f6glicht es sogar, verschiedene Wohnstrukturen miteinander zu vergleichen. Neben Preisen finden Sie auch Angaben zum Jahresbericht, zur Mitarbeiterzahl und vieles mehr. Wir laden Sie herzlich ein, diese [&hellip;]","og_url":"https:\/\/www.gero.lu\/de\/produit\/info-senior-praktisch-erklart","og_site_name":"GERO","article_publisher":"https:\/\/www.facebook.com\/Kompetenzzenter\/","article_modified_time":"2025-01-13T11:23:12+00:00","og_image":[{"width":1792,"height":1024,"url":"https:\/\/www.gero.lu\/wp-content\/uploads\/2024\/11\/DALL\u00b7E-2025-01-10-07.37.06-A-realistic-wide-format-image-of-a-slightly-older-person-sitting-at-a-computer-in-a-cozy-home-environment-with-a-neutral-slightly-puzzled-expressio.webp","type":"image\/webp"}],"twitter_card":"summary_large_image","twitter_misc":{"Gesch\u00e4tzte Lesezeit":"1\u00a0Minute"},"schema":{"@context":"https:\/\/schema.org","@graph":[{"@type":"WebPage","@id":"https:\/\/www.gero.lu\/de\/produit\/info-senior-praktisch-erklart","url":"https:\/\/www.gero.lu\/de\/produit\/info-senior-praktisch-erklart","name":"Info-Senior praktisch erkl\u00e4rt - GERO","isPartOf":{"@id":"https:\/\/www.gero.lu\/de\/#website"},"primaryImageOfPage":{"@id":"https:\/\/www.gero.lu\/de\/produit\/info-senior-praktisch-erklart#primaryimage"},"image":{"@id":"https:\/\/www.gero.lu\/produit\/info-senior-praktisch-erklart#primaryimage"},"thumbnailUrl":"https:\/\/www.gero.lu\/wp-content\/uploads\/2024\/11\/DALL\u00b7E-2025-01-10-07.37.06-A-realistic-wide-format-image-of-a-slightly-older-person-sitting-at-a-computer-in-a-cozy-home-environment-with-a-neutral-slightly-puzzled-expressio.webp","datePublished":"2024-11-13T09:17:27+00:00","dateModified":"2025-01-13T11:23:12+00:00","breadcrumb":{"@id":"https:\/\/www.gero.lu\/de\/produit\/info-senior-praktisch-erklart#breadcrumb"},"inLanguage":"de","potentialAction":[{"@type":"ReadAction","target":[["https:\/\/www.gero.lu\/de\/produit\/info-senior-praktisch-erklart"]]}]},{"@type":"ImageObject","inLanguage":"de","@id":"https:\/\/www.gero.lu\/de\/produit\/info-senior-praktisch-erklart#primaryimage","url":"https:\/\/www.gero.lu\/wp-content\/uploads\/2024\/11\/DALL\u00b7E-2025-01-10-07.37.06-A-realistic-wide-format-image-of-a-slightly-older-person-sitting-at-a-computer-in-a-cozy-home-environment-with-a-neutral-slightly-puzzled-expressio.webp","contentUrl":"https:\/\/www.gero.lu\/wp-content\/uploads\/2024\/11\/DALL\u00b7E-2025-01-10-07.37.06-A-realistic-wide-format-image-of-a-slightly-older-person-sitting-at-a-computer-in-a-cozy-home-environment-with-a-neutral-slightly-puzzled-expressio.webp","width":1792,"height":1024},{"@type":"BreadcrumbList","@id":"https:\/\/www.gero.lu\/de\/produit\/info-senior-praktisch-erklart#breadcrumb","itemListElement":[{"@type":"ListItem","position":1,"name":"Accueil","item":"https:\/\/www.gero.lu\/de\/"},{"@type":"ListItem","position":2,"name":"Shop","item":"https:\/\/www.gero.lu\/de\/shop"},{"@type":"ListItem","position":3,"name":"Info-Senior praktisch erkl\u00e4rt"}]},{"@type":"WebSite","@id":"https:\/\/www.gero.lu\/de\/#website","url":"https:\/\/www.gero.lu\/de\/","name":"Gero","description":"Kompetenzzenter fir den Alter","publisher":{"@id":"https:\/\/www.gero.lu\/de\/#organization"},"potentialAction":[{"@type":"SearchAction","target":{"@type":"EntryPoint","urlTemplate":"https:\/\/www.gero.lu\/de\/?s={search_term_string}"},"query-input":{"@type":"PropertyValueSpecification","valueRequired":true,"valueName":"search_term_string"}}],"inLanguage":"de"},{"@type":"Organization","@id":"https:\/\/www.gero.lu\/de\/#organization","name":"Gero","url":"https:\/\/www.gero.lu\/de\/","logo":{"@type":"ImageObject","inLanguage":"de","@id":"https:\/\/www.gero.lu\/de\/#\/schema\/logo\/image\/","url":"https:\/\/www.gero.lu\/wp-content\/uploads\/2024\/04\/logo.svg","contentUrl":"https:\/\/www.gero.lu\/wp-content\/uploads\/2024\/04\/logo.svg","width":76,"height":30,"caption":"Gero"},"image":{"@id":"https:\/\/www.gero.lu\/de\/#\/schema\/logo\/image\/"},"sameAs":["https:\/\/www.facebook.com\/Kompetenzzenter\/","https:\/\/www.instagram.com\/gero.kompetenzzenter\/","https:\/\/linkedin.com\/company\/gero-kompetenzzenter-fir-den-alter","https:\/\/www.youtube.com\/channel\/UCJvmJYSeHh3dYQsLHZupj-Q"]}]}},"_links":{"self":[{"href":"https:\/\/www.gero.lu\/de\/wp-json\/wp\/v2\/product\/8203","targetHints":{"allow":["GET"]}}],"collection":[{"href":"https:\/\/www.gero.lu\/de\/wp-json\/wp\/v2\/product"}],"about":[{"href":"https:\/\/www.gero.lu\/de\/wp-json\/wp\/v2\/types\/product"}],"replies":[{"embeddable":true,"href":"https:\/\/www.gero.lu\/de\/wp-json\/wp\/v2\/comments?post=8203"}],"wp:featuredmedia":[{"embeddable":true,"href":"https:\/\/www.gero.lu\/de\/wp-json\/wp\/v2\/media\/8598"}],"wp:attachment":[{"href":"https:\/\/www.gero.lu\/de\/wp-json\/wp\/v2\/media?parent=8203"}],"wp:term":[{"taxonomy":"product_brand","embeddable":true,"href":"https:\/\/www.gero.lu\/de\/wp-json\/wp\/v2\/product_brand?post=8203"},{"taxonomy":"product_cat","embeddable":true,"href":"https:\/\/www.gero.lu\/de\/wp-json\/wp\/v2\/product_cat?post=8203"},{"taxonomy":"product_tag","embeddable":true,"href":"https:\/\/www.gero.lu\/de\/wp-json\/wp\/v2\/product_tag?post=8203"}],"curies":[{"name":"wp","href":"https:\/\/api.w.org\/{rel}","templated":true}]}}