{"id":8198,"date":"2024-11-13T09:17:26","date_gmt":"2024-11-13T09:17:26","guid":{"rendered":"https:\/\/www.gero.lu\/produit\/sturzprophylaxe-im-alltag"},"modified":"2025-01-23T14:26:06","modified_gmt":"2025-01-23T14:26:06","slug":"sturzprophylaxe-im-alltag","status":"publish","type":"product","link":"https:\/\/www.gero.lu\/de\/produit\/sturzprophylaxe-im-alltag","title":{"rendered":"Sturzprophylaxe im Alltag"},"content":{"rendered":"<p>M\u00f6chten Sie in einem entspannten Rahmen erfahren, wie Sie Ihre geistigen und motorischen F\u00e4higkeiten trainieren und durch gezielte \u00dcbungen Ihr individuelles Sturzrisiko reduzieren k\u00f6nnen? Dann sind Sie in dem Workshop unter Leitung von Dr. Martine Hoffmann (geroRESEARCH) genau richtig. Auf anschauliche Weise k\u00f6nnen Sie hier die \u00dcbungen aus dem \u201eFLUX-Taschentrainer\u201c ausprobieren und erhalten praktische Anleitungen, wie Sie diese in Ihren Alltag integrieren. Das \u00dcbungsheft ist eines der Ergebnisse des FLUX-Projekts, das von geroRESEARCH, der LUNEX und der Uni.lu von 2023-2024 durchgef\u00fchrt wurde.<\/p>\n","protected":false},"excerpt":{"rendered":"<p>M\u00f6chten Sie in einem entspannten Rahmen erfahren, wie Sie Ihre geistigen und motorischen F\u00e4higkeiten trainieren und durch gezielte \u00dcbungen Ihr individuelles Sturzrisiko reduzieren k\u00f6nnen? Dann sind Sie in dem Workshop unter Leitung von Dr. Martine Hoffmann (geroRESEARCH) genau richtig. Auf anschauliche Weise k\u00f6nnen Sie hier die \u00dcbungen aus dem \u201eFLUX-Taschentrainer\u201c ausprobieren und erhalten praktische Anleitungen, [&hellip;]<\/p>\n","protected":false},"featured_media":0,"comment_status":"closed","ping_status":"closed","template":"","meta":{"_acf_changed":false,"inline_featured_image":false},"product_brand":[],"product_cat":[229],"product_tag":[200],"class_list":{"0":"post-8198","1":"product","2":"type-product","3":"status-publish","5":"product_cat-workshop","6":"product_tag-sante-senior","8":"first","9":"outofstock","10":"virtual","11":"purchasable","12":"product-type-simple"},"acf":[],"yoast_head":"<!-- This site is optimized with the Yoast SEO Premium plugin v27.4 (Yoast SEO v27.5) - https:\/\/yoast.com\/product\/yoast-seo-premium-wordpress\/ -->\n<title>Sturzprophylaxe im Alltag - GERO<\/title>\n<meta name=\"robots\" content=\"index, follow, max-snippet:-1, max-image-preview:large, max-video-preview:-1\" \/>\n<link rel=\"canonical\" href=\"https:\/\/www.gero.lu\/de\/produit\/sturzprophylaxe-im-alltag\" \/>\n<meta property=\"og:locale\" content=\"de_DE\" \/>\n<meta property=\"og:type\" content=\"article\" \/>\n<meta property=\"og:title\" content=\"Sturzprophylaxe im Alltag\" \/>\n<meta property=\"og:description\" content=\"M\u00f6chten Sie in einem entspannten Rahmen erfahren, wie Sie Ihre geistigen und motorischen F\u00e4higkeiten trainieren und durch gezielte \u00dcbungen Ihr individuelles Sturzrisiko reduzieren k\u00f6nnen? Dann sind Sie in dem Workshop unter Leitung von Dr. Martine Hoffmann (geroRESEARCH) genau richtig. Auf anschauliche Weise k\u00f6nnen Sie hier die \u00dcbungen aus dem \u201eFLUX-Taschentrainer\u201c ausprobieren und erhalten praktische Anleitungen, [&hellip;]\" \/>\n<meta property=\"og:url\" content=\"https:\/\/www.gero.lu\/de\/produit\/sturzprophylaxe-im-alltag\" \/>\n<meta property=\"og:site_name\" content=\"GERO\" \/>\n<meta property=\"article:publisher\" content=\"https:\/\/www.facebook.com\/Kompetenzzenter\/\" \/>\n<meta property=\"article:modified_time\" content=\"2025-01-23T14:26:06+00:00\" \/>\n<meta property=\"og:image\" content=\"https:\/\/www.gero.lu\/wp-content\/uploads\/2021\/08\/gettyimages-1135289130-2048x2048_RET-1.jpg\" \/>\n\t<meta property=\"og:image:width\" content=\"1227\" \/>\n\t<meta property=\"og:image:height\" content=\"802\" \/>\n\t<meta property=\"og:image:type\" content=\"image\/jpeg\" \/>\n<meta name=\"twitter:card\" content=\"summary_large_image\" \/>\n<script type=\"application\/ld+json\" class=\"yoast-schema-graph\">{\"@context\":\"https:\\\/\\\/schema.org\",\"@graph\":[{\"@type\":\"WebPage\",\"@id\":\"https:\\\/\\\/www.gero.lu\\\/de\\\/produit\\\/sturzprophylaxe-im-alltag\",\"url\":\"https:\\\/\\\/www.gero.lu\\\/de\\\/produit\\\/sturzprophylaxe-im-alltag\",\"name\":\"Sturzprophylaxe im Alltag - GERO\",\"isPartOf\":{\"@id\":\"https:\\\/\\\/www.gero.lu\\\/de\\\/#website\"},\"datePublished\":\"2024-11-13T09:17:26+00:00\",\"dateModified\":\"2025-01-23T14:26:06+00:00\",\"breadcrumb\":{\"@id\":\"https:\\\/\\\/www.gero.lu\\\/de\\\/produit\\\/sturzprophylaxe-im-alltag#breadcrumb\"},\"inLanguage\":\"de\",\"potentialAction\":[{\"@type\":\"ReadAction\",\"target\":[[\"https:\\\/\\\/www.gero.lu\\\/de\\\/produit\\\/sturzprophylaxe-im-alltag\"]]}]},{\"@type\":\"BreadcrumbList\",\"@id\":\"https:\\\/\\\/www.gero.lu\\\/de\\\/produit\\\/sturzprophylaxe-im-alltag#breadcrumb\",\"itemListElement\":[{\"@type\":\"ListItem\",\"position\":1,\"name\":\"Accueil\",\"item\":\"https:\\\/\\\/www.gero.lu\\\/de\\\/\"},{\"@type\":\"ListItem\",\"position\":2,\"name\":\"Shop\",\"item\":\"https:\\\/\\\/www.gero.lu\\\/de\\\/shop\"},{\"@type\":\"ListItem\",\"position\":3,\"name\":\"Sturzprophylaxe im Alltag\"}]},{\"@type\":\"WebSite\",\"@id\":\"https:\\\/\\\/www.gero.lu\\\/de\\\/#website\",\"url\":\"https:\\\/\\\/www.gero.lu\\\/de\\\/\",\"name\":\"Gero\",\"description\":\"Kompetenzzenter fir den Alter\",\"publisher\":{\"@id\":\"https:\\\/\\\/www.gero.lu\\\/de\\\/#organization\"},\"potentialAction\":[{\"@type\":\"SearchAction\",\"target\":{\"@type\":\"EntryPoint\",\"urlTemplate\":\"https:\\\/\\\/www.gero.lu\\\/de\\\/?s={search_term_string}\"},\"query-input\":{\"@type\":\"PropertyValueSpecification\",\"valueRequired\":true,\"valueName\":\"search_term_string\"}}],\"inLanguage\":\"de\"},{\"@type\":\"Organization\",\"@id\":\"https:\\\/\\\/www.gero.lu\\\/de\\\/#organization\",\"name\":\"Gero\",\"url\":\"https:\\\/\\\/www.gero.lu\\\/de\\\/\",\"logo\":{\"@type\":\"ImageObject\",\"inLanguage\":\"de\",\"@id\":\"https:\\\/\\\/www.gero.lu\\\/de\\\/#\\\/schema\\\/logo\\\/image\\\/\",\"url\":\"https:\\\/\\\/www.gero.lu\\\/wp-content\\\/uploads\\\/2024\\\/04\\\/logo.svg\",\"contentUrl\":\"https:\\\/\\\/www.gero.lu\\\/wp-content\\\/uploads\\\/2024\\\/04\\\/logo.svg\",\"width\":76,\"height\":30,\"caption\":\"Gero\"},\"image\":{\"@id\":\"https:\\\/\\\/www.gero.lu\\\/de\\\/#\\\/schema\\\/logo\\\/image\\\/\"},\"sameAs\":[\"https:\\\/\\\/www.facebook.com\\\/Kompetenzzenter\\\/\",\"https:\\\/\\\/www.instagram.com\\\/gero.kompetenzzenter\\\/\",\"https:\\\/\\\/linkedin.com\\\/company\\\/gero-kompetenzzenter-fir-den-alter\",\"https:\\\/\\\/www.youtube.com\\\/channel\\\/UCJvmJYSeHh3dYQsLHZupj-Q\"]}]}<\/script>\n<!-- \/ Yoast SEO Premium plugin. -->","yoast_head_json":{"title":"Sturzprophylaxe im Alltag - GERO","robots":{"index":"index","follow":"follow","max-snippet":"max-snippet:-1","max-image-preview":"max-image-preview:large","max-video-preview":"max-video-preview:-1"},"canonical":"https:\/\/www.gero.lu\/de\/produit\/sturzprophylaxe-im-alltag","og_locale":"de_DE","og_type":"article","og_title":"Sturzprophylaxe im Alltag","og_description":"M\u00f6chten Sie in einem entspannten Rahmen erfahren, wie Sie Ihre geistigen und motorischen F\u00e4higkeiten trainieren und durch gezielte \u00dcbungen Ihr individuelles Sturzrisiko reduzieren k\u00f6nnen? Dann sind Sie in dem Workshop unter Leitung von Dr. Martine Hoffmann (geroRESEARCH) genau richtig. Auf anschauliche Weise k\u00f6nnen Sie hier die \u00dcbungen aus dem \u201eFLUX-Taschentrainer\u201c ausprobieren und erhalten praktische Anleitungen, [&hellip;]","og_url":"https:\/\/www.gero.lu\/de\/produit\/sturzprophylaxe-im-alltag","og_site_name":"GERO","article_publisher":"https:\/\/www.facebook.com\/Kompetenzzenter\/","article_modified_time":"2025-01-23T14:26:06+00:00","og_image":[{"width":1227,"height":802,"url":"https:\/\/www.gero.lu\/wp-content\/uploads\/2021\/08\/gettyimages-1135289130-2048x2048_RET-1.jpg","type":"image\/jpeg"}],"twitter_card":"summary_large_image","schema":{"@context":"https:\/\/schema.org","@graph":[{"@type":"WebPage","@id":"https:\/\/www.gero.lu\/de\/produit\/sturzprophylaxe-im-alltag","url":"https:\/\/www.gero.lu\/de\/produit\/sturzprophylaxe-im-alltag","name":"Sturzprophylaxe im Alltag - GERO","isPartOf":{"@id":"https:\/\/www.gero.lu\/de\/#website"},"datePublished":"2024-11-13T09:17:26+00:00","dateModified":"2025-01-23T14:26:06+00:00","breadcrumb":{"@id":"https:\/\/www.gero.lu\/de\/produit\/sturzprophylaxe-im-alltag#breadcrumb"},"inLanguage":"de","potentialAction":[{"@type":"ReadAction","target":[["https:\/\/www.gero.lu\/de\/produit\/sturzprophylaxe-im-alltag"]]}]},{"@type":"BreadcrumbList","@id":"https:\/\/www.gero.lu\/de\/produit\/sturzprophylaxe-im-alltag#breadcrumb","itemListElement":[{"@type":"ListItem","position":1,"name":"Accueil","item":"https:\/\/www.gero.lu\/de\/"},{"@type":"ListItem","position":2,"name":"Shop","item":"https:\/\/www.gero.lu\/de\/shop"},{"@type":"ListItem","position":3,"name":"Sturzprophylaxe im Alltag"}]},{"@type":"WebSite","@id":"https:\/\/www.gero.lu\/de\/#website","url":"https:\/\/www.gero.lu\/de\/","name":"Gero","description":"Kompetenzzenter fir den Alter","publisher":{"@id":"https:\/\/www.gero.lu\/de\/#organization"},"potentialAction":[{"@type":"SearchAction","target":{"@type":"EntryPoint","urlTemplate":"https:\/\/www.gero.lu\/de\/?s={search_term_string}"},"query-input":{"@type":"PropertyValueSpecification","valueRequired":true,"valueName":"search_term_string"}}],"inLanguage":"de"},{"@type":"Organization","@id":"https:\/\/www.gero.lu\/de\/#organization","name":"Gero","url":"https:\/\/www.gero.lu\/de\/","logo":{"@type":"ImageObject","inLanguage":"de","@id":"https:\/\/www.gero.lu\/de\/#\/schema\/logo\/image\/","url":"https:\/\/www.gero.lu\/wp-content\/uploads\/2024\/04\/logo.svg","contentUrl":"https:\/\/www.gero.lu\/wp-content\/uploads\/2024\/04\/logo.svg","width":76,"height":30,"caption":"Gero"},"image":{"@id":"https:\/\/www.gero.lu\/de\/#\/schema\/logo\/image\/"},"sameAs":["https:\/\/www.facebook.com\/Kompetenzzenter\/","https:\/\/www.instagram.com\/gero.kompetenzzenter\/","https:\/\/linkedin.com\/company\/gero-kompetenzzenter-fir-den-alter","https:\/\/www.youtube.com\/channel\/UCJvmJYSeHh3dYQsLHZupj-Q"]}]}},"_links":{"self":[{"href":"https:\/\/www.gero.lu\/de\/wp-json\/wp\/v2\/product\/8198","targetHints":{"allow":["GET"]}}],"collection":[{"href":"https:\/\/www.gero.lu\/de\/wp-json\/wp\/v2\/product"}],"about":[{"href":"https:\/\/www.gero.lu\/de\/wp-json\/wp\/v2\/types\/product"}],"replies":[{"embeddable":true,"href":"https:\/\/www.gero.lu\/de\/wp-json\/wp\/v2\/comments?post=8198"}],"wp:attachment":[{"href":"https:\/\/www.gero.lu\/de\/wp-json\/wp\/v2\/media?parent=8198"}],"wp:term":[{"taxonomy":"product_brand","embeddable":true,"href":"https:\/\/www.gero.lu\/de\/wp-json\/wp\/v2\/product_brand?post=8198"},{"taxonomy":"product_cat","embeddable":true,"href":"https:\/\/www.gero.lu\/de\/wp-json\/wp\/v2\/product_cat?post=8198"},{"taxonomy":"product_tag","embeddable":true,"href":"https:\/\/www.gero.lu\/de\/wp-json\/wp\/v2\/product_tag?post=8198"}],"curies":[{"name":"wp","href":"https:\/\/api.w.org\/{rel}","templated":true}]}}