{"id":8196,"date":"2024-11-13T09:17:25","date_gmt":"2024-11-13T09:17:25","guid":{"rendered":"https:\/\/www.gero.lu\/produit\/schnupperkurs-ck-fitness-junglinster"},"modified":"2025-02-07T16:21:34","modified_gmt":"2025-02-07T16:21:34","slug":"schnupperkurs-ck-fitness-junglinster","status":"publish","type":"product","link":"https:\/\/www.gero.lu\/de\/produit\/schnupperkurs-ck-fitness-junglinster","title":{"rendered":"Schnupperkurs CK Fitness &#8211; Junglinster"},"content":{"rendered":"<p>F\u00fcr alle, die noch nie in einem Sportstudio waren bzw. CK Fitness noch nicht kennen, aber gerne kennenlernen m\u00f6chten, gibt es die einmalige Gelegenheit, in einem der vier Clubs an einem Schnupperkurs f\u00fcr Anf\u00e4nger*innen teilzunehmen. <\/p>\n<p>Danach stehen Ihnen Expert*innen f\u00fcr eine pers\u00f6nliche Beratung sowie Erkl\u00e4rungen zu den einzelnen Ger\u00e4ten zur Verf\u00fcgung. Abschlie\u00dfend wartet zudem eine besondere \u00dcberraschung auf Sie!<\/p>\n","protected":false},"excerpt":{"rendered":"<p>F\u00fcr alle, die noch nie in einem Sportstudio waren bzw. CK Fitness noch nicht kennen, aber gerne kennenlernen m\u00f6chten, gibt es die einmalige Gelegenheit, in einem der vier Clubs an einem Schnupperkurs f\u00fcr Anf\u00e4nger*innen teilzunehmen. Danach stehen Ihnen Expert*innen f\u00fcr eine pers\u00f6nliche Beratung sowie Erkl\u00e4rungen zu den einzelnen Ger\u00e4ten zur Verf\u00fcgung. Abschlie\u00dfend wartet zudem eine [&hellip;]<\/p>\n","protected":false},"featured_media":0,"comment_status":"closed","ping_status":"closed","template":"","meta":{"_acf_changed":false,"inline_featured_image":false},"product_brand":[],"product_cat":[230],"product_tag":[200],"class_list":{"0":"post-8196","1":"product","2":"type-product","3":"status-publish","5":"product_cat-visite","6":"product_tag-sante-senior","8":"first","9":"instock","10":"virtual","11":"purchasable","12":"product-type-simple"},"acf":[],"yoast_head":"<!-- This site is optimized with the Yoast SEO Premium plugin v27.4 (Yoast SEO v27.5) - https:\/\/yoast.com\/product\/yoast-seo-premium-wordpress\/ -->\n<title>Schnupperkurs CK Fitness - Junglinster - GERO<\/title>\n<meta name=\"robots\" content=\"index, follow, max-snippet:-1, max-image-preview:large, max-video-preview:-1\" \/>\n<link rel=\"canonical\" href=\"https:\/\/www.gero.lu\/de\/produit\/schnupperkurs-ck-fitness-junglinster\" \/>\n<meta property=\"og:locale\" content=\"de_DE\" \/>\n<meta property=\"og:type\" content=\"article\" \/>\n<meta property=\"og:title\" content=\"Schnupperkurs CK Fitness - Junglinster\" \/>\n<meta property=\"og:description\" content=\"F\u00fcr alle, die noch nie in einem Sportstudio waren bzw. CK Fitness noch nicht kennen, aber gerne kennenlernen m\u00f6chten, gibt es die einmalige Gelegenheit, in einem der vier Clubs an einem Schnupperkurs f\u00fcr Anf\u00e4nger*innen teilzunehmen. Danach stehen Ihnen Expert*innen f\u00fcr eine pers\u00f6nliche Beratung sowie Erkl\u00e4rungen zu den einzelnen Ger\u00e4ten zur Verf\u00fcgung. Abschlie\u00dfend wartet zudem eine [&hellip;]\" \/>\n<meta property=\"og:url\" content=\"https:\/\/www.gero.lu\/de\/produit\/schnupperkurs-ck-fitness-junglinster\" \/>\n<meta property=\"og:site_name\" content=\"GERO\" \/>\n<meta property=\"article:publisher\" content=\"https:\/\/www.facebook.com\/Kompetenzzenter\/\" \/>\n<meta property=\"article:modified_time\" content=\"2025-02-07T16:21:34+00:00\" \/>\n<meta property=\"og:image\" content=\"https:\/\/www.gero.lu\/wp-content\/uploads\/2024\/05\/vision_ckfitness_mersch_dsc_7726.jpg\" \/>\n\t<meta property=\"og:image:width\" content=\"2048\" \/>\n\t<meta property=\"og:image:height\" content=\"1365\" \/>\n\t<meta property=\"og:image:type\" content=\"image\/jpeg\" \/>\n<meta name=\"twitter:card\" content=\"summary_large_image\" \/>\n<meta name=\"twitter:label1\" content=\"Gesch\u00e4tzte Lesezeit\" \/>\n\t<meta name=\"twitter:data1\" content=\"1\u00a0Minute\" \/>\n<script type=\"application\/ld+json\" class=\"yoast-schema-graph\">{\"@context\":\"https:\\\/\\\/schema.org\",\"@graph\":[{\"@type\":\"WebPage\",\"@id\":\"https:\\\/\\\/www.gero.lu\\\/de\\\/produit\\\/schnupperkurs-ck-fitness-junglinster\",\"url\":\"https:\\\/\\\/www.gero.lu\\\/de\\\/produit\\\/schnupperkurs-ck-fitness-junglinster\",\"name\":\"Schnupperkurs CK Fitness - Junglinster - GERO\",\"isPartOf\":{\"@id\":\"https:\\\/\\\/www.gero.lu\\\/de\\\/#website\"},\"datePublished\":\"2024-11-13T09:17:25+00:00\",\"dateModified\":\"2025-02-07T16:21:34+00:00\",\"breadcrumb\":{\"@id\":\"https:\\\/\\\/www.gero.lu\\\/de\\\/produit\\\/schnupperkurs-ck-fitness-junglinster#breadcrumb\"},\"inLanguage\":\"de\",\"potentialAction\":[{\"@type\":\"ReadAction\",\"target\":[[\"https:\\\/\\\/www.gero.lu\\\/de\\\/produit\\\/schnupperkurs-ck-fitness-junglinster\"]]}]},{\"@type\":\"BreadcrumbList\",\"@id\":\"https:\\\/\\\/www.gero.lu\\\/de\\\/produit\\\/schnupperkurs-ck-fitness-junglinster#breadcrumb\",\"itemListElement\":[{\"@type\":\"ListItem\",\"position\":1,\"name\":\"Accueil\",\"item\":\"https:\\\/\\\/www.gero.lu\\\/de\\\/\"},{\"@type\":\"ListItem\",\"position\":2,\"name\":\"Shop\",\"item\":\"https:\\\/\\\/www.gero.lu\\\/de\\\/shop\"},{\"@type\":\"ListItem\",\"position\":3,\"name\":\"Schnupperkurs CK Fitness &#8211; Junglinster\"}]},{\"@type\":\"WebSite\",\"@id\":\"https:\\\/\\\/www.gero.lu\\\/de\\\/#website\",\"url\":\"https:\\\/\\\/www.gero.lu\\\/de\\\/\",\"name\":\"Gero\",\"description\":\"Kompetenzzenter fir den Alter\",\"publisher\":{\"@id\":\"https:\\\/\\\/www.gero.lu\\\/de\\\/#organization\"},\"potentialAction\":[{\"@type\":\"SearchAction\",\"target\":{\"@type\":\"EntryPoint\",\"urlTemplate\":\"https:\\\/\\\/www.gero.lu\\\/de\\\/?s={search_term_string}\"},\"query-input\":{\"@type\":\"PropertyValueSpecification\",\"valueRequired\":true,\"valueName\":\"search_term_string\"}}],\"inLanguage\":\"de\"},{\"@type\":\"Organization\",\"@id\":\"https:\\\/\\\/www.gero.lu\\\/de\\\/#organization\",\"name\":\"Gero\",\"url\":\"https:\\\/\\\/www.gero.lu\\\/de\\\/\",\"logo\":{\"@type\":\"ImageObject\",\"inLanguage\":\"de\",\"@id\":\"https:\\\/\\\/www.gero.lu\\\/de\\\/#\\\/schema\\\/logo\\\/image\\\/\",\"url\":\"https:\\\/\\\/www.gero.lu\\\/wp-content\\\/uploads\\\/2024\\\/04\\\/logo.svg\",\"contentUrl\":\"https:\\\/\\\/www.gero.lu\\\/wp-content\\\/uploads\\\/2024\\\/04\\\/logo.svg\",\"width\":76,\"height\":30,\"caption\":\"Gero\"},\"image\":{\"@id\":\"https:\\\/\\\/www.gero.lu\\\/de\\\/#\\\/schema\\\/logo\\\/image\\\/\"},\"sameAs\":[\"https:\\\/\\\/www.facebook.com\\\/Kompetenzzenter\\\/\",\"https:\\\/\\\/www.instagram.com\\\/gero.kompetenzzenter\\\/\",\"https:\\\/\\\/linkedin.com\\\/company\\\/gero-kompetenzzenter-fir-den-alter\",\"https:\\\/\\\/www.youtube.com\\\/channel\\\/UCJvmJYSeHh3dYQsLHZupj-Q\"]}]}<\/script>\n<!-- \/ Yoast SEO Premium plugin. -->","yoast_head_json":{"title":"Schnupperkurs CK Fitness - Junglinster - GERO","robots":{"index":"index","follow":"follow","max-snippet":"max-snippet:-1","max-image-preview":"max-image-preview:large","max-video-preview":"max-video-preview:-1"},"canonical":"https:\/\/www.gero.lu\/de\/produit\/schnupperkurs-ck-fitness-junglinster","og_locale":"de_DE","og_type":"article","og_title":"Schnupperkurs CK Fitness - Junglinster","og_description":"F\u00fcr alle, die noch nie in einem Sportstudio waren bzw. CK Fitness noch nicht kennen, aber gerne kennenlernen m\u00f6chten, gibt es die einmalige Gelegenheit, in einem der vier Clubs an einem Schnupperkurs f\u00fcr Anf\u00e4nger*innen teilzunehmen. Danach stehen Ihnen Expert*innen f\u00fcr eine pers\u00f6nliche Beratung sowie Erkl\u00e4rungen zu den einzelnen Ger\u00e4ten zur Verf\u00fcgung. Abschlie\u00dfend wartet zudem eine [&hellip;]","og_url":"https:\/\/www.gero.lu\/de\/produit\/schnupperkurs-ck-fitness-junglinster","og_site_name":"GERO","article_publisher":"https:\/\/www.facebook.com\/Kompetenzzenter\/","article_modified_time":"2025-02-07T16:21:34+00:00","og_image":[{"width":2048,"height":1365,"url":"https:\/\/www.gero.lu\/wp-content\/uploads\/2024\/05\/vision_ckfitness_mersch_dsc_7726.jpg","type":"image\/jpeg"}],"twitter_card":"summary_large_image","twitter_misc":{"Gesch\u00e4tzte Lesezeit":"1\u00a0Minute"},"schema":{"@context":"https:\/\/schema.org","@graph":[{"@type":"WebPage","@id":"https:\/\/www.gero.lu\/de\/produit\/schnupperkurs-ck-fitness-junglinster","url":"https:\/\/www.gero.lu\/de\/produit\/schnupperkurs-ck-fitness-junglinster","name":"Schnupperkurs CK Fitness - Junglinster - GERO","isPartOf":{"@id":"https:\/\/www.gero.lu\/de\/#website"},"datePublished":"2024-11-13T09:17:25+00:00","dateModified":"2025-02-07T16:21:34+00:00","breadcrumb":{"@id":"https:\/\/www.gero.lu\/de\/produit\/schnupperkurs-ck-fitness-junglinster#breadcrumb"},"inLanguage":"de","potentialAction":[{"@type":"ReadAction","target":[["https:\/\/www.gero.lu\/de\/produit\/schnupperkurs-ck-fitness-junglinster"]]}]},{"@type":"BreadcrumbList","@id":"https:\/\/www.gero.lu\/de\/produit\/schnupperkurs-ck-fitness-junglinster#breadcrumb","itemListElement":[{"@type":"ListItem","position":1,"name":"Accueil","item":"https:\/\/www.gero.lu\/de\/"},{"@type":"ListItem","position":2,"name":"Shop","item":"https:\/\/www.gero.lu\/de\/shop"},{"@type":"ListItem","position":3,"name":"Schnupperkurs CK Fitness &#8211; Junglinster"}]},{"@type":"WebSite","@id":"https:\/\/www.gero.lu\/de\/#website","url":"https:\/\/www.gero.lu\/de\/","name":"Gero","description":"Kompetenzzenter fir den Alter","publisher":{"@id":"https:\/\/www.gero.lu\/de\/#organization"},"potentialAction":[{"@type":"SearchAction","target":{"@type":"EntryPoint","urlTemplate":"https:\/\/www.gero.lu\/de\/?s={search_term_string}"},"query-input":{"@type":"PropertyValueSpecification","valueRequired":true,"valueName":"search_term_string"}}],"inLanguage":"de"},{"@type":"Organization","@id":"https:\/\/www.gero.lu\/de\/#organization","name":"Gero","url":"https:\/\/www.gero.lu\/de\/","logo":{"@type":"ImageObject","inLanguage":"de","@id":"https:\/\/www.gero.lu\/de\/#\/schema\/logo\/image\/","url":"https:\/\/www.gero.lu\/wp-content\/uploads\/2024\/04\/logo.svg","contentUrl":"https:\/\/www.gero.lu\/wp-content\/uploads\/2024\/04\/logo.svg","width":76,"height":30,"caption":"Gero"},"image":{"@id":"https:\/\/www.gero.lu\/de\/#\/schema\/logo\/image\/"},"sameAs":["https:\/\/www.facebook.com\/Kompetenzzenter\/","https:\/\/www.instagram.com\/gero.kompetenzzenter\/","https:\/\/linkedin.com\/company\/gero-kompetenzzenter-fir-den-alter","https:\/\/www.youtube.com\/channel\/UCJvmJYSeHh3dYQsLHZupj-Q"]}]}},"_links":{"self":[{"href":"https:\/\/www.gero.lu\/de\/wp-json\/wp\/v2\/product\/8196","targetHints":{"allow":["GET"]}}],"collection":[{"href":"https:\/\/www.gero.lu\/de\/wp-json\/wp\/v2\/product"}],"about":[{"href":"https:\/\/www.gero.lu\/de\/wp-json\/wp\/v2\/types\/product"}],"replies":[{"embeddable":true,"href":"https:\/\/www.gero.lu\/de\/wp-json\/wp\/v2\/comments?post=8196"}],"wp:attachment":[{"href":"https:\/\/www.gero.lu\/de\/wp-json\/wp\/v2\/media?parent=8196"}],"wp:term":[{"taxonomy":"product_brand","embeddable":true,"href":"https:\/\/www.gero.lu\/de\/wp-json\/wp\/v2\/product_brand?post=8196"},{"taxonomy":"product_cat","embeddable":true,"href":"https:\/\/www.gero.lu\/de\/wp-json\/wp\/v2\/product_cat?post=8196"},{"taxonomy":"product_tag","embeddable":true,"href":"https:\/\/www.gero.lu\/de\/wp-json\/wp\/v2\/product_tag?post=8196"}],"curies":[{"name":"wp","href":"https:\/\/api.w.org\/{rel}","templated":true}]}}