{"id":8129,"date":"2024-11-04T15:22:39","date_gmt":"2024-11-04T15:22:39","guid":{"rendered":"https:\/\/www.gero.lu\/produit\/mieux-comprendre-les-besoins-des-personnes-agees-en-restauration"},"modified":"2025-04-04T10:22:01","modified_gmt":"2025-04-04T10:22:01","slug":"mieux-comprendre-les-besoins-des-personnes-agees-en-restauration","status":"publish","type":"product","link":"https:\/\/www.gero.lu\/de\/produit\/mieux-comprendre-les-besoins-des-personnes-agees-en-restauration","title":{"rendered":"Mieux comprendre les besoins des personnes \u00e2g\u00e9es en restauration"},"content":{"rendered":"<p>Servir avec soin et de mani\u00e8re adapt\u00e9e <\/p>\n<p>Pour garantir un service de qualit\u00e9 au moment des repas, il est essentiel que les membres du personnel comprennent et prennent en compte les besoins sp\u00e9cifiques des r\u00e9sident\u00b7e\u00b7s dans les structures d\u2019h\u00e9bergement pour personnes \u00e2g\u00e9es, notamment lors de l\u2019accompagnement et du service en restauration.<\/p>\n<p>Lors de ce workshop, les participant\u00b7e\u00b7s apprendront \u00e0 mieux \u00e9valuer les besoins des r\u00e9sident\u00b7e\u00b7s \u00e2g\u00e9\u00b7e\u00b7s, afin d\u2019y r\u00e9pondre de mani\u00e8re adapt\u00e9e. Ils auront l&#8217;occasion de se mettre dans la peau des personnes \u00e2g\u00e9es. \u00c0 l&#8217;aide de divers outils simulant les limitations dues \u00e0 l\u2019\u00e2ge, ils constateront eux-m\u00eames comment les changements li\u00e9s \u00e0 l\u2019\u00e2ge affectent quotidiennement la mobilit\u00e9, la force, la perception et l&#8217;humeur. <\/p>\n<p>D\u2019autre part, les adaptations et ajustements possibles en restauration seront vus. Une simulation de repas offrira des conseils pratiques et concrets \u00e0 r\u00e9investir pour un service adapt\u00e9 aux r\u00e9sident\u00b7e\u00b7s.<\/p>\n<p>Au programme :<\/p>\n<p>\u2022\tComment les besoins des r\u00e9sident\u00b7e\u00b7s \u00e9voluent avec le temps<br \/>\n\u2022\tChangements psychologiques et physiologiques li\u00e9s \u00e0 l&#8217;\u00e2ge, avec un accent particulier sur la prise des repas<br \/>\n\u2022\tExercices pratiques et \u00ab Mise en situation \u00bb d&#8217;un repas avec l&#8217;aide du mat\u00e9riel de simulation de vieillissement AgeMan \u00a9<br \/>\n\u2022\tCompr\u00e9hension des d\u00e9ficiences visuelles, des limitations de la mobilit\u00e9 et d&#8217;autres changements li\u00e9s \u00e0 l&#8217;\u00e2ge, afin d&#8217;adapter son comportement de mani\u00e8re cibl\u00e9e et professionnelle dans les interactions avec les r\u00e9sident\u00b7e\u00b7s<br \/>\n\u2022\tApproches communicatives avec les r\u00e9sident\u00b7e\u00b7s<\/p>\n<p>Public cible: Membres du personnel de la restauration, et toute personne int\u00e9ress\u00e9e<\/p>\n","protected":false},"excerpt":{"rendered":"<p>Servir avec soin et de mani\u00e8re adapt\u00e9e Pour garantir un service de qualit\u00e9 au moment des repas, il est essentiel que les membres du personnel comprennent et prennent en compte les besoins sp\u00e9cifiques des r\u00e9sident\u00b7e\u00b7s dans les structures d\u2019h\u00e9bergement pour personnes \u00e2g\u00e9es, notamment lors de l\u2019accompagnement et du service en restauration. Lors de ce workshop, [&hellip;]<\/p>\n","protected":false},"featured_media":0,"comment_status":"closed","ping_status":"closed","template":"","meta":{"_acf_changed":false,"inline_featured_image":false},"product_brand":[],"product_cat":[241],"product_tag":[235],"class_list":{"0":"post-8129","1":"product","2":"type-product","3":"status-publish","5":"product_cat-workshop-pro","6":"product_tag-economie-domestique-pro","8":"first","9":"instock","10":"virtual","11":"purchasable","12":"product-type-simple"},"acf":[],"yoast_head":"<!-- This site is optimized with the Yoast SEO Premium plugin v27.4 (Yoast SEO v27.4) - https:\/\/yoast.com\/product\/yoast-seo-premium-wordpress\/ -->\n<title>Mieux comprendre les besoins des personnes \u00e2g\u00e9es en restauration - GERO<\/title>\n<meta name=\"robots\" content=\"index, follow, max-snippet:-1, max-image-preview:large, max-video-preview:-1\" \/>\n<link rel=\"canonical\" href=\"https:\/\/www.gero.lu\/de\/produit\/mieux-comprendre-les-besoins-des-personnes-agees-en-restauration\" \/>\n<meta property=\"og:locale\" content=\"de_DE\" \/>\n<meta property=\"og:type\" content=\"article\" \/>\n<meta property=\"og:title\" content=\"Mieux comprendre les besoins des personnes \u00e2g\u00e9es en restauration\" \/>\n<meta property=\"og:description\" content=\"Servir avec soin et de mani\u00e8re adapt\u00e9e Pour garantir un service de qualit\u00e9 au moment des repas, il est essentiel que les membres du personnel comprennent et prennent en compte les besoins sp\u00e9cifiques des r\u00e9sident\u00b7e\u00b7s dans les structures d\u2019h\u00e9bergement pour personnes \u00e2g\u00e9es, notamment lors de l\u2019accompagnement et du service en restauration. Lors de ce workshop, [&hellip;]\" \/>\n<meta property=\"og:url\" content=\"https:\/\/www.gero.lu\/de\/produit\/mieux-comprendre-les-besoins-des-personnes-agees-en-restauration\" \/>\n<meta property=\"og:site_name\" content=\"GERO\" \/>\n<meta property=\"article:publisher\" content=\"https:\/\/www.facebook.com\/Kompetenzzenter\/\" \/>\n<meta property=\"article:modified_time\" content=\"2025-04-04T10:22:01+00:00\" \/>\n<meta property=\"og:image\" content=\"https:\/\/www.gero.lu\/wp-content\/uploads\/2021\/08\/gettyimages-1135289130-2048x2048_RET-1.jpg\" \/>\n\t<meta property=\"og:image:width\" content=\"1227\" \/>\n\t<meta property=\"og:image:height\" content=\"802\" \/>\n\t<meta property=\"og:image:type\" content=\"image\/jpeg\" \/>\n<meta name=\"twitter:card\" content=\"summary_large_image\" \/>\n<meta name=\"twitter:label1\" content=\"Gesch\u00e4tzte Lesezeit\" \/>\n\t<meta name=\"twitter:data1\" content=\"1\u00a0Minute\" \/>\n<script type=\"application\/ld+json\" class=\"yoast-schema-graph\">{\"@context\":\"https:\\\/\\\/schema.org\",\"@graph\":[{\"@type\":\"WebPage\",\"@id\":\"https:\\\/\\\/www.gero.lu\\\/de\\\/produit\\\/mieux-comprendre-les-besoins-des-personnes-agees-en-restauration\",\"url\":\"https:\\\/\\\/www.gero.lu\\\/de\\\/produit\\\/mieux-comprendre-les-besoins-des-personnes-agees-en-restauration\",\"name\":\"Mieux comprendre les besoins des personnes \u00e2g\u00e9es en restauration - GERO\",\"isPartOf\":{\"@id\":\"https:\\\/\\\/www.gero.lu\\\/de\\\/#website\"},\"datePublished\":\"2024-11-04T15:22:39+00:00\",\"dateModified\":\"2025-04-04T10:22:01+00:00\",\"breadcrumb\":{\"@id\":\"https:\\\/\\\/www.gero.lu\\\/de\\\/produit\\\/mieux-comprendre-les-besoins-des-personnes-agees-en-restauration#breadcrumb\"},\"inLanguage\":\"de\",\"potentialAction\":[{\"@type\":\"ReadAction\",\"target\":[[\"https:\\\/\\\/www.gero.lu\\\/de\\\/produit\\\/mieux-comprendre-les-besoins-des-personnes-agees-en-restauration\"]]}]},{\"@type\":\"BreadcrumbList\",\"@id\":\"https:\\\/\\\/www.gero.lu\\\/de\\\/produit\\\/mieux-comprendre-les-besoins-des-personnes-agees-en-restauration#breadcrumb\",\"itemListElement\":[{\"@type\":\"ListItem\",\"position\":1,\"name\":\"Accueil\",\"item\":\"https:\\\/\\\/www.gero.lu\\\/de\\\/\"},{\"@type\":\"ListItem\",\"position\":2,\"name\":\"Shop\",\"item\":\"https:\\\/\\\/www.gero.lu\\\/de\\\/shop\"},{\"@type\":\"ListItem\",\"position\":3,\"name\":\"Mieux comprendre les besoins des personnes \u00e2g\u00e9es en restauration\"}]},{\"@type\":\"WebSite\",\"@id\":\"https:\\\/\\\/www.gero.lu\\\/de\\\/#website\",\"url\":\"https:\\\/\\\/www.gero.lu\\\/de\\\/\",\"name\":\"Gero\",\"description\":\"Kompetenzzenter fir den Alter\",\"publisher\":{\"@id\":\"https:\\\/\\\/www.gero.lu\\\/de\\\/#organization\"},\"potentialAction\":[{\"@type\":\"SearchAction\",\"target\":{\"@type\":\"EntryPoint\",\"urlTemplate\":\"https:\\\/\\\/www.gero.lu\\\/de\\\/?s={search_term_string}\"},\"query-input\":{\"@type\":\"PropertyValueSpecification\",\"valueRequired\":true,\"valueName\":\"search_term_string\"}}],\"inLanguage\":\"de\"},{\"@type\":\"Organization\",\"@id\":\"https:\\\/\\\/www.gero.lu\\\/de\\\/#organization\",\"name\":\"Gero\",\"url\":\"https:\\\/\\\/www.gero.lu\\\/de\\\/\",\"logo\":{\"@type\":\"ImageObject\",\"inLanguage\":\"de\",\"@id\":\"https:\\\/\\\/www.gero.lu\\\/de\\\/#\\\/schema\\\/logo\\\/image\\\/\",\"url\":\"https:\\\/\\\/www.gero.lu\\\/wp-content\\\/uploads\\\/2024\\\/04\\\/logo.svg\",\"contentUrl\":\"https:\\\/\\\/www.gero.lu\\\/wp-content\\\/uploads\\\/2024\\\/04\\\/logo.svg\",\"width\":76,\"height\":30,\"caption\":\"Gero\"},\"image\":{\"@id\":\"https:\\\/\\\/www.gero.lu\\\/de\\\/#\\\/schema\\\/logo\\\/image\\\/\"},\"sameAs\":[\"https:\\\/\\\/www.facebook.com\\\/Kompetenzzenter\\\/\",\"https:\\\/\\\/www.instagram.com\\\/gero.kompetenzzenter\\\/\",\"https:\\\/\\\/linkedin.com\\\/company\\\/gero-kompetenzzenter-fir-den-alter\",\"https:\\\/\\\/www.youtube.com\\\/channel\\\/UCJvmJYSeHh3dYQsLHZupj-Q\"]}]}<\/script>\n<!-- \/ Yoast SEO Premium plugin. -->","yoast_head_json":{"title":"Mieux comprendre les besoins des personnes \u00e2g\u00e9es en restauration - GERO","robots":{"index":"index","follow":"follow","max-snippet":"max-snippet:-1","max-image-preview":"max-image-preview:large","max-video-preview":"max-video-preview:-1"},"canonical":"https:\/\/www.gero.lu\/de\/produit\/mieux-comprendre-les-besoins-des-personnes-agees-en-restauration","og_locale":"de_DE","og_type":"article","og_title":"Mieux comprendre les besoins des personnes \u00e2g\u00e9es en restauration","og_description":"Servir avec soin et de mani\u00e8re adapt\u00e9e Pour garantir un service de qualit\u00e9 au moment des repas, il est essentiel que les membres du personnel comprennent et prennent en compte les besoins sp\u00e9cifiques des r\u00e9sident\u00b7e\u00b7s dans les structures d\u2019h\u00e9bergement pour personnes \u00e2g\u00e9es, notamment lors de l\u2019accompagnement et du service en restauration. Lors de ce workshop, [&hellip;]","og_url":"https:\/\/www.gero.lu\/de\/produit\/mieux-comprendre-les-besoins-des-personnes-agees-en-restauration","og_site_name":"GERO","article_publisher":"https:\/\/www.facebook.com\/Kompetenzzenter\/","article_modified_time":"2025-04-04T10:22:01+00:00","og_image":[{"width":1227,"height":802,"url":"https:\/\/www.gero.lu\/wp-content\/uploads\/2021\/08\/gettyimages-1135289130-2048x2048_RET-1.jpg","type":"image\/jpeg"}],"twitter_card":"summary_large_image","twitter_misc":{"Gesch\u00e4tzte Lesezeit":"1\u00a0Minute"},"schema":{"@context":"https:\/\/schema.org","@graph":[{"@type":"WebPage","@id":"https:\/\/www.gero.lu\/de\/produit\/mieux-comprendre-les-besoins-des-personnes-agees-en-restauration","url":"https:\/\/www.gero.lu\/de\/produit\/mieux-comprendre-les-besoins-des-personnes-agees-en-restauration","name":"Mieux comprendre les besoins des personnes \u00e2g\u00e9es en restauration - GERO","isPartOf":{"@id":"https:\/\/www.gero.lu\/de\/#website"},"datePublished":"2024-11-04T15:22:39+00:00","dateModified":"2025-04-04T10:22:01+00:00","breadcrumb":{"@id":"https:\/\/www.gero.lu\/de\/produit\/mieux-comprendre-les-besoins-des-personnes-agees-en-restauration#breadcrumb"},"inLanguage":"de","potentialAction":[{"@type":"ReadAction","target":[["https:\/\/www.gero.lu\/de\/produit\/mieux-comprendre-les-besoins-des-personnes-agees-en-restauration"]]}]},{"@type":"BreadcrumbList","@id":"https:\/\/www.gero.lu\/de\/produit\/mieux-comprendre-les-besoins-des-personnes-agees-en-restauration#breadcrumb","itemListElement":[{"@type":"ListItem","position":1,"name":"Accueil","item":"https:\/\/www.gero.lu\/de\/"},{"@type":"ListItem","position":2,"name":"Shop","item":"https:\/\/www.gero.lu\/de\/shop"},{"@type":"ListItem","position":3,"name":"Mieux comprendre les besoins des personnes \u00e2g\u00e9es en restauration"}]},{"@type":"WebSite","@id":"https:\/\/www.gero.lu\/de\/#website","url":"https:\/\/www.gero.lu\/de\/","name":"Gero","description":"Kompetenzzenter fir den Alter","publisher":{"@id":"https:\/\/www.gero.lu\/de\/#organization"},"potentialAction":[{"@type":"SearchAction","target":{"@type":"EntryPoint","urlTemplate":"https:\/\/www.gero.lu\/de\/?s={search_term_string}"},"query-input":{"@type":"PropertyValueSpecification","valueRequired":true,"valueName":"search_term_string"}}],"inLanguage":"de"},{"@type":"Organization","@id":"https:\/\/www.gero.lu\/de\/#organization","name":"Gero","url":"https:\/\/www.gero.lu\/de\/","logo":{"@type":"ImageObject","inLanguage":"de","@id":"https:\/\/www.gero.lu\/de\/#\/schema\/logo\/image\/","url":"https:\/\/www.gero.lu\/wp-content\/uploads\/2024\/04\/logo.svg","contentUrl":"https:\/\/www.gero.lu\/wp-content\/uploads\/2024\/04\/logo.svg","width":76,"height":30,"caption":"Gero"},"image":{"@id":"https:\/\/www.gero.lu\/de\/#\/schema\/logo\/image\/"},"sameAs":["https:\/\/www.facebook.com\/Kompetenzzenter\/","https:\/\/www.instagram.com\/gero.kompetenzzenter\/","https:\/\/linkedin.com\/company\/gero-kompetenzzenter-fir-den-alter","https:\/\/www.youtube.com\/channel\/UCJvmJYSeHh3dYQsLHZupj-Q"]}]}},"_links":{"self":[{"href":"https:\/\/www.gero.lu\/de\/wp-json\/wp\/v2\/product\/8129","targetHints":{"allow":["GET"]}}],"collection":[{"href":"https:\/\/www.gero.lu\/de\/wp-json\/wp\/v2\/product"}],"about":[{"href":"https:\/\/www.gero.lu\/de\/wp-json\/wp\/v2\/types\/product"}],"replies":[{"embeddable":true,"href":"https:\/\/www.gero.lu\/de\/wp-json\/wp\/v2\/comments?post=8129"}],"wp:attachment":[{"href":"https:\/\/www.gero.lu\/de\/wp-json\/wp\/v2\/media?parent=8129"}],"wp:term":[{"taxonomy":"product_brand","embeddable":true,"href":"https:\/\/www.gero.lu\/de\/wp-json\/wp\/v2\/product_brand?post=8129"},{"taxonomy":"product_cat","embeddable":true,"href":"https:\/\/www.gero.lu\/de\/wp-json\/wp\/v2\/product_cat?post=8129"},{"taxonomy":"product_tag","embeddable":true,"href":"https:\/\/www.gero.lu\/de\/wp-json\/wp\/v2\/product_tag?post=8129"}],"curies":[{"name":"wp","href":"https:\/\/api.w.org\/{rel}","templated":true}]}}