{"id":7948,"date":"2024-10-03T06:27:22","date_gmt":"2024-10-03T06:27:22","guid":{"rendered":"https:\/\/www.gero.lu\/?post_type=product&#038;p=7948"},"modified":"2024-10-04T06:29:13","modified_gmt":"2024-10-04T06:29:13","slug":"lavenir-du-vieillissement-generativite-et-innovation-version-imprimee","status":"publish","type":"product","link":"https:\/\/www.gero.lu\/de\/produit\/lavenir-du-vieillissement-generativite-et-innovation-version-imprimee","title":{"rendered":"Die Zukunft des Alterns: Generativit\u00e4t und Innovation \u2013 Gedruckte Version"},"content":{"rendered":"","protected":false},"excerpt":{"rendered":"<p>Der demografische Wandel manifestiert sich in signifikanter Weise in der Altersstruktur der Gesellschaft, wodurch gleicherma\u00dfen komplexe gesellschaftliche Herausforderungen entstehen, wie auch neue Perspektiven er\u00f6ffnet werden. Folglich gilt es, die vielschichtigen Aspekte dieses Lebensabschnitts in angemessener Weise zu ber\u00fccksichtigen und innovative L\u00f6sungsans\u00e4tze f\u00fcr die sich wandelnde Kartographie des Alterns zu entwickeln. Die aktuelle Ausgabe des Journals geroRESEARCH widmet sich intensiv der Nutzung der Potenziale \u00e4lterer Menschen und moderner Technologien als entscheidende Hebel f\u00fcr die (Neu-)Gestaltung gegenw\u00e4rtiger und zuk\u00fcnftiger Lebens- und Alternsrealit\u00e4ten. Ein besonderes Augenmerk liegt dabei auf der Herausforderung, ein ausgewogenes Verh\u00e4ltnis zwischen Generativit\u00e4t und Innovation, sprich der W\u00fcrdigung von Werten, Wissen und Kompetenzen \u00e4lterer Personen in Angesicht des technologischen Fortschritts und gesellschaftlichen Entwicklung zu etablieren.<\/p>\n","protected":false},"featured_media":7949,"comment_status":"closed","ping_status":"closed","template":"","meta":{"_acf_changed":false,"inline_featured_image":false},"product_brand":[],"product_cat":[306,53],"product_tag":[],"class_list":{"0":"post-7948","1":"product","2":"type-product","3":"status-publish","4":"has-post-thumbnail","6":"product_cat-journal","7":"product_cat-produits","8":"product_shipping_class-forfais-s","10":"first","11":"instock","12":"shipping-taxable","13":"purchasable","14":"product-type-simple"},"acf":[],"yoast_head":"<!-- This site is optimized with the Yoast SEO Premium plugin v27.4 (Yoast SEO v27.5) - https:\/\/yoast.com\/product\/yoast-seo-premium-wordpress\/ -->\n<title>Die Zukunft des Alterns: Generativit\u00e4t und Innovation \u2013 Gedruckte Version - GERO<\/title>\n<meta name=\"robots\" content=\"index, follow, max-snippet:-1, max-image-preview:large, max-video-preview:-1\" \/>\n<link rel=\"canonical\" href=\"https:\/\/www.gero.lu\/de\/produit\/lavenir-du-vieillissement-generativite-et-innovation-version-imprimee\" \/>\n<meta property=\"og:locale\" content=\"de_DE\" \/>\n<meta property=\"og:type\" content=\"article\" \/>\n<meta property=\"og:title\" content=\"Die Zukunft des Alterns: Generativit\u00e4t und Innovation \u2013 Gedruckte Version\" \/>\n<meta property=\"og:description\" content=\"Der demografische Wandel manifestiert sich in signifikanter Weise in der Altersstruktur der Gesellschaft, wodurch gleicherma\u00dfen komplexe gesellschaftliche Herausforderungen entstehen, wie auch neue Perspektiven er\u00f6ffnet werden. Folglich gilt es, die vielschichtigen Aspekte dieses Lebensabschnitts in angemessener Weise zu ber\u00fccksichtigen und innovative L\u00f6sungsans\u00e4tze f\u00fcr die sich wandelnde Kartographie des Alterns zu entwickeln. Die aktuelle Ausgabe des Journals geroRESEARCH widmet sich intensiv der Nutzung der Potenziale \u00e4lterer Menschen und moderner Technologien als entscheidende Hebel f\u00fcr die (Neu-)Gestaltung gegenw\u00e4rtiger und zuk\u00fcnftiger Lebens- und Alternsrealit\u00e4ten. Ein besonderes Augenmerk liegt dabei auf der Herausforderung, ein ausgewogenes Verh\u00e4ltnis zwischen Generativit\u00e4t und Innovation, sprich der W\u00fcrdigung von Werten, Wissen und Kompetenzen \u00e4lterer Personen in Angesicht des technologischen Fortschritts und gesellschaftlichen Entwicklung zu etablieren.\" \/>\n<meta property=\"og:url\" content=\"https:\/\/www.gero.lu\/de\/produit\/lavenir-du-vieillissement-generativite-et-innovation-version-imprimee\" \/>\n<meta property=\"og:site_name\" content=\"GERO\" \/>\n<meta property=\"article:publisher\" content=\"https:\/\/www.facebook.com\/Kompetenzzenter\/\" \/>\n<meta property=\"article:modified_time\" content=\"2024-10-04T06:29:13+00:00\" \/>\n<meta property=\"og:image\" content=\"https:\/\/www.gero.lu\/wp-content\/uploads\/2024\/10\/Cover-JOURNAL-geroRESEARCH_N8.jpg\" \/>\n\t<meta property=\"og:image:width\" content=\"1731\" \/>\n\t<meta property=\"og:image:height\" content=\"1920\" \/>\n\t<meta property=\"og:image:type\" content=\"image\/jpeg\" \/>\n<meta name=\"twitter:card\" content=\"summary_large_image\" \/>\n<meta name=\"twitter:label1\" content=\"Gesch\u00e4tzte Lesezeit\" \/>\n\t<meta name=\"twitter:data1\" content=\"1\u00a0Minute\" \/>\n<script type=\"application\/ld+json\" class=\"yoast-schema-graph\">{\"@context\":\"https:\\\/\\\/schema.org\",\"@graph\":[{\"@type\":\"WebPage\",\"@id\":\"https:\\\/\\\/www.gero.lu\\\/de\\\/produit\\\/lavenir-du-vieillissement-generativite-et-innovation-version-imprimee\",\"url\":\"https:\\\/\\\/www.gero.lu\\\/de\\\/produit\\\/lavenir-du-vieillissement-generativite-et-innovation-version-imprimee\",\"name\":\"Die Zukunft des Alterns: Generativit\u00e4t und Innovation \u2013 Gedruckte Version - GERO\",\"isPartOf\":{\"@id\":\"https:\\\/\\\/www.gero.lu\\\/de\\\/#website\"},\"primaryImageOfPage\":{\"@id\":\"https:\\\/\\\/www.gero.lu\\\/de\\\/produit\\\/lavenir-du-vieillissement-generativite-et-innovation-version-imprimee#primaryimage\"},\"image\":{\"@id\":\"https:\\\/\\\/www.gero.lu\\\/produit\\\/lavenir-du-vieillissement-generativite-et-innovation-version-imprimee#primaryimage\"},\"thumbnailUrl\":\"https:\\\/\\\/www.gero.lu\\\/wp-content\\\/uploads\\\/2024\\\/10\\\/Cover-JOURNAL-geroRESEARCH_N8.jpg\",\"datePublished\":\"2024-10-03T06:27:22+00:00\",\"dateModified\":\"2024-10-04T06:29:13+00:00\",\"breadcrumb\":{\"@id\":\"https:\\\/\\\/www.gero.lu\\\/de\\\/produit\\\/lavenir-du-vieillissement-generativite-et-innovation-version-imprimee#breadcrumb\"},\"inLanguage\":\"de\",\"potentialAction\":[{\"@type\":\"ReadAction\",\"target\":[[\"https:\\\/\\\/www.gero.lu\\\/de\\\/produit\\\/lavenir-du-vieillissement-generativite-et-innovation-version-imprimee\"]]}]},{\"@type\":\"ImageObject\",\"inLanguage\":\"de\",\"@id\":\"https:\\\/\\\/www.gero.lu\\\/de\\\/produit\\\/lavenir-du-vieillissement-generativite-et-innovation-version-imprimee#primaryimage\",\"url\":\"https:\\\/\\\/www.gero.lu\\\/wp-content\\\/uploads\\\/2024\\\/10\\\/Cover-JOURNAL-geroRESEARCH_N8.jpg\",\"contentUrl\":\"https:\\\/\\\/www.gero.lu\\\/wp-content\\\/uploads\\\/2024\\\/10\\\/Cover-JOURNAL-geroRESEARCH_N8.jpg\",\"width\":1731,\"height\":1920,\"caption\":\"Blank Brochure magazine isolated on grey background for your design. Identity design, corporate templates, company style mock-up.\"},{\"@type\":\"BreadcrumbList\",\"@id\":\"https:\\\/\\\/www.gero.lu\\\/de\\\/produit\\\/lavenir-du-vieillissement-generativite-et-innovation-version-imprimee#breadcrumb\",\"itemListElement\":[{\"@type\":\"ListItem\",\"position\":1,\"name\":\"Accueil\",\"item\":\"https:\\\/\\\/www.gero.lu\\\/de\\\/\"},{\"@type\":\"ListItem\",\"position\":2,\"name\":\"Shop\",\"item\":\"https:\\\/\\\/www.gero.lu\\\/de\\\/shop\"},{\"@type\":\"ListItem\",\"position\":3,\"name\":\"L&rsquo;avenir du vieillissement: G\u00e9n\u00e9rativit\u00e9 et innovation \u2013 Version imprim\u00e9e\"}]},{\"@type\":\"WebSite\",\"@id\":\"https:\\\/\\\/www.gero.lu\\\/de\\\/#website\",\"url\":\"https:\\\/\\\/www.gero.lu\\\/de\\\/\",\"name\":\"Gero\",\"description\":\"Kompetenzzenter fir den Alter\",\"publisher\":{\"@id\":\"https:\\\/\\\/www.gero.lu\\\/de\\\/#organization\"},\"potentialAction\":[{\"@type\":\"SearchAction\",\"target\":{\"@type\":\"EntryPoint\",\"urlTemplate\":\"https:\\\/\\\/www.gero.lu\\\/de\\\/?s={search_term_string}\"},\"query-input\":{\"@type\":\"PropertyValueSpecification\",\"valueRequired\":true,\"valueName\":\"search_term_string\"}}],\"inLanguage\":\"de\"},{\"@type\":\"Organization\",\"@id\":\"https:\\\/\\\/www.gero.lu\\\/de\\\/#organization\",\"name\":\"Gero\",\"url\":\"https:\\\/\\\/www.gero.lu\\\/de\\\/\",\"logo\":{\"@type\":\"ImageObject\",\"inLanguage\":\"de\",\"@id\":\"https:\\\/\\\/www.gero.lu\\\/de\\\/#\\\/schema\\\/logo\\\/image\\\/\",\"url\":\"https:\\\/\\\/www.gero.lu\\\/wp-content\\\/uploads\\\/2024\\\/04\\\/logo.svg\",\"contentUrl\":\"https:\\\/\\\/www.gero.lu\\\/wp-content\\\/uploads\\\/2024\\\/04\\\/logo.svg\",\"width\":76,\"height\":30,\"caption\":\"Gero\"},\"image\":{\"@id\":\"https:\\\/\\\/www.gero.lu\\\/de\\\/#\\\/schema\\\/logo\\\/image\\\/\"},\"sameAs\":[\"https:\\\/\\\/www.facebook.com\\\/Kompetenzzenter\\\/\",\"https:\\\/\\\/www.instagram.com\\\/gero.kompetenzzenter\\\/\",\"https:\\\/\\\/linkedin.com\\\/company\\\/gero-kompetenzzenter-fir-den-alter\",\"https:\\\/\\\/www.youtube.com\\\/channel\\\/UCJvmJYSeHh3dYQsLHZupj-Q\"]}]}<\/script>\n<!-- \/ Yoast SEO Premium plugin. -->","yoast_head_json":{"title":"Die Zukunft des Alterns: Generativit\u00e4t und Innovation \u2013 Gedruckte Version - GERO","robots":{"index":"index","follow":"follow","max-snippet":"max-snippet:-1","max-image-preview":"max-image-preview:large","max-video-preview":"max-video-preview:-1"},"canonical":"https:\/\/www.gero.lu\/de\/produit\/lavenir-du-vieillissement-generativite-et-innovation-version-imprimee","og_locale":"de_DE","og_type":"article","og_title":"Die Zukunft des Alterns: Generativit\u00e4t und Innovation \u2013 Gedruckte Version","og_description":"Der demografische Wandel manifestiert sich in signifikanter Weise in der Altersstruktur der Gesellschaft, wodurch gleicherma\u00dfen komplexe gesellschaftliche Herausforderungen entstehen, wie auch neue Perspektiven er\u00f6ffnet werden. Folglich gilt es, die vielschichtigen Aspekte dieses Lebensabschnitts in angemessener Weise zu ber\u00fccksichtigen und innovative L\u00f6sungsans\u00e4tze f\u00fcr die sich wandelnde Kartographie des Alterns zu entwickeln. Die aktuelle Ausgabe des Journals geroRESEARCH widmet sich intensiv der Nutzung der Potenziale \u00e4lterer Menschen und moderner Technologien als entscheidende Hebel f\u00fcr die (Neu-)Gestaltung gegenw\u00e4rtiger und zuk\u00fcnftiger Lebens- und Alternsrealit\u00e4ten. Ein besonderes Augenmerk liegt dabei auf der Herausforderung, ein ausgewogenes Verh\u00e4ltnis zwischen Generativit\u00e4t und Innovation, sprich der W\u00fcrdigung von Werten, Wissen und Kompetenzen \u00e4lterer Personen in Angesicht des technologischen Fortschritts und gesellschaftlichen Entwicklung zu etablieren.","og_url":"https:\/\/www.gero.lu\/de\/produit\/lavenir-du-vieillissement-generativite-et-innovation-version-imprimee","og_site_name":"GERO","article_publisher":"https:\/\/www.facebook.com\/Kompetenzzenter\/","article_modified_time":"2024-10-04T06:29:13+00:00","og_image":[{"width":1731,"height":1920,"url":"https:\/\/www.gero.lu\/wp-content\/uploads\/2024\/10\/Cover-JOURNAL-geroRESEARCH_N8.jpg","type":"image\/jpeg"}],"twitter_card":"summary_large_image","twitter_misc":{"Gesch\u00e4tzte Lesezeit":"1\u00a0Minute"},"schema":{"@context":"https:\/\/schema.org","@graph":[{"@type":"WebPage","@id":"https:\/\/www.gero.lu\/de\/produit\/lavenir-du-vieillissement-generativite-et-innovation-version-imprimee","url":"https:\/\/www.gero.lu\/de\/produit\/lavenir-du-vieillissement-generativite-et-innovation-version-imprimee","name":"Die Zukunft des Alterns: Generativit\u00e4t und Innovation \u2013 Gedruckte Version - GERO","isPartOf":{"@id":"https:\/\/www.gero.lu\/de\/#website"},"primaryImageOfPage":{"@id":"https:\/\/www.gero.lu\/de\/produit\/lavenir-du-vieillissement-generativite-et-innovation-version-imprimee#primaryimage"},"image":{"@id":"https:\/\/www.gero.lu\/produit\/lavenir-du-vieillissement-generativite-et-innovation-version-imprimee#primaryimage"},"thumbnailUrl":"https:\/\/www.gero.lu\/wp-content\/uploads\/2024\/10\/Cover-JOURNAL-geroRESEARCH_N8.jpg","datePublished":"2024-10-03T06:27:22+00:00","dateModified":"2024-10-04T06:29:13+00:00","breadcrumb":{"@id":"https:\/\/www.gero.lu\/de\/produit\/lavenir-du-vieillissement-generativite-et-innovation-version-imprimee#breadcrumb"},"inLanguage":"de","potentialAction":[{"@type":"ReadAction","target":[["https:\/\/www.gero.lu\/de\/produit\/lavenir-du-vieillissement-generativite-et-innovation-version-imprimee"]]}]},{"@type":"ImageObject","inLanguage":"de","@id":"https:\/\/www.gero.lu\/de\/produit\/lavenir-du-vieillissement-generativite-et-innovation-version-imprimee#primaryimage","url":"https:\/\/www.gero.lu\/wp-content\/uploads\/2024\/10\/Cover-JOURNAL-geroRESEARCH_N8.jpg","contentUrl":"https:\/\/www.gero.lu\/wp-content\/uploads\/2024\/10\/Cover-JOURNAL-geroRESEARCH_N8.jpg","width":1731,"height":1920,"caption":"Blank Brochure magazine isolated on grey background for your design. Identity design, corporate templates, company style mock-up."},{"@type":"BreadcrumbList","@id":"https:\/\/www.gero.lu\/de\/produit\/lavenir-du-vieillissement-generativite-et-innovation-version-imprimee#breadcrumb","itemListElement":[{"@type":"ListItem","position":1,"name":"Accueil","item":"https:\/\/www.gero.lu\/de\/"},{"@type":"ListItem","position":2,"name":"Shop","item":"https:\/\/www.gero.lu\/de\/shop"},{"@type":"ListItem","position":3,"name":"L&rsquo;avenir du vieillissement: G\u00e9n\u00e9rativit\u00e9 et innovation \u2013 Version imprim\u00e9e"}]},{"@type":"WebSite","@id":"https:\/\/www.gero.lu\/de\/#website","url":"https:\/\/www.gero.lu\/de\/","name":"Gero","description":"Kompetenzzenter fir den Alter","publisher":{"@id":"https:\/\/www.gero.lu\/de\/#organization"},"potentialAction":[{"@type":"SearchAction","target":{"@type":"EntryPoint","urlTemplate":"https:\/\/www.gero.lu\/de\/?s={search_term_string}"},"query-input":{"@type":"PropertyValueSpecification","valueRequired":true,"valueName":"search_term_string"}}],"inLanguage":"de"},{"@type":"Organization","@id":"https:\/\/www.gero.lu\/de\/#organization","name":"Gero","url":"https:\/\/www.gero.lu\/de\/","logo":{"@type":"ImageObject","inLanguage":"de","@id":"https:\/\/www.gero.lu\/de\/#\/schema\/logo\/image\/","url":"https:\/\/www.gero.lu\/wp-content\/uploads\/2024\/04\/logo.svg","contentUrl":"https:\/\/www.gero.lu\/wp-content\/uploads\/2024\/04\/logo.svg","width":76,"height":30,"caption":"Gero"},"image":{"@id":"https:\/\/www.gero.lu\/de\/#\/schema\/logo\/image\/"},"sameAs":["https:\/\/www.facebook.com\/Kompetenzzenter\/","https:\/\/www.instagram.com\/gero.kompetenzzenter\/","https:\/\/linkedin.com\/company\/gero-kompetenzzenter-fir-den-alter","https:\/\/www.youtube.com\/channel\/UCJvmJYSeHh3dYQsLHZupj-Q"]}]}},"_links":{"self":[{"href":"https:\/\/www.gero.lu\/de\/wp-json\/wp\/v2\/product\/7948","targetHints":{"allow":["GET"]}}],"collection":[{"href":"https:\/\/www.gero.lu\/de\/wp-json\/wp\/v2\/product"}],"about":[{"href":"https:\/\/www.gero.lu\/de\/wp-json\/wp\/v2\/types\/product"}],"replies":[{"embeddable":true,"href":"https:\/\/www.gero.lu\/de\/wp-json\/wp\/v2\/comments?post=7948"}],"wp:featuredmedia":[{"embeddable":true,"href":"https:\/\/www.gero.lu\/de\/wp-json\/wp\/v2\/media\/7949"}],"wp:attachment":[{"href":"https:\/\/www.gero.lu\/de\/wp-json\/wp\/v2\/media?parent=7948"}],"wp:term":[{"taxonomy":"product_brand","embeddable":true,"href":"https:\/\/www.gero.lu\/de\/wp-json\/wp\/v2\/product_brand?post=7948"},{"taxonomy":"product_cat","embeddable":true,"href":"https:\/\/www.gero.lu\/de\/wp-json\/wp\/v2\/product_cat?post=7948"},{"taxonomy":"product_tag","embeddable":true,"href":"https:\/\/www.gero.lu\/de\/wp-json\/wp\/v2\/product_tag?post=7948"}],"curies":[{"name":"wp","href":"https:\/\/api.w.org\/{rel}","templated":true}]}}