{"id":7666,"date":"2024-08-16T10:23:46","date_gmt":"2024-08-16T10:23:46","guid":{"rendered":"https:\/\/www.gero.lu\/produit\/seniorenkongress-der-grosregion"},"modified":"2024-10-23T14:14:37","modified_gmt":"2024-10-23T14:14:37","slug":"seniorenkongress-der-grosregion","status":"publish","type":"product","link":"https:\/\/www.gero.lu\/de\/produit\/seniorenkongress-der-grosregion","title":{"rendered":"Seniorenkongress der Gro\u00dfregion"},"content":{"rendered":"<p>Der diesj\u00e4hrige Seniorenkongress im Rahmen des Projekts INTERREG Senior Activ\u20182 l\u00e4dt Sie ein,<br \/>\ngemeinsam \u00fcber die folgenden Fragen nachzudenken und zu diskutieren:<br \/>\nWie k\u00f6nnen \u00e4ltere Menschen zur Entwicklung Europas beitragen? Welches Potenzial stellen sie f\u00fcr die Gestaltung des regionalen Umfelds dar? Werden j\u00fcngere Generationen das freiwillige Engagement der Seniorinnen und<br \/>\nSenioren fortsetzen? Wie l\u00e4sst sich der intergenerationelle Dialog gestalten, um gemeinsam L\u00f6sungen f\u00fcr ein besseres<br \/>\nZusammenleben zu finden?<\/p>\n<p>In franz\u00f6sischer und deutscher Sprache, eine Simultan-\u00dcbersetzung ist vorgesehen.<\/p>\n<p>Les organisateurs du Congr\u00e8s des Seniors de la Grande-R\u00e9gion vous invitent \u00e0 r\u00e9fl\u00e9chir et \u00e0 discuter ensemble, dans<br \/>\nle cadre du projet INTERREG Senior Activ\u2019 2, aux questions suivantes :<br \/>\nEn quoi les a\u00een\u00e9s de la Grande R\u00e9gion participent-ils au d\u00e9veloppement de l\u2019Europe ? Quel potentiel repr\u00e9sententils<br \/>\ndans l\u2019organisation de notre r\u00e9gion ? Les jeunes poursuivront-ils l\u2019engagement volontaire des seniors ? Comment concevoir un dialogue interg\u00e9n\u00e9rationnel pour \u00e9laborer des solutions afin d\u2019am\u00e9liorer notre vie en soci\u00e9t\u00e9?<\/p>\n<p>Traduction simultan\u00e9e en langue fran\u00e7aise et allemande.<\/p>\n","protected":false},"excerpt":{"rendered":"<p>Der diesj\u00e4hrige Seniorenkongress im Rahmen des Projekts INTERREG Senior Activ\u20182 l\u00e4dt Sie ein, gemeinsam \u00fcber die folgenden Fragen nachzudenken und zu diskutieren: Wie k\u00f6nnen \u00e4ltere Menschen zur Entwicklung Europas beitragen? Welches Potenzial stellen sie f\u00fcr die Gestaltung des regionalen Umfelds dar? Werden j\u00fcngere Generationen das freiwillige Engagement der Seniorinnen und Senioren fortsetzen? Wie l\u00e4sst sich [&hellip;]<\/p>\n","protected":false},"featured_media":0,"comment_status":"closed","ping_status":"closed","template":"","meta":{"_acf_changed":false,"inline_featured_image":false},"product_brand":[],"product_cat":[232],"product_tag":[203],"class_list":{"0":"post-7666","1":"product","2":"type-product","3":"status-publish","5":"product_cat-divers","6":"product_tag-connaissance-de-vie-senior","8":"first","9":"outofstock","10":"virtual","11":"purchasable","12":"product-type-simple"},"acf":[],"yoast_head":"<!-- This site is optimized with the Yoast SEO Premium plugin v27.4 (Yoast SEO v27.6) - https:\/\/yoast.com\/product\/yoast-seo-premium-wordpress\/ -->\n<title>Seniorenkongress der Gro\u00dfregion - GERO<\/title>\n<meta name=\"robots\" content=\"index, follow, max-snippet:-1, max-image-preview:large, max-video-preview:-1\" \/>\n<link rel=\"canonical\" href=\"https:\/\/www.gero.lu\/de\/produit\/seniorenkongress-der-grosregion\" \/>\n<meta property=\"og:locale\" content=\"de_DE\" \/>\n<meta property=\"og:type\" content=\"article\" \/>\n<meta property=\"og:title\" content=\"Seniorenkongress der Gro\u00dfregion\" \/>\n<meta property=\"og:description\" content=\"Der diesj\u00e4hrige Seniorenkongress im Rahmen des Projekts INTERREG Senior Activ\u20182 l\u00e4dt Sie ein, gemeinsam \u00fcber die folgenden Fragen nachzudenken und zu diskutieren: Wie k\u00f6nnen \u00e4ltere Menschen zur Entwicklung Europas beitragen? Welches Potenzial stellen sie f\u00fcr die Gestaltung des regionalen Umfelds dar? Werden j\u00fcngere Generationen das freiwillige Engagement der Seniorinnen und Senioren fortsetzen? Wie l\u00e4sst sich [&hellip;]\" \/>\n<meta property=\"og:url\" content=\"https:\/\/www.gero.lu\/de\/produit\/seniorenkongress-der-grosregion\" \/>\n<meta property=\"og:site_name\" content=\"GERO\" \/>\n<meta property=\"article:publisher\" content=\"https:\/\/www.facebook.com\/Kompetenzzenter\/\" \/>\n<meta property=\"article:modified_time\" content=\"2024-10-23T14:14:37+00:00\" \/>\n<meta property=\"og:image\" content=\"https:\/\/www.gero.lu\/wp-content\/uploads\/2021\/08\/gettyimages-1135289130-2048x2048_RET-1.jpg\" \/>\n\t<meta property=\"og:image:width\" content=\"1227\" \/>\n\t<meta property=\"og:image:height\" content=\"802\" \/>\n\t<meta property=\"og:image:type\" content=\"image\/jpeg\" \/>\n<meta name=\"twitter:card\" content=\"summary_large_image\" \/>\n<meta name=\"twitter:label1\" content=\"Gesch\u00e4tzte Lesezeit\" \/>\n\t<meta name=\"twitter:data1\" content=\"1\u00a0Minute\" \/>\n<script type=\"application\/ld+json\" class=\"yoast-schema-graph\">{\"@context\":\"https:\\\/\\\/schema.org\",\"@graph\":[{\"@type\":\"WebPage\",\"@id\":\"https:\\\/\\\/www.gero.lu\\\/de\\\/produit\\\/seniorenkongress-der-grosregion\",\"url\":\"https:\\\/\\\/www.gero.lu\\\/de\\\/produit\\\/seniorenkongress-der-grosregion\",\"name\":\"Seniorenkongress der Gro\u00dfregion - GERO\",\"isPartOf\":{\"@id\":\"https:\\\/\\\/www.gero.lu\\\/de\\\/#website\"},\"datePublished\":\"2024-08-16T10:23:46+00:00\",\"dateModified\":\"2024-10-23T14:14:37+00:00\",\"breadcrumb\":{\"@id\":\"https:\\\/\\\/www.gero.lu\\\/de\\\/produit\\\/seniorenkongress-der-grosregion#breadcrumb\"},\"inLanguage\":\"de\",\"potentialAction\":[{\"@type\":\"ReadAction\",\"target\":[[\"https:\\\/\\\/www.gero.lu\\\/de\\\/produit\\\/seniorenkongress-der-grosregion\"]]}]},{\"@type\":\"BreadcrumbList\",\"@id\":\"https:\\\/\\\/www.gero.lu\\\/de\\\/produit\\\/seniorenkongress-der-grosregion#breadcrumb\",\"itemListElement\":[{\"@type\":\"ListItem\",\"position\":1,\"name\":\"Accueil\",\"item\":\"https:\\\/\\\/www.gero.lu\\\/de\\\/\"},{\"@type\":\"ListItem\",\"position\":2,\"name\":\"Shop\",\"item\":\"https:\\\/\\\/www.gero.lu\\\/de\\\/shop\"},{\"@type\":\"ListItem\",\"position\":3,\"name\":\"Seniorenkongress der Gro\u00dfregion\"}]},{\"@type\":\"WebSite\",\"@id\":\"https:\\\/\\\/www.gero.lu\\\/de\\\/#website\",\"url\":\"https:\\\/\\\/www.gero.lu\\\/de\\\/\",\"name\":\"Gero\",\"description\":\"Kompetenzzenter fir den Alter\",\"publisher\":{\"@id\":\"https:\\\/\\\/www.gero.lu\\\/de\\\/#organization\"},\"potentialAction\":[{\"@type\":\"SearchAction\",\"target\":{\"@type\":\"EntryPoint\",\"urlTemplate\":\"https:\\\/\\\/www.gero.lu\\\/de\\\/?s={search_term_string}\"},\"query-input\":{\"@type\":\"PropertyValueSpecification\",\"valueRequired\":true,\"valueName\":\"search_term_string\"}}],\"inLanguage\":\"de\"},{\"@type\":\"Organization\",\"@id\":\"https:\\\/\\\/www.gero.lu\\\/de\\\/#organization\",\"name\":\"Gero\",\"url\":\"https:\\\/\\\/www.gero.lu\\\/de\\\/\",\"logo\":{\"@type\":\"ImageObject\",\"inLanguage\":\"de\",\"@id\":\"https:\\\/\\\/www.gero.lu\\\/de\\\/#\\\/schema\\\/logo\\\/image\\\/\",\"url\":\"https:\\\/\\\/www.gero.lu\\\/wp-content\\\/uploads\\\/2024\\\/04\\\/logo.svg\",\"contentUrl\":\"https:\\\/\\\/www.gero.lu\\\/wp-content\\\/uploads\\\/2024\\\/04\\\/logo.svg\",\"width\":76,\"height\":30,\"caption\":\"Gero\"},\"image\":{\"@id\":\"https:\\\/\\\/www.gero.lu\\\/de\\\/#\\\/schema\\\/logo\\\/image\\\/\"},\"sameAs\":[\"https:\\\/\\\/www.facebook.com\\\/Kompetenzzenter\\\/\",\"https:\\\/\\\/www.instagram.com\\\/gero.kompetenzzenter\\\/\",\"https:\\\/\\\/linkedin.com\\\/company\\\/gero-kompetenzzenter-fir-den-alter\",\"https:\\\/\\\/www.youtube.com\\\/channel\\\/UCJvmJYSeHh3dYQsLHZupj-Q\"]}]}<\/script>\n<!-- \/ Yoast SEO Premium plugin. -->","yoast_head_json":{"title":"Seniorenkongress der Gro\u00dfregion - GERO","robots":{"index":"index","follow":"follow","max-snippet":"max-snippet:-1","max-image-preview":"max-image-preview:large","max-video-preview":"max-video-preview:-1"},"canonical":"https:\/\/www.gero.lu\/de\/produit\/seniorenkongress-der-grosregion","og_locale":"de_DE","og_type":"article","og_title":"Seniorenkongress der Gro\u00dfregion","og_description":"Der diesj\u00e4hrige Seniorenkongress im Rahmen des Projekts INTERREG Senior Activ\u20182 l\u00e4dt Sie ein, gemeinsam \u00fcber die folgenden Fragen nachzudenken und zu diskutieren: Wie k\u00f6nnen \u00e4ltere Menschen zur Entwicklung Europas beitragen? Welches Potenzial stellen sie f\u00fcr die Gestaltung des regionalen Umfelds dar? Werden j\u00fcngere Generationen das freiwillige Engagement der Seniorinnen und Senioren fortsetzen? Wie l\u00e4sst sich [&hellip;]","og_url":"https:\/\/www.gero.lu\/de\/produit\/seniorenkongress-der-grosregion","og_site_name":"GERO","article_publisher":"https:\/\/www.facebook.com\/Kompetenzzenter\/","article_modified_time":"2024-10-23T14:14:37+00:00","og_image":[{"width":1227,"height":802,"url":"https:\/\/www.gero.lu\/wp-content\/uploads\/2021\/08\/gettyimages-1135289130-2048x2048_RET-1.jpg","type":"image\/jpeg"}],"twitter_card":"summary_large_image","twitter_misc":{"Gesch\u00e4tzte Lesezeit":"1\u00a0Minute"},"schema":{"@context":"https:\/\/schema.org","@graph":[{"@type":"WebPage","@id":"https:\/\/www.gero.lu\/de\/produit\/seniorenkongress-der-grosregion","url":"https:\/\/www.gero.lu\/de\/produit\/seniorenkongress-der-grosregion","name":"Seniorenkongress der Gro\u00dfregion - GERO","isPartOf":{"@id":"https:\/\/www.gero.lu\/de\/#website"},"datePublished":"2024-08-16T10:23:46+00:00","dateModified":"2024-10-23T14:14:37+00:00","breadcrumb":{"@id":"https:\/\/www.gero.lu\/de\/produit\/seniorenkongress-der-grosregion#breadcrumb"},"inLanguage":"de","potentialAction":[{"@type":"ReadAction","target":[["https:\/\/www.gero.lu\/de\/produit\/seniorenkongress-der-grosregion"]]}]},{"@type":"BreadcrumbList","@id":"https:\/\/www.gero.lu\/de\/produit\/seniorenkongress-der-grosregion#breadcrumb","itemListElement":[{"@type":"ListItem","position":1,"name":"Accueil","item":"https:\/\/www.gero.lu\/de\/"},{"@type":"ListItem","position":2,"name":"Shop","item":"https:\/\/www.gero.lu\/de\/shop"},{"@type":"ListItem","position":3,"name":"Seniorenkongress der Gro\u00dfregion"}]},{"@type":"WebSite","@id":"https:\/\/www.gero.lu\/de\/#website","url":"https:\/\/www.gero.lu\/de\/","name":"Gero","description":"Kompetenzzenter fir den Alter","publisher":{"@id":"https:\/\/www.gero.lu\/de\/#organization"},"potentialAction":[{"@type":"SearchAction","target":{"@type":"EntryPoint","urlTemplate":"https:\/\/www.gero.lu\/de\/?s={search_term_string}"},"query-input":{"@type":"PropertyValueSpecification","valueRequired":true,"valueName":"search_term_string"}}],"inLanguage":"de"},{"@type":"Organization","@id":"https:\/\/www.gero.lu\/de\/#organization","name":"Gero","url":"https:\/\/www.gero.lu\/de\/","logo":{"@type":"ImageObject","inLanguage":"de","@id":"https:\/\/www.gero.lu\/de\/#\/schema\/logo\/image\/","url":"https:\/\/www.gero.lu\/wp-content\/uploads\/2024\/04\/logo.svg","contentUrl":"https:\/\/www.gero.lu\/wp-content\/uploads\/2024\/04\/logo.svg","width":76,"height":30,"caption":"Gero"},"image":{"@id":"https:\/\/www.gero.lu\/de\/#\/schema\/logo\/image\/"},"sameAs":["https:\/\/www.facebook.com\/Kompetenzzenter\/","https:\/\/www.instagram.com\/gero.kompetenzzenter\/","https:\/\/linkedin.com\/company\/gero-kompetenzzenter-fir-den-alter","https:\/\/www.youtube.com\/channel\/UCJvmJYSeHh3dYQsLHZupj-Q"]}]}},"_links":{"self":[{"href":"https:\/\/www.gero.lu\/de\/wp-json\/wp\/v2\/product\/7666","targetHints":{"allow":["GET"]}}],"collection":[{"href":"https:\/\/www.gero.lu\/de\/wp-json\/wp\/v2\/product"}],"about":[{"href":"https:\/\/www.gero.lu\/de\/wp-json\/wp\/v2\/types\/product"}],"replies":[{"embeddable":true,"href":"https:\/\/www.gero.lu\/de\/wp-json\/wp\/v2\/comments?post=7666"}],"wp:attachment":[{"href":"https:\/\/www.gero.lu\/de\/wp-json\/wp\/v2\/media?parent=7666"}],"wp:term":[{"taxonomy":"product_brand","embeddable":true,"href":"https:\/\/www.gero.lu\/de\/wp-json\/wp\/v2\/product_brand?post=7666"},{"taxonomy":"product_cat","embeddable":true,"href":"https:\/\/www.gero.lu\/de\/wp-json\/wp\/v2\/product_cat?post=7666"},{"taxonomy":"product_tag","embeddable":true,"href":"https:\/\/www.gero.lu\/de\/wp-json\/wp\/v2\/product_tag?post=7666"}],"curies":[{"name":"wp","href":"https:\/\/api.w.org\/{rel}","templated":true}]}}