{"id":7595,"date":"2024-08-07T10:21:32","date_gmt":"2024-08-07T10:21:32","guid":{"rendered":"https:\/\/www.gero.lu\/produit\/train-the-trainer-3"},"modified":"2025-10-02T10:24:15","modified_gmt":"2025-10-02T10:24:15","slug":"train-the-trainer-3","status":"publish","type":"product","link":"https:\/\/www.gero.lu\/de\/produit\/train-the-trainer-3","title":{"rendered":"Train the Trainer"},"content":{"rendered":"<p>Qualitativ hochwertige Fortbildungen leiten<\/p>\n<p>Die zweit\u00e4gige Fortbildung ist darauf ausgerichtet, Ihnen grundlegende F\u00e4higkeiten zu vermitteln, um selbst qualitativ hochwertige Fortbildungen zu leiten. Sie wird im Rahmen des neuen Gesetzes vom 23. August 2023 \u00fcber die Qualit\u00e4t der Dienstleistungen f\u00fcr \u00e4ltere Menschen angeboten.<br \/>\nZiel ist es, den Teilnehmenden ein umfassendes Set von F\u00e4higkeiten in Bezug auf die Konzeption, Durchf\u00fchrung und Bewertung hochwertiger Fortbildungen zu vermitteln. Der Fokus des ersten Tages liegt auf den Grundlagen der Fortbildung und umfasst wichtige Elemente wie die Planung einer qualitativ hochwertigen Fortbildung, die Festlegung relevanter p\u00e4dagogischer Ziele, den Aufbau einer fesselnden Fortbildung, sowie Strategien zur F\u00f6rderung einer positiven Atmosph\u00e4re unter den Teilnehmenden.<\/p>\n<p>Der zweite Tag befasst sich mit fortgeschrittenen Techniken und der Verwaltung von Fortbildungen, indem verschiedene didaktische Ans\u00e4tze und p\u00e4dagogische Methoden zur Bereicherung der Wissensvermittlung untersucht werden. Die Teilnehmenden lernen, die Gruppendynamik zu managen, die Sokratische Methode anzuwenden, um das Lernen durch gezielte Fragen zu f\u00f6rdern, das Selbstvertrauen in der Kommunikation zu entwickeln und die Qualit\u00e4t der Fortbildung praktisch zu bewerten.<\/p>\n<p>Zielgruppe :<br \/>\nAlle, die interessiert sind.<br \/>\nDieses Seminar richtet sich auch an Personen, die die Zulassung als \u201eFormateur agr\u00e9\u00e9\u201c f\u00fcr die Fortbildung Psychogeriatrie (\u201eformation psycho-g\u00e9ratrique\u201c) und\/oder die Fortbildung Hygienebeauftragte (\u201eformation r\u00e9f\u00e9rent en hygi\u00e8ne\u201c) anstreben.<\/p>\n<p>Teilnehmer-Feedback : \u201eEine tolle Weiterbildung, die man sehr gut im Alltag einbauen kann! Mich hat die Bandbreite an Gestaltungsm\u00f6glichkeiten einer Fortbildung stark beeindruckt sowie auch die Nat\u00fcrlichkeit des Referenten im Mittelpunkt zu stehen ohne im Mittelpunkt zu stehen.\u201c<\/p>\n","protected":false},"excerpt":{"rendered":"<p>Qualitativ hochwertige Fortbildungen leiten Die zweit\u00e4gige Fortbildung ist darauf ausgerichtet, Ihnen grundlegende F\u00e4higkeiten zu vermitteln, um selbst qualitativ hochwertige Fortbildungen zu leiten. Sie wird im Rahmen des neuen Gesetzes vom 23. August 2023 \u00fcber die Qualit\u00e4t der Dienstleistungen f\u00fcr \u00e4ltere Menschen angeboten. Ziel ist es, den Teilnehmenden ein umfassendes Set von F\u00e4higkeiten in Bezug auf [&hellip;]<\/p>\n","protected":false},"featured_media":0,"comment_status":"closed","ping_status":"closed","template":"","meta":{"_acf_changed":false,"inline_featured_image":false},"product_brand":[],"product_cat":[239],"product_tag":[234],"class_list":{"0":"post-7595","1":"product","2":"type-product","3":"status-publish","5":"product_cat-cours-pro","6":"product_tag-competence-personnelles-pro","8":"first","9":"outofstock","10":"virtual","11":"purchasable","12":"product-type-simple"},"acf":[],"yoast_head":"<!-- This site is optimized with the Yoast SEO Premium plugin v27.4 (Yoast SEO v27.5) - https:\/\/yoast.com\/product\/yoast-seo-premium-wordpress\/ -->\n<title>Train the Trainer - GERO<\/title>\n<meta name=\"robots\" content=\"index, follow, max-snippet:-1, max-image-preview:large, max-video-preview:-1\" \/>\n<link rel=\"canonical\" href=\"https:\/\/www.gero.lu\/de\/produit\/train-the-trainer-3\" \/>\n<meta property=\"og:locale\" content=\"de_DE\" \/>\n<meta property=\"og:type\" content=\"article\" \/>\n<meta property=\"og:title\" content=\"Train the Trainer\" \/>\n<meta property=\"og:description\" content=\"Qualitativ hochwertige Fortbildungen leiten Die zweit\u00e4gige Fortbildung ist darauf ausgerichtet, Ihnen grundlegende F\u00e4higkeiten zu vermitteln, um selbst qualitativ hochwertige Fortbildungen zu leiten. Sie wird im Rahmen des neuen Gesetzes vom 23. August 2023 \u00fcber die Qualit\u00e4t der Dienstleistungen f\u00fcr \u00e4ltere Menschen angeboten. Ziel ist es, den Teilnehmenden ein umfassendes Set von F\u00e4higkeiten in Bezug auf [&hellip;]\" \/>\n<meta property=\"og:url\" content=\"https:\/\/www.gero.lu\/de\/produit\/train-the-trainer-3\" \/>\n<meta property=\"og:site_name\" content=\"GERO\" \/>\n<meta property=\"article:publisher\" content=\"https:\/\/www.facebook.com\/Kompetenzzenter\/\" \/>\n<meta property=\"article:modified_time\" content=\"2025-10-02T10:24:15+00:00\" \/>\n<meta property=\"og:image\" content=\"https:\/\/www.gero.lu\/wp-content\/uploads\/2021\/08\/gettyimages-1135289130-2048x2048_RET-1.jpg\" \/>\n\t<meta property=\"og:image:width\" content=\"1227\" \/>\n\t<meta property=\"og:image:height\" content=\"802\" \/>\n\t<meta property=\"og:image:type\" content=\"image\/jpeg\" \/>\n<meta name=\"twitter:card\" content=\"summary_large_image\" \/>\n<meta name=\"twitter:label1\" content=\"Gesch\u00e4tzte Lesezeit\" \/>\n\t<meta name=\"twitter:data1\" content=\"1\u00a0Minute\" \/>\n<script type=\"application\/ld+json\" class=\"yoast-schema-graph\">{\"@context\":\"https:\\\/\\\/schema.org\",\"@graph\":[{\"@type\":\"WebPage\",\"@id\":\"https:\\\/\\\/www.gero.lu\\\/de\\\/produit\\\/train-the-trainer-3\",\"url\":\"https:\\\/\\\/www.gero.lu\\\/de\\\/produit\\\/train-the-trainer-3\",\"name\":\"Train the Trainer - GERO\",\"isPartOf\":{\"@id\":\"https:\\\/\\\/www.gero.lu\\\/de\\\/#website\"},\"datePublished\":\"2024-08-07T10:21:32+00:00\",\"dateModified\":\"2025-10-02T10:24:15+00:00\",\"breadcrumb\":{\"@id\":\"https:\\\/\\\/www.gero.lu\\\/de\\\/produit\\\/train-the-trainer-3#breadcrumb\"},\"inLanguage\":\"de\",\"potentialAction\":[{\"@type\":\"ReadAction\",\"target\":[[\"https:\\\/\\\/www.gero.lu\\\/de\\\/produit\\\/train-the-trainer-3\"]]}]},{\"@type\":\"BreadcrumbList\",\"@id\":\"https:\\\/\\\/www.gero.lu\\\/de\\\/produit\\\/train-the-trainer-3#breadcrumb\",\"itemListElement\":[{\"@type\":\"ListItem\",\"position\":1,\"name\":\"Accueil\",\"item\":\"https:\\\/\\\/www.gero.lu\\\/de\\\/\"},{\"@type\":\"ListItem\",\"position\":2,\"name\":\"Shop\",\"item\":\"https:\\\/\\\/www.gero.lu\\\/de\\\/shop\"},{\"@type\":\"ListItem\",\"position\":3,\"name\":\"Train the Trainer\"}]},{\"@type\":\"WebSite\",\"@id\":\"https:\\\/\\\/www.gero.lu\\\/de\\\/#website\",\"url\":\"https:\\\/\\\/www.gero.lu\\\/de\\\/\",\"name\":\"Gero\",\"description\":\"Kompetenzzenter fir den Alter\",\"publisher\":{\"@id\":\"https:\\\/\\\/www.gero.lu\\\/de\\\/#organization\"},\"potentialAction\":[{\"@type\":\"SearchAction\",\"target\":{\"@type\":\"EntryPoint\",\"urlTemplate\":\"https:\\\/\\\/www.gero.lu\\\/de\\\/?s={search_term_string}\"},\"query-input\":{\"@type\":\"PropertyValueSpecification\",\"valueRequired\":true,\"valueName\":\"search_term_string\"}}],\"inLanguage\":\"de\"},{\"@type\":\"Organization\",\"@id\":\"https:\\\/\\\/www.gero.lu\\\/de\\\/#organization\",\"name\":\"Gero\",\"url\":\"https:\\\/\\\/www.gero.lu\\\/de\\\/\",\"logo\":{\"@type\":\"ImageObject\",\"inLanguage\":\"de\",\"@id\":\"https:\\\/\\\/www.gero.lu\\\/de\\\/#\\\/schema\\\/logo\\\/image\\\/\",\"url\":\"https:\\\/\\\/www.gero.lu\\\/wp-content\\\/uploads\\\/2024\\\/04\\\/logo.svg\",\"contentUrl\":\"https:\\\/\\\/www.gero.lu\\\/wp-content\\\/uploads\\\/2024\\\/04\\\/logo.svg\",\"width\":76,\"height\":30,\"caption\":\"Gero\"},\"image\":{\"@id\":\"https:\\\/\\\/www.gero.lu\\\/de\\\/#\\\/schema\\\/logo\\\/image\\\/\"},\"sameAs\":[\"https:\\\/\\\/www.facebook.com\\\/Kompetenzzenter\\\/\",\"https:\\\/\\\/www.instagram.com\\\/gero.kompetenzzenter\\\/\",\"https:\\\/\\\/linkedin.com\\\/company\\\/gero-kompetenzzenter-fir-den-alter\",\"https:\\\/\\\/www.youtube.com\\\/channel\\\/UCJvmJYSeHh3dYQsLHZupj-Q\"]}]}<\/script>\n<!-- \/ Yoast SEO Premium plugin. -->","yoast_head_json":{"title":"Train the Trainer - GERO","robots":{"index":"index","follow":"follow","max-snippet":"max-snippet:-1","max-image-preview":"max-image-preview:large","max-video-preview":"max-video-preview:-1"},"canonical":"https:\/\/www.gero.lu\/de\/produit\/train-the-trainer-3","og_locale":"de_DE","og_type":"article","og_title":"Train the Trainer","og_description":"Qualitativ hochwertige Fortbildungen leiten Die zweit\u00e4gige Fortbildung ist darauf ausgerichtet, Ihnen grundlegende F\u00e4higkeiten zu vermitteln, um selbst qualitativ hochwertige Fortbildungen zu leiten. Sie wird im Rahmen des neuen Gesetzes vom 23. August 2023 \u00fcber die Qualit\u00e4t der Dienstleistungen f\u00fcr \u00e4ltere Menschen angeboten. Ziel ist es, den Teilnehmenden ein umfassendes Set von F\u00e4higkeiten in Bezug auf [&hellip;]","og_url":"https:\/\/www.gero.lu\/de\/produit\/train-the-trainer-3","og_site_name":"GERO","article_publisher":"https:\/\/www.facebook.com\/Kompetenzzenter\/","article_modified_time":"2025-10-02T10:24:15+00:00","og_image":[{"width":1227,"height":802,"url":"https:\/\/www.gero.lu\/wp-content\/uploads\/2021\/08\/gettyimages-1135289130-2048x2048_RET-1.jpg","type":"image\/jpeg"}],"twitter_card":"summary_large_image","twitter_misc":{"Gesch\u00e4tzte Lesezeit":"1\u00a0Minute"},"schema":{"@context":"https:\/\/schema.org","@graph":[{"@type":"WebPage","@id":"https:\/\/www.gero.lu\/de\/produit\/train-the-trainer-3","url":"https:\/\/www.gero.lu\/de\/produit\/train-the-trainer-3","name":"Train the Trainer - GERO","isPartOf":{"@id":"https:\/\/www.gero.lu\/de\/#website"},"datePublished":"2024-08-07T10:21:32+00:00","dateModified":"2025-10-02T10:24:15+00:00","breadcrumb":{"@id":"https:\/\/www.gero.lu\/de\/produit\/train-the-trainer-3#breadcrumb"},"inLanguage":"de","potentialAction":[{"@type":"ReadAction","target":[["https:\/\/www.gero.lu\/de\/produit\/train-the-trainer-3"]]}]},{"@type":"BreadcrumbList","@id":"https:\/\/www.gero.lu\/de\/produit\/train-the-trainer-3#breadcrumb","itemListElement":[{"@type":"ListItem","position":1,"name":"Accueil","item":"https:\/\/www.gero.lu\/de\/"},{"@type":"ListItem","position":2,"name":"Shop","item":"https:\/\/www.gero.lu\/de\/shop"},{"@type":"ListItem","position":3,"name":"Train the Trainer"}]},{"@type":"WebSite","@id":"https:\/\/www.gero.lu\/de\/#website","url":"https:\/\/www.gero.lu\/de\/","name":"Gero","description":"Kompetenzzenter fir den Alter","publisher":{"@id":"https:\/\/www.gero.lu\/de\/#organization"},"potentialAction":[{"@type":"SearchAction","target":{"@type":"EntryPoint","urlTemplate":"https:\/\/www.gero.lu\/de\/?s={search_term_string}"},"query-input":{"@type":"PropertyValueSpecification","valueRequired":true,"valueName":"search_term_string"}}],"inLanguage":"de"},{"@type":"Organization","@id":"https:\/\/www.gero.lu\/de\/#organization","name":"Gero","url":"https:\/\/www.gero.lu\/de\/","logo":{"@type":"ImageObject","inLanguage":"de","@id":"https:\/\/www.gero.lu\/de\/#\/schema\/logo\/image\/","url":"https:\/\/www.gero.lu\/wp-content\/uploads\/2024\/04\/logo.svg","contentUrl":"https:\/\/www.gero.lu\/wp-content\/uploads\/2024\/04\/logo.svg","width":76,"height":30,"caption":"Gero"},"image":{"@id":"https:\/\/www.gero.lu\/de\/#\/schema\/logo\/image\/"},"sameAs":["https:\/\/www.facebook.com\/Kompetenzzenter\/","https:\/\/www.instagram.com\/gero.kompetenzzenter\/","https:\/\/linkedin.com\/company\/gero-kompetenzzenter-fir-den-alter","https:\/\/www.youtube.com\/channel\/UCJvmJYSeHh3dYQsLHZupj-Q"]}]}},"_links":{"self":[{"href":"https:\/\/www.gero.lu\/de\/wp-json\/wp\/v2\/product\/7595","targetHints":{"allow":["GET"]}}],"collection":[{"href":"https:\/\/www.gero.lu\/de\/wp-json\/wp\/v2\/product"}],"about":[{"href":"https:\/\/www.gero.lu\/de\/wp-json\/wp\/v2\/types\/product"}],"replies":[{"embeddable":true,"href":"https:\/\/www.gero.lu\/de\/wp-json\/wp\/v2\/comments?post=7595"}],"wp:attachment":[{"href":"https:\/\/www.gero.lu\/de\/wp-json\/wp\/v2\/media?parent=7595"}],"wp:term":[{"taxonomy":"product_brand","embeddable":true,"href":"https:\/\/www.gero.lu\/de\/wp-json\/wp\/v2\/product_brand?post=7595"},{"taxonomy":"product_cat","embeddable":true,"href":"https:\/\/www.gero.lu\/de\/wp-json\/wp\/v2\/product_cat?post=7595"},{"taxonomy":"product_tag","embeddable":true,"href":"https:\/\/www.gero.lu\/de\/wp-json\/wp\/v2\/product_tag?post=7595"}],"curies":[{"name":"wp","href":"https:\/\/api.w.org\/{rel}","templated":true}]}}