{"id":7588,"date":"2024-08-02T14:23:40","date_gmt":"2024-08-02T14:23:40","guid":{"rendered":"https:\/\/www.gero.lu\/produit\/traditionelle-chinesische-medizin-entdecken"},"modified":"2024-12-18T07:22:26","modified_gmt":"2024-12-18T07:22:26","slug":"traditionelle-chinesische-medizin-entdecken","status":"publish","type":"product","link":"https:\/\/www.gero.lu\/de\/produit\/traditionelle-chinesische-medizin-entdecken","title":{"rendered":"Traditionelle Chinesische Medizin entdecken"},"content":{"rendered":"<p>Immer mehr Menschen interessieren sich f\u00fcr die Geheimnisse der Traditionellen Chinesischen Medizin (TCM), um dank dieses ganzheitlichen Ansatzes ihr eigenes Gleichgewicht sowie Gesundheit und Wohlbefinden zu f\u00f6rdern. In dem Vortrag von Alexander Pan, Mediziner und Leiter des Europ\u00e4ischen Zentrums f\u00fcr Traditionelle Chinesische Medizin an der Johannesbad Fachklinik Saarschleife, wird die Geschichte und Philosophie der TCM dargestellt. Ferner werden Spezifit\u00e4ten der TCM-Anamnese, Diagnose, Therapie sowie Behandlungsmethoden im Vergleich zur Schulmedizin erl\u00e4utert und TCM als Ganzheits- und Pr\u00e4ventivmedizin anhand von Beispielen illustriert.<\/p>\n","protected":false},"excerpt":{"rendered":"<p>Immer mehr Menschen interessieren sich f\u00fcr die Geheimnisse der Traditionellen Chinesischen Medizin (TCM), um dank dieses ganzheitlichen Ansatzes ihr eigenes Gleichgewicht sowie Gesundheit und Wohlbefinden zu f\u00f6rdern. In dem Vortrag von Alexander Pan, Mediziner und Leiter des Europ\u00e4ischen Zentrums f\u00fcr Traditionelle Chinesische Medizin an der Johannesbad Fachklinik Saarschleife, wird die Geschichte und Philosophie der TCM [&hellip;]<\/p>\n","protected":false},"featured_media":0,"comment_status":"closed","ping_status":"closed","template":"","meta":{"_acf_changed":false,"inline_featured_image":false},"product_brand":[],"product_cat":[228],"product_tag":[200],"class_list":{"0":"post-7588","1":"product","2":"type-product","3":"status-publish","5":"product_cat-conference","6":"product_tag-sante-senior","8":"first","9":"instock","10":"virtual","11":"purchasable","12":"product-type-simple"},"acf":[],"yoast_head":"<!-- This site is optimized with the Yoast SEO Premium plugin v27.4 (Yoast SEO v27.6) - https:\/\/yoast.com\/product\/yoast-seo-premium-wordpress\/ -->\n<title>Traditionelle Chinesische Medizin entdecken - GERO<\/title>\n<meta name=\"robots\" content=\"index, follow, max-snippet:-1, max-image-preview:large, max-video-preview:-1\" \/>\n<link rel=\"canonical\" href=\"https:\/\/www.gero.lu\/de\/produit\/traditionelle-chinesische-medizin-entdecken\" \/>\n<meta property=\"og:locale\" content=\"de_DE\" \/>\n<meta property=\"og:type\" content=\"article\" \/>\n<meta property=\"og:title\" content=\"Traditionelle Chinesische Medizin entdecken\" \/>\n<meta property=\"og:description\" content=\"Immer mehr Menschen interessieren sich f\u00fcr die Geheimnisse der Traditionellen Chinesischen Medizin (TCM), um dank dieses ganzheitlichen Ansatzes ihr eigenes Gleichgewicht sowie Gesundheit und Wohlbefinden zu f\u00f6rdern. In dem Vortrag von Alexander Pan, Mediziner und Leiter des Europ\u00e4ischen Zentrums f\u00fcr Traditionelle Chinesische Medizin an der Johannesbad Fachklinik Saarschleife, wird die Geschichte und Philosophie der TCM [&hellip;]\" \/>\n<meta property=\"og:url\" content=\"https:\/\/www.gero.lu\/de\/produit\/traditionelle-chinesische-medizin-entdecken\" \/>\n<meta property=\"og:site_name\" content=\"GERO\" \/>\n<meta property=\"article:publisher\" content=\"https:\/\/www.facebook.com\/Kompetenzzenter\/\" \/>\n<meta property=\"article:modified_time\" content=\"2024-12-18T07:22:26+00:00\" \/>\n<meta property=\"og:image\" content=\"https:\/\/www.gero.lu\/wp-content\/uploads\/2021\/08\/gettyimages-1135289130-2048x2048_RET-1.jpg\" \/>\n\t<meta property=\"og:image:width\" content=\"1227\" \/>\n\t<meta property=\"og:image:height\" content=\"802\" \/>\n\t<meta property=\"og:image:type\" content=\"image\/jpeg\" \/>\n<meta name=\"twitter:card\" content=\"summary_large_image\" \/>\n<script type=\"application\/ld+json\" class=\"yoast-schema-graph\">{\"@context\":\"https:\\\/\\\/schema.org\",\"@graph\":[{\"@type\":\"WebPage\",\"@id\":\"https:\\\/\\\/www.gero.lu\\\/de\\\/produit\\\/traditionelle-chinesische-medizin-entdecken\",\"url\":\"https:\\\/\\\/www.gero.lu\\\/de\\\/produit\\\/traditionelle-chinesische-medizin-entdecken\",\"name\":\"Traditionelle Chinesische Medizin entdecken - GERO\",\"isPartOf\":{\"@id\":\"https:\\\/\\\/www.gero.lu\\\/de\\\/#website\"},\"datePublished\":\"2024-08-02T14:23:40+00:00\",\"dateModified\":\"2024-12-18T07:22:26+00:00\",\"breadcrumb\":{\"@id\":\"https:\\\/\\\/www.gero.lu\\\/de\\\/produit\\\/traditionelle-chinesische-medizin-entdecken#breadcrumb\"},\"inLanguage\":\"de\",\"potentialAction\":[{\"@type\":\"ReadAction\",\"target\":[[\"https:\\\/\\\/www.gero.lu\\\/de\\\/produit\\\/traditionelle-chinesische-medizin-entdecken\"]]}]},{\"@type\":\"BreadcrumbList\",\"@id\":\"https:\\\/\\\/www.gero.lu\\\/de\\\/produit\\\/traditionelle-chinesische-medizin-entdecken#breadcrumb\",\"itemListElement\":[{\"@type\":\"ListItem\",\"position\":1,\"name\":\"Accueil\",\"item\":\"https:\\\/\\\/www.gero.lu\\\/de\\\/\"},{\"@type\":\"ListItem\",\"position\":2,\"name\":\"Shop\",\"item\":\"https:\\\/\\\/www.gero.lu\\\/de\\\/shop\"},{\"@type\":\"ListItem\",\"position\":3,\"name\":\"Traditionelle Chinesische Medizin entdecken\"}]},{\"@type\":\"WebSite\",\"@id\":\"https:\\\/\\\/www.gero.lu\\\/de\\\/#website\",\"url\":\"https:\\\/\\\/www.gero.lu\\\/de\\\/\",\"name\":\"Gero\",\"description\":\"Kompetenzzenter fir den Alter\",\"publisher\":{\"@id\":\"https:\\\/\\\/www.gero.lu\\\/de\\\/#organization\"},\"potentialAction\":[{\"@type\":\"SearchAction\",\"target\":{\"@type\":\"EntryPoint\",\"urlTemplate\":\"https:\\\/\\\/www.gero.lu\\\/de\\\/?s={search_term_string}\"},\"query-input\":{\"@type\":\"PropertyValueSpecification\",\"valueRequired\":true,\"valueName\":\"search_term_string\"}}],\"inLanguage\":\"de\"},{\"@type\":\"Organization\",\"@id\":\"https:\\\/\\\/www.gero.lu\\\/de\\\/#organization\",\"name\":\"Gero\",\"url\":\"https:\\\/\\\/www.gero.lu\\\/de\\\/\",\"logo\":{\"@type\":\"ImageObject\",\"inLanguage\":\"de\",\"@id\":\"https:\\\/\\\/www.gero.lu\\\/de\\\/#\\\/schema\\\/logo\\\/image\\\/\",\"url\":\"https:\\\/\\\/www.gero.lu\\\/wp-content\\\/uploads\\\/2024\\\/04\\\/logo.svg\",\"contentUrl\":\"https:\\\/\\\/www.gero.lu\\\/wp-content\\\/uploads\\\/2024\\\/04\\\/logo.svg\",\"width\":76,\"height\":30,\"caption\":\"Gero\"},\"image\":{\"@id\":\"https:\\\/\\\/www.gero.lu\\\/de\\\/#\\\/schema\\\/logo\\\/image\\\/\"},\"sameAs\":[\"https:\\\/\\\/www.facebook.com\\\/Kompetenzzenter\\\/\",\"https:\\\/\\\/www.instagram.com\\\/gero.kompetenzzenter\\\/\",\"https:\\\/\\\/linkedin.com\\\/company\\\/gero-kompetenzzenter-fir-den-alter\",\"https:\\\/\\\/www.youtube.com\\\/channel\\\/UCJvmJYSeHh3dYQsLHZupj-Q\"]}]}<\/script>\n<!-- \/ Yoast SEO Premium plugin. -->","yoast_head_json":{"title":"Traditionelle Chinesische Medizin entdecken - GERO","robots":{"index":"index","follow":"follow","max-snippet":"max-snippet:-1","max-image-preview":"max-image-preview:large","max-video-preview":"max-video-preview:-1"},"canonical":"https:\/\/www.gero.lu\/de\/produit\/traditionelle-chinesische-medizin-entdecken","og_locale":"de_DE","og_type":"article","og_title":"Traditionelle Chinesische Medizin entdecken","og_description":"Immer mehr Menschen interessieren sich f\u00fcr die Geheimnisse der Traditionellen Chinesischen Medizin (TCM), um dank dieses ganzheitlichen Ansatzes ihr eigenes Gleichgewicht sowie Gesundheit und Wohlbefinden zu f\u00f6rdern. In dem Vortrag von Alexander Pan, Mediziner und Leiter des Europ\u00e4ischen Zentrums f\u00fcr Traditionelle Chinesische Medizin an der Johannesbad Fachklinik Saarschleife, wird die Geschichte und Philosophie der TCM [&hellip;]","og_url":"https:\/\/www.gero.lu\/de\/produit\/traditionelle-chinesische-medizin-entdecken","og_site_name":"GERO","article_publisher":"https:\/\/www.facebook.com\/Kompetenzzenter\/","article_modified_time":"2024-12-18T07:22:26+00:00","og_image":[{"width":1227,"height":802,"url":"https:\/\/www.gero.lu\/wp-content\/uploads\/2021\/08\/gettyimages-1135289130-2048x2048_RET-1.jpg","type":"image\/jpeg"}],"twitter_card":"summary_large_image","schema":{"@context":"https:\/\/schema.org","@graph":[{"@type":"WebPage","@id":"https:\/\/www.gero.lu\/de\/produit\/traditionelle-chinesische-medizin-entdecken","url":"https:\/\/www.gero.lu\/de\/produit\/traditionelle-chinesische-medizin-entdecken","name":"Traditionelle Chinesische Medizin entdecken - GERO","isPartOf":{"@id":"https:\/\/www.gero.lu\/de\/#website"},"datePublished":"2024-08-02T14:23:40+00:00","dateModified":"2024-12-18T07:22:26+00:00","breadcrumb":{"@id":"https:\/\/www.gero.lu\/de\/produit\/traditionelle-chinesische-medizin-entdecken#breadcrumb"},"inLanguage":"de","potentialAction":[{"@type":"ReadAction","target":[["https:\/\/www.gero.lu\/de\/produit\/traditionelle-chinesische-medizin-entdecken"]]}]},{"@type":"BreadcrumbList","@id":"https:\/\/www.gero.lu\/de\/produit\/traditionelle-chinesische-medizin-entdecken#breadcrumb","itemListElement":[{"@type":"ListItem","position":1,"name":"Accueil","item":"https:\/\/www.gero.lu\/de\/"},{"@type":"ListItem","position":2,"name":"Shop","item":"https:\/\/www.gero.lu\/de\/shop"},{"@type":"ListItem","position":3,"name":"Traditionelle Chinesische Medizin entdecken"}]},{"@type":"WebSite","@id":"https:\/\/www.gero.lu\/de\/#website","url":"https:\/\/www.gero.lu\/de\/","name":"Gero","description":"Kompetenzzenter fir den Alter","publisher":{"@id":"https:\/\/www.gero.lu\/de\/#organization"},"potentialAction":[{"@type":"SearchAction","target":{"@type":"EntryPoint","urlTemplate":"https:\/\/www.gero.lu\/de\/?s={search_term_string}"},"query-input":{"@type":"PropertyValueSpecification","valueRequired":true,"valueName":"search_term_string"}}],"inLanguage":"de"},{"@type":"Organization","@id":"https:\/\/www.gero.lu\/de\/#organization","name":"Gero","url":"https:\/\/www.gero.lu\/de\/","logo":{"@type":"ImageObject","inLanguage":"de","@id":"https:\/\/www.gero.lu\/de\/#\/schema\/logo\/image\/","url":"https:\/\/www.gero.lu\/wp-content\/uploads\/2024\/04\/logo.svg","contentUrl":"https:\/\/www.gero.lu\/wp-content\/uploads\/2024\/04\/logo.svg","width":76,"height":30,"caption":"Gero"},"image":{"@id":"https:\/\/www.gero.lu\/de\/#\/schema\/logo\/image\/"},"sameAs":["https:\/\/www.facebook.com\/Kompetenzzenter\/","https:\/\/www.instagram.com\/gero.kompetenzzenter\/","https:\/\/linkedin.com\/company\/gero-kompetenzzenter-fir-den-alter","https:\/\/www.youtube.com\/channel\/UCJvmJYSeHh3dYQsLHZupj-Q"]}]}},"_links":{"self":[{"href":"https:\/\/www.gero.lu\/de\/wp-json\/wp\/v2\/product\/7588","targetHints":{"allow":["GET"]}}],"collection":[{"href":"https:\/\/www.gero.lu\/de\/wp-json\/wp\/v2\/product"}],"about":[{"href":"https:\/\/www.gero.lu\/de\/wp-json\/wp\/v2\/types\/product"}],"replies":[{"embeddable":true,"href":"https:\/\/www.gero.lu\/de\/wp-json\/wp\/v2\/comments?post=7588"}],"wp:attachment":[{"href":"https:\/\/www.gero.lu\/de\/wp-json\/wp\/v2\/media?parent=7588"}],"wp:term":[{"taxonomy":"product_brand","embeddable":true,"href":"https:\/\/www.gero.lu\/de\/wp-json\/wp\/v2\/product_brand?post=7588"},{"taxonomy":"product_cat","embeddable":true,"href":"https:\/\/www.gero.lu\/de\/wp-json\/wp\/v2\/product_cat?post=7588"},{"taxonomy":"product_tag","embeddable":true,"href":"https:\/\/www.gero.lu\/de\/wp-json\/wp\/v2\/product_tag?post=7588"}],"curies":[{"name":"wp","href":"https:\/\/api.w.org\/{rel}","templated":true}]}}