{"id":7583,"date":"2024-08-02T14:23:37","date_gmt":"2024-08-02T14:23:37","guid":{"rendered":"https:\/\/www.gero.lu\/produit\/pflegende-angehorige-starken-zeit-fur-selbstfursorge"},"modified":"2024-10-15T08:25:52","modified_gmt":"2024-10-15T08:25:52","slug":"pflegende-angehorige-starken-zeit-fur-selbstfursorge","status":"publish","type":"product","link":"https:\/\/www.gero.lu\/de\/produit\/pflegende-angehorige-starken-zeit-fur-selbstfursorge","title":{"rendered":"Pflegende Angeh\u00f6rige st\u00e4rken &#8211; Zeit f\u00fcr Selbstf\u00fcrsorge"},"content":{"rendered":"<p>Bei der Pflege und Betreuung von Angeh\u00f6rigen kann es passieren, sich selbst aus den Augen zu verlieren, da diese Aufgabe psychisch und k\u00f6rperlich sehr belastend sein kann. Die Zeit, die man f\u00fcr sich selbst hat, ist oftmals knapp bemessen, und man ger\u00e4t mitunter an die eigenen Grenzen der Belastbarkeit.<\/p>\n<p>Sie sind pflegende Angeh\u00f6rige oder pflegender Angeh\u00f6riger? Dann sind Sie bei diesem interaktiven Vortrag von Stefanie Helsper, Ergotherapeutin, Fachergotherapeutin f\u00fcr Menschen mit Demenz und Buchautorin (\u201eKostbare Augenblicke \u2013 Wie Gl\u00fccksmomente in der Demenz gelingen\u201c) genau richtig.<\/p>\n<p>Sie erhalten inspirierende Anregungen:<\/p>\n<p>\u2022\tWie Sie mittels Achtsamkeitstechniken gut auf sich selbst achten k\u00f6nnen<br \/>\n\u2022\tWie Sie eine balancierte N\u00e4he und Distanz zu Ihrer\/Ihrem Angeh\u00f6rigen schaffen<br \/>\n\u2022\tWie Sie selbstf\u00fcrsorgliche Grenzen setzen k\u00f6nnen<br \/>\n\u2022\tWie Sie psychisch und k\u00f6rperlich f\u00fcr Ausgleich sorgen<\/p>\n<p>Anschlie\u00dfend besteht die Gelegenheit zu Fragen und Austausch.<\/p>\n","protected":false},"excerpt":{"rendered":"<p>Bei der Pflege und Betreuung von Angeh\u00f6rigen kann es passieren, sich selbst aus den Augen zu verlieren, da diese Aufgabe psychisch und k\u00f6rperlich sehr belastend sein kann. Die Zeit, die man f\u00fcr sich selbst hat, ist oftmals knapp bemessen, und man ger\u00e4t mitunter an die eigenen Grenzen der Belastbarkeit. Sie sind pflegende Angeh\u00f6rige oder pflegender [&hellip;]<\/p>\n","protected":false},"featured_media":0,"comment_status":"closed","ping_status":"closed","template":"","meta":{"_acf_changed":false,"inline_featured_image":false},"product_brand":[],"product_cat":[228],"product_tag":[203],"class_list":{"0":"post-7583","1":"product","2":"type-product","3":"status-publish","5":"product_cat-conference","6":"product_tag-connaissance-de-vie-senior","8":"first","9":"instock","10":"virtual","11":"purchasable","12":"product-type-simple"},"acf":[],"yoast_head":"<!-- This site is optimized with the Yoast SEO Premium plugin v26.5 (Yoast SEO v26.5) - https:\/\/yoast.com\/wordpress\/plugins\/seo\/ -->\n<title>Pflegende Angeh\u00f6rige st\u00e4rken - Zeit f\u00fcr Selbstf\u00fcrsorge - GERO<\/title>\n<meta name=\"robots\" content=\"index, follow, max-snippet:-1, max-image-preview:large, max-video-preview:-1\" \/>\n<link rel=\"canonical\" href=\"https:\/\/www.gero.lu\/de\/produit\/pflegende-angehorige-starken-zeit-fur-selbstfursorge\" \/>\n<meta property=\"og:locale\" content=\"de_DE\" \/>\n<meta property=\"og:type\" content=\"article\" \/>\n<meta property=\"og:title\" content=\"Pflegende Angeh\u00f6rige st\u00e4rken - Zeit f\u00fcr Selbstf\u00fcrsorge\" \/>\n<meta property=\"og:description\" content=\"Bei der Pflege und Betreuung von Angeh\u00f6rigen kann es passieren, sich selbst aus den Augen zu verlieren, da diese Aufgabe psychisch und k\u00f6rperlich sehr belastend sein kann. Die Zeit, die man f\u00fcr sich selbst hat, ist oftmals knapp bemessen, und man ger\u00e4t mitunter an die eigenen Grenzen der Belastbarkeit. Sie sind pflegende Angeh\u00f6rige oder pflegender [&hellip;]\" \/>\n<meta property=\"og:url\" content=\"https:\/\/www.gero.lu\/de\/produit\/pflegende-angehorige-starken-zeit-fur-selbstfursorge\" \/>\n<meta property=\"og:site_name\" content=\"GERO\" \/>\n<meta property=\"article:publisher\" content=\"https:\/\/www.facebook.com\/Kompetenzzenter\/\" \/>\n<meta property=\"article:modified_time\" content=\"2024-10-15T08:25:52+00:00\" \/>\n<meta property=\"og:image\" content=\"https:\/\/www.gero.lu\/wp-content\/uploads\/2021\/08\/gettyimages-1135289130-2048x2048_RET-1.jpg\" \/>\n\t<meta property=\"og:image:width\" content=\"1227\" \/>\n\t<meta property=\"og:image:height\" content=\"802\" \/>\n\t<meta property=\"og:image:type\" content=\"image\/jpeg\" \/>\n<meta name=\"twitter:card\" content=\"summary_large_image\" \/>\n<meta name=\"twitter:label1\" content=\"Gesch\u00e4tzte Lesezeit\" \/>\n\t<meta name=\"twitter:data1\" content=\"1\u00a0Minute\" \/>\n<script type=\"application\/ld+json\" class=\"yoast-schema-graph\">{\"@context\":\"https:\/\/schema.org\",\"@graph\":[{\"@type\":\"WebPage\",\"@id\":\"https:\/\/www.gero.lu\/de\/produit\/pflegende-angehorige-starken-zeit-fur-selbstfursorge\",\"url\":\"https:\/\/www.gero.lu\/de\/produit\/pflegende-angehorige-starken-zeit-fur-selbstfursorge\",\"name\":\"Pflegende Angeh\u00f6rige st\u00e4rken - Zeit f\u00fcr Selbstf\u00fcrsorge - GERO\",\"isPartOf\":{\"@id\":\"https:\/\/www.gero.lu\/de\/#website\"},\"datePublished\":\"2024-08-02T14:23:37+00:00\",\"dateModified\":\"2024-10-15T08:25:52+00:00\",\"breadcrumb\":{\"@id\":\"https:\/\/www.gero.lu\/de\/produit\/pflegende-angehorige-starken-zeit-fur-selbstfursorge#breadcrumb\"},\"inLanguage\":\"de\",\"potentialAction\":[{\"@type\":\"ReadAction\",\"target\":[[\"https:\/\/www.gero.lu\/de\/produit\/pflegende-angehorige-starken-zeit-fur-selbstfursorge\"]]}]},{\"@type\":\"BreadcrumbList\",\"@id\":\"https:\/\/www.gero.lu\/de\/produit\/pflegende-angehorige-starken-zeit-fur-selbstfursorge#breadcrumb\",\"itemListElement\":[{\"@type\":\"ListItem\",\"position\":1,\"name\":\"Accueil\",\"item\":\"https:\/\/www.gero.lu\/de\/\"},{\"@type\":\"ListItem\",\"position\":2,\"name\":\"Shop\",\"item\":\"https:\/\/www.gero.lu\/de\/shop\"},{\"@type\":\"ListItem\",\"position\":3,\"name\":\"Pflegende Angeh\u00f6rige st\u00e4rken &#8211; Zeit f\u00fcr Selbstf\u00fcrsorge\"}]},{\"@type\":\"WebSite\",\"@id\":\"https:\/\/www.gero.lu\/de\/#website\",\"url\":\"https:\/\/www.gero.lu\/de\/\",\"name\":\"Gero\",\"description\":\"Kompetenzzenter fir den Alter\",\"publisher\":{\"@id\":\"https:\/\/www.gero.lu\/de\/#organization\"},\"potentialAction\":[{\"@type\":\"SearchAction\",\"target\":{\"@type\":\"EntryPoint\",\"urlTemplate\":\"https:\/\/www.gero.lu\/de\/?s={search_term_string}\"},\"query-input\":{\"@type\":\"PropertyValueSpecification\",\"valueRequired\":true,\"valueName\":\"search_term_string\"}}],\"inLanguage\":\"de\"},{\"@type\":\"Organization\",\"@id\":\"https:\/\/www.gero.lu\/de\/#organization\",\"name\":\"Gero\",\"url\":\"https:\/\/www.gero.lu\/de\/\",\"logo\":{\"@type\":\"ImageObject\",\"inLanguage\":\"de\",\"@id\":\"https:\/\/www.gero.lu\/de\/#\/schema\/logo\/image\/\",\"url\":\"https:\/\/www.gero.lu\/wp-content\/uploads\/2024\/04\/logo.svg\",\"contentUrl\":\"https:\/\/www.gero.lu\/wp-content\/uploads\/2024\/04\/logo.svg\",\"width\":76,\"height\":30,\"caption\":\"Gero\"},\"image\":{\"@id\":\"https:\/\/www.gero.lu\/de\/#\/schema\/logo\/image\/\"},\"sameAs\":[\"https:\/\/www.facebook.com\/Kompetenzzenter\/\",\"https:\/\/www.instagram.com\/gero.kompetenzzenter\/\",\"https:\/\/linkedin.com\/company\/gero-kompetenzzenter-fir-den-alter\",\"https:\/\/www.youtube.com\/channel\/UCJvmJYSeHh3dYQsLHZupj-Q\"]}]}<\/script>\n<!-- \/ Yoast SEO Premium plugin. -->","yoast_head_json":{"title":"Pflegende Angeh\u00f6rige st\u00e4rken - Zeit f\u00fcr Selbstf\u00fcrsorge - GERO","robots":{"index":"index","follow":"follow","max-snippet":"max-snippet:-1","max-image-preview":"max-image-preview:large","max-video-preview":"max-video-preview:-1"},"canonical":"https:\/\/www.gero.lu\/de\/produit\/pflegende-angehorige-starken-zeit-fur-selbstfursorge","og_locale":"de_DE","og_type":"article","og_title":"Pflegende Angeh\u00f6rige st\u00e4rken - Zeit f\u00fcr Selbstf\u00fcrsorge","og_description":"Bei der Pflege und Betreuung von Angeh\u00f6rigen kann es passieren, sich selbst aus den Augen zu verlieren, da diese Aufgabe psychisch und k\u00f6rperlich sehr belastend sein kann. Die Zeit, die man f\u00fcr sich selbst hat, ist oftmals knapp bemessen, und man ger\u00e4t mitunter an die eigenen Grenzen der Belastbarkeit. Sie sind pflegende Angeh\u00f6rige oder pflegender [&hellip;]","og_url":"https:\/\/www.gero.lu\/de\/produit\/pflegende-angehorige-starken-zeit-fur-selbstfursorge","og_site_name":"GERO","article_publisher":"https:\/\/www.facebook.com\/Kompetenzzenter\/","article_modified_time":"2024-10-15T08:25:52+00:00","og_image":[{"width":1227,"height":802,"url":"https:\/\/www.gero.lu\/wp-content\/uploads\/2021\/08\/gettyimages-1135289130-2048x2048_RET-1.jpg","type":"image\/jpeg"}],"twitter_card":"summary_large_image","twitter_misc":{"Gesch\u00e4tzte Lesezeit":"1\u00a0Minute"},"schema":{"@context":"https:\/\/schema.org","@graph":[{"@type":"WebPage","@id":"https:\/\/www.gero.lu\/de\/produit\/pflegende-angehorige-starken-zeit-fur-selbstfursorge","url":"https:\/\/www.gero.lu\/de\/produit\/pflegende-angehorige-starken-zeit-fur-selbstfursorge","name":"Pflegende Angeh\u00f6rige st\u00e4rken - Zeit f\u00fcr Selbstf\u00fcrsorge - GERO","isPartOf":{"@id":"https:\/\/www.gero.lu\/de\/#website"},"datePublished":"2024-08-02T14:23:37+00:00","dateModified":"2024-10-15T08:25:52+00:00","breadcrumb":{"@id":"https:\/\/www.gero.lu\/de\/produit\/pflegende-angehorige-starken-zeit-fur-selbstfursorge#breadcrumb"},"inLanguage":"de","potentialAction":[{"@type":"ReadAction","target":[["https:\/\/www.gero.lu\/de\/produit\/pflegende-angehorige-starken-zeit-fur-selbstfursorge"]]}]},{"@type":"BreadcrumbList","@id":"https:\/\/www.gero.lu\/de\/produit\/pflegende-angehorige-starken-zeit-fur-selbstfursorge#breadcrumb","itemListElement":[{"@type":"ListItem","position":1,"name":"Accueil","item":"https:\/\/www.gero.lu\/de\/"},{"@type":"ListItem","position":2,"name":"Shop","item":"https:\/\/www.gero.lu\/de\/shop"},{"@type":"ListItem","position":3,"name":"Pflegende Angeh\u00f6rige st\u00e4rken &#8211; Zeit f\u00fcr Selbstf\u00fcrsorge"}]},{"@type":"WebSite","@id":"https:\/\/www.gero.lu\/de\/#website","url":"https:\/\/www.gero.lu\/de\/","name":"Gero","description":"Kompetenzzenter fir den Alter","publisher":{"@id":"https:\/\/www.gero.lu\/de\/#organization"},"potentialAction":[{"@type":"SearchAction","target":{"@type":"EntryPoint","urlTemplate":"https:\/\/www.gero.lu\/de\/?s={search_term_string}"},"query-input":{"@type":"PropertyValueSpecification","valueRequired":true,"valueName":"search_term_string"}}],"inLanguage":"de"},{"@type":"Organization","@id":"https:\/\/www.gero.lu\/de\/#organization","name":"Gero","url":"https:\/\/www.gero.lu\/de\/","logo":{"@type":"ImageObject","inLanguage":"de","@id":"https:\/\/www.gero.lu\/de\/#\/schema\/logo\/image\/","url":"https:\/\/www.gero.lu\/wp-content\/uploads\/2024\/04\/logo.svg","contentUrl":"https:\/\/www.gero.lu\/wp-content\/uploads\/2024\/04\/logo.svg","width":76,"height":30,"caption":"Gero"},"image":{"@id":"https:\/\/www.gero.lu\/de\/#\/schema\/logo\/image\/"},"sameAs":["https:\/\/www.facebook.com\/Kompetenzzenter\/","https:\/\/www.instagram.com\/gero.kompetenzzenter\/","https:\/\/linkedin.com\/company\/gero-kompetenzzenter-fir-den-alter","https:\/\/www.youtube.com\/channel\/UCJvmJYSeHh3dYQsLHZupj-Q"]}]}},"_links":{"self":[{"href":"https:\/\/www.gero.lu\/de\/wp-json\/wp\/v2\/product\/7583","targetHints":{"allow":["GET"]}}],"collection":[{"href":"https:\/\/www.gero.lu\/de\/wp-json\/wp\/v2\/product"}],"about":[{"href":"https:\/\/www.gero.lu\/de\/wp-json\/wp\/v2\/types\/product"}],"replies":[{"embeddable":true,"href":"https:\/\/www.gero.lu\/de\/wp-json\/wp\/v2\/comments?post=7583"}],"wp:attachment":[{"href":"https:\/\/www.gero.lu\/de\/wp-json\/wp\/v2\/media?parent=7583"}],"wp:term":[{"taxonomy":"product_brand","embeddable":true,"href":"https:\/\/www.gero.lu\/de\/wp-json\/wp\/v2\/product_brand?post=7583"},{"taxonomy":"product_cat","embeddable":true,"href":"https:\/\/www.gero.lu\/de\/wp-json\/wp\/v2\/product_cat?post=7583"},{"taxonomy":"product_tag","embeddable":true,"href":"https:\/\/www.gero.lu\/de\/wp-json\/wp\/v2\/product_tag?post=7583"}],"curies":[{"name":"wp","href":"https:\/\/api.w.org\/{rel}","templated":true}]}}