{"id":7579,"date":"2024-08-02T14:23:33","date_gmt":"2024-08-02T14:23:33","guid":{"rendered":"https:\/\/www.gero.lu\/produit\/la-revolultion-de-1974-des-rues-de-lisbonne-au-luxembourg"},"modified":"2024-11-12T09:25:52","modified_gmt":"2024-11-12T09:25:52","slug":"la-revolultion-de-1974-des-rues-de-lisbonne-au-luxembourg","status":"publish","type":"product","link":"https:\/\/www.gero.lu\/de\/produit\/la-revolultion-de-1974-des-rues-de-lisbonne-au-luxembourg","title":{"rendered":"La r\u00e9volution de 1974 &#8211; Des rues de Lisbonne au Luxembourg"},"content":{"rendered":"<p>50 ans apr\u00e8s la R\u00e9volution des \u0152illets au Portugal, le Nationalmus\u00e9e um F\u00ebschmaart propose une exposition retra\u00e7ant cet \u00e9v\u00e8nement et le processus d\u00e9mocratique qui en d\u00e9coulera, \u00e9clair\u00e9 depuis une perspective luxembourgeoise. C\u2019est \u00e0 travers des images, des objets, des t\u00e9moignages et des vid\u00e9os, que l\u2019on y d\u00e9couvre l\u2019histoire de la chute de la derni\u00e8re dictature d\u2019Europe occidentale, tout en contextualisant l\u2019immigration lusophone du Grand-Duch\u00e9. La visite est accompagn\u00e9e et comment\u00e9e par Serge Kollwelter, \u00e9crivain et activiste luxembourgeois.<\/p>\n","protected":false},"excerpt":{"rendered":"<p>50 ans apr\u00e8s la R\u00e9volution des \u0152illets au Portugal, le Nationalmus\u00e9e um F\u00ebschmaart propose une exposition retra\u00e7ant cet \u00e9v\u00e8nement et le processus d\u00e9mocratique qui en d\u00e9coulera, \u00e9clair\u00e9 depuis une perspective luxembourgeoise. C\u2019est \u00e0 travers des images, des objets, des t\u00e9moignages et des vid\u00e9os, que l\u2019on y d\u00e9couvre l\u2019histoire de la chute de la derni\u00e8re dictature [&hellip;]<\/p>\n","protected":false},"featured_media":0,"comment_status":"closed","ping_status":"closed","template":"","meta":{"_acf_changed":false,"inline_featured_image":false},"product_brand":[],"product_cat":[230],"product_tag":[199],"class_list":{"0":"post-7579","1":"product","2":"type-product","3":"status-publish","5":"product_cat-visite","6":"product_tag-culture-senior","8":"first","9":"outofstock","10":"virtual","11":"purchasable","12":"product-type-simple"},"acf":[],"yoast_head":"<!-- This site is optimized with the Yoast SEO Premium plugin v27.4 (Yoast SEO v27.4) - https:\/\/yoast.com\/product\/yoast-seo-premium-wordpress\/ -->\n<title>La r\u00e9volution de 1974 - Des rues de Lisbonne au Luxembourg - GERO<\/title>\n<meta name=\"robots\" content=\"index, follow, max-snippet:-1, max-image-preview:large, max-video-preview:-1\" \/>\n<link rel=\"canonical\" href=\"https:\/\/www.gero.lu\/de\/produit\/la-revolultion-de-1974-des-rues-de-lisbonne-au-luxembourg\" \/>\n<meta property=\"og:locale\" content=\"de_DE\" \/>\n<meta property=\"og:type\" content=\"article\" \/>\n<meta property=\"og:title\" content=\"La r\u00e9volution de 1974 - Des rues de Lisbonne au Luxembourg\" \/>\n<meta property=\"og:description\" content=\"50 ans apr\u00e8s la R\u00e9volution des \u0152illets au Portugal, le Nationalmus\u00e9e um F\u00ebschmaart propose une exposition retra\u00e7ant cet \u00e9v\u00e8nement et le processus d\u00e9mocratique qui en d\u00e9coulera, \u00e9clair\u00e9 depuis une perspective luxembourgeoise. C\u2019est \u00e0 travers des images, des objets, des t\u00e9moignages et des vid\u00e9os, que l\u2019on y d\u00e9couvre l\u2019histoire de la chute de la derni\u00e8re dictature [&hellip;]\" \/>\n<meta property=\"og:url\" content=\"https:\/\/www.gero.lu\/de\/produit\/la-revolultion-de-1974-des-rues-de-lisbonne-au-luxembourg\" \/>\n<meta property=\"og:site_name\" content=\"GERO\" \/>\n<meta property=\"article:publisher\" content=\"https:\/\/www.facebook.com\/Kompetenzzenter\/\" \/>\n<meta property=\"article:modified_time\" content=\"2024-11-12T09:25:52+00:00\" \/>\n<meta property=\"og:image\" content=\"https:\/\/www.gero.lu\/wp-content\/uploads\/2021\/08\/gettyimages-1135289130-2048x2048_RET-1.jpg\" \/>\n\t<meta property=\"og:image:width\" content=\"1227\" \/>\n\t<meta property=\"og:image:height\" content=\"802\" \/>\n\t<meta property=\"og:image:type\" content=\"image\/jpeg\" \/>\n<meta name=\"twitter:card\" content=\"summary_large_image\" \/>\n<script type=\"application\/ld+json\" class=\"yoast-schema-graph\">{\"@context\":\"https:\\\/\\\/schema.org\",\"@graph\":[{\"@type\":\"WebPage\",\"@id\":\"https:\\\/\\\/www.gero.lu\\\/de\\\/produit\\\/la-revolultion-de-1974-des-rues-de-lisbonne-au-luxembourg\",\"url\":\"https:\\\/\\\/www.gero.lu\\\/de\\\/produit\\\/la-revolultion-de-1974-des-rues-de-lisbonne-au-luxembourg\",\"name\":\"La r\u00e9volution de 1974 - Des rues de Lisbonne au Luxembourg - GERO\",\"isPartOf\":{\"@id\":\"https:\\\/\\\/www.gero.lu\\\/de\\\/#website\"},\"datePublished\":\"2024-08-02T14:23:33+00:00\",\"dateModified\":\"2024-11-12T09:25:52+00:00\",\"breadcrumb\":{\"@id\":\"https:\\\/\\\/www.gero.lu\\\/de\\\/produit\\\/la-revolultion-de-1974-des-rues-de-lisbonne-au-luxembourg#breadcrumb\"},\"inLanguage\":\"de\",\"potentialAction\":[{\"@type\":\"ReadAction\",\"target\":[[\"https:\\\/\\\/www.gero.lu\\\/de\\\/produit\\\/la-revolultion-de-1974-des-rues-de-lisbonne-au-luxembourg\"]]}]},{\"@type\":\"BreadcrumbList\",\"@id\":\"https:\\\/\\\/www.gero.lu\\\/de\\\/produit\\\/la-revolultion-de-1974-des-rues-de-lisbonne-au-luxembourg#breadcrumb\",\"itemListElement\":[{\"@type\":\"ListItem\",\"position\":1,\"name\":\"Accueil\",\"item\":\"https:\\\/\\\/www.gero.lu\\\/de\\\/\"},{\"@type\":\"ListItem\",\"position\":2,\"name\":\"Shop\",\"item\":\"https:\\\/\\\/www.gero.lu\\\/de\\\/shop\"},{\"@type\":\"ListItem\",\"position\":3,\"name\":\"La r\u00e9volution de 1974 &#8211; Des rues de Lisbonne au Luxembourg\"}]},{\"@type\":\"WebSite\",\"@id\":\"https:\\\/\\\/www.gero.lu\\\/de\\\/#website\",\"url\":\"https:\\\/\\\/www.gero.lu\\\/de\\\/\",\"name\":\"Gero\",\"description\":\"Kompetenzzenter fir den Alter\",\"publisher\":{\"@id\":\"https:\\\/\\\/www.gero.lu\\\/de\\\/#organization\"},\"potentialAction\":[{\"@type\":\"SearchAction\",\"target\":{\"@type\":\"EntryPoint\",\"urlTemplate\":\"https:\\\/\\\/www.gero.lu\\\/de\\\/?s={search_term_string}\"},\"query-input\":{\"@type\":\"PropertyValueSpecification\",\"valueRequired\":true,\"valueName\":\"search_term_string\"}}],\"inLanguage\":\"de\"},{\"@type\":\"Organization\",\"@id\":\"https:\\\/\\\/www.gero.lu\\\/de\\\/#organization\",\"name\":\"Gero\",\"url\":\"https:\\\/\\\/www.gero.lu\\\/de\\\/\",\"logo\":{\"@type\":\"ImageObject\",\"inLanguage\":\"de\",\"@id\":\"https:\\\/\\\/www.gero.lu\\\/de\\\/#\\\/schema\\\/logo\\\/image\\\/\",\"url\":\"https:\\\/\\\/www.gero.lu\\\/wp-content\\\/uploads\\\/2024\\\/04\\\/logo.svg\",\"contentUrl\":\"https:\\\/\\\/www.gero.lu\\\/wp-content\\\/uploads\\\/2024\\\/04\\\/logo.svg\",\"width\":76,\"height\":30,\"caption\":\"Gero\"},\"image\":{\"@id\":\"https:\\\/\\\/www.gero.lu\\\/de\\\/#\\\/schema\\\/logo\\\/image\\\/\"},\"sameAs\":[\"https:\\\/\\\/www.facebook.com\\\/Kompetenzzenter\\\/\",\"https:\\\/\\\/www.instagram.com\\\/gero.kompetenzzenter\\\/\",\"https:\\\/\\\/linkedin.com\\\/company\\\/gero-kompetenzzenter-fir-den-alter\",\"https:\\\/\\\/www.youtube.com\\\/channel\\\/UCJvmJYSeHh3dYQsLHZupj-Q\"]}]}<\/script>\n<!-- \/ Yoast SEO Premium plugin. -->","yoast_head_json":{"title":"La r\u00e9volution de 1974 - Des rues de Lisbonne au Luxembourg - GERO","robots":{"index":"index","follow":"follow","max-snippet":"max-snippet:-1","max-image-preview":"max-image-preview:large","max-video-preview":"max-video-preview:-1"},"canonical":"https:\/\/www.gero.lu\/de\/produit\/la-revolultion-de-1974-des-rues-de-lisbonne-au-luxembourg","og_locale":"de_DE","og_type":"article","og_title":"La r\u00e9volution de 1974 - Des rues de Lisbonne au Luxembourg","og_description":"50 ans apr\u00e8s la R\u00e9volution des \u0152illets au Portugal, le Nationalmus\u00e9e um F\u00ebschmaart propose une exposition retra\u00e7ant cet \u00e9v\u00e8nement et le processus d\u00e9mocratique qui en d\u00e9coulera, \u00e9clair\u00e9 depuis une perspective luxembourgeoise. C\u2019est \u00e0 travers des images, des objets, des t\u00e9moignages et des vid\u00e9os, que l\u2019on y d\u00e9couvre l\u2019histoire de la chute de la derni\u00e8re dictature [&hellip;]","og_url":"https:\/\/www.gero.lu\/de\/produit\/la-revolultion-de-1974-des-rues-de-lisbonne-au-luxembourg","og_site_name":"GERO","article_publisher":"https:\/\/www.facebook.com\/Kompetenzzenter\/","article_modified_time":"2024-11-12T09:25:52+00:00","og_image":[{"width":1227,"height":802,"url":"https:\/\/www.gero.lu\/wp-content\/uploads\/2021\/08\/gettyimages-1135289130-2048x2048_RET-1.jpg","type":"image\/jpeg"}],"twitter_card":"summary_large_image","schema":{"@context":"https:\/\/schema.org","@graph":[{"@type":"WebPage","@id":"https:\/\/www.gero.lu\/de\/produit\/la-revolultion-de-1974-des-rues-de-lisbonne-au-luxembourg","url":"https:\/\/www.gero.lu\/de\/produit\/la-revolultion-de-1974-des-rues-de-lisbonne-au-luxembourg","name":"La r\u00e9volution de 1974 - Des rues de Lisbonne au Luxembourg - GERO","isPartOf":{"@id":"https:\/\/www.gero.lu\/de\/#website"},"datePublished":"2024-08-02T14:23:33+00:00","dateModified":"2024-11-12T09:25:52+00:00","breadcrumb":{"@id":"https:\/\/www.gero.lu\/de\/produit\/la-revolultion-de-1974-des-rues-de-lisbonne-au-luxembourg#breadcrumb"},"inLanguage":"de","potentialAction":[{"@type":"ReadAction","target":[["https:\/\/www.gero.lu\/de\/produit\/la-revolultion-de-1974-des-rues-de-lisbonne-au-luxembourg"]]}]},{"@type":"BreadcrumbList","@id":"https:\/\/www.gero.lu\/de\/produit\/la-revolultion-de-1974-des-rues-de-lisbonne-au-luxembourg#breadcrumb","itemListElement":[{"@type":"ListItem","position":1,"name":"Accueil","item":"https:\/\/www.gero.lu\/de\/"},{"@type":"ListItem","position":2,"name":"Shop","item":"https:\/\/www.gero.lu\/de\/shop"},{"@type":"ListItem","position":3,"name":"La r\u00e9volution de 1974 &#8211; Des rues de Lisbonne au Luxembourg"}]},{"@type":"WebSite","@id":"https:\/\/www.gero.lu\/de\/#website","url":"https:\/\/www.gero.lu\/de\/","name":"Gero","description":"Kompetenzzenter fir den Alter","publisher":{"@id":"https:\/\/www.gero.lu\/de\/#organization"},"potentialAction":[{"@type":"SearchAction","target":{"@type":"EntryPoint","urlTemplate":"https:\/\/www.gero.lu\/de\/?s={search_term_string}"},"query-input":{"@type":"PropertyValueSpecification","valueRequired":true,"valueName":"search_term_string"}}],"inLanguage":"de"},{"@type":"Organization","@id":"https:\/\/www.gero.lu\/de\/#organization","name":"Gero","url":"https:\/\/www.gero.lu\/de\/","logo":{"@type":"ImageObject","inLanguage":"de","@id":"https:\/\/www.gero.lu\/de\/#\/schema\/logo\/image\/","url":"https:\/\/www.gero.lu\/wp-content\/uploads\/2024\/04\/logo.svg","contentUrl":"https:\/\/www.gero.lu\/wp-content\/uploads\/2024\/04\/logo.svg","width":76,"height":30,"caption":"Gero"},"image":{"@id":"https:\/\/www.gero.lu\/de\/#\/schema\/logo\/image\/"},"sameAs":["https:\/\/www.facebook.com\/Kompetenzzenter\/","https:\/\/www.instagram.com\/gero.kompetenzzenter\/","https:\/\/linkedin.com\/company\/gero-kompetenzzenter-fir-den-alter","https:\/\/www.youtube.com\/channel\/UCJvmJYSeHh3dYQsLHZupj-Q"]}]}},"_links":{"self":[{"href":"https:\/\/www.gero.lu\/de\/wp-json\/wp\/v2\/product\/7579","targetHints":{"allow":["GET"]}}],"collection":[{"href":"https:\/\/www.gero.lu\/de\/wp-json\/wp\/v2\/product"}],"about":[{"href":"https:\/\/www.gero.lu\/de\/wp-json\/wp\/v2\/types\/product"}],"replies":[{"embeddable":true,"href":"https:\/\/www.gero.lu\/de\/wp-json\/wp\/v2\/comments?post=7579"}],"wp:attachment":[{"href":"https:\/\/www.gero.lu\/de\/wp-json\/wp\/v2\/media?parent=7579"}],"wp:term":[{"taxonomy":"product_brand","embeddable":true,"href":"https:\/\/www.gero.lu\/de\/wp-json\/wp\/v2\/product_brand?post=7579"},{"taxonomy":"product_cat","embeddable":true,"href":"https:\/\/www.gero.lu\/de\/wp-json\/wp\/v2\/product_cat?post=7579"},{"taxonomy":"product_tag","embeddable":true,"href":"https:\/\/www.gero.lu\/de\/wp-json\/wp\/v2\/product_tag?post=7579"}],"curies":[{"name":"wp","href":"https:\/\/api.w.org\/{rel}","templated":true}]}}