{"id":7575,"date":"2024-08-02T13:23:05","date_gmt":"2024-08-02T13:23:05","guid":{"rendered":"https:\/\/www.gero.lu\/produit\/umgang-mit-sucht-im-alter-akute-und-praventive-masnahmen"},"modified":"2024-09-30T10:21:52","modified_gmt":"2024-09-30T10:21:52","slug":"umgang-mit-sucht-im-alter-akute-und-praventive-masnahmen","status":"publish","type":"product","link":"https:\/\/www.gero.lu\/de\/produit\/umgang-mit-sucht-im-alter-akute-und-praventive-masnahmen","title":{"rendered":"Umgang mit Sucht im Alter &#8211; Akute und pr\u00e4ventive Ma\u00dfnahmen"},"content":{"rendered":"<p>Das Thema Sucht im Alter gewinnt aufgrund unserer alternden Gesellschaft zunehmend an Bedeutung. In dem Vortrag von Sacha Bachim, Psychotherapeut und Fachberater f\u00fcr Suchtpr\u00e4vention und Gesundheitsf\u00f6rderung beim CNAPA (Centre National de Pr\u00e9vention des Addictions), werden verschiedene Formen von Abh\u00e4ngigkeit und die vielschichtigen Gr\u00fcnde f\u00fcr Suchtverhalten im Alter beleuchtet. Dabei wird auch ein Blick auf die Auswirkungen auf die physische und psychische Gesundheit geworfen. Ferner wird erl\u00e4utert, welche pr\u00e4ventive Ma\u00dfnahmen dazu beitragen k\u00f6nnen, das Risiko von Sucht im Alter zu verringern und die Lebensqualit\u00e4t \u00e4lterer Menschen zu verbessern.<\/p>\n<p>Anschlie\u00dfend besteht die M\u00f6glichkeit zu Fragen und Austausch bei einem geselligen, nicht-alkoholischen Umtrunk.<\/p>\n","protected":false},"excerpt":{"rendered":"<p>Das Thema Sucht im Alter gewinnt aufgrund unserer alternden Gesellschaft zunehmend an Bedeutung. In dem Vortrag von Sacha Bachim, Psychotherapeut und Fachberater f\u00fcr Suchtpr\u00e4vention und Gesundheitsf\u00f6rderung beim CNAPA (Centre National de Pr\u00e9vention des Addictions), werden verschiedene Formen von Abh\u00e4ngigkeit und die vielschichtigen Gr\u00fcnde f\u00fcr Suchtverhalten im Alter beleuchtet. Dabei wird auch ein Blick auf die [&hellip;]<\/p>\n","protected":false},"featured_media":0,"comment_status":"closed","ping_status":"closed","template":"","meta":{"_acf_changed":false,"inline_featured_image":false},"product_brand":[],"product_cat":[228],"product_tag":[200],"class_list":{"0":"post-7575","1":"product","2":"type-product","3":"status-publish","5":"product_cat-conference","6":"product_tag-sante-senior","8":"first","9":"instock","10":"virtual","11":"purchasable","12":"product-type-simple"},"acf":[],"yoast_head":"<!-- This site is optimized with the Yoast SEO Premium plugin v27.4 (Yoast SEO v27.6) - https:\/\/yoast.com\/product\/yoast-seo-premium-wordpress\/ -->\n<title>Umgang mit Sucht im Alter - Akute und pr\u00e4ventive Ma\u00dfnahmen - GERO<\/title>\n<meta name=\"robots\" content=\"index, follow, max-snippet:-1, max-image-preview:large, max-video-preview:-1\" \/>\n<link rel=\"canonical\" href=\"https:\/\/www.gero.lu\/de\/produit\/umgang-mit-sucht-im-alter-akute-und-praventive-masnahmen\" \/>\n<meta property=\"og:locale\" content=\"de_DE\" \/>\n<meta property=\"og:type\" content=\"article\" \/>\n<meta property=\"og:title\" content=\"Umgang mit Sucht im Alter - Akute und pr\u00e4ventive Ma\u00dfnahmen\" \/>\n<meta property=\"og:description\" content=\"Das Thema Sucht im Alter gewinnt aufgrund unserer alternden Gesellschaft zunehmend an Bedeutung. In dem Vortrag von Sacha Bachim, Psychotherapeut und Fachberater f\u00fcr Suchtpr\u00e4vention und Gesundheitsf\u00f6rderung beim CNAPA (Centre National de Pr\u00e9vention des Addictions), werden verschiedene Formen von Abh\u00e4ngigkeit und die vielschichtigen Gr\u00fcnde f\u00fcr Suchtverhalten im Alter beleuchtet. Dabei wird auch ein Blick auf die [&hellip;]\" \/>\n<meta property=\"og:url\" content=\"https:\/\/www.gero.lu\/de\/produit\/umgang-mit-sucht-im-alter-akute-und-praventive-masnahmen\" \/>\n<meta property=\"og:site_name\" content=\"GERO\" \/>\n<meta property=\"article:publisher\" content=\"https:\/\/www.facebook.com\/Kompetenzzenter\/\" \/>\n<meta property=\"article:modified_time\" content=\"2024-09-30T10:21:52+00:00\" \/>\n<meta property=\"og:image\" content=\"https:\/\/www.gero.lu\/wp-content\/uploads\/2021\/08\/gettyimages-1135289130-2048x2048_RET-1.jpg\" \/>\n\t<meta property=\"og:image:width\" content=\"1227\" \/>\n\t<meta property=\"og:image:height\" content=\"802\" \/>\n\t<meta property=\"og:image:type\" content=\"image\/jpeg\" \/>\n<meta name=\"twitter:card\" content=\"summary_large_image\" \/>\n<meta name=\"twitter:label1\" content=\"Gesch\u00e4tzte Lesezeit\" \/>\n\t<meta name=\"twitter:data1\" content=\"1\u00a0Minute\" \/>\n<script type=\"application\/ld+json\" class=\"yoast-schema-graph\">{\"@context\":\"https:\\\/\\\/schema.org\",\"@graph\":[{\"@type\":\"WebPage\",\"@id\":\"https:\\\/\\\/www.gero.lu\\\/de\\\/produit\\\/umgang-mit-sucht-im-alter-akute-und-praventive-masnahmen\",\"url\":\"https:\\\/\\\/www.gero.lu\\\/de\\\/produit\\\/umgang-mit-sucht-im-alter-akute-und-praventive-masnahmen\",\"name\":\"Umgang mit Sucht im Alter - Akute und pr\u00e4ventive Ma\u00dfnahmen - GERO\",\"isPartOf\":{\"@id\":\"https:\\\/\\\/www.gero.lu\\\/de\\\/#website\"},\"datePublished\":\"2024-08-02T13:23:05+00:00\",\"dateModified\":\"2024-09-30T10:21:52+00:00\",\"breadcrumb\":{\"@id\":\"https:\\\/\\\/www.gero.lu\\\/de\\\/produit\\\/umgang-mit-sucht-im-alter-akute-und-praventive-masnahmen#breadcrumb\"},\"inLanguage\":\"de\",\"potentialAction\":[{\"@type\":\"ReadAction\",\"target\":[[\"https:\\\/\\\/www.gero.lu\\\/de\\\/produit\\\/umgang-mit-sucht-im-alter-akute-und-praventive-masnahmen\"]]}]},{\"@type\":\"BreadcrumbList\",\"@id\":\"https:\\\/\\\/www.gero.lu\\\/de\\\/produit\\\/umgang-mit-sucht-im-alter-akute-und-praventive-masnahmen#breadcrumb\",\"itemListElement\":[{\"@type\":\"ListItem\",\"position\":1,\"name\":\"Accueil\",\"item\":\"https:\\\/\\\/www.gero.lu\\\/de\\\/\"},{\"@type\":\"ListItem\",\"position\":2,\"name\":\"Shop\",\"item\":\"https:\\\/\\\/www.gero.lu\\\/de\\\/shop\"},{\"@type\":\"ListItem\",\"position\":3,\"name\":\"Umgang mit Sucht im Alter &#8211; Akute und pr\u00e4ventive Ma\u00dfnahmen\"}]},{\"@type\":\"WebSite\",\"@id\":\"https:\\\/\\\/www.gero.lu\\\/de\\\/#website\",\"url\":\"https:\\\/\\\/www.gero.lu\\\/de\\\/\",\"name\":\"Gero\",\"description\":\"Kompetenzzenter fir den Alter\",\"publisher\":{\"@id\":\"https:\\\/\\\/www.gero.lu\\\/de\\\/#organization\"},\"potentialAction\":[{\"@type\":\"SearchAction\",\"target\":{\"@type\":\"EntryPoint\",\"urlTemplate\":\"https:\\\/\\\/www.gero.lu\\\/de\\\/?s={search_term_string}\"},\"query-input\":{\"@type\":\"PropertyValueSpecification\",\"valueRequired\":true,\"valueName\":\"search_term_string\"}}],\"inLanguage\":\"de\"},{\"@type\":\"Organization\",\"@id\":\"https:\\\/\\\/www.gero.lu\\\/de\\\/#organization\",\"name\":\"Gero\",\"url\":\"https:\\\/\\\/www.gero.lu\\\/de\\\/\",\"logo\":{\"@type\":\"ImageObject\",\"inLanguage\":\"de\",\"@id\":\"https:\\\/\\\/www.gero.lu\\\/de\\\/#\\\/schema\\\/logo\\\/image\\\/\",\"url\":\"https:\\\/\\\/www.gero.lu\\\/wp-content\\\/uploads\\\/2024\\\/04\\\/logo.svg\",\"contentUrl\":\"https:\\\/\\\/www.gero.lu\\\/wp-content\\\/uploads\\\/2024\\\/04\\\/logo.svg\",\"width\":76,\"height\":30,\"caption\":\"Gero\"},\"image\":{\"@id\":\"https:\\\/\\\/www.gero.lu\\\/de\\\/#\\\/schema\\\/logo\\\/image\\\/\"},\"sameAs\":[\"https:\\\/\\\/www.facebook.com\\\/Kompetenzzenter\\\/\",\"https:\\\/\\\/www.instagram.com\\\/gero.kompetenzzenter\\\/\",\"https:\\\/\\\/linkedin.com\\\/company\\\/gero-kompetenzzenter-fir-den-alter\",\"https:\\\/\\\/www.youtube.com\\\/channel\\\/UCJvmJYSeHh3dYQsLHZupj-Q\"]}]}<\/script>\n<!-- \/ Yoast SEO Premium plugin. -->","yoast_head_json":{"title":"Umgang mit Sucht im Alter - Akute und pr\u00e4ventive Ma\u00dfnahmen - GERO","robots":{"index":"index","follow":"follow","max-snippet":"max-snippet:-1","max-image-preview":"max-image-preview:large","max-video-preview":"max-video-preview:-1"},"canonical":"https:\/\/www.gero.lu\/de\/produit\/umgang-mit-sucht-im-alter-akute-und-praventive-masnahmen","og_locale":"de_DE","og_type":"article","og_title":"Umgang mit Sucht im Alter - Akute und pr\u00e4ventive Ma\u00dfnahmen","og_description":"Das Thema Sucht im Alter gewinnt aufgrund unserer alternden Gesellschaft zunehmend an Bedeutung. In dem Vortrag von Sacha Bachim, Psychotherapeut und Fachberater f\u00fcr Suchtpr\u00e4vention und Gesundheitsf\u00f6rderung beim CNAPA (Centre National de Pr\u00e9vention des Addictions), werden verschiedene Formen von Abh\u00e4ngigkeit und die vielschichtigen Gr\u00fcnde f\u00fcr Suchtverhalten im Alter beleuchtet. Dabei wird auch ein Blick auf die [&hellip;]","og_url":"https:\/\/www.gero.lu\/de\/produit\/umgang-mit-sucht-im-alter-akute-und-praventive-masnahmen","og_site_name":"GERO","article_publisher":"https:\/\/www.facebook.com\/Kompetenzzenter\/","article_modified_time":"2024-09-30T10:21:52+00:00","og_image":[{"width":1227,"height":802,"url":"https:\/\/www.gero.lu\/wp-content\/uploads\/2021\/08\/gettyimages-1135289130-2048x2048_RET-1.jpg","type":"image\/jpeg"}],"twitter_card":"summary_large_image","twitter_misc":{"Gesch\u00e4tzte Lesezeit":"1\u00a0Minute"},"schema":{"@context":"https:\/\/schema.org","@graph":[{"@type":"WebPage","@id":"https:\/\/www.gero.lu\/de\/produit\/umgang-mit-sucht-im-alter-akute-und-praventive-masnahmen","url":"https:\/\/www.gero.lu\/de\/produit\/umgang-mit-sucht-im-alter-akute-und-praventive-masnahmen","name":"Umgang mit Sucht im Alter - Akute und pr\u00e4ventive Ma\u00dfnahmen - GERO","isPartOf":{"@id":"https:\/\/www.gero.lu\/de\/#website"},"datePublished":"2024-08-02T13:23:05+00:00","dateModified":"2024-09-30T10:21:52+00:00","breadcrumb":{"@id":"https:\/\/www.gero.lu\/de\/produit\/umgang-mit-sucht-im-alter-akute-und-praventive-masnahmen#breadcrumb"},"inLanguage":"de","potentialAction":[{"@type":"ReadAction","target":[["https:\/\/www.gero.lu\/de\/produit\/umgang-mit-sucht-im-alter-akute-und-praventive-masnahmen"]]}]},{"@type":"BreadcrumbList","@id":"https:\/\/www.gero.lu\/de\/produit\/umgang-mit-sucht-im-alter-akute-und-praventive-masnahmen#breadcrumb","itemListElement":[{"@type":"ListItem","position":1,"name":"Accueil","item":"https:\/\/www.gero.lu\/de\/"},{"@type":"ListItem","position":2,"name":"Shop","item":"https:\/\/www.gero.lu\/de\/shop"},{"@type":"ListItem","position":3,"name":"Umgang mit Sucht im Alter &#8211; Akute und pr\u00e4ventive Ma\u00dfnahmen"}]},{"@type":"WebSite","@id":"https:\/\/www.gero.lu\/de\/#website","url":"https:\/\/www.gero.lu\/de\/","name":"Gero","description":"Kompetenzzenter fir den Alter","publisher":{"@id":"https:\/\/www.gero.lu\/de\/#organization"},"potentialAction":[{"@type":"SearchAction","target":{"@type":"EntryPoint","urlTemplate":"https:\/\/www.gero.lu\/de\/?s={search_term_string}"},"query-input":{"@type":"PropertyValueSpecification","valueRequired":true,"valueName":"search_term_string"}}],"inLanguage":"de"},{"@type":"Organization","@id":"https:\/\/www.gero.lu\/de\/#organization","name":"Gero","url":"https:\/\/www.gero.lu\/de\/","logo":{"@type":"ImageObject","inLanguage":"de","@id":"https:\/\/www.gero.lu\/de\/#\/schema\/logo\/image\/","url":"https:\/\/www.gero.lu\/wp-content\/uploads\/2024\/04\/logo.svg","contentUrl":"https:\/\/www.gero.lu\/wp-content\/uploads\/2024\/04\/logo.svg","width":76,"height":30,"caption":"Gero"},"image":{"@id":"https:\/\/www.gero.lu\/de\/#\/schema\/logo\/image\/"},"sameAs":["https:\/\/www.facebook.com\/Kompetenzzenter\/","https:\/\/www.instagram.com\/gero.kompetenzzenter\/","https:\/\/linkedin.com\/company\/gero-kompetenzzenter-fir-den-alter","https:\/\/www.youtube.com\/channel\/UCJvmJYSeHh3dYQsLHZupj-Q"]}]}},"_links":{"self":[{"href":"https:\/\/www.gero.lu\/de\/wp-json\/wp\/v2\/product\/7575","targetHints":{"allow":["GET"]}}],"collection":[{"href":"https:\/\/www.gero.lu\/de\/wp-json\/wp\/v2\/product"}],"about":[{"href":"https:\/\/www.gero.lu\/de\/wp-json\/wp\/v2\/types\/product"}],"replies":[{"embeddable":true,"href":"https:\/\/www.gero.lu\/de\/wp-json\/wp\/v2\/comments?post=7575"}],"wp:attachment":[{"href":"https:\/\/www.gero.lu\/de\/wp-json\/wp\/v2\/media?parent=7575"}],"wp:term":[{"taxonomy":"product_brand","embeddable":true,"href":"https:\/\/www.gero.lu\/de\/wp-json\/wp\/v2\/product_brand?post=7575"},{"taxonomy":"product_cat","embeddable":true,"href":"https:\/\/www.gero.lu\/de\/wp-json\/wp\/v2\/product_cat?post=7575"},{"taxonomy":"product_tag","embeddable":true,"href":"https:\/\/www.gero.lu\/de\/wp-json\/wp\/v2\/product_tag?post=7575"}],"curies":[{"name":"wp","href":"https:\/\/api.w.org\/{rel}","templated":true}]}}