{"id":7574,"date":"2024-08-02T13:23:04","date_gmt":"2024-08-02T13:23:04","guid":{"rendered":"https:\/\/www.gero.lu\/produit\/entdecken-sie-guichet-lu-2"},"modified":"2024-10-03T12:24:34","modified_gmt":"2024-10-03T12:24:34","slug":"entdecken-sie-guichet-lu-2","status":"publish","type":"product","link":"https:\/\/www.gero.lu\/de\/produit\/entdecken-sie-guichet-lu-2","title":{"rendered":"Entdecken Sie Guichet.lu"},"content":{"rendered":"<p>Guichet.lu ist ein Informationsportal, das die Interaktion mit dem Staat vereinfachen soll, indem ein schneller Zugang zu allen Informationen und Dienstleistungen, die von Beh\u00f6rden und sonstigen \u00f6ffentlichen Stellen Luxemburgs angeboten werden, erm\u00f6glicht wird. Oft stellen sich dabei folgende Fragen: Wie verwende ich Guichet.lu und MyGuichet.lu? Wie kann ich die Funktionen von MyGuichet.lu nutzen? Wo finde ich Hilfe, wenn ich ein Problem habe? Wenn Ihnen diese \u00dcberlegungen bekannt vorkommen, nehmen Sie an unserem Workshop teil. Nutzen Sie auch die Gelegenheit, die Teams des Zentrums f\u00fcr Informationstechnologien des Staates, die hinter diesen beiden Plattformen stecken, kennenzulernen.<\/p>\n","protected":false},"excerpt":{"rendered":"<p>Guichet.lu ist ein Informationsportal, das die Interaktion mit dem Staat vereinfachen soll, indem ein schneller Zugang zu allen Informationen und Dienstleistungen, die von Beh\u00f6rden und sonstigen \u00f6ffentlichen Stellen Luxemburgs angeboten werden, erm\u00f6glicht wird. Oft stellen sich dabei folgende Fragen: Wie verwende ich Guichet.lu und MyGuichet.lu? Wie kann ich die Funktionen von MyGuichet.lu nutzen? Wo finde [&hellip;]<\/p>\n","protected":false},"featured_media":0,"comment_status":"closed","ping_status":"closed","template":"","meta":{"_acf_changed":false,"inline_featured_image":false},"product_brand":[],"product_cat":[229],"product_tag":[202],"class_list":{"0":"post-7574","1":"product","2":"type-product","3":"status-publish","5":"product_cat-workshop","6":"product_tag-monde-digital-senior","8":"first","9":"outofstock","10":"virtual","11":"purchasable","12":"product-type-simple"},"acf":[],"yoast_head":"<!-- This site is optimized with the Yoast SEO Premium plugin v27.4 (Yoast SEO v27.5) - https:\/\/yoast.com\/product\/yoast-seo-premium-wordpress\/ -->\n<title>Entdecken Sie Guichet.lu - GERO<\/title>\n<meta name=\"robots\" content=\"index, follow, max-snippet:-1, max-image-preview:large, max-video-preview:-1\" \/>\n<link rel=\"canonical\" href=\"https:\/\/www.gero.lu\/de\/produit\/entdecken-sie-guichet-lu-2\" \/>\n<meta property=\"og:locale\" content=\"de_DE\" \/>\n<meta property=\"og:type\" content=\"article\" \/>\n<meta property=\"og:title\" content=\"Entdecken Sie Guichet.lu\" \/>\n<meta property=\"og:description\" content=\"Guichet.lu ist ein Informationsportal, das die Interaktion mit dem Staat vereinfachen soll, indem ein schneller Zugang zu allen Informationen und Dienstleistungen, die von Beh\u00f6rden und sonstigen \u00f6ffentlichen Stellen Luxemburgs angeboten werden, erm\u00f6glicht wird. Oft stellen sich dabei folgende Fragen: Wie verwende ich Guichet.lu und MyGuichet.lu? Wie kann ich die Funktionen von MyGuichet.lu nutzen? Wo finde [&hellip;]\" \/>\n<meta property=\"og:url\" content=\"https:\/\/www.gero.lu\/de\/produit\/entdecken-sie-guichet-lu-2\" \/>\n<meta property=\"og:site_name\" content=\"GERO\" \/>\n<meta property=\"article:publisher\" content=\"https:\/\/www.facebook.com\/Kompetenzzenter\/\" \/>\n<meta property=\"article:modified_time\" content=\"2024-10-03T12:24:34+00:00\" \/>\n<meta property=\"og:image\" content=\"https:\/\/www.gero.lu\/wp-content\/uploads\/2021\/08\/gettyimages-1135289130-2048x2048_RET-1.jpg\" \/>\n\t<meta property=\"og:image:width\" content=\"1227\" \/>\n\t<meta property=\"og:image:height\" content=\"802\" \/>\n\t<meta property=\"og:image:type\" content=\"image\/jpeg\" \/>\n<meta name=\"twitter:card\" content=\"summary_large_image\" \/>\n<meta name=\"twitter:label1\" content=\"Gesch\u00e4tzte Lesezeit\" \/>\n\t<meta name=\"twitter:data1\" content=\"1\u00a0Minute\" \/>\n<script type=\"application\/ld+json\" class=\"yoast-schema-graph\">{\"@context\":\"https:\\\/\\\/schema.org\",\"@graph\":[{\"@type\":\"WebPage\",\"@id\":\"https:\\\/\\\/www.gero.lu\\\/de\\\/produit\\\/entdecken-sie-guichet-lu-2\",\"url\":\"https:\\\/\\\/www.gero.lu\\\/de\\\/produit\\\/entdecken-sie-guichet-lu-2\",\"name\":\"Entdecken Sie Guichet.lu - GERO\",\"isPartOf\":{\"@id\":\"https:\\\/\\\/www.gero.lu\\\/de\\\/#website\"},\"datePublished\":\"2024-08-02T13:23:04+00:00\",\"dateModified\":\"2024-10-03T12:24:34+00:00\",\"breadcrumb\":{\"@id\":\"https:\\\/\\\/www.gero.lu\\\/de\\\/produit\\\/entdecken-sie-guichet-lu-2#breadcrumb\"},\"inLanguage\":\"de\",\"potentialAction\":[{\"@type\":\"ReadAction\",\"target\":[[\"https:\\\/\\\/www.gero.lu\\\/de\\\/produit\\\/entdecken-sie-guichet-lu-2\"]]}]},{\"@type\":\"BreadcrumbList\",\"@id\":\"https:\\\/\\\/www.gero.lu\\\/de\\\/produit\\\/entdecken-sie-guichet-lu-2#breadcrumb\",\"itemListElement\":[{\"@type\":\"ListItem\",\"position\":1,\"name\":\"Accueil\",\"item\":\"https:\\\/\\\/www.gero.lu\\\/de\\\/\"},{\"@type\":\"ListItem\",\"position\":2,\"name\":\"Shop\",\"item\":\"https:\\\/\\\/www.gero.lu\\\/de\\\/shop\"},{\"@type\":\"ListItem\",\"position\":3,\"name\":\"Entdecken Sie Guichet.lu\"}]},{\"@type\":\"WebSite\",\"@id\":\"https:\\\/\\\/www.gero.lu\\\/de\\\/#website\",\"url\":\"https:\\\/\\\/www.gero.lu\\\/de\\\/\",\"name\":\"Gero\",\"description\":\"Kompetenzzenter fir den Alter\",\"publisher\":{\"@id\":\"https:\\\/\\\/www.gero.lu\\\/de\\\/#organization\"},\"potentialAction\":[{\"@type\":\"SearchAction\",\"target\":{\"@type\":\"EntryPoint\",\"urlTemplate\":\"https:\\\/\\\/www.gero.lu\\\/de\\\/?s={search_term_string}\"},\"query-input\":{\"@type\":\"PropertyValueSpecification\",\"valueRequired\":true,\"valueName\":\"search_term_string\"}}],\"inLanguage\":\"de\"},{\"@type\":\"Organization\",\"@id\":\"https:\\\/\\\/www.gero.lu\\\/de\\\/#organization\",\"name\":\"Gero\",\"url\":\"https:\\\/\\\/www.gero.lu\\\/de\\\/\",\"logo\":{\"@type\":\"ImageObject\",\"inLanguage\":\"de\",\"@id\":\"https:\\\/\\\/www.gero.lu\\\/de\\\/#\\\/schema\\\/logo\\\/image\\\/\",\"url\":\"https:\\\/\\\/www.gero.lu\\\/wp-content\\\/uploads\\\/2024\\\/04\\\/logo.svg\",\"contentUrl\":\"https:\\\/\\\/www.gero.lu\\\/wp-content\\\/uploads\\\/2024\\\/04\\\/logo.svg\",\"width\":76,\"height\":30,\"caption\":\"Gero\"},\"image\":{\"@id\":\"https:\\\/\\\/www.gero.lu\\\/de\\\/#\\\/schema\\\/logo\\\/image\\\/\"},\"sameAs\":[\"https:\\\/\\\/www.facebook.com\\\/Kompetenzzenter\\\/\",\"https:\\\/\\\/www.instagram.com\\\/gero.kompetenzzenter\\\/\",\"https:\\\/\\\/linkedin.com\\\/company\\\/gero-kompetenzzenter-fir-den-alter\",\"https:\\\/\\\/www.youtube.com\\\/channel\\\/UCJvmJYSeHh3dYQsLHZupj-Q\"]}]}<\/script>\n<!-- \/ Yoast SEO Premium plugin. -->","yoast_head_json":{"title":"Entdecken Sie Guichet.lu - GERO","robots":{"index":"index","follow":"follow","max-snippet":"max-snippet:-1","max-image-preview":"max-image-preview:large","max-video-preview":"max-video-preview:-1"},"canonical":"https:\/\/www.gero.lu\/de\/produit\/entdecken-sie-guichet-lu-2","og_locale":"de_DE","og_type":"article","og_title":"Entdecken Sie Guichet.lu","og_description":"Guichet.lu ist ein Informationsportal, das die Interaktion mit dem Staat vereinfachen soll, indem ein schneller Zugang zu allen Informationen und Dienstleistungen, die von Beh\u00f6rden und sonstigen \u00f6ffentlichen Stellen Luxemburgs angeboten werden, erm\u00f6glicht wird. Oft stellen sich dabei folgende Fragen: Wie verwende ich Guichet.lu und MyGuichet.lu? Wie kann ich die Funktionen von MyGuichet.lu nutzen? Wo finde [&hellip;]","og_url":"https:\/\/www.gero.lu\/de\/produit\/entdecken-sie-guichet-lu-2","og_site_name":"GERO","article_publisher":"https:\/\/www.facebook.com\/Kompetenzzenter\/","article_modified_time":"2024-10-03T12:24:34+00:00","og_image":[{"width":1227,"height":802,"url":"https:\/\/www.gero.lu\/wp-content\/uploads\/2021\/08\/gettyimages-1135289130-2048x2048_RET-1.jpg","type":"image\/jpeg"}],"twitter_card":"summary_large_image","twitter_misc":{"Gesch\u00e4tzte Lesezeit":"1\u00a0Minute"},"schema":{"@context":"https:\/\/schema.org","@graph":[{"@type":"WebPage","@id":"https:\/\/www.gero.lu\/de\/produit\/entdecken-sie-guichet-lu-2","url":"https:\/\/www.gero.lu\/de\/produit\/entdecken-sie-guichet-lu-2","name":"Entdecken Sie Guichet.lu - GERO","isPartOf":{"@id":"https:\/\/www.gero.lu\/de\/#website"},"datePublished":"2024-08-02T13:23:04+00:00","dateModified":"2024-10-03T12:24:34+00:00","breadcrumb":{"@id":"https:\/\/www.gero.lu\/de\/produit\/entdecken-sie-guichet-lu-2#breadcrumb"},"inLanguage":"de","potentialAction":[{"@type":"ReadAction","target":[["https:\/\/www.gero.lu\/de\/produit\/entdecken-sie-guichet-lu-2"]]}]},{"@type":"BreadcrumbList","@id":"https:\/\/www.gero.lu\/de\/produit\/entdecken-sie-guichet-lu-2#breadcrumb","itemListElement":[{"@type":"ListItem","position":1,"name":"Accueil","item":"https:\/\/www.gero.lu\/de\/"},{"@type":"ListItem","position":2,"name":"Shop","item":"https:\/\/www.gero.lu\/de\/shop"},{"@type":"ListItem","position":3,"name":"Entdecken Sie Guichet.lu"}]},{"@type":"WebSite","@id":"https:\/\/www.gero.lu\/de\/#website","url":"https:\/\/www.gero.lu\/de\/","name":"Gero","description":"Kompetenzzenter fir den Alter","publisher":{"@id":"https:\/\/www.gero.lu\/de\/#organization"},"potentialAction":[{"@type":"SearchAction","target":{"@type":"EntryPoint","urlTemplate":"https:\/\/www.gero.lu\/de\/?s={search_term_string}"},"query-input":{"@type":"PropertyValueSpecification","valueRequired":true,"valueName":"search_term_string"}}],"inLanguage":"de"},{"@type":"Organization","@id":"https:\/\/www.gero.lu\/de\/#organization","name":"Gero","url":"https:\/\/www.gero.lu\/de\/","logo":{"@type":"ImageObject","inLanguage":"de","@id":"https:\/\/www.gero.lu\/de\/#\/schema\/logo\/image\/","url":"https:\/\/www.gero.lu\/wp-content\/uploads\/2024\/04\/logo.svg","contentUrl":"https:\/\/www.gero.lu\/wp-content\/uploads\/2024\/04\/logo.svg","width":76,"height":30,"caption":"Gero"},"image":{"@id":"https:\/\/www.gero.lu\/de\/#\/schema\/logo\/image\/"},"sameAs":["https:\/\/www.facebook.com\/Kompetenzzenter\/","https:\/\/www.instagram.com\/gero.kompetenzzenter\/","https:\/\/linkedin.com\/company\/gero-kompetenzzenter-fir-den-alter","https:\/\/www.youtube.com\/channel\/UCJvmJYSeHh3dYQsLHZupj-Q"]}]}},"_links":{"self":[{"href":"https:\/\/www.gero.lu\/de\/wp-json\/wp\/v2\/product\/7574","targetHints":{"allow":["GET"]}}],"collection":[{"href":"https:\/\/www.gero.lu\/de\/wp-json\/wp\/v2\/product"}],"about":[{"href":"https:\/\/www.gero.lu\/de\/wp-json\/wp\/v2\/types\/product"}],"replies":[{"embeddable":true,"href":"https:\/\/www.gero.lu\/de\/wp-json\/wp\/v2\/comments?post=7574"}],"wp:attachment":[{"href":"https:\/\/www.gero.lu\/de\/wp-json\/wp\/v2\/media?parent=7574"}],"wp:term":[{"taxonomy":"product_brand","embeddable":true,"href":"https:\/\/www.gero.lu\/de\/wp-json\/wp\/v2\/product_brand?post=7574"},{"taxonomy":"product_cat","embeddable":true,"href":"https:\/\/www.gero.lu\/de\/wp-json\/wp\/v2\/product_cat?post=7574"},{"taxonomy":"product_tag","embeddable":true,"href":"https:\/\/www.gero.lu\/de\/wp-json\/wp\/v2\/product_tag?post=7574"}],"curies":[{"name":"wp","href":"https:\/\/api.w.org\/{rel}","templated":true}]}}