{"id":7390,"date":"2024-06-10T13:24:30","date_gmt":"2024-06-10T13:24:30","guid":{"rendered":"https:\/\/www.gero.lu\/produit\/golden-girls-beckenbodentraining"},"modified":"2024-11-12T09:25:47","modified_gmt":"2024-11-12T09:25:47","slug":"golden-girls-beckenbodentraining","status":"publish","type":"product","link":"https:\/\/www.gero.lu\/de\/produit\/golden-girls-beckenbodentraining","title":{"rendered":"Golden Girls &#8211; Beckenbodentraining"},"content":{"rendered":"<p>Viele sind von ihr betroffen, aber nur die wenigsten sprechen dar\u00fcber. Dabei ist Blasenschw\u00e4che ein Symptom, dem mit gezielten<br \/>\n\u00dcbungen des gesamten Bewegungsapparates,<br \/>\neinem bewussten Trinkverhalten sowie einer besseren K\u00f6rperwahrnehmung erfolgreich entgegengewirkt werden kann.<br \/>\nRegelm\u00e4\u00dfige Beckenboden-\u00dcbungen sind<br \/>\nwichtig, um einer Inkontinenz vorzubeugen<br \/>\noder sie zu behandeln.<\/p>\n<p>Kursleiterin und Gesundheitstrainerin Heidi<br \/>\nWillems erkl\u00e4rt, wie diese im Sitzen sowie im<br \/>\nStehen ausgef\u00fchrt und jederzeit in den Alltag<br \/>\nintegriert werden k\u00f6nnen.<\/p>\n","protected":false},"excerpt":{"rendered":"<p>Viele sind von ihr betroffen, aber nur die wenigsten sprechen dar\u00fcber. Dabei ist Blasenschw\u00e4che ein Symptom, dem mit gezielten \u00dcbungen des gesamten Bewegungsapparates, einem bewussten Trinkverhalten sowie einer besseren K\u00f6rperwahrnehmung erfolgreich entgegengewirkt werden kann. Regelm\u00e4\u00dfige Beckenboden-\u00dcbungen sind wichtig, um einer Inkontinenz vorzubeugen oder sie zu behandeln. Kursleiterin und Gesundheitstrainerin Heidi Willems erkl\u00e4rt, wie diese im [&hellip;]<\/p>\n","protected":false},"featured_media":0,"comment_status":"closed","ping_status":"closed","template":"","meta":{"_acf_changed":false,"inline_featured_image":false},"product_brand":[],"product_cat":[227],"product_tag":[200],"class_list":{"0":"post-7390","1":"product","2":"type-product","3":"status-publish","5":"product_cat-cours","6":"product_tag-sante-senior","8":"first","9":"instock","10":"virtual","11":"purchasable","12":"product-type-simple"},"acf":[],"yoast_head":"<!-- This site is optimized with the Yoast SEO Premium plugin v27.4 (Yoast SEO v27.5) - https:\/\/yoast.com\/product\/yoast-seo-premium-wordpress\/ -->\n<title>Golden Girls - Beckenbodentraining - GERO<\/title>\n<meta name=\"robots\" content=\"index, follow, max-snippet:-1, max-image-preview:large, max-video-preview:-1\" \/>\n<link rel=\"canonical\" href=\"https:\/\/www.gero.lu\/de\/produit\/golden-girls-beckenbodentraining\" \/>\n<meta property=\"og:locale\" content=\"de_DE\" \/>\n<meta property=\"og:type\" content=\"article\" \/>\n<meta property=\"og:title\" content=\"Golden Girls - Beckenbodentraining\" \/>\n<meta property=\"og:description\" content=\"Viele sind von ihr betroffen, aber nur die wenigsten sprechen dar\u00fcber. Dabei ist Blasenschw\u00e4che ein Symptom, dem mit gezielten \u00dcbungen des gesamten Bewegungsapparates, einem bewussten Trinkverhalten sowie einer besseren K\u00f6rperwahrnehmung erfolgreich entgegengewirkt werden kann. Regelm\u00e4\u00dfige Beckenboden-\u00dcbungen sind wichtig, um einer Inkontinenz vorzubeugen oder sie zu behandeln. Kursleiterin und Gesundheitstrainerin Heidi Willems erkl\u00e4rt, wie diese im [&hellip;]\" \/>\n<meta property=\"og:url\" content=\"https:\/\/www.gero.lu\/de\/produit\/golden-girls-beckenbodentraining\" \/>\n<meta property=\"og:site_name\" content=\"GERO\" \/>\n<meta property=\"article:publisher\" content=\"https:\/\/www.facebook.com\/Kompetenzzenter\/\" \/>\n<meta property=\"article:modified_time\" content=\"2024-11-12T09:25:47+00:00\" \/>\n<meta property=\"og:image\" content=\"https:\/\/www.gero.lu\/wp-content\/uploads\/2021\/08\/gettyimages-1135289130-2048x2048_RET-1.jpg\" \/>\n\t<meta property=\"og:image:width\" content=\"1227\" \/>\n\t<meta property=\"og:image:height\" content=\"802\" \/>\n\t<meta property=\"og:image:type\" content=\"image\/jpeg\" \/>\n<meta name=\"twitter:card\" content=\"summary_large_image\" \/>\n<script type=\"application\/ld+json\" class=\"yoast-schema-graph\">{\"@context\":\"https:\\\/\\\/schema.org\",\"@graph\":[{\"@type\":\"WebPage\",\"@id\":\"https:\\\/\\\/www.gero.lu\\\/de\\\/produit\\\/golden-girls-beckenbodentraining\",\"url\":\"https:\\\/\\\/www.gero.lu\\\/de\\\/produit\\\/golden-girls-beckenbodentraining\",\"name\":\"Golden Girls - Beckenbodentraining - GERO\",\"isPartOf\":{\"@id\":\"https:\\\/\\\/www.gero.lu\\\/de\\\/#website\"},\"datePublished\":\"2024-06-10T13:24:30+00:00\",\"dateModified\":\"2024-11-12T09:25:47+00:00\",\"breadcrumb\":{\"@id\":\"https:\\\/\\\/www.gero.lu\\\/de\\\/produit\\\/golden-girls-beckenbodentraining#breadcrumb\"},\"inLanguage\":\"de\",\"potentialAction\":[{\"@type\":\"ReadAction\",\"target\":[[\"https:\\\/\\\/www.gero.lu\\\/de\\\/produit\\\/golden-girls-beckenbodentraining\"]]}]},{\"@type\":\"BreadcrumbList\",\"@id\":\"https:\\\/\\\/www.gero.lu\\\/de\\\/produit\\\/golden-girls-beckenbodentraining#breadcrumb\",\"itemListElement\":[{\"@type\":\"ListItem\",\"position\":1,\"name\":\"Accueil\",\"item\":\"https:\\\/\\\/www.gero.lu\\\/de\\\/\"},{\"@type\":\"ListItem\",\"position\":2,\"name\":\"Shop\",\"item\":\"https:\\\/\\\/www.gero.lu\\\/de\\\/shop\"},{\"@type\":\"ListItem\",\"position\":3,\"name\":\"Golden Girls &#8211; Beckenbodentraining\"}]},{\"@type\":\"WebSite\",\"@id\":\"https:\\\/\\\/www.gero.lu\\\/de\\\/#website\",\"url\":\"https:\\\/\\\/www.gero.lu\\\/de\\\/\",\"name\":\"Gero\",\"description\":\"Kompetenzzenter fir den Alter\",\"publisher\":{\"@id\":\"https:\\\/\\\/www.gero.lu\\\/de\\\/#organization\"},\"potentialAction\":[{\"@type\":\"SearchAction\",\"target\":{\"@type\":\"EntryPoint\",\"urlTemplate\":\"https:\\\/\\\/www.gero.lu\\\/de\\\/?s={search_term_string}\"},\"query-input\":{\"@type\":\"PropertyValueSpecification\",\"valueRequired\":true,\"valueName\":\"search_term_string\"}}],\"inLanguage\":\"de\"},{\"@type\":\"Organization\",\"@id\":\"https:\\\/\\\/www.gero.lu\\\/de\\\/#organization\",\"name\":\"Gero\",\"url\":\"https:\\\/\\\/www.gero.lu\\\/de\\\/\",\"logo\":{\"@type\":\"ImageObject\",\"inLanguage\":\"de\",\"@id\":\"https:\\\/\\\/www.gero.lu\\\/de\\\/#\\\/schema\\\/logo\\\/image\\\/\",\"url\":\"https:\\\/\\\/www.gero.lu\\\/wp-content\\\/uploads\\\/2024\\\/04\\\/logo.svg\",\"contentUrl\":\"https:\\\/\\\/www.gero.lu\\\/wp-content\\\/uploads\\\/2024\\\/04\\\/logo.svg\",\"width\":76,\"height\":30,\"caption\":\"Gero\"},\"image\":{\"@id\":\"https:\\\/\\\/www.gero.lu\\\/de\\\/#\\\/schema\\\/logo\\\/image\\\/\"},\"sameAs\":[\"https:\\\/\\\/www.facebook.com\\\/Kompetenzzenter\\\/\",\"https:\\\/\\\/www.instagram.com\\\/gero.kompetenzzenter\\\/\",\"https:\\\/\\\/linkedin.com\\\/company\\\/gero-kompetenzzenter-fir-den-alter\",\"https:\\\/\\\/www.youtube.com\\\/channel\\\/UCJvmJYSeHh3dYQsLHZupj-Q\"]}]}<\/script>\n<!-- \/ Yoast SEO Premium plugin. -->","yoast_head_json":{"title":"Golden Girls - Beckenbodentraining - GERO","robots":{"index":"index","follow":"follow","max-snippet":"max-snippet:-1","max-image-preview":"max-image-preview:large","max-video-preview":"max-video-preview:-1"},"canonical":"https:\/\/www.gero.lu\/de\/produit\/golden-girls-beckenbodentraining","og_locale":"de_DE","og_type":"article","og_title":"Golden Girls - Beckenbodentraining","og_description":"Viele sind von ihr betroffen, aber nur die wenigsten sprechen dar\u00fcber. Dabei ist Blasenschw\u00e4che ein Symptom, dem mit gezielten \u00dcbungen des gesamten Bewegungsapparates, einem bewussten Trinkverhalten sowie einer besseren K\u00f6rperwahrnehmung erfolgreich entgegengewirkt werden kann. Regelm\u00e4\u00dfige Beckenboden-\u00dcbungen sind wichtig, um einer Inkontinenz vorzubeugen oder sie zu behandeln. Kursleiterin und Gesundheitstrainerin Heidi Willems erkl\u00e4rt, wie diese im [&hellip;]","og_url":"https:\/\/www.gero.lu\/de\/produit\/golden-girls-beckenbodentraining","og_site_name":"GERO","article_publisher":"https:\/\/www.facebook.com\/Kompetenzzenter\/","article_modified_time":"2024-11-12T09:25:47+00:00","og_image":[{"width":1227,"height":802,"url":"https:\/\/www.gero.lu\/wp-content\/uploads\/2021\/08\/gettyimages-1135289130-2048x2048_RET-1.jpg","type":"image\/jpeg"}],"twitter_card":"summary_large_image","schema":{"@context":"https:\/\/schema.org","@graph":[{"@type":"WebPage","@id":"https:\/\/www.gero.lu\/de\/produit\/golden-girls-beckenbodentraining","url":"https:\/\/www.gero.lu\/de\/produit\/golden-girls-beckenbodentraining","name":"Golden Girls - Beckenbodentraining - GERO","isPartOf":{"@id":"https:\/\/www.gero.lu\/de\/#website"},"datePublished":"2024-06-10T13:24:30+00:00","dateModified":"2024-11-12T09:25:47+00:00","breadcrumb":{"@id":"https:\/\/www.gero.lu\/de\/produit\/golden-girls-beckenbodentraining#breadcrumb"},"inLanguage":"de","potentialAction":[{"@type":"ReadAction","target":[["https:\/\/www.gero.lu\/de\/produit\/golden-girls-beckenbodentraining"]]}]},{"@type":"BreadcrumbList","@id":"https:\/\/www.gero.lu\/de\/produit\/golden-girls-beckenbodentraining#breadcrumb","itemListElement":[{"@type":"ListItem","position":1,"name":"Accueil","item":"https:\/\/www.gero.lu\/de\/"},{"@type":"ListItem","position":2,"name":"Shop","item":"https:\/\/www.gero.lu\/de\/shop"},{"@type":"ListItem","position":3,"name":"Golden Girls &#8211; Beckenbodentraining"}]},{"@type":"WebSite","@id":"https:\/\/www.gero.lu\/de\/#website","url":"https:\/\/www.gero.lu\/de\/","name":"Gero","description":"Kompetenzzenter fir den Alter","publisher":{"@id":"https:\/\/www.gero.lu\/de\/#organization"},"potentialAction":[{"@type":"SearchAction","target":{"@type":"EntryPoint","urlTemplate":"https:\/\/www.gero.lu\/de\/?s={search_term_string}"},"query-input":{"@type":"PropertyValueSpecification","valueRequired":true,"valueName":"search_term_string"}}],"inLanguage":"de"},{"@type":"Organization","@id":"https:\/\/www.gero.lu\/de\/#organization","name":"Gero","url":"https:\/\/www.gero.lu\/de\/","logo":{"@type":"ImageObject","inLanguage":"de","@id":"https:\/\/www.gero.lu\/de\/#\/schema\/logo\/image\/","url":"https:\/\/www.gero.lu\/wp-content\/uploads\/2024\/04\/logo.svg","contentUrl":"https:\/\/www.gero.lu\/wp-content\/uploads\/2024\/04\/logo.svg","width":76,"height":30,"caption":"Gero"},"image":{"@id":"https:\/\/www.gero.lu\/de\/#\/schema\/logo\/image\/"},"sameAs":["https:\/\/www.facebook.com\/Kompetenzzenter\/","https:\/\/www.instagram.com\/gero.kompetenzzenter\/","https:\/\/linkedin.com\/company\/gero-kompetenzzenter-fir-den-alter","https:\/\/www.youtube.com\/channel\/UCJvmJYSeHh3dYQsLHZupj-Q"]}]}},"_links":{"self":[{"href":"https:\/\/www.gero.lu\/de\/wp-json\/wp\/v2\/product\/7390","targetHints":{"allow":["GET"]}}],"collection":[{"href":"https:\/\/www.gero.lu\/de\/wp-json\/wp\/v2\/product"}],"about":[{"href":"https:\/\/www.gero.lu\/de\/wp-json\/wp\/v2\/types\/product"}],"replies":[{"embeddable":true,"href":"https:\/\/www.gero.lu\/de\/wp-json\/wp\/v2\/comments?post=7390"}],"wp:attachment":[{"href":"https:\/\/www.gero.lu\/de\/wp-json\/wp\/v2\/media?parent=7390"}],"wp:term":[{"taxonomy":"product_brand","embeddable":true,"href":"https:\/\/www.gero.lu\/de\/wp-json\/wp\/v2\/product_brand?post=7390"},{"taxonomy":"product_cat","embeddable":true,"href":"https:\/\/www.gero.lu\/de\/wp-json\/wp\/v2\/product_cat?post=7390"},{"taxonomy":"product_tag","embeddable":true,"href":"https:\/\/www.gero.lu\/de\/wp-json\/wp\/v2\/product_tag?post=7390"}],"curies":[{"name":"wp","href":"https:\/\/api.w.org\/{rel}","templated":true}]}}