{"id":7229,"date":"2024-05-10T09:21:56","date_gmt":"2024-05-10T09:21:56","guid":{"rendered":"https:\/\/www.gero.lu\/produit\/journee-tous-a-velo"},"modified":"2024-07-18T15:24:26","modified_gmt":"2024-07-18T15:24:26","slug":"journee-tous-a-velo","status":"publish","type":"product","link":"https:\/\/www.gero.lu\/de\/produit\/journee-tous-a-velo","title":{"rendered":"Journ\u00e9e \u00ab Tous \u00e0 v\u00e9lo \u00bb (ANNUL\u00c9)"},"content":{"rendered":"<p>GERO vous propose une journ\u00e9e \u00ab Tous \u00e0 v\u00e9lo \u00bb, durant laquelle la bicyclette sera mise \u00e0 l\u2019honneur. Celle-ci a lieu le vendredi 26 juillet, de 10h \u00e0 16, au pavillon de Sanem, m\u00ealant urbanisme et nature. Il vous sera possible de tester avec l&#8217;association &#8222;La P\u00e9dale&#8220; des v\u00e9los sur un parcours accessible, de faire v\u00e9rifier votre v\u00e9lo et votre \u00e9quipement, ou encore d\u2019obtenir des informations aupr\u00e8s de diff\u00e9rents stands. D\u00e9couvrez \u00e9galement diff\u00e9rentes initiatives existantes. Vous pouvez venir avec ou sans v\u00e9lo, car nous disposerons \u00e9galement d\u2019un stock de v\u00e9los (normaux et \u00e9lectriques) sur place lors de cette journ\u00e9e. Et, ensemble, nous p\u00e9dalerons jusqu\u2019\u00e0 la piste menant au plus long pont cyclable d\u2019Europe reliant Belval \u00e0 Esch !<\/p>\n<p>Que vous soyez cyclistes confirm\u00e9s ou amateurs, curieux ou fan inconditionnel, venez participer \u00e0 cette journ\u00e9e de mobilit\u00e9 douce et inverser la tendance!<\/p>\n<p>GERO organisiert am 26. Juli 2024 von 10 bis 16 Uhr zum ersten Mal den Thementag \u201eAlle auf\u2019s Rad\u201c. Veranstaltungsort ist der Pavillon La Source Bel-Val in Sanem mit seinem umliegenden Park. Hier k\u00f6nnen Sie auf einer barrierefreien Strecke Elektrofahrr\u00e4der testen, Ihr Fahrrad und Ihre Ausr\u00fcstung \u00fcberpr\u00fcfen lassen und sich an verschiedenen St\u00e4nden \u00fcber die M\u00f6glichkeiten der alternativen Fortbewegung auf zwei R\u00e4dern informieren. Sie k\u00f6nnen mit Ihrem eigenen Fahrrad kommen oder aber Fahrr\u00e4der (klassische und elektrische Modelle) testen, die wir Ihnen vor Ort zur Verf\u00fcgung stellen. Gemeinsam radeln wir zur l\u00e4ngsten Fahrradbr\u00fccke Europas, die Belval mit Esch verbindet!<\/p>\n<p>Ob Sie zu den erfahrenen Radfahrer*innen z\u00e4hlen oder aber ganz einfach neugierig sind \u2013 wir laden Sie herzlich zu diesem interaktiven Tag der sanften Mobilit\u00e4t ein!<\/p>\n<p>Diese Veranstaltung ist kostenlos. F\u00fcr Getr\u00e4nke und Gegrilltes ist gesorgt.<\/p>\n","protected":false},"excerpt":{"rendered":"<p>GERO vous propose une journ\u00e9e \u00ab Tous \u00e0 v\u00e9lo \u00bb, durant laquelle la bicyclette sera mise \u00e0 l\u2019honneur. Celle-ci a lieu le vendredi 26 juillet, de 10h \u00e0 16, au pavillon de Sanem, m\u00ealant urbanisme et nature. Il vous sera possible de tester avec l&#8217;association &#8222;La P\u00e9dale&#8220; des v\u00e9los sur un parcours accessible, de faire [&hellip;]<\/p>\n","protected":false},"featured_media":0,"comment_status":"closed","ping_status":"closed","template":"","meta":{"_acf_changed":false,"inline_featured_image":false},"product_brand":[],"product_cat":[232],"product_tag":[203],"class_list":{"0":"post-7229","1":"product","2":"type-product","3":"status-publish","5":"product_cat-divers","6":"product_tag-connaissance-de-vie-senior","8":"first","9":"instock","10":"virtual","11":"purchasable","12":"product-type-simple"},"acf":[],"yoast_head":"<!-- This site is optimized with the Yoast SEO Premium plugin v27.4 (Yoast SEO v27.4) - https:\/\/yoast.com\/product\/yoast-seo-premium-wordpress\/ -->\n<title>Journ\u00e9e \u00ab Tous \u00e0 v\u00e9lo \u00bb (ANNUL\u00c9) - GERO<\/title>\n<meta name=\"robots\" content=\"index, follow, max-snippet:-1, max-image-preview:large, max-video-preview:-1\" \/>\n<link rel=\"canonical\" href=\"https:\/\/www.gero.lu\/de\/produit\/journee-tous-a-velo\" \/>\n<meta property=\"og:locale\" content=\"de_DE\" \/>\n<meta property=\"og:type\" content=\"article\" \/>\n<meta property=\"og:title\" content=\"Journ\u00e9e \u00ab Tous \u00e0 v\u00e9lo \u00bb (ANNUL\u00c9)\" \/>\n<meta property=\"og:description\" content=\"GERO vous propose une journ\u00e9e \u00ab Tous \u00e0 v\u00e9lo \u00bb, durant laquelle la bicyclette sera mise \u00e0 l\u2019honneur. Celle-ci a lieu le vendredi 26 juillet, de 10h \u00e0 16, au pavillon de Sanem, m\u00ealant urbanisme et nature. Il vous sera possible de tester avec l&#8217;association &#8222;La P\u00e9dale&#8220; des v\u00e9los sur un parcours accessible, de faire [&hellip;]\" \/>\n<meta property=\"og:url\" content=\"https:\/\/www.gero.lu\/de\/produit\/journee-tous-a-velo\" \/>\n<meta property=\"og:site_name\" content=\"GERO\" \/>\n<meta property=\"article:publisher\" content=\"https:\/\/www.facebook.com\/Kompetenzzenter\/\" \/>\n<meta property=\"article:modified_time\" content=\"2024-07-18T15:24:26+00:00\" \/>\n<meta property=\"og:image\" content=\"https:\/\/www.gero.lu\/wp-content\/uploads\/2024\/05\/tous-a-velo-image-cover-pour-reseaux.png\" \/>\n\t<meta property=\"og:image:width\" content=\"940\" \/>\n\t<meta property=\"og:image:height\" content=\"788\" \/>\n\t<meta property=\"og:image:type\" content=\"image\/png\" \/>\n<meta name=\"twitter:card\" content=\"summary_large_image\" \/>\n<meta name=\"twitter:label1\" content=\"Gesch\u00e4tzte Lesezeit\" \/>\n\t<meta name=\"twitter:data1\" content=\"2\u00a0Minuten\" \/>\n<script type=\"application\/ld+json\" class=\"yoast-schema-graph\">{\"@context\":\"https:\\\/\\\/schema.org\",\"@graph\":[{\"@type\":\"WebPage\",\"@id\":\"https:\\\/\\\/www.gero.lu\\\/de\\\/produit\\\/journee-tous-a-velo\",\"url\":\"https:\\\/\\\/www.gero.lu\\\/de\\\/produit\\\/journee-tous-a-velo\",\"name\":\"Journ\u00e9e \u00ab Tous \u00e0 v\u00e9lo \u00bb (ANNUL\u00c9) - GERO\",\"isPartOf\":{\"@id\":\"https:\\\/\\\/www.gero.lu\\\/de\\\/#website\"},\"datePublished\":\"2024-05-10T09:21:56+00:00\",\"dateModified\":\"2024-07-18T15:24:26+00:00\",\"breadcrumb\":{\"@id\":\"https:\\\/\\\/www.gero.lu\\\/de\\\/produit\\\/journee-tous-a-velo#breadcrumb\"},\"inLanguage\":\"de\",\"potentialAction\":[{\"@type\":\"ReadAction\",\"target\":[[\"https:\\\/\\\/www.gero.lu\\\/de\\\/produit\\\/journee-tous-a-velo\"]]}]},{\"@type\":\"BreadcrumbList\",\"@id\":\"https:\\\/\\\/www.gero.lu\\\/de\\\/produit\\\/journee-tous-a-velo#breadcrumb\",\"itemListElement\":[{\"@type\":\"ListItem\",\"position\":1,\"name\":\"Accueil\",\"item\":\"https:\\\/\\\/www.gero.lu\\\/de\\\/\"},{\"@type\":\"ListItem\",\"position\":2,\"name\":\"Shop\",\"item\":\"https:\\\/\\\/www.gero.lu\\\/de\\\/shop\"},{\"@type\":\"ListItem\",\"position\":3,\"name\":\"Journ\u00e9e \u00ab Tous \u00e0 v\u00e9lo \u00bb (ANNUL\u00c9)\"}]},{\"@type\":\"WebSite\",\"@id\":\"https:\\\/\\\/www.gero.lu\\\/de\\\/#website\",\"url\":\"https:\\\/\\\/www.gero.lu\\\/de\\\/\",\"name\":\"Gero\",\"description\":\"Kompetenzzenter fir den Alter\",\"publisher\":{\"@id\":\"https:\\\/\\\/www.gero.lu\\\/de\\\/#organization\"},\"potentialAction\":[{\"@type\":\"SearchAction\",\"target\":{\"@type\":\"EntryPoint\",\"urlTemplate\":\"https:\\\/\\\/www.gero.lu\\\/de\\\/?s={search_term_string}\"},\"query-input\":{\"@type\":\"PropertyValueSpecification\",\"valueRequired\":true,\"valueName\":\"search_term_string\"}}],\"inLanguage\":\"de\"},{\"@type\":\"Organization\",\"@id\":\"https:\\\/\\\/www.gero.lu\\\/de\\\/#organization\",\"name\":\"Gero\",\"url\":\"https:\\\/\\\/www.gero.lu\\\/de\\\/\",\"logo\":{\"@type\":\"ImageObject\",\"inLanguage\":\"de\",\"@id\":\"https:\\\/\\\/www.gero.lu\\\/de\\\/#\\\/schema\\\/logo\\\/image\\\/\",\"url\":\"https:\\\/\\\/www.gero.lu\\\/wp-content\\\/uploads\\\/2024\\\/04\\\/logo.svg\",\"contentUrl\":\"https:\\\/\\\/www.gero.lu\\\/wp-content\\\/uploads\\\/2024\\\/04\\\/logo.svg\",\"width\":76,\"height\":30,\"caption\":\"Gero\"},\"image\":{\"@id\":\"https:\\\/\\\/www.gero.lu\\\/de\\\/#\\\/schema\\\/logo\\\/image\\\/\"},\"sameAs\":[\"https:\\\/\\\/www.facebook.com\\\/Kompetenzzenter\\\/\",\"https:\\\/\\\/www.instagram.com\\\/gero.kompetenzzenter\\\/\",\"https:\\\/\\\/linkedin.com\\\/company\\\/gero-kompetenzzenter-fir-den-alter\",\"https:\\\/\\\/www.youtube.com\\\/channel\\\/UCJvmJYSeHh3dYQsLHZupj-Q\"]}]}<\/script>\n<!-- \/ Yoast SEO Premium plugin. -->","yoast_head_json":{"title":"Journ\u00e9e \u00ab Tous \u00e0 v\u00e9lo \u00bb (ANNUL\u00c9) - GERO","robots":{"index":"index","follow":"follow","max-snippet":"max-snippet:-1","max-image-preview":"max-image-preview:large","max-video-preview":"max-video-preview:-1"},"canonical":"https:\/\/www.gero.lu\/de\/produit\/journee-tous-a-velo","og_locale":"de_DE","og_type":"article","og_title":"Journ\u00e9e \u00ab Tous \u00e0 v\u00e9lo \u00bb (ANNUL\u00c9)","og_description":"GERO vous propose une journ\u00e9e \u00ab Tous \u00e0 v\u00e9lo \u00bb, durant laquelle la bicyclette sera mise \u00e0 l\u2019honneur. Celle-ci a lieu le vendredi 26 juillet, de 10h \u00e0 16, au pavillon de Sanem, m\u00ealant urbanisme et nature. Il vous sera possible de tester avec l&#8217;association &#8222;La P\u00e9dale&#8220; des v\u00e9los sur un parcours accessible, de faire [&hellip;]","og_url":"https:\/\/www.gero.lu\/de\/produit\/journee-tous-a-velo","og_site_name":"GERO","article_publisher":"https:\/\/www.facebook.com\/Kompetenzzenter\/","article_modified_time":"2024-07-18T15:24:26+00:00","og_image":[{"width":940,"height":788,"url":"https:\/\/www.gero.lu\/wp-content\/uploads\/2024\/05\/tous-a-velo-image-cover-pour-reseaux.png","type":"image\/png"}],"twitter_card":"summary_large_image","twitter_misc":{"Gesch\u00e4tzte Lesezeit":"2\u00a0Minuten"},"schema":{"@context":"https:\/\/schema.org","@graph":[{"@type":"WebPage","@id":"https:\/\/www.gero.lu\/de\/produit\/journee-tous-a-velo","url":"https:\/\/www.gero.lu\/de\/produit\/journee-tous-a-velo","name":"Journ\u00e9e \u00ab Tous \u00e0 v\u00e9lo \u00bb (ANNUL\u00c9) - GERO","isPartOf":{"@id":"https:\/\/www.gero.lu\/de\/#website"},"datePublished":"2024-05-10T09:21:56+00:00","dateModified":"2024-07-18T15:24:26+00:00","breadcrumb":{"@id":"https:\/\/www.gero.lu\/de\/produit\/journee-tous-a-velo#breadcrumb"},"inLanguage":"de","potentialAction":[{"@type":"ReadAction","target":[["https:\/\/www.gero.lu\/de\/produit\/journee-tous-a-velo"]]}]},{"@type":"BreadcrumbList","@id":"https:\/\/www.gero.lu\/de\/produit\/journee-tous-a-velo#breadcrumb","itemListElement":[{"@type":"ListItem","position":1,"name":"Accueil","item":"https:\/\/www.gero.lu\/de\/"},{"@type":"ListItem","position":2,"name":"Shop","item":"https:\/\/www.gero.lu\/de\/shop"},{"@type":"ListItem","position":3,"name":"Journ\u00e9e \u00ab Tous \u00e0 v\u00e9lo \u00bb (ANNUL\u00c9)"}]},{"@type":"WebSite","@id":"https:\/\/www.gero.lu\/de\/#website","url":"https:\/\/www.gero.lu\/de\/","name":"Gero","description":"Kompetenzzenter fir den Alter","publisher":{"@id":"https:\/\/www.gero.lu\/de\/#organization"},"potentialAction":[{"@type":"SearchAction","target":{"@type":"EntryPoint","urlTemplate":"https:\/\/www.gero.lu\/de\/?s={search_term_string}"},"query-input":{"@type":"PropertyValueSpecification","valueRequired":true,"valueName":"search_term_string"}}],"inLanguage":"de"},{"@type":"Organization","@id":"https:\/\/www.gero.lu\/de\/#organization","name":"Gero","url":"https:\/\/www.gero.lu\/de\/","logo":{"@type":"ImageObject","inLanguage":"de","@id":"https:\/\/www.gero.lu\/de\/#\/schema\/logo\/image\/","url":"https:\/\/www.gero.lu\/wp-content\/uploads\/2024\/04\/logo.svg","contentUrl":"https:\/\/www.gero.lu\/wp-content\/uploads\/2024\/04\/logo.svg","width":76,"height":30,"caption":"Gero"},"image":{"@id":"https:\/\/www.gero.lu\/de\/#\/schema\/logo\/image\/"},"sameAs":["https:\/\/www.facebook.com\/Kompetenzzenter\/","https:\/\/www.instagram.com\/gero.kompetenzzenter\/","https:\/\/linkedin.com\/company\/gero-kompetenzzenter-fir-den-alter","https:\/\/www.youtube.com\/channel\/UCJvmJYSeHh3dYQsLHZupj-Q"]}]}},"_links":{"self":[{"href":"https:\/\/www.gero.lu\/de\/wp-json\/wp\/v2\/product\/7229","targetHints":{"allow":["GET"]}}],"collection":[{"href":"https:\/\/www.gero.lu\/de\/wp-json\/wp\/v2\/product"}],"about":[{"href":"https:\/\/www.gero.lu\/de\/wp-json\/wp\/v2\/types\/product"}],"replies":[{"embeddable":true,"href":"https:\/\/www.gero.lu\/de\/wp-json\/wp\/v2\/comments?post=7229"}],"wp:attachment":[{"href":"https:\/\/www.gero.lu\/de\/wp-json\/wp\/v2\/media?parent=7229"}],"wp:term":[{"taxonomy":"product_brand","embeddable":true,"href":"https:\/\/www.gero.lu\/de\/wp-json\/wp\/v2\/product_brand?post=7229"},{"taxonomy":"product_cat","embeddable":true,"href":"https:\/\/www.gero.lu\/de\/wp-json\/wp\/v2\/product_cat?post=7229"},{"taxonomy":"product_tag","embeddable":true,"href":"https:\/\/www.gero.lu\/de\/wp-json\/wp\/v2\/product_tag?post=7229"}],"curies":[{"name":"wp","href":"https:\/\/api.w.org\/{rel}","templated":true}]}}