{"id":7228,"date":"2024-05-10T09:21:56","date_gmt":"2024-05-10T09:21:56","guid":{"rendered":"https:\/\/www.gero.lu\/produit\/schnupperkurs-ck-fitness-fit-bleiben-im-alter-mersch"},"modified":"2024-08-14T12:24:06","modified_gmt":"2024-08-14T12:24:06","slug":"schnupperkurs-ck-fitness-fit-bleiben-im-alter-mersch","status":"publish","type":"product","link":"https:\/\/www.gero.lu\/de\/produit\/schnupperkurs-ck-fitness-fit-bleiben-im-alter-mersch","title":{"rendered":"Schnupperkurs CK Fitness &#8211; Fit bleiben im Alter (Mersch)"},"content":{"rendered":"<p>F\u00fcr alle, die noch nie in einem Sportstudio waren bzw. CK Fitness noch nicht kennen, aber gerne kennenlernen m\u00f6chten, gibt es die einmalige Gelegenheit, in einem der vier Clubs an einem Schnupperkurs f\u00fcr Anf\u00e4nger*innen teilzunehmen. Eine Stunde lang k\u00f6nnen Sie ein gerecht gestaltetes Modul ausprobieren, das Elemente aus Yoga, Pilates, Cardio, R\u00fcckenst\u00e4rkung sowie funktionalem Training beinhaltet.<\/p>\n<p>Danach stehen Ihnen Expert*innen f\u00fcr eine pers\u00f6nliche Beratung sowie Erkl\u00e4rungen zu den einzelnen Ger\u00e4ten zur Verf\u00fcgung. Abschlie\u00dfend wartet zudem eine besondere \u00dcberraschung f\u00fcr Sie!<\/p>\n","protected":false},"excerpt":{"rendered":"<p>F\u00fcr alle, die noch nie in einem Sportstudio waren bzw. CK Fitness noch nicht kennen, aber gerne kennenlernen m\u00f6chten, gibt es die einmalige Gelegenheit, in einem der vier Clubs an einem Schnupperkurs f\u00fcr Anf\u00e4nger*innen teilzunehmen. Eine Stunde lang k\u00f6nnen Sie ein gerecht gestaltetes Modul ausprobieren, das Elemente aus Yoga, Pilates, Cardio, R\u00fcckenst\u00e4rkung sowie funktionalem Training [&hellip;]<\/p>\n","protected":false},"featured_media":7555,"comment_status":"closed","ping_status":"closed","template":"","meta":{"_acf_changed":false,"inline_featured_image":false},"product_brand":[],"product_cat":[227],"product_tag":[200],"class_list":{"0":"post-7228","1":"product","2":"type-product","3":"status-publish","4":"has-post-thumbnail","6":"product_cat-cours","7":"product_tag-sante-senior","9":"first","10":"instock","11":"virtual","12":"purchasable","13":"product-type-simple"},"acf":[],"yoast_head":"<!-- This site is optimized with the Yoast SEO Premium plugin v27.4 (Yoast SEO v27.4) - https:\/\/yoast.com\/product\/yoast-seo-premium-wordpress\/ -->\n<title>Schnupperkurs CK Fitness - Fit bleiben im Alter (Mersch) - GERO<\/title>\n<meta name=\"robots\" content=\"index, follow, max-snippet:-1, max-image-preview:large, max-video-preview:-1\" \/>\n<link rel=\"canonical\" href=\"https:\/\/www.gero.lu\/de\/produit\/schnupperkurs-ck-fitness-fit-bleiben-im-alter-mersch\" \/>\n<meta property=\"og:locale\" content=\"de_DE\" \/>\n<meta property=\"og:type\" content=\"article\" \/>\n<meta property=\"og:title\" content=\"Schnupperkurs CK Fitness - Fit bleiben im Alter (Mersch)\" \/>\n<meta property=\"og:description\" content=\"F\u00fcr alle, die noch nie in einem Sportstudio waren bzw. CK Fitness noch nicht kennen, aber gerne kennenlernen m\u00f6chten, gibt es die einmalige Gelegenheit, in einem der vier Clubs an einem Schnupperkurs f\u00fcr Anf\u00e4nger*innen teilzunehmen. Eine Stunde lang k\u00f6nnen Sie ein gerecht gestaltetes Modul ausprobieren, das Elemente aus Yoga, Pilates, Cardio, R\u00fcckenst\u00e4rkung sowie funktionalem Training [&hellip;]\" \/>\n<meta property=\"og:url\" content=\"https:\/\/www.gero.lu\/de\/produit\/schnupperkurs-ck-fitness-fit-bleiben-im-alter-mersch\" \/>\n<meta property=\"og:site_name\" content=\"GERO\" \/>\n<meta property=\"article:publisher\" content=\"https:\/\/www.facebook.com\/Kompetenzzenter\/\" \/>\n<meta property=\"article:modified_time\" content=\"2024-08-14T12:24:06+00:00\" \/>\n<meta property=\"og:image\" content=\"https:\/\/www.gero.lu\/wp-content\/uploads\/2024\/05\/vision_ckfitness_mersch_dsc_7726.jpg\" \/>\n\t<meta property=\"og:image:width\" content=\"2048\" \/>\n\t<meta property=\"og:image:height\" content=\"1365\" \/>\n\t<meta property=\"og:image:type\" content=\"image\/jpeg\" \/>\n<meta name=\"twitter:card\" content=\"summary_large_image\" \/>\n<meta name=\"twitter:label1\" content=\"Gesch\u00e4tzte Lesezeit\" \/>\n\t<meta name=\"twitter:data1\" content=\"1\u00a0Minute\" \/>\n<script type=\"application\/ld+json\" class=\"yoast-schema-graph\">{\"@context\":\"https:\\\/\\\/schema.org\",\"@graph\":[{\"@type\":\"WebPage\",\"@id\":\"https:\\\/\\\/www.gero.lu\\\/de\\\/produit\\\/schnupperkurs-ck-fitness-fit-bleiben-im-alter-mersch\",\"url\":\"https:\\\/\\\/www.gero.lu\\\/de\\\/produit\\\/schnupperkurs-ck-fitness-fit-bleiben-im-alter-mersch\",\"name\":\"Schnupperkurs CK Fitness - Fit bleiben im Alter (Mersch) - GERO\",\"isPartOf\":{\"@id\":\"https:\\\/\\\/www.gero.lu\\\/de\\\/#website\"},\"primaryImageOfPage\":{\"@id\":\"https:\\\/\\\/www.gero.lu\\\/de\\\/produit\\\/schnupperkurs-ck-fitness-fit-bleiben-im-alter-mersch#primaryimage\"},\"image\":{\"@id\":\"https:\\\/\\\/www.gero.lu\\\/produit\\\/schnupperkurs-ck-fitness-fit-bleiben-im-alter-mersch#primaryimage\"},\"thumbnailUrl\":\"https:\\\/\\\/www.gero.lu\\\/wp-content\\\/uploads\\\/2024\\\/05\\\/vision_ckfitness_mersch_dsc_7726.jpg\",\"datePublished\":\"2024-05-10T09:21:56+00:00\",\"dateModified\":\"2024-08-14T12:24:06+00:00\",\"breadcrumb\":{\"@id\":\"https:\\\/\\\/www.gero.lu\\\/de\\\/produit\\\/schnupperkurs-ck-fitness-fit-bleiben-im-alter-mersch#breadcrumb\"},\"inLanguage\":\"de\",\"potentialAction\":[{\"@type\":\"ReadAction\",\"target\":[[\"https:\\\/\\\/www.gero.lu\\\/de\\\/produit\\\/schnupperkurs-ck-fitness-fit-bleiben-im-alter-mersch\"]]}]},{\"@type\":\"ImageObject\",\"inLanguage\":\"de\",\"@id\":\"https:\\\/\\\/www.gero.lu\\\/de\\\/produit\\\/schnupperkurs-ck-fitness-fit-bleiben-im-alter-mersch#primaryimage\",\"url\":\"https:\\\/\\\/www.gero.lu\\\/wp-content\\\/uploads\\\/2024\\\/05\\\/vision_ckfitness_mersch_dsc_7726.jpg\",\"contentUrl\":\"https:\\\/\\\/www.gero.lu\\\/wp-content\\\/uploads\\\/2024\\\/05\\\/vision_ckfitness_mersch_dsc_7726.jpg\",\"width\":2048,\"height\":1365},{\"@type\":\"BreadcrumbList\",\"@id\":\"https:\\\/\\\/www.gero.lu\\\/de\\\/produit\\\/schnupperkurs-ck-fitness-fit-bleiben-im-alter-mersch#breadcrumb\",\"itemListElement\":[{\"@type\":\"ListItem\",\"position\":1,\"name\":\"Accueil\",\"item\":\"https:\\\/\\\/www.gero.lu\\\/de\\\/\"},{\"@type\":\"ListItem\",\"position\":2,\"name\":\"Shop\",\"item\":\"https:\\\/\\\/www.gero.lu\\\/de\\\/shop\"},{\"@type\":\"ListItem\",\"position\":3,\"name\":\"Schnupperkurs CK Fitness &#8211; Fit bleiben im Alter (Mersch)\"}]},{\"@type\":\"WebSite\",\"@id\":\"https:\\\/\\\/www.gero.lu\\\/de\\\/#website\",\"url\":\"https:\\\/\\\/www.gero.lu\\\/de\\\/\",\"name\":\"Gero\",\"description\":\"Kompetenzzenter fir den Alter\",\"publisher\":{\"@id\":\"https:\\\/\\\/www.gero.lu\\\/de\\\/#organization\"},\"potentialAction\":[{\"@type\":\"SearchAction\",\"target\":{\"@type\":\"EntryPoint\",\"urlTemplate\":\"https:\\\/\\\/www.gero.lu\\\/de\\\/?s={search_term_string}\"},\"query-input\":{\"@type\":\"PropertyValueSpecification\",\"valueRequired\":true,\"valueName\":\"search_term_string\"}}],\"inLanguage\":\"de\"},{\"@type\":\"Organization\",\"@id\":\"https:\\\/\\\/www.gero.lu\\\/de\\\/#organization\",\"name\":\"Gero\",\"url\":\"https:\\\/\\\/www.gero.lu\\\/de\\\/\",\"logo\":{\"@type\":\"ImageObject\",\"inLanguage\":\"de\",\"@id\":\"https:\\\/\\\/www.gero.lu\\\/de\\\/#\\\/schema\\\/logo\\\/image\\\/\",\"url\":\"https:\\\/\\\/www.gero.lu\\\/wp-content\\\/uploads\\\/2024\\\/04\\\/logo.svg\",\"contentUrl\":\"https:\\\/\\\/www.gero.lu\\\/wp-content\\\/uploads\\\/2024\\\/04\\\/logo.svg\",\"width\":76,\"height\":30,\"caption\":\"Gero\"},\"image\":{\"@id\":\"https:\\\/\\\/www.gero.lu\\\/de\\\/#\\\/schema\\\/logo\\\/image\\\/\"},\"sameAs\":[\"https:\\\/\\\/www.facebook.com\\\/Kompetenzzenter\\\/\",\"https:\\\/\\\/www.instagram.com\\\/gero.kompetenzzenter\\\/\",\"https:\\\/\\\/linkedin.com\\\/company\\\/gero-kompetenzzenter-fir-den-alter\",\"https:\\\/\\\/www.youtube.com\\\/channel\\\/UCJvmJYSeHh3dYQsLHZupj-Q\"]}]}<\/script>\n<!-- \/ Yoast SEO Premium plugin. -->","yoast_head_json":{"title":"Schnupperkurs CK Fitness - Fit bleiben im Alter (Mersch) - GERO","robots":{"index":"index","follow":"follow","max-snippet":"max-snippet:-1","max-image-preview":"max-image-preview:large","max-video-preview":"max-video-preview:-1"},"canonical":"https:\/\/www.gero.lu\/de\/produit\/schnupperkurs-ck-fitness-fit-bleiben-im-alter-mersch","og_locale":"de_DE","og_type":"article","og_title":"Schnupperkurs CK Fitness - Fit bleiben im Alter (Mersch)","og_description":"F\u00fcr alle, die noch nie in einem Sportstudio waren bzw. CK Fitness noch nicht kennen, aber gerne kennenlernen m\u00f6chten, gibt es die einmalige Gelegenheit, in einem der vier Clubs an einem Schnupperkurs f\u00fcr Anf\u00e4nger*innen teilzunehmen. Eine Stunde lang k\u00f6nnen Sie ein gerecht gestaltetes Modul ausprobieren, das Elemente aus Yoga, Pilates, Cardio, R\u00fcckenst\u00e4rkung sowie funktionalem Training [&hellip;]","og_url":"https:\/\/www.gero.lu\/de\/produit\/schnupperkurs-ck-fitness-fit-bleiben-im-alter-mersch","og_site_name":"GERO","article_publisher":"https:\/\/www.facebook.com\/Kompetenzzenter\/","article_modified_time":"2024-08-14T12:24:06+00:00","og_image":[{"width":2048,"height":1365,"url":"https:\/\/www.gero.lu\/wp-content\/uploads\/2024\/05\/vision_ckfitness_mersch_dsc_7726.jpg","type":"image\/jpeg"}],"twitter_card":"summary_large_image","twitter_misc":{"Gesch\u00e4tzte Lesezeit":"1\u00a0Minute"},"schema":{"@context":"https:\/\/schema.org","@graph":[{"@type":"WebPage","@id":"https:\/\/www.gero.lu\/de\/produit\/schnupperkurs-ck-fitness-fit-bleiben-im-alter-mersch","url":"https:\/\/www.gero.lu\/de\/produit\/schnupperkurs-ck-fitness-fit-bleiben-im-alter-mersch","name":"Schnupperkurs CK Fitness - Fit bleiben im Alter (Mersch) - GERO","isPartOf":{"@id":"https:\/\/www.gero.lu\/de\/#website"},"primaryImageOfPage":{"@id":"https:\/\/www.gero.lu\/de\/produit\/schnupperkurs-ck-fitness-fit-bleiben-im-alter-mersch#primaryimage"},"image":{"@id":"https:\/\/www.gero.lu\/produit\/schnupperkurs-ck-fitness-fit-bleiben-im-alter-mersch#primaryimage"},"thumbnailUrl":"https:\/\/www.gero.lu\/wp-content\/uploads\/2024\/05\/vision_ckfitness_mersch_dsc_7726.jpg","datePublished":"2024-05-10T09:21:56+00:00","dateModified":"2024-08-14T12:24:06+00:00","breadcrumb":{"@id":"https:\/\/www.gero.lu\/de\/produit\/schnupperkurs-ck-fitness-fit-bleiben-im-alter-mersch#breadcrumb"},"inLanguage":"de","potentialAction":[{"@type":"ReadAction","target":[["https:\/\/www.gero.lu\/de\/produit\/schnupperkurs-ck-fitness-fit-bleiben-im-alter-mersch"]]}]},{"@type":"ImageObject","inLanguage":"de","@id":"https:\/\/www.gero.lu\/de\/produit\/schnupperkurs-ck-fitness-fit-bleiben-im-alter-mersch#primaryimage","url":"https:\/\/www.gero.lu\/wp-content\/uploads\/2024\/05\/vision_ckfitness_mersch_dsc_7726.jpg","contentUrl":"https:\/\/www.gero.lu\/wp-content\/uploads\/2024\/05\/vision_ckfitness_mersch_dsc_7726.jpg","width":2048,"height":1365},{"@type":"BreadcrumbList","@id":"https:\/\/www.gero.lu\/de\/produit\/schnupperkurs-ck-fitness-fit-bleiben-im-alter-mersch#breadcrumb","itemListElement":[{"@type":"ListItem","position":1,"name":"Accueil","item":"https:\/\/www.gero.lu\/de\/"},{"@type":"ListItem","position":2,"name":"Shop","item":"https:\/\/www.gero.lu\/de\/shop"},{"@type":"ListItem","position":3,"name":"Schnupperkurs CK Fitness &#8211; Fit bleiben im Alter (Mersch)"}]},{"@type":"WebSite","@id":"https:\/\/www.gero.lu\/de\/#website","url":"https:\/\/www.gero.lu\/de\/","name":"Gero","description":"Kompetenzzenter fir den Alter","publisher":{"@id":"https:\/\/www.gero.lu\/de\/#organization"},"potentialAction":[{"@type":"SearchAction","target":{"@type":"EntryPoint","urlTemplate":"https:\/\/www.gero.lu\/de\/?s={search_term_string}"},"query-input":{"@type":"PropertyValueSpecification","valueRequired":true,"valueName":"search_term_string"}}],"inLanguage":"de"},{"@type":"Organization","@id":"https:\/\/www.gero.lu\/de\/#organization","name":"Gero","url":"https:\/\/www.gero.lu\/de\/","logo":{"@type":"ImageObject","inLanguage":"de","@id":"https:\/\/www.gero.lu\/de\/#\/schema\/logo\/image\/","url":"https:\/\/www.gero.lu\/wp-content\/uploads\/2024\/04\/logo.svg","contentUrl":"https:\/\/www.gero.lu\/wp-content\/uploads\/2024\/04\/logo.svg","width":76,"height":30,"caption":"Gero"},"image":{"@id":"https:\/\/www.gero.lu\/de\/#\/schema\/logo\/image\/"},"sameAs":["https:\/\/www.facebook.com\/Kompetenzzenter\/","https:\/\/www.instagram.com\/gero.kompetenzzenter\/","https:\/\/linkedin.com\/company\/gero-kompetenzzenter-fir-den-alter","https:\/\/www.youtube.com\/channel\/UCJvmJYSeHh3dYQsLHZupj-Q"]}]}},"_links":{"self":[{"href":"https:\/\/www.gero.lu\/de\/wp-json\/wp\/v2\/product\/7228","targetHints":{"allow":["GET"]}}],"collection":[{"href":"https:\/\/www.gero.lu\/de\/wp-json\/wp\/v2\/product"}],"about":[{"href":"https:\/\/www.gero.lu\/de\/wp-json\/wp\/v2\/types\/product"}],"replies":[{"embeddable":true,"href":"https:\/\/www.gero.lu\/de\/wp-json\/wp\/v2\/comments?post=7228"}],"wp:featuredmedia":[{"embeddable":true,"href":"https:\/\/www.gero.lu\/de\/wp-json\/wp\/v2\/media\/7555"}],"wp:attachment":[{"href":"https:\/\/www.gero.lu\/de\/wp-json\/wp\/v2\/media?parent=7228"}],"wp:term":[{"taxonomy":"product_brand","embeddable":true,"href":"https:\/\/www.gero.lu\/de\/wp-json\/wp\/v2\/product_brand?post=7228"},{"taxonomy":"product_cat","embeddable":true,"href":"https:\/\/www.gero.lu\/de\/wp-json\/wp\/v2\/product_cat?post=7228"},{"taxonomy":"product_tag","embeddable":true,"href":"https:\/\/www.gero.lu\/de\/wp-json\/wp\/v2\/product_tag?post=7228"}],"curies":[{"name":"wp","href":"https:\/\/api.w.org\/{rel}","templated":true}]}}