{"id":7187,"date":"2024-05-03T09:21:38","date_gmt":"2024-05-03T09:21:38","guid":{"rendered":"https:\/\/www.gero.lu\/produit\/grosbusch-fruits-vegetables"},"modified":"2024-07-01T12:28:45","modified_gmt":"2024-07-01T12:28:45","slug":"grosbusch-fruits-vegetables","status":"publish","type":"product","link":"https:\/\/www.gero.lu\/de\/produit\/grosbusch-fruits-vegetables","title":{"rendered":"Grosbusch Fruits &amp; Vegetables"},"content":{"rendered":"<p>Das traditionsreiche Familienunternehmen Grosbusch ist seit 1917 im Bereich Import und Handel mit Obst und Gem\u00fcse t\u00e4tig und hat sich in Luxemburg und in den angrenzenden Regionen einen Namen gemacht. In den letzten Jahren wurden zudem neue Serviceangebote entwickelt und hochwertige Qualit\u00e4tsmarken positioniert, um sich ver\u00e4nderten Ern\u00e4hrungsgewohnheiten anzupassen.<\/p>\n<p>In einer kurzen Pr\u00e4sentation werden Sie einige Abl\u00e4ufe kennenlernen, von der Selektion der Fr\u00fcchte und des Gem\u00fcses bei den Erzeugern bis zur Lieferung an die Kunden. Anschlie\u00dfend steht eine Besichtigung des Lagers auf dem Programm und Sie erfahren, wie die Waren angeliefert und die Bestellungen vorbereitet werden.<\/p>\n<p>Bei Ihrer Ankunft wird Ihnen ein frisch gepresster Orangensaft angeboten und als Abschluss erhalten Sie in kleines Geschenk zum Mitnehmen.<\/p>\n","protected":false},"excerpt":{"rendered":"<p>Das traditionsreiche Familienunternehmen Grosbusch ist seit 1917 im Bereich Import und Handel mit Obst und Gem\u00fcse t\u00e4tig und hat sich in Luxemburg und in den angrenzenden Regionen einen Namen gemacht. In den letzten Jahren wurden zudem neue Serviceangebote entwickelt und hochwertige Qualit\u00e4tsmarken positioniert, um sich ver\u00e4nderten Ern\u00e4hrungsgewohnheiten anzupassen. In einer kurzen Pr\u00e4sentation werden Sie einige [&hellip;]<\/p>\n","protected":false},"featured_media":7441,"comment_status":"closed","ping_status":"closed","template":"","meta":{"_acf_changed":false,"inline_featured_image":false},"product_brand":[],"product_cat":[230],"product_tag":[203],"class_list":{"0":"post-7187","1":"product","2":"type-product","3":"status-publish","4":"has-post-thumbnail","6":"product_cat-visite","7":"product_tag-connaissance-de-vie-senior","9":"first","10":"instock","11":"virtual","12":"purchasable","13":"product-type-simple"},"acf":[],"yoast_head":"<!-- This site is optimized with the Yoast SEO Premium plugin v27.4 (Yoast SEO v27.5) - https:\/\/yoast.com\/product\/yoast-seo-premium-wordpress\/ -->\n<title>Grosbusch Fruits &amp; Vegetables - GERO<\/title>\n<meta name=\"robots\" content=\"index, follow, max-snippet:-1, max-image-preview:large, max-video-preview:-1\" \/>\n<link rel=\"canonical\" href=\"https:\/\/www.gero.lu\/de\/produit\/grosbusch-fruits-vegetables\" \/>\n<meta property=\"og:locale\" content=\"de_DE\" \/>\n<meta property=\"og:type\" content=\"article\" \/>\n<meta property=\"og:title\" content=\"Grosbusch Fruits &amp; Vegetables\" \/>\n<meta property=\"og:description\" content=\"Das traditionsreiche Familienunternehmen Grosbusch ist seit 1917 im Bereich Import und Handel mit Obst und Gem\u00fcse t\u00e4tig und hat sich in Luxemburg und in den angrenzenden Regionen einen Namen gemacht. In den letzten Jahren wurden zudem neue Serviceangebote entwickelt und hochwertige Qualit\u00e4tsmarken positioniert, um sich ver\u00e4nderten Ern\u00e4hrungsgewohnheiten anzupassen. In einer kurzen Pr\u00e4sentation werden Sie einige [&hellip;]\" \/>\n<meta property=\"og:url\" content=\"https:\/\/www.gero.lu\/de\/produit\/grosbusch-fruits-vegetables\" \/>\n<meta property=\"og:site_name\" content=\"GERO\" \/>\n<meta property=\"article:publisher\" content=\"https:\/\/www.facebook.com\/Kompetenzzenter\/\" \/>\n<meta property=\"article:modified_time\" content=\"2024-07-01T12:28:45+00:00\" \/>\n<meta property=\"og:image\" content=\"https:\/\/www.gero.lu\/wp-content\/uploads\/2024\/05\/bananas-carrots-cherries-264537.jpg\" \/>\n\t<meta property=\"og:image:width\" content=\"1920\" \/>\n\t<meta property=\"og:image:height\" content=\"1440\" \/>\n\t<meta property=\"og:image:type\" content=\"image\/jpeg\" \/>\n<meta name=\"twitter:card\" content=\"summary_large_image\" \/>\n<meta name=\"twitter:label1\" content=\"Gesch\u00e4tzte Lesezeit\" \/>\n\t<meta name=\"twitter:data1\" content=\"1\u00a0Minute\" \/>\n<script type=\"application\/ld+json\" class=\"yoast-schema-graph\">{\"@context\":\"https:\\\/\\\/schema.org\",\"@graph\":[{\"@type\":\"WebPage\",\"@id\":\"https:\\\/\\\/www.gero.lu\\\/de\\\/produit\\\/grosbusch-fruits-vegetables\",\"url\":\"https:\\\/\\\/www.gero.lu\\\/de\\\/produit\\\/grosbusch-fruits-vegetables\",\"name\":\"Grosbusch Fruits &amp; Vegetables - GERO\",\"isPartOf\":{\"@id\":\"https:\\\/\\\/www.gero.lu\\\/de\\\/#website\"},\"primaryImageOfPage\":{\"@id\":\"https:\\\/\\\/www.gero.lu\\\/de\\\/produit\\\/grosbusch-fruits-vegetables#primaryimage\"},\"image\":{\"@id\":\"https:\\\/\\\/www.gero.lu\\\/produit\\\/grosbusch-fruits-vegetables#primaryimage\"},\"thumbnailUrl\":\"https:\\\/\\\/www.gero.lu\\\/wp-content\\\/uploads\\\/2024\\\/05\\\/bananas-carrots-cherries-264537.jpg\",\"datePublished\":\"2024-05-03T09:21:38+00:00\",\"dateModified\":\"2024-07-01T12:28:45+00:00\",\"breadcrumb\":{\"@id\":\"https:\\\/\\\/www.gero.lu\\\/de\\\/produit\\\/grosbusch-fruits-vegetables#breadcrumb\"},\"inLanguage\":\"de\",\"potentialAction\":[{\"@type\":\"ReadAction\",\"target\":[[\"https:\\\/\\\/www.gero.lu\\\/de\\\/produit\\\/grosbusch-fruits-vegetables\"]]}]},{\"@type\":\"ImageObject\",\"inLanguage\":\"de\",\"@id\":\"https:\\\/\\\/www.gero.lu\\\/de\\\/produit\\\/grosbusch-fruits-vegetables#primaryimage\",\"url\":\"https:\\\/\\\/www.gero.lu\\\/wp-content\\\/uploads\\\/2024\\\/05\\\/bananas-carrots-cherries-264537.jpg\",\"contentUrl\":\"https:\\\/\\\/www.gero.lu\\\/wp-content\\\/uploads\\\/2024\\\/05\\\/bananas-carrots-cherries-264537.jpg\",\"width\":1920,\"height\":1440},{\"@type\":\"BreadcrumbList\",\"@id\":\"https:\\\/\\\/www.gero.lu\\\/de\\\/produit\\\/grosbusch-fruits-vegetables#breadcrumb\",\"itemListElement\":[{\"@type\":\"ListItem\",\"position\":1,\"name\":\"Accueil\",\"item\":\"https:\\\/\\\/www.gero.lu\\\/de\\\/\"},{\"@type\":\"ListItem\",\"position\":2,\"name\":\"Shop\",\"item\":\"https:\\\/\\\/www.gero.lu\\\/de\\\/shop\"},{\"@type\":\"ListItem\",\"position\":3,\"name\":\"Grosbusch Fruits &amp; Vegetables\"}]},{\"@type\":\"WebSite\",\"@id\":\"https:\\\/\\\/www.gero.lu\\\/de\\\/#website\",\"url\":\"https:\\\/\\\/www.gero.lu\\\/de\\\/\",\"name\":\"Gero\",\"description\":\"Kompetenzzenter fir den Alter\",\"publisher\":{\"@id\":\"https:\\\/\\\/www.gero.lu\\\/de\\\/#organization\"},\"potentialAction\":[{\"@type\":\"SearchAction\",\"target\":{\"@type\":\"EntryPoint\",\"urlTemplate\":\"https:\\\/\\\/www.gero.lu\\\/de\\\/?s={search_term_string}\"},\"query-input\":{\"@type\":\"PropertyValueSpecification\",\"valueRequired\":true,\"valueName\":\"search_term_string\"}}],\"inLanguage\":\"de\"},{\"@type\":\"Organization\",\"@id\":\"https:\\\/\\\/www.gero.lu\\\/de\\\/#organization\",\"name\":\"Gero\",\"url\":\"https:\\\/\\\/www.gero.lu\\\/de\\\/\",\"logo\":{\"@type\":\"ImageObject\",\"inLanguage\":\"de\",\"@id\":\"https:\\\/\\\/www.gero.lu\\\/de\\\/#\\\/schema\\\/logo\\\/image\\\/\",\"url\":\"https:\\\/\\\/www.gero.lu\\\/wp-content\\\/uploads\\\/2024\\\/04\\\/logo.svg\",\"contentUrl\":\"https:\\\/\\\/www.gero.lu\\\/wp-content\\\/uploads\\\/2024\\\/04\\\/logo.svg\",\"width\":76,\"height\":30,\"caption\":\"Gero\"},\"image\":{\"@id\":\"https:\\\/\\\/www.gero.lu\\\/de\\\/#\\\/schema\\\/logo\\\/image\\\/\"},\"sameAs\":[\"https:\\\/\\\/www.facebook.com\\\/Kompetenzzenter\\\/\",\"https:\\\/\\\/www.instagram.com\\\/gero.kompetenzzenter\\\/\",\"https:\\\/\\\/linkedin.com\\\/company\\\/gero-kompetenzzenter-fir-den-alter\",\"https:\\\/\\\/www.youtube.com\\\/channel\\\/UCJvmJYSeHh3dYQsLHZupj-Q\"]}]}<\/script>\n<!-- \/ Yoast SEO Premium plugin. -->","yoast_head_json":{"title":"Grosbusch Fruits &amp; Vegetables - GERO","robots":{"index":"index","follow":"follow","max-snippet":"max-snippet:-1","max-image-preview":"max-image-preview:large","max-video-preview":"max-video-preview:-1"},"canonical":"https:\/\/www.gero.lu\/de\/produit\/grosbusch-fruits-vegetables","og_locale":"de_DE","og_type":"article","og_title":"Grosbusch Fruits &amp; Vegetables","og_description":"Das traditionsreiche Familienunternehmen Grosbusch ist seit 1917 im Bereich Import und Handel mit Obst und Gem\u00fcse t\u00e4tig und hat sich in Luxemburg und in den angrenzenden Regionen einen Namen gemacht. In den letzten Jahren wurden zudem neue Serviceangebote entwickelt und hochwertige Qualit\u00e4tsmarken positioniert, um sich ver\u00e4nderten Ern\u00e4hrungsgewohnheiten anzupassen. In einer kurzen Pr\u00e4sentation werden Sie einige [&hellip;]","og_url":"https:\/\/www.gero.lu\/de\/produit\/grosbusch-fruits-vegetables","og_site_name":"GERO","article_publisher":"https:\/\/www.facebook.com\/Kompetenzzenter\/","article_modified_time":"2024-07-01T12:28:45+00:00","og_image":[{"width":1920,"height":1440,"url":"https:\/\/www.gero.lu\/wp-content\/uploads\/2024\/05\/bananas-carrots-cherries-264537.jpg","type":"image\/jpeg"}],"twitter_card":"summary_large_image","twitter_misc":{"Gesch\u00e4tzte Lesezeit":"1\u00a0Minute"},"schema":{"@context":"https:\/\/schema.org","@graph":[{"@type":"WebPage","@id":"https:\/\/www.gero.lu\/de\/produit\/grosbusch-fruits-vegetables","url":"https:\/\/www.gero.lu\/de\/produit\/grosbusch-fruits-vegetables","name":"Grosbusch Fruits &amp; Vegetables - GERO","isPartOf":{"@id":"https:\/\/www.gero.lu\/de\/#website"},"primaryImageOfPage":{"@id":"https:\/\/www.gero.lu\/de\/produit\/grosbusch-fruits-vegetables#primaryimage"},"image":{"@id":"https:\/\/www.gero.lu\/produit\/grosbusch-fruits-vegetables#primaryimage"},"thumbnailUrl":"https:\/\/www.gero.lu\/wp-content\/uploads\/2024\/05\/bananas-carrots-cherries-264537.jpg","datePublished":"2024-05-03T09:21:38+00:00","dateModified":"2024-07-01T12:28:45+00:00","breadcrumb":{"@id":"https:\/\/www.gero.lu\/de\/produit\/grosbusch-fruits-vegetables#breadcrumb"},"inLanguage":"de","potentialAction":[{"@type":"ReadAction","target":[["https:\/\/www.gero.lu\/de\/produit\/grosbusch-fruits-vegetables"]]}]},{"@type":"ImageObject","inLanguage":"de","@id":"https:\/\/www.gero.lu\/de\/produit\/grosbusch-fruits-vegetables#primaryimage","url":"https:\/\/www.gero.lu\/wp-content\/uploads\/2024\/05\/bananas-carrots-cherries-264537.jpg","contentUrl":"https:\/\/www.gero.lu\/wp-content\/uploads\/2024\/05\/bananas-carrots-cherries-264537.jpg","width":1920,"height":1440},{"@type":"BreadcrumbList","@id":"https:\/\/www.gero.lu\/de\/produit\/grosbusch-fruits-vegetables#breadcrumb","itemListElement":[{"@type":"ListItem","position":1,"name":"Accueil","item":"https:\/\/www.gero.lu\/de\/"},{"@type":"ListItem","position":2,"name":"Shop","item":"https:\/\/www.gero.lu\/de\/shop"},{"@type":"ListItem","position":3,"name":"Grosbusch Fruits &amp; Vegetables"}]},{"@type":"WebSite","@id":"https:\/\/www.gero.lu\/de\/#website","url":"https:\/\/www.gero.lu\/de\/","name":"Gero","description":"Kompetenzzenter fir den Alter","publisher":{"@id":"https:\/\/www.gero.lu\/de\/#organization"},"potentialAction":[{"@type":"SearchAction","target":{"@type":"EntryPoint","urlTemplate":"https:\/\/www.gero.lu\/de\/?s={search_term_string}"},"query-input":{"@type":"PropertyValueSpecification","valueRequired":true,"valueName":"search_term_string"}}],"inLanguage":"de"},{"@type":"Organization","@id":"https:\/\/www.gero.lu\/de\/#organization","name":"Gero","url":"https:\/\/www.gero.lu\/de\/","logo":{"@type":"ImageObject","inLanguage":"de","@id":"https:\/\/www.gero.lu\/de\/#\/schema\/logo\/image\/","url":"https:\/\/www.gero.lu\/wp-content\/uploads\/2024\/04\/logo.svg","contentUrl":"https:\/\/www.gero.lu\/wp-content\/uploads\/2024\/04\/logo.svg","width":76,"height":30,"caption":"Gero"},"image":{"@id":"https:\/\/www.gero.lu\/de\/#\/schema\/logo\/image\/"},"sameAs":["https:\/\/www.facebook.com\/Kompetenzzenter\/","https:\/\/www.instagram.com\/gero.kompetenzzenter\/","https:\/\/linkedin.com\/company\/gero-kompetenzzenter-fir-den-alter","https:\/\/www.youtube.com\/channel\/UCJvmJYSeHh3dYQsLHZupj-Q"]}]}},"_links":{"self":[{"href":"https:\/\/www.gero.lu\/de\/wp-json\/wp\/v2\/product\/7187","targetHints":{"allow":["GET"]}}],"collection":[{"href":"https:\/\/www.gero.lu\/de\/wp-json\/wp\/v2\/product"}],"about":[{"href":"https:\/\/www.gero.lu\/de\/wp-json\/wp\/v2\/types\/product"}],"replies":[{"embeddable":true,"href":"https:\/\/www.gero.lu\/de\/wp-json\/wp\/v2\/comments?post=7187"}],"wp:featuredmedia":[{"embeddable":true,"href":"https:\/\/www.gero.lu\/de\/wp-json\/wp\/v2\/media\/7441"}],"wp:attachment":[{"href":"https:\/\/www.gero.lu\/de\/wp-json\/wp\/v2\/media?parent=7187"}],"wp:term":[{"taxonomy":"product_brand","embeddable":true,"href":"https:\/\/www.gero.lu\/de\/wp-json\/wp\/v2\/product_brand?post=7187"},{"taxonomy":"product_cat","embeddable":true,"href":"https:\/\/www.gero.lu\/de\/wp-json\/wp\/v2\/product_cat?post=7187"},{"taxonomy":"product_tag","embeddable":true,"href":"https:\/\/www.gero.lu\/de\/wp-json\/wp\/v2\/product_tag?post=7187"}],"curies":[{"name":"wp","href":"https:\/\/api.w.org\/{rel}","templated":true}]}}