{"id":7178,"date":"2024-05-02T11:22:51","date_gmt":"2024-05-02T11:22:51","guid":{"rendered":"https:\/\/www.gero.lu\/produit\/sucht-im-alter-gratis-konferenz"},"modified":"2024-09-25T10:25:55","modified_gmt":"2024-09-25T10:25:55","slug":"sucht-im-alter-gratis-konferenz","status":"publish","type":"product","link":"https:\/\/www.gero.lu\/de\/produit\/sucht-im-alter-gratis-konferenz","title":{"rendered":"AFTERWORK Gratis : Sucht im Alter"},"content":{"rendered":"<p>Dieses Afterwork wird auf Deutsch pr\u00e4sentiert, und  endet mit einer Fragerunde und einem Umtrunk in entspannter Atmosph\u00e4re in unseren neuen R\u00e4umlichkeiten in Bonneweg.<\/p>\n<p>Sacha Bachim ist Psychotherapeut und Fachberater f\u00fcr Suchtpr\u00e4vention und Gesundheitsf\u00f6rderung beim CNAPA (Centre National de Pr\u00e9vention des Addictions).<\/p>\n<p>Da die Bev\u00f6lkerung weltweit altert, gewinnt das Thema Sucht im Alter zunehmend an Bedeutung. In diesem Afterwork werden kurz verschiedene Formen von Abh\u00e4ngigkeit beleuchtet und es wird auf die vielschichtigen Gr\u00fcnde f\u00fcr Suchtverhalten im fortgeschrittenen Alter eingegangen. <\/p>\n<p>Dabei soll auch ein Blick auf die Auswirkungen von Sucht auf die physische und psychische Gesundheit geworfen werden. Welche pr\u00e4ventive Ma\u00dfnahmen gibt es, die dazu beitragen k\u00f6nnen, das Risiko von Sucht im Alter zu verringern und die Lebensqualit\u00e4t \u00e4lterer Menschen zu verbessern? Ziel ist es, ein besseres Verst\u00e4ndnis f\u00fcr die Bed\u00fcrfnisse und den Umgang mit Sucht im Alter zu f\u00f6rdern.<\/p>\n","protected":false},"excerpt":{"rendered":"<p>Dieses Afterwork wird auf Deutsch pr\u00e4sentiert, und endet mit einer Fragerunde und einem Umtrunk in entspannter Atmosph\u00e4re in unseren neuen R\u00e4umlichkeiten in Bonneweg. Sacha Bachim ist Psychotherapeut und Fachberater f\u00fcr Suchtpr\u00e4vention und Gesundheitsf\u00f6rderung beim CNAPA (Centre National de Pr\u00e9vention des Addictions). Da die Bev\u00f6lkerung weltweit altert, gewinnt das Thema Sucht im Alter zunehmend an Bedeutung. [&hellip;]<\/p>\n","protected":false},"featured_media":7524,"comment_status":"closed","ping_status":"closed","template":"","meta":{"_acf_changed":false,"inline_featured_image":false},"product_brand":[],"product_cat":[240],"product_tag":[237],"class_list":{"0":"post-7178","1":"product","2":"type-product","3":"status-publish","4":"has-post-thumbnail","6":"product_cat-conference-pro","7":"product_tag-soins-encadrement-therapie-pro","9":"first","10":"instock","11":"virtual","12":"purchasable","13":"product-type-simple"},"acf":[],"yoast_head":"<!-- This site is optimized with the Yoast SEO Premium plugin v27.4 (Yoast SEO v27.5) - https:\/\/yoast.com\/product\/yoast-seo-premium-wordpress\/ -->\n<title>AFTERWORK Gratis : Sucht im Alter - GERO<\/title>\n<meta name=\"robots\" content=\"index, follow, max-snippet:-1, max-image-preview:large, max-video-preview:-1\" \/>\n<link rel=\"canonical\" href=\"https:\/\/www.gero.lu\/de\/produit\/sucht-im-alter-gratis-konferenz\" \/>\n<meta property=\"og:locale\" content=\"de_DE\" \/>\n<meta property=\"og:type\" content=\"article\" \/>\n<meta property=\"og:title\" content=\"AFTERWORK Gratis : Sucht im Alter\" \/>\n<meta property=\"og:description\" content=\"Dieses Afterwork wird auf Deutsch pr\u00e4sentiert, und endet mit einer Fragerunde und einem Umtrunk in entspannter Atmosph\u00e4re in unseren neuen R\u00e4umlichkeiten in Bonneweg. Sacha Bachim ist Psychotherapeut und Fachberater f\u00fcr Suchtpr\u00e4vention und Gesundheitsf\u00f6rderung beim CNAPA (Centre National de Pr\u00e9vention des Addictions). Da die Bev\u00f6lkerung weltweit altert, gewinnt das Thema Sucht im Alter zunehmend an Bedeutung. [&hellip;]\" \/>\n<meta property=\"og:url\" content=\"https:\/\/www.gero.lu\/de\/produit\/sucht-im-alter-gratis-konferenz\" \/>\n<meta property=\"og:site_name\" content=\"GERO\" \/>\n<meta property=\"article:publisher\" content=\"https:\/\/www.facebook.com\/Kompetenzzenter\/\" \/>\n<meta property=\"article:modified_time\" content=\"2024-09-25T10:25:55+00:00\" \/>\n<meta property=\"og:image\" content=\"https:\/\/www.gero.lu\/wp-content\/uploads\/2024\/05\/Logo_AFTER-WORK-2-1.jpg\" \/>\n\t<meta property=\"og:image:width\" content=\"1920\" \/>\n\t<meta property=\"og:image:height\" content=\"722\" \/>\n\t<meta property=\"og:image:type\" content=\"image\/jpeg\" \/>\n<meta name=\"twitter:card\" content=\"summary_large_image\" \/>\n<meta name=\"twitter:label1\" content=\"Gesch\u00e4tzte Lesezeit\" \/>\n\t<meta name=\"twitter:data1\" content=\"1\u00a0Minute\" \/>\n<script type=\"application\/ld+json\" class=\"yoast-schema-graph\">{\"@context\":\"https:\\\/\\\/schema.org\",\"@graph\":[{\"@type\":\"WebPage\",\"@id\":\"https:\\\/\\\/www.gero.lu\\\/de\\\/produit\\\/sucht-im-alter-gratis-konferenz\",\"url\":\"https:\\\/\\\/www.gero.lu\\\/de\\\/produit\\\/sucht-im-alter-gratis-konferenz\",\"name\":\"AFTERWORK Gratis : Sucht im Alter - GERO\",\"isPartOf\":{\"@id\":\"https:\\\/\\\/www.gero.lu\\\/de\\\/#website\"},\"primaryImageOfPage\":{\"@id\":\"https:\\\/\\\/www.gero.lu\\\/de\\\/produit\\\/sucht-im-alter-gratis-konferenz#primaryimage\"},\"image\":{\"@id\":\"https:\\\/\\\/www.gero.lu\\\/produit\\\/sucht-im-alter-gratis-konferenz#primaryimage\"},\"thumbnailUrl\":\"https:\\\/\\\/www.gero.lu\\\/wp-content\\\/uploads\\\/2024\\\/05\\\/Logo_AFTER-WORK-2-1.jpg\",\"datePublished\":\"2024-05-02T11:22:51+00:00\",\"dateModified\":\"2024-09-25T10:25:55+00:00\",\"breadcrumb\":{\"@id\":\"https:\\\/\\\/www.gero.lu\\\/de\\\/produit\\\/sucht-im-alter-gratis-konferenz#breadcrumb\"},\"inLanguage\":\"de\",\"potentialAction\":[{\"@type\":\"ReadAction\",\"target\":[[\"https:\\\/\\\/www.gero.lu\\\/de\\\/produit\\\/sucht-im-alter-gratis-konferenz\"]]}]},{\"@type\":\"ImageObject\",\"inLanguage\":\"de\",\"@id\":\"https:\\\/\\\/www.gero.lu\\\/de\\\/produit\\\/sucht-im-alter-gratis-konferenz#primaryimage\",\"url\":\"https:\\\/\\\/www.gero.lu\\\/wp-content\\\/uploads\\\/2024\\\/05\\\/Logo_AFTER-WORK-2-1.jpg\",\"contentUrl\":\"https:\\\/\\\/www.gero.lu\\\/wp-content\\\/uploads\\\/2024\\\/05\\\/Logo_AFTER-WORK-2-1.jpg\",\"width\":1920,\"height\":722},{\"@type\":\"BreadcrumbList\",\"@id\":\"https:\\\/\\\/www.gero.lu\\\/de\\\/produit\\\/sucht-im-alter-gratis-konferenz#breadcrumb\",\"itemListElement\":[{\"@type\":\"ListItem\",\"position\":1,\"name\":\"Accueil\",\"item\":\"https:\\\/\\\/www.gero.lu\\\/de\\\/\"},{\"@type\":\"ListItem\",\"position\":2,\"name\":\"Shop\",\"item\":\"https:\\\/\\\/www.gero.lu\\\/de\\\/shop\"},{\"@type\":\"ListItem\",\"position\":3,\"name\":\"Sucht im Alter &#8211; Gratis Konferenz\"}]},{\"@type\":\"WebSite\",\"@id\":\"https:\\\/\\\/www.gero.lu\\\/de\\\/#website\",\"url\":\"https:\\\/\\\/www.gero.lu\\\/de\\\/\",\"name\":\"Gero\",\"description\":\"Kompetenzzenter fir den Alter\",\"publisher\":{\"@id\":\"https:\\\/\\\/www.gero.lu\\\/de\\\/#organization\"},\"potentialAction\":[{\"@type\":\"SearchAction\",\"target\":{\"@type\":\"EntryPoint\",\"urlTemplate\":\"https:\\\/\\\/www.gero.lu\\\/de\\\/?s={search_term_string}\"},\"query-input\":{\"@type\":\"PropertyValueSpecification\",\"valueRequired\":true,\"valueName\":\"search_term_string\"}}],\"inLanguage\":\"de\"},{\"@type\":\"Organization\",\"@id\":\"https:\\\/\\\/www.gero.lu\\\/de\\\/#organization\",\"name\":\"Gero\",\"url\":\"https:\\\/\\\/www.gero.lu\\\/de\\\/\",\"logo\":{\"@type\":\"ImageObject\",\"inLanguage\":\"de\",\"@id\":\"https:\\\/\\\/www.gero.lu\\\/de\\\/#\\\/schema\\\/logo\\\/image\\\/\",\"url\":\"https:\\\/\\\/www.gero.lu\\\/wp-content\\\/uploads\\\/2024\\\/04\\\/logo.svg\",\"contentUrl\":\"https:\\\/\\\/www.gero.lu\\\/wp-content\\\/uploads\\\/2024\\\/04\\\/logo.svg\",\"width\":76,\"height\":30,\"caption\":\"Gero\"},\"image\":{\"@id\":\"https:\\\/\\\/www.gero.lu\\\/de\\\/#\\\/schema\\\/logo\\\/image\\\/\"},\"sameAs\":[\"https:\\\/\\\/www.facebook.com\\\/Kompetenzzenter\\\/\",\"https:\\\/\\\/www.instagram.com\\\/gero.kompetenzzenter\\\/\",\"https:\\\/\\\/linkedin.com\\\/company\\\/gero-kompetenzzenter-fir-den-alter\",\"https:\\\/\\\/www.youtube.com\\\/channel\\\/UCJvmJYSeHh3dYQsLHZupj-Q\"]}]}<\/script>\n<!-- \/ Yoast SEO Premium plugin. -->","yoast_head_json":{"title":"AFTERWORK Gratis : Sucht im Alter - GERO","robots":{"index":"index","follow":"follow","max-snippet":"max-snippet:-1","max-image-preview":"max-image-preview:large","max-video-preview":"max-video-preview:-1"},"canonical":"https:\/\/www.gero.lu\/de\/produit\/sucht-im-alter-gratis-konferenz","og_locale":"de_DE","og_type":"article","og_title":"AFTERWORK Gratis : Sucht im Alter","og_description":"Dieses Afterwork wird auf Deutsch pr\u00e4sentiert, und endet mit einer Fragerunde und einem Umtrunk in entspannter Atmosph\u00e4re in unseren neuen R\u00e4umlichkeiten in Bonneweg. Sacha Bachim ist Psychotherapeut und Fachberater f\u00fcr Suchtpr\u00e4vention und Gesundheitsf\u00f6rderung beim CNAPA (Centre National de Pr\u00e9vention des Addictions). Da die Bev\u00f6lkerung weltweit altert, gewinnt das Thema Sucht im Alter zunehmend an Bedeutung. [&hellip;]","og_url":"https:\/\/www.gero.lu\/de\/produit\/sucht-im-alter-gratis-konferenz","og_site_name":"GERO","article_publisher":"https:\/\/www.facebook.com\/Kompetenzzenter\/","article_modified_time":"2024-09-25T10:25:55+00:00","og_image":[{"width":1920,"height":722,"url":"https:\/\/www.gero.lu\/wp-content\/uploads\/2024\/05\/Logo_AFTER-WORK-2-1.jpg","type":"image\/jpeg"}],"twitter_card":"summary_large_image","twitter_misc":{"Gesch\u00e4tzte Lesezeit":"1\u00a0Minute"},"schema":{"@context":"https:\/\/schema.org","@graph":[{"@type":"WebPage","@id":"https:\/\/www.gero.lu\/de\/produit\/sucht-im-alter-gratis-konferenz","url":"https:\/\/www.gero.lu\/de\/produit\/sucht-im-alter-gratis-konferenz","name":"AFTERWORK Gratis : Sucht im Alter - GERO","isPartOf":{"@id":"https:\/\/www.gero.lu\/de\/#website"},"primaryImageOfPage":{"@id":"https:\/\/www.gero.lu\/de\/produit\/sucht-im-alter-gratis-konferenz#primaryimage"},"image":{"@id":"https:\/\/www.gero.lu\/produit\/sucht-im-alter-gratis-konferenz#primaryimage"},"thumbnailUrl":"https:\/\/www.gero.lu\/wp-content\/uploads\/2024\/05\/Logo_AFTER-WORK-2-1.jpg","datePublished":"2024-05-02T11:22:51+00:00","dateModified":"2024-09-25T10:25:55+00:00","breadcrumb":{"@id":"https:\/\/www.gero.lu\/de\/produit\/sucht-im-alter-gratis-konferenz#breadcrumb"},"inLanguage":"de","potentialAction":[{"@type":"ReadAction","target":[["https:\/\/www.gero.lu\/de\/produit\/sucht-im-alter-gratis-konferenz"]]}]},{"@type":"ImageObject","inLanguage":"de","@id":"https:\/\/www.gero.lu\/de\/produit\/sucht-im-alter-gratis-konferenz#primaryimage","url":"https:\/\/www.gero.lu\/wp-content\/uploads\/2024\/05\/Logo_AFTER-WORK-2-1.jpg","contentUrl":"https:\/\/www.gero.lu\/wp-content\/uploads\/2024\/05\/Logo_AFTER-WORK-2-1.jpg","width":1920,"height":722},{"@type":"BreadcrumbList","@id":"https:\/\/www.gero.lu\/de\/produit\/sucht-im-alter-gratis-konferenz#breadcrumb","itemListElement":[{"@type":"ListItem","position":1,"name":"Accueil","item":"https:\/\/www.gero.lu\/de\/"},{"@type":"ListItem","position":2,"name":"Shop","item":"https:\/\/www.gero.lu\/de\/shop"},{"@type":"ListItem","position":3,"name":"Sucht im Alter &#8211; Gratis Konferenz"}]},{"@type":"WebSite","@id":"https:\/\/www.gero.lu\/de\/#website","url":"https:\/\/www.gero.lu\/de\/","name":"Gero","description":"Kompetenzzenter fir den Alter","publisher":{"@id":"https:\/\/www.gero.lu\/de\/#organization"},"potentialAction":[{"@type":"SearchAction","target":{"@type":"EntryPoint","urlTemplate":"https:\/\/www.gero.lu\/de\/?s={search_term_string}"},"query-input":{"@type":"PropertyValueSpecification","valueRequired":true,"valueName":"search_term_string"}}],"inLanguage":"de"},{"@type":"Organization","@id":"https:\/\/www.gero.lu\/de\/#organization","name":"Gero","url":"https:\/\/www.gero.lu\/de\/","logo":{"@type":"ImageObject","inLanguage":"de","@id":"https:\/\/www.gero.lu\/de\/#\/schema\/logo\/image\/","url":"https:\/\/www.gero.lu\/wp-content\/uploads\/2024\/04\/logo.svg","contentUrl":"https:\/\/www.gero.lu\/wp-content\/uploads\/2024\/04\/logo.svg","width":76,"height":30,"caption":"Gero"},"image":{"@id":"https:\/\/www.gero.lu\/de\/#\/schema\/logo\/image\/"},"sameAs":["https:\/\/www.facebook.com\/Kompetenzzenter\/","https:\/\/www.instagram.com\/gero.kompetenzzenter\/","https:\/\/linkedin.com\/company\/gero-kompetenzzenter-fir-den-alter","https:\/\/www.youtube.com\/channel\/UCJvmJYSeHh3dYQsLHZupj-Q"]}]}},"_links":{"self":[{"href":"https:\/\/www.gero.lu\/de\/wp-json\/wp\/v2\/product\/7178","targetHints":{"allow":["GET"]}}],"collection":[{"href":"https:\/\/www.gero.lu\/de\/wp-json\/wp\/v2\/product"}],"about":[{"href":"https:\/\/www.gero.lu\/de\/wp-json\/wp\/v2\/types\/product"}],"replies":[{"embeddable":true,"href":"https:\/\/www.gero.lu\/de\/wp-json\/wp\/v2\/comments?post=7178"}],"wp:featuredmedia":[{"embeddable":true,"href":"https:\/\/www.gero.lu\/de\/wp-json\/wp\/v2\/media\/7524"}],"wp:attachment":[{"href":"https:\/\/www.gero.lu\/de\/wp-json\/wp\/v2\/media?parent=7178"}],"wp:term":[{"taxonomy":"product_brand","embeddable":true,"href":"https:\/\/www.gero.lu\/de\/wp-json\/wp\/v2\/product_brand?post=7178"},{"taxonomy":"product_cat","embeddable":true,"href":"https:\/\/www.gero.lu\/de\/wp-json\/wp\/v2\/product_cat?post=7178"},{"taxonomy":"product_tag","embeddable":true,"href":"https:\/\/www.gero.lu\/de\/wp-json\/wp\/v2\/product_tag?post=7178"}],"curies":[{"name":"wp","href":"https:\/\/api.w.org\/{rel}","templated":true}]}}