{"id":6989,"date":"2024-03-28T16:21:32","date_gmt":"2024-03-28T16:21:32","guid":{"rendered":"https:\/\/www.gero.lu\/fr\/produit\/35-jahre-gero-ein-neuer-gipfel-erwartet-uns-reinhold-messner"},"modified":"2024-05-16T12:23:14","modified_gmt":"2024-05-16T12:23:14","slug":"35-jahre-gero-ein-neuer-gipfel-erwartet-uns-reinhold-messner","status":"publish","type":"product","link":"https:\/\/www.gero.lu\/de\/produit\/35-jahre-gero-ein-neuer-gipfel-erwartet-uns-reinhold-messner","title":{"rendered":"35 Jahre GERO: Ein neuer Gipfel erwartet uns &#8211; Reinhold Messner"},"content":{"rendered":"<p>Feiern Sie mit uns 35 gemeinsame Jahre in Itzig und den bevorstehenden Umzug nach Bonneweg! Mit dieser Veranstaltung m\u00f6chten wir uns gleichzeitig bei der Gemeinde Hesperingen f\u00fcr die langj\u00e4hrige, gute Zusammenarbeit bedanken.<\/p>\n<p>Nach einem R\u00fcckblick in die Geschichte von GERO wird der Auftritt von Reinhold Messner zusammen mit seiner Frau Diane ein besonderer H\u00f6hepunkt sein. Gemeinsam stellen sie das neue Buch \u201eSinnbilder\u201c vor, in dem es unter anderem darum geht, was Erfolge ausmacht: Verzicht statt Konsum und die F\u00e4higkeit, Ballast abzuwerfen. Der Extrem-Bergsteiger und Museumsgr\u00fcnder Messner stellt sich jedoch nicht nur den Fragen seines eigenen Lebens, sondern auch Themen, die uns alle betreffen: Nachhaltigkeit, Klimawandel und Generationengerechtigkeit. Er spricht au\u00dferdem offen von Krisen und Entt\u00e4uschungen, von Trennung und Neuanfang und erkl\u00e4rt, wie er mit dem Altern umgeht und was Tod, Religion und Spiritualit\u00e4t f\u00fcr ihn bedeuten. Eine wichtige Rolle kommt dabei seiner Frau Diane zu, die ihren eigenen Blick auf die Welt und ihren ber\u00fchmten Mann hat \u2013 und hier erstmals davon erz\u00e4hlt.<\/p>\n<p>Ein B\u00fcchertisch der Librairie Promoculture mit der Gelegenheit, sich B\u00fccher von Reinhold und Diane Messner signieren zu lassen, und ein geselliger Umtrunk runden das Programm ab.<\/p>\n<p>Venez f\u00eater avec nous nos 35 ann\u00e9es pass\u00e9es \u00e0 Itzig et notre d\u00e9m\u00e9nagement \u00e0 Bonnevoie ! A cette occasion, nous souhaiterions remercier la commune d\u2019Hesperange pour notre bonne collaboration au fil de ces ann\u00e9es. <\/p>\n<p>Apr\u00e8s une r\u00e9trospective de l&#8217;histoire de GERO, nous aurons le plaisir de suivre la conf\u00e9rence de l\u2019alpiniste renomm\u00e9 Reinhold Messner, accompagn\u00e9 de son \u00e9pouse Diane. Ensemble, ils pr\u00e9senteront leur nouveau livre intitul\u00e9 \u00ab Sinnbilder \u00bb, dans lequel il est notamment question du renoncement \u00e0 la surconsommation et de la capacit\u00e9 \u00e0 se d\u00e9barrasser du superflu.<\/p>\n<p>Une traduction simultan\u00e9e en fran\u00e7ais est assur\u00e9e, suivie d\u2019un verre de l\u2019amiti\u00e9 pour cl\u00f4turer cette soir\u00e9e festive.<\/p>\n","protected":false},"excerpt":{"rendered":"<p>Feiern Sie mit uns 35 gemeinsame Jahre in Itzig und den bevorstehenden Umzug nach Bonneweg! Mit dieser Veranstaltung m\u00f6chten wir uns gleichzeitig bei der Gemeinde Hesperingen f\u00fcr die langj\u00e4hrige, gute Zusammenarbeit bedanken. Nach einem R\u00fcckblick in die Geschichte von GERO wird der Auftritt von Reinhold Messner zusammen mit seiner Frau Diane ein besonderer H\u00f6hepunkt sein. [&hellip;]<\/p>\n","protected":false},"featured_media":0,"comment_status":"closed","ping_status":"closed","template":"","meta":{"_acf_changed":false,"inline_featured_image":false},"product_brand":[],"product_cat":[240],"product_tag":[238],"class_list":{"0":"post-6989","1":"product","2":"type-product","3":"status-publish","5":"product_cat-conference-pro","6":"product_tag-divers-pro","8":"first","9":"instock","10":"virtual","11":"purchasable","12":"product-type-simple"},"acf":[],"yoast_head":"<!-- This site is optimized with the Yoast SEO Premium plugin v27.4 (Yoast SEO v27.6) - https:\/\/yoast.com\/product\/yoast-seo-premium-wordpress\/ -->\n<title>35 Jahre GERO: Ein neuer Gipfel erwartet uns - Reinhold Messner - GERO<\/title>\n<meta name=\"robots\" content=\"index, follow, max-snippet:-1, max-image-preview:large, max-video-preview:-1\" \/>\n<link rel=\"canonical\" href=\"https:\/\/www.gero.lu\/de\/produit\/35-jahre-gero-ein-neuer-gipfel-erwartet-uns-reinhold-messner\" \/>\n<meta property=\"og:locale\" content=\"de_DE\" \/>\n<meta property=\"og:type\" content=\"article\" \/>\n<meta property=\"og:title\" content=\"35 Jahre GERO: Ein neuer Gipfel erwartet uns - Reinhold Messner\" \/>\n<meta property=\"og:description\" content=\"Feiern Sie mit uns 35 gemeinsame Jahre in Itzig und den bevorstehenden Umzug nach Bonneweg! Mit dieser Veranstaltung m\u00f6chten wir uns gleichzeitig bei der Gemeinde Hesperingen f\u00fcr die langj\u00e4hrige, gute Zusammenarbeit bedanken. Nach einem R\u00fcckblick in die Geschichte von GERO wird der Auftritt von Reinhold Messner zusammen mit seiner Frau Diane ein besonderer H\u00f6hepunkt sein. [&hellip;]\" \/>\n<meta property=\"og:url\" content=\"https:\/\/www.gero.lu\/de\/produit\/35-jahre-gero-ein-neuer-gipfel-erwartet-uns-reinhold-messner\" \/>\n<meta property=\"og:site_name\" content=\"GERO\" \/>\n<meta property=\"article:publisher\" content=\"https:\/\/www.facebook.com\/Kompetenzzenter\/\" \/>\n<meta property=\"article:modified_time\" content=\"2024-05-16T12:23:14+00:00\" \/>\n<meta property=\"og:image\" content=\"https:\/\/www.gero.lu\/wp-content\/uploads\/2021\/08\/gettyimages-1135289130-2048x2048_RET-1.jpg\" \/>\n\t<meta property=\"og:image:width\" content=\"1227\" \/>\n\t<meta property=\"og:image:height\" content=\"802\" \/>\n\t<meta property=\"og:image:type\" content=\"image\/jpeg\" \/>\n<meta name=\"twitter:card\" content=\"summary_large_image\" \/>\n<meta name=\"twitter:label1\" content=\"Gesch\u00e4tzte Lesezeit\" \/>\n\t<meta name=\"twitter:data1\" content=\"2\u00a0Minuten\" \/>\n<script type=\"application\/ld+json\" class=\"yoast-schema-graph\">{\"@context\":\"https:\\\/\\\/schema.org\",\"@graph\":[{\"@type\":\"WebPage\",\"@id\":\"https:\\\/\\\/www.gero.lu\\\/de\\\/produit\\\/35-jahre-gero-ein-neuer-gipfel-erwartet-uns-reinhold-messner\",\"url\":\"https:\\\/\\\/www.gero.lu\\\/de\\\/produit\\\/35-jahre-gero-ein-neuer-gipfel-erwartet-uns-reinhold-messner\",\"name\":\"35 Jahre GERO: Ein neuer Gipfel erwartet uns - Reinhold Messner - GERO\",\"isPartOf\":{\"@id\":\"https:\\\/\\\/www.gero.lu\\\/de\\\/#website\"},\"datePublished\":\"2024-03-28T16:21:32+00:00\",\"dateModified\":\"2024-05-16T12:23:14+00:00\",\"breadcrumb\":{\"@id\":\"https:\\\/\\\/www.gero.lu\\\/de\\\/produit\\\/35-jahre-gero-ein-neuer-gipfel-erwartet-uns-reinhold-messner#breadcrumb\"},\"inLanguage\":\"de\",\"potentialAction\":[{\"@type\":\"ReadAction\",\"target\":[[\"https:\\\/\\\/www.gero.lu\\\/de\\\/produit\\\/35-jahre-gero-ein-neuer-gipfel-erwartet-uns-reinhold-messner\"]]}]},{\"@type\":\"BreadcrumbList\",\"@id\":\"https:\\\/\\\/www.gero.lu\\\/de\\\/produit\\\/35-jahre-gero-ein-neuer-gipfel-erwartet-uns-reinhold-messner#breadcrumb\",\"itemListElement\":[{\"@type\":\"ListItem\",\"position\":1,\"name\":\"Accueil\",\"item\":\"https:\\\/\\\/www.gero.lu\\\/de\\\/\"},{\"@type\":\"ListItem\",\"position\":2,\"name\":\"Shop\",\"item\":\"https:\\\/\\\/www.gero.lu\\\/de\\\/shop\"},{\"@type\":\"ListItem\",\"position\":3,\"name\":\"35 Jahre GERO: Ein neuer Gipfel erwartet uns &#8211; Reinhold Messner\"}]},{\"@type\":\"WebSite\",\"@id\":\"https:\\\/\\\/www.gero.lu\\\/de\\\/#website\",\"url\":\"https:\\\/\\\/www.gero.lu\\\/de\\\/\",\"name\":\"Gero\",\"description\":\"Kompetenzzenter fir den Alter\",\"publisher\":{\"@id\":\"https:\\\/\\\/www.gero.lu\\\/de\\\/#organization\"},\"potentialAction\":[{\"@type\":\"SearchAction\",\"target\":{\"@type\":\"EntryPoint\",\"urlTemplate\":\"https:\\\/\\\/www.gero.lu\\\/de\\\/?s={search_term_string}\"},\"query-input\":{\"@type\":\"PropertyValueSpecification\",\"valueRequired\":true,\"valueName\":\"search_term_string\"}}],\"inLanguage\":\"de\"},{\"@type\":\"Organization\",\"@id\":\"https:\\\/\\\/www.gero.lu\\\/de\\\/#organization\",\"name\":\"Gero\",\"url\":\"https:\\\/\\\/www.gero.lu\\\/de\\\/\",\"logo\":{\"@type\":\"ImageObject\",\"inLanguage\":\"de\",\"@id\":\"https:\\\/\\\/www.gero.lu\\\/de\\\/#\\\/schema\\\/logo\\\/image\\\/\",\"url\":\"https:\\\/\\\/www.gero.lu\\\/wp-content\\\/uploads\\\/2024\\\/04\\\/logo.svg\",\"contentUrl\":\"https:\\\/\\\/www.gero.lu\\\/wp-content\\\/uploads\\\/2024\\\/04\\\/logo.svg\",\"width\":76,\"height\":30,\"caption\":\"Gero\"},\"image\":{\"@id\":\"https:\\\/\\\/www.gero.lu\\\/de\\\/#\\\/schema\\\/logo\\\/image\\\/\"},\"sameAs\":[\"https:\\\/\\\/www.facebook.com\\\/Kompetenzzenter\\\/\",\"https:\\\/\\\/www.instagram.com\\\/gero.kompetenzzenter\\\/\",\"https:\\\/\\\/linkedin.com\\\/company\\\/gero-kompetenzzenter-fir-den-alter\",\"https:\\\/\\\/www.youtube.com\\\/channel\\\/UCJvmJYSeHh3dYQsLHZupj-Q\"]}]}<\/script>\n<!-- \/ Yoast SEO Premium plugin. -->","yoast_head_json":{"title":"35 Jahre GERO: Ein neuer Gipfel erwartet uns - Reinhold Messner - GERO","robots":{"index":"index","follow":"follow","max-snippet":"max-snippet:-1","max-image-preview":"max-image-preview:large","max-video-preview":"max-video-preview:-1"},"canonical":"https:\/\/www.gero.lu\/de\/produit\/35-jahre-gero-ein-neuer-gipfel-erwartet-uns-reinhold-messner","og_locale":"de_DE","og_type":"article","og_title":"35 Jahre GERO: Ein neuer Gipfel erwartet uns - Reinhold Messner","og_description":"Feiern Sie mit uns 35 gemeinsame Jahre in Itzig und den bevorstehenden Umzug nach Bonneweg! Mit dieser Veranstaltung m\u00f6chten wir uns gleichzeitig bei der Gemeinde Hesperingen f\u00fcr die langj\u00e4hrige, gute Zusammenarbeit bedanken. Nach einem R\u00fcckblick in die Geschichte von GERO wird der Auftritt von Reinhold Messner zusammen mit seiner Frau Diane ein besonderer H\u00f6hepunkt sein. [&hellip;]","og_url":"https:\/\/www.gero.lu\/de\/produit\/35-jahre-gero-ein-neuer-gipfel-erwartet-uns-reinhold-messner","og_site_name":"GERO","article_publisher":"https:\/\/www.facebook.com\/Kompetenzzenter\/","article_modified_time":"2024-05-16T12:23:14+00:00","og_image":[{"width":1227,"height":802,"url":"https:\/\/www.gero.lu\/wp-content\/uploads\/2021\/08\/gettyimages-1135289130-2048x2048_RET-1.jpg","type":"image\/jpeg"}],"twitter_card":"summary_large_image","twitter_misc":{"Gesch\u00e4tzte Lesezeit":"2\u00a0Minuten"},"schema":{"@context":"https:\/\/schema.org","@graph":[{"@type":"WebPage","@id":"https:\/\/www.gero.lu\/de\/produit\/35-jahre-gero-ein-neuer-gipfel-erwartet-uns-reinhold-messner","url":"https:\/\/www.gero.lu\/de\/produit\/35-jahre-gero-ein-neuer-gipfel-erwartet-uns-reinhold-messner","name":"35 Jahre GERO: Ein neuer Gipfel erwartet uns - Reinhold Messner - GERO","isPartOf":{"@id":"https:\/\/www.gero.lu\/de\/#website"},"datePublished":"2024-03-28T16:21:32+00:00","dateModified":"2024-05-16T12:23:14+00:00","breadcrumb":{"@id":"https:\/\/www.gero.lu\/de\/produit\/35-jahre-gero-ein-neuer-gipfel-erwartet-uns-reinhold-messner#breadcrumb"},"inLanguage":"de","potentialAction":[{"@type":"ReadAction","target":[["https:\/\/www.gero.lu\/de\/produit\/35-jahre-gero-ein-neuer-gipfel-erwartet-uns-reinhold-messner"]]}]},{"@type":"BreadcrumbList","@id":"https:\/\/www.gero.lu\/de\/produit\/35-jahre-gero-ein-neuer-gipfel-erwartet-uns-reinhold-messner#breadcrumb","itemListElement":[{"@type":"ListItem","position":1,"name":"Accueil","item":"https:\/\/www.gero.lu\/de\/"},{"@type":"ListItem","position":2,"name":"Shop","item":"https:\/\/www.gero.lu\/de\/shop"},{"@type":"ListItem","position":3,"name":"35 Jahre GERO: Ein neuer Gipfel erwartet uns &#8211; Reinhold Messner"}]},{"@type":"WebSite","@id":"https:\/\/www.gero.lu\/de\/#website","url":"https:\/\/www.gero.lu\/de\/","name":"Gero","description":"Kompetenzzenter fir den Alter","publisher":{"@id":"https:\/\/www.gero.lu\/de\/#organization"},"potentialAction":[{"@type":"SearchAction","target":{"@type":"EntryPoint","urlTemplate":"https:\/\/www.gero.lu\/de\/?s={search_term_string}"},"query-input":{"@type":"PropertyValueSpecification","valueRequired":true,"valueName":"search_term_string"}}],"inLanguage":"de"},{"@type":"Organization","@id":"https:\/\/www.gero.lu\/de\/#organization","name":"Gero","url":"https:\/\/www.gero.lu\/de\/","logo":{"@type":"ImageObject","inLanguage":"de","@id":"https:\/\/www.gero.lu\/de\/#\/schema\/logo\/image\/","url":"https:\/\/www.gero.lu\/wp-content\/uploads\/2024\/04\/logo.svg","contentUrl":"https:\/\/www.gero.lu\/wp-content\/uploads\/2024\/04\/logo.svg","width":76,"height":30,"caption":"Gero"},"image":{"@id":"https:\/\/www.gero.lu\/de\/#\/schema\/logo\/image\/"},"sameAs":["https:\/\/www.facebook.com\/Kompetenzzenter\/","https:\/\/www.instagram.com\/gero.kompetenzzenter\/","https:\/\/linkedin.com\/company\/gero-kompetenzzenter-fir-den-alter","https:\/\/www.youtube.com\/channel\/UCJvmJYSeHh3dYQsLHZupj-Q"]}]}},"_links":{"self":[{"href":"https:\/\/www.gero.lu\/de\/wp-json\/wp\/v2\/product\/6989","targetHints":{"allow":["GET"]}}],"collection":[{"href":"https:\/\/www.gero.lu\/de\/wp-json\/wp\/v2\/product"}],"about":[{"href":"https:\/\/www.gero.lu\/de\/wp-json\/wp\/v2\/types\/product"}],"replies":[{"embeddable":true,"href":"https:\/\/www.gero.lu\/de\/wp-json\/wp\/v2\/comments?post=6989"}],"wp:attachment":[{"href":"https:\/\/www.gero.lu\/de\/wp-json\/wp\/v2\/media?parent=6989"}],"wp:term":[{"taxonomy":"product_brand","embeddable":true,"href":"https:\/\/www.gero.lu\/de\/wp-json\/wp\/v2\/product_brand?post=6989"},{"taxonomy":"product_cat","embeddable":true,"href":"https:\/\/www.gero.lu\/de\/wp-json\/wp\/v2\/product_cat?post=6989"},{"taxonomy":"product_tag","embeddable":true,"href":"https:\/\/www.gero.lu\/de\/wp-json\/wp\/v2\/product_tag?post=6989"}],"curies":[{"name":"wp","href":"https:\/\/api.w.org\/{rel}","templated":true}]}}