{"id":6915,"date":"2024-03-13T15:21:26","date_gmt":"2024-03-13T15:21:26","guid":{"rendered":"https:\/\/www.gero.lu\/fr\/produit\/heilpflanzen-im-naturschutzgebiet-remerschen-2"},"modified":"2024-07-02T07:21:52","modified_gmt":"2024-07-02T07:21:52","slug":"heilpflanzen-im-naturschutzgebiet-remerschen-2","status":"publish","type":"product","link":"https:\/\/www.gero.lu\/de\/produit\/heilpflanzen-im-naturschutzgebiet-remerschen-2","title":{"rendered":"Heilpflanzen im Naturschutzgebiet Remerschen"},"content":{"rendered":"<p>In Begleitung von Kr\u00e4uterexpertin Vivian Craig k\u00f6nnen Sie auf einem rund 2,5 km langen Spaziergang im Naturschutzgebiet rund um den Remerscher Baggerweiher viele wild wachsende Heilpflanzen entdecken und eine Reihe von Vogelarten sehen. Informationstafeln geben interessante Hinweise \u00fcber Pflanzen, V\u00f6gel und Tiere. Da es \u00fcber teilweise unebene Wege geht, sind feste Schuhe zu empfehlen. Ein Abstecher zum Biodiversum-Geb\u00e4ude mit seiner einzigartigen Architektur ist ebenfalls m\u00f6glich.<br \/>\nTreffpunkt ist um ab 9:30 Uhr direkt vor dem Biodiversum-Geb\u00e4ude<\/p>\n","protected":false},"excerpt":{"rendered":"<p>In Begleitung von Kr\u00e4uterexpertin Vivian Craig k\u00f6nnen Sie auf einem rund 2,5 km langen Spaziergang im Naturschutzgebiet rund um den Remerscher Baggerweiher viele wild wachsende Heilpflanzen entdecken und eine Reihe von Vogelarten sehen. Informationstafeln geben interessante Hinweise \u00fcber Pflanzen, V\u00f6gel und Tiere. Da es \u00fcber teilweise unebene Wege geht, sind feste Schuhe zu empfehlen. Ein [&hellip;]<\/p>\n","protected":false},"featured_media":0,"comment_status":"closed","ping_status":"closed","template":"","meta":{"_acf_changed":false,"inline_featured_image":false},"product_brand":[],"product_cat":[230],"product_tag":[200],"class_list":{"0":"post-6915","1":"product","2":"type-product","3":"status-publish","5":"product_cat-visite","6":"product_tag-sante-senior","8":"first","9":"instock","10":"virtual","11":"purchasable","12":"product-type-simple"},"acf":[],"yoast_head":"<!-- This site is optimized with the Yoast SEO Premium plugin v27.4 (Yoast SEO v27.4) - https:\/\/yoast.com\/product\/yoast-seo-premium-wordpress\/ -->\n<title>Heilpflanzen im Naturschutzgebiet Remerschen - GERO<\/title>\n<meta name=\"robots\" content=\"index, follow, max-snippet:-1, max-image-preview:large, max-video-preview:-1\" \/>\n<link rel=\"canonical\" href=\"https:\/\/www.gero.lu\/de\/produit\/heilpflanzen-im-naturschutzgebiet-remerschen-2\" \/>\n<meta property=\"og:locale\" content=\"de_DE\" \/>\n<meta property=\"og:type\" content=\"article\" \/>\n<meta property=\"og:title\" content=\"Heilpflanzen im Naturschutzgebiet Remerschen\" \/>\n<meta property=\"og:description\" content=\"In Begleitung von Kr\u00e4uterexpertin Vivian Craig k\u00f6nnen Sie auf einem rund 2,5 km langen Spaziergang im Naturschutzgebiet rund um den Remerscher Baggerweiher viele wild wachsende Heilpflanzen entdecken und eine Reihe von Vogelarten sehen. Informationstafeln geben interessante Hinweise \u00fcber Pflanzen, V\u00f6gel und Tiere. Da es \u00fcber teilweise unebene Wege geht, sind feste Schuhe zu empfehlen. Ein [&hellip;]\" \/>\n<meta property=\"og:url\" content=\"https:\/\/www.gero.lu\/de\/produit\/heilpflanzen-im-naturschutzgebiet-remerschen-2\" \/>\n<meta property=\"og:site_name\" content=\"GERO\" \/>\n<meta property=\"article:publisher\" content=\"https:\/\/www.facebook.com\/Kompetenzzenter\/\" \/>\n<meta property=\"article:modified_time\" content=\"2024-07-02T07:21:52+00:00\" \/>\n<meta property=\"og:image\" content=\"https:\/\/www.gero.lu\/wp-content\/uploads\/2021\/08\/gettyimages-1135289130-2048x2048_RET-1.jpg\" \/>\n\t<meta property=\"og:image:width\" content=\"1227\" \/>\n\t<meta property=\"og:image:height\" content=\"802\" \/>\n\t<meta property=\"og:image:type\" content=\"image\/jpeg\" \/>\n<meta name=\"twitter:card\" content=\"summary_large_image\" \/>\n<script type=\"application\/ld+json\" class=\"yoast-schema-graph\">{\"@context\":\"https:\\\/\\\/schema.org\",\"@graph\":[{\"@type\":\"WebPage\",\"@id\":\"https:\\\/\\\/www.gero.lu\\\/de\\\/produit\\\/heilpflanzen-im-naturschutzgebiet-remerschen-2\",\"url\":\"https:\\\/\\\/www.gero.lu\\\/de\\\/produit\\\/heilpflanzen-im-naturschutzgebiet-remerschen-2\",\"name\":\"Heilpflanzen im Naturschutzgebiet Remerschen - GERO\",\"isPartOf\":{\"@id\":\"https:\\\/\\\/www.gero.lu\\\/de\\\/#website\"},\"datePublished\":\"2024-03-13T15:21:26+00:00\",\"dateModified\":\"2024-07-02T07:21:52+00:00\",\"breadcrumb\":{\"@id\":\"https:\\\/\\\/www.gero.lu\\\/de\\\/produit\\\/heilpflanzen-im-naturschutzgebiet-remerschen-2#breadcrumb\"},\"inLanguage\":\"de\",\"potentialAction\":[{\"@type\":\"ReadAction\",\"target\":[[\"https:\\\/\\\/www.gero.lu\\\/de\\\/produit\\\/heilpflanzen-im-naturschutzgebiet-remerschen-2\"]]}]},{\"@type\":\"BreadcrumbList\",\"@id\":\"https:\\\/\\\/www.gero.lu\\\/de\\\/produit\\\/heilpflanzen-im-naturschutzgebiet-remerschen-2#breadcrumb\",\"itemListElement\":[{\"@type\":\"ListItem\",\"position\":1,\"name\":\"Accueil\",\"item\":\"https:\\\/\\\/www.gero.lu\\\/de\\\/\"},{\"@type\":\"ListItem\",\"position\":2,\"name\":\"Shop\",\"item\":\"https:\\\/\\\/www.gero.lu\\\/de\\\/shop\"},{\"@type\":\"ListItem\",\"position\":3,\"name\":\"Heilpflanzen im Naturschutzgebiet Remerschen\"}]},{\"@type\":\"WebSite\",\"@id\":\"https:\\\/\\\/www.gero.lu\\\/de\\\/#website\",\"url\":\"https:\\\/\\\/www.gero.lu\\\/de\\\/\",\"name\":\"Gero\",\"description\":\"Kompetenzzenter fir den Alter\",\"publisher\":{\"@id\":\"https:\\\/\\\/www.gero.lu\\\/de\\\/#organization\"},\"potentialAction\":[{\"@type\":\"SearchAction\",\"target\":{\"@type\":\"EntryPoint\",\"urlTemplate\":\"https:\\\/\\\/www.gero.lu\\\/de\\\/?s={search_term_string}\"},\"query-input\":{\"@type\":\"PropertyValueSpecification\",\"valueRequired\":true,\"valueName\":\"search_term_string\"}}],\"inLanguage\":\"de\"},{\"@type\":\"Organization\",\"@id\":\"https:\\\/\\\/www.gero.lu\\\/de\\\/#organization\",\"name\":\"Gero\",\"url\":\"https:\\\/\\\/www.gero.lu\\\/de\\\/\",\"logo\":{\"@type\":\"ImageObject\",\"inLanguage\":\"de\",\"@id\":\"https:\\\/\\\/www.gero.lu\\\/de\\\/#\\\/schema\\\/logo\\\/image\\\/\",\"url\":\"https:\\\/\\\/www.gero.lu\\\/wp-content\\\/uploads\\\/2024\\\/04\\\/logo.svg\",\"contentUrl\":\"https:\\\/\\\/www.gero.lu\\\/wp-content\\\/uploads\\\/2024\\\/04\\\/logo.svg\",\"width\":76,\"height\":30,\"caption\":\"Gero\"},\"image\":{\"@id\":\"https:\\\/\\\/www.gero.lu\\\/de\\\/#\\\/schema\\\/logo\\\/image\\\/\"},\"sameAs\":[\"https:\\\/\\\/www.facebook.com\\\/Kompetenzzenter\\\/\",\"https:\\\/\\\/www.instagram.com\\\/gero.kompetenzzenter\\\/\",\"https:\\\/\\\/linkedin.com\\\/company\\\/gero-kompetenzzenter-fir-den-alter\",\"https:\\\/\\\/www.youtube.com\\\/channel\\\/UCJvmJYSeHh3dYQsLHZupj-Q\"]}]}<\/script>\n<!-- \/ Yoast SEO Premium plugin. -->","yoast_head_json":{"title":"Heilpflanzen im Naturschutzgebiet Remerschen - GERO","robots":{"index":"index","follow":"follow","max-snippet":"max-snippet:-1","max-image-preview":"max-image-preview:large","max-video-preview":"max-video-preview:-1"},"canonical":"https:\/\/www.gero.lu\/de\/produit\/heilpflanzen-im-naturschutzgebiet-remerschen-2","og_locale":"de_DE","og_type":"article","og_title":"Heilpflanzen im Naturschutzgebiet Remerschen","og_description":"In Begleitung von Kr\u00e4uterexpertin Vivian Craig k\u00f6nnen Sie auf einem rund 2,5 km langen Spaziergang im Naturschutzgebiet rund um den Remerscher Baggerweiher viele wild wachsende Heilpflanzen entdecken und eine Reihe von Vogelarten sehen. Informationstafeln geben interessante Hinweise \u00fcber Pflanzen, V\u00f6gel und Tiere. Da es \u00fcber teilweise unebene Wege geht, sind feste Schuhe zu empfehlen. Ein [&hellip;]","og_url":"https:\/\/www.gero.lu\/de\/produit\/heilpflanzen-im-naturschutzgebiet-remerschen-2","og_site_name":"GERO","article_publisher":"https:\/\/www.facebook.com\/Kompetenzzenter\/","article_modified_time":"2024-07-02T07:21:52+00:00","og_image":[{"width":1227,"height":802,"url":"https:\/\/www.gero.lu\/wp-content\/uploads\/2021\/08\/gettyimages-1135289130-2048x2048_RET-1.jpg","type":"image\/jpeg"}],"twitter_card":"summary_large_image","schema":{"@context":"https:\/\/schema.org","@graph":[{"@type":"WebPage","@id":"https:\/\/www.gero.lu\/de\/produit\/heilpflanzen-im-naturschutzgebiet-remerschen-2","url":"https:\/\/www.gero.lu\/de\/produit\/heilpflanzen-im-naturschutzgebiet-remerschen-2","name":"Heilpflanzen im Naturschutzgebiet Remerschen - GERO","isPartOf":{"@id":"https:\/\/www.gero.lu\/de\/#website"},"datePublished":"2024-03-13T15:21:26+00:00","dateModified":"2024-07-02T07:21:52+00:00","breadcrumb":{"@id":"https:\/\/www.gero.lu\/de\/produit\/heilpflanzen-im-naturschutzgebiet-remerschen-2#breadcrumb"},"inLanguage":"de","potentialAction":[{"@type":"ReadAction","target":[["https:\/\/www.gero.lu\/de\/produit\/heilpflanzen-im-naturschutzgebiet-remerschen-2"]]}]},{"@type":"BreadcrumbList","@id":"https:\/\/www.gero.lu\/de\/produit\/heilpflanzen-im-naturschutzgebiet-remerschen-2#breadcrumb","itemListElement":[{"@type":"ListItem","position":1,"name":"Accueil","item":"https:\/\/www.gero.lu\/de\/"},{"@type":"ListItem","position":2,"name":"Shop","item":"https:\/\/www.gero.lu\/de\/shop"},{"@type":"ListItem","position":3,"name":"Heilpflanzen im Naturschutzgebiet Remerschen"}]},{"@type":"WebSite","@id":"https:\/\/www.gero.lu\/de\/#website","url":"https:\/\/www.gero.lu\/de\/","name":"Gero","description":"Kompetenzzenter fir den Alter","publisher":{"@id":"https:\/\/www.gero.lu\/de\/#organization"},"potentialAction":[{"@type":"SearchAction","target":{"@type":"EntryPoint","urlTemplate":"https:\/\/www.gero.lu\/de\/?s={search_term_string}"},"query-input":{"@type":"PropertyValueSpecification","valueRequired":true,"valueName":"search_term_string"}}],"inLanguage":"de"},{"@type":"Organization","@id":"https:\/\/www.gero.lu\/de\/#organization","name":"Gero","url":"https:\/\/www.gero.lu\/de\/","logo":{"@type":"ImageObject","inLanguage":"de","@id":"https:\/\/www.gero.lu\/de\/#\/schema\/logo\/image\/","url":"https:\/\/www.gero.lu\/wp-content\/uploads\/2024\/04\/logo.svg","contentUrl":"https:\/\/www.gero.lu\/wp-content\/uploads\/2024\/04\/logo.svg","width":76,"height":30,"caption":"Gero"},"image":{"@id":"https:\/\/www.gero.lu\/de\/#\/schema\/logo\/image\/"},"sameAs":["https:\/\/www.facebook.com\/Kompetenzzenter\/","https:\/\/www.instagram.com\/gero.kompetenzzenter\/","https:\/\/linkedin.com\/company\/gero-kompetenzzenter-fir-den-alter","https:\/\/www.youtube.com\/channel\/UCJvmJYSeHh3dYQsLHZupj-Q"]}]}},"_links":{"self":[{"href":"https:\/\/www.gero.lu\/de\/wp-json\/wp\/v2\/product\/6915","targetHints":{"allow":["GET"]}}],"collection":[{"href":"https:\/\/www.gero.lu\/de\/wp-json\/wp\/v2\/product"}],"about":[{"href":"https:\/\/www.gero.lu\/de\/wp-json\/wp\/v2\/types\/product"}],"replies":[{"embeddable":true,"href":"https:\/\/www.gero.lu\/de\/wp-json\/wp\/v2\/comments?post=6915"}],"wp:attachment":[{"href":"https:\/\/www.gero.lu\/de\/wp-json\/wp\/v2\/media?parent=6915"}],"wp:term":[{"taxonomy":"product_brand","embeddable":true,"href":"https:\/\/www.gero.lu\/de\/wp-json\/wp\/v2\/product_brand?post=6915"},{"taxonomy":"product_cat","embeddable":true,"href":"https:\/\/www.gero.lu\/de\/wp-json\/wp\/v2\/product_cat?post=6915"},{"taxonomy":"product_tag","embeddable":true,"href":"https:\/\/www.gero.lu\/de\/wp-json\/wp\/v2\/product_tag?post=6915"}],"curies":[{"name":"wp","href":"https:\/\/api.w.org\/{rel}","templated":true}]}}