{"id":6732,"date":"2024-01-26T15:21:37","date_gmt":"2024-01-26T15:21:37","guid":{"rendered":"https:\/\/www.gero.lu\/fr\/produit\/gefuhrte-besichtigung-nationalmuseum-fur-widerstand-und-menschenrechte"},"modified":"2024-04-12T11:21:36","modified_gmt":"2024-04-12T11:21:36","slug":"gefuhrte-besichtigung-nationalmuseum-fur-widerstand-und-menschenrechte","status":"publish","type":"product","link":"https:\/\/www.gero.lu\/de\/produit\/gefuhrte-besichtigung-nationalmuseum-fur-widerstand-und-menschenrechte","title":{"rendered":"Gef\u00fchrte Besichtigung: Nationalmuseum f\u00fcr Widerstand und Menschenrechte"},"content":{"rendered":"<p>Anl\u00e4sslich der Wiederer\u00f6ffnung des Mus\u00e9e national de la r\u00e9sistance et des droits humains gibt diese gef\u00fchrte Besichtigung Gelegenheit die Dauerausstellung zu entdecken. Diese ist gr\u00f6\u00dftenteils dem Widerstand in Luxemburg w\u00e4hrend des Zweiten Weltkriegs, aber auch den Menschenrechten gewidmet. Das komplett neugestaltete und vergr\u00f6\u00dferte Geb\u00e4ude bietet ein neues, modernes und fesselndes Museumskonzept.<\/p>\n","protected":false},"excerpt":{"rendered":"<p>Anl\u00e4sslich der Wiederer\u00f6ffnung des Mus\u00e9e national de la r\u00e9sistance et des droits humains gibt diese gef\u00fchrte Besichtigung Gelegenheit die Dauerausstellung zu entdecken. Diese ist gr\u00f6\u00dftenteils dem Widerstand in Luxemburg w\u00e4hrend des Zweiten Weltkriegs, aber auch den Menschenrechten gewidmet. Das komplett neugestaltete und vergr\u00f6\u00dferte Geb\u00e4ude bietet ein neues, modernes und fesselndes Museumskonzept.<\/p>\n","protected":false},"featured_media":0,"comment_status":"closed","ping_status":"closed","template":"","meta":{"_acf_changed":false,"inline_featured_image":false},"product_brand":[],"product_cat":[230],"product_tag":[199],"class_list":{"0":"post-6732","1":"product","2":"type-product","3":"status-publish","5":"product_cat-visite","6":"product_tag-culture-senior","8":"first","9":"outofstock","10":"virtual","11":"purchasable","12":"product-type-simple"},"acf":[],"yoast_head":"<!-- This site is optimized with the Yoast SEO Premium plugin v27.4 (Yoast SEO v27.4) - https:\/\/yoast.com\/product\/yoast-seo-premium-wordpress\/ -->\n<title>Gef\u00fchrte Besichtigung: Nationalmuseum f\u00fcr Widerstand und Menschenrechte - GERO<\/title>\n<meta name=\"robots\" content=\"index, follow, max-snippet:-1, max-image-preview:large, max-video-preview:-1\" \/>\n<link rel=\"canonical\" href=\"https:\/\/www.gero.lu\/de\/produit\/gefuhrte-besichtigung-nationalmuseum-fur-widerstand-und-menschenrechte\" \/>\n<meta property=\"og:locale\" content=\"de_DE\" \/>\n<meta property=\"og:type\" content=\"article\" \/>\n<meta property=\"og:title\" content=\"Gef\u00fchrte Besichtigung: Nationalmuseum f\u00fcr Widerstand und Menschenrechte\" \/>\n<meta property=\"og:description\" content=\"Anl\u00e4sslich der Wiederer\u00f6ffnung des Mus\u00e9e national de la r\u00e9sistance et des droits humains gibt diese gef\u00fchrte Besichtigung Gelegenheit die Dauerausstellung zu entdecken. Diese ist gr\u00f6\u00dftenteils dem Widerstand in Luxemburg w\u00e4hrend des Zweiten Weltkriegs, aber auch den Menschenrechten gewidmet. Das komplett neugestaltete und vergr\u00f6\u00dferte Geb\u00e4ude bietet ein neues, modernes und fesselndes Museumskonzept.\" \/>\n<meta property=\"og:url\" content=\"https:\/\/www.gero.lu\/de\/produit\/gefuhrte-besichtigung-nationalmuseum-fur-widerstand-und-menschenrechte\" \/>\n<meta property=\"og:site_name\" content=\"GERO\" \/>\n<meta property=\"article:publisher\" content=\"https:\/\/www.facebook.com\/Kompetenzzenter\/\" \/>\n<meta property=\"article:modified_time\" content=\"2024-04-12T11:21:36+00:00\" \/>\n<meta property=\"og:image\" content=\"https:\/\/www.gero.lu\/wp-content\/uploads\/2021\/08\/gettyimages-1135289130-2048x2048_RET-1.jpg\" \/>\n\t<meta property=\"og:image:width\" content=\"1227\" \/>\n\t<meta property=\"og:image:height\" content=\"802\" \/>\n\t<meta property=\"og:image:type\" content=\"image\/jpeg\" \/>\n<meta name=\"twitter:card\" content=\"summary_large_image\" \/>\n<script type=\"application\/ld+json\" class=\"yoast-schema-graph\">{\"@context\":\"https:\\\/\\\/schema.org\",\"@graph\":[{\"@type\":\"WebPage\",\"@id\":\"https:\\\/\\\/www.gero.lu\\\/de\\\/produit\\\/gefuhrte-besichtigung-nationalmuseum-fur-widerstand-und-menschenrechte\",\"url\":\"https:\\\/\\\/www.gero.lu\\\/de\\\/produit\\\/gefuhrte-besichtigung-nationalmuseum-fur-widerstand-und-menschenrechte\",\"name\":\"Gef\u00fchrte Besichtigung: Nationalmuseum f\u00fcr Widerstand und Menschenrechte - GERO\",\"isPartOf\":{\"@id\":\"https:\\\/\\\/www.gero.lu\\\/de\\\/#website\"},\"datePublished\":\"2024-01-26T15:21:37+00:00\",\"dateModified\":\"2024-04-12T11:21:36+00:00\",\"breadcrumb\":{\"@id\":\"https:\\\/\\\/www.gero.lu\\\/de\\\/produit\\\/gefuhrte-besichtigung-nationalmuseum-fur-widerstand-und-menschenrechte#breadcrumb\"},\"inLanguage\":\"de\",\"potentialAction\":[{\"@type\":\"ReadAction\",\"target\":[[\"https:\\\/\\\/www.gero.lu\\\/de\\\/produit\\\/gefuhrte-besichtigung-nationalmuseum-fur-widerstand-und-menschenrechte\"]]}]},{\"@type\":\"BreadcrumbList\",\"@id\":\"https:\\\/\\\/www.gero.lu\\\/de\\\/produit\\\/gefuhrte-besichtigung-nationalmuseum-fur-widerstand-und-menschenrechte#breadcrumb\",\"itemListElement\":[{\"@type\":\"ListItem\",\"position\":1,\"name\":\"Accueil\",\"item\":\"https:\\\/\\\/www.gero.lu\\\/de\\\/\"},{\"@type\":\"ListItem\",\"position\":2,\"name\":\"Shop\",\"item\":\"https:\\\/\\\/www.gero.lu\\\/de\\\/shop\"},{\"@type\":\"ListItem\",\"position\":3,\"name\":\"Gef\u00fchrte Besichtigung: Nationalmuseum f\u00fcr Widerstand und Menschenrechte\"}]},{\"@type\":\"WebSite\",\"@id\":\"https:\\\/\\\/www.gero.lu\\\/de\\\/#website\",\"url\":\"https:\\\/\\\/www.gero.lu\\\/de\\\/\",\"name\":\"Gero\",\"description\":\"Kompetenzzenter fir den Alter\",\"publisher\":{\"@id\":\"https:\\\/\\\/www.gero.lu\\\/de\\\/#organization\"},\"potentialAction\":[{\"@type\":\"SearchAction\",\"target\":{\"@type\":\"EntryPoint\",\"urlTemplate\":\"https:\\\/\\\/www.gero.lu\\\/de\\\/?s={search_term_string}\"},\"query-input\":{\"@type\":\"PropertyValueSpecification\",\"valueRequired\":true,\"valueName\":\"search_term_string\"}}],\"inLanguage\":\"de\"},{\"@type\":\"Organization\",\"@id\":\"https:\\\/\\\/www.gero.lu\\\/de\\\/#organization\",\"name\":\"Gero\",\"url\":\"https:\\\/\\\/www.gero.lu\\\/de\\\/\",\"logo\":{\"@type\":\"ImageObject\",\"inLanguage\":\"de\",\"@id\":\"https:\\\/\\\/www.gero.lu\\\/de\\\/#\\\/schema\\\/logo\\\/image\\\/\",\"url\":\"https:\\\/\\\/www.gero.lu\\\/wp-content\\\/uploads\\\/2024\\\/04\\\/logo.svg\",\"contentUrl\":\"https:\\\/\\\/www.gero.lu\\\/wp-content\\\/uploads\\\/2024\\\/04\\\/logo.svg\",\"width\":76,\"height\":30,\"caption\":\"Gero\"},\"image\":{\"@id\":\"https:\\\/\\\/www.gero.lu\\\/de\\\/#\\\/schema\\\/logo\\\/image\\\/\"},\"sameAs\":[\"https:\\\/\\\/www.facebook.com\\\/Kompetenzzenter\\\/\",\"https:\\\/\\\/www.instagram.com\\\/gero.kompetenzzenter\\\/\",\"https:\\\/\\\/linkedin.com\\\/company\\\/gero-kompetenzzenter-fir-den-alter\",\"https:\\\/\\\/www.youtube.com\\\/channel\\\/UCJvmJYSeHh3dYQsLHZupj-Q\"]}]}<\/script>\n<!-- \/ Yoast SEO Premium plugin. -->","yoast_head_json":{"title":"Gef\u00fchrte Besichtigung: Nationalmuseum f\u00fcr Widerstand und Menschenrechte - GERO","robots":{"index":"index","follow":"follow","max-snippet":"max-snippet:-1","max-image-preview":"max-image-preview:large","max-video-preview":"max-video-preview:-1"},"canonical":"https:\/\/www.gero.lu\/de\/produit\/gefuhrte-besichtigung-nationalmuseum-fur-widerstand-und-menschenrechte","og_locale":"de_DE","og_type":"article","og_title":"Gef\u00fchrte Besichtigung: Nationalmuseum f\u00fcr Widerstand und Menschenrechte","og_description":"Anl\u00e4sslich der Wiederer\u00f6ffnung des Mus\u00e9e national de la r\u00e9sistance et des droits humains gibt diese gef\u00fchrte Besichtigung Gelegenheit die Dauerausstellung zu entdecken. Diese ist gr\u00f6\u00dftenteils dem Widerstand in Luxemburg w\u00e4hrend des Zweiten Weltkriegs, aber auch den Menschenrechten gewidmet. Das komplett neugestaltete und vergr\u00f6\u00dferte Geb\u00e4ude bietet ein neues, modernes und fesselndes Museumskonzept.","og_url":"https:\/\/www.gero.lu\/de\/produit\/gefuhrte-besichtigung-nationalmuseum-fur-widerstand-und-menschenrechte","og_site_name":"GERO","article_publisher":"https:\/\/www.facebook.com\/Kompetenzzenter\/","article_modified_time":"2024-04-12T11:21:36+00:00","og_image":[{"width":1227,"height":802,"url":"https:\/\/www.gero.lu\/wp-content\/uploads\/2021\/08\/gettyimages-1135289130-2048x2048_RET-1.jpg","type":"image\/jpeg"}],"twitter_card":"summary_large_image","schema":{"@context":"https:\/\/schema.org","@graph":[{"@type":"WebPage","@id":"https:\/\/www.gero.lu\/de\/produit\/gefuhrte-besichtigung-nationalmuseum-fur-widerstand-und-menschenrechte","url":"https:\/\/www.gero.lu\/de\/produit\/gefuhrte-besichtigung-nationalmuseum-fur-widerstand-und-menschenrechte","name":"Gef\u00fchrte Besichtigung: Nationalmuseum f\u00fcr Widerstand und Menschenrechte - GERO","isPartOf":{"@id":"https:\/\/www.gero.lu\/de\/#website"},"datePublished":"2024-01-26T15:21:37+00:00","dateModified":"2024-04-12T11:21:36+00:00","breadcrumb":{"@id":"https:\/\/www.gero.lu\/de\/produit\/gefuhrte-besichtigung-nationalmuseum-fur-widerstand-und-menschenrechte#breadcrumb"},"inLanguage":"de","potentialAction":[{"@type":"ReadAction","target":[["https:\/\/www.gero.lu\/de\/produit\/gefuhrte-besichtigung-nationalmuseum-fur-widerstand-und-menschenrechte"]]}]},{"@type":"BreadcrumbList","@id":"https:\/\/www.gero.lu\/de\/produit\/gefuhrte-besichtigung-nationalmuseum-fur-widerstand-und-menschenrechte#breadcrumb","itemListElement":[{"@type":"ListItem","position":1,"name":"Accueil","item":"https:\/\/www.gero.lu\/de\/"},{"@type":"ListItem","position":2,"name":"Shop","item":"https:\/\/www.gero.lu\/de\/shop"},{"@type":"ListItem","position":3,"name":"Gef\u00fchrte Besichtigung: Nationalmuseum f\u00fcr Widerstand und Menschenrechte"}]},{"@type":"WebSite","@id":"https:\/\/www.gero.lu\/de\/#website","url":"https:\/\/www.gero.lu\/de\/","name":"Gero","description":"Kompetenzzenter fir den Alter","publisher":{"@id":"https:\/\/www.gero.lu\/de\/#organization"},"potentialAction":[{"@type":"SearchAction","target":{"@type":"EntryPoint","urlTemplate":"https:\/\/www.gero.lu\/de\/?s={search_term_string}"},"query-input":{"@type":"PropertyValueSpecification","valueRequired":true,"valueName":"search_term_string"}}],"inLanguage":"de"},{"@type":"Organization","@id":"https:\/\/www.gero.lu\/de\/#organization","name":"Gero","url":"https:\/\/www.gero.lu\/de\/","logo":{"@type":"ImageObject","inLanguage":"de","@id":"https:\/\/www.gero.lu\/de\/#\/schema\/logo\/image\/","url":"https:\/\/www.gero.lu\/wp-content\/uploads\/2024\/04\/logo.svg","contentUrl":"https:\/\/www.gero.lu\/wp-content\/uploads\/2024\/04\/logo.svg","width":76,"height":30,"caption":"Gero"},"image":{"@id":"https:\/\/www.gero.lu\/de\/#\/schema\/logo\/image\/"},"sameAs":["https:\/\/www.facebook.com\/Kompetenzzenter\/","https:\/\/www.instagram.com\/gero.kompetenzzenter\/","https:\/\/linkedin.com\/company\/gero-kompetenzzenter-fir-den-alter","https:\/\/www.youtube.com\/channel\/UCJvmJYSeHh3dYQsLHZupj-Q"]}]}},"_links":{"self":[{"href":"https:\/\/www.gero.lu\/de\/wp-json\/wp\/v2\/product\/6732","targetHints":{"allow":["GET"]}}],"collection":[{"href":"https:\/\/www.gero.lu\/de\/wp-json\/wp\/v2\/product"}],"about":[{"href":"https:\/\/www.gero.lu\/de\/wp-json\/wp\/v2\/types\/product"}],"replies":[{"embeddable":true,"href":"https:\/\/www.gero.lu\/de\/wp-json\/wp\/v2\/comments?post=6732"}],"wp:attachment":[{"href":"https:\/\/www.gero.lu\/de\/wp-json\/wp\/v2\/media?parent=6732"}],"wp:term":[{"taxonomy":"product_brand","embeddable":true,"href":"https:\/\/www.gero.lu\/de\/wp-json\/wp\/v2\/product_brand?post=6732"},{"taxonomy":"product_cat","embeddable":true,"href":"https:\/\/www.gero.lu\/de\/wp-json\/wp\/v2\/product_cat?post=6732"},{"taxonomy":"product_tag","embeddable":true,"href":"https:\/\/www.gero.lu\/de\/wp-json\/wp\/v2\/product_tag?post=6732"}],"curies":[{"name":"wp","href":"https:\/\/api.w.org\/{rel}","templated":true}]}}