{"id":6728,"date":"2024-01-26T11:21:24","date_gmt":"2024-01-26T11:21:24","guid":{"rendered":"https:\/\/www.gero.lu\/fr\/produit\/raconte-moi-une-histoire"},"modified":"2024-04-30T14:23:27","modified_gmt":"2024-04-30T14:23:27","slug":"raconte-moi-une-histoire","status":"publish","type":"product","link":"https:\/\/www.gero.lu\/de\/produit\/raconte-moi-une-histoire","title":{"rendered":"Raconte-moi une histoire"},"content":{"rendered":"<p>Raconter des histoires et les \u00e9couter permet de rassembler toutes les g\u00e9n\u00e9rations. Si vous vous sentez pr\u00eat \u00e0 devenir grand-parent conteur d\u2019un jour et d\u00e9sirez partager des histoires dans votre langue maternelle ou dans une langue que vous ma\u00eetrisez, vous \u00eates alors le bienvenu. Les conteurs et conteuses d\u00e9j\u00e0 form\u00e9-e-s sont \u00e9galement invit\u00e9-e-s.<br \/>\nL\u2019artiste conteuse et p\u00e9dagogue de th\u00e9\u00e2tre Betsy Dentzer animera cette initiation \u00e0 l\u2019art de raconter et de lire des histoires, tout en vous emmenant dans l\u2019univers du conte. Vous apprendrez \u00e9galement \u00e0 mettre en place une atmosph\u00e8re d\u2019\u00e9coute et de respect, propice au succ\u00e8s et \u00e0 l\u2019engouement de vos r\u00e9cits aupr\u00e8s des plus petits. Toutes les langues sont les bienvenues : luxembourgeois, fran\u00e7ais, portugais, allemand, anglais, italien, russe, cr\u00e9ole \u2026<\/p>\n","protected":false},"excerpt":{"rendered":"<p>Raconter des histoires et les \u00e9couter permet de rassembler toutes les g\u00e9n\u00e9rations. Si vous vous sentez pr\u00eat \u00e0 devenir grand-parent conteur d\u2019un jour et d\u00e9sirez partager des histoires dans votre langue maternelle ou dans une langue que vous ma\u00eetrisez, vous \u00eates alors le bienvenu. Les conteurs et conteuses d\u00e9j\u00e0 form\u00e9-e-s sont \u00e9galement invit\u00e9-e-s. L\u2019artiste conteuse [&hellip;]<\/p>\n","protected":false},"featured_media":7079,"comment_status":"closed","ping_status":"closed","template":"","meta":{"_acf_changed":false,"inline_featured_image":false},"product_brand":[],"product_cat":[229],"product_tag":[203],"class_list":{"0":"post-6728","1":"product","2":"type-product","3":"status-publish","4":"has-post-thumbnail","6":"product_cat-workshop","7":"product_tag-connaissance-de-vie-senior","9":"first","10":"instock","11":"virtual","12":"purchasable","13":"product-type-simple"},"acf":[],"yoast_head":"<!-- This site is optimized with the Yoast SEO Premium plugin v27.4 (Yoast SEO v27.4) - https:\/\/yoast.com\/product\/yoast-seo-premium-wordpress\/ -->\n<title>Raconte-moi une histoire - GERO<\/title>\n<meta name=\"robots\" content=\"index, follow, max-snippet:-1, max-image-preview:large, max-video-preview:-1\" \/>\n<link rel=\"canonical\" href=\"https:\/\/www.gero.lu\/de\/produit\/raconte-moi-une-histoire\" \/>\n<meta property=\"og:locale\" content=\"de_DE\" \/>\n<meta property=\"og:type\" content=\"article\" \/>\n<meta property=\"og:title\" content=\"Raconte-moi une histoire\" \/>\n<meta property=\"og:description\" content=\"Raconter des histoires et les \u00e9couter permet de rassembler toutes les g\u00e9n\u00e9rations. Si vous vous sentez pr\u00eat \u00e0 devenir grand-parent conteur d\u2019un jour et d\u00e9sirez partager des histoires dans votre langue maternelle ou dans une langue que vous ma\u00eetrisez, vous \u00eates alors le bienvenu. Les conteurs et conteuses d\u00e9j\u00e0 form\u00e9-e-s sont \u00e9galement invit\u00e9-e-s. L\u2019artiste conteuse [&hellip;]\" \/>\n<meta property=\"og:url\" content=\"https:\/\/www.gero.lu\/de\/produit\/raconte-moi-une-histoire\" \/>\n<meta property=\"og:site_name\" content=\"GERO\" \/>\n<meta property=\"article:publisher\" content=\"https:\/\/www.facebook.com\/Kompetenzzenter\/\" \/>\n<meta property=\"article:modified_time\" content=\"2024-04-30T14:23:27+00:00\" \/>\n<meta property=\"og:image\" content=\"https:\/\/www.gero.lu\/wp-content\/uploads\/2024\/01\/IMG_0700-Flou.jpg\" \/>\n\t<meta property=\"og:image:width\" content=\"1748\" \/>\n\t<meta property=\"og:image:height\" content=\"1240\" \/>\n\t<meta property=\"og:image:type\" content=\"image\/jpeg\" \/>\n<meta name=\"twitter:card\" content=\"summary_large_image\" \/>\n<meta name=\"twitter:label1\" content=\"Gesch\u00e4tzte Lesezeit\" \/>\n\t<meta name=\"twitter:data1\" content=\"1\u00a0Minute\" \/>\n<script type=\"application\/ld+json\" class=\"yoast-schema-graph\">{\"@context\":\"https:\\\/\\\/schema.org\",\"@graph\":[{\"@type\":\"WebPage\",\"@id\":\"https:\\\/\\\/www.gero.lu\\\/de\\\/produit\\\/raconte-moi-une-histoire\",\"url\":\"https:\\\/\\\/www.gero.lu\\\/de\\\/produit\\\/raconte-moi-une-histoire\",\"name\":\"Raconte-moi une histoire - GERO\",\"isPartOf\":{\"@id\":\"https:\\\/\\\/www.gero.lu\\\/de\\\/#website\"},\"primaryImageOfPage\":{\"@id\":\"https:\\\/\\\/www.gero.lu\\\/de\\\/produit\\\/raconte-moi-une-histoire#primaryimage\"},\"image\":{\"@id\":\"https:\\\/\\\/www.gero.lu\\\/produit\\\/raconte-moi-une-histoire#primaryimage\"},\"thumbnailUrl\":\"https:\\\/\\\/www.gero.lu\\\/wp-content\\\/uploads\\\/2024\\\/01\\\/IMG_0700-Flou.jpg\",\"datePublished\":\"2024-01-26T11:21:24+00:00\",\"dateModified\":\"2024-04-30T14:23:27+00:00\",\"breadcrumb\":{\"@id\":\"https:\\\/\\\/www.gero.lu\\\/de\\\/produit\\\/raconte-moi-une-histoire#breadcrumb\"},\"inLanguage\":\"de\",\"potentialAction\":[{\"@type\":\"ReadAction\",\"target\":[[\"https:\\\/\\\/www.gero.lu\\\/de\\\/produit\\\/raconte-moi-une-histoire\"]]}]},{\"@type\":\"ImageObject\",\"inLanguage\":\"de\",\"@id\":\"https:\\\/\\\/www.gero.lu\\\/de\\\/produit\\\/raconte-moi-une-histoire#primaryimage\",\"url\":\"https:\\\/\\\/www.gero.lu\\\/wp-content\\\/uploads\\\/2024\\\/01\\\/IMG_0700-Flou.jpg\",\"contentUrl\":\"https:\\\/\\\/www.gero.lu\\\/wp-content\\\/uploads\\\/2024\\\/01\\\/IMG_0700-Flou.jpg\",\"width\":1748,\"height\":1240,\"caption\":\"xr:d:DAGCGRcFDng:3,j:7943648362158363098,t:24041109\"},{\"@type\":\"BreadcrumbList\",\"@id\":\"https:\\\/\\\/www.gero.lu\\\/de\\\/produit\\\/raconte-moi-une-histoire#breadcrumb\",\"itemListElement\":[{\"@type\":\"ListItem\",\"position\":1,\"name\":\"Accueil\",\"item\":\"https:\\\/\\\/www.gero.lu\\\/de\\\/\"},{\"@type\":\"ListItem\",\"position\":2,\"name\":\"Shop\",\"item\":\"https:\\\/\\\/www.gero.lu\\\/de\\\/shop\"},{\"@type\":\"ListItem\",\"position\":3,\"name\":\"Raconte-moi une histoire\"}]},{\"@type\":\"WebSite\",\"@id\":\"https:\\\/\\\/www.gero.lu\\\/de\\\/#website\",\"url\":\"https:\\\/\\\/www.gero.lu\\\/de\\\/\",\"name\":\"Gero\",\"description\":\"Kompetenzzenter fir den Alter\",\"publisher\":{\"@id\":\"https:\\\/\\\/www.gero.lu\\\/de\\\/#organization\"},\"potentialAction\":[{\"@type\":\"SearchAction\",\"target\":{\"@type\":\"EntryPoint\",\"urlTemplate\":\"https:\\\/\\\/www.gero.lu\\\/de\\\/?s={search_term_string}\"},\"query-input\":{\"@type\":\"PropertyValueSpecification\",\"valueRequired\":true,\"valueName\":\"search_term_string\"}}],\"inLanguage\":\"de\"},{\"@type\":\"Organization\",\"@id\":\"https:\\\/\\\/www.gero.lu\\\/de\\\/#organization\",\"name\":\"Gero\",\"url\":\"https:\\\/\\\/www.gero.lu\\\/de\\\/\",\"logo\":{\"@type\":\"ImageObject\",\"inLanguage\":\"de\",\"@id\":\"https:\\\/\\\/www.gero.lu\\\/de\\\/#\\\/schema\\\/logo\\\/image\\\/\",\"url\":\"https:\\\/\\\/www.gero.lu\\\/wp-content\\\/uploads\\\/2024\\\/04\\\/logo.svg\",\"contentUrl\":\"https:\\\/\\\/www.gero.lu\\\/wp-content\\\/uploads\\\/2024\\\/04\\\/logo.svg\",\"width\":76,\"height\":30,\"caption\":\"Gero\"},\"image\":{\"@id\":\"https:\\\/\\\/www.gero.lu\\\/de\\\/#\\\/schema\\\/logo\\\/image\\\/\"},\"sameAs\":[\"https:\\\/\\\/www.facebook.com\\\/Kompetenzzenter\\\/\",\"https:\\\/\\\/www.instagram.com\\\/gero.kompetenzzenter\\\/\",\"https:\\\/\\\/linkedin.com\\\/company\\\/gero-kompetenzzenter-fir-den-alter\",\"https:\\\/\\\/www.youtube.com\\\/channel\\\/UCJvmJYSeHh3dYQsLHZupj-Q\"]}]}<\/script>\n<!-- \/ Yoast SEO Premium plugin. -->","yoast_head_json":{"title":"Raconte-moi une histoire - GERO","robots":{"index":"index","follow":"follow","max-snippet":"max-snippet:-1","max-image-preview":"max-image-preview:large","max-video-preview":"max-video-preview:-1"},"canonical":"https:\/\/www.gero.lu\/de\/produit\/raconte-moi-une-histoire","og_locale":"de_DE","og_type":"article","og_title":"Raconte-moi une histoire","og_description":"Raconter des histoires et les \u00e9couter permet de rassembler toutes les g\u00e9n\u00e9rations. Si vous vous sentez pr\u00eat \u00e0 devenir grand-parent conteur d\u2019un jour et d\u00e9sirez partager des histoires dans votre langue maternelle ou dans une langue que vous ma\u00eetrisez, vous \u00eates alors le bienvenu. Les conteurs et conteuses d\u00e9j\u00e0 form\u00e9-e-s sont \u00e9galement invit\u00e9-e-s. L\u2019artiste conteuse [&hellip;]","og_url":"https:\/\/www.gero.lu\/de\/produit\/raconte-moi-une-histoire","og_site_name":"GERO","article_publisher":"https:\/\/www.facebook.com\/Kompetenzzenter\/","article_modified_time":"2024-04-30T14:23:27+00:00","og_image":[{"width":1748,"height":1240,"url":"https:\/\/www.gero.lu\/wp-content\/uploads\/2024\/01\/IMG_0700-Flou.jpg","type":"image\/jpeg"}],"twitter_card":"summary_large_image","twitter_misc":{"Gesch\u00e4tzte Lesezeit":"1\u00a0Minute"},"schema":{"@context":"https:\/\/schema.org","@graph":[{"@type":"WebPage","@id":"https:\/\/www.gero.lu\/de\/produit\/raconte-moi-une-histoire","url":"https:\/\/www.gero.lu\/de\/produit\/raconte-moi-une-histoire","name":"Raconte-moi une histoire - GERO","isPartOf":{"@id":"https:\/\/www.gero.lu\/de\/#website"},"primaryImageOfPage":{"@id":"https:\/\/www.gero.lu\/de\/produit\/raconte-moi-une-histoire#primaryimage"},"image":{"@id":"https:\/\/www.gero.lu\/produit\/raconte-moi-une-histoire#primaryimage"},"thumbnailUrl":"https:\/\/www.gero.lu\/wp-content\/uploads\/2024\/01\/IMG_0700-Flou.jpg","datePublished":"2024-01-26T11:21:24+00:00","dateModified":"2024-04-30T14:23:27+00:00","breadcrumb":{"@id":"https:\/\/www.gero.lu\/de\/produit\/raconte-moi-une-histoire#breadcrumb"},"inLanguage":"de","potentialAction":[{"@type":"ReadAction","target":[["https:\/\/www.gero.lu\/de\/produit\/raconte-moi-une-histoire"]]}]},{"@type":"ImageObject","inLanguage":"de","@id":"https:\/\/www.gero.lu\/de\/produit\/raconte-moi-une-histoire#primaryimage","url":"https:\/\/www.gero.lu\/wp-content\/uploads\/2024\/01\/IMG_0700-Flou.jpg","contentUrl":"https:\/\/www.gero.lu\/wp-content\/uploads\/2024\/01\/IMG_0700-Flou.jpg","width":1748,"height":1240,"caption":"xr:d:DAGCGRcFDng:3,j:7943648362158363098,t:24041109"},{"@type":"BreadcrumbList","@id":"https:\/\/www.gero.lu\/de\/produit\/raconte-moi-une-histoire#breadcrumb","itemListElement":[{"@type":"ListItem","position":1,"name":"Accueil","item":"https:\/\/www.gero.lu\/de\/"},{"@type":"ListItem","position":2,"name":"Shop","item":"https:\/\/www.gero.lu\/de\/shop"},{"@type":"ListItem","position":3,"name":"Raconte-moi une histoire"}]},{"@type":"WebSite","@id":"https:\/\/www.gero.lu\/de\/#website","url":"https:\/\/www.gero.lu\/de\/","name":"Gero","description":"Kompetenzzenter fir den Alter","publisher":{"@id":"https:\/\/www.gero.lu\/de\/#organization"},"potentialAction":[{"@type":"SearchAction","target":{"@type":"EntryPoint","urlTemplate":"https:\/\/www.gero.lu\/de\/?s={search_term_string}"},"query-input":{"@type":"PropertyValueSpecification","valueRequired":true,"valueName":"search_term_string"}}],"inLanguage":"de"},{"@type":"Organization","@id":"https:\/\/www.gero.lu\/de\/#organization","name":"Gero","url":"https:\/\/www.gero.lu\/de\/","logo":{"@type":"ImageObject","inLanguage":"de","@id":"https:\/\/www.gero.lu\/de\/#\/schema\/logo\/image\/","url":"https:\/\/www.gero.lu\/wp-content\/uploads\/2024\/04\/logo.svg","contentUrl":"https:\/\/www.gero.lu\/wp-content\/uploads\/2024\/04\/logo.svg","width":76,"height":30,"caption":"Gero"},"image":{"@id":"https:\/\/www.gero.lu\/de\/#\/schema\/logo\/image\/"},"sameAs":["https:\/\/www.facebook.com\/Kompetenzzenter\/","https:\/\/www.instagram.com\/gero.kompetenzzenter\/","https:\/\/linkedin.com\/company\/gero-kompetenzzenter-fir-den-alter","https:\/\/www.youtube.com\/channel\/UCJvmJYSeHh3dYQsLHZupj-Q"]}]}},"_links":{"self":[{"href":"https:\/\/www.gero.lu\/de\/wp-json\/wp\/v2\/product\/6728","targetHints":{"allow":["GET"]}}],"collection":[{"href":"https:\/\/www.gero.lu\/de\/wp-json\/wp\/v2\/product"}],"about":[{"href":"https:\/\/www.gero.lu\/de\/wp-json\/wp\/v2\/types\/product"}],"replies":[{"embeddable":true,"href":"https:\/\/www.gero.lu\/de\/wp-json\/wp\/v2\/comments?post=6728"}],"wp:featuredmedia":[{"embeddable":true,"href":"https:\/\/www.gero.lu\/de\/wp-json\/wp\/v2\/media\/7079"}],"wp:attachment":[{"href":"https:\/\/www.gero.lu\/de\/wp-json\/wp\/v2\/media?parent=6728"}],"wp:term":[{"taxonomy":"product_brand","embeddable":true,"href":"https:\/\/www.gero.lu\/de\/wp-json\/wp\/v2\/product_brand?post=6728"},{"taxonomy":"product_cat","embeddable":true,"href":"https:\/\/www.gero.lu\/de\/wp-json\/wp\/v2\/product_cat?post=6728"},{"taxonomy":"product_tag","embeddable":true,"href":"https:\/\/www.gero.lu\/de\/wp-json\/wp\/v2\/product_tag?post=6728"}],"curies":[{"name":"wp","href":"https:\/\/api.w.org\/{rel}","templated":true}]}}