{"id":6721,"date":"2024-01-26T10:21:35","date_gmt":"2024-01-26T10:21:35","guid":{"rendered":"https:\/\/www.gero.lu\/fr\/produit\/larrivee-de-la-jeunesse-de-fabio-bottani"},"modified":"2024-04-16T12:22:56","modified_gmt":"2024-04-16T12:22:56","slug":"larrivee-de-la-jeunesse-de-fabio-bottani","status":"publish","type":"product","link":"https:\/\/www.gero.lu\/de\/produit\/larrivee-de-la-jeunesse-de-fabio-bottani","title":{"rendered":"L&#8217;arriv\u00e9e de la jeunesse de Fabio Bottani"},"content":{"rendered":"<p>L\u2019arriv\u00e9e de la jeunesse est un film sur l\u2019histoire des Italiens du Luxembourg. Sur grand-\u00e9cran, tel un documentaire, le r\u00e9alisateur Fabio Bottani raconte ici, \u00e0 travers la saga d\u2019une famille, l\u2019histoire de l\u2019immigration italienne au Grand-Duch\u00e9. Mario arrive en 1909 pour travailler \u00e0 la mine. Un si\u00e8cle et cinq g\u00e9n\u00e9rations plus tard, Anita, son arri\u00e8re-arri\u00e8re-petite-fille, enseigne le luxembourgeois aux nouveaux immigrants. Entre temps, le spectateur red\u00e9couvre l\u2019histoire du Grand-Duch\u00e9 au XX\u00e8me si\u00e8cle : guerres mondiales, r\u00e9sistance, d\u00e9portation, immigration et int\u00e9gration des nouveaux arrivants\u2026 En arri\u00e8re-plan des r\u00e9alit\u00e9s quotidiennes de cette famille, on retrouve \u00e9galement l\u2019\u00e9pop\u00e9e de l\u2019\u00e9quipe de football \u201eLa jeunesse d&#8217;Esch-sur-Alzette\u201c, dont les joueurs ont toujours \u00e9t\u00e9 \u00e0 la fois italien et \u201eenfant de la mine\u201c. <\/p>\n<p>La projection sera suivie d\u2019une rencontre avec le r\u00e9alisateur du film, Fabio Bottani, et l\u2019actrice Mirka Costanzi. Les \u00e9changes auront lieu en fran\u00e7ais.<\/p>\n","protected":false},"excerpt":{"rendered":"<p>L\u2019arriv\u00e9e de la jeunesse est un film sur l\u2019histoire des Italiens du Luxembourg. Sur grand-\u00e9cran, tel un documentaire, le r\u00e9alisateur Fabio Bottani raconte ici, \u00e0 travers la saga d\u2019une famille, l\u2019histoire de l\u2019immigration italienne au Grand-Duch\u00e9. Mario arrive en 1909 pour travailler \u00e0 la mine. Un si\u00e8cle et cinq g\u00e9n\u00e9rations plus tard, Anita, son arri\u00e8re-arri\u00e8re-petite-fille, [&hellip;]<\/p>\n","protected":false},"featured_media":7012,"comment_status":"closed","ping_status":"closed","template":"","meta":{"_acf_changed":false,"inline_featured_image":false},"product_brand":[],"product_cat":[232],"product_tag":[199],"class_list":{"0":"post-6721","1":"product","2":"type-product","3":"status-publish","4":"has-post-thumbnail","6":"product_cat-divers","7":"product_tag-culture-senior","9":"first","10":"instock","11":"virtual","12":"purchasable","13":"product-type-simple"},"acf":[],"yoast_head":"<!-- This site is optimized with the Yoast SEO Premium plugin v27.4 (Yoast SEO v27.5) - https:\/\/yoast.com\/product\/yoast-seo-premium-wordpress\/ -->\n<title>L&#039;arriv\u00e9e de la jeunesse de Fabio Bottani - GERO<\/title>\n<meta name=\"robots\" content=\"index, follow, max-snippet:-1, max-image-preview:large, max-video-preview:-1\" \/>\n<link rel=\"canonical\" href=\"https:\/\/www.gero.lu\/de\/produit\/larrivee-de-la-jeunesse-de-fabio-bottani\" \/>\n<meta property=\"og:locale\" content=\"de_DE\" \/>\n<meta property=\"og:type\" content=\"article\" \/>\n<meta property=\"og:title\" content=\"L&#039;arriv\u00e9e de la jeunesse de Fabio Bottani\" \/>\n<meta property=\"og:description\" content=\"L\u2019arriv\u00e9e de la jeunesse est un film sur l\u2019histoire des Italiens du Luxembourg. Sur grand-\u00e9cran, tel un documentaire, le r\u00e9alisateur Fabio Bottani raconte ici, \u00e0 travers la saga d\u2019une famille, l\u2019histoire de l\u2019immigration italienne au Grand-Duch\u00e9. Mario arrive en 1909 pour travailler \u00e0 la mine. Un si\u00e8cle et cinq g\u00e9n\u00e9rations plus tard, Anita, son arri\u00e8re-arri\u00e8re-petite-fille, [&hellip;]\" \/>\n<meta property=\"og:url\" content=\"https:\/\/www.gero.lu\/de\/produit\/larrivee-de-la-jeunesse-de-fabio-bottani\" \/>\n<meta property=\"og:site_name\" content=\"GERO\" \/>\n<meta property=\"article:publisher\" content=\"https:\/\/www.facebook.com\/Kompetenzzenter\/\" \/>\n<meta property=\"article:modified_time\" content=\"2024-04-16T12:22:56+00:00\" \/>\n<meta property=\"og:image\" content=\"https:\/\/www.gero.lu\/wp-content\/uploads\/2024\/01\/Projection-Cinema-Rencontre-discussion-V3.jpg\" \/>\n\t<meta property=\"og:image:width\" content=\"1334\" \/>\n\t<meta property=\"og:image:height\" content=\"1885\" \/>\n\t<meta property=\"og:image:type\" content=\"image\/jpeg\" \/>\n<meta name=\"twitter:card\" content=\"summary_large_image\" \/>\n<meta name=\"twitter:title\" content=\"L&#039;arriv\u00e9e de la jeunesse de Fabio Bottani\" \/>\n<meta name=\"twitter:label1\" content=\"Gesch\u00e4tzte Lesezeit\" \/>\n\t<meta name=\"twitter:data1\" content=\"1\u00a0Minute\" \/>\n<script type=\"application\/ld+json\" class=\"yoast-schema-graph\">{\"@context\":\"https:\\\/\\\/schema.org\",\"@graph\":[{\"@type\":\"WebPage\",\"@id\":\"https:\\\/\\\/www.gero.lu\\\/de\\\/produit\\\/larrivee-de-la-jeunesse-de-fabio-bottani\",\"url\":\"https:\\\/\\\/www.gero.lu\\\/de\\\/produit\\\/larrivee-de-la-jeunesse-de-fabio-bottani\",\"name\":\"L'arriv\u00e9e de la jeunesse de Fabio Bottani - GERO\",\"isPartOf\":{\"@id\":\"https:\\\/\\\/www.gero.lu\\\/de\\\/#website\"},\"primaryImageOfPage\":{\"@id\":\"https:\\\/\\\/www.gero.lu\\\/de\\\/produit\\\/larrivee-de-la-jeunesse-de-fabio-bottani#primaryimage\"},\"image\":{\"@id\":\"https:\\\/\\\/www.gero.lu\\\/produit\\\/larrivee-de-la-jeunesse-de-fabio-bottani#primaryimage\"},\"thumbnailUrl\":\"https:\\\/\\\/www.gero.lu\\\/wp-content\\\/uploads\\\/2024\\\/01\\\/Projection-Cinema-Rencontre-discussion-V3.jpg\",\"datePublished\":\"2024-01-26T10:21:35+00:00\",\"dateModified\":\"2024-04-16T12:22:56+00:00\",\"breadcrumb\":{\"@id\":\"https:\\\/\\\/www.gero.lu\\\/de\\\/produit\\\/larrivee-de-la-jeunesse-de-fabio-bottani#breadcrumb\"},\"inLanguage\":\"de\",\"potentialAction\":[{\"@type\":\"ReadAction\",\"target\":[[\"https:\\\/\\\/www.gero.lu\\\/de\\\/produit\\\/larrivee-de-la-jeunesse-de-fabio-bottani\"]]}]},{\"@type\":\"ImageObject\",\"inLanguage\":\"de\",\"@id\":\"https:\\\/\\\/www.gero.lu\\\/de\\\/produit\\\/larrivee-de-la-jeunesse-de-fabio-bottani#primaryimage\",\"url\":\"https:\\\/\\\/www.gero.lu\\\/wp-content\\\/uploads\\\/2024\\\/01\\\/Projection-Cinema-Rencontre-discussion-V3.jpg\",\"contentUrl\":\"https:\\\/\\\/www.gero.lu\\\/wp-content\\\/uploads\\\/2024\\\/01\\\/Projection-Cinema-Rencontre-discussion-V3.jpg\",\"width\":1334,\"height\":1885},{\"@type\":\"BreadcrumbList\",\"@id\":\"https:\\\/\\\/www.gero.lu\\\/de\\\/produit\\\/larrivee-de-la-jeunesse-de-fabio-bottani#breadcrumb\",\"itemListElement\":[{\"@type\":\"ListItem\",\"position\":1,\"name\":\"Accueil\",\"item\":\"https:\\\/\\\/www.gero.lu\\\/de\\\/\"},{\"@type\":\"ListItem\",\"position\":2,\"name\":\"Shop\",\"item\":\"https:\\\/\\\/www.gero.lu\\\/de\\\/shop\"},{\"@type\":\"ListItem\",\"position\":3,\"name\":\"L&rsquo;arriv\u00e9e de la jeunesse de Fabio Bottani\"}]},{\"@type\":\"WebSite\",\"@id\":\"https:\\\/\\\/www.gero.lu\\\/de\\\/#website\",\"url\":\"https:\\\/\\\/www.gero.lu\\\/de\\\/\",\"name\":\"Gero\",\"description\":\"Kompetenzzenter fir den Alter\",\"publisher\":{\"@id\":\"https:\\\/\\\/www.gero.lu\\\/de\\\/#organization\"},\"potentialAction\":[{\"@type\":\"SearchAction\",\"target\":{\"@type\":\"EntryPoint\",\"urlTemplate\":\"https:\\\/\\\/www.gero.lu\\\/de\\\/?s={search_term_string}\"},\"query-input\":{\"@type\":\"PropertyValueSpecification\",\"valueRequired\":true,\"valueName\":\"search_term_string\"}}],\"inLanguage\":\"de\"},{\"@type\":\"Organization\",\"@id\":\"https:\\\/\\\/www.gero.lu\\\/de\\\/#organization\",\"name\":\"Gero\",\"url\":\"https:\\\/\\\/www.gero.lu\\\/de\\\/\",\"logo\":{\"@type\":\"ImageObject\",\"inLanguage\":\"de\",\"@id\":\"https:\\\/\\\/www.gero.lu\\\/de\\\/#\\\/schema\\\/logo\\\/image\\\/\",\"url\":\"https:\\\/\\\/www.gero.lu\\\/wp-content\\\/uploads\\\/2024\\\/04\\\/logo.svg\",\"contentUrl\":\"https:\\\/\\\/www.gero.lu\\\/wp-content\\\/uploads\\\/2024\\\/04\\\/logo.svg\",\"width\":76,\"height\":30,\"caption\":\"Gero\"},\"image\":{\"@id\":\"https:\\\/\\\/www.gero.lu\\\/de\\\/#\\\/schema\\\/logo\\\/image\\\/\"},\"sameAs\":[\"https:\\\/\\\/www.facebook.com\\\/Kompetenzzenter\\\/\",\"https:\\\/\\\/www.instagram.com\\\/gero.kompetenzzenter\\\/\",\"https:\\\/\\\/linkedin.com\\\/company\\\/gero-kompetenzzenter-fir-den-alter\",\"https:\\\/\\\/www.youtube.com\\\/channel\\\/UCJvmJYSeHh3dYQsLHZupj-Q\"]}]}<\/script>\n<!-- \/ Yoast SEO Premium plugin. -->","yoast_head_json":{"title":"L'arriv\u00e9e de la jeunesse de Fabio Bottani - GERO","robots":{"index":"index","follow":"follow","max-snippet":"max-snippet:-1","max-image-preview":"max-image-preview:large","max-video-preview":"max-video-preview:-1"},"canonical":"https:\/\/www.gero.lu\/de\/produit\/larrivee-de-la-jeunesse-de-fabio-bottani","og_locale":"de_DE","og_type":"article","og_title":"L'arriv\u00e9e de la jeunesse de Fabio Bottani","og_description":"L\u2019arriv\u00e9e de la jeunesse est un film sur l\u2019histoire des Italiens du Luxembourg. Sur grand-\u00e9cran, tel un documentaire, le r\u00e9alisateur Fabio Bottani raconte ici, \u00e0 travers la saga d\u2019une famille, l\u2019histoire de l\u2019immigration italienne au Grand-Duch\u00e9. Mario arrive en 1909 pour travailler \u00e0 la mine. Un si\u00e8cle et cinq g\u00e9n\u00e9rations plus tard, Anita, son arri\u00e8re-arri\u00e8re-petite-fille, [&hellip;]","og_url":"https:\/\/www.gero.lu\/de\/produit\/larrivee-de-la-jeunesse-de-fabio-bottani","og_site_name":"GERO","article_publisher":"https:\/\/www.facebook.com\/Kompetenzzenter\/","article_modified_time":"2024-04-16T12:22:56+00:00","og_image":[{"width":1334,"height":1885,"url":"https:\/\/www.gero.lu\/wp-content\/uploads\/2024\/01\/Projection-Cinema-Rencontre-discussion-V3.jpg","type":"image\/jpeg"}],"twitter_card":"summary_large_image","twitter_title":"L'arriv\u00e9e de la jeunesse de Fabio Bottani","twitter_misc":{"Gesch\u00e4tzte Lesezeit":"1\u00a0Minute"},"schema":{"@context":"https:\/\/schema.org","@graph":[{"@type":"WebPage","@id":"https:\/\/www.gero.lu\/de\/produit\/larrivee-de-la-jeunesse-de-fabio-bottani","url":"https:\/\/www.gero.lu\/de\/produit\/larrivee-de-la-jeunesse-de-fabio-bottani","name":"L'arriv\u00e9e de la jeunesse de Fabio Bottani - GERO","isPartOf":{"@id":"https:\/\/www.gero.lu\/de\/#website"},"primaryImageOfPage":{"@id":"https:\/\/www.gero.lu\/de\/produit\/larrivee-de-la-jeunesse-de-fabio-bottani#primaryimage"},"image":{"@id":"https:\/\/www.gero.lu\/produit\/larrivee-de-la-jeunesse-de-fabio-bottani#primaryimage"},"thumbnailUrl":"https:\/\/www.gero.lu\/wp-content\/uploads\/2024\/01\/Projection-Cinema-Rencontre-discussion-V3.jpg","datePublished":"2024-01-26T10:21:35+00:00","dateModified":"2024-04-16T12:22:56+00:00","breadcrumb":{"@id":"https:\/\/www.gero.lu\/de\/produit\/larrivee-de-la-jeunesse-de-fabio-bottani#breadcrumb"},"inLanguage":"de","potentialAction":[{"@type":"ReadAction","target":[["https:\/\/www.gero.lu\/de\/produit\/larrivee-de-la-jeunesse-de-fabio-bottani"]]}]},{"@type":"ImageObject","inLanguage":"de","@id":"https:\/\/www.gero.lu\/de\/produit\/larrivee-de-la-jeunesse-de-fabio-bottani#primaryimage","url":"https:\/\/www.gero.lu\/wp-content\/uploads\/2024\/01\/Projection-Cinema-Rencontre-discussion-V3.jpg","contentUrl":"https:\/\/www.gero.lu\/wp-content\/uploads\/2024\/01\/Projection-Cinema-Rencontre-discussion-V3.jpg","width":1334,"height":1885},{"@type":"BreadcrumbList","@id":"https:\/\/www.gero.lu\/de\/produit\/larrivee-de-la-jeunesse-de-fabio-bottani#breadcrumb","itemListElement":[{"@type":"ListItem","position":1,"name":"Accueil","item":"https:\/\/www.gero.lu\/de\/"},{"@type":"ListItem","position":2,"name":"Shop","item":"https:\/\/www.gero.lu\/de\/shop"},{"@type":"ListItem","position":3,"name":"L&rsquo;arriv\u00e9e de la jeunesse de Fabio Bottani"}]},{"@type":"WebSite","@id":"https:\/\/www.gero.lu\/de\/#website","url":"https:\/\/www.gero.lu\/de\/","name":"Gero","description":"Kompetenzzenter fir den Alter","publisher":{"@id":"https:\/\/www.gero.lu\/de\/#organization"},"potentialAction":[{"@type":"SearchAction","target":{"@type":"EntryPoint","urlTemplate":"https:\/\/www.gero.lu\/de\/?s={search_term_string}"},"query-input":{"@type":"PropertyValueSpecification","valueRequired":true,"valueName":"search_term_string"}}],"inLanguage":"de"},{"@type":"Organization","@id":"https:\/\/www.gero.lu\/de\/#organization","name":"Gero","url":"https:\/\/www.gero.lu\/de\/","logo":{"@type":"ImageObject","inLanguage":"de","@id":"https:\/\/www.gero.lu\/de\/#\/schema\/logo\/image\/","url":"https:\/\/www.gero.lu\/wp-content\/uploads\/2024\/04\/logo.svg","contentUrl":"https:\/\/www.gero.lu\/wp-content\/uploads\/2024\/04\/logo.svg","width":76,"height":30,"caption":"Gero"},"image":{"@id":"https:\/\/www.gero.lu\/de\/#\/schema\/logo\/image\/"},"sameAs":["https:\/\/www.facebook.com\/Kompetenzzenter\/","https:\/\/www.instagram.com\/gero.kompetenzzenter\/","https:\/\/linkedin.com\/company\/gero-kompetenzzenter-fir-den-alter","https:\/\/www.youtube.com\/channel\/UCJvmJYSeHh3dYQsLHZupj-Q"]}]}},"_links":{"self":[{"href":"https:\/\/www.gero.lu\/de\/wp-json\/wp\/v2\/product\/6721","targetHints":{"allow":["GET"]}}],"collection":[{"href":"https:\/\/www.gero.lu\/de\/wp-json\/wp\/v2\/product"}],"about":[{"href":"https:\/\/www.gero.lu\/de\/wp-json\/wp\/v2\/types\/product"}],"replies":[{"embeddable":true,"href":"https:\/\/www.gero.lu\/de\/wp-json\/wp\/v2\/comments?post=6721"}],"wp:featuredmedia":[{"embeddable":true,"href":"https:\/\/www.gero.lu\/de\/wp-json\/wp\/v2\/media\/7012"}],"wp:attachment":[{"href":"https:\/\/www.gero.lu\/de\/wp-json\/wp\/v2\/media?parent=6721"}],"wp:term":[{"taxonomy":"product_brand","embeddable":true,"href":"https:\/\/www.gero.lu\/de\/wp-json\/wp\/v2\/product_brand?post=6721"},{"taxonomy":"product_cat","embeddable":true,"href":"https:\/\/www.gero.lu\/de\/wp-json\/wp\/v2\/product_cat?post=6721"},{"taxonomy":"product_tag","embeddable":true,"href":"https:\/\/www.gero.lu\/de\/wp-json\/wp\/v2\/product_tag?post=6721"}],"curies":[{"name":"wp","href":"https:\/\/api.w.org\/{rel}","templated":true}]}}